{"id":202,"date":"2020-11-16T10:09:58","date_gmt":"2020-11-16T10:09:58","guid":{"rendered":"https:\/\/elfsight.com\/pl\/?page_id=202"},"modified":"2021-04-21T13:36:12","modified_gmt":"2021-04-21T13:36:12","slug":"tumblr-widgets","status":"publish","type":"page","link":"https:\/\/elfsight.com\/pl\/tumblr-widgets\/","title":{"rendered":"Tumblr widgets"},"content":{"rendered":"\n<h2>Najskuteczniejsze elementy interfejsu Elfsight dla aktualizacji twojej strony internetowej Tumblr<\/h2>\n\n<p>W ci\u0105gu lat nasza dru\u017cyna deweloper\u00f3w Elfsight konstruuje Plug&amp;Play i wszechstronne wtyczki chmurowe dla Twojej strony internetowej. Zapewniamy wsparcie premium i szybkie \u0142adowanie. Rozszerzenia Elfsight s\u0142u\u017c\u0105 w\u0142a\u015bcicielom sklep\u00f3w www, non-profit oraz wielu innym na ca\u0142ym \u015bwiecie sprosta\u0107 podstawowymi zadaniami wydajniej. \n<\/p>\n\n<p>Aby powi\u0119kszy\u0107 dochody, zademonstrowa\u0107 5-gwiazdkow\u0105 ocen\u0119 na Twoje produkty, zwi\u0119kszy\u0107 zaufanie do swojej marki, po prostu dodaj\u0105c widget do swojej strony Web. Nasze plany subskrypcji s\u0105 w zakresie od bezp\u0142atnych do premium. \u0141atwo doda\u0107 dowolnie odpowiednie widgety u\u017cywaj\u0105c naszej wersji demonstracyjnej i poznaj jak bardzo to b\u0119dzie korzystne w kwestii rozwoju witryny Pa\u0144stwa biznesu. <\/p>\n\n<h2>Co czyni nasze aplikacji Tumblr s\u0105 tak wyj\u0105tkowymi rozwi\u0105zaniami dla was? <\/h2>\n\n<p> Oto list\u0119 g\u0142\u00f3wny jako\u015bci naszych wtyczek, kt\u00f3re pomagaj\u0105 nam by\u0107 lepszymi, ni\u017c nasi konkurenci: <\/p>\n\n\n<ul>\n<li> Bezp\u0142atna i sprawna obs\u0142uga przy dodaniu lub dostosowywanie widget\u00f3w; <\/li>\n<li> Adaptacja do wszystkich rozdzielczo\u015bci witryn internetowych i dostosowane do urz\u0105dze\u0144 mobilnych; <\/li>\n<li> Nie musicie uczysz si\u0119 kodowania; <\/li>\n<li> Szeroki wyb\u00f3r opcji dostosowywania; <\/li>\n<li> Oparte na chmurze dodatki pomagaj\u0105 zwi\u0119kszy\u0107 szybko\u015b\u0107 \u0142adowania strony; <\/li>\n<li> Wszystkie poprawki s\u0105 bezp\u0142atne i regularne; <\/li>\n<li> Uczciwe ceny; <\/li>\n<li> Sta\u0142a pomoc w przypadku problem\u00f3w. <\/li>\n<\/ul>\n\n<p> Sprawd\u017a wolne wersje Lite naszych aplikacji i wykorzystaj jej potencja\u0142 lub kup dowolne wymagane rozwi\u0105zanie z 20% obni\u017ck\u0105. <\/p>\n\n\n<h2> Jak osadzi\u0107 wid\u017cety Elfsight na Twojej stronie Web Tumblr <\/h2>\n\n<p> A\u017ceby zintegrowa\u0107 dodatki, zobacz poni\u017csze etapy z \u0142atwej instrukcji: <\/p>\n\n\n<ol>\n<li> Naci\u015bnij wymagan\u0105 wtyczk\u0119; <\/li>\n<li> Wprowad\u017a wszystkie konieczne zmiany; <\/li>\n<li> Kliknij przycisk &#8222;Zapisz Zmiany&#8221;; <\/li>\n<li> Skopiuj generowany kod; <\/li>\n<li> Wstaw kod w przydatnym miejscu Twojej strony lub szablonu; <\/li>\n<li> Zrobione! Masz zainstalowany plugin. <\/li>\n<\/ol>\n\n<p> Je\u015bli potrzebujesz porady, zapraszamy skontaktowa\u0107 si\u0119 z zespo\u0142em pomocy technicznej Elfsight. <\/p>\n","protected":false},"excerpt":{"rendered":"Najskuteczniejsze elementy interfejsu Elfsight dla aktualizacji twojej strony internetowej Tumblr W ci\u0105gu lat nasza dru\u017cyna deweloper\u00f3w Elfsight konstruuje Plug&amp;Play i wszechstronne wtyczki chmurowe dla Twojej strony internetowej. Zapewniamy wsparcie premium i szybkie \u0142adowanie. Rozszerzenia Elfsight s\u0142u\u017c\u0105 w\u0142a\u015bcicielom sklep\u00f3w www, non-profit oraz wielu innym na ca\u0142ym \u015bwiecie sprosta\u0107 podstawowymi zadaniami wydajniej&#8230;.","protected":false},"author":13,"featured_media":0,"parent":0,"menu_order":0,"comment_status":"closed","ping_status":"closed","template":"templates\/template-platform.php","meta":{"publish_to_discourse":"","publish_post_category":"","wpdc_auto_publish_overridden":"","wpdc_topic_tags":"","wpdc_pin_topic":"","wpdc_pin_until":"","discourse_post_id":"","discourse_permalink":"","wpdc_publishing_response":"","wpdc_publishing_error":"","footnotes":""},"class_list":["post-202","page","type-page","status-publish","hentry"],"yoast_head":"<!-- This site is optimized with the Yoast SEO plugin v25.3.1 - https:\/\/yoast.com\/wordpress\/plugins\/seo\/ -->\n<title>Ponad 80 najlepszych darmowych Tumblr widget\u00f3w dla strony internetowej<\/title>\n<meta name=\"description\" content=\"Pakiet doskona\u0142ych nieodp\u0142atnych dodatk\u00f3w pierwszej klasy dla twojej strony www Tumblr. Pom\u00f3c z dostosowaniem oraz szeroka funkcjonalno\u015b\u0107.\" \/>\n<meta name=\"robots\" content=\"index, follow, max-snippet:-1, max-image-preview:large, max-video-preview:-1\" \/>\n<link rel=\"canonical\" href=\"https:\/\/elfsight.com\/pl\/tumblr-widgets\/\" \/>\n<meta property=\"og:locale\" content=\"pl_PL\" \/>\n<meta property=\"og:type\" content=\"article\" \/>\n<meta property=\"og:title\" content=\"Ponad 80 najlepszych darmowych Tumblr widget\u00f3w dla strony internetowej\" \/>\n<meta property=\"og:description\" content=\"Pakiet doskona\u0142ych nieodp\u0142atnych dodatk\u00f3w pierwszej klasy dla twojej strony www Tumblr. Pom\u00f3c z dostosowaniem oraz szeroka funkcjonalno\u015b\u0107.\" \/>\n<meta property=\"og:url\" content=\"https:\/\/elfsight.com\/pl\/tumblr-widgets\/\" \/>\n<meta property=\"og:site_name\" content=\"Elfsight PL\" \/>\n<meta property=\"article:modified_time\" content=\"2021-04-21T13:36:12+00:00\" \/>\n<meta name=\"twitter:card\" content=\"summary_large_image\" \/>\n<meta name=\"twitter:label1\" content=\"Szacowany czas czytania\" \/>\n\t<meta name=\"twitter:data1\" content=\"1 minuta\" \/>\n<!-- \/ Yoast SEO plugin. -->","yoast_head_json":{"title":"Ponad 80 najlepszych darmowych Tumblr widget\u00f3w dla strony internetowej","description":"Pakiet doskona\u0142ych nieodp\u0142atnych dodatk\u00f3w pierwszej klasy dla twojej strony www Tumblr. Pom\u00f3c z dostosowaniem oraz szeroka funkcjonalno\u015b\u0107.","robots":{"index":"index","follow":"follow","max-snippet":"max-snippet:-1","max-image-preview":"max-image-preview:large","max-video-preview":"max-video-preview:-1"},"canonical":"https:\/\/elfsight.com\/pl\/tumblr-widgets\/","og_locale":"pl_PL","og_type":"article","og_title":"Ponad 80 najlepszych darmowych Tumblr widget\u00f3w dla strony internetowej","og_description":"Pakiet doskona\u0142ych nieodp\u0142atnych dodatk\u00f3w pierwszej klasy dla twojej strony www Tumblr. Pom\u00f3c z dostosowaniem oraz szeroka funkcjonalno\u015b\u0107.","og_url":"https:\/\/elfsight.com\/pl\/tumblr-widgets\/","og_site_name":"Elfsight PL","article_modified_time":"2021-04-21T13:36:12+00:00","twitter_card":"summary_large_image","twitter_misc":{"Szacowany czas czytania":"1 minuta"},"schema":{"@context":"https:\/\/schema.org","@graph":[{"@type":"WebPage","@id":"https:\/\/elfsight.com\/pl\/tumblr-widgets\/","url":"https:\/\/elfsight.com\/pl\/tumblr-widgets\/","name":"Ponad 80 najlepszych darmowych Tumblr widget\u00f3w dla strony internetowej","isPartOf":{"@id":"https:\/\/elfsight.com\/pl\/#website"},"datePublished":"2020-11-16T10:09:58+00:00","dateModified":"2021-04-21T13:36:12+00:00","description":"Pakiet doskona\u0142ych nieodp\u0142atnych dodatk\u00f3w pierwszej klasy dla twojej strony www Tumblr. Pom\u00f3c z dostosowaniem oraz szeroka funkcjonalno\u015b\u0107.","breadcrumb":{"@id":"https:\/\/elfsight.com\/pl\/tumblr-widgets\/#breadcrumb"},"inLanguage":"pl-PL","potentialAction":[{"@type":"ReadAction","target":["https:\/\/elfsight.com\/pl\/tumblr-widgets\/"]}]},{"@type":"BreadcrumbList","@id":"https:\/\/elfsight.com\/pl\/tumblr-widgets\/#breadcrumb","itemListElement":[{"@type":"ListItem","position":1,"name":"Home","item":"https:\/\/elfsight.com\/pl\/"},{"@type":"ListItem","position":2,"name":"Tumblr widgets"}]},{"@type":"WebSite","@id":"https:\/\/elfsight.com\/pl\/#website","url":"https:\/\/elfsight.com\/pl\/","name":"Elfsight PL","description":"Just another Elfsight Sites site","potentialAction":[{"@type":"SearchAction","target":{"@type":"EntryPoint","urlTemplate":"https:\/\/elfsight.com\/pl\/?s={search_term_string}"},"query-input":{"@type":"PropertyValueSpecification","valueRequired":true,"valueName":"search_term_string"}}],"inLanguage":"pl-PL"}]}},"meta_box":{"industry":"","seo_heading":"","heading":"","description":"","cta_heading":"","cta_description":"","application":"","h1":"Najlepsze widgety Tumblr","h1_caption":"Nieodp\u0142atny katalog Plug&Play dodatk\u00f3w pierwszej klasy z szerok\u0105 gam\u0105 mo\u017cliwo\u015bci dla zwi\u0119kszenia zaanga\u017cowania u\u017cytkownik\u00f3w oraz realizacji wszystkich innych cel\u00f3w promocyjnych. Nieskomplikowana implementacja, obszerny asortyment opcji konfiguracji i profesjonalny serwis pomocy klienta.","application_category":[],"applications_title":"Wypr\u00f3buj najbardziej odpowiednie widgety dla twojej witryny sieci Web w\u015br\u00f3d wszystkich wtyczek nieodp\u0142atnych w demonstracje online","applications_request_title":"Nie mo\u017cesz znale\u017a\u0107 odpowiedniego widgeta?","applications_request_button_text":"Zam\u00f3w widget","hero_text":"","hero_video":"","hero_video_schema_markup":"","selling_points_title":"","selling_points_caption":"","selling_points":[],"selling_points_cta_text":"","features_title":"","features":"","ed_cta_examples_text":"","ed_cta_examples_hidden":"","ed_cta_demo_text":"","ed_cta_demo_hidden":"","why_caption":"","why_editor_title":"","why_editor_text":"","why_team_title":"","why_team_text":"","why_service_title":"","why_service_text":"","template_catalog_visible":"","template_catalog_title":"","template_catalog_text":"","template_catalog_categories_visible":"","demo_title":"","demo_caption":"","default_faq_hidden":"","app_template_category":[],"platform":"199","template_public_id":"","codecanyon_url":"","codecanyon_item_id":"","codecanyon_price":"","pricing_caption":"","pricing_elfsight_apps_hide_column":"","pricing_elfsight_apps_url":"","pricing_codecanyon_price_caption":"","integration_category":[],"integration_request_title":"","integration_request_cta":"","integration_platform":"","integrations":[],"platform_category":[],"video_schema_markup":"","price":"","trial":"","benefits":[],"button_url":"","button_target_blank":"","button_nofollow":"","attributes":[],"tags":[],"tags_disable_links":"","hide_more_platforms":"","video_object":"","demo_hide_cta":"","demo_hide_cloud_options":"","pricing_title":"","pricing":[],"related_apps_title":"","related_apps_hidden":"","author":"","image":[],"title":"","job":"","social_networks":[]},"_links":{"self":[{"href":"https:\/\/elfsight.com\/pl\/wp-json\/wp\/v2\/pages\/202","targetHints":{"allow":["GET"]}}],"collection":[{"href":"https:\/\/elfsight.com\/pl\/wp-json\/wp\/v2\/pages"}],"about":[{"href":"https:\/\/elfsight.com\/pl\/wp-json\/wp\/v2\/types\/page"}],"author":[{"embeddable":true,"href":"https:\/\/elfsight.com\/pl\/wp-json\/wp\/v2\/users\/13"}],"replies":[{"embeddable":true,"href":"https:\/\/elfsight.com\/pl\/wp-json\/wp\/v2\/comments?post=202"}],"version-history":[{"count":4,"href":"https:\/\/elfsight.com\/pl\/wp-json\/wp\/v2\/pages\/202\/revisions"}],"predecessor-version":[{"id":2930,"href":"https:\/\/elfsight.com\/pl\/wp-json\/wp\/v2\/pages\/202\/revisions\/2930"}],"wp:attachment":[{"href":"https:\/\/elfsight.com\/pl\/wp-json\/wp\/v2\/media?parent=202"}],"curies":[{"name":"wp","href":"https:\/\/api.w.org\/{rel}","templated":true}]}}