{"id":2016,"date":"2021-02-03T07:30:18","date_gmt":"2021-02-03T07:30:18","guid":{"rendered":"https:\/\/elfsight.com\/pl\/?page_id=2016"},"modified":"2021-02-03T07:36:24","modified_gmt":"2021-02-03T07:36:24","slug":"examples","status":"publish","type":"page","link":"https:\/\/elfsight.com\/pl\/testimonials-slider-widget\/examples\/","title":{"rendered":"Testimonials Slider &#8211; Examples"},"content":{"rendered":"\n<div class=\"application-examples-item application-examples-item-loading\">\n                            <div class=\"col-row\">\n                                <div class=\"col-6 col-m-8 col-s-12\"><h3 class=\"application-examples-item-title\">Przyk\u0142ad 1. Slider<\/h3><div class=\"application-examples-item-description\">Ten widget jest jednym z najcz\u0119stszych przyk\u0142ad\u00f3w tego, jak mo\u017cna organizowa\u0107 r\u00f3\u017cne opinie klient\u00f3w na stronie www. Wariant uk\u0142adu typu suwak porz\u0105dkuje recenzje w jednej linii i mo\u017cna ich porusza\u0107 za pomoc\u0105 strza\u0142ek lub przeci\u0105gania. Klasyczny typ organizacji element\u00f3w tworzy znajomy wygl\u0105d: zdj\u0119cie i nazwisko autora s\u0105 umieszczone na g\u00f3rze.<\/div><\/div>\n                <\/div>\n\n                <div class=\"application-examples-item-iframe-container browser-frame\">\n                    <div class=\"application-examples-item-iframe-wrapper\">\n                        <iframe class=\"application-examples-item-iframe\" data-src=\"https:\/\/elfsight.com\/examples?widget_id=29ba1506-5471-448b-bd6c-c9ed674133af&padding=20px+0+40px\" width=\"100%\" allow=\"autoplay; fullscreen\"><\/iframe>\n                    <\/div>\n\n                    <div class=\"application-examples-item-loader\"><\/div>\n                <\/div>\n            <\/div>\n\n<div class=\"application-examples-item application-examples-item-loading\">\n                            <div class=\"col-row\">\n                                <div class=\"col-6 col-m-8 col-s-12\"><h3 class=\"application-examples-item-title\">Przyk\u0142ad 2. Rotator<\/h3><div class=\"application-examples-item-description\">Ten szablon doskonale sprawdzi si\u0119 w przypadku, gdy potrzebujesz podkre\u015bli\u0107 wa\u017cn\u0105 opini\u0119. Wszystkie referencje b\u0119d\u0105 wy\u015bwietlane pojedynczo dzi\u0119ki szablonowi Single Spotlight. Aktywna karuzela powoduje ich automatyczne obracanie, ale u\u017cytkownicy mog\u0105 r\u00f3wnie\u017c przeci\u0105ga\u0107 lub u\u017cywa\u0107 strza\u0142ek, aby je przegl\u0105da\u0107.<\/div><\/div>\n                <\/div>\n\n                <div class=\"application-examples-item-iframe-container browser-frame\">\n                    <div class=\"application-examples-item-iframe-wrapper\">\n                        <iframe class=\"application-examples-item-iframe\" data-src=\"https:\/\/elfsight.com\/examples?widget_id=56fbc576-8d3e-4e4d-807d-70301f3a76ac\" width=\"100%\" allow=\"autoplay; fullscreen\"><\/iframe>\n                    <\/div>\n\n                    <div class=\"application-examples-item-loader\"><\/div>\n                <\/div>\n            <\/div>\n\n<div class=\"application-examples-item application-examples-item-loading\">\n                            <div class=\"col-row\">\n                                <div class=\"col-6 col-m-8 col-s-12\"><h3 class=\"application-examples-item-title\">Przyk\u0142ad 3. Carousel<\/h3><div class=\"application-examples-item-description\">Aby zwr\u00f3ci\u0107 uwag\u0119 czytelnik\u00f3w na tekst opinii, mo\u017cesz wybra\u0107 wy\u015bwietlanie tekstu nad danymi autora. W tym celu wprowadzili\u015bmy szablon Tiled Balloon. Umie\u015bci kilka referencji na stronie, a na ka\u017cdej z nich u\u017cytkownicy zobacz\u0105 ocen\u0119 gwiazdkow\u0105 - w ten spos\u00f3b mo\u017cesz udowodni\u0107 swoje uznanie.<\/div><\/div>\n                <\/div>\n\n                <div class=\"application-examples-item-iframe-container browser-frame\">\n                    <div class=\"application-examples-item-iframe-wrapper\">\n                        <iframe class=\"application-examples-item-iframe\" data-src=\"https:\/\/elfsight.com\/examples?widget_id=3b5f67c4-ee86-4dfd-93d6-effee6c27fa6\" width=\"100%\" allow=\"autoplay; fullscreen\"><\/iframe>\n                    <\/div>\n\n                    <div class=\"application-examples-item-loader\"><\/div>\n                <\/div>\n            <\/div>\n\n<div class=\"application-examples-item application-examples-item-loading\">\n                            <div class=\"col-row\">\n                                <div class=\"col-6 col-m-8 col-s-12\"><h3 class=\"application-examples-item-title\">Przyk\u0142ad 4. Kartki<\/h3><div class=\"application-examples-item-description\">Ten szablon wygl\u0105da naprawd\u0119 imponuj\u0105co, ze zdj\u0119ciami autor\u00f3w o wi\u0119kszym rozmiarze u g\u00f3ry tekstu. Jest to mo\u017cliwe dzi\u0119ki szablonowi Tiled Postcard, dzi\u0119ki czemu referencje wygl\u0105daj\u0105 jak poczt\u00f3wki. Maj\u0105 kolor t\u0142a i s\u0105 zorientowane pionowo dla stylistycznego wyko\u0144czenia.<\/div><\/div>\n                <\/div>\n\n                <div class=\"application-examples-item-iframe-container browser-frame\">\n                    <div class=\"application-examples-item-iframe-wrapper\">\n                        <iframe class=\"application-examples-item-iframe\" data-src=\"https:\/\/elfsight.com\/examples?widget_id=63d7e2fb-c9fb-40c5-9fbd-0330f85ef13e\" width=\"100%\" allow=\"autoplay; fullscreen\"><\/iframe>\n                    <\/div>\n\n                    <div class=\"application-examples-item-loader\"><\/div>\n                <\/div>\n            <\/div>\n\n<div class=\"application-cta-create\">\n                    <div class=\"application-cta-create-bg\">\n                        <div class=\"application-cta-create-bg-left\"><\/div>\n\n                        <div class=\"application-cta-create-bg-right\">\n                            <img decoding=\"async\" src=\"https:\/\/elfsight.com\/pl\/wp-content\/themes\/elfsight\/frontend\/assets\/img\/application-cta-create.jpg\" alt=\"Zacznij od stworzenia swojego wid\u017cetu\">\n                        <\/div>\n                    <\/div>\n\n                    <div class=\"application-cta-create-content inner\">\n                        <div class=\"application-cta-create-content-inner\">\n                            <div class=\"application-cta-create-content-icon\">\n                                <svg viewBox=\"0 0 25 25\" width=\"100%\" height=\"100%\">\n                                    <use xlink:href=\"#icon-settings\"><\/use>\n                                <\/svg>\n                            <\/div>\n\n                            <div class=\"application-cta-create-content-title\">Zacznij od stworzenia swojego wid\u017cetu<\/div>\n\n                            <div class=\"application-cta-create-content-text\">Szybko. \u0141atwo. Bez kodowania.<\/div>\n\n                            <a class=\"application-cta-create-content-button button-48 button-has-right-icon button-black button\" href=\"\">\n                                <span class=\"button-label\">Utw\u00f3rz wid\u017cet<\/span>\n\n                                <svg class=\"button-icon\">\n                                    <use xlink:href=\"#icon-arrow-link\"><\/use>\n                                <\/svg>\n                            <\/a>\n                        <\/div>\n                    <\/div>\n                <\/div>\n\n<div class=\"application-examples-item application-examples-item-loading\">\n                            <div class=\"col-row\">\n                                <div class=\"col-6 col-m-8 col-s-12\"><h3 class=\"application-examples-item-title\">Przyk\u0142ad 5. Lista<\/h3><div class=\"application-examples-item-description\">Szablon listy to doskona\u0142y wariant, kt\u00f3ry pozwala skoncentrowa\u0107 uwag\u0119 odwiedzaj\u0105cych na tek\u015bcie i u\u0142atwi\u0107 odczytywanie referencji. S\u0105 one u\u0142o\u017cone jako lista na stronie, a informacje o autorze zajmuj\u0105 niewielk\u0105 przestrze\u0144 po lewej stronie. U\u017cytkownicy b\u0119d\u0105 mogli szybko je przegl\u0105da\u0107 i zorientowa\u0107 si\u0119 w ka\u017cdym z nich. Wynika to z szablonu Single Classic, kt\u00f3ry sprawia, \u017ce tekst wygl\u0105da bardziej istotnie.<\/div><\/div>\n                <\/div>\n\n                <div class=\"application-examples-item-iframe-container browser-frame\">\n                    <div class=\"application-examples-item-iframe-wrapper\">\n                        <iframe class=\"application-examples-item-iframe\" data-src=\"https:\/\/elfsight.com\/examples?widget_id=099d2d5d-cccc-4ab9-95cf-65a75c9af9e7\" width=\"100%\" allow=\"autoplay; fullscreen\"><\/iframe>\n                    <\/div>\n\n                    <div class=\"application-examples-item-loader\"><\/div>\n                <\/div>\n            <\/div>\n\n<div class=\"application-examples-item application-examples-item-loading\">\n                            <div class=\"col-row\">\n                                <div class=\"col-6 col-m-8 col-s-12\"><h3 class=\"application-examples-item-title\">Przyk\u0142ad 6. Siatka<\/h3><div class=\"application-examples-item-description\">Je\u015bli chcesz, aby strona Twojej witryny by\u0142a w pe\u0142ni wype\u0142niona referencjami i zaimponowa\u0142a u\u017cytkownik\u00f3w du\u017c\u0105 liczb\u0105, szablon Tiled Classic jest w\u0142a\u015bnie dla Ciebie. Umie\u015bci wiele referencji na jednej stronie z najbardziej znanym wariantem uk\u0142adu element\u00f3w. Nag\u0142\u00f3wek z niestandardowym tekstem sprawi, \u017ce b\u0119dzie wygl\u0105da\u0142 na kompletny.<\/div><\/div>\n                <\/div>\n\n                <div class=\"application-examples-item-iframe-container browser-frame\">\n                    <div class=\"application-examples-item-iframe-wrapper\">\n                        <iframe class=\"application-examples-item-iframe\" data-src=\"https:\/\/elfsight.com\/examples?widget_id=6b5cdcea-da7a-4988-aa7a-947cdfa18aac\" width=\"100%\" allow=\"autoplay; fullscreen\"><\/iframe>\n                    <\/div>\n\n                    <div class=\"application-examples-item-loader\"><\/div>\n                <\/div>\n            <\/div>\n\n<div class=\"application-examples-item application-examples-item-loading\">\n                            <div class=\"col-row\">\n                                <div class=\"col-6 col-m-8 col-s-12\"><h3 class=\"application-examples-item-title\">Przyk\u0142ad 7. Historia klienta<\/h3><div class=\"application-examples-item-description\">Tutaj mo\u017cesz zobaczy\u0107, jak szablon wid\u017cetu Single Postcard b\u0119dzie idealnie pasowa\u0142 do przypadku, gdy jest do\u015b\u0107 d\u0142uga historia od Twojego klienta i musisz j\u0105 pokaza\u0107 ze wszystkimi szczeg\u00f3\u0142ami. Korzystaj\u0105c z tak du\u017cego rozmiaru zdj\u0119cia, mo\u017cesz pokaza\u0107 przyk\u0142ad interakcji u\u017cytkownika z Twoim produktem lub us\u0142ug\u0105 - wystarczy doda\u0107 zdj\u0119cie. Wszystkie informacje o autorze pozostaj\u0105 pod tekstem.<\/div><\/div>\n                <\/div>\n\n                <div class=\"application-examples-item-iframe-container browser-frame\">\n                    <div class=\"application-examples-item-iframe-wrapper\">\n                        <iframe class=\"application-examples-item-iframe\" data-src=\"https:\/\/elfsight.com\/examples?widget_id=5a027299-f306-4dbd-9804-8f94ae2eb4d6\" width=\"100%\" allow=\"autoplay; fullscreen\"><\/iframe>\n                    <\/div>\n\n                    <div class=\"application-examples-item-loader\"><\/div>\n                <\/div>\n            <\/div>\n","protected":false},"excerpt":{"rendered":"","protected":false},"author":13,"featured_media":0,"parent":1996,"menu_order":0,"comment_status":"closed","ping_status":"closed","template":"templates\/template-application-examples.php","meta":{"publish_to_discourse":"","publish_post_category":"","wpdc_auto_publish_overridden":"","wpdc_topic_tags":"","wpdc_pin_topic":"","wpdc_pin_until":"","discourse_post_id":"","discourse_permalink":"","wpdc_publishing_response":"","wpdc_publishing_error":"","footnotes":""},"class_list":["post-2016","page","type-page","status-publish","hentry"],"yoast_head":"<!-- This site is optimized with the Yoast SEO plugin v25.3.1 - https:\/\/yoast.com\/wordpress\/plugins\/seo\/ -->\n<title>TOP 7 przyk\u0142ad\u00f3w opinii klient\u00f3w na stronie internetowej (2025)<\/title>\n<meta name=\"description\" content=\"TOP 7 przyk\u0142ad\u00f3w szablon\u00f3w referencji dla strony internetowej: slider, siatka, kartki, siatka i lista kartek. Probne szablony dla strony www.\" \/>\n<meta name=\"robots\" content=\"index, follow, max-snippet:-1, max-image-preview:large, max-video-preview:-1\" \/>\n<link rel=\"canonical\" href=\"https:\/\/elfsight.com\/pl\/testimonials-slider-widget\/examples\/\" \/>\n<meta property=\"og:locale\" content=\"pl_PL\" \/>\n<meta property=\"og:type\" content=\"article\" \/>\n<meta property=\"og:title\" content=\"TOP 7 przyk\u0142ad\u00f3w opinii klient\u00f3w na stronie internetowej (2025)\" \/>\n<meta property=\"og:description\" content=\"TOP 7 przyk\u0142ad\u00f3w szablon\u00f3w referencji dla strony internetowej: slider, siatka, kartki, siatka i lista kartek. Probne szablony dla strony www.\" \/>\n<meta property=\"og:url\" content=\"https:\/\/elfsight.com\/pl\/testimonials-slider-widget\/examples\/\" \/>\n<meta property=\"og:site_name\" content=\"Elfsight PL\" \/>\n<meta property=\"article:modified_time\" content=\"2021-02-03T07:36:24+00:00\" \/>\n<meta name=\"twitter:card\" content=\"summary_large_image\" \/>\n<meta name=\"twitter:label1\" content=\"Szacowany czas czytania\" \/>\n\t<meta name=\"twitter:data1\" content=\"3 minuty\" \/>\n<!-- \/ Yoast SEO plugin. -->","yoast_head_json":{"title":"TOP 7 przyk\u0142ad\u00f3w opinii klient\u00f3w na stronie internetowej (2025)","description":"TOP 7 przyk\u0142ad\u00f3w szablon\u00f3w referencji dla strony internetowej: slider, siatka, kartki, siatka i lista kartek. Probne szablony dla strony www.","robots":{"index":"index","follow":"follow","max-snippet":"max-snippet:-1","max-image-preview":"max-image-preview:large","max-video-preview":"max-video-preview:-1"},"canonical":"https:\/\/elfsight.com\/pl\/testimonials-slider-widget\/examples\/","og_locale":"pl_PL","og_type":"article","og_title":"TOP 7 przyk\u0142ad\u00f3w opinii klient\u00f3w na stronie internetowej (2025)","og_description":"TOP 7 przyk\u0142ad\u00f3w szablon\u00f3w referencji dla strony internetowej: slider, siatka, kartki, siatka i lista kartek. Probne szablony dla strony www.","og_url":"https:\/\/elfsight.com\/pl\/testimonials-slider-widget\/examples\/","og_site_name":"Elfsight PL","article_modified_time":"2021-02-03T07:36:24+00:00","twitter_card":"summary_large_image","twitter_misc":{"Szacowany czas czytania":"3 minuty"},"schema":{"@context":"https:\/\/schema.org","@graph":[{"@type":"WebPage","@id":"https:\/\/elfsight.com\/pl\/testimonials-slider-widget\/examples\/","url":"https:\/\/elfsight.com\/pl\/testimonials-slider-widget\/examples\/","name":"TOP 7 przyk\u0142ad\u00f3w opinii klient\u00f3w na stronie internetowej (2025)","isPartOf":{"@id":"https:\/\/elfsight.com\/pl\/#website"},"datePublished":"2021-02-03T07:30:18+00:00","dateModified":"2021-02-03T07:36:24+00:00","description":"TOP 7 przyk\u0142ad\u00f3w szablon\u00f3w referencji dla strony internetowej: slider, siatka, kartki, siatka i lista kartek. Probne szablony dla strony www.","breadcrumb":{"@id":"https:\/\/elfsight.com\/pl\/testimonials-slider-widget\/examples\/#breadcrumb"},"inLanguage":"pl-PL","potentialAction":[{"@type":"ReadAction","target":["https:\/\/elfsight.com\/pl\/testimonials-slider-widget\/examples\/"]}]},{"@type":"BreadcrumbList","@id":"https:\/\/elfsight.com\/pl\/testimonials-slider-widget\/examples\/#breadcrumb","itemListElement":[{"@type":"ListItem","position":1,"name":"Home","item":"https:\/\/elfsight.com\/pl\/"},{"@type":"ListItem","position":2,"name":"Testimonials Slider","item":"https:\/\/elfsight.com\/pl\/testimonials-slider-widget\/"},{"@type":"ListItem","position":3,"name":"Testimonials Slider &#8211; Examples"}]},{"@type":"WebSite","@id":"https:\/\/elfsight.com\/pl\/#website","url":"https:\/\/elfsight.com\/pl\/","name":"Elfsight PL","description":"Just another Elfsight Sites site","potentialAction":[{"@type":"SearchAction","target":{"@type":"EntryPoint","urlTemplate":"https:\/\/elfsight.com\/pl\/?s={search_term_string}"},"query-input":{"@type":"PropertyValueSpecification","valueRequired":true,"valueName":"search_term_string"}}],"inLanguage":"pl-PL"}]}},"meta_box":{"industry":"","seo_heading":"","heading":"","description":"","cta_heading":"","cta_description":"","application":"1995","h1":"","h1_caption":"","application_category":[],"applications_title":"","applications_request_title":"","applications_request_button_text":"","hero_text":"","hero_video":"","hero_video_schema_markup":"","selling_points_title":"","selling_points_caption":"","selling_points":[],"selling_points_cta_text":"","features_title":"","features":"","ed_cta_examples_text":"","ed_cta_examples_hidden":"","ed_cta_demo_text":"","ed_cta_demo_hidden":"","why_caption":"","why_editor_title":"","why_editor_text":"","why_team_title":"","why_team_text":"","why_service_title":"","why_service_text":"","template_catalog_visible":"","template_catalog_title":"","template_catalog_text":"","template_catalog_categories_visible":"","demo_title":"","demo_caption":"","default_faq_hidden":"","app_template_category":[],"platform":"","template_public_id":"","codecanyon_url":"","codecanyon_item_id":"","codecanyon_price":"","pricing_caption":"","pricing_elfsight_apps_hide_column":"","pricing_elfsight_apps_url":"","pricing_codecanyon_price_caption":"","integration_category":[],"integration_request_title":"","integration_request_cta":"","integration_platform":"","integrations":[],"platform_category":[],"video_schema_markup":"","price":"","trial":"","benefits":[],"button_url":"","button_target_blank":"","button_nofollow":"","attributes":[],"tags":[],"tags_disable_links":"","hide_more_platforms":"","video_object":"","demo_hide_cta":"","demo_hide_cloud_options":"","pricing_title":"","pricing":[],"related_apps_title":"","related_apps_hidden":"","author":"","image":[],"title":"","job":"","social_networks":[]},"_links":{"self":[{"href":"https:\/\/elfsight.com\/pl\/wp-json\/wp\/v2\/pages\/2016","targetHints":{"allow":["GET"]}}],"collection":[{"href":"https:\/\/elfsight.com\/pl\/wp-json\/wp\/v2\/pages"}],"about":[{"href":"https:\/\/elfsight.com\/pl\/wp-json\/wp\/v2\/types\/page"}],"author":[{"embeddable":true,"href":"https:\/\/elfsight.com\/pl\/wp-json\/wp\/v2\/users\/13"}],"replies":[{"embeddable":true,"href":"https:\/\/elfsight.com\/pl\/wp-json\/wp\/v2\/comments?post=2016"}],"version-history":[{"count":1,"href":"https:\/\/elfsight.com\/pl\/wp-json\/wp\/v2\/pages\/2016\/revisions"}],"predecessor-version":[{"id":2017,"href":"https:\/\/elfsight.com\/pl\/wp-json\/wp\/v2\/pages\/2016\/revisions\/2017"}],"up":[{"embeddable":true,"href":"https:\/\/elfsight.com\/pl\/wp-json\/wp\/v2\/pages\/1996"}],"wp:attachment":[{"href":"https:\/\/elfsight.com\/pl\/wp-json\/wp\/v2\/media?parent=2016"}],"curies":[{"name":"wp","href":"https:\/\/api.w.org\/{rel}","templated":true}]}}