{"id":1980,"date":"2021-02-02T09:17:00","date_gmt":"2021-02-02T09:17:00","guid":{"rendered":"https:\/\/elfsight.com\/pl\/?page_id=1980"},"modified":"2024-07-17T11:02:49","modified_gmt":"2024-07-17T11:02:49","slug":"examples","status":"publish","type":"page","link":"https:\/\/elfsight.com\/pl\/popup-widget\/examples\/","title":{"rendered":"Popup &#8211; Examples"},"content":{"rendered":"\n<div class=\"application-examples-item application-examples-item-loading\">\n                            <div class=\"col-row\">\n                                <div class=\"col-6 col-m-8 col-s-12\"><h3 class=\"application-examples-item-title\">Przyk\u0142ad okienka 1: Wyprzeda\u017c \u015bwi\u0105teczna<\/h3><div class=\"application-examples-item-description\">To wyskakuj\u0105ce okienko o tematyce bo\u017conarodzeniowej jest doskona\u0142ym sposobem na promocj\u0119 sezonowej wyprzeda\u017cy. S\u0142u\u017cy nie tylko jako przyci\u0105gaj\u0105ce wzrok og\u0142oszenie, ale tak\u017ce pomaga u\u017cytkownikom w korzystaniu z kuponu rabatowego - wystarczy go klikn\u0105\u0107, aby skopiowa\u0107. Czerwony przycisk CTA jest powi\u0105zany ze stron\u0105 sprzeda\u017cy i kieruje tam u\u017cytkownik\u00f3w. Mo\u017cesz tak\u017ce wybra\u0107 spo\u015br\u00f3d 6 wyzwalaczy wyskakuj\u0105cych okienek, aby pojawia\u0142y si\u0119 one w odpowiednim momencie.<\/div><\/div>\n                <\/div>\n\n                <div class=\"application-examples-item-iframe-container browser-frame\">\n                    <div class=\"application-examples-item-iframe-wrapper\">\n                        <iframe class=\"application-examples-item-iframe application-examples-item-iframe-fixed-height\" data-src=\"https:\/\/elfsight.com\/examples?widget_id=12c17a3e-255a-4a2d-a4c7-fae77b948178&padding=28px+40px+40px\" width=\"100%\" height=\"600\" allow=\"autoplay; fullscreen\"><\/iframe>\n                    <\/div>\n\n                    <div class=\"application-examples-item-loader\"><\/div>\n                <\/div>\n            <\/div>\n\n<div class=\"application-examples-item application-examples-item-loading\">\n                            <div class=\"col-row\">\n                                <div class=\"col-6 col-m-8 col-s-12\"><h3 class=\"application-examples-item-title\">Przyk\u0142ad okienka 2: Og\u0142oszenie<\/h3><div class=\"application-examples-item-description\">Pi\u0119kne wyskakuj\u0105ce okienko to wszystko, czego potrzebujesz, aby og\u0142osi\u0107 sw\u00f3j nowy produkt, wyr\u00f3\u017cnion\u0105 ofert\u0119, nadchodz\u0105ce wydarzenie lub inn\u0105 wa\u017cn\u0105 informacj\u0119 promocyjn\u0105. Utw\u00f3rz wyskakuj\u0105ce okienko z kusz\u0105cym obrazkiem, informacyjnym tekstem i przyciskiem, jak w tym przyk\u0142adzie. Mo\u017cesz zmienia\u0107 kolor element\u00f3w i rozmiary czcionek. U\u017cytkownicy mog\u0105 zamkn\u0105\u0107 wyskakuj\u0105ce okienko za pomoc\u0105 znajomego krzy\u017cyka w prawym g\u00f3rnym rogu.<\/div><\/div>\n                <\/div>\n\n                <div class=\"application-examples-item-iframe-container browser-frame\">\n                    <div class=\"application-examples-item-iframe-wrapper\">\n                        <iframe class=\"application-examples-item-iframe application-examples-item-iframe-fixed-height\" data-src=\"https:\/\/elfsight.com\/examples?widget_id=90471ebf-6155-4d01-99cb-0880afa5bbe5&padding=28px+40px+40px\" width=\"100%\" height=\"600\" allow=\"autoplay; fullscreen\"><\/iframe>\n                    <\/div>\n\n                    <div class=\"application-examples-item-loader\"><\/div>\n                <\/div>\n            <\/div>\n\n<div class=\"application-cta-create\">\n                    <div class=\"application-cta-create-bg\">\n                        <div class=\"application-cta-create-bg-left\"><\/div>\n\n                        <div class=\"application-cta-create-bg-right\">\n                            <img decoding=\"async\" src=\"https:\/\/elfsight.com\/pl\/wp-content\/themes\/elfsight\/frontend\/assets\/img\/application-cta-create.jpg\" alt=\"Zacznij od stworzenia swojego wid\u017cetu\">\n                        <\/div>\n                    <\/div>\n\n                    <div class=\"application-cta-create-content inner\">\n                        <div class=\"application-cta-create-content-inner\">\n                            <div class=\"application-cta-create-content-icon\">\n                                <svg viewBox=\"0 0 25 25\" width=\"100%\" height=\"100%\">\n                                    <use xlink:href=\"#icon-settings\"><\/use>\n                                <\/svg>\n                            <\/div>\n\n                            <div class=\"application-cta-create-content-title\">Zacznij od stworzenia swojego wid\u017cetu<\/div>\n\n                            <div class=\"application-cta-create-content-text\">Szybko. \u0141atwo. Bez kodowania.<\/div>\n\n                            <a class=\"application-cta-create-content-button button-48 button-has-right-icon button-black button\" href=\"\">\n                                <span class=\"button-label\">Utw\u00f3rz wid\u017cet<\/span>\n\n                                <svg class=\"button-icon\">\n                                    <use xlink:href=\"#icon-arrow-link\"><\/use>\n                                <\/svg>\n                            <\/a>\n                        <\/div>\n                    <\/div>\n                <\/div>\n\n<div class=\"application-examples-item application-examples-item-loading\">\n                            <div class=\"col-row\">\n                                <div class=\"col-6 col-m-8 col-s-12\"><h3 class=\"application-examples-item-title\">Przyk\u0142ad okienka 3: Powiadomienie o sprzeda\u017cy<\/h3><div class=\"application-examples-item-description\">Aby utworzy\u0107 dyskretne wyskakuj\u0105ce okienko, mo\u017cesz u\u017cy\u0107 jednego z naszych uk\u0142ad\u00f3w Side-In. Sprawiaj\u0105, \u017ce twoje skromne okienko pojawia si\u0119 z boku. Wyskakuj\u0105ce okienko zawiera tylko najwa\u017cniejsze informacje i ma przycisk CTA. Sprawia, \u017ce wyskakuj\u0105ce okienka s\u0105 bardziej delikatne i subtelne, aby zachowa\u0107 pozytywne wra\u017cenia u\u017cytkownika w Twojej witrynie. Mo\u017cesz tak\u017ce wybra\u0107 dok\u0142adne strony, na kt\u00f3rych potrzebujesz wyskakuj\u0105cego okienka.<\/div><\/div>\n                <\/div>\n\n                <div class=\"application-examples-item-iframe-container browser-frame\">\n                    <div class=\"application-examples-item-iframe-wrapper\">\n                        <iframe class=\"application-examples-item-iframe application-examples-item-iframe-fixed-height\" data-src=\"https:\/\/elfsight.com\/examples?widget_id=e6375ccd-e297-4380-ad5e-2b9a52f9c27e&padding=28px+40px+40px\" width=\"100%\" height=\"600\" allow=\"autoplay; fullscreen\"><\/iframe>\n                    <\/div>\n\n                    <div class=\"application-examples-item-loader\"><\/div>\n                <\/div>\n            <\/div>\n\n<div class=\"application-examples-item application-examples-item-loading\">\n                            <div class=\"col-row\">\n                                <div class=\"col-6 col-m-8 col-s-12\"><h3 class=\"application-examples-item-title\">Przyk\u0142ad okienka 4: Zamiar opuszczenia<\/h3><div class=\"application-examples-item-description\">To wyskakuj\u0105ce okienko wype\u0142nia ca\u0142\u0105 przestrze\u0144 strony i nie pozostawia u\u017cytkownikom innego wyboru, jak tylko interakcj\u0119. Jest to mo\u017cliwe dzi\u0119ki adaptacyjnemu rozmiarowi wid\u017cetu, kt\u00f3ry wype\u0142nia ca\u0142\u0105 woln\u0105 przestrze\u0144, je\u015bli ustawisz rozmiar automatyczny. Za\u0142adowany jest niestandardowy obraz, kt\u00f3ry ma s\u0142u\u017cy\u0107 jako nak\u0142adkowy obraz t\u0142a, a wszystkie elementy s\u0105 wyr\u00f3wnane do \u015brodka. Wid\u017cet pojawia si\u0119, gdy u\u017cytkownik zamierza opu\u015bci\u0107 stron\u0119 i przesuwa kursor w kierunku zamkni\u0119cia. Mo\u017cesz tak\u017ce wybra\u0107 inne wyzwalacze i kategori\u0119 odwiedzaj\u0105cych, kt\u00f3rzy zobacz\u0105 wid\u017cet.<\/div><\/div>\n                <\/div>\n\n                <div class=\"application-examples-item-iframe-container browser-frame\">\n                    <div class=\"application-examples-item-iframe-wrapper\">\n                        <iframe class=\"application-examples-item-iframe application-examples-item-iframe-fixed-height\" data-src=\"https:\/\/elfsight.com\/examples?widget_id=49bbb12b-b8eb-4dbe-bdf8-5f49651f74bf&padding=28px+40px+40px\" width=\"100%\" height=\"600\" allow=\"autoplay; fullscreen\"><\/iframe>\n                    <\/div>\n\n                    <div class=\"application-examples-item-loader\"><\/div>\n                <\/div>\n            <\/div>\n","protected":false},"excerpt":{"rendered":"","protected":false},"author":13,"featured_media":0,"parent":1960,"menu_order":0,"comment_status":"closed","ping_status":"closed","template":"templates\/template-application-examples.php","meta":{"publish_to_discourse":"","publish_post_category":"","wpdc_auto_publish_overridden":"","wpdc_topic_tags":"","wpdc_pin_topic":"","wpdc_pin_until":"","discourse_post_id":"","discourse_permalink":"","wpdc_publishing_response":"","wpdc_publishing_error":"","footnotes":""},"class_list":["post-1980","page","type-page","status-publish","hentry"],"yoast_head":"<!-- This site is optimized with the Yoast SEO plugin v25.3.1 - https:\/\/yoast.com\/wordpress\/plugins\/seo\/ -->\n<title>TOP 4 przyk\u0142ad\u00f3w pop-up\u00f3w na stronie (najlepsze w 2025 roku)<\/title>\n<meta name=\"description\" content=\"TOP 4 przyk\u0142ady wtyczki Popup na stronie internetowej: Wyprzeda\u017c, Og\u0142oszenie, Powiadomienie lub Zamiar opuszczenia.\" \/>\n<meta name=\"robots\" content=\"index, follow, max-snippet:-1, max-image-preview:large, max-video-preview:-1\" \/>\n<link rel=\"canonical\" href=\"https:\/\/elfsight.com\/pl\/popup-widget\/examples\/\" \/>\n<meta property=\"og:locale\" content=\"pl_PL\" \/>\n<meta property=\"og:type\" content=\"article\" \/>\n<meta property=\"og:title\" content=\"TOP 4 przyk\u0142ad\u00f3w pop-up\u00f3w na stronie (najlepsze w 2025 roku)\" \/>\n<meta property=\"og:description\" content=\"TOP 4 przyk\u0142ady wtyczki Popup na stronie internetowej: Wyprzeda\u017c, Og\u0142oszenie, Powiadomienie lub Zamiar opuszczenia.\" \/>\n<meta property=\"og:url\" content=\"https:\/\/elfsight.com\/pl\/popup-widget\/examples\/\" \/>\n<meta property=\"og:site_name\" content=\"Elfsight PL\" \/>\n<meta property=\"article:modified_time\" content=\"2024-07-17T11:02:49+00:00\" \/>\n<meta name=\"twitter:card\" content=\"summary_large_image\" \/>\n<meta name=\"twitter:label1\" content=\"Szacowany czas czytania\" \/>\n\t<meta name=\"twitter:data1\" content=\"2 minuty\" \/>\n<!-- \/ Yoast SEO plugin. -->","yoast_head_json":{"title":"TOP 4 przyk\u0142ad\u00f3w pop-up\u00f3w na stronie (najlepsze w 2025 roku)","description":"TOP 4 przyk\u0142ady wtyczki Popup na stronie internetowej: Wyprzeda\u017c, Og\u0142oszenie, Powiadomienie lub Zamiar opuszczenia.","robots":{"index":"index","follow":"follow","max-snippet":"max-snippet:-1","max-image-preview":"max-image-preview:large","max-video-preview":"max-video-preview:-1"},"canonical":"https:\/\/elfsight.com\/pl\/popup-widget\/examples\/","og_locale":"pl_PL","og_type":"article","og_title":"TOP 4 przyk\u0142ad\u00f3w pop-up\u00f3w na stronie (najlepsze w 2025 roku)","og_description":"TOP 4 przyk\u0142ady wtyczki Popup na stronie internetowej: Wyprzeda\u017c, Og\u0142oszenie, Powiadomienie lub Zamiar opuszczenia.","og_url":"https:\/\/elfsight.com\/pl\/popup-widget\/examples\/","og_site_name":"Elfsight PL","article_modified_time":"2024-07-17T11:02:49+00:00","twitter_card":"summary_large_image","twitter_misc":{"Szacowany czas czytania":"2 minuty"},"schema":{"@context":"https:\/\/schema.org","@graph":[{"@type":"WebPage","@id":"https:\/\/elfsight.com\/pl\/popup-widget\/examples\/","url":"https:\/\/elfsight.com\/pl\/popup-widget\/examples\/","name":"TOP 4 przyk\u0142ad\u00f3w pop-up\u00f3w na stronie (najlepsze w 2025 roku)","isPartOf":{"@id":"https:\/\/elfsight.com\/pl\/#website"},"datePublished":"2021-02-02T09:17:00+00:00","dateModified":"2024-07-17T11:02:49+00:00","description":"TOP 4 przyk\u0142ady wtyczki Popup na stronie internetowej: Wyprzeda\u017c, Og\u0142oszenie, Powiadomienie lub Zamiar opuszczenia.","breadcrumb":{"@id":"https:\/\/elfsight.com\/pl\/popup-widget\/examples\/#breadcrumb"},"inLanguage":"pl-PL","potentialAction":[{"@type":"ReadAction","target":["https:\/\/elfsight.com\/pl\/popup-widget\/examples\/"]}]},{"@type":"BreadcrumbList","@id":"https:\/\/elfsight.com\/pl\/popup-widget\/examples\/#breadcrumb","itemListElement":[{"@type":"ListItem","position":1,"name":"Home","item":"https:\/\/elfsight.com\/pl\/"},{"@type":"ListItem","position":2,"name":"Popup","item":"https:\/\/elfsight.com\/pl\/popup-widget\/"},{"@type":"ListItem","position":3,"name":"Popup &#8211; Examples"}]},{"@type":"WebSite","@id":"https:\/\/elfsight.com\/pl\/#website","url":"https:\/\/elfsight.com\/pl\/","name":"Elfsight PL","description":"Just another Elfsight Sites site","potentialAction":[{"@type":"SearchAction","target":{"@type":"EntryPoint","urlTemplate":"https:\/\/elfsight.com\/pl\/?s={search_term_string}"},"query-input":{"@type":"PropertyValueSpecification","valueRequired":true,"valueName":"search_term_string"}}],"inLanguage":"pl-PL"}]}},"meta_box":{"industry":"","seo_heading":"","heading":"","description":"","cta_heading":"","cta_description":"","application":"1959","h1":"","h1_caption":"","application_category":[],"applications_title":"","applications_request_title":"","applications_request_button_text":"","hero_text":"","hero_video":"","hero_video_schema_markup":"","selling_points_title":"","selling_points_caption":"","selling_points":[],"selling_points_cta_text":"","features_title":"","features":"","ed_cta_examples_text":"","ed_cta_examples_hidden":"","ed_cta_demo_text":"","ed_cta_demo_hidden":"","why_caption":"","why_editor_title":"","why_editor_text":"","why_team_title":"","why_team_text":"","why_service_title":"","why_service_text":"","template_catalog_visible":"","template_catalog_title":"","template_catalog_text":"","template_catalog_categories_visible":"","demo_title":"","demo_caption":"","default_faq_hidden":"","app_template_category":[],"platform":"","template_public_id":"","codecanyon_url":"","codecanyon_item_id":"","codecanyon_price":"","pricing_caption":"","pricing_elfsight_apps_hide_column":"","pricing_elfsight_apps_url":"","pricing_codecanyon_price_caption":"","integration_category":[],"integration_request_title":"","integration_request_cta":"","integration_platform":"","integrations":[],"platform_category":[],"video_schema_markup":"","price":"","trial":"","benefits":[],"button_url":"","button_target_blank":"","button_nofollow":"","attributes":[],"tags":[],"tags_disable_links":"","hide_more_platforms":"","video_object":"","demo_hide_cta":"","demo_hide_cloud_options":"","pricing_title":"","pricing":[],"related_apps_title":"","related_apps_hidden":"","author":"","image":[],"title":"","job":"","social_networks":[]},"_links":{"self":[{"href":"https:\/\/elfsight.com\/pl\/wp-json\/wp\/v2\/pages\/1980","targetHints":{"allow":["GET"]}}],"collection":[{"href":"https:\/\/elfsight.com\/pl\/wp-json\/wp\/v2\/pages"}],"about":[{"href":"https:\/\/elfsight.com\/pl\/wp-json\/wp\/v2\/types\/page"}],"author":[{"embeddable":true,"href":"https:\/\/elfsight.com\/pl\/wp-json\/wp\/v2\/users\/13"}],"replies":[{"embeddable":true,"href":"https:\/\/elfsight.com\/pl\/wp-json\/wp\/v2\/comments?post=1980"}],"version-history":[{"count":7,"href":"https:\/\/elfsight.com\/pl\/wp-json\/wp\/v2\/pages\/1980\/revisions"}],"predecessor-version":[{"id":7555,"href":"https:\/\/elfsight.com\/pl\/wp-json\/wp\/v2\/pages\/1980\/revisions\/7555"}],"up":[{"embeddable":true,"href":"https:\/\/elfsight.com\/pl\/wp-json\/wp\/v2\/pages\/1960"}],"wp:attachment":[{"href":"https:\/\/elfsight.com\/pl\/wp-json\/wp\/v2\/media?parent=1980"}],"curies":[{"name":"wp","href":"https:\/\/api.w.org\/{rel}","templated":true}]}}