{"id":196,"date":"2020-11-16T09:24:30","date_gmt":"2020-11-16T09:24:30","guid":{"rendered":"https:\/\/elfsight.com\/pl\/?page_id=196"},"modified":"2021-04-21T13:34:17","modified_gmt":"2021-04-21T13:34:17","slug":"jimdo-widgets","status":"publish","type":"page","link":"https:\/\/elfsight.com\/pl\/jimdo-widgets\/","title":{"rendered":"Jimdo widgets"},"content":{"rendered":"\n<h2>Najskuteczniejsze wtyczki Elfsight dla wszelkich zada\u0144 twojej witryny internetowej Jimdo<\/h2>\n\n<p>Przez wiele lat nasza dru\u017cyna ekspert\u00f3w Elfsight wynajduje \u0142atwe w obs\u0142udze i personalizowane dodatki chmurowe dla Twojej strony internetowej. Gwarantujemy najwy\u017cszej klasy pomoc techniczn\u0105 i du\u017c\u0105 szybko\u015b\u0107 \u0142adowania. Elementy interfejsu Elfsight pomagaj\u0105 w\u0142a\u015bcicielom witryn www, niekomercyjnych oraz wielu innym na ca\u0142ym \u015bwiecie upora\u0107 si\u0119 z kluczowymi zadaniami bardziej wydajnie. \n<\/p>\n\n<p>Mo\u017cesz zwi\u0119kszy\u0107 dochody, przedstawi\u0107 5-gwiazdkow\u0105 ocen\u0119 na Twoje oferty, zwi\u0119kszy\u0107 zaufanie do swojej marki, po prostu dodaj\u0105c aplikacje do Pa\u0144stwa strony internetowej. Nasze plany abonamentowe s\u0105 w zakresie od bezp\u0142atnych do premium. Szybko zastosowa\u0107 dowolnie wybrane pluginy przy u\u017cyciu naszej wersji Live Demo i przekonaj si\u0119 jak bardzo mo\u017ce to by\u0107 wa\u017cne w kwestii rozwoju strony Web firmy. <\/p>\n\n<h2>Czemu rozszerzenia Elfsight s\u0105 jednymi z najlepszych instrumentami dla Ciebie? <\/h2>\n\n<p> Poznaj list\u0119 istotnych charakterystyk naszych widget\u00f3w, kt\u00f3re pomagaj\u0105 nam by\u0107 lepszymi, ni\u017c nasi konkurenci: <\/p>\n\n\n<ul>\n<li> Darmowa i szybka wsparcie przy instalacje lub customizacji wid\u017cet\u00f3w; <\/li>\n<li> Zdolno\u015b\u0107 dostosowywania do wszystkich rozdzielczo\u015bci stron internetowych i dostosowane do urz\u0105dze\u0144 mobilnych; <\/li>\n<li> Nie musicie umiej\u0119tno\u015bci programowania; <\/li>\n<li> Bogaty wyb\u00f3r ustawie\u0144 dostosowywania; <\/li>\n<li> Przechowywanie danych chmurze pomagaj\u0105 zwi\u0119kszy\u0107 szybko\u015b\u0107 serwisu; <\/li>\n<li> Wszystkie przysz\u0142e poprawki s\u0105 gratisowe i regularne; <\/li>\n<li> Sprawiedliwe ceny; <\/li>\n<li> Profesjonalna pomoc w przypadku problem\u00f3w. <\/li>\n<\/ul>\n\n<p> Poznaj wolne wersje Lite naszych plugin\u00f3w i zrozumiej jej potencja\u0142 lub kup dowolne wymagane rozwi\u0105zanie z 20% rabatem. <\/p>\n\n\n<h2> W jaki spos\u00f3b umie\u015bci\u0107 Pa\u0144stwa wid\u017cety na swojej witrynie Jimdo <\/h2>\n\n<p> Mo\u017cesz wbudowa\u0107 rozszerzenia, wykonaj nast\u0119pnie kroki z nieskomplikowanej instrukcji: <\/p>\n\n\n<ol>\n<li> Wybierz wymagany plugin; <\/li>\n<li> Skonfiguruj niekt\u00f3re przydatne konfiguracji; <\/li>\n<li> Zapisz zmiany; <\/li>\n<li> Kliknij wygenerowany kod; <\/li>\n<li> Dodaj ten kod instalacji w wymaganym miejscu Pa\u0144stwa witryny lub szablonu; <\/li>\n<li> Sko\u0144czone! Z powodzeniem doda\u0142e\u015b dodatek. <\/li>\n<\/ol>\n\n<p> W przypadku jakichkolwiek problem\u00f3w, prosimy wys\u0142a\u0107 wiadomo\u015b\u0107 do zespo\u0142u wspieraj\u0105cego Elfsight. <\/p>\n","protected":false},"excerpt":{"rendered":"Najskuteczniejsze wtyczki Elfsight dla wszelkich zada\u0144 twojej witryny internetowej Jimdo Przez wiele lat nasza dru\u017cyna ekspert\u00f3w Elfsight wynajduje \u0142atwe w obs\u0142udze i personalizowane dodatki chmurowe dla Twojej strony internetowej. Gwarantujemy najwy\u017cszej klasy pomoc techniczn\u0105 i du\u017c\u0105 szybko\u015b\u0107 \u0142adowania. Elementy interfejsu Elfsight pomagaj\u0105 w\u0142a\u015bcicielom witryn www, niekomercyjnych oraz wielu innym na&#8230;","protected":false},"author":13,"featured_media":0,"parent":0,"menu_order":0,"comment_status":"closed","ping_status":"closed","template":"templates\/template-platform.php","meta":{"publish_to_discourse":"","publish_post_category":"","wpdc_auto_publish_overridden":"","wpdc_topic_tags":"","wpdc_pin_topic":"","wpdc_pin_until":"","discourse_post_id":"","discourse_permalink":"","wpdc_publishing_response":"","wpdc_publishing_error":"","footnotes":""},"class_list":["post-196","page","type-page","status-publish","hentry"],"yoast_head":"<!-- This site is optimized with the Yoast SEO plugin v25.3.1 - https:\/\/yoast.com\/wordpress\/plugins\/seo\/ -->\n<title>Ponad 80 najlepszych darmowych Jimdo wid\u017cet\u00f3w dla strony internetowej<\/title>\n<meta name=\"description\" content=\"Kolekcja testowanych widget\u00f3w pierwszej klasy dla twojej strony internetowej Jimdo. Pom\u00f3c przy dostosowywanie oraz bogata gama opcji.\" \/>\n<meta name=\"robots\" content=\"index, follow, max-snippet:-1, max-image-preview:large, max-video-preview:-1\" \/>\n<link rel=\"canonical\" href=\"https:\/\/elfsight.com\/pl\/jimdo-widgets\/\" \/>\n<meta property=\"og:locale\" content=\"pl_PL\" \/>\n<meta property=\"og:type\" content=\"article\" \/>\n<meta property=\"og:title\" content=\"Ponad 80 najlepszych darmowych Jimdo wid\u017cet\u00f3w dla strony internetowej\" \/>\n<meta property=\"og:description\" content=\"Kolekcja testowanych widget\u00f3w pierwszej klasy dla twojej strony internetowej Jimdo. Pom\u00f3c przy dostosowywanie oraz bogata gama opcji.\" \/>\n<meta property=\"og:url\" content=\"https:\/\/elfsight.com\/pl\/jimdo-widgets\/\" \/>\n<meta property=\"og:site_name\" content=\"Elfsight PL\" \/>\n<meta property=\"article:modified_time\" content=\"2021-04-21T13:34:17+00:00\" \/>\n<meta name=\"twitter:card\" content=\"summary_large_image\" \/>\n<meta name=\"twitter:label1\" content=\"Szacowany czas czytania\" \/>\n\t<meta name=\"twitter:data1\" content=\"2 minuty\" \/>\n<!-- \/ Yoast SEO plugin. -->","yoast_head_json":{"title":"Ponad 80 najlepszych darmowych Jimdo wid\u017cet\u00f3w dla strony internetowej","description":"Kolekcja testowanych widget\u00f3w pierwszej klasy dla twojej strony internetowej Jimdo. Pom\u00f3c przy dostosowywanie oraz bogata gama opcji.","robots":{"index":"index","follow":"follow","max-snippet":"max-snippet:-1","max-image-preview":"max-image-preview:large","max-video-preview":"max-video-preview:-1"},"canonical":"https:\/\/elfsight.com\/pl\/jimdo-widgets\/","og_locale":"pl_PL","og_type":"article","og_title":"Ponad 80 najlepszych darmowych Jimdo wid\u017cet\u00f3w dla strony internetowej","og_description":"Kolekcja testowanych widget\u00f3w pierwszej klasy dla twojej strony internetowej Jimdo. Pom\u00f3c przy dostosowywanie oraz bogata gama opcji.","og_url":"https:\/\/elfsight.com\/pl\/jimdo-widgets\/","og_site_name":"Elfsight PL","article_modified_time":"2021-04-21T13:34:17+00:00","twitter_card":"summary_large_image","twitter_misc":{"Szacowany czas czytania":"2 minuty"},"schema":{"@context":"https:\/\/schema.org","@graph":[{"@type":"WebPage","@id":"https:\/\/elfsight.com\/pl\/jimdo-widgets\/","url":"https:\/\/elfsight.com\/pl\/jimdo-widgets\/","name":"Ponad 80 najlepszych darmowych Jimdo wid\u017cet\u00f3w dla strony internetowej","isPartOf":{"@id":"https:\/\/elfsight.com\/pl\/#website"},"datePublished":"2020-11-16T09:24:30+00:00","dateModified":"2021-04-21T13:34:17+00:00","description":"Kolekcja testowanych widget\u00f3w pierwszej klasy dla twojej strony internetowej Jimdo. Pom\u00f3c przy dostosowywanie oraz bogata gama opcji.","breadcrumb":{"@id":"https:\/\/elfsight.com\/pl\/jimdo-widgets\/#breadcrumb"},"inLanguage":"pl-PL","potentialAction":[{"@type":"ReadAction","target":["https:\/\/elfsight.com\/pl\/jimdo-widgets\/"]}]},{"@type":"BreadcrumbList","@id":"https:\/\/elfsight.com\/pl\/jimdo-widgets\/#breadcrumb","itemListElement":[{"@type":"ListItem","position":1,"name":"Home","item":"https:\/\/elfsight.com\/pl\/"},{"@type":"ListItem","position":2,"name":"Jimdo widgets"}]},{"@type":"WebSite","@id":"https:\/\/elfsight.com\/pl\/#website","url":"https:\/\/elfsight.com\/pl\/","name":"Elfsight PL","description":"Just another Elfsight Sites site","potentialAction":[{"@type":"SearchAction","target":{"@type":"EntryPoint","urlTemplate":"https:\/\/elfsight.com\/pl\/?s={search_term_string}"},"query-input":{"@type":"PropertyValueSpecification","valueRequired":true,"valueName":"search_term_string"}}],"inLanguage":"pl-PL"}]}},"meta_box":{"industry":"","seo_heading":"","heading":"","description":"","cta_heading":"","cta_description":"","application":"","h1":"Najlepsze widgety Jimdo","h1_caption":"Darmowy spis doskona\u0142ych wid\u017cet\u00f3w pierwszej klasy z szerokim zakresem mo\u017cliwo\u015bci dla zwi\u0119kszenia pozioma sprzeda\u017cy oraz dokonania wszystkich podstawowych dzia\u0142a\u0144 o charakterze handlowym. Szybkie zainstalowanie, szeroki zakres mo\u017cliwo\u015bci personalizacji a tak\u017ce profesjonalna obs\u0142uga klienta.","application_category":[],"applications_title":"Obczaj najbardziej odpowiednie widgety dla twojej strony www w\u015br\u00f3d wszystkich wtyczek gratisowych w wersji Live Demo","applications_request_title":"Nie mo\u017cesz znale\u017a\u0107 odpowiedniego widgeta?","applications_request_button_text":"Zam\u00f3w widget","hero_text":"","hero_video":"","hero_video_schema_markup":"","selling_points_title":"","selling_points_caption":"","selling_points":[],"selling_points_cta_text":"","features_title":"","features":"","ed_cta_examples_text":"","ed_cta_examples_hidden":"","ed_cta_demo_text":"","ed_cta_demo_hidden":"","why_caption":"","why_editor_title":"","why_editor_text":"","why_team_title":"","why_team_text":"","why_service_title":"","why_service_text":"","template_catalog_visible":"","template_catalog_title":"","template_catalog_text":"","template_catalog_categories_visible":"","demo_title":"","demo_caption":"","default_faq_hidden":"","app_template_category":[],"platform":"193","template_public_id":"","codecanyon_url":"","codecanyon_item_id":"","codecanyon_price":"","pricing_caption":"","pricing_elfsight_apps_hide_column":"","pricing_elfsight_apps_url":"","pricing_codecanyon_price_caption":"","integration_category":[],"integration_request_title":"","integration_request_cta":"","integration_platform":"","integrations":[],"platform_category":[],"video_schema_markup":"","price":"","trial":"","benefits":[],"button_url":"","button_target_blank":"","button_nofollow":"","attributes":[],"tags":[],"tags_disable_links":"","hide_more_platforms":"","video_object":"","demo_hide_cta":"","demo_hide_cloud_options":"","pricing_title":"","pricing":[],"related_apps_title":"","related_apps_hidden":"","author":"","image":[],"title":"","job":"","social_networks":[]},"_links":{"self":[{"href":"https:\/\/elfsight.com\/pl\/wp-json\/wp\/v2\/pages\/196","targetHints":{"allow":["GET"]}}],"collection":[{"href":"https:\/\/elfsight.com\/pl\/wp-json\/wp\/v2\/pages"}],"about":[{"href":"https:\/\/elfsight.com\/pl\/wp-json\/wp\/v2\/types\/page"}],"author":[{"embeddable":true,"href":"https:\/\/elfsight.com\/pl\/wp-json\/wp\/v2\/users\/13"}],"replies":[{"embeddable":true,"href":"https:\/\/elfsight.com\/pl\/wp-json\/wp\/v2\/comments?post=196"}],"version-history":[{"count":2,"href":"https:\/\/elfsight.com\/pl\/wp-json\/wp\/v2\/pages\/196\/revisions"}],"predecessor-version":[{"id":198,"href":"https:\/\/elfsight.com\/pl\/wp-json\/wp\/v2\/pages\/196\/revisions\/198"}],"wp:attachment":[{"href":"https:\/\/elfsight.com\/pl\/wp-json\/wp\/v2\/media?parent=196"}],"curies":[{"name":"wp","href":"https:\/\/api.w.org\/{rel}","templated":true}]}}