{"id":1939,"date":"2021-01-28T08:53:23","date_gmt":"2021-01-28T08:53:23","guid":{"rendered":"https:\/\/elfsight.com\/pl\/?page_id=1939"},"modified":"2021-01-28T09:02:23","modified_gmt":"2021-01-28T09:02:23","slug":"examples","status":"publish","type":"page","link":"https:\/\/elfsight.com\/pl\/age-verification-widget\/examples\/","title":{"rendered":"Age Verification &#8211; Examples"},"content":{"rendered":"\n<div class=\"application-examples-item application-examples-item-loading\">\n                            <div class=\"col-row\">\n                                <div class=\"col-6 col-m-8 col-s-12\"><h3 class=\"application-examples-item-title\">Przyk\u0142ad 1: Whisky<\/h3><div class=\"application-examples-item-description\">Mo\u017cesz zweryfikowa\u0107 wiek swoich go\u015bci, prosz\u0105c tylko o rok urodzenia. Wid\u017cet automatycznie oblicza pe\u0142ny wiek u\u017cytkownika na podstawie ustawionego ograniczenia. Tre\u015b\u0107 strony pozostaje ukryta za obrazem nak\u0142adki do momentu potwierdzenia wieku.<\/div><\/div>\n                <\/div>\n\n                <div class=\"application-examples-item-iframe-container browser-frame\">\n                    <div class=\"application-examples-item-iframe-wrapper\">\n                        <iframe class=\"application-examples-item-iframe application-examples-item-iframe-fixed-height\" data-src=\"https:\/\/elfsight.com\/examples?widget_id=1309a382-33cc-49ab-b226-c7c564c733fb&padding=28px+40px+40px\" width=\"100%\" height=\"600\" allow=\"autoplay; fullscreen\"><\/iframe>\n                    <\/div>\n\n                    <div class=\"application-examples-item-loader\"><\/div>\n                <\/div>\n            <\/div>\n\n<div class=\"application-examples-item application-examples-item-loading\">\n                            <div class=\"col-row\">\n                                <div class=\"col-6 col-m-8 col-s-12\"><h3 class=\"application-examples-item-title\">Przyk\u0142ad 2: Standardowy<\/h3><div class=\"application-examples-item-description\"> Je\u015bli zdecydujesz si\u0119 wy\u015bwietla\u0107 przyciski w widgecie - w przypadku opcji dla os\u00f3b pe\u0142noletnich i niepe\u0142noletnich - mo\u017cesz pomalowa\u0107 je na w\u0142asne kolory i napisa\u0107 w\u0142asne etykiety. Mo\u017cna r\u00f3wnie\u017c edytowa\u0107 tre\u015b\u0107 powiadomienia, a tak\u017ce rozmiar czcionki.<\/div><\/div>\n                <\/div>\n\n                <div class=\"application-examples-item-iframe-container browser-frame\">\n                    <div class=\"application-examples-item-iframe-wrapper\">\n                        <iframe class=\"application-examples-item-iframe application-examples-item-iframe-fixed-height\" data-src=\"https:\/\/elfsight.com\/examples?widget_id=9fcdc8d2-40ca-4152-a468-34442d3afd52&padding=28px+40px+40px\" width=\"100%\" height=\"600\" allow=\"autoplay; fullscreen\"><\/iframe>\n                    <\/div>\n\n                    <div class=\"application-examples-item-loader\"><\/div>\n                <\/div>\n            <\/div>\n\n<div class=\"application-examples-item application-examples-item-loading\">\n                            <div class=\"col-row\">\n                                <div class=\"col-6 col-m-8 col-s-12\"><h3 class=\"application-examples-item-title\">Przyk\u0142ad 3: Piwo<\/h3><div class=\"application-examples-item-description\">Aby wid\u017cet wygl\u0105da\u0142 czysto, mo\u017cesz zastosowa\u0107 opcj\u0119 Wyczy\u015b\u0107 kolor w oknie powiadomie\u0144 i sprawi\u0107, aby wtopi\u0142 si\u0119 w obraz nak\u0142adki, jak wida\u0107 w tym przyk\u0142adzie. Logo firmy jest dodawane w celu uzyskania autentyczno\u015bci.<\/div><\/div>\n                <\/div>\n\n                <div class=\"application-examples-item-iframe-container browser-frame\">\n                    <div class=\"application-examples-item-iframe-wrapper\">\n                        <iframe class=\"application-examples-item-iframe application-examples-item-iframe-fixed-height\" data-src=\"https:\/\/elfsight.com\/examples?widget_id=0979b277-0e3d-4881-a008-d5d869d91bce&padding=28px+40px+40px\" width=\"100%\" height=\"600\" allow=\"autoplay; fullscreen\"><\/iframe>\n                    <\/div>\n\n                    <div class=\"application-examples-item-loader\"><\/div>\n                <\/div>\n            <\/div>\n\n<div class=\"application-examples-item application-examples-item-loading\">\n                            <div class=\"col-row\">\n                                <div class=\"col-6 col-m-8 col-s-12\"><h3 class=\"application-examples-item-title\">Przyk\u0142ad 4: Wino<\/h3><div class=\"application-examples-item-description\">Oto przyk\u0142ad tego, jak b\u0119dzie wygl\u0105da\u0107 wid\u017cet po ustawieniu pro\u015bby o pe\u0142nej daty urodzenia. Okno powiadomie\u0144 jest przezroczyste i razem z na\u0142o\u017conym obrazem wygl\u0105da na dobrze wywa\u017cone.<\/div><\/div>\n                <\/div>\n\n                <div class=\"application-examples-item-iframe-container browser-frame\">\n                    <div class=\"application-examples-item-iframe-wrapper\">\n                        <iframe class=\"application-examples-item-iframe application-examples-item-iframe-fixed-height\" data-src=\"https:\/\/elfsight.com\/examples?widget_id=e121ac70-7a91-418b-88e3-64cb6d539e6d&padding=28px+40px+40px\" width=\"100%\" height=\"600\" allow=\"autoplay; fullscreen\"><\/iframe>\n                    <\/div>\n\n                    <div class=\"application-examples-item-loader\"><\/div>\n                <\/div>\n            <\/div>\n\n<div class=\"application-examples-item application-examples-item-loading\">\n                            <div class=\"col-row\">\n                                <div class=\"col-6 col-m-8 col-s-12\"><h3 class=\"application-examples-item-title\">Przyk\u0142ad 5: Wapowanie 1<\/h3><div class=\"application-examples-item-description\">Nie ma potrzeby pyta\u0107 u\u017cytkownik\u00f3w o ich dok\u0142adny wiek. Za pomoc\u0105 naszego widgetu mo\u017cesz po prostu zaoferowa\u0107 dwa przyciski: do potwierdzenia lub odrzucenia pe\u0142nego wieku. Wyb\u00f3r czarnego t\u0142a nak\u0142adki i czarno-bia\u0142ych kolor\u00f3w okna powiadomie\u0144 zapewnia dok\u0142adny, czysty wygl\u0105d.<\/div><\/div>\n                <\/div>\n\n                <div class=\"application-examples-item-iframe-container browser-frame\">\n                    <div class=\"application-examples-item-iframe-wrapper\">\n                        <iframe class=\"application-examples-item-iframe application-examples-item-iframe-fixed-height\" data-src=\"https:\/\/elfsight.com\/examples?widget_id=0fa9083e-99e5-4657-ad58-88ffe1de8845&padding=28px+40px+40px\" width=\"100%\" height=\"600\" allow=\"autoplay; fullscreen\"><\/iframe>\n                    <\/div>\n\n                    <div class=\"application-examples-item-loader\"><\/div>\n                <\/div>\n            <\/div>\n\n<div class=\"application-cta-create\">\n                    <div class=\"application-cta-create-bg\">\n                        <div class=\"application-cta-create-bg-left\"><\/div>\n\n                        <div class=\"application-cta-create-bg-right\">\n                            <img decoding=\"async\" src=\"https:\/\/elfsight.com\/pl\/wp-content\/themes\/elfsight\/frontend\/assets\/img\/application-cta-create.jpg\" alt=\"Zacznij od stworzenia swojego wid\u017cetu\">\n                        <\/div>\n                    <\/div>\n\n                    <div class=\"application-cta-create-content inner\">\n                        <div class=\"application-cta-create-content-inner\">\n                            <div class=\"application-cta-create-content-icon\">\n                                <svg viewBox=\"0 0 25 25\" width=\"100%\" height=\"100%\">\n                                    <use xlink:href=\"#icon-settings\"><\/use>\n                                <\/svg>\n                            <\/div>\n\n                            <div class=\"application-cta-create-content-title\">Zacznij od stworzenia swojego wid\u017cetu<\/div>\n\n                            <div class=\"application-cta-create-content-text\">Szybko. \u0141atwo. Bez kodowania.<\/div>\n\n                            <a class=\"application-cta-create-content-button button-48 button-has-right-icon button-black button\" href=\"\">\n                                <span class=\"button-label\">Utw\u00f3rz wid\u017cet<\/span>\n\n                                <svg class=\"button-icon\">\n                                    <use xlink:href=\"#icon-arrow-link\"><\/use>\n                                <\/svg>\n                            <\/a>\n                        <\/div>\n                    <\/div>\n                <\/div>\n\n<div class=\"application-examples-item application-examples-item-loading\">\n                            <div class=\"col-row\">\n                                <div class=\"col-6 col-m-8 col-s-12\"><h3 class=\"application-examples-item-title\">Przyk\u0142ad 6: Wapowanie 2<\/h3><div class=\"application-examples-item-description\">Wid\u017cet wygl\u0105da niezwykle stylowo i jasno dzi\u0119ki niestandardowej kombinacji kolor\u00f3w \u017c\u00f3\u0142tego i fioletowego. Dodatkowe informacje poni\u017cej przycisk\u00f3w pokazuj\u0105 aktywne linki do Polityki prywatno\u015bci.<\/div><\/div>\n                <\/div>\n\n                <div class=\"application-examples-item-iframe-container browser-frame\">\n                    <div class=\"application-examples-item-iframe-wrapper\">\n                        <iframe class=\"application-examples-item-iframe application-examples-item-iframe-fixed-height\" data-src=\"https:\/\/elfsight.com\/examples?widget_id=e1632863-1007-4542-be49-acd247a4deda&padding=28px+40px+40px\" width=\"100%\" height=\"600\" allow=\"autoplay; fullscreen\"><\/iframe>\n                    <\/div>\n\n                    <div class=\"application-examples-item-loader\"><\/div>\n                <\/div>\n            <\/div>\n\n<div class=\"application-examples-item application-examples-item-loading\">\n                            <div class=\"col-row\">\n                                <div class=\"col-6 col-m-8 col-s-12\"><h3 class=\"application-examples-item-title\">Przyk\u0142ad 7: Cygara<\/h3><div class=\"application-examples-item-description\">This widget in colors complimentary with tobacco is not only stylish, but also handy to use. It is set to remember each verified visitor for 30 days, so that they will not have to go through the process again.Ten widget w kolorach uzupe\u0142niaj\u0105cych si\u0119 z tytoniem jest nie tylko stylowy, ale tak\u017ce por\u0119czny w u\u017cyciu. Zapami\u0119tuje ka\u017cdego zweryfikowanego go\u015bcia przez 30 dni, aby nie musia\u0142 ponownie przechodzi\u0107 przez ten proces.<\/div><\/div>\n                <\/div>\n\n                <div class=\"application-examples-item-iframe-container browser-frame\">\n                    <div class=\"application-examples-item-iframe-wrapper\">\n                        <iframe class=\"application-examples-item-iframe application-examples-item-iframe-fixed-height\" data-src=\"https:\/\/elfsight.com\/examples?widget_id=cd54c180-80b6-487d-b95a-d6858813360d&padding=28px+40px+40px\" width=\"100%\" height=\"600\" allow=\"autoplay; fullscreen\"><\/iframe>\n                    <\/div>\n\n                    <div class=\"application-examples-item-loader\"><\/div>\n                <\/div>\n            <\/div>\n\n<div class=\"application-examples-item application-examples-item-loading\">\n                            <div class=\"col-row\">\n                                <div class=\"col-6 col-m-8 col-s-12\"><h3 class=\"application-examples-item-title\">Przyk\u0142ad 8: Marihuana<\/h3><div class=\"application-examples-item-description\"> Kiedy witryna \u0142\u0105czy w sobie tre\u015bci delikatne i tre\u015bci dost\u0119pne dla wszystkich, nie ma potrzeby chronienia wszystkich stron przed nieletnimi u\u017cytkownikami. Po prostu ustaw wid\u017cet na wybranych stronach, a reszt\u0119 b\u0119dzie mo\u017cna swobodnie odkrywa\u0107.<\/div><\/div>\n                <\/div>\n\n                <div class=\"application-examples-item-iframe-container browser-frame\">\n                    <div class=\"application-examples-item-iframe-wrapper\">\n                        <iframe class=\"application-examples-item-iframe application-examples-item-iframe-fixed-height\" data-src=\"https:\/\/apps.elfsight.com\/template\/7a40651f-2ff9-4fac-b890-9290936c85e5?padding=28px+40px+40px\" width=\"100%\" height=\"600\" allow=\"autoplay; fullscreen\"><\/iframe>\n                    <\/div>\n\n                    <div class=\"application-examples-item-loader\"><\/div>\n                <\/div>\n            <\/div>\n\n<div class=\"application-examples-item application-examples-item-loading\">\n                            <div class=\"col-row\">\n                                <div class=\"col-6 col-m-8 col-s-12\"><h3 class=\"application-examples-item-title\">Przyk\u0142ad 9: Tre\u015bci dla doros\u0142ych 1<\/h3><div class=\"application-examples-item-description\">Zastanawiasz si\u0119, co si\u0119 dzieje, gdy u\u017cytkownik twierdzi, \u017ce jest niepe\u0142noletni lub nie chce ogl\u0105da\u0107 tre\u015bci? Mo\u017cesz sam wybra\u0107 scenariusz. U\u017cytkownik zobaczy wiadomo\u015b\u0107 od Ciebie lub zostanie przekierowany na inny adres.<\/div><\/div>\n                <\/div>\n\n                <div class=\"application-examples-item-iframe-container browser-frame\">\n                    <div class=\"application-examples-item-iframe-wrapper\">\n                        <iframe class=\"application-examples-item-iframe application-examples-item-iframe-fixed-height\" data-src=\"https:\/\/elfsight.com\/examples?widget_id=a79e4ab7-63e3-4317-9639-f4657d669577&padding=28px+40px+40px\" width=\"100%\" height=\"600\" allow=\"autoplay; fullscreen\"><\/iframe>\n                    <\/div>\n\n                    <div class=\"application-examples-item-loader\"><\/div>\n                <\/div>\n            <\/div>\n\n<div class=\"application-examples-item application-examples-item-loading\">\n                            <div class=\"col-row\">\n                                <div class=\"col-6 col-m-8 col-s-12\"><h3 class=\"application-examples-item-title\">Przyk\u0142ad 10: Tre\u015bci dla doros\u0142ych 2<\/h3><div class=\"application-examples-item-description\">Ten przyk\u0142ad pokazuje wid\u017cet, kt\u00f3ry nie tylko przyci\u0105ga wzrok, ale zapewnia szczeg\u00f3\u0142owe powiadomienie o tre\u015bci. Mo\u017cesz doda\u0107 dowolny tekst w podpisie, kt\u00f3ry obs\u0142uguje formatowanie, listy, linki i opcje czcionek.<\/div><\/div>\n                <\/div>\n\n                <div class=\"application-examples-item-iframe-container browser-frame\">\n                    <div class=\"application-examples-item-iframe-wrapper\">\n                        <iframe class=\"application-examples-item-iframe application-examples-item-iframe-fixed-height\" data-src=\"https:\/\/elfsight.com\/examples?widget_id=6ba9732b-7414-4902-89af-4d8fc4614b43&padding=28px+40px+40px\" width=\"100%\" height=\"600\" allow=\"autoplay; fullscreen\"><\/iframe>\n                    <\/div>\n\n                    <div class=\"application-examples-item-loader\"><\/div>\n                <\/div>\n            <\/div>\n\n<div class=\"application-examples-item application-examples-item-loading\">\n                            <div class=\"col-row\">\n                                <div class=\"col-6 col-m-8 col-s-12\"><h3 class=\"application-examples-item-title\">Przyk\u0142ad 11: Adult Content 3<\/h3><div class=\"application-examples-item-description\">This stylish widget is set so that the overlay picture takes up all the space of the website. And no matter what device your visitors use for browsing, the widget is fully responsive to look just as gorgeous with any screen resolutions.<\/div><\/div>\n                <\/div>\n\n                <div class=\"application-examples-item-iframe-container browser-frame\">\n                    <div class=\"application-examples-item-iframe-wrapper\">\n                        <iframe class=\"application-examples-item-iframe application-examples-item-iframe-fixed-height\" data-src=\"https:\/\/elfsight.com\/examples?widget_id=a36a5a39-7548-404e-8595-672ff26ae112&padding=28px+40px+40px\" width=\"100%\" height=\"600\" allow=\"autoplay; fullscreen\"><\/iframe>\n                    <\/div>\n\n                    <div class=\"application-examples-item-loader\"><\/div>\n                <\/div>\n            <\/div>\n","protected":false},"excerpt":{"rendered":"","protected":false},"author":13,"featured_media":0,"parent":1921,"menu_order":0,"comment_status":"closed","ping_status":"closed","template":"templates\/template-application-examples.php","meta":{"publish_to_discourse":"","publish_post_category":"","wpdc_auto_publish_overridden":"","wpdc_topic_tags":"","wpdc_pin_topic":"","wpdc_pin_until":"","discourse_post_id":"","discourse_permalink":"","wpdc_publishing_response":"","wpdc_publishing_error":"","footnotes":""},"class_list":["post-1939","page","type-page","status-publish","hentry"],"yoast_head":"<!-- This site is optimized with the Yoast SEO plugin v25.3.1 - https:\/\/yoast.com\/wordpress\/plugins\/seo\/ -->\n<title>Najlepsze przyk\u0142ady pluginu weryfikacji wieku na stronie www (prezentacja)<\/title>\n<meta name=\"description\" content=\"TOP 11 Przyk\u0142ady weryfikacji wieku: alkohol, narkotyki mi\u0119kkie, tyto\u0144, filtry doros\u0142ych itp. Przobny widget Weryfikacji dla Twojej strony.\" \/>\n<meta name=\"robots\" content=\"index, follow, max-snippet:-1, max-image-preview:large, max-video-preview:-1\" \/>\n<link rel=\"canonical\" href=\"https:\/\/elfsight.com\/pl\/age-verification-widget\/examples\/\" \/>\n<meta property=\"og:locale\" content=\"pl_PL\" \/>\n<meta property=\"og:type\" content=\"article\" \/>\n<meta property=\"og:title\" content=\"Najlepsze przyk\u0142ady pluginu weryfikacji wieku na stronie www (prezentacja)\" \/>\n<meta property=\"og:description\" content=\"TOP 11 Przyk\u0142ady weryfikacji wieku: alkohol, narkotyki mi\u0119kkie, tyto\u0144, filtry doros\u0142ych itp. Przobny widget Weryfikacji dla Twojej strony.\" \/>\n<meta property=\"og:url\" content=\"https:\/\/elfsight.com\/pl\/age-verification-widget\/examples\/\" \/>\n<meta property=\"og:site_name\" content=\"Elfsight PL\" \/>\n<meta property=\"article:modified_time\" content=\"2021-01-28T09:02:23+00:00\" \/>\n<meta name=\"twitter:card\" content=\"summary_large_image\" \/>\n<meta name=\"twitter:label1\" content=\"Szacowany czas czytania\" \/>\n\t<meta name=\"twitter:data1\" content=\"4 minuty\" \/>\n<!-- \/ Yoast SEO plugin. -->","yoast_head_json":{"title":"Najlepsze przyk\u0142ady pluginu weryfikacji wieku na stronie www (prezentacja)","description":"TOP 11 Przyk\u0142ady weryfikacji wieku: alkohol, narkotyki mi\u0119kkie, tyto\u0144, filtry doros\u0142ych itp. Przobny widget Weryfikacji dla Twojej strony.","robots":{"index":"index","follow":"follow","max-snippet":"max-snippet:-1","max-image-preview":"max-image-preview:large","max-video-preview":"max-video-preview:-1"},"canonical":"https:\/\/elfsight.com\/pl\/age-verification-widget\/examples\/","og_locale":"pl_PL","og_type":"article","og_title":"Najlepsze przyk\u0142ady pluginu weryfikacji wieku na stronie www (prezentacja)","og_description":"TOP 11 Przyk\u0142ady weryfikacji wieku: alkohol, narkotyki mi\u0119kkie, tyto\u0144, filtry doros\u0142ych itp. Przobny widget Weryfikacji dla Twojej strony.","og_url":"https:\/\/elfsight.com\/pl\/age-verification-widget\/examples\/","og_site_name":"Elfsight PL","article_modified_time":"2021-01-28T09:02:23+00:00","twitter_card":"summary_large_image","twitter_misc":{"Szacowany czas czytania":"4 minuty"},"schema":{"@context":"https:\/\/schema.org","@graph":[{"@type":"WebPage","@id":"https:\/\/elfsight.com\/pl\/age-verification-widget\/examples\/","url":"https:\/\/elfsight.com\/pl\/age-verification-widget\/examples\/","name":"Najlepsze przyk\u0142ady pluginu weryfikacji wieku na stronie www (prezentacja)","isPartOf":{"@id":"https:\/\/elfsight.com\/pl\/#website"},"datePublished":"2021-01-28T08:53:23+00:00","dateModified":"2021-01-28T09:02:23+00:00","description":"TOP 11 Przyk\u0142ady weryfikacji wieku: alkohol, narkotyki mi\u0119kkie, tyto\u0144, filtry doros\u0142ych itp. Przobny widget Weryfikacji dla Twojej strony.","breadcrumb":{"@id":"https:\/\/elfsight.com\/pl\/age-verification-widget\/examples\/#breadcrumb"},"inLanguage":"pl-PL","potentialAction":[{"@type":"ReadAction","target":["https:\/\/elfsight.com\/pl\/age-verification-widget\/examples\/"]}]},{"@type":"BreadcrumbList","@id":"https:\/\/elfsight.com\/pl\/age-verification-widget\/examples\/#breadcrumb","itemListElement":[{"@type":"ListItem","position":1,"name":"Home","item":"https:\/\/elfsight.com\/pl\/"},{"@type":"ListItem","position":2,"name":"Age Verification","item":"https:\/\/elfsight.com\/pl\/age-verification-widget\/"},{"@type":"ListItem","position":3,"name":"Age Verification &#8211; Examples"}]},{"@type":"WebSite","@id":"https:\/\/elfsight.com\/pl\/#website","url":"https:\/\/elfsight.com\/pl\/","name":"Elfsight PL","description":"Just another Elfsight Sites site","potentialAction":[{"@type":"SearchAction","target":{"@type":"EntryPoint","urlTemplate":"https:\/\/elfsight.com\/pl\/?s={search_term_string}"},"query-input":{"@type":"PropertyValueSpecification","valueRequired":true,"valueName":"search_term_string"}}],"inLanguage":"pl-PL"}]}},"meta_box":{"industry":"","seo_heading":"","heading":"","description":"","cta_heading":"","cta_description":"","application":"1920","h1":"","h1_caption":"","application_category":[],"applications_title":"","applications_request_title":"","applications_request_button_text":"","hero_text":"","hero_video":"","hero_video_schema_markup":"","selling_points_title":"","selling_points_caption":"","selling_points":[],"selling_points_cta_text":"","features_title":"","features":"","ed_cta_examples_text":"","ed_cta_examples_hidden":"","ed_cta_demo_text":"","ed_cta_demo_hidden":"","why_caption":"","why_editor_title":"","why_editor_text":"","why_team_title":"","why_team_text":"","why_service_title":"","why_service_text":"","template_catalog_visible":"","template_catalog_title":"","template_catalog_text":"","template_catalog_categories_visible":"","demo_title":"","demo_caption":"","default_faq_hidden":"","app_template_category":[],"platform":"","template_public_id":"","codecanyon_url":"","codecanyon_item_id":"","codecanyon_price":"","pricing_caption":"","pricing_elfsight_apps_hide_column":"","pricing_elfsight_apps_url":"","pricing_codecanyon_price_caption":"","integration_category":[],"integration_request_title":"","integration_request_cta":"","integration_platform":"","integrations":[],"platform_category":[],"video_schema_markup":"","price":"","trial":"","benefits":[],"button_url":"","button_target_blank":"","button_nofollow":"","attributes":[],"tags":[],"tags_disable_links":"","hide_more_platforms":"","video_object":"","demo_hide_cta":"","demo_hide_cloud_options":"","pricing_title":"","pricing":[],"related_apps_title":"","related_apps_hidden":"","author":"","image":[],"title":"","job":"","social_networks":[]},"_links":{"self":[{"href":"https:\/\/elfsight.com\/pl\/wp-json\/wp\/v2\/pages\/1939","targetHints":{"allow":["GET"]}}],"collection":[{"href":"https:\/\/elfsight.com\/pl\/wp-json\/wp\/v2\/pages"}],"about":[{"href":"https:\/\/elfsight.com\/pl\/wp-json\/wp\/v2\/types\/page"}],"author":[{"embeddable":true,"href":"https:\/\/elfsight.com\/pl\/wp-json\/wp\/v2\/users\/13"}],"replies":[{"embeddable":true,"href":"https:\/\/elfsight.com\/pl\/wp-json\/wp\/v2\/comments?post=1939"}],"version-history":[{"count":11,"href":"https:\/\/elfsight.com\/pl\/wp-json\/wp\/v2\/pages\/1939\/revisions"}],"predecessor-version":[{"id":1950,"href":"https:\/\/elfsight.com\/pl\/wp-json\/wp\/v2\/pages\/1939\/revisions\/1950"}],"up":[{"embeddable":true,"href":"https:\/\/elfsight.com\/pl\/wp-json\/wp\/v2\/pages\/1921"}],"wp:attachment":[{"href":"https:\/\/elfsight.com\/pl\/wp-json\/wp\/v2\/media?parent=1939"}],"curies":[{"name":"wp","href":"https:\/\/api.w.org\/{rel}","templated":true}]}}