{"id":190,"date":"2020-11-16T09:09:15","date_gmt":"2020-11-16T09:09:15","guid":{"rendered":"https:\/\/elfsight.com\/pl\/?page_id=190"},"modified":"2021-04-21T13:34:07","modified_gmt":"2021-04-21T13:34:07","slug":"iframe-widgets","status":"publish","type":"page","link":"https:\/\/elfsight.com\/pl\/iframe-widgets\/","title":{"rendered":"iFrame widgets"},"content":{"rendered":"\n<h2>Najbardziej optymalne pluginy Elfsight dla udoskonalenia twojej strony internetowej iFrame<\/h2>\n\n<p>Przez szereg lat nasz team specjalist\u00f3w Elfsight stwarza proste i konfigurowalne wid\u017cety chmurowe dla Twojej dzia\u0142alno\u015bci. Nasz zesp\u00f3\u0142 gwarantuj\u0105 serwis wsparcia i szybko\u015b\u0107 wczytywania. Narz\u0119dzia Elfsight pomagaj\u0105 w\u0142a\u015bcicielom witryn online, niekomercyjnych i wielu innym na \u015bwiecie upora\u0107 si\u0119 z powa\u017cnymi problemami skuteczniej. \n<\/p>\n\n<p>Mo\u017cesz powi\u0119kszy\u0107 liczb\u0119 potencjalnych klient\u00f3w, zademonstrowa\u0107 pozytywne odzewy na swoje oferty, zwi\u0119kszy\u0107 zaufanie do swojej marki, poprzez wbudowanie wtyczki do Twojej witryny. Nasze plany subskrypcji wahaj\u0105 si\u0119 od bezp\u0142atnych do premium. Spr\u00f3buj zastosowa\u0107 dowolnie odpowiednie aplikacji u\u017cywaj\u0105c naszej demonstracji i poznaj jak bardzo to b\u0119dzie przydatne w kwestii rozwoju strony internetowej firmy. <\/p>\n\n<h2>Co powoduje, \u017ce widgety Elfsight s\u0105 wyj\u0105tkowymi rozwi\u0105zaniami dla Twojej strony www? <\/h2>\n\n<p> Sprawd\u017a spis podstawowych jako\u015bci naszych wtyczek, kt\u00f3re pomagaj\u0105 nam by\u0107 lepszymi, ni\u017c nasi konkurenci: <\/p>\n\n\n<ul>\n<li> Bezp\u0142atna i szybka wsparcie przy instalacje lub dostosowywanie dodatk\u00f3w; <\/li>\n<li> W pe\u0142ni responsywne do wszystkich rozdzielczo\u015bci stron internetowych i dostosowane do urz\u0105dze\u0144 mobilnych; <\/li>\n<li> Nie trzeba mie\u0107 \u015brodk\u00f3w programowania lub umiej\u0119tno\u015bci; <\/li>\n<li> Bogata gama ustawie\u0144 dostosowywania; <\/li>\n<li> Oparte na chmurze wid\u017cety pomagaj\u0105 zwi\u0119kszy\u0107 szybko\u015b\u0107 wczytywania witryny; <\/li>\n<li> Wszystkie przysz\u0142e aktualizacje s\u0105 nieodp\u0142atne i regularne; <\/li>\n<li> Sprawiedliwe ceny; <\/li>\n<li> Kompetentna pomoc z problemami klient\u00f3w. <\/li>\n<\/ul>\n\n<p> Sprawd\u017a bezp\u0142atne opcje naszych wtyczek i osi\u0105gnij jej potencja\u0142 lub kup dowolne wymagane rozwi\u0105zanie z 20% zni\u017ck\u0105. <\/p>\n\n\n<h2> Jak do\u0142\u0105czy\u0107 rozszerzenia na swojej stronie internetowej iFrame <\/h2>\n\n<p> Mo\u017cesz do\u0142\u0105czy\u0107 wid\u017cety, wykonaj kroki z \u0142atwej wskaz\u00f3wki: <\/p>\n\n\n<ol>\n<li> Naci\u015bnij wymagany dodatek; <\/li>\n<li> Dostosuj niekt\u00f3re przydatne ustawienia; <\/li>\n<li> Zastosuj zmiany; <\/li>\n<li> Otrzymaj otrzymany kod; <\/li>\n<li> Wstaw go w wymaganym miejscu Twojej witryny lub szablonu; <\/li>\n<li> Sko\u0144czone! Z powodzeniem doda\u0142e\u015b wid\u017cet. <\/li>\n<\/ol>\n\n<p> W razie jakichkolwiek problem\u00f3w, nie wahaj si\u0119 wys\u0142a\u0107 wiadomo\u015b\u0107 do zespo\u0142u wsparcia Elfsight. <\/p>\n","protected":false},"excerpt":{"rendered":"Najbardziej optymalne pluginy Elfsight dla udoskonalenia twojej strony internetowej iFrame Przez szereg lat nasz team specjalist\u00f3w Elfsight stwarza proste i konfigurowalne wid\u017cety chmurowe dla Twojej dzia\u0142alno\u015bci. Nasz zesp\u00f3\u0142 gwarantuj\u0105 serwis wsparcia i szybko\u015b\u0107 wczytywania. Narz\u0119dzia Elfsight pomagaj\u0105 w\u0142a\u015bcicielom witryn online, niekomercyjnych i wielu innym na \u015bwiecie upora\u0107 si\u0119 z powa\u017cnymi&#8230;","protected":false},"author":13,"featured_media":0,"parent":0,"menu_order":0,"comment_status":"closed","ping_status":"closed","template":"templates\/template-platform.php","meta":{"publish_to_discourse":"","publish_post_category":"","wpdc_auto_publish_overridden":"","wpdc_topic_tags":"","wpdc_pin_topic":"","wpdc_pin_until":"","discourse_post_id":"","discourse_permalink":"","wpdc_publishing_response":"","wpdc_publishing_error":"","footnotes":""},"class_list":["post-190","page","type-page","status-publish","hentry"],"yoast_head":"<!-- This site is optimized with the Yoast SEO plugin v25.3.1 - https:\/\/yoast.com\/wordpress\/plugins\/seo\/ -->\n<title>Ponad 80 najlepszych darmowych iFrame widget\u00f3w dla strony internetowej<\/title>\n<meta name=\"description\" content=\"Lista wypr\u00f3bowanych aplikacji pierwszej klasy dla twojej witryny sieci Web iFrame. Pom\u00f3c przy dostosowywanie a tak\u017ce szeroka gama mo\u017cliwo\u015bci.\" \/>\n<meta name=\"robots\" content=\"index, follow, max-snippet:-1, max-image-preview:large, max-video-preview:-1\" \/>\n<link rel=\"canonical\" href=\"https:\/\/elfsight.com\/pl\/iframe-widgets\/\" \/>\n<meta property=\"og:locale\" content=\"pl_PL\" \/>\n<meta property=\"og:type\" content=\"article\" \/>\n<meta property=\"og:title\" content=\"Ponad 80 najlepszych darmowych iFrame widget\u00f3w dla strony internetowej\" \/>\n<meta property=\"og:description\" content=\"Lista wypr\u00f3bowanych aplikacji pierwszej klasy dla twojej witryny sieci Web iFrame. Pom\u00f3c przy dostosowywanie a tak\u017ce szeroka gama mo\u017cliwo\u015bci.\" \/>\n<meta property=\"og:url\" content=\"https:\/\/elfsight.com\/pl\/iframe-widgets\/\" \/>\n<meta property=\"og:site_name\" content=\"Elfsight PL\" \/>\n<meta property=\"article:modified_time\" content=\"2021-04-21T13:34:07+00:00\" \/>\n<meta name=\"twitter:card\" content=\"summary_large_image\" \/>\n<meta name=\"twitter:label1\" content=\"Szacowany czas czytania\" \/>\n\t<meta name=\"twitter:data1\" content=\"2 minuty\" \/>\n<!-- \/ Yoast SEO plugin. -->","yoast_head_json":{"title":"Ponad 80 najlepszych darmowych iFrame widget\u00f3w dla strony internetowej","description":"Lista wypr\u00f3bowanych aplikacji pierwszej klasy dla twojej witryny sieci Web iFrame. Pom\u00f3c przy dostosowywanie a tak\u017ce szeroka gama mo\u017cliwo\u015bci.","robots":{"index":"index","follow":"follow","max-snippet":"max-snippet:-1","max-image-preview":"max-image-preview:large","max-video-preview":"max-video-preview:-1"},"canonical":"https:\/\/elfsight.com\/pl\/iframe-widgets\/","og_locale":"pl_PL","og_type":"article","og_title":"Ponad 80 najlepszych darmowych iFrame widget\u00f3w dla strony internetowej","og_description":"Lista wypr\u00f3bowanych aplikacji pierwszej klasy dla twojej witryny sieci Web iFrame. Pom\u00f3c przy dostosowywanie a tak\u017ce szeroka gama mo\u017cliwo\u015bci.","og_url":"https:\/\/elfsight.com\/pl\/iframe-widgets\/","og_site_name":"Elfsight PL","article_modified_time":"2021-04-21T13:34:07+00:00","twitter_card":"summary_large_image","twitter_misc":{"Szacowany czas czytania":"2 minuty"},"schema":{"@context":"https:\/\/schema.org","@graph":[{"@type":"WebPage","@id":"https:\/\/elfsight.com\/pl\/iframe-widgets\/","url":"https:\/\/elfsight.com\/pl\/iframe-widgets\/","name":"Ponad 80 najlepszych darmowych iFrame widget\u00f3w dla strony internetowej","isPartOf":{"@id":"https:\/\/elfsight.com\/pl\/#website"},"datePublished":"2020-11-16T09:09:15+00:00","dateModified":"2021-04-21T13:34:07+00:00","description":"Lista wypr\u00f3bowanych aplikacji pierwszej klasy dla twojej witryny sieci Web iFrame. Pom\u00f3c przy dostosowywanie a tak\u017ce szeroka gama mo\u017cliwo\u015bci.","breadcrumb":{"@id":"https:\/\/elfsight.com\/pl\/iframe-widgets\/#breadcrumb"},"inLanguage":"pl-PL","potentialAction":[{"@type":"ReadAction","target":["https:\/\/elfsight.com\/pl\/iframe-widgets\/"]}]},{"@type":"BreadcrumbList","@id":"https:\/\/elfsight.com\/pl\/iframe-widgets\/#breadcrumb","itemListElement":[{"@type":"ListItem","position":1,"name":"Home","item":"https:\/\/elfsight.com\/pl\/"},{"@type":"ListItem","position":2,"name":"iFrame widgets"}]},{"@type":"WebSite","@id":"https:\/\/elfsight.com\/pl\/#website","url":"https:\/\/elfsight.com\/pl\/","name":"Elfsight PL","description":"Just another Elfsight Sites site","potentialAction":[{"@type":"SearchAction","target":{"@type":"EntryPoint","urlTemplate":"https:\/\/elfsight.com\/pl\/?s={search_term_string}"},"query-input":{"@type":"PropertyValueSpecification","valueRequired":true,"valueName":"search_term_string"}}],"inLanguage":"pl-PL"}]}},"meta_box":{"industry":"","seo_heading":"","heading":"","description":"","cta_heading":"","cta_description":"","application":"","h1":"Najlepsze widgety iFrame","h1_caption":"Gratisowy pakiet nowych widget\u00f3w pierwszej klasy z szerokim zakresem mo\u017cliwo\u015bci dla zwi\u0119kszenia aktywno\u015bci u\u017cytkownik\u00f3w i wype\u0142nienia wszystkich r\u00f3\u017cnych cel\u00f3w promocyjnych. Szybka implementacja, obszerny asortyment mo\u017cliwo\u015bci modyfikacji a tak\u017ce wysoko wykwalifikowany serwis pomocy klienta.","application_category":[],"applications_title":"Zbadaj najlepsze widgety dla twojej strony internetowej w\u015br\u00f3d wszystkich aplikacji darmowych w edytorze internetowym","applications_request_title":"Nie mo\u017cesz znale\u017a\u0107 odpowiedniego widgeta?","applications_request_button_text":"Zam\u00f3w widget","hero_text":"","hero_video":"","hero_video_schema_markup":"","selling_points_title":"","selling_points_caption":"","selling_points":[],"selling_points_cta_text":"","features_title":"","features":"","ed_cta_examples_text":"","ed_cta_examples_hidden":"","ed_cta_demo_text":"","ed_cta_demo_hidden":"","why_caption":"","why_editor_title":"","why_editor_text":"","why_team_title":"","why_team_text":"","why_service_title":"","why_service_text":"","template_catalog_visible":"","template_catalog_title":"","template_catalog_text":"","template_catalog_categories_visible":"","demo_title":"","demo_caption":"","default_faq_hidden":"","app_template_category":[],"platform":"187","template_public_id":"","codecanyon_url":"","codecanyon_item_id":"","codecanyon_price":"","pricing_caption":"","pricing_elfsight_apps_hide_column":"","pricing_elfsight_apps_url":"","pricing_codecanyon_price_caption":"","integration_category":[],"integration_request_title":"","integration_request_cta":"","integration_platform":"","integrations":[],"platform_category":[],"video_schema_markup":"","price":"","trial":"","benefits":[],"button_url":"","button_target_blank":"","button_nofollow":"","attributes":[],"tags":[],"tags_disable_links":"","hide_more_platforms":"","video_object":"","demo_hide_cta":"","demo_hide_cloud_options":"","pricing_title":"","pricing":[],"related_apps_title":"","related_apps_hidden":"","author":"","image":[],"title":"","job":"","social_networks":[]},"_links":{"self":[{"href":"https:\/\/elfsight.com\/pl\/wp-json\/wp\/v2\/pages\/190","targetHints":{"allow":["GET"]}}],"collection":[{"href":"https:\/\/elfsight.com\/pl\/wp-json\/wp\/v2\/pages"}],"about":[{"href":"https:\/\/elfsight.com\/pl\/wp-json\/wp\/v2\/types\/page"}],"author":[{"embeddable":true,"href":"https:\/\/elfsight.com\/pl\/wp-json\/wp\/v2\/users\/13"}],"replies":[{"embeddable":true,"href":"https:\/\/elfsight.com\/pl\/wp-json\/wp\/v2\/comments?post=190"}],"version-history":[{"count":2,"href":"https:\/\/elfsight.com\/pl\/wp-json\/wp\/v2\/pages\/190\/revisions"}],"predecessor-version":[{"id":192,"href":"https:\/\/elfsight.com\/pl\/wp-json\/wp\/v2\/pages\/190\/revisions\/192"}],"wp:attachment":[{"href":"https:\/\/elfsight.com\/pl\/wp-json\/wp\/v2\/media?parent=190"}],"curies":[{"name":"wp","href":"https:\/\/api.w.org\/{rel}","templated":true}]}}