{"id":1864,"date":"2021-01-26T09:39:52","date_gmt":"2021-01-26T09:39:52","guid":{"rendered":"https:\/\/elfsight.com\/pl\/?page_id=1864"},"modified":"2021-01-26T09:52:45","modified_gmt":"2021-01-26T09:52:45","slug":"examples","status":"publish","type":"page","link":"https:\/\/elfsight.com\/pl\/facebook-feed-widget\/examples\/","title":{"rendered":"Facebook Feed &#8211; Examples"},"content":{"rendered":"\n<div class=\"application-examples-item application-examples-item-loading\">\n                            <div class=\"col-row\">\n                                <div class=\"col-6 col-m-8 col-s-12\"><h3 class=\"application-examples-item-title\">Przyk\u0142ad 1: \u015aredni wid\u017cet<\/h3><div class=\"application-examples-item-description\">Ten widget w \u015brednim rozmiarze b\u0119dzie pasowa\u0142 do wi\u0119kszo\u015bci przypadk\u00f3w, gdy Facebook musi by\u0107 osadzony w obszarze tre\u015bci strony internetowej. Mo\u017cesz \u0142atwo zmieni\u0107 parametry szeroko\u015bci i wysoko\u015bci, aby dostosowa\u0107 go do swoich potrzeb. Nag\u0142\u00f3wek zawiera ok\u0142adk\u0119 strony, nazw\u0119 i statystyki oraz przyciski Lubi\u0119 to i Udost\u0119pnij.<\/div><\/div>\n                <\/div>\n\n                <div class=\"application-examples-item-iframe-container browser-frame\">\n                    <div class=\"application-examples-item-iframe-wrapper\">\n                        <iframe class=\"application-examples-item-iframe\" data-src=\"https:\/\/apps.elfsight.com\/template\/7d35b25e-09ea-430b-a72e-31f578c052de?padding=28px+0+28px+0\" width=\"100%\" allow=\"autoplay; fullscreen\"><\/iframe>\n                    <\/div>\n\n                    <div class=\"application-examples-item-loader\"><\/div>\n                <\/div>\n            <\/div>\n\n<div class=\"application-examples-item application-examples-item-loading\">\n                            <div class=\"col-row\">\n                                <div class=\"col-6 col-m-8 col-s-12\"><h3 class=\"application-examples-item-title\">Przyk\u0142ad 2: Ma\u0142y wid\u017cet<\/h3><div class=\"application-examples-item-description\">Zobacz, jak pi\u0119knie wszystkie elementy nag\u0142\u00f3wka zmieniaj\u0105 si\u0119 po wybraniu szeroko\u015bci wid\u017cetu. Dzi\u0119ki adaptacyjno\u015bci, niezale\u017cnie od ustawionych parametr\u00f3w szeroko\u015bci i wysoko\u015bci, feed b\u0119dzie wygl\u0105da\u0142 genialnie i jednocze\u015bnie zachowa ca\u0142\u0105 funkcjonalno\u015b\u0107. U\u017cytkownik mo\u017ce wy\u015bwietli\u0107 ka\u017cdy post w wyskakuj\u0105cym okienku i natychmiast reagowa\u0107.<\/div><\/div>\n                <\/div>\n\n                <div class=\"application-examples-item-iframe-container browser-frame\">\n                    <div class=\"application-examples-item-iframe-wrapper\">\n                        <iframe class=\"application-examples-item-iframe\" data-src=\"https:\/\/apps.elfsight.com\/template\/71dc519a-f250-40ff-bed9-06fc23be1f63?padding=28px+0+28px+0\" width=\"100%\" allow=\"autoplay; fullscreen\"><\/iframe>\n                    <\/div>\n\n                    <div class=\"application-examples-item-loader\"><\/div>\n                <\/div>\n            <\/div>\n\n<div class=\"application-examples-item application-examples-item-loading\">\n                            <div class=\"col-row\">\n                                <div class=\"col-6 col-m-8 col-s-12\"><h3 class=\"application-examples-item-title\">Przyk\u0142ad 3: Wielki widget<\/h3><div class=\"application-examples-item-description\">Aby wid\u017cet o du\u017cych rozmiarach dobrze pasowa\u0142 do strony, mo\u017cesz zmienia\u0107 spos\u00f3b wy\u015bwietlania r\u00f3\u017cnych element\u00f3w. W tym przypadku zdj\u0119cie na ok\u0142adce nag\u0142\u00f3wka zosta\u0142o wy\u0142\u0105czone, przez co ca\u0142y wygl\u0105d nie b\u0119dzie tak masywny. Wszystkie informacje o postach pozostaj\u0105 tam, a same posty \u0142adnie s\u0105siaduj\u0105 w feedzie. Przycisk Wczytaj wi\u0119cej pomaga w szybkiej nawigacji.<\/div><\/div>\n                <\/div>\n\n                <div class=\"application-examples-item-iframe-container browser-frame\">\n                    <div class=\"application-examples-item-iframe-wrapper\">\n                        <iframe class=\"application-examples-item-iframe\" data-src=\"https:\/\/apps.elfsight.com\/template\/c9429aad-e5de-401a-8804-d800ff67a1a2?padding=28px+0+28px+0\" width=\"100%\" allow=\"autoplay; fullscreen\"><\/iframe>\n                    <\/div>\n\n                    <div class=\"application-examples-item-loader\"><\/div>\n                <\/div>\n            <\/div>\n\n\n<div class=\"application-cta-create\">\n                    <div class=\"application-cta-create-bg\">\n                        <div class=\"application-cta-create-bg-left\"><\/div>\n\n                        <div class=\"application-cta-create-bg-right\">\n                            <img decoding=\"async\" src=\"https:\/\/elfsight.com\/pl\/wp-content\/themes\/elfsight\/frontend\/assets\/img\/application-cta-create.jpg\" alt=\"Zacznij od stworzenia swojego wid\u017cetu\">\n                        <\/div>\n                    <\/div>\n\n                    <div class=\"application-cta-create-content inner\">\n                        <div class=\"application-cta-create-content-inner\">\n                            <div class=\"application-cta-create-content-icon\">\n                                <svg viewBox=\"0 0 25 25\" width=\"100%\" height=\"100%\">\n                                    <use xlink:href=\"#icon-settings\"><\/use>\n                                <\/svg>\n                            <\/div>\n\n                            <div class=\"application-cta-create-content-title\">Zacznij od stworzenia swojego wid\u017cetu<\/div>\n\n                            <div class=\"application-cta-create-content-text\">Szybko. \u0141atwo. Bez kodowania.<\/div>\n\n                            <a class=\"application-cta-create-content-button button-48 button-has-right-icon button-black button\" href=\"\">\n                                <span class=\"button-label\">Utw\u00f3rz wid\u017cet<\/span>\n\n                                <svg class=\"button-icon\">\n                                    <use xlink:href=\"#icon-arrow-link\"><\/use>\n                                <\/svg>\n                            <\/a>\n                        <\/div>\n                    <\/div>\n                <\/div>\n\n\n<div class=\"application-examples-item application-examples-item-loading\">\n                            <div class=\"col-row\">\n                                <div class=\"col-6 col-m-8 col-s-12\"><h3 class=\"application-examples-item-title\">Przyk\u0142ad 4: Posty z Facebooka<\/h3><div class=\"application-examples-item-description\">Uzyskaj maksymalnie czysty wygl\u0105d, gdy wszystko, co chcesz pokaza\u0107, to posty. Opcja prze\u0142\u0105czania menu pozwala wy\u015bwietla\u0107 tylko jeden typ tre\u015bci i zamienia wid\u017cet w seri\u0119 post\u00f3w. A kiedy nag\u0142\u00f3wek jest r\u00f3wnie\u017c ukryty, wid\u017cet skupia maksymaln\u0105 uwag\u0119 na postach, ze statystykami i opcjami udost\u0119pniania.<\/div><\/div>\n                <\/div>\n\n                <div class=\"application-examples-item-iframe-container browser-frame\">\n                    <div class=\"application-examples-item-iframe-wrapper\">\n                        <iframe class=\"application-examples-item-iframe application-examples-item-iframe-fixed-height\" data-src=\"https:\/\/apps.elfsight.com\/template\/b3000eaa-7f15-4d6d-b583-ed47fcb3074f?padding=28px+0+28px+0\" width=\"100%\" height=\"830px\" allow=\"autoplay; fullscreen\"><\/iframe>\n                    <\/div>\n\n                    <div class=\"application-examples-item-loader\"><\/div>\n                <\/div>\n            <\/div>\n\n<div class=\"application-examples-item application-examples-item-loading\">\n                            <div class=\"col-row\">\n                                <div class=\"col-6 col-m-8 col-s-12\"><h3 class=\"application-examples-item-title\">Przyk\u0142ad 5: Posty o pe\u0142nej szeroko\u015bci<\/h3><div class=\"application-examples-item-description\">Mo\u017cesz zintegrowa\u0107 Facebook Feed z ca\u0142\u0105 stron\u0105 i b\u0119d\u0105 one idealnie \u0142\u0105czy\u0107. Pozostawienie warto\u015bci Auto w polach szeroko\u015bci i wysoko\u015bci powoduje, \u017ce widget automatycznie wype\u0142nia ca\u0142\u0105 dost\u0119pn\u0105 przestrze\u0144 na stronie. Po wy\u0142\u0105czeniu nag\u0142\u00f3wka kana\u0142 zmienia si\u0119 w imponuj\u0105c\u0105 prezentacj\u0119 post\u00f3w, wart\u0105 dedykowanej strony.<\/div><\/div>\n                <\/div>\n\n                <div class=\"application-examples-item-iframe-container browser-frame\">\n                    <div class=\"application-examples-item-iframe-wrapper\">\n                        <iframe class=\"application-examples-item-iframe application-examples-item-iframe-fixed-height\" data-src=\"https:\/\/apps.elfsight.com\/template\/08530d6b-9217-4b05-82d9-29c98fbaa8ca?padding=28px+0+28px+0\" width=\"100%\" height=\"800px\" allow=\"autoplay; fullscreen\"><\/iframe>\n                    <\/div>\n\n                    <div class=\"application-examples-item-loader\"><\/div>\n                <\/div>\n            <\/div>\n\n<div class=\"application-examples-item application-examples-item-loading\">\n                            <div class=\"col-row\">\n                                <div class=\"col-6 col-m-8 col-s-12\"><h3 class=\"application-examples-item-title\">Przyk\u0142ad 6: Zdj\u0119cia z Facebooka<\/h3><div class=\"application-examples-item-description\">Wystarczy kilka klikni\u0119\u0107, aby przekszta\u0142ci\u0107 sw\u00f3j feed w nieodpart\u0105 galeri\u0119 zdj\u0119\u0107. Minimalistyczny i czysty, skazany na przyci\u0105ganie wy\u015bwietle\u0144 i zaanga\u017cowania - to tylko zdj\u0119cia z Facebooka bez dodatkowych szczeg\u00f3\u0142\u00f3w. Otwieraj\u0105 si\u0119 w wyskakuj\u0105cym okienku, aby uzyska\u0107 pe\u0142ny widok, a u\u017cytkownicy mog\u0105 tam nawigowa\u0107, przeci\u0105gaj\u0105c lub u\u017cywaj\u0105c strza\u0142ek. Reakcje i przycisk Udost\u0119pnij s\u0105 r\u00f3wnie\u017c dost\u0119pne w wyskakuj\u0105cym okienku.<\/div><\/div>\n                <\/div>\n\n                <div class=\"application-examples-item-iframe-container browser-frame\">\n                    <div class=\"application-examples-item-iframe-wrapper\">\n                        <iframe class=\"application-examples-item-iframe application-examples-item-iframe-fixed-height\" data-src=\"https:\/\/apps.elfsight.com\/template\/3ff8aeee-d27e-4dee-a1dc-6a21adb60313?padding=28px+0+28px+0\" width=\"100%\" height=\"800px\" allow=\"autoplay; fullscreen\"><\/iframe>\n                    <\/div>\n\n                    <div class=\"application-examples-item-loader\"><\/div>\n                <\/div>\n            <\/div>\n","protected":false},"excerpt":{"rendered":"","protected":false},"author":13,"featured_media":0,"parent":1843,"menu_order":0,"comment_status":"closed","ping_status":"closed","template":"templates\/template-application-examples.php","meta":{"publish_to_discourse":"","publish_post_category":"","wpdc_auto_publish_overridden":"","wpdc_topic_tags":"","wpdc_pin_topic":"","wpdc_pin_until":"","discourse_post_id":"","discourse_permalink":"","wpdc_publishing_response":"","wpdc_publishing_error":"","footnotes":""},"class_list":["post-1864","page","type-page","status-publish","hentry"],"yoast_head":"<!-- This site is optimized with the Yoast SEO plugin v25.3.1 - https:\/\/yoast.com\/wordpress\/plugins\/seo\/ -->\n<title>Przyk\u0142ady Facebook Feed - przyk\u0142ady integracji stron www z Facebookiem<\/title>\n<meta name=\"description\" content=\"TOP 6 przyk\u0142ad\u00f3w integracji Facebook Feed: wszelkiego rodzaju tre\u015bci, wid\u017cet news feed, galeria zdj\u0119\u0107 i film\u00f3w z Facebook dla Twojej witryny.\" \/>\n<meta name=\"robots\" content=\"index, follow, max-snippet:-1, max-image-preview:large, max-video-preview:-1\" \/>\n<link rel=\"canonical\" href=\"https:\/\/elfsight.com\/pl\/facebook-feed-widget\/examples\/\" \/>\n<meta property=\"og:locale\" content=\"pl_PL\" \/>\n<meta property=\"og:type\" content=\"article\" \/>\n<meta property=\"og:title\" content=\"Przyk\u0142ady Facebook Feed - przyk\u0142ady integracji stron www z Facebookiem\" \/>\n<meta property=\"og:description\" content=\"TOP 6 przyk\u0142ad\u00f3w integracji Facebook Feed: wszelkiego rodzaju tre\u015bci, wid\u017cet news feed, galeria zdj\u0119\u0107 i film\u00f3w z Facebook dla Twojej witryny.\" \/>\n<meta property=\"og:url\" content=\"https:\/\/elfsight.com\/pl\/facebook-feed-widget\/examples\/\" \/>\n<meta property=\"og:site_name\" content=\"Elfsight PL\" \/>\n<meta property=\"article:modified_time\" content=\"2021-01-26T09:52:45+00:00\" \/>\n<meta name=\"twitter:card\" content=\"summary_large_image\" \/>\n<meta name=\"twitter:label1\" content=\"Szacowany czas czytania\" \/>\n\t<meta name=\"twitter:data1\" content=\"3 minuty\" \/>\n<!-- \/ Yoast SEO plugin. -->","yoast_head_json":{"title":"Przyk\u0142ady Facebook Feed - przyk\u0142ady integracji stron www z Facebookiem","description":"TOP 6 przyk\u0142ad\u00f3w integracji Facebook Feed: wszelkiego rodzaju tre\u015bci, wid\u017cet news feed, galeria zdj\u0119\u0107 i film\u00f3w z Facebook dla Twojej witryny.","robots":{"index":"index","follow":"follow","max-snippet":"max-snippet:-1","max-image-preview":"max-image-preview:large","max-video-preview":"max-video-preview:-1"},"canonical":"https:\/\/elfsight.com\/pl\/facebook-feed-widget\/examples\/","og_locale":"pl_PL","og_type":"article","og_title":"Przyk\u0142ady Facebook Feed - przyk\u0142ady integracji stron www z Facebookiem","og_description":"TOP 6 przyk\u0142ad\u00f3w integracji Facebook Feed: wszelkiego rodzaju tre\u015bci, wid\u017cet news feed, galeria zdj\u0119\u0107 i film\u00f3w z Facebook dla Twojej witryny.","og_url":"https:\/\/elfsight.com\/pl\/facebook-feed-widget\/examples\/","og_site_name":"Elfsight PL","article_modified_time":"2021-01-26T09:52:45+00:00","twitter_card":"summary_large_image","twitter_misc":{"Szacowany czas czytania":"3 minuty"},"schema":{"@context":"https:\/\/schema.org","@graph":[{"@type":"WebPage","@id":"https:\/\/elfsight.com\/pl\/facebook-feed-widget\/examples\/","url":"https:\/\/elfsight.com\/pl\/facebook-feed-widget\/examples\/","name":"Przyk\u0142ady Facebook Feed - przyk\u0142ady integracji stron www z Facebookiem","isPartOf":{"@id":"https:\/\/elfsight.com\/pl\/#website"},"datePublished":"2021-01-26T09:39:52+00:00","dateModified":"2021-01-26T09:52:45+00:00","description":"TOP 6 przyk\u0142ad\u00f3w integracji Facebook Feed: wszelkiego rodzaju tre\u015bci, wid\u017cet news feed, galeria zdj\u0119\u0107 i film\u00f3w z Facebook dla Twojej witryny.","breadcrumb":{"@id":"https:\/\/elfsight.com\/pl\/facebook-feed-widget\/examples\/#breadcrumb"},"inLanguage":"pl-PL","potentialAction":[{"@type":"ReadAction","target":["https:\/\/elfsight.com\/pl\/facebook-feed-widget\/examples\/"]}]},{"@type":"BreadcrumbList","@id":"https:\/\/elfsight.com\/pl\/facebook-feed-widget\/examples\/#breadcrumb","itemListElement":[{"@type":"ListItem","position":1,"name":"Home","item":"https:\/\/elfsight.com\/pl\/"},{"@type":"ListItem","position":2,"name":"Facebook Feed","item":"https:\/\/elfsight.com\/pl\/facebook-feed-widget\/"},{"@type":"ListItem","position":3,"name":"Facebook Feed &#8211; Examples"}]},{"@type":"WebSite","@id":"https:\/\/elfsight.com\/pl\/#website","url":"https:\/\/elfsight.com\/pl\/","name":"Elfsight PL","description":"Just another Elfsight Sites site","potentialAction":[{"@type":"SearchAction","target":{"@type":"EntryPoint","urlTemplate":"https:\/\/elfsight.com\/pl\/?s={search_term_string}"},"query-input":{"@type":"PropertyValueSpecification","valueRequired":true,"valueName":"search_term_string"}}],"inLanguage":"pl-PL"}]}},"meta_box":{"industry":"","seo_heading":"","heading":"","description":"","cta_heading":"","cta_description":"","application":"1841","h1":"","h1_caption":"","application_category":[],"applications_title":"","applications_request_title":"","applications_request_button_text":"","hero_text":"","hero_video":"","hero_video_schema_markup":"","selling_points_title":"","selling_points_caption":"","selling_points":[],"selling_points_cta_text":"","features_title":"","features":"","ed_cta_examples_text":"","ed_cta_examples_hidden":"","ed_cta_demo_text":"","ed_cta_demo_hidden":"","why_caption":"","why_editor_title":"","why_editor_text":"","why_team_title":"","why_team_text":"","why_service_title":"","why_service_text":"","template_catalog_visible":"","template_catalog_title":"","template_catalog_text":"","template_catalog_categories_visible":"","demo_title":"","demo_caption":"","default_faq_hidden":"","app_template_category":[],"platform":"","template_public_id":"","codecanyon_url":"","codecanyon_item_id":"","codecanyon_price":"","pricing_caption":"","pricing_elfsight_apps_hide_column":"","pricing_elfsight_apps_url":"","pricing_codecanyon_price_caption":"","integration_category":[],"integration_request_title":"","integration_request_cta":"","integration_platform":"","integrations":[],"platform_category":[],"video_schema_markup":"","price":"","trial":"","benefits":[],"button_url":"","button_target_blank":"","button_nofollow":"","attributes":[],"tags":[],"tags_disable_links":"","hide_more_platforms":"","video_object":"","demo_hide_cta":"","demo_hide_cloud_options":"","pricing_title":"","pricing":[],"related_apps_title":"","related_apps_hidden":"","author":"","image":[],"title":"","job":"","social_networks":[]},"_links":{"self":[{"href":"https:\/\/elfsight.com\/pl\/wp-json\/wp\/v2\/pages\/1864","targetHints":{"allow":["GET"]}}],"collection":[{"href":"https:\/\/elfsight.com\/pl\/wp-json\/wp\/v2\/pages"}],"about":[{"href":"https:\/\/elfsight.com\/pl\/wp-json\/wp\/v2\/types\/page"}],"author":[{"embeddable":true,"href":"https:\/\/elfsight.com\/pl\/wp-json\/wp\/v2\/users\/13"}],"replies":[{"embeddable":true,"href":"https:\/\/elfsight.com\/pl\/wp-json\/wp\/v2\/comments?post=1864"}],"version-history":[{"count":5,"href":"https:\/\/elfsight.com\/pl\/wp-json\/wp\/v2\/pages\/1864\/revisions"}],"predecessor-version":[{"id":1869,"href":"https:\/\/elfsight.com\/pl\/wp-json\/wp\/v2\/pages\/1864\/revisions\/1869"}],"up":[{"embeddable":true,"href":"https:\/\/elfsight.com\/pl\/wp-json\/wp\/v2\/pages\/1843"}],"wp:attachment":[{"href":"https:\/\/elfsight.com\/pl\/wp-json\/wp\/v2\/media?parent=1864"}],"curies":[{"name":"wp","href":"https:\/\/api.w.org\/{rel}","templated":true}]}}