{"id":1828,"date":"2021-01-20T09:09:25","date_gmt":"2021-01-20T09:09:25","guid":{"rendered":"https:\/\/elfsight.com\/pl\/?page_id=1828"},"modified":"2022-01-21T08:43:56","modified_gmt":"2022-01-21T08:43:56","slug":"examples","status":"publish","type":"page","link":"https:\/\/elfsight.com\/pl\/opentable-reviews-widget\/examples\/","title":{"rendered":"Opentable Reviews &#8211; Examples"},"content":{"rendered":"\n<div class=\"application-examples-item application-examples-item-loading\">\n                            <div class=\"col-row\">\n                                <div class=\"col-6 col-m-8 col-s-12\"><h3 class=\"application-examples-item-title\">Przyk\u0142ad 1. Pro\u015bba o opinie<\/h3><div class=\"application-examples-item-description\">Tutaj recenzje s\u0105 u\u0142o\u017cone w obszerny wid\u017cet w oryginalnych kolorach OpenTable, z umiarkowanym nag\u0142\u00f3wkiem. Nag\u0142\u00f3wek przedstawia og\u00f3ln\u0105 ocen\u0119 strony i liczb\u0119 u\u017cytkownik\u00f3w, kt\u00f3rzy opublikowali swoje rekomendacje. Po klikni\u0119ciu zdj\u0119cia prowadz\u0105 do Twojej strony. Przycisk pro\u015bby o recenzj\u0119 zaprasza u\u017cytkownik\u00f3w do pozostawienia nowej recenzji, a opcja Tak jest pomalowana na niebiesko, aby przyci\u0105ga\u0107 klikni\u0119cia.<\/div><\/div>\n                <\/div>\n\n                <div class=\"application-examples-item-iframe-container browser-frame\">\n                    <div class=\"application-examples-item-iframe-wrapper\">\n                        <iframe class=\"application-examples-item-iframe\" data-src=\"https:\/\/elfsight.com\/examples?widget_id=b8d54778-f3dc-42b3-9f4d-38e21eb5bd4c\" width=\"100%\" allow=\"autoplay; fullscreen\"><\/iframe>\n                    <\/div>\n\n                    <div class=\"application-examples-item-loader\"><\/div>\n                <\/div>\n            <\/div>\n\n<div class=\"application-examples-item application-examples-item-loading\">\n                            <div class=\"col-row\">\n                                <div class=\"col-6 col-m-8 col-s-12\"><h3 class=\"application-examples-item-title\">Przyk\u0142ad 2. Lista<\/h3><div class=\"application-examples-item-description\">Oto jest spos\u00f3b na przedstawienie recenzji na stronie internetowej w postaci jasnej listy z autentycznymi farbami OpenTable. Je\u015bli wy\u0142\u0105czysz nag\u0142\u00f3wek i ustawisz automatyczne wymiary szeroko\u015bci i wysoko\u015bci, jak mozecie zobaczyc tu, widget poprostu dostosuje si\u0119 do dost\u0119pnego miejsca i b\u0119dzie wygl\u0105da\u0142 natywnie..<\/div><\/div>\n                <\/div>\n\n                <div class=\"application-examples-item-iframe-container browser-frame\">\n                    <div class=\"application-examples-item-iframe-wrapper\">\n                        <iframe class=\"application-examples-item-iframe application-examples-item-iframe-fixed-height\" data-src=\"https:\/\/apps.elfsight.com\/template\/9ed9db32-316b-46e6-a922-d34c73b6bcdc?padding=28px+40px+40px\" width=\"100%\" height=\"700\" allow=\"autoplay; fullscreen\"><\/iframe>\n                    <\/div>\n\n                    <div class=\"application-examples-item-loader\"><\/div>\n                <\/div>\n            <\/div>\n\n<div class=\"application-examples-item application-examples-item-loading\">\n                            <div class=\"col-row\">\n                                <div class=\"col-6 col-m-8 col-s-12\"><h3 class=\"application-examples-item-title\">Przyk\u0142ad 3. Masonry<\/h3><div class=\"application-examples-item-description\">Tutaj siatka recenzji jest pokazana jako uk\u0142ad murarski, kt\u00f3ry uk\u0142ada komentarzy w najlepszej mo\u017cliwej kolejno\u015bci na podstawie ich warto\u015bci. Unikalny dob\u00f3r farb przyni\u00f3s\u0142 niepowtarzalny wygl\u0105d. Ocena w skali gwiazdkowej udowadnia wysok\u0105 ocen\u0119 konsument\u00f3w.<\/div><\/div>\n                <\/div>\n\n                <div class=\"application-examples-item-iframe-container browser-frame\">\n                    <div class=\"application-examples-item-iframe-wrapper\">\n                        <iframe class=\"application-examples-item-iframe application-examples-item-iframe-fixed-height\" data-src=\"https:\/\/apps.elfsight.com\/template\/b9f988a9-160c-43d9-b93e-762c9664579c?padding=28px+40px+40px\" width=\"100%\" height=\"700\" allow=\"autoplay; fullscreen\"><\/iframe>\n                    <\/div>\n\n                    <div class=\"application-examples-item-loader\"><\/div>\n                <\/div>\n            <\/div>\n\n<div class=\"application-cta-create\">\n                    <div class=\"application-cta-create-bg\">\n                        <div class=\"application-cta-create-bg-left\"><\/div>\n\n                        <div class=\"application-cta-create-bg-right\">\n                            <img decoding=\"async\" src=\"https:\/\/elfsight.com\/pl\/wp-content\/themes\/elfsight\/frontend\/assets\/img\/application-cta-create.jpg\" alt=\"Zacznij od stworzenia swojego wid\u017cetu\">\n                        <\/div>\n                    <\/div>\n\n                    <div class=\"application-cta-create-content inner\">\n                        <div class=\"application-cta-create-content-inner\">\n                            <div class=\"application-cta-create-content-icon\">\n                                <svg viewBox=\"0 0 25 25\" width=\"100%\" height=\"100%\">\n                                    <use xlink:href=\"#icon-settings\"><\/use>\n                                <\/svg>\n                            <\/div>\n\n                            <div class=\"application-cta-create-content-title\">Zacznij od stworzenia swojego wid\u017cetu<\/div>\n\n                            <div class=\"application-cta-create-content-text\">Szybko. \u0141atwo. Bez kodowania.<\/div>\n\n                            <a class=\"application-cta-create-content-button button-48 button-has-right-icon button-black button\" href=\"\">\n                                <span class=\"button-label\">Utw\u00f3rz wid\u017cet<\/span>\n\n                                <svg class=\"button-icon\">\n                                    <use xlink:href=\"#icon-arrow-link\"><\/use>\n                                <\/svg>\n                            <\/a>\n                        <\/div>\n                    <\/div>\n                <\/div>\n\n<div class=\"application-examples-item application-examples-item-loading\">\n                            <div class=\"col-row\">\n                                <div class=\"col-6 col-m-8 col-s-12\"><h3 class=\"application-examples-item-title\">Przyk\u0142ad 4. Siatka<\/h3><div class=\"application-examples-item-description\">Powi\u0105zanie uk\u0142adu siatki i szablonu Spotlight tworzy wspania\u0142y, przejrzysty wygl\u0105d widgetu. Proste linie i wy\u015brodkowane teksty opinii przyci\u0105gaj\u0105 uwag\u0119. Linearna geometria uk\u0142adu Grid mo\u017ce r\u00f3wnie w\u0142a\u015bciwie dostosowywa\u0107 si\u0119 do wszystkich innych szablon\u00f3w - elementy interfejsu zosta\u0142y zaprojektowane tak, aby mo\u017cna je by\u0142o w pe\u0142ni wyregulowa\u0107.<\/div><\/div>\n                <\/div>\n\n                <div class=\"application-examples-item-iframe-container browser-frame\">\n                    <div class=\"application-examples-item-iframe-wrapper\">\n                        <iframe class=\"application-examples-item-iframe application-examples-item-iframe-fixed-height\" data-src=\"https:\/\/apps.elfsight.com\/template\/482218af-e1bb-47ed-a20f-83df6930d61b?padding=28px+40px+40px\" width=\"100%\" height=\"700\" allow=\"autoplay; fullscreen\"><\/iframe>\n                    <\/div>\n\n                    <div class=\"application-examples-item-loader\"><\/div>\n                <\/div>\n            <\/div>\n\n<div class=\"application-examples-item application-examples-item-loading\">\n                            <div class=\"col-row\">\n                                <div class=\"col-6 col-m-8 col-s-12\"><h3 class=\"application-examples-item-title\">Przyk\u0142ad 5. Carousel<\/h3><div class=\"application-examples-item-description\">W tym przyk\u0142adzie wid\u017cet w uk\u0142adzie Slider demonstruje recenzje w karuzeli autoodtwarzaniem. To jest optymalny wariant, na przyk\u0142ad, dla strony g\u0142\u00f3wnej. Uk\u0142ad Slider oferuje elementy nawigacji: strza\u0142ka, przeci\u0105ganie lub paginacja. Mo\u017cesz ustawi\u0107, ile opinii b\u0119dzie wy\u015bwietlane na ka\u017cdym slajdzie.<\/div><\/div>\n                <\/div>\n\n                <div class=\"application-examples-item-iframe-container browser-frame\">\n                    <div class=\"application-examples-item-iframe-wrapper\">\n                        <iframe class=\"application-examples-item-iframe\" data-src=\"https:\/\/apps.elfsight.com\/template\/6ac22156-2798-4efa-8e96-2aeb62a8e4d5?padding=28px+40px+40px\" width=\"100%\" allow=\"autoplay; fullscreen\"><\/iframe>\n                    <\/div>\n\n                    <div class=\"application-examples-item-loader\"><\/div>\n                <\/div>\n            <\/div>\n\n<div class=\"application-examples-item application-examples-item-loading\">\n                            <div class=\"col-row\">\n                                <div class=\"col-6 col-m-8 col-s-12\"><h3 class=\"application-examples-item-title\">Przyk\u0142ad 6. Slider<\/h3><div class=\"application-examples-item-description\">Je\u015bli b\u0119dziesz pokazywa\u0142 recenzje jedn\u0105 po drugiej, przyci\u0105gniesz maksymaln\u0105 uwag\u0119 u\u017cytkownik\u00f3w. W tym przypadku szablon Spotlight wprowadza kolejno\u015b\u0107 element\u00f3w: zdj\u0119cie autora i ocena znajduj\u0105 si\u0119 nad tekstem referencji, a wszystkie elementy s\u0105 wyr\u00f3wnane centrum. Inne komentarzy mo\u017cna zobaczy\u0107, przeci\u0105gaj\u0105c lub klikaj\u0105c strza\u0142ki.<\/div><\/div>\n                <\/div>\n\n                <div class=\"application-examples-item-iframe-container browser-frame\">\n                    <div class=\"application-examples-item-iframe-wrapper\">\n                        <iframe class=\"application-examples-item-iframe\" data-src=\"https:\/\/apps.elfsight.com\/template\/6ca84dbb-1c01-42f1-8aee-fe0de2642f1f?padding=28px+40px+40px\" width=\"100%\" allow=\"autoplay; fullscreen\"><\/iframe>\n                    <\/div>\n\n                    <div class=\"application-examples-item-loader\"><\/div>\n                <\/div>\n            <\/div>\n\n<div class=\"application-examples-item application-examples-item-loading\">\n                            <div class=\"col-row\">\n                                <div class=\"col-6 col-m-8 col-s-12\"><h3 class=\"application-examples-item-title\">Przyk\u0142ad 7. Sidebar<\/h3><div class=\"application-examples-item-description\">Oto jest doskona\u0142y przyk\u0142ad sposobu, w jaki mo\u017cna zintegrowa\u0107 wid\u017cet opinii z witryn\u0105 na bardzo ma\u0142ej przestrzeni. Dopasowany jako pasek boczny, wid\u017cet prezentuje tylko najwa\u017cniejsze elementy i ma umiarkowany rozmiar, ale utrzyma wszystkie funkcje.<\/div><\/div>\n                <\/div>\n\n                <div class=\"application-examples-item-iframe-container browser-frame\">\n                    <div class=\"application-examples-item-iframe-wrapper\">\n                        <iframe class=\"application-examples-item-iframe\" data-src=\"https:\/\/apps.elfsight.com\/template\/7913bec7-2cfa-44f0-bebc-6a7de3a3ddff?padding=28px+40px+40px\" width=\"100%\" allow=\"autoplay; fullscreen\"><\/iframe>\n                    <\/div>\n\n                    <div class=\"application-examples-item-loader\"><\/div>\n                <\/div>\n            <\/div>\n","protected":false},"excerpt":{"rendered":"","protected":false},"author":13,"featured_media":0,"parent":1811,"menu_order":0,"comment_status":"closed","ping_status":"closed","template":"templates\/template-application-examples.php","meta":{"publish_to_discourse":"","publish_post_category":"","wpdc_auto_publish_overridden":"","wpdc_topic_tags":"","wpdc_pin_topic":"","wpdc_pin_until":"","discourse_post_id":"","discourse_permalink":"","wpdc_publishing_response":"","wpdc_publishing_error":"","footnotes":""},"class_list":["post-1828","page","type-page","status-publish","hentry"],"yoast_head":"<!-- This site is optimized with the Yoast SEO plugin v25.3.1 - https:\/\/yoast.com\/wordpress\/plugins\/seo\/ -->\n<title>Wypr\u00f3buj najlepsze przyk\u0142ady widgetu OpenTable Opinie w demo<\/title>\n<meta name=\"description\" content=\"Wszystkie warianty Recenzji OpenTable w jednym miejscu: Masonry, List, Sidebar, Carousel, itp. Wybierz najlepiej pasuj\u0105cy do Twojej witryny.\" \/>\n<meta name=\"robots\" content=\"index, follow, max-snippet:-1, max-image-preview:large, max-video-preview:-1\" \/>\n<link rel=\"canonical\" href=\"https:\/\/elfsight.com\/pl\/opentable-reviews-widget\/examples\/\" \/>\n<meta property=\"og:locale\" content=\"pl_PL\" \/>\n<meta property=\"og:type\" content=\"article\" \/>\n<meta property=\"og:title\" content=\"Wypr\u00f3buj najlepsze przyk\u0142ady widgetu OpenTable Opinie w demo\" \/>\n<meta property=\"og:description\" content=\"Wszystkie warianty Recenzji OpenTable w jednym miejscu: Masonry, List, Sidebar, Carousel, itp. Wybierz najlepiej pasuj\u0105cy do Twojej witryny.\" \/>\n<meta property=\"og:url\" content=\"https:\/\/elfsight.com\/pl\/opentable-reviews-widget\/examples\/\" \/>\n<meta property=\"og:site_name\" content=\"Elfsight PL\" \/>\n<meta property=\"article:modified_time\" content=\"2022-01-21T08:43:56+00:00\" \/>\n<meta name=\"twitter:card\" content=\"summary_large_image\" \/>\n<meta name=\"twitter:label1\" content=\"Szacowany czas czytania\" \/>\n\t<meta name=\"twitter:data1\" content=\"2 minuty\" \/>\n<!-- \/ Yoast SEO plugin. -->","yoast_head_json":{"title":"Wypr\u00f3buj najlepsze przyk\u0142ady widgetu OpenTable Opinie w demo","description":"Wszystkie warianty Recenzji OpenTable w jednym miejscu: Masonry, List, Sidebar, Carousel, itp. Wybierz najlepiej pasuj\u0105cy do Twojej witryny.","robots":{"index":"index","follow":"follow","max-snippet":"max-snippet:-1","max-image-preview":"max-image-preview:large","max-video-preview":"max-video-preview:-1"},"canonical":"https:\/\/elfsight.com\/pl\/opentable-reviews-widget\/examples\/","og_locale":"pl_PL","og_type":"article","og_title":"Wypr\u00f3buj najlepsze przyk\u0142ady widgetu OpenTable Opinie w demo","og_description":"Wszystkie warianty Recenzji OpenTable w jednym miejscu: Masonry, List, Sidebar, Carousel, itp. Wybierz najlepiej pasuj\u0105cy do Twojej witryny.","og_url":"https:\/\/elfsight.com\/pl\/opentable-reviews-widget\/examples\/","og_site_name":"Elfsight PL","article_modified_time":"2022-01-21T08:43:56+00:00","twitter_card":"summary_large_image","twitter_misc":{"Szacowany czas czytania":"2 minuty"},"schema":{"@context":"https:\/\/schema.org","@graph":[{"@type":"WebPage","@id":"https:\/\/elfsight.com\/pl\/opentable-reviews-widget\/examples\/","url":"https:\/\/elfsight.com\/pl\/opentable-reviews-widget\/examples\/","name":"Wypr\u00f3buj najlepsze przyk\u0142ady widgetu OpenTable Opinie w demo","isPartOf":{"@id":"https:\/\/elfsight.com\/pl\/#website"},"datePublished":"2021-01-20T09:09:25+00:00","dateModified":"2022-01-21T08:43:56+00:00","description":"Wszystkie warianty Recenzji OpenTable w jednym miejscu: Masonry, List, Sidebar, Carousel, itp. Wybierz najlepiej pasuj\u0105cy do Twojej witryny.","breadcrumb":{"@id":"https:\/\/elfsight.com\/pl\/opentable-reviews-widget\/examples\/#breadcrumb"},"inLanguage":"pl-PL","potentialAction":[{"@type":"ReadAction","target":["https:\/\/elfsight.com\/pl\/opentable-reviews-widget\/examples\/"]}]},{"@type":"BreadcrumbList","@id":"https:\/\/elfsight.com\/pl\/opentable-reviews-widget\/examples\/#breadcrumb","itemListElement":[{"@type":"ListItem","position":1,"name":"Home","item":"https:\/\/elfsight.com\/pl\/"},{"@type":"ListItem","position":2,"name":"OpenTable Reviews","item":"https:\/\/elfsight.com\/pl\/opentable-reviews-widget\/"},{"@type":"ListItem","position":3,"name":"Opentable Reviews &#8211; Examples"}]},{"@type":"WebSite","@id":"https:\/\/elfsight.com\/pl\/#website","url":"https:\/\/elfsight.com\/pl\/","name":"Elfsight PL","description":"Just another Elfsight Sites site","potentialAction":[{"@type":"SearchAction","target":{"@type":"EntryPoint","urlTemplate":"https:\/\/elfsight.com\/pl\/?s={search_term_string}"},"query-input":{"@type":"PropertyValueSpecification","valueRequired":true,"valueName":"search_term_string"}}],"inLanguage":"pl-PL"}]}},"meta_box":{"industry":"","seo_heading":"","heading":"","description":"","cta_heading":"","cta_description":"","application":"1810","h1":"","h1_caption":"","application_category":[],"applications_title":"","applications_request_title":"","applications_request_button_text":"","hero_text":"","hero_video":"","hero_video_schema_markup":"","selling_points_title":"","selling_points_caption":"","selling_points":[],"selling_points_cta_text":"","features_title":"","features":"","ed_cta_examples_text":"","ed_cta_examples_hidden":"","ed_cta_demo_text":"","ed_cta_demo_hidden":"","why_caption":"","why_editor_title":"","why_editor_text":"","why_team_title":"","why_team_text":"","why_service_title":"","why_service_text":"","template_catalog_visible":"","template_catalog_title":"","template_catalog_text":"","template_catalog_categories_visible":"","demo_title":"","demo_caption":"","default_faq_hidden":"","app_template_category":[],"platform":"","template_public_id":"","codecanyon_url":"","codecanyon_item_id":"","codecanyon_price":"","pricing_caption":"","pricing_elfsight_apps_hide_column":"","pricing_elfsight_apps_url":"","pricing_codecanyon_price_caption":"","integration_category":[],"integration_request_title":"","integration_request_cta":"","integration_platform":"","integrations":[],"platform_category":[],"video_schema_markup":"","price":"","trial":"","benefits":[],"button_url":"","button_target_blank":"","button_nofollow":"","attributes":[],"tags":[],"tags_disable_links":"","hide_more_platforms":"","video_object":"","demo_hide_cta":"","demo_hide_cloud_options":"","pricing_title":"","pricing":[],"related_apps_title":"","related_apps_hidden":"","author":"","image":[],"title":"","job":"","social_networks":[]},"_links":{"self":[{"href":"https:\/\/elfsight.com\/pl\/wp-json\/wp\/v2\/pages\/1828","targetHints":{"allow":["GET"]}}],"collection":[{"href":"https:\/\/elfsight.com\/pl\/wp-json\/wp\/v2\/pages"}],"about":[{"href":"https:\/\/elfsight.com\/pl\/wp-json\/wp\/v2\/types\/page"}],"author":[{"embeddable":true,"href":"https:\/\/elfsight.com\/pl\/wp-json\/wp\/v2\/users\/13"}],"replies":[{"embeddable":true,"href":"https:\/\/elfsight.com\/pl\/wp-json\/wp\/v2\/comments?post=1828"}],"version-history":[{"count":5,"href":"https:\/\/elfsight.com\/pl\/wp-json\/wp\/v2\/pages\/1828\/revisions"}],"predecessor-version":[{"id":3157,"href":"https:\/\/elfsight.com\/pl\/wp-json\/wp\/v2\/pages\/1828\/revisions\/3157"}],"up":[{"embeddable":true,"href":"https:\/\/elfsight.com\/pl\/wp-json\/wp\/v2\/pages\/1811"}],"wp:attachment":[{"href":"https:\/\/elfsight.com\/pl\/wp-json\/wp\/v2\/media?parent=1828"}],"curies":[{"name":"wp","href":"https:\/\/api.w.org\/{rel}","templated":true}]}}