{"id":176,"date":"2020-11-16T08:35:04","date_gmt":"2020-11-16T08:35:04","guid":{"rendered":"https:\/\/elfsight.com\/pl\/?page_id=176"},"modified":"2021-04-21T13:33:45","modified_gmt":"2021-04-21T13:33:45","slug":"ecwid-widgets","status":"publish","type":"page","link":"https:\/\/elfsight.com\/pl\/ecwid-widgets\/","title":{"rendered":"Ecwid widgets"},"content":{"rendered":"\n<h2>Najskuteczniejsze pluginy Elfsight dla aktualizacji twojej strony internetowej Ecwid<\/h2>\n\n<p>Od wielu lat nasz zesp\u00f3\u0142 deweloper\u00f3w Elfsight wytwarza \u0142atwe w obs\u0142udze i w pe\u0142ni responsywne pluginy chmurowe dla Twojej witryny internetowej. Elfsight gwarantuje us\u0142ugi wsparcia oraz szybko\u015b\u0107 wczytywania. Widgety Elfsight wespraj\u0105 w\u0142a\u015bcicielom witryn www, niekomercyjnych i innym z r\u00f3\u017cnych kraj\u00f3w \u015bwiata zaradzi\u0107 powa\u017cnymi kwestiami bardziej racjonalnie. \n<\/p>\n\n<p>Aby powi\u0119kszy\u0107 liczb\u0119 potencjalnych klient\u00f3w, wykaza\u0107 pozytywne opinie na Twoje us\u0142ugi, zwi\u0119kszy\u0107 zaufanie do swojej marki, wystarczy zainstalowa\u0107 dodatek do Pa\u0144stwa strony Web. Nasze plany abonamentowe s\u0105 w zakresie od bezp\u0142atnych do premium. \u0141atwo do\u0142\u0105czy\u0107 dowolnie wybrane aplikacji korzystaj\u0105c z naszej demonstracji i zobacz jak bardzo to b\u0119dzie przydatne w kwestii rozwoju strony internetowej Twojego przedsi\u0119biorstwa. <\/p>\n\n<h2>Co powoduje, \u017ce widgety Ecwid s\u0105 tak wyj\u0105tkowymi narz\u0119dziami dla Ciebie? <\/h2>\n\n<p> Sprawd\u017a list\u0119 kluczowych jako\u015bci naszych plugin\u00f3w, kt\u00f3re umo\u017cliwiaj\u0105 nam wyprzedzi\u0107 konkurencj\u0119: <\/p>\n\n\n<ul>\n<li> Nieodp\u0142atna i sprawna wsparcie przy instalacje lub dostosowywanie aplikacji; <\/li>\n<li> Zdolne do adaptacji do wszystkich rozdzielczo\u015bci witryn internetowych i dostosowane do urz\u0105dze\u0144 mobilnych; <\/li>\n<li> Nie ma potrzeby uczysz si\u0119 kodowania; <\/li>\n<li> Szeroki wyb\u00f3r opcji dostosowywania; <\/li>\n<li> Przechowywanie danych chmurze pomagaj\u0105 zwi\u0119kszy\u0107 szybko\u015b\u0107 wczytywania serwisu; <\/li>\n<li> Wszystkie aktualizacje s\u0105 darmowe i regularne; <\/li>\n<li> Przyst\u0119pne ceny; <\/li>\n<li> Sta\u0142a pomoc w przypadku problem\u00f3w. <\/li>\n<\/ul>\n\n<p> Zbadaj bezp\u0142atne opcje naszych aplikacji i u\u017cywaj jej potencja\u0142 lub kup dowolne wymagane rozwi\u0105zanie z 20% rabatem. <\/p>\n\n\n<h2> W jaki spos\u00f3b wstawi\u0107 aplikacji na Twojej witrynie Ecwid <\/h2>\n\n<p> Aby zamie\u015bci\u0107 nasze aplikacji, zobacz nast\u0119pnie kroki z kr\u00f3tkiej instrukcji: <\/p>\n\n\n<ol>\n<li> Wybierz wymagany dodatek; <\/li>\n<li> Skonfiguruj przydatne zmiany; <\/li>\n<li> Kliknij przycisk &#8222;Zapisz Zmiany&#8221;; <\/li>\n<li> Skopiuj wygenerowany kod; <\/li>\n<li> Zainstaluj kod instalacji w dost\u0119pnym miejscu Twojej strony lub szablonu; <\/li>\n<li> Sko\u0144czone! Pomy\u015blnie zako\u0144czy\u0142e\u015b dodawanie wid\u017cet. <\/li>\n<\/ol>\n\n<p> W przypadku pyta\u0144, zapraszamy zwr\u00f3ci\u0107 si\u0119 do zespo\u0142u wsparcia Elfsight. <\/p>\n","protected":false},"excerpt":{"rendered":"Najskuteczniejsze pluginy Elfsight dla aktualizacji twojej strony internetowej Ecwid Od wielu lat nasz zesp\u00f3\u0142 deweloper\u00f3w Elfsight wytwarza \u0142atwe w obs\u0142udze i w pe\u0142ni responsywne pluginy chmurowe dla Twojej witryny internetowej. Elfsight gwarantuje us\u0142ugi wsparcia oraz szybko\u015b\u0107 wczytywania. Widgety Elfsight wespraj\u0105 w\u0142a\u015bcicielom witryn www, niekomercyjnych i innym z r\u00f3\u017cnych kraj\u00f3w \u015bwiata&#8230;","protected":false},"author":13,"featured_media":0,"parent":0,"menu_order":0,"comment_status":"closed","ping_status":"closed","template":"templates\/template-platform.php","meta":{"publish_to_discourse":"","publish_post_category":"","wpdc_auto_publish_overridden":"","wpdc_topic_tags":"","wpdc_pin_topic":"","wpdc_pin_until":"","discourse_post_id":"","discourse_permalink":"","wpdc_publishing_response":"","wpdc_publishing_error":"","footnotes":""},"class_list":["post-176","page","type-page","status-publish","hentry"],"yoast_head":"<!-- This site is optimized with the Yoast SEO plugin v25.3.1 - https:\/\/yoast.com\/wordpress\/plugins\/seo\/ -->\n<title>Ponad 80 najlepszych darmowych Ecwid widget\u00f3w dla strony internetowej<\/title>\n<meta name=\"description\" content=\"Lista testowanych darmowych rozszerze\u0144 najwy\u017cszej klasy dla twojej strony www Ecwid. Pom\u00f3c przy dostosowanie oraz szeroka gama opcji.\" \/>\n<meta name=\"robots\" content=\"index, follow, max-snippet:-1, max-image-preview:large, max-video-preview:-1\" \/>\n<link rel=\"canonical\" href=\"https:\/\/elfsight.com\/pl\/ecwid-widgets\/\" \/>\n<meta property=\"og:locale\" content=\"pl_PL\" \/>\n<meta property=\"og:type\" content=\"article\" \/>\n<meta property=\"og:title\" content=\"Ponad 80 najlepszych darmowych Ecwid widget\u00f3w dla strony internetowej\" \/>\n<meta property=\"og:description\" content=\"Lista testowanych darmowych rozszerze\u0144 najwy\u017cszej klasy dla twojej strony www Ecwid. Pom\u00f3c przy dostosowanie oraz szeroka gama opcji.\" \/>\n<meta property=\"og:url\" content=\"https:\/\/elfsight.com\/pl\/ecwid-widgets\/\" \/>\n<meta property=\"og:site_name\" content=\"Elfsight PL\" \/>\n<meta property=\"article:modified_time\" content=\"2021-04-21T13:33:45+00:00\" \/>\n<meta name=\"twitter:card\" content=\"summary_large_image\" \/>\n<meta name=\"twitter:label1\" content=\"Szacowany czas czytania\" \/>\n\t<meta name=\"twitter:data1\" content=\"2 minuty\" \/>\n<!-- \/ Yoast SEO plugin. -->","yoast_head_json":{"title":"Ponad 80 najlepszych darmowych Ecwid widget\u00f3w dla strony internetowej","description":"Lista testowanych darmowych rozszerze\u0144 najwy\u017cszej klasy dla twojej strony www Ecwid. Pom\u00f3c przy dostosowanie oraz szeroka gama opcji.","robots":{"index":"index","follow":"follow","max-snippet":"max-snippet:-1","max-image-preview":"max-image-preview:large","max-video-preview":"max-video-preview:-1"},"canonical":"https:\/\/elfsight.com\/pl\/ecwid-widgets\/","og_locale":"pl_PL","og_type":"article","og_title":"Ponad 80 najlepszych darmowych Ecwid widget\u00f3w dla strony internetowej","og_description":"Lista testowanych darmowych rozszerze\u0144 najwy\u017cszej klasy dla twojej strony www Ecwid. Pom\u00f3c przy dostosowanie oraz szeroka gama opcji.","og_url":"https:\/\/elfsight.com\/pl\/ecwid-widgets\/","og_site_name":"Elfsight PL","article_modified_time":"2021-04-21T13:33:45+00:00","twitter_card":"summary_large_image","twitter_misc":{"Szacowany czas czytania":"2 minuty"},"schema":{"@context":"https:\/\/schema.org","@graph":[{"@type":"WebPage","@id":"https:\/\/elfsight.com\/pl\/ecwid-widgets\/","url":"https:\/\/elfsight.com\/pl\/ecwid-widgets\/","name":"Ponad 80 najlepszych darmowych Ecwid widget\u00f3w dla strony internetowej","isPartOf":{"@id":"https:\/\/elfsight.com\/pl\/#website"},"datePublished":"2020-11-16T08:35:04+00:00","dateModified":"2021-04-21T13:33:45+00:00","description":"Lista testowanych darmowych rozszerze\u0144 najwy\u017cszej klasy dla twojej strony www Ecwid. Pom\u00f3c przy dostosowanie oraz szeroka gama opcji.","breadcrumb":{"@id":"https:\/\/elfsight.com\/pl\/ecwid-widgets\/#breadcrumb"},"inLanguage":"pl-PL","potentialAction":[{"@type":"ReadAction","target":["https:\/\/elfsight.com\/pl\/ecwid-widgets\/"]}]},{"@type":"BreadcrumbList","@id":"https:\/\/elfsight.com\/pl\/ecwid-widgets\/#breadcrumb","itemListElement":[{"@type":"ListItem","position":1,"name":"Home","item":"https:\/\/elfsight.com\/pl\/"},{"@type":"ListItem","position":2,"name":"Ecwid widgets"}]},{"@type":"WebSite","@id":"https:\/\/elfsight.com\/pl\/#website","url":"https:\/\/elfsight.com\/pl\/","name":"Elfsight PL","description":"Just another Elfsight Sites site","potentialAction":[{"@type":"SearchAction","target":{"@type":"EntryPoint","urlTemplate":"https:\/\/elfsight.com\/pl\/?s={search_term_string}"},"query-input":{"@type":"PropertyValueSpecification","valueRequired":true,"valueName":"search_term_string"}}],"inLanguage":"pl-PL"}]}},"meta_box":{"industry":"","seo_heading":"","heading":"","description":"","cta_heading":"","cta_description":"","application":"","h1":"Najlepsze widgety Ecwid","h1_caption":"Gratisowy odbi\u00f3r rewelacyjnych element\u00f3w interfejsu pierwszej klasy z szerokim zakresem funkcji dla powi\u0119kszania sprzeda\u017cy i osi\u0105gni\u0119cia wszystkich innych dzia\u0142a\u0144 o charakterze handlowym. Proste integrowanie, szeroka oferta mo\u017cliwo\u015bci modyfikacji i profesjonalna obs\u0142uga klienta.","application_category":[],"applications_title":"Poznaj najodpowiedniejsze widgety dla twojej strony internetowej w\u015br\u00f3d wszystkich dodatk\u00f3w gratisowych w demonstracje online","applications_request_title":"Nie mo\u017cesz znale\u017a\u0107 odpowiedniego widgeta?","applications_request_button_text":"Zam\u00f3w widget","hero_text":"","hero_video":"","hero_video_schema_markup":"","selling_points_title":"","selling_points_caption":"","selling_points":[],"selling_points_cta_text":"","features_title":"","features":"","ed_cta_examples_text":"","ed_cta_examples_hidden":"","ed_cta_demo_text":"","ed_cta_demo_hidden":"","why_caption":"","why_editor_title":"","why_editor_text":"","why_team_title":"","why_team_text":"","why_service_title":"","why_service_text":"","template_catalog_visible":"","template_catalog_title":"","template_catalog_text":"","template_catalog_categories_visible":"","demo_title":"","demo_caption":"","default_faq_hidden":"","app_template_category":[],"platform":"173","template_public_id":"","codecanyon_url":"","codecanyon_item_id":"","codecanyon_price":"","pricing_caption":"","pricing_elfsight_apps_hide_column":"","pricing_elfsight_apps_url":"","pricing_codecanyon_price_caption":"","integration_category":[],"integration_request_title":"","integration_request_cta":"","integration_platform":"","integrations":[],"platform_category":[],"video_schema_markup":"","price":"","trial":"","benefits":[],"button_url":"","button_target_blank":"","button_nofollow":"","attributes":[],"tags":[],"tags_disable_links":"","hide_more_platforms":"","video_object":"","demo_hide_cta":"","demo_hide_cloud_options":"","pricing_title":"","pricing":[],"related_apps_title":"","related_apps_hidden":"","author":"","image":[],"title":"","job":"","social_networks":[]},"_links":{"self":[{"href":"https:\/\/elfsight.com\/pl\/wp-json\/wp\/v2\/pages\/176","targetHints":{"allow":["GET"]}}],"collection":[{"href":"https:\/\/elfsight.com\/pl\/wp-json\/wp\/v2\/pages"}],"about":[{"href":"https:\/\/elfsight.com\/pl\/wp-json\/wp\/v2\/types\/page"}],"author":[{"embeddable":true,"href":"https:\/\/elfsight.com\/pl\/wp-json\/wp\/v2\/users\/13"}],"replies":[{"embeddable":true,"href":"https:\/\/elfsight.com\/pl\/wp-json\/wp\/v2\/comments?post=176"}],"version-history":[{"count":3,"href":"https:\/\/elfsight.com\/pl\/wp-json\/wp\/v2\/pages\/176\/revisions"}],"predecessor-version":[{"id":2929,"href":"https:\/\/elfsight.com\/pl\/wp-json\/wp\/v2\/pages\/176\/revisions\/2929"}],"wp:attachment":[{"href":"https:\/\/elfsight.com\/pl\/wp-json\/wp\/v2\/media?parent=176"}],"curies":[{"name":"wp","href":"https:\/\/api.w.org\/{rel}","templated":true}]}}