{"id":1733,"date":"2021-01-18T10:21:47","date_gmt":"2021-01-18T10:21:47","guid":{"rendered":"https:\/\/elfsight.com\/pl\/?page_id=1733"},"modified":"2024-07-17T08:36:45","modified_gmt":"2024-07-17T08:36:45","slug":"examples","status":"publish","type":"page","link":"https:\/\/elfsight.com\/pl\/google-play-reviews-widget\/examples\/","title":{"rendered":"Google Play Reviews &#8211; Examples"},"content":{"rendered":"\n<div class=\"application-examples-item application-examples-item-loading\">\n                            <div class=\"col-row\">\n                                <div class=\"col-6 col-m-8 col-s-12\"><h3 class=\"application-examples-item-title\">Przyk\u0142ad 1. Pro\u015bba o opinie<\/h3><div class=\"application-examples-item-description\">\n\n<p>Recenzje s\u0105 uporz\u0105dkowane w przejrzysty wid\u017cet w uzupe\u0142niaj\u0105cych si\u0119 kolorach Google Play, z umiarkowanym nag\u0142\u00f3wkiem. Nag\u0142\u00f3wek wy\u015bwietla ca\u0142kowit\u0105 ocen\u0119 strony i pokazuje liczb\u0119 u\u017cytkownik\u00f3w, kt\u00f3rzy opublikowali swoje rekomendacje ze zdj\u0119ciami naj\u015bwie\u017cszych. Zdj\u0119cia mo\u017cna klikn\u0105\u0107. Przycisk pro\u015bby o recenzj\u0119 zach\u0119ca u\u017cytkownik\u00f3w do pozostawienia nowej recenzji, a opcja Tak jest pomalowana na niebiesko, aby przyci\u0105gn\u0105\u0107 wzrok. \n<\/p><\/div><\/div>\n                <\/div>\n\n                <div class=\"application-examples-item-iframe-container browser-frame\">\n                    <div class=\"application-examples-item-iframe-wrapper\">\n                        <iframe class=\"application-examples-item-iframe\" data-src=\"https:\/\/elfsight.com\/examples?widget_id=b6d52cb5-8532-49a5-bc0c-ad24546c78c9&padding=10\" width=\"100%\" allow=\"autoplay; fullscreen\"><\/iframe>\n                    <\/div>\n\n                    <div class=\"application-examples-item-loader\"><\/div>\n                <\/div>\n            <\/div>\n\n<div class=\"application-examples-item application-examples-item-loading\">\n                            <div class=\"col-row\">\n                                <div class=\"col-6 col-m-8 col-s-12\"><h3 class=\"application-examples-item-title\">Przyk\u0142ad 2. Lista<\/h3><div class=\"application-examples-item-description\">\n<p>Oto jest spos\u00f3b na u\u0142o\u017cenie recenzji na stronie www w postaci jasnej listy z autentycznymi kolorystyk\u0105 Google Play. Je\u015bli ukryjesz nag\u0142\u00f3wek i ustawisz automatyczne wymiary szeroko\u015bci i wysoko\u015bci, jak w tym przyk\u0142adzie, widget sam przystosuje si\u0119 do dost\u0119pnego miejsca i b\u0119dzie wygl\u0105da\u0142 natywnie.<\/p><\/div><\/div>\n                <\/div>\n\n                <div class=\"application-examples-item-iframe-container browser-frame\">\n                    <div class=\"application-examples-item-iframe-wrapper\">\n                        <iframe class=\"application-examples-item-iframe application-examples-item-iframe-fixed-height\" data-src=\"https:\/\/elfsight.com\/examples?widget_id=325982e2-7066-4623-8519-97d2898efa0e&padding=10\" width=\"100%\" height=\"700\" allow=\"autoplay; fullscreen\"><\/iframe>\n                    <\/div>\n\n                    <div class=\"application-examples-item-loader\"><\/div>\n                <\/div>\n            <\/div>\n\n<div class=\"application-examples-item application-examples-item-loading\">\n                            <div class=\"col-row\">\n                                <div class=\"col-6 col-m-8 col-s-12\"><h3 class=\"application-examples-item-title\">Przyk\u0142ad 3. Masonry<\/h3><div class=\"application-examples-item-description\">\n<p>Tutaj siatka recenzji jest u\u0142o\u017cona jako wariant murarski, kt\u00f3ry ustawia recenzje w najlepszej mo\u017cliwej kolejno\u015bci na podstawie ich warto\u015bci. Unikalny dob\u00f3r farb zrobi\u0142 wyj\u0105tkowy wygl\u0105d. Ocena w skali gwiazdkowej udowadnia wysok\u0105 ocen\u0119 u\u017cytkownik\u00f3w.<\/p><\/div><\/div>\n                <\/div>\n\n                <div class=\"application-examples-item-iframe-container browser-frame\">\n                    <div class=\"application-examples-item-iframe-wrapper\">\n                        <iframe class=\"application-examples-item-iframe application-examples-item-iframe-fixed-height\" data-src=\"https:\/\/elfsight.com\/examples?widget_id=fdcc24b4-653f-482a-861a-ee18e18c52c9&padding=20\" width=\"100%\" height=\"700\" allow=\"autoplay; fullscreen\"><\/iframe>\n                    <\/div>\n\n                    <div class=\"application-examples-item-loader\"><\/div>\n                <\/div>\n            <\/div>\n\n<div class=\"application-cta-create\">\n                    <div class=\"application-cta-create-bg\">\n                        <div class=\"application-cta-create-bg-left\"><\/div>\n\n                        <div class=\"application-cta-create-bg-right\">\n                            <img decoding=\"async\" src=\"https:\/\/elfsight.com\/pl\/wp-content\/themes\/elfsight\/frontend\/assets\/img\/application-cta-create.jpg\" alt=\"Zacznij od stworzenia swojego wid\u017cetu\">\n                        <\/div>\n                    <\/div>\n\n                    <div class=\"application-cta-create-content inner\">\n                        <div class=\"application-cta-create-content-inner\">\n                            <div class=\"application-cta-create-content-icon\">\n                                <svg viewBox=\"0 0 25 25\" width=\"100%\" height=\"100%\">\n                                    <use xlink:href=\"#icon-settings\"><\/use>\n                                <\/svg>\n                            <\/div>\n\n                            <div class=\"application-cta-create-content-title\">Zacznij od stworzenia swojego wid\u017cetu<\/div>\n\n                            <div class=\"application-cta-create-content-text\">Szybko. \u0141atwo. Bez kodowania.<\/div>\n\n                            <a class=\"application-cta-create-content-button button-48 button-has-right-icon button-black button\" href=\"\">\n                                <span class=\"button-label\">Utw\u00f3rz wid\u017cet<\/span>\n\n                                <svg class=\"button-icon\">\n                                    <use xlink:href=\"#icon-arrow-link\"><\/use>\n                                <\/svg>\n                            <\/a>\n                        <\/div>\n                    <\/div>\n                <\/div>\n\n<div class=\"application-examples-item application-examples-item-loading\">\n                            <div class=\"col-row\">\n                                <div class=\"col-6 col-m-8 col-s-12\"><h3 class=\"application-examples-item-title\">Przyk\u0142ad 4. Siatka<\/h3><div class=\"application-examples-item-description\">\n<p>Powi\u0105zanie uk\u0142adu siatki i szablonu Spotlight utwarza wspania\u0142y, przejrzysty wygl\u0105d. Proste linie i wy\u015brodkowane teksty komentarzy przyci\u0105gaj\u0105 najwi\u0119ksz\u0105 uwag\u0119 odwiedzaj\u0105cych. Linearna geometria uk\u0142adu Grid mo\u017ce tak\u017ce w\u0142a\u015bciwie dopasowywa\u0107 si\u0119 do wszystkich innych szablon\u00f3w opinii - elementy interfejsu zosta\u0142y zaprojektowane tak, \u017ceby mo\u017cna je by\u0142o w pe\u0142ni zaadaptowa\u0107.<\/p><\/div><\/div>\n                <\/div>\n\n                <div class=\"application-examples-item-iframe-container browser-frame\">\n                    <div class=\"application-examples-item-iframe-wrapper\">\n                        <iframe class=\"application-examples-item-iframe application-examples-item-iframe-fixed-height\" data-src=\"https:\/\/elfsight.com\/examples?widget_id=a26d4faf-4a4f-495e-bf47-050470517e89&padding=10\" width=\"100%\" height=\"700\" allow=\"autoplay; fullscreen\"><\/iframe>\n                    <\/div>\n\n                    <div class=\"application-examples-item-loader\"><\/div>\n                <\/div>\n            <\/div>\n\n<div class=\"application-examples-item application-examples-item-loading\">\n                            <div class=\"col-row\">\n                                <div class=\"col-6 col-m-8 col-s-12\"><h3 class=\"application-examples-item-title\">Przyk\u0142ad 5. Carousel<\/h3><div class=\"application-examples-item-description\">\n<p>W tym przyk\u0142adzie wid\u017cet w uk\u0142adzie Slider prezentuje recenzje w karuzeli z gr\u0105 automatyczn\u0105. To jest wspania\u0142y wariant, na przyk\u0142ad, dla strony g\u0142\u00f3wnej. Uk\u0142ad suwaka zawiera elementy nawigacji: strza\u0142ka, przeci\u0105ganie lub paginacja. Jest mo\u017cliwe wybra\u0107, ile referencji b\u0119dzie pokazane na jednym slajdzie.<\/p><\/div><\/div>\n                <\/div>\n\n                <div class=\"application-examples-item-iframe-container browser-frame\">\n                    <div class=\"application-examples-item-iframe-wrapper\">\n                        <iframe class=\"application-examples-item-iframe application-examples-item-iframe-fixed-height\" data-src=\"https:\/\/elfsight.com\/examples?widget_id=c909ba7a-7e3d-4bc6-9cec-501b4261c5a6&padding=10\" width=\"100%\" height=\"400\" allow=\"autoplay; fullscreen\"><\/iframe>\n                    <\/div>\n\n                    <div class=\"application-examples-item-loader\"><\/div>\n                <\/div>\n            <\/div>\n\n<div class=\"application-examples-item application-examples-item-loading\">\n                            <div class=\"col-row\">\n                                <div class=\"col-6 col-m-8 col-s-12\"><h3 class=\"application-examples-item-title\">Przyk\u0142ad 6. Slider<\/h3><div class=\"application-examples-item-description\">\n<p>Je\u015bli poka\u017cesz recenzje jedn\u0105 po drugiej, przyci\u0105gniesz maksymaln\u0105 uwag\u0119 odbiorc\u00f3w. W tym przyk\u0142adzie szablon Spotlight ustala kolejno\u015b\u0107 fragment\u00f3w: obraz autora i ocena znajduj\u0105 si\u0119 nad tekstem recenzji, a wszystkie elementy s\u0105 wyr\u00f3wnane centrum. Inne opinie mo\u017cna przeczyta\u0107, przeci\u0105gaj\u0105c lub klikaj\u0105c strza\u0142ki.<\/p><\/div><\/div>\n                <\/div>\n\n                <div class=\"application-examples-item-iframe-container browser-frame\">\n                    <div class=\"application-examples-item-iframe-wrapper\">\n                        <iframe class=\"application-examples-item-iframe application-examples-item-iframe-fixed-height\" data-src=\"https:\/\/elfsight.com\/examples?widget_id=0e912cfa-18b8-481e-ba38-e94165786585&padding=10\" width=\"100%\" height=\"400\" allow=\"autoplay; fullscreen\"><\/iframe>\n                    <\/div>\n\n                    <div class=\"application-examples-item-loader\"><\/div>\n                <\/div>\n            <\/div>\n\n<div class=\"application-examples-item application-examples-item-loading\">\n                            <div class=\"col-row\">\n                                <div class=\"col-6 col-m-8 col-s-12\"><h3 class=\"application-examples-item-title\">Przyk\u0142ad 7. Sidebar<\/h3><div class=\"application-examples-item-description\"><p>Tu jest wspania\u0142y przyk\u0142ad sposobu, w jaki mo\u017cna zintegrowa\u0107 wid\u017cet opinii z stron\u0105 na bardzo ma\u0142ej przestrzeni. Ustawiony jako pasek boczny, wid\u017cet demonstruje tylko najwa\u017cniejsze elementy i ma umiarkowany rozmiar, ale utrzyma wszystkie funkcje.<\/p><\/div><\/div>\n                <\/div>\n\n                <div class=\"application-examples-item-iframe-container browser-frame\">\n                    <div class=\"application-examples-item-iframe-wrapper\">\n                        <iframe class=\"application-examples-item-iframe application-examples-item-iframe-fixed-height\" data-src=\"https:\/\/elfsight.com\/examples?widget_id=fdfdf4af-1b8b-46f9-b114-c35ad4cd1b4b&padding=10\" width=\"100%\" height=\"400\" allow=\"autoplay; fullscreen\"><\/iframe>\n                    <\/div>\n\n                    <div class=\"application-examples-item-loader\"><\/div>\n                <\/div>\n            <\/div>\n","protected":false},"excerpt":{"rendered":"","protected":false},"author":13,"featured_media":0,"parent":1717,"menu_order":0,"comment_status":"closed","ping_status":"closed","template":"templates\/template-application-examples.php","meta":{"publish_to_discourse":"","publish_post_category":"","wpdc_auto_publish_overridden":"","wpdc_topic_tags":"","wpdc_pin_topic":"","wpdc_pin_until":"","discourse_post_id":"","discourse_permalink":"","wpdc_publishing_response":"","wpdc_publishing_error":"","footnotes":""},"class_list":["post-1733","page","type-page","status-publish","hentry"],"yoast_head":"<!-- This site is optimized with the Yoast SEO plugin v25.3.1 - https:\/\/yoast.com\/wordpress\/plugins\/seo\/ -->\n<title>Najlepsze przyk\u0142ady wid\u017cetu Opinii Google Play w wersji demonstracyjnej<\/title>\n<meta name=\"description\" content=\"Wszystkie warianty recenzji Google Play dla Twojej witryny: Masonry, List, Sidebar i inne. Wybierz wariant recenzji dla strony internetowej.\" \/>\n<meta name=\"robots\" content=\"index, follow, max-snippet:-1, max-image-preview:large, max-video-preview:-1\" \/>\n<link rel=\"canonical\" href=\"https:\/\/elfsight.com\/pl\/google-play-reviews-widget\/examples\/\" \/>\n<meta property=\"og:locale\" content=\"pl_PL\" \/>\n<meta property=\"og:type\" content=\"article\" \/>\n<meta property=\"og:title\" content=\"Najlepsze przyk\u0142ady wid\u017cetu Opinii Google Play w wersji demonstracyjnej\" \/>\n<meta property=\"og:description\" content=\"Wszystkie warianty recenzji Google Play dla Twojej witryny: Masonry, List, Sidebar i inne. Wybierz wariant recenzji dla strony internetowej.\" \/>\n<meta property=\"og:url\" content=\"https:\/\/elfsight.com\/pl\/google-play-reviews-widget\/examples\/\" \/>\n<meta property=\"og:site_name\" content=\"Elfsight PL\" \/>\n<meta property=\"article:modified_time\" content=\"2024-07-17T08:36:45+00:00\" \/>\n<meta name=\"twitter:card\" content=\"summary_large_image\" \/>\n<meta name=\"twitter:label1\" content=\"Szacowany czas czytania\" \/>\n\t<meta name=\"twitter:data1\" content=\"3 minuty\" \/>\n<!-- \/ Yoast SEO plugin. -->","yoast_head_json":{"title":"Najlepsze przyk\u0142ady wid\u017cetu Opinii Google Play w wersji demonstracyjnej","description":"Wszystkie warianty recenzji Google Play dla Twojej witryny: Masonry, List, Sidebar i inne. Wybierz wariant recenzji dla strony internetowej.","robots":{"index":"index","follow":"follow","max-snippet":"max-snippet:-1","max-image-preview":"max-image-preview:large","max-video-preview":"max-video-preview:-1"},"canonical":"https:\/\/elfsight.com\/pl\/google-play-reviews-widget\/examples\/","og_locale":"pl_PL","og_type":"article","og_title":"Najlepsze przyk\u0142ady wid\u017cetu Opinii Google Play w wersji demonstracyjnej","og_description":"Wszystkie warianty recenzji Google Play dla Twojej witryny: Masonry, List, Sidebar i inne. Wybierz wariant recenzji dla strony internetowej.","og_url":"https:\/\/elfsight.com\/pl\/google-play-reviews-widget\/examples\/","og_site_name":"Elfsight PL","article_modified_time":"2024-07-17T08:36:45+00:00","twitter_card":"summary_large_image","twitter_misc":{"Szacowany czas czytania":"3 minuty"},"schema":{"@context":"https:\/\/schema.org","@graph":[{"@type":"WebPage","@id":"https:\/\/elfsight.com\/pl\/google-play-reviews-widget\/examples\/","url":"https:\/\/elfsight.com\/pl\/google-play-reviews-widget\/examples\/","name":"Najlepsze przyk\u0142ady wid\u017cetu Opinii Google Play w wersji demonstracyjnej","isPartOf":{"@id":"https:\/\/elfsight.com\/pl\/#website"},"datePublished":"2021-01-18T10:21:47+00:00","dateModified":"2024-07-17T08:36:45+00:00","description":"Wszystkie warianty recenzji Google Play dla Twojej witryny: Masonry, List, Sidebar i inne. Wybierz wariant recenzji dla strony internetowej.","breadcrumb":{"@id":"https:\/\/elfsight.com\/pl\/google-play-reviews-widget\/examples\/#breadcrumb"},"inLanguage":"pl-PL","potentialAction":[{"@type":"ReadAction","target":["https:\/\/elfsight.com\/pl\/google-play-reviews-widget\/examples\/"]}]},{"@type":"BreadcrumbList","@id":"https:\/\/elfsight.com\/pl\/google-play-reviews-widget\/examples\/#breadcrumb","itemListElement":[{"@type":"ListItem","position":1,"name":"Home","item":"https:\/\/elfsight.com\/pl\/"},{"@type":"ListItem","position":2,"name":"Google Play Reviews","item":"https:\/\/elfsight.com\/pl\/google-play-reviews-widget\/"},{"@type":"ListItem","position":3,"name":"Google Play Reviews &#8211; Examples"}]},{"@type":"WebSite","@id":"https:\/\/elfsight.com\/pl\/#website","url":"https:\/\/elfsight.com\/pl\/","name":"Elfsight PL","description":"Just another Elfsight Sites site","potentialAction":[{"@type":"SearchAction","target":{"@type":"EntryPoint","urlTemplate":"https:\/\/elfsight.com\/pl\/?s={search_term_string}"},"query-input":{"@type":"PropertyValueSpecification","valueRequired":true,"valueName":"search_term_string"}}],"inLanguage":"pl-PL"}]}},"meta_box":{"industry":"","seo_heading":"","heading":"","description":"","cta_heading":"","cta_description":"","application":"1715","h1":"","h1_caption":"","application_category":[],"applications_title":"","applications_request_title":"","applications_request_button_text":"","hero_text":"","hero_video":"","hero_video_schema_markup":"","selling_points_title":"","selling_points_caption":"","selling_points":[],"selling_points_cta_text":"","features_title":"","features":"","ed_cta_examples_text":"","ed_cta_examples_hidden":"","ed_cta_demo_text":"","ed_cta_demo_hidden":"","why_caption":"","why_editor_title":"","why_editor_text":"","why_team_title":"","why_team_text":"","why_service_title":"","why_service_text":"","template_catalog_visible":"","template_catalog_title":"","template_catalog_text":"","template_catalog_categories_visible":"","demo_title":"","demo_caption":"","default_faq_hidden":"","app_template_category":[],"platform":"","template_public_id":"","codecanyon_url":"","codecanyon_item_id":"","codecanyon_price":"","pricing_caption":"","pricing_elfsight_apps_hide_column":"","pricing_elfsight_apps_url":"","pricing_codecanyon_price_caption":"","integration_category":[],"integration_request_title":"","integration_request_cta":"","integration_platform":"","integrations":[],"platform_category":[],"video_schema_markup":"","price":"","trial":"","benefits":[],"button_url":"","button_target_blank":"","button_nofollow":"","attributes":[],"tags":[],"tags_disable_links":"","hide_more_platforms":"","video_object":"","demo_hide_cta":"","demo_hide_cloud_options":"","pricing_title":"","pricing":[],"related_apps_title":"","related_apps_hidden":"","author":"","image":[],"title":"","job":"","social_networks":[]},"_links":{"self":[{"href":"https:\/\/elfsight.com\/pl\/wp-json\/wp\/v2\/pages\/1733","targetHints":{"allow":["GET"]}}],"collection":[{"href":"https:\/\/elfsight.com\/pl\/wp-json\/wp\/v2\/pages"}],"about":[{"href":"https:\/\/elfsight.com\/pl\/wp-json\/wp\/v2\/types\/page"}],"author":[{"embeddable":true,"href":"https:\/\/elfsight.com\/pl\/wp-json\/wp\/v2\/users\/13"}],"replies":[{"embeddable":true,"href":"https:\/\/elfsight.com\/pl\/wp-json\/wp\/v2\/comments?post=1733"}],"version-history":[{"count":7,"href":"https:\/\/elfsight.com\/pl\/wp-json\/wp\/v2\/pages\/1733\/revisions"}],"predecessor-version":[{"id":7551,"href":"https:\/\/elfsight.com\/pl\/wp-json\/wp\/v2\/pages\/1733\/revisions\/7551"}],"up":[{"embeddable":true,"href":"https:\/\/elfsight.com\/pl\/wp-json\/wp\/v2\/pages\/1717"}],"wp:attachment":[{"href":"https:\/\/elfsight.com\/pl\/wp-json\/wp\/v2\/media?parent=1733"}],"curies":[{"name":"wp","href":"https:\/\/api.w.org\/{rel}","templated":true}]}}