{"id":170,"date":"2020-11-16T08:20:52","date_gmt":"2020-11-16T08:20:52","guid":{"rendered":"https:\/\/elfsight.com\/pl\/?page_id=170"},"modified":"2021-04-21T13:31:26","modified_gmt":"2021-04-21T13:31:26","slug":"duda-widgets","status":"publish","type":"page","link":"https:\/\/elfsight.com\/pl\/duda-widgets\/","title":{"rendered":"Duda widgets"},"content":{"rendered":"\n<h2>Najbardziej optymalne rozszerzenia Elfsight dla udoskonalenia twojej strony www Duda<\/h2>\n\n<p>Przez 9 lat nasz zesp\u00f3\u0142 ekspert\u00f3w Elfsight stwarza proste i dostosowywane pluginy chmurowe dla Twojej strony www. Elfsight gwarantuje najwy\u017cszej klasy pomoc techniczn\u0105 i szybko\u015b\u0107 wczytywania. Narz\u0119dzia Elfsight wspomagaj\u0105 w\u0142a\u015bcicielom witryn e-commerce, non-profit oraz innym na ca\u0142ym \u015bwiecie poradzi\u0107 sobie z podstawowymi problemami wydajniej. \n<\/p>\n\n<p>A\u017ceby powi\u0119kszy\u0107 poziom sprzeda\u017cy, pokaza\u0107 pozytywne odpowiedzi na Twoje us\u0142ugi, zwi\u0119kszy\u0107 zaufanie do swojej marki, po prostu dodaj\u0105c widget do Pa\u0144stwa strony internetowej. Nasze plany subskrypcji wahaj\u0105 si\u0119 od bezp\u0142atnych do premium. Spr\u00f3buj zastosowa\u0107 dowolnie odpowiednie elementy interfejsu korzystaj\u0105c z naszej wersji demonstracyjnej i przekonaj si\u0119 jak bardzo to b\u0119dzie po\u017cyteczne w kwestii rozwoju witryny Twojego biznesu. <\/p>\n\n<h2>Co powoduje, \u017ce nasze rozszerzenia Duda s\u0105 najlepszymi narz\u0119dziami dla Twojej witryny? <\/h2>\n\n<p> Zobacz spis wa\u017cnych jako\u015bci naszych wtyczek, kt\u00f3re umo\u017cliwiaj\u0105 nam by\u0107 lepszymi, ni\u017c nasi konkurenci: <\/p>\n\n\n<ul>\n<li> Nieodp\u0142atna i szybka wsparcie przy instalacje lub personalizacji wtyczek; <\/li>\n<li> W pe\u0142ni responsywne do wszystkich rozdzielczo\u015bci witryn internetowych i dostosowane do urz\u0105dze\u0144 mobilnych; <\/li>\n<li> Nie musisz uczysz si\u0119 kodowania; <\/li>\n<li> Bogata oferta ustawie\u0144 dostosowywania; <\/li>\n<li> Przechowywanie danych chmurze pomagaj\u0105 zwi\u0119kszy\u0107 pr\u0119dko\u015b\u0107 wczytywania witryny; <\/li>\n<li> Wszystkie przysz\u0142e aktualizacje s\u0105 gratisowe i regularnie publikowane; <\/li>\n<li> Uczciwe ceny; <\/li>\n<li> Szybka pomoc z problemami klient\u00f3w. <\/li>\n<\/ul>\n\n<p> Zbadaj bezp\u0142atne opcje naszych wtyczek i osi\u0105gnij jej potencja\u0142 lub kup dowolne wymagane aplikacje z 20% obni\u017ck\u0105. <\/p>\n\n\n<h2> Jak zamie\u015bci\u0107 Twoje dodatki Elfsight na serwisie www Duda <\/h2>\n\n<p> Mo\u017cesz zamie\u015bci\u0107 wtyczki, wykonaj poni\u017csze etapy z nieskomplikowanej wskaz\u00f3wki: <\/p>\n\n\n<ol>\n<li> Wybierz potrzebn\u0105 wtyczk\u0119; <\/li>\n<li> Wprowad\u017a potrzebne konfiguracji; <\/li>\n<li> Nie zapomnijcie, aby zapisa\u0107 zmiany; <\/li>\n<li> Skopiuj wygenerowany kod; <\/li>\n<li> Zainstaluj go w odpowiednim miejscu Pa\u0144stwa strony lub szablonu; <\/li>\n<li> Zrobione! Masz zainstalowany dodatek. <\/li>\n<\/ol>\n\n<p> W razie jakichkolwiek trudno\u015bci, zapraszamy skontaktuj si\u0119 z zespo\u0142em wspieraj\u0105cego Elfsight. <\/p>\n","protected":false},"excerpt":{"rendered":"Najbardziej optymalne rozszerzenia Elfsight dla udoskonalenia twojej strony www Duda Przez 9 lat nasz zesp\u00f3\u0142 ekspert\u00f3w Elfsight stwarza proste i dostosowywane pluginy chmurowe dla Twojej strony www. Elfsight gwarantuje najwy\u017cszej klasy pomoc techniczn\u0105 i szybko\u015b\u0107 wczytywania. Narz\u0119dzia Elfsight wspomagaj\u0105 w\u0142a\u015bcicielom witryn e-commerce, non-profit oraz innym na ca\u0142ym \u015bwiecie poradzi\u0107 sobie&#8230;","protected":false},"author":13,"featured_media":0,"parent":0,"menu_order":0,"comment_status":"closed","ping_status":"closed","template":"templates\/template-platform.php","meta":{"publish_to_discourse":"","publish_post_category":"","wpdc_auto_publish_overridden":"","wpdc_topic_tags":"","wpdc_pin_topic":"","wpdc_pin_until":"","discourse_post_id":"","discourse_permalink":"","wpdc_publishing_response":"","wpdc_publishing_error":"","footnotes":""},"class_list":["post-170","page","type-page","status-publish","hentry"],"yoast_head":"<!-- This site is optimized with the Yoast SEO plugin v25.3.1 - https:\/\/yoast.com\/wordpress\/plugins\/seo\/ -->\n<title>Ponad 80 najlepszych darmowych Duda widget\u00f3w dla strony internetowej<\/title>\n<meta name=\"description\" content=\"Lista sprawdzonych gratisowych dodatk\u00f3w najwy\u017cszej klasy dla twojej strony www Duda. Pom\u00f3c przy dostosowywanie oraz szeroka funkcjonalno\u015b\u0107\" \/>\n<meta name=\"robots\" content=\"index, follow, max-snippet:-1, max-image-preview:large, max-video-preview:-1\" \/>\n<link rel=\"canonical\" href=\"https:\/\/elfsight.com\/pl\/duda-widgets\/\" \/>\n<meta property=\"og:locale\" content=\"pl_PL\" \/>\n<meta property=\"og:type\" content=\"article\" \/>\n<meta property=\"og:title\" content=\"Ponad 80 najlepszych darmowych Duda widget\u00f3w dla strony internetowej\" \/>\n<meta property=\"og:description\" content=\"Lista sprawdzonych gratisowych dodatk\u00f3w najwy\u017cszej klasy dla twojej strony www Duda. Pom\u00f3c przy dostosowywanie oraz szeroka funkcjonalno\u015b\u0107\" \/>\n<meta property=\"og:url\" content=\"https:\/\/elfsight.com\/pl\/duda-widgets\/\" \/>\n<meta property=\"og:site_name\" content=\"Elfsight PL\" \/>\n<meta property=\"article:modified_time\" content=\"2021-04-21T13:31:26+00:00\" \/>\n<meta name=\"twitter:card\" content=\"summary_large_image\" \/>\n<meta name=\"twitter:label1\" content=\"Szacowany czas czytania\" \/>\n\t<meta name=\"twitter:data1\" content=\"2 minuty\" \/>\n<!-- \/ Yoast SEO plugin. -->","yoast_head_json":{"title":"Ponad 80 najlepszych darmowych Duda widget\u00f3w dla strony internetowej","description":"Lista sprawdzonych gratisowych dodatk\u00f3w najwy\u017cszej klasy dla twojej strony www Duda. Pom\u00f3c przy dostosowywanie oraz szeroka funkcjonalno\u015b\u0107","robots":{"index":"index","follow":"follow","max-snippet":"max-snippet:-1","max-image-preview":"max-image-preview:large","max-video-preview":"max-video-preview:-1"},"canonical":"https:\/\/elfsight.com\/pl\/duda-widgets\/","og_locale":"pl_PL","og_type":"article","og_title":"Ponad 80 najlepszych darmowych Duda widget\u00f3w dla strony internetowej","og_description":"Lista sprawdzonych gratisowych dodatk\u00f3w najwy\u017cszej klasy dla twojej strony www Duda. Pom\u00f3c przy dostosowywanie oraz szeroka funkcjonalno\u015b\u0107","og_url":"https:\/\/elfsight.com\/pl\/duda-widgets\/","og_site_name":"Elfsight PL","article_modified_time":"2021-04-21T13:31:26+00:00","twitter_card":"summary_large_image","twitter_misc":{"Szacowany czas czytania":"2 minuty"},"schema":{"@context":"https:\/\/schema.org","@graph":[{"@type":"WebPage","@id":"https:\/\/elfsight.com\/pl\/duda-widgets\/","url":"https:\/\/elfsight.com\/pl\/duda-widgets\/","name":"Ponad 80 najlepszych darmowych Duda widget\u00f3w dla strony internetowej","isPartOf":{"@id":"https:\/\/elfsight.com\/pl\/#website"},"datePublished":"2020-11-16T08:20:52+00:00","dateModified":"2021-04-21T13:31:26+00:00","description":"Lista sprawdzonych gratisowych dodatk\u00f3w najwy\u017cszej klasy dla twojej strony www Duda. Pom\u00f3c przy dostosowywanie oraz szeroka funkcjonalno\u015b\u0107","breadcrumb":{"@id":"https:\/\/elfsight.com\/pl\/duda-widgets\/#breadcrumb"},"inLanguage":"pl-PL","potentialAction":[{"@type":"ReadAction","target":["https:\/\/elfsight.com\/pl\/duda-widgets\/"]}]},{"@type":"BreadcrumbList","@id":"https:\/\/elfsight.com\/pl\/duda-widgets\/#breadcrumb","itemListElement":[{"@type":"ListItem","position":1,"name":"Home","item":"https:\/\/elfsight.com\/pl\/"},{"@type":"ListItem","position":2,"name":"Duda widgets"}]},{"@type":"WebSite","@id":"https:\/\/elfsight.com\/pl\/#website","url":"https:\/\/elfsight.com\/pl\/","name":"Elfsight PL","description":"Just another Elfsight Sites site","potentialAction":[{"@type":"SearchAction","target":{"@type":"EntryPoint","urlTemplate":"https:\/\/elfsight.com\/pl\/?s={search_term_string}"},"query-input":{"@type":"PropertyValueSpecification","valueRequired":true,"valueName":"search_term_string"}}],"inLanguage":"pl-PL"}]}},"meta_box":{"industry":"","seo_heading":"","heading":"","description":"","cta_heading":"","cta_description":"","application":"","h1":"Najlepsze widgety Duda","h1_caption":"Nieodp\u0142atny zbi\u00f3r nowych element\u00f3w interfejsu najwy\u017cszej klasy z szerok\u0105 gam\u0105 funkcjonalno\u015bci dla powi\u0119kszania sprzeda\u017cy oraz wykonania wszystkich pozosta\u0142ych dzia\u0142a\u0144 biznesowych. Szybkie instalowanie, obszerny wyb\u00f3r mo\u017cliwo\u015bci personalizacji oraz szybkie wsparcie klienta.","application_category":[],"applications_title":"Sprawd\u017a najodpowiedniejsze dla twojej witryny internetowej w\u015br\u00f3d wszystkich widget\u00f3w darmowych w demonstracje online","applications_request_title":"Nie mo\u017cesz znale\u017a\u0107 odpowiedniego widgeta?","applications_request_button_text":"Zam\u00f3w widget","hero_text":"","hero_video":"","hero_video_schema_markup":"","selling_points_title":"","selling_points_caption":"","selling_points":[],"selling_points_cta_text":"","features_title":"","features":"","ed_cta_examples_text":"","ed_cta_examples_hidden":"","ed_cta_demo_text":"","ed_cta_demo_hidden":"","why_caption":"","why_editor_title":"","why_editor_text":"","why_team_title":"","why_team_text":"","why_service_title":"","why_service_text":"","template_catalog_visible":"","template_catalog_title":"","template_catalog_text":"","template_catalog_categories_visible":"","demo_title":"","demo_caption":"","default_faq_hidden":"","app_template_category":[],"platform":"167","template_public_id":"","codecanyon_url":"","codecanyon_item_id":"","codecanyon_price":"","pricing_caption":"","pricing_elfsight_apps_hide_column":"","pricing_elfsight_apps_url":"","pricing_codecanyon_price_caption":"","integration_category":[],"integration_request_title":"","integration_request_cta":"","integration_platform":"","integrations":[],"platform_category":[],"video_schema_markup":"","price":"","trial":"","benefits":[],"button_url":"","button_target_blank":"","button_nofollow":"","attributes":[],"tags":[],"tags_disable_links":"","hide_more_platforms":"","video_object":"","demo_hide_cta":"","demo_hide_cloud_options":"","pricing_title":"","pricing":[],"related_apps_title":"","related_apps_hidden":"","author":"","image":[],"title":"","job":"","social_networks":[]},"_links":{"self":[{"href":"https:\/\/elfsight.com\/pl\/wp-json\/wp\/v2\/pages\/170","targetHints":{"allow":["GET"]}}],"collection":[{"href":"https:\/\/elfsight.com\/pl\/wp-json\/wp\/v2\/pages"}],"about":[{"href":"https:\/\/elfsight.com\/pl\/wp-json\/wp\/v2\/types\/page"}],"author":[{"embeddable":true,"href":"https:\/\/elfsight.com\/pl\/wp-json\/wp\/v2\/users\/13"}],"replies":[{"embeddable":true,"href":"https:\/\/elfsight.com\/pl\/wp-json\/wp\/v2\/comments?post=170"}],"version-history":[{"count":2,"href":"https:\/\/elfsight.com\/pl\/wp-json\/wp\/v2\/pages\/170\/revisions"}],"predecessor-version":[{"id":172,"href":"https:\/\/elfsight.com\/pl\/wp-json\/wp\/v2\/pages\/170\/revisions\/172"}],"wp:attachment":[{"href":"https:\/\/elfsight.com\/pl\/wp-json\/wp\/v2\/media?parent=170"}],"curies":[{"name":"wp","href":"https:\/\/api.w.org\/{rel}","templated":true}]}}