{"id":164,"date":"2020-11-16T08:02:10","date_gmt":"2020-11-16T08:02:10","guid":{"rendered":"https:\/\/elfsight.com\/pl\/?page_id=164"},"modified":"2021-04-21T13:31:16","modified_gmt":"2021-04-21T13:31:16","slug":"blogspot-widgets","status":"publish","type":"page","link":"https:\/\/elfsight.com\/pl\/blogspot-widgets\/","title":{"rendered":"Blogspot widgets"},"content":{"rendered":"\n<h2>Najskuteczniejsze rozszerzenia Elfsight dla wszystkich potrzeb\u00f3w twojej witryny internetowej Blogspot<\/h2>\n\n<p>Od szeregu lat nasza dru\u017cyna ekspert\u00f3w Elfsight konstruuje \u0142atwe w u\u017cyciu i personalizowane elementy interfejsu chmurowe dla Twojej dzia\u0142alno\u015bci. Mo\u017cemy zagwarantowa\u0107 natychmiastow\u0105 obs\u0142ug\u0119 techniczn\u0105 i du\u017c\u0105 szybko\u015b\u0107 \u0142adowania. Aplikacji Elfsight s\u0142u\u017c\u0105 w\u0142a\u015bcicielom stron online, non-profit oraz wielu innym na ca\u0142ym \u015bwiecie poradzi\u0107 sobie z powa\u017cnymi problemami efektywniej. \n<\/p>\n\n<p>Mo\u017cesz powi\u0119kszy\u0107 sprzeda\u017c, zademonstrowa\u0107 pozytywne referencje na Pa\u0144stwa oferty, zwi\u0119kszy\u0107 zaufanie do swojej marki, wystarczy zainstalowa\u0107 element interfejsu do swojej witryny. Nasze plany subskrypcji wahaj\u0105 si\u0119 od bezp\u0142atnych do premium. Szybko do\u0142\u0105czy\u0107 dowolnie wybrane elementy interfejsu przy u\u017cyciu naszej wersji demonstracyjnej i przekonaj si\u0119 jak bardzo to b\u0119dzie przydatne w kwestii rozwoju witryny Twojego przedsi\u0119biorstwa. <\/p>\n\n<h2>Czemu nasze aplikacji Blogspot s\u0105 jednymi z najlepszych instrumentami dla Twojej witryny? <\/h2>\n\n<p> Poznaj list\u0119 kluczowych jako\u015bci naszych wid\u017cet\u00f3w, kt\u00f3re pomagaj\u0105 nam by\u0107 lepszymi, ni\u017c nasi konkurenci: <\/p>\n\n\n<ul>\n<li> Bezp\u0142atna i sprawna wsparcie przy instalacje lub dostosowywanie wtyczek; <\/li>\n<li> Zdolno\u015b\u0107 dostosowywania do wszystkich rozdzielczo\u015bci witryn internetowych i przyjazne dla urz\u0105dze\u0144 mobilnych; <\/li>\n<li> Nie musicie zatrudnia\u0107 programist\u00f3w; <\/li>\n<li> Bogata oferta opcji dostosowywania; <\/li>\n<li> Przechowywanie danych chmurze pomagaj\u0105 zwi\u0119kszy\u0107 pr\u0119dko\u015b\u0107 serwisu; <\/li>\n<li> Wszystkie aktualizacje s\u0105 darmowe i regularne; <\/li>\n<li> Przyst\u0119pne ceny; <\/li>\n<li> Profesjonalna pomoc z problemami klient\u00f3w. <\/li>\n<\/ul>\n\n<p> Zbadaj wolne wersje Lite naszych wid\u017cet\u00f3w i zrozumiej jej potencja\u0142 lub zainstaluj dowolne wymagane wtyczk\u0119 z 20% rabatem. <\/p>\n\n\n<h2> Jak do\u0142\u0105czy\u0107 Pa\u0144stwa dodatki na Pa\u0144stwa stronie internetowej Blogspot <\/h2>\n\n<p> Aby integrowa\u0107 nasze pluginy, wykonaj nast\u0119pnie kroki z \u0142atwej instrukcji: <\/p>\n\n\n<ol>\n<li> Wybierz wymagan\u0105 wtyczk\u0119; <\/li>\n<li> Wprowad\u017a wszystkie przydatne konfiguracji; <\/li>\n<li> Nie zapomnijcie, aby zapisa\u0107 zmiany; <\/li>\n<li> Otrzymaj wygenerowany kod; <\/li>\n<li> Dodaj go w odpowiednim miejscu Pa\u0144stwa witryny lub szablonu; <\/li>\n<li> Zrobione! Uda\u0142o Ci si\u0119 zintegrowa\u0107 plugin. <\/li>\n<\/ol>\n\n<p> Je\u015bli potrzebujesz pomocy, nie wahaj si\u0119 skontaktuj si\u0119 z zespo\u0142em obs\u0142ugi Elfsight. <\/p>\n","protected":false},"excerpt":{"rendered":"Najskuteczniejsze rozszerzenia Elfsight dla wszystkich potrzeb\u00f3w twojej witryny internetowej Blogspot Od szeregu lat nasza dru\u017cyna ekspert\u00f3w Elfsight konstruuje \u0142atwe w u\u017cyciu i personalizowane elementy interfejsu chmurowe dla Twojej dzia\u0142alno\u015bci. Mo\u017cemy zagwarantowa\u0107 natychmiastow\u0105 obs\u0142ug\u0119 techniczn\u0105 i du\u017c\u0105 szybko\u015b\u0107 \u0142adowania. Aplikacji Elfsight s\u0142u\u017c\u0105 w\u0142a\u015bcicielom stron online, non-profit oraz wielu innym na ca\u0142ym&#8230;","protected":false},"author":13,"featured_media":0,"parent":0,"menu_order":0,"comment_status":"closed","ping_status":"closed","template":"templates\/template-platform.php","meta":{"publish_to_discourse":"","publish_post_category":"","wpdc_auto_publish_overridden":"","wpdc_topic_tags":"","wpdc_pin_topic":"","wpdc_pin_until":"","discourse_post_id":"","discourse_permalink":"","wpdc_publishing_response":"","wpdc_publishing_error":"","footnotes":""},"class_list":["post-164","page","type-page","status-publish","hentry"],"yoast_head":"<!-- This site is optimized with the Yoast SEO plugin v25.3.1 - https:\/\/yoast.com\/wordpress\/plugins\/seo\/ -->\n<title>Ponad 80 najlepszych Blogspot wid\u017cet\u00f3w dla strony internetowej<\/title>\n<meta name=\"description\" content=\"Zbi\u00f3r testowanych darmowych rozszerze\u0144 pierwszej klasy dla twojej strony internetowej Blogspot. Pom\u00f3c z dostosowaniem i szeroka gama opcji.\" \/>\n<meta name=\"robots\" content=\"index, follow, max-snippet:-1, max-image-preview:large, max-video-preview:-1\" \/>\n<link rel=\"canonical\" href=\"https:\/\/elfsight.com\/pl\/blogspot-widgets\/\" \/>\n<meta property=\"og:locale\" content=\"pl_PL\" \/>\n<meta property=\"og:type\" content=\"article\" \/>\n<meta property=\"og:title\" content=\"Ponad 80 najlepszych Blogspot wid\u017cet\u00f3w dla strony internetowej\" \/>\n<meta property=\"og:description\" content=\"Zbi\u00f3r testowanych darmowych rozszerze\u0144 pierwszej klasy dla twojej strony internetowej Blogspot. Pom\u00f3c z dostosowaniem i szeroka gama opcji.\" \/>\n<meta property=\"og:url\" content=\"https:\/\/elfsight.com\/pl\/blogspot-widgets\/\" \/>\n<meta property=\"og:site_name\" content=\"Elfsight PL\" \/>\n<meta property=\"article:modified_time\" content=\"2021-04-21T13:31:16+00:00\" \/>\n<meta name=\"twitter:card\" content=\"summary_large_image\" \/>\n<meta name=\"twitter:label1\" content=\"Szacowany czas czytania\" \/>\n\t<meta name=\"twitter:data1\" content=\"2 minuty\" \/>\n<!-- \/ Yoast SEO plugin. -->","yoast_head_json":{"title":"Ponad 80 najlepszych Blogspot wid\u017cet\u00f3w dla strony internetowej","description":"Zbi\u00f3r testowanych darmowych rozszerze\u0144 pierwszej klasy dla twojej strony internetowej Blogspot. Pom\u00f3c z dostosowaniem i szeroka gama opcji.","robots":{"index":"index","follow":"follow","max-snippet":"max-snippet:-1","max-image-preview":"max-image-preview:large","max-video-preview":"max-video-preview:-1"},"canonical":"https:\/\/elfsight.com\/pl\/blogspot-widgets\/","og_locale":"pl_PL","og_type":"article","og_title":"Ponad 80 najlepszych Blogspot wid\u017cet\u00f3w dla strony internetowej","og_description":"Zbi\u00f3r testowanych darmowych rozszerze\u0144 pierwszej klasy dla twojej strony internetowej Blogspot. Pom\u00f3c z dostosowaniem i szeroka gama opcji.","og_url":"https:\/\/elfsight.com\/pl\/blogspot-widgets\/","og_site_name":"Elfsight PL","article_modified_time":"2021-04-21T13:31:16+00:00","twitter_card":"summary_large_image","twitter_misc":{"Szacowany czas czytania":"2 minuty"},"schema":{"@context":"https:\/\/schema.org","@graph":[{"@type":"WebPage","@id":"https:\/\/elfsight.com\/pl\/blogspot-widgets\/","url":"https:\/\/elfsight.com\/pl\/blogspot-widgets\/","name":"Ponad 80 najlepszych Blogspot wid\u017cet\u00f3w dla strony internetowej","isPartOf":{"@id":"https:\/\/elfsight.com\/pl\/#website"},"datePublished":"2020-11-16T08:02:10+00:00","dateModified":"2021-04-21T13:31:16+00:00","description":"Zbi\u00f3r testowanych darmowych rozszerze\u0144 pierwszej klasy dla twojej strony internetowej Blogspot. Pom\u00f3c z dostosowaniem i szeroka gama opcji.","breadcrumb":{"@id":"https:\/\/elfsight.com\/pl\/blogspot-widgets\/#breadcrumb"},"inLanguage":"pl-PL","potentialAction":[{"@type":"ReadAction","target":["https:\/\/elfsight.com\/pl\/blogspot-widgets\/"]}]},{"@type":"BreadcrumbList","@id":"https:\/\/elfsight.com\/pl\/blogspot-widgets\/#breadcrumb","itemListElement":[{"@type":"ListItem","position":1,"name":"Home","item":"https:\/\/elfsight.com\/pl\/"},{"@type":"ListItem","position":2,"name":"Blogspot widgets"}]},{"@type":"WebSite","@id":"https:\/\/elfsight.com\/pl\/#website","url":"https:\/\/elfsight.com\/pl\/","name":"Elfsight PL","description":"Just another Elfsight Sites site","potentialAction":[{"@type":"SearchAction","target":{"@type":"EntryPoint","urlTemplate":"https:\/\/elfsight.com\/pl\/?s={search_term_string}"},"query-input":{"@type":"PropertyValueSpecification","valueRequired":true,"valueName":"search_term_string"}}],"inLanguage":"pl-PL"}]}},"meta_box":{"industry":"","seo_heading":"","heading":"","description":"","cta_heading":"","cta_description":"","application":"","h1":"Najlepsze widgety Blogspot","h1_caption":"Gratisowy zestaw gotowych do u\u017cycia dodatk\u00f3w najwy\u017cszej klasy z szerokim zakresem funkcjonalno\u015bci dla zwi\u0119kszenia poziomu sprzeda\u017cy oraz dokonania wszystkich podstawowych zada\u0144 handlowych. \u0141atwa integracja, obszerny zakres opcji modyfikacji a tak\u017ce do\u017cywotni serwis pomocy klienta.","application_category":[],"applications_title":"Zbadaj najlepsi dopasowania dla twojej strony www w\u015br\u00f3d wszystkich wtyczek darmowych w demonstracje online","applications_request_title":"Nie mo\u017cesz znale\u017a\u0107 odpowiedniego wid\u017cetu?","applications_request_button_text":"Zam\u00f3w wid\u017cet","hero_text":"","hero_video":"","hero_video_schema_markup":"","selling_points_title":"","selling_points_caption":"","selling_points":[],"selling_points_cta_text":"","features_title":"","features":"","ed_cta_examples_text":"","ed_cta_examples_hidden":"","ed_cta_demo_text":"","ed_cta_demo_hidden":"","why_caption":"","why_editor_title":"","why_editor_text":"","why_team_title":"","why_team_text":"","why_service_title":"","why_service_text":"","template_catalog_visible":"","template_catalog_title":"","template_catalog_text":"","template_catalog_categories_visible":"","demo_title":"","demo_caption":"","default_faq_hidden":"","app_template_category":[],"platform":"161","template_public_id":"","codecanyon_url":"","codecanyon_item_id":"","codecanyon_price":"","pricing_caption":"","pricing_elfsight_apps_hide_column":"","pricing_elfsight_apps_url":"","pricing_codecanyon_price_caption":"","integration_category":[],"integration_request_title":"","integration_request_cta":"","integration_platform":"","integrations":[],"platform_category":[],"video_schema_markup":"","price":"","trial":"","benefits":[],"button_url":"","button_target_blank":"","button_nofollow":"","attributes":[],"tags":[],"tags_disable_links":"","hide_more_platforms":"","video_object":"","demo_hide_cta":"","demo_hide_cloud_options":"","pricing_title":"","pricing":[],"related_apps_title":"","related_apps_hidden":"","author":"","image":[],"title":"","job":"","social_networks":[]},"_links":{"self":[{"href":"https:\/\/elfsight.com\/pl\/wp-json\/wp\/v2\/pages\/164","targetHints":{"allow":["GET"]}}],"collection":[{"href":"https:\/\/elfsight.com\/pl\/wp-json\/wp\/v2\/pages"}],"about":[{"href":"https:\/\/elfsight.com\/pl\/wp-json\/wp\/v2\/types\/page"}],"author":[{"embeddable":true,"href":"https:\/\/elfsight.com\/pl\/wp-json\/wp\/v2\/users\/13"}],"replies":[{"embeddable":true,"href":"https:\/\/elfsight.com\/pl\/wp-json\/wp\/v2\/comments?post=164"}],"version-history":[{"count":2,"href":"https:\/\/elfsight.com\/pl\/wp-json\/wp\/v2\/pages\/164\/revisions"}],"predecessor-version":[{"id":166,"href":"https:\/\/elfsight.com\/pl\/wp-json\/wp\/v2\/pages\/164\/revisions\/166"}],"wp:attachment":[{"href":"https:\/\/elfsight.com\/pl\/wp-json\/wp\/v2\/media?parent=164"}],"curies":[{"name":"wp","href":"https:\/\/api.w.org\/{rel}","templated":true}]}}