{"id":1639,"date":"2021-01-13T11:04:43","date_gmt":"2021-01-13T11:04:43","guid":{"rendered":"https:\/\/elfsight.com\/pl\/?page_id=1639"},"modified":"2022-01-20T13:47:41","modified_gmt":"2022-01-20T13:47:41","slug":"examples","status":"publish","type":"page","link":"https:\/\/elfsight.com\/pl\/ebay-reviews-widget\/examples\/","title":{"rendered":"eBay Reviews &#8211; Examples"},"content":{"rendered":"\n<div class=\"application-examples-item application-examples-item-loading\">\n                            <div class=\"col-row\">\n                                <div class=\"col-6 col-m-8 col-s-12\"><h3 class=\"application-examples-item-title\">Przyk\u0142ad 1. Pro\u015bba o opinie<\/h3><div class=\"application-examples-item-description\">\n\n<p>Tutaj recenzje s\u0105 wbudowane w obszerny wid\u017cet w autentycznych kolorach serwisu eBay z informacyjnym nag\u0142\u00f3wkiem. Nag\u0142\u00f3wek wy\u015bwietla ca\u0142kowit\u0105 ocen\u0119 strony i pokazuje, ilu u\u017cytkownik\u00f3w zamie\u015bci\u0142o swoje rekomendacje ze zdj\u0119ciami najnowszych. Zdj\u0119cia po klikni\u0119ciu prowadz\u0105 do Twojej strony. Przycisk pro\u015bby o recenzj\u0119 wzywa u\u017cytkownik\u00f3w do pozostawienia nowej recenzji, a cz\u0119\u015b\u0107 Tak jest zaznaczona na niebiesko, aby przyci\u0105gn\u0105\u0107 uwag\u0119. <\/p><\/div><\/div>\n                <\/div>\n\n                <div class=\"application-examples-item-iframe-container browser-frame\">\n                    <div class=\"application-examples-item-iframe-wrapper\">\n                        <iframe class=\"application-examples-item-iframe\" data-src=\"https:\/\/apps.elfsight.com\/template\/acffd068-5f1a-4256-9962-e6fc97abd8a8?padding=10\" width=\"100%\" allow=\"autoplay; fullscreen\"><\/iframe>\n                    <\/div>\n\n                    <div class=\"application-examples-item-loader\"><\/div>\n                <\/div>\n            <\/div>\n\n<div class=\"application-examples-item application-examples-item-loading\">\n                            <div class=\"col-row\">\n                                <div class=\"col-6 col-m-8 col-s-12\"><h3 class=\"application-examples-item-title\">Przyk\u0142ad 2. Lista<\/h3><div class=\"application-examples-item-description\">\n<p>W ten spos\u00f3b komentarze b\u0119d\u0105 u\u0142o\u017cone na stronie internetowej w postaci jasnej listy z unikalnymi kolorami eBay. Je\u015bli wy\u0142\u0105czysz nag\u0142\u00f3wek i ustawisz automatyczne wymiary szeroko\u015bci i wysoko\u015bci, jak tutaj, widget poprostu przystosowuje si\u0119 do dost\u0119pnego miejsca i b\u0119dzie wygl\u0105da\u0142 natywnie.<\/p><\/div><\/div>\n                <\/div>\n\n                <div class=\"application-examples-item-iframe-container browser-frame\">\n                    <div class=\"application-examples-item-iframe-wrapper\">\n                        <iframe class=\"application-examples-item-iframe application-examples-item-iframe-fixed-height\" data-src=\"https:\/\/elfsight.com\/examples?widget_id=6ebfd21b-d705-4045-a425-63457bb8d990&padding=10\" width=\"100%\" height=\"700\" allow=\"autoplay; fullscreen\"><\/iframe>\n                    <\/div>\n\n                    <div class=\"application-examples-item-loader\"><\/div>\n                <\/div>\n            <\/div>\n\n<div class=\"application-examples-item application-examples-item-loading\">\n                            <div class=\"col-row\">\n                                <div class=\"col-6 col-m-8 col-s-12\"><h3 class=\"application-examples-item-title\">Przyk\u0142ad 3. Masonry<\/h3><div class=\"application-examples-item-description\">\nTutaj siatka opinii jest prezentowana jako model murarski, kt\u00f3ry ustawia komentarzy w najlepszej kolejno\u015bci na podstawie ich warto\u015bci. Unikalny dob\u00f3r farb spowodowa\u0142 niepowtarzalny wygl\u0105d. Ocena gwiazdkowa udowadnia wysok\u0105 ocen\u0119 klient\u00f3w.<\/p><\/div><\/div>\n                <\/div>\n\n                <div class=\"application-examples-item-iframe-container browser-frame\">\n                    <div class=\"application-examples-item-iframe-wrapper\">\n                        <iframe class=\"application-examples-item-iframe application-examples-item-iframe-fixed-height\" data-src=\"https:\/\/elfsight.com\/examples?widget_id=3f33695b-8a02-4d35-b013-096e961c3434&padding=20\" width=\"100%\" height=\"700\" allow=\"autoplay; fullscreen\"><\/iframe>\n                    <\/div>\n\n                    <div class=\"application-examples-item-loader\"><\/div>\n                <\/div>\n            <\/div>\n\n<div class=\"application-cta-create\">\n                    <div class=\"application-cta-create-bg\">\n                        <div class=\"application-cta-create-bg-left\"><\/div>\n\n                        <div class=\"application-cta-create-bg-right\">\n                            <img decoding=\"async\" src=\"https:\/\/elfsight.com\/pl\/wp-content\/themes\/elfsight\/frontend\/assets\/img\/application-cta-create.jpg\" alt=\"Zacznij od stworzenia swojego wid\u017cetu\">\n                        <\/div>\n                    <\/div>\n\n                    <div class=\"application-cta-create-content inner\">\n                        <div class=\"application-cta-create-content-inner\">\n                            <div class=\"application-cta-create-content-icon\">\n                                <svg viewBox=\"0 0 25 25\" width=\"100%\" height=\"100%\">\n                                    <use xlink:href=\"#icon-settings\"><\/use>\n                                <\/svg>\n                            <\/div>\n\n                            <div class=\"application-cta-create-content-title\">Zacznij od stworzenia swojego wid\u017cetu<\/div>\n\n                            <div class=\"application-cta-create-content-text\">Szybko. \u0141atwo. Bez kodowania.<\/div>\n\n                            <a class=\"application-cta-create-content-button button-48 button-has-right-icon button-black button\" href=\"\">\n                                <span class=\"button-label\">Utw\u00f3rz wid\u017cet<\/span>\n\n                                <svg class=\"button-icon\">\n                                    <use xlink:href=\"#icon-arrow-link\"><\/use>\n                                <\/svg>\n                            <\/a>\n                        <\/div>\n                    <\/div>\n                <\/div>\n\n<div class=\"application-examples-item application-examples-item-loading\">\n                            <div class=\"col-row\">\n                                <div class=\"col-6 col-m-8 col-s-12\"><h3 class=\"application-examples-item-title\">Przyk\u0142ad 4. Siatka<\/h3><div class=\"application-examples-item-description\">\n<p>Po\u0142\u0105czenie uk\u0142adu siatki i szablonu Spotlight stwarza idealny, przejrzysty wygl\u0105d. Proste linie i wy\u015brodkowane teksty opinii przyci\u0105gaj\u0105 uwag\u0119. Linearna geometria uk\u0142adu Grid mo\u017ce r\u00f3wnie w\u0142a\u015bciwie dopasowywa\u0107 sie do wszystkich innych szablon\u00f3w komentarzy - elementy interfejsu zosta\u0142y zaprojektowane tak, \u017ceby mo\u017cna je by\u0142o w pe\u0142ni wyregulowa\u0107.<\/p><\/div><\/div>\n                <\/div>\n\n                <div class=\"application-examples-item-iframe-container browser-frame\">\n                    <div class=\"application-examples-item-iframe-wrapper\">\n                        <iframe class=\"application-examples-item-iframe application-examples-item-iframe-fixed-height\" data-src=\"https:\/\/elfsight.com\/examples?widget_id=dd98340a-e906-4acf-94c6-1b1ba44e3d79&padding=10\" width=\"100%\" height=\"700\" allow=\"autoplay; fullscreen\"><\/iframe>\n                    <\/div>\n\n                    <div class=\"application-examples-item-loader\"><\/div>\n                <\/div>\n            <\/div>\n\n<div class=\"application-examples-item application-examples-item-loading\">\n                            <div class=\"col-row\">\n                                <div class=\"col-6 col-m-8 col-s-12\"><h3 class=\"application-examples-item-title\">Przyk\u0142ad 5. Carousel<\/h3><div class=\"application-examples-item-description\">\n<p>W tym przyk\u0142adzie wid\u017cet w uk\u0142adzie Slider prezentuje opinie w karuzeli autoodtwarzaniem. To jest dobry wariant, na przyk\u0142ad, dla strony g\u0142\u00f3wnej witryny. Uk\u0142ad suwaka ma elementy nawigacji: strza\u0142ka, przeci\u0105ganie lub paginacja. Jest mo\u017cliwe ustawi\u0107, ile komentarzy b\u0119dzie wy\u015bwietlane na ka\u017cdym slajdzie.<\/p><\/div><\/div>\n                <\/div>\n\n                <div class=\"application-examples-item-iframe-container browser-frame\">\n                    <div class=\"application-examples-item-iframe-wrapper\">\n                        <iframe class=\"application-examples-item-iframe\" data-src=\"https:\/\/elfsight.com\/examples?widget_id=1bdf5f1c-68ba-40e9-bb03-304e9cde68a3&padding=10\" width=\"100%\" allow=\"autoplay; fullscreen\"><\/iframe>\n                    <\/div>\n\n                    <div class=\"application-examples-item-loader\"><\/div>\n                <\/div>\n            <\/div>\n\n<div class=\"application-examples-item application-examples-item-loading\">\n                            <div class=\"col-row\">\n                                <div class=\"col-6 col-m-8 col-s-12\"><h3 class=\"application-examples-item-title\">Przyk\u0142ad 6. Slider<\/h3><div class=\"application-examples-item-description\">\n<p>Je\u015bli b\u0119dziesz pokazywa\u0142 opinie pojedynczo, przyci\u0105gniesz maksymaln\u0105 uwag\u0119 u\u017cytkownik\u00f3w. W tym przypadku szablon Spotlight wprowadza kolejno\u015b\u0107 element\u00f3w: zdj\u0119cie autora i ocena znajduj\u0105 si\u0119 nad tekstem recenzji, a wszystkie elementy s\u0105 wyr\u00f3wnane centrum. Inne opinie mo\u017cna zobaczy\u0107, przeci\u0105gaj\u0105c lub klikaj\u0105c strza\u0142ki.<\/p><\/div><\/div>\n                <\/div>\n\n                <div class=\"application-examples-item-iframe-container browser-frame\">\n                    <div class=\"application-examples-item-iframe-wrapper\">\n                        <iframe class=\"application-examples-item-iframe\" data-src=\"https:\/\/elfsight.com\/examples?widget_id=2c211965-3b0c-40bf-b60d-d9eb23401b12&padding=10\" width=\"100%\" allow=\"autoplay; fullscreen\"><\/iframe>\n                    <\/div>\n\n                    <div class=\"application-examples-item-loader\"><\/div>\n                <\/div>\n            <\/div>\n\n<div class=\"application-examples-item application-examples-item-loading\">\n                            <div class=\"col-row\">\n                                <div class=\"col-6 col-m-8 col-s-12\"><h3 class=\"application-examples-item-title\">Przyk\u0142ad 7. Sidebar<\/h3><div class=\"application-examples-item-description\">\n<p>Tu jest idealny przyk\u0142ad sposobu, w jaki mo\u017cna osadzi\u0107 wid\u017cet opinii z stron\u0105 na bardzo ma\u0142ej przestrzeni. Dopasowany jako pasek boczny, wid\u017cet pokazuje tylko najwa\u017cniejsze elementy i ma niewielki rozmiar, ale zachowuje wszystkie funkcje.<\/p><\/div><\/div>\n                <\/div>\n\n                <div class=\"application-examples-item-iframe-container browser-frame\">\n                    <div class=\"application-examples-item-iframe-wrapper\">\n                        <iframe class=\"application-examples-item-iframe application-examples-item-iframe-fixed-height\" data-src=\"https:\/\/elfsight.com\/examples?widget_id=4673c709-a2c2-42a7-ab03-0fd393703164&padding=10\" width=\"100%\" height=\"400\" allow=\"autoplay; fullscreen\"><\/iframe>\n                    <\/div>\n\n                    <div class=\"application-examples-item-loader\"><\/div>\n                <\/div>\n            <\/div>\n","protected":false},"excerpt":{"rendered":"","protected":false},"author":13,"featured_media":0,"parent":1621,"menu_order":0,"comment_status":"closed","ping_status":"closed","template":"templates\/template-application-examples.php","meta":{"publish_to_discourse":"","publish_post_category":"","wpdc_auto_publish_overridden":"","wpdc_topic_tags":"","wpdc_pin_topic":"","wpdc_pin_until":"","discourse_post_id":"","discourse_permalink":"","wpdc_publishing_response":"","wpdc_publishing_error":"","footnotes":""},"class_list":["post-1639","page","type-page","status-publish","hentry"],"yoast_head":"<!-- This site is optimized with the Yoast SEO plugin v25.3.1 - https:\/\/yoast.com\/wordpress\/plugins\/seo\/ -->\n<title>TOP przyk\u0142adow wykorzystania wid\u017cetu Opinie eBay do ulepszenia strony<\/title>\n<meta name=\"description\" content=\"Zobacz wszystkie warianty recenzji eBay dla Twojej witryny: Masonry, Grid, Lista, Sidebar itp. Probny wid\u017cet recenzji dla Twojej strony www.\" \/>\n<meta name=\"robots\" content=\"index, follow, max-snippet:-1, max-image-preview:large, max-video-preview:-1\" \/>\n<link rel=\"canonical\" href=\"https:\/\/elfsight.com\/pl\/ebay-reviews-widget\/examples\/\" \/>\n<meta property=\"og:locale\" content=\"pl_PL\" \/>\n<meta property=\"og:type\" content=\"article\" \/>\n<meta property=\"og:title\" content=\"TOP przyk\u0142adow wykorzystania wid\u017cetu Opinie eBay do ulepszenia strony\" \/>\n<meta property=\"og:description\" content=\"Zobacz wszystkie warianty recenzji eBay dla Twojej witryny: Masonry, Grid, Lista, Sidebar itp. Probny wid\u017cet recenzji dla Twojej strony www.\" \/>\n<meta property=\"og:url\" content=\"https:\/\/elfsight.com\/pl\/ebay-reviews-widget\/examples\/\" \/>\n<meta property=\"og:site_name\" content=\"Elfsight PL\" \/>\n<meta property=\"article:modified_time\" content=\"2022-01-20T13:47:41+00:00\" \/>\n<meta name=\"twitter:card\" content=\"summary_large_image\" \/>\n<meta name=\"twitter:label1\" content=\"Szacowany czas czytania\" \/>\n\t<meta name=\"twitter:data1\" content=\"2 minuty\" \/>\n<!-- \/ Yoast SEO plugin. -->","yoast_head_json":{"title":"TOP przyk\u0142adow wykorzystania wid\u017cetu Opinie eBay do ulepszenia strony","description":"Zobacz wszystkie warianty recenzji eBay dla Twojej witryny: Masonry, Grid, Lista, Sidebar itp. Probny wid\u017cet recenzji dla Twojej strony www.","robots":{"index":"index","follow":"follow","max-snippet":"max-snippet:-1","max-image-preview":"max-image-preview:large","max-video-preview":"max-video-preview:-1"},"canonical":"https:\/\/elfsight.com\/pl\/ebay-reviews-widget\/examples\/","og_locale":"pl_PL","og_type":"article","og_title":"TOP przyk\u0142adow wykorzystania wid\u017cetu Opinie eBay do ulepszenia strony","og_description":"Zobacz wszystkie warianty recenzji eBay dla Twojej witryny: Masonry, Grid, Lista, Sidebar itp. Probny wid\u017cet recenzji dla Twojej strony www.","og_url":"https:\/\/elfsight.com\/pl\/ebay-reviews-widget\/examples\/","og_site_name":"Elfsight PL","article_modified_time":"2022-01-20T13:47:41+00:00","twitter_card":"summary_large_image","twitter_misc":{"Szacowany czas czytania":"2 minuty"},"schema":{"@context":"https:\/\/schema.org","@graph":[{"@type":"WebPage","@id":"https:\/\/elfsight.com\/pl\/ebay-reviews-widget\/examples\/","url":"https:\/\/elfsight.com\/pl\/ebay-reviews-widget\/examples\/","name":"TOP przyk\u0142adow wykorzystania wid\u017cetu Opinie eBay do ulepszenia strony","isPartOf":{"@id":"https:\/\/elfsight.com\/pl\/#website"},"datePublished":"2021-01-13T11:04:43+00:00","dateModified":"2022-01-20T13:47:41+00:00","description":"Zobacz wszystkie warianty recenzji eBay dla Twojej witryny: Masonry, Grid, Lista, Sidebar itp. Probny wid\u017cet recenzji dla Twojej strony www.","breadcrumb":{"@id":"https:\/\/elfsight.com\/pl\/ebay-reviews-widget\/examples\/#breadcrumb"},"inLanguage":"pl-PL","potentialAction":[{"@type":"ReadAction","target":["https:\/\/elfsight.com\/pl\/ebay-reviews-widget\/examples\/"]}]},{"@type":"BreadcrumbList","@id":"https:\/\/elfsight.com\/pl\/ebay-reviews-widget\/examples\/#breadcrumb","itemListElement":[{"@type":"ListItem","position":1,"name":"Home","item":"https:\/\/elfsight.com\/pl\/"},{"@type":"ListItem","position":2,"name":"eBay Reviews","item":"https:\/\/elfsight.com\/pl\/ebay-reviews-widget\/"},{"@type":"ListItem","position":3,"name":"eBay Reviews &#8211; Examples"}]},{"@type":"WebSite","@id":"https:\/\/elfsight.com\/pl\/#website","url":"https:\/\/elfsight.com\/pl\/","name":"Elfsight PL","description":"Just another Elfsight Sites site","potentialAction":[{"@type":"SearchAction","target":{"@type":"EntryPoint","urlTemplate":"https:\/\/elfsight.com\/pl\/?s={search_term_string}"},"query-input":{"@type":"PropertyValueSpecification","valueRequired":true,"valueName":"search_term_string"}}],"inLanguage":"pl-PL"}]}},"meta_box":{"industry":"","seo_heading":"","heading":"","description":"","cta_heading":"","cta_description":"","application":"1620","h1":"","h1_caption":"","application_category":[],"applications_title":"","applications_request_title":"","applications_request_button_text":"","hero_text":"","hero_video":"","hero_video_schema_markup":"","selling_points_title":"","selling_points_caption":"","selling_points":[],"selling_points_cta_text":"","features_title":"","features":"","ed_cta_examples_text":"","ed_cta_examples_hidden":"","ed_cta_demo_text":"","ed_cta_demo_hidden":"","why_caption":"","why_editor_title":"","why_editor_text":"","why_team_title":"","why_team_text":"","why_service_title":"","why_service_text":"","template_catalog_visible":"","template_catalog_title":"","template_catalog_text":"","template_catalog_categories_visible":"","demo_title":"","demo_caption":"","default_faq_hidden":"","app_template_category":[],"platform":"","template_public_id":"","codecanyon_url":"","codecanyon_item_id":"","codecanyon_price":"","pricing_caption":"","pricing_elfsight_apps_hide_column":"","pricing_elfsight_apps_url":"","pricing_codecanyon_price_caption":"","integration_category":[],"integration_request_title":"","integration_request_cta":"","integration_platform":"","integrations":[],"platform_category":[],"video_schema_markup":"","price":"","trial":"","benefits":[],"button_url":"","button_target_blank":"","button_nofollow":"","attributes":[],"tags":[],"tags_disable_links":"","hide_more_platforms":"","video_object":"","demo_hide_cta":"","demo_hide_cloud_options":"","pricing_title":"","pricing":[],"related_apps_title":"","related_apps_hidden":"","author":"","image":[],"title":"","job":"","social_networks":[]},"_links":{"self":[{"href":"https:\/\/elfsight.com\/pl\/wp-json\/wp\/v2\/pages\/1639","targetHints":{"allow":["GET"]}}],"collection":[{"href":"https:\/\/elfsight.com\/pl\/wp-json\/wp\/v2\/pages"}],"about":[{"href":"https:\/\/elfsight.com\/pl\/wp-json\/wp\/v2\/types\/page"}],"author":[{"embeddable":true,"href":"https:\/\/elfsight.com\/pl\/wp-json\/wp\/v2\/users\/13"}],"replies":[{"embeddable":true,"href":"https:\/\/elfsight.com\/pl\/wp-json\/wp\/v2\/comments?post=1639"}],"version-history":[{"count":7,"href":"https:\/\/elfsight.com\/pl\/wp-json\/wp\/v2\/pages\/1639\/revisions"}],"predecessor-version":[{"id":3145,"href":"https:\/\/elfsight.com\/pl\/wp-json\/wp\/v2\/pages\/1639\/revisions\/3145"}],"up":[{"embeddable":true,"href":"https:\/\/elfsight.com\/pl\/wp-json\/wp\/v2\/pages\/1621"}],"wp:attachment":[{"href":"https:\/\/elfsight.com\/pl\/wp-json\/wp\/v2\/media?parent=1639"}],"curies":[{"name":"wp","href":"https:\/\/api.w.org\/{rel}","templated":true}]}}