{"id":153,"date":"2020-11-13T13:35:58","date_gmt":"2020-11-13T13:35:58","guid":{"rendered":"https:\/\/elfsight.com\/pl\/?page_id=153"},"modified":"2021-04-21T13:31:03","modified_gmt":"2021-04-21T13:31:03","slug":"bigcartel-plugins","status":"publish","type":"page","link":"https:\/\/elfsight.com\/pl\/bigcartel-plugins\/","title":{"rendered":"Big Cartel plugins"},"content":{"rendered":"\n<h2>Najbardziej optymalne widgety Elfsight dla udoskonalenia twojej witryny internetowej Big Cartel<\/h2>\n\n<p>Przez dziewi\u0119\u0107 lat nasza dru\u017cyna programist\u00f3w Elfsight produkuje \u0142atwe w u\u017cyciu i w pe\u0142ni responsywne elementy interfejsu chmurowe dla Twojej strony www. Gwarantujemy serwis wsparcia i szybkie \u0142adowanie. Wtyczki Elfsight pomagaj\u0105 w\u0142a\u015bcicielom serwis\u00f3w internetowych, non-profit oraz innym z ca\u0142ego \u015bwiata poradzi\u0107 sobie z r\u00f3\u017cnymi dzia\u0142aniami efektywniej. \n<\/p>\n\n<p>Mo\u017cesz podnie\u015b\u0107 liczb\u0119 lead\u00f3w, wykaza\u0107 pozytywny feedback na swoje us\u0142ugi, zwi\u0119kszy\u0107 zaufanie do swojej marki, po prostu dodaj\u0105c wid\u017cet do swojej serwisu www. Nasze plany taryfowe s\u0105 w zakresie od bezp\u0142atnych do premium. \u0141atwo zastosowa\u0107 dowolnie wybrane wtyczki u\u017cywaj\u0105c naszej wersji demonstracyjnej i przekonaj si\u0119 jak bardzo to b\u0119dzie po\u017cyteczne w kwestii rozwoju serwisu www Pa\u0144stwa przedsi\u0119biorstwa. <\/p>\n\n<h2>Co sprawia, \u017ce nasze rozszerzenia Big Cartel s\u0105 najlepszymi rozwi\u0105zaniami dla was? <\/h2>\n\n<p> Tu jest spis podstawowych cech naszych plugin\u00f3w, kt\u00f3re umo\u017cliwiaj\u0105 nam by\u0107 lepszymi, ni\u017c nasi konkurenci: <\/p>\n\n\n<ul>\n<li> Bezp\u0142atna i natychmiastowa pomoc przy wbudowaniu lub dostosowywanie plugin\u00f3w; <\/li>\n<li> Zdolno\u015b\u0107 dostosowywania do wszystkich rozdzielczo\u015bci stron internetowych i przyjazne dla urz\u0105dze\u0144 mobilnych; <\/li>\n<li> Nie musisz umiej\u0119tno\u015bci programowania; <\/li>\n<li> Bogaty wyb\u00f3r mo\u017cliwo\u015bci personalizacji; <\/li>\n<li> Oparte na chmurze pluginy pomagaj\u0105 zwi\u0119kszy\u0107 szybko\u015b\u0107 \u0142adowania strony; <\/li>\n<li> Wszystkie przysz\u0142e poprawki s\u0105 gratisowe i systematyczne; <\/li>\n<li> Uczciwe ceny; <\/li>\n<li> Szybka pomoc z problemami klient\u00f3w. <\/li>\n<\/ul>\n\n<p> Zbadaj wolne wersje Lite naszych aplikacji i osi\u0105gnij jej potencja\u0142 lub zainstaluj dowolne wymagane wtyczk\u0119 z 20% zni\u017ck\u0105. <\/p>\n\n\n<h2> Jak zamie\u015bci\u0107 wtyczki Elfsight na swojej witrynie Big Cartel<\/h2>\n\n<p> A\u017ceby umie\u015bci\u0107 nasze wtyczki, zobaczy\u0107 poni\u017csze kroki z nieskomplikowanej wskaz\u00f3wki: <\/p>\n\n\n<ol>\n<li> Wybierz odpowiedni plugin; <\/li>\n<li> Zmie\u0144 wszystkie konieczne konfiguracji; <\/li>\n<li> Zapisz zmiany; <\/li>\n<li> Skopiuj otrzymany kod; <\/li>\n<li> Wstaw ten kod w potrzebnym miejscu Pa\u0144stwa witryny lub szablonu; <\/li>\n<li> Gotowe! Zainstalowa\u0142e\u015b dodatek. <\/li>\n<\/ol>\n\n<p> Je\u015bli potrzebujesz porady, nie wahaj si\u0119 zwr\u00f3ci\u0107 si\u0119 do zespo\u0142u pomocy technicznej Elfsight. <\/p>\n","protected":false},"excerpt":{"rendered":"Najbardziej optymalne widgety Elfsight dla udoskonalenia twojej witryny internetowej Big Cartel Przez dziewi\u0119\u0107 lat nasza dru\u017cyna programist\u00f3w Elfsight produkuje \u0142atwe w u\u017cyciu i w pe\u0142ni responsywne elementy interfejsu chmurowe dla Twojej strony www. Gwarantujemy serwis wsparcia i szybkie \u0142adowanie. Wtyczki Elfsight pomagaj\u0105 w\u0142a\u015bcicielom serwis\u00f3w internetowych, non-profit oraz innym z ca\u0142ego&#8230;","protected":false},"author":13,"featured_media":0,"parent":0,"menu_order":0,"comment_status":"closed","ping_status":"closed","template":"templates\/template-platform.php","meta":{"publish_to_discourse":"","publish_post_category":"","wpdc_auto_publish_overridden":"","wpdc_topic_tags":"","wpdc_pin_topic":"","wpdc_pin_until":"","discourse_post_id":"","discourse_permalink":"","wpdc_publishing_response":"","wpdc_publishing_error":"","footnotes":""},"class_list":["post-153","page","type-page","status-publish","hentry"],"yoast_head":"<!-- This site is optimized with the Yoast SEO plugin v25.3.1 - https:\/\/yoast.com\/wordpress\/plugins\/seo\/ -->\n<title>80 najlepszych darmowych Big Cartel plugins dla strony internetowej<\/title>\n<meta name=\"description\" content=\"Katalog najlepszych darmowych plugin\u00f3w dla twojej witryny internetowej Big Cartel. Pom\u00f3c w dostosowywanie i rozbudowana gama mo\u017cliwo\u015bci.\" \/>\n<meta name=\"robots\" content=\"index, follow, max-snippet:-1, max-image-preview:large, max-video-preview:-1\" \/>\n<link rel=\"canonical\" href=\"https:\/\/elfsight.com\/pl\/bigcartel-plugins\/\" \/>\n<meta property=\"og:locale\" content=\"pl_PL\" \/>\n<meta property=\"og:type\" content=\"article\" \/>\n<meta property=\"og:title\" content=\"80 najlepszych darmowych Big Cartel plugins dla strony internetowej\" \/>\n<meta property=\"og:description\" content=\"Katalog najlepszych darmowych plugin\u00f3w dla twojej witryny internetowej Big Cartel. Pom\u00f3c w dostosowywanie i rozbudowana gama mo\u017cliwo\u015bci.\" \/>\n<meta property=\"og:url\" content=\"https:\/\/elfsight.com\/pl\/bigcartel-plugins\/\" \/>\n<meta property=\"og:site_name\" content=\"Elfsight PL\" \/>\n<meta property=\"article:modified_time\" content=\"2021-04-21T13:31:03+00:00\" \/>\n<meta name=\"twitter:card\" content=\"summary_large_image\" \/>\n<meta name=\"twitter:label1\" content=\"Szacowany czas czytania\" \/>\n\t<meta name=\"twitter:data1\" content=\"2 minuty\" \/>\n<!-- \/ Yoast SEO plugin. -->","yoast_head_json":{"title":"80 najlepszych darmowych Big Cartel plugins dla strony internetowej","description":"Katalog najlepszych darmowych plugin\u00f3w dla twojej witryny internetowej Big Cartel. Pom\u00f3c w dostosowywanie i rozbudowana gama mo\u017cliwo\u015bci.","robots":{"index":"index","follow":"follow","max-snippet":"max-snippet:-1","max-image-preview":"max-image-preview:large","max-video-preview":"max-video-preview:-1"},"canonical":"https:\/\/elfsight.com\/pl\/bigcartel-plugins\/","og_locale":"pl_PL","og_type":"article","og_title":"80 najlepszych darmowych Big Cartel plugins dla strony internetowej","og_description":"Katalog najlepszych darmowych plugin\u00f3w dla twojej witryny internetowej Big Cartel. Pom\u00f3c w dostosowywanie i rozbudowana gama mo\u017cliwo\u015bci.","og_url":"https:\/\/elfsight.com\/pl\/bigcartel-plugins\/","og_site_name":"Elfsight PL","article_modified_time":"2021-04-21T13:31:03+00:00","twitter_card":"summary_large_image","twitter_misc":{"Szacowany czas czytania":"2 minuty"},"schema":{"@context":"https:\/\/schema.org","@graph":[{"@type":"WebPage","@id":"https:\/\/elfsight.com\/pl\/bigcartel-plugins\/","url":"https:\/\/elfsight.com\/pl\/bigcartel-plugins\/","name":"80 najlepszych darmowych Big Cartel plugins dla strony internetowej","isPartOf":{"@id":"https:\/\/elfsight.com\/pl\/#website"},"datePublished":"2020-11-13T13:35:58+00:00","dateModified":"2021-04-21T13:31:03+00:00","description":"Katalog najlepszych darmowych plugin\u00f3w dla twojej witryny internetowej Big Cartel. Pom\u00f3c w dostosowywanie i rozbudowana gama mo\u017cliwo\u015bci.","breadcrumb":{"@id":"https:\/\/elfsight.com\/pl\/bigcartel-plugins\/#breadcrumb"},"inLanguage":"pl-PL","potentialAction":[{"@type":"ReadAction","target":["https:\/\/elfsight.com\/pl\/bigcartel-plugins\/"]}]},{"@type":"BreadcrumbList","@id":"https:\/\/elfsight.com\/pl\/bigcartel-plugins\/#breadcrumb","itemListElement":[{"@type":"ListItem","position":1,"name":"Home","item":"https:\/\/elfsight.com\/pl\/"},{"@type":"ListItem","position":2,"name":"Big Cartel plugins"}]},{"@type":"WebSite","@id":"https:\/\/elfsight.com\/pl\/#website","url":"https:\/\/elfsight.com\/pl\/","name":"Elfsight PL","description":"Just another Elfsight Sites site","potentialAction":[{"@type":"SearchAction","target":{"@type":"EntryPoint","urlTemplate":"https:\/\/elfsight.com\/pl\/?s={search_term_string}"},"query-input":{"@type":"PropertyValueSpecification","valueRequired":true,"valueName":"search_term_string"}}],"inLanguage":"pl-PL"}]}},"meta_box":{"industry":"","seo_heading":"","heading":"","description":"","cta_heading":"","cta_description":"","application":"","h1":"Najlepsze pluginy Big Cartel","h1_caption":"Nieodp\u0142atny odbi\u00f3r rewelacyjnych plugin\u00f3w najwy\u017cszej klasy z szerokim zakresem funkcji dla zwi\u0119kszenia poziomu sprzeda\u017cy i dokonania wszystkich kluczowych cel\u00f3w marketingowych. Nieskomplikowana implementacja, szeroki wyb\u00f3r mo\u017cliwo\u015bci modyfikacji i zawodowy serwis pomocy klienta.","application_category":[],"applications_title":"Wypr\u00f3buj najlepszi dopasowania dla twojej strony internetowej w\u015br\u00f3d wszystkich plugin\u00f3w darmowych w edytorze internetowym.","applications_request_title":"Nie mo\u017cesz znale\u017a\u0107 odpowiedniego pluginu?","applications_request_button_text":"Zam\u00f3w plugin","hero_text":"","hero_video":"","hero_video_schema_markup":"","selling_points_title":"","selling_points_caption":"","selling_points":[],"selling_points_cta_text":"","features_title":"","features":"","ed_cta_examples_text":"","ed_cta_examples_hidden":"","ed_cta_demo_text":"","ed_cta_demo_hidden":"","why_caption":"","why_editor_title":"","why_editor_text":"","why_team_title":"","why_team_text":"","why_service_title":"","why_service_text":"","template_catalog_visible":"","template_catalog_title":"","template_catalog_text":"","template_catalog_categories_visible":"","demo_title":"","demo_caption":"","default_faq_hidden":"","app_template_category":[],"platform":"150","template_public_id":"","codecanyon_url":"","codecanyon_item_id":"","codecanyon_price":"","pricing_caption":"","pricing_elfsight_apps_hide_column":"","pricing_elfsight_apps_url":"","pricing_codecanyon_price_caption":"","integration_category":[],"integration_request_title":"","integration_request_cta":"","integration_platform":"","integrations":[],"platform_category":[],"video_schema_markup":"","price":"","trial":"","benefits":[],"button_url":"","button_target_blank":"","button_nofollow":"","attributes":[],"tags":[],"tags_disable_links":"","hide_more_platforms":"","video_object":"","demo_hide_cta":"","demo_hide_cloud_options":"","pricing_title":"","pricing":[],"related_apps_title":"","related_apps_hidden":"","author":"","image":[],"title":"","job":"","social_networks":[]},"_links":{"self":[{"href":"https:\/\/elfsight.com\/pl\/wp-json\/wp\/v2\/pages\/153","targetHints":{"allow":["GET"]}}],"collection":[{"href":"https:\/\/elfsight.com\/pl\/wp-json\/wp\/v2\/pages"}],"about":[{"href":"https:\/\/elfsight.com\/pl\/wp-json\/wp\/v2\/types\/page"}],"author":[{"embeddable":true,"href":"https:\/\/elfsight.com\/pl\/wp-json\/wp\/v2\/users\/13"}],"replies":[{"embeddable":true,"href":"https:\/\/elfsight.com\/pl\/wp-json\/wp\/v2\/comments?post=153"}],"version-history":[{"count":6,"href":"https:\/\/elfsight.com\/pl\/wp-json\/wp\/v2\/pages\/153\/revisions"}],"predecessor-version":[{"id":159,"href":"https:\/\/elfsight.com\/pl\/wp-json\/wp\/v2\/pages\/153\/revisions\/159"}],"wp:attachment":[{"href":"https:\/\/elfsight.com\/pl\/wp-json\/wp\/v2\/media?parent=153"}],"curies":[{"name":"wp","href":"https:\/\/api.w.org\/{rel}","templated":true}]}}