{"id":1502,"date":"2021-01-11T10:02:41","date_gmt":"2021-01-11T10:02:41","guid":{"rendered":"https:\/\/elfsight.com\/pl\/?page_id=1502"},"modified":"2021-04-08T10:16:12","modified_gmt":"2021-04-08T10:16:12","slug":"examples","status":"publish","type":"page","link":"https:\/\/elfsight.com\/pl\/g2-crowd-reviews-widget\/examples\/","title":{"rendered":"G2 Crowd Reviews &#8211; Examples"},"content":{"rendered":"\n<div class=\"application-examples-item application-examples-item-loading\">\n                            <div class=\"col-row\">\n                                <div class=\"col-6 col-m-8 col-s-12\"><h3 class=\"application-examples-item-title\">Przyk\u0142ad 1: Pro\u015bba o recenzje<\/h3><div class=\"application-examples-item-description\">Recenzje s\u0105 rozmieszczone w obszernym wid\u017cecie w uzupe\u0142niaj\u0105cych si\u0119 kolorach G2 z informacyjnym nag\u0142\u00f3wkiem. Nag\u0142\u00f3wek pokazuje \u0142\u0105czn\u0105 ocen\u0119 strony oraz liczb\u0119 recenzent\u00f3w wraz ze zdj\u0119ciami najnowszych. Zdj\u0119cia mo\u017cna klikn\u0105\u0107. Przycisk pro\u015bby o recenzj\u0119 wzywa u\u017cytkownik\u00f3w do pozostawienia jeszcze jednej recenzji, a opcja Tak jest pomalowana na niebiesko, aby zwr\u00f3ci\u0107 uwag\u0119.<\/div><\/div>\n                <\/div>\n\n                <div class=\"application-examples-item-iframe-container browser-frame\">\n                    <div class=\"application-examples-item-iframe-wrapper\">\n                        <iframe class=\"application-examples-item-iframe application-examples-item-iframe-fixed-height\" data-src=\"https:\/\/elfsight.com\/examples?widget_id=0cb4d7db-e313-4aba-86fd-9192f0fa71d6&padding=28px+40px+40px\" width=\"100%\" height=\"600\" allow=\"autoplay; fullscreen\"><\/iframe>\n                    <\/div>\n\n                    <div class=\"application-examples-item-loader\"><\/div>\n                <\/div>\n            <\/div>\n\n<div class=\"application-examples-item application-examples-item-loading\">\n                            <div class=\"col-row\">\n                                <div class=\"col-6 col-m-8 col-s-12\"><h3 class=\"application-examples-item-title\">Przyk\u0142ad 2: Lista<\/h3><div class=\"application-examples-item-description\">Oto jest spos\u00f3b na przedstawienie opinii na stronie firmowej w postaci jasnej listy z autentycznymi kolorami G2. Je\u015bli wy\u0142\u0105czysz nag\u0142\u00f3wek i zastosujesz automatyczne wymiary szeroko\u015bci i wysoko\u015bci, jak mo\u017cecie zobaczy\u0107 tu, widget sam przystosuje si\u0119 do dost\u0119pnego miejsca i b\u0119dzie wygl\u0105da\u0142 natywnie.<\/div><\/div>\n                <\/div>\n\n                <div class=\"application-examples-item-iframe-container browser-frame\">\n                    <div class=\"application-examples-item-iframe-wrapper\">\n                        <iframe class=\"application-examples-item-iframe application-examples-item-iframe-fixed-height\" data-src=\"https:\/\/elfsight.com\/examples?widget_id=54b71632-66ca-47ed-9a06-a5feadec64f7&padding=28px+40px+40px\" width=\"100%\" height=\"600\" allow=\"autoplay; fullscreen\"><\/iframe>\n                    <\/div>\n\n                    <div class=\"application-examples-item-loader\"><\/div>\n                <\/div>\n            <\/div>\n\n<div class=\"application-examples-item application-examples-item-loading\">\n                            <div class=\"col-row\">\n                                <div class=\"col-6 col-m-8 col-s-12\"><h3 class=\"application-examples-item-title\">Przyk\u0142ad 3: Masonry<\/h3><div class=\"application-examples-item-description\">W tym przyk\u0142adzie siatka recenzji jest prezentowana jako wariant murarski, kt\u00f3ry ustawia komentarzy w najlepszej mo\u017cliwej kolejno\u015bci na podstawie ich warto\u015bci. Niestandardowy dob\u00f3r farb zrobi\u0142 niepowtarzalny wygl\u0105d. Ocena w skali gwiazdkowej udowadnia wysok\u0105 ocen\u0119 konsument\u00f3w.<\/div><\/div>\n                <\/div>\n\n                <div class=\"application-examples-item-iframe-container browser-frame\">\n                    <div class=\"application-examples-item-iframe-wrapper\">\n                        <iframe class=\"application-examples-item-iframe application-examples-item-iframe-fixed-height\" data-src=\"https:\/\/elfsight.com\/examples?widget_id=2412ead0-ed29-46ed-a992-92e7e2361333&padding=28px+40px+40px\" width=\"100%\" height=\"600\" allow=\"autoplay; fullscreen\"><\/iframe>\n                    <\/div>\n\n                    <div class=\"application-examples-item-loader\"><\/div>\n                <\/div>\n            <\/div>\n\n<div class=\"application-examples-item application-examples-item-loading\">\n                            <div class=\"col-row\">\n                                <div class=\"col-6 col-m-8 col-s-12\"><h3 class=\"application-examples-item-title\">Przyk\u0142ad 4: Siatka<\/h3><div class=\"application-examples-item-description\">Po\u0142\u0105czenie uk\u0142adu siatki i szablonu Spotlight stwarza idealny, przejrzysty wygl\u0105d. Proste linie i wy\u015brodkowane teksty komentarzy przyci\u0105gaj\u0105 najwi\u0119ksz\u0105 uwag\u0119. Linearna geometria uk\u0142adu Grid mo\u017ce tak\u017ce \u0142adnie dostosowywa\u0107 si\u0119 do wszystkich innych szablon\u00f3w recenzji - elementy interfejsu zosta\u0142y zaprojektowane tak, aby mo\u017cna je by\u0142o w pe\u0142ni dostosowa\u0107.<\/div><\/div>\n                <\/div>\n\n                <div class=\"application-examples-item-iframe-container browser-frame\">\n                    <div class=\"application-examples-item-iframe-wrapper\">\n                        <iframe class=\"application-examples-item-iframe application-examples-item-iframe-fixed-height\" data-src=\"https:\/\/elfsight.com\/examples?widget_id=32c30983-5480-418a-8bec-16622ef5ce71&padding=28px+40px+40px\" width=\"100%\" height=\"600\" allow=\"autoplay; fullscreen\"><\/iframe>\n                    <\/div>\n\n                    <div class=\"application-examples-item-loader\"><\/div>\n                <\/div>\n            <\/div>\n\n<div class=\"application-cta-create\">\n                    <div class=\"application-cta-create-bg\">\n                        <div class=\"application-cta-create-bg-left\"><\/div>\n\n                        <div class=\"application-cta-create-bg-right\">\n                            <img decoding=\"async\" src=\"https:\/\/elfsight.com\/pl\/wp-content\/themes\/elfsight\/frontend\/assets\/img\/application-cta-create.jpg\" alt=\"Zacznij od stworzenia swojego wid\u017cetu\">\n                        <\/div>\n                    <\/div>\n\n                    <div class=\"application-cta-create-content inner\">\n                        <div class=\"application-cta-create-content-inner\">\n                            <div class=\"application-cta-create-content-icon\">\n                                <svg viewBox=\"0 0 25 25\" width=\"100%\" height=\"100%\">\n                                    <use xlink:href=\"#icon-settings\"><\/use>\n                                <\/svg>\n                            <\/div>\n\n                            <div class=\"application-cta-create-content-title\">Zacznij od stworzenia swojego wid\u017cetu<\/div>\n\n                            <div class=\"application-cta-create-content-text\">Szybko. \u0141atwo. Bez kodowania.<\/div>\n\n                            <a class=\"application-cta-create-content-button button-48 button-has-right-icon button-black button\" href=\"\">\n                                <span class=\"button-label\">Utw\u00f3rz wid\u017cet<\/span>\n\n                                <svg class=\"button-icon\">\n                                    <use xlink:href=\"#icon-arrow-link\"><\/use>\n                                <\/svg>\n                            <\/a>\n                        <\/div>\n                    <\/div>\n                <\/div>\n\n<div class=\"application-examples-item application-examples-item-loading\">\n                            <div class=\"col-row\">\n                                <div class=\"col-6 col-m-8 col-s-12\"><h3 class=\"application-examples-item-title\">Przyk\u0142ad 5: Carousel<\/h3><div class=\"application-examples-item-description\">W tym przyk\u0142adzie wid\u017cet w uk\u0142adzie Slider przedstawia recenzje w karuzeli autoodtwarzaniem. To jest optymalny wariant, na przyk\u0142ad, dla strony g\u0142\u00f3wnej witryny. Uk\u0142ad suwaka zawiera elementy nawigacji: strza\u0142ka, przeci\u0105ganie lub paginacja. Mo\u017cesz dostosowa\u0107, ile recenzji b\u0119dzie pokazane na ka\u017cdym slajdzie.<\/div><\/div>\n                <\/div>\n\n                <div class=\"application-examples-item-iframe-container browser-frame\">\n                    <div class=\"application-examples-item-iframe-wrapper\">\n                        <iframe class=\"application-examples-item-iframe application-examples-item-iframe-fixed-height\" data-src=\"https:\/\/elfsight.com\/examples?widget_id=2d47bd48-f4ad-4f41-8c99-d89fa475bb48&padding=28px+40px+40px\" width=\"100%\" height=\"600\" allow=\"autoplay; fullscreen\"><\/iframe>\n                    <\/div>\n\n                    <div class=\"application-examples-item-loader\"><\/div>\n                <\/div>\n            <\/div>\n\n<div class=\"application-examples-item application-examples-item-loading\">\n                            <div class=\"col-row\">\n                                <div class=\"col-6 col-m-8 col-s-12\"><h3 class=\"application-examples-item-title\">Przyk\u0142ad 6: Slider<\/h3><div class=\"application-examples-item-description\">Je\u015bli b\u0119dziesz pokazywa\u0142 recenzje jedn\u0105 po drugiej, przyci\u0105gniesz maksymaln\u0105 uwag\u0119 odbiorc\u00f3w. W tym przypadku szablon Spotlight wprowadza kolejno\u015b\u0107 element\u00f3w: obraz autora i ocena znajduj\u0105 si\u0119 nad tekstem opinii, a wszystkie elementy s\u0105 wyr\u00f3wnane centrum. Inne recenzje mo\u017cna pobaczy\u0107, przeci\u0105gaj\u0105c lub klikaj\u0105c strza\u0142ki.<\/div><\/div>\n                <\/div>\n\n                <div class=\"application-examples-item-iframe-container browser-frame\">\n                    <div class=\"application-examples-item-iframe-wrapper\">\n                        <iframe class=\"application-examples-item-iframe application-examples-item-iframe-fixed-height\" data-src=\"https:\/\/elfsight.com\/examples?widget_id=b96344e2-5403-440b-80d5-9e732d020028&padding=28px+40px+40px\" width=\"100%\" height=\"600\" allow=\"autoplay; fullscreen\"><\/iframe>\n                    <\/div>\n\n                    <div class=\"application-examples-item-loader\"><\/div>\n                <\/div>\n            <\/div>\n\n<div class=\"application-examples-item application-examples-item-loading\">\n                            <div class=\"col-row\">\n                                <div class=\"col-6 col-m-8 col-s-12\"><h3 class=\"application-examples-item-title\">Przyk\u0142ad 7: Sidebar<\/h3><div class=\"application-examples-item-description\">Tu jest idealny przyk\u0142ad sposobu, w jaki mo\u017cesz wbudowa\u0107 wid\u017cet opinii z witryn\u0105 na bardzo ma\u0142ej przestrzeni. Ustawiony jako pasek boczny, wid\u017cet prezentuje tylko najwa\u017cniejsze elementy i ma skromny rozmiar, ale zachowuje wszystkie funkcje.<\/div><\/div>\n                <\/div>\n\n                <div class=\"application-examples-item-iframe-container browser-frame\">\n                    <div class=\"application-examples-item-iframe-wrapper\">\n                        <iframe class=\"application-examples-item-iframe application-examples-item-iframe-fixed-height\" data-src=\"https:\/\/elfsight.com\/examples?widget_id=e29e0a53-de60-4e29-a8b1-808802ef8341&padding=28px+40px+40px\" width=\"100%\" height=\"600\" allow=\"autoplay; fullscreen\"><\/iframe>\n                    <\/div>\n\n                    <div class=\"application-examples-item-loader\"><\/div>\n                <\/div>\n            <\/div>\n","protected":false},"excerpt":{"rendered":"","protected":false},"author":13,"featured_media":0,"parent":1481,"menu_order":0,"comment_status":"closed","ping_status":"closed","template":"templates\/template-application-examples.php","meta":{"publish_to_discourse":"","publish_post_category":"","wpdc_auto_publish_overridden":"","wpdc_topic_tags":"","wpdc_pin_topic":"","wpdc_pin_until":"","discourse_post_id":"","discourse_permalink":"","wpdc_publishing_response":"","wpdc_publishing_error":"","footnotes":""},"class_list":["post-1502","page","type-page","status-publish","hentry"],"yoast_head":"<!-- This site is optimized with the Yoast SEO plugin v25.3.1 - https:\/\/yoast.com\/wordpress\/plugins\/seo\/ -->\n<title>TOP 7 najlepszych przyk\u0142ad\u00f3w wid\u017cetu Recenzje G2 (w 2025 r.)<\/title>\n<meta name=\"description\" content=\"TOP 7 przyk\u0142ad\u00f3w widgetu Opinie G2 na stronie internetowej: Prosba o recenzje, Lista, Karuzela, Slider, Galeria lub pasek boczny.\" \/>\n<meta name=\"robots\" content=\"index, follow, max-snippet:-1, max-image-preview:large, max-video-preview:-1\" \/>\n<link rel=\"canonical\" href=\"https:\/\/elfsight.com\/pl\/g2-crowd-reviews-widget\/examples\/\" \/>\n<meta property=\"og:locale\" content=\"pl_PL\" \/>\n<meta property=\"og:type\" content=\"article\" \/>\n<meta property=\"og:title\" content=\"TOP 7 najlepszych przyk\u0142ad\u00f3w wid\u017cetu Recenzje G2 (w 2025 r.)\" \/>\n<meta property=\"og:description\" content=\"TOP 7 przyk\u0142ad\u00f3w widgetu Opinie G2 na stronie internetowej: Prosba o recenzje, Lista, Karuzela, Slider, Galeria lub pasek boczny.\" \/>\n<meta property=\"og:url\" content=\"https:\/\/elfsight.com\/pl\/g2-crowd-reviews-widget\/examples\/\" \/>\n<meta property=\"og:site_name\" content=\"Elfsight PL\" \/>\n<meta property=\"article:modified_time\" content=\"2021-04-08T10:16:12+00:00\" \/>\n<meta name=\"twitter:card\" content=\"summary_large_image\" \/>\n<meta name=\"twitter:label1\" content=\"Szacowany czas czytania\" \/>\n\t<meta name=\"twitter:data1\" content=\"3 minuty\" \/>\n<!-- \/ Yoast SEO plugin. -->","yoast_head_json":{"title":"TOP 7 najlepszych przyk\u0142ad\u00f3w wid\u017cetu Recenzje G2 (w 2025 r.)","description":"TOP 7 przyk\u0142ad\u00f3w widgetu Opinie G2 na stronie internetowej: Prosba o recenzje, Lista, Karuzela, Slider, Galeria lub pasek boczny.","robots":{"index":"index","follow":"follow","max-snippet":"max-snippet:-1","max-image-preview":"max-image-preview:large","max-video-preview":"max-video-preview:-1"},"canonical":"https:\/\/elfsight.com\/pl\/g2-crowd-reviews-widget\/examples\/","og_locale":"pl_PL","og_type":"article","og_title":"TOP 7 najlepszych przyk\u0142ad\u00f3w wid\u017cetu Recenzje G2 (w 2025 r.)","og_description":"TOP 7 przyk\u0142ad\u00f3w widgetu Opinie G2 na stronie internetowej: Prosba o recenzje, Lista, Karuzela, Slider, Galeria lub pasek boczny.","og_url":"https:\/\/elfsight.com\/pl\/g2-crowd-reviews-widget\/examples\/","og_site_name":"Elfsight PL","article_modified_time":"2021-04-08T10:16:12+00:00","twitter_card":"summary_large_image","twitter_misc":{"Szacowany czas czytania":"3 minuty"},"schema":{"@context":"https:\/\/schema.org","@graph":[{"@type":"WebPage","@id":"https:\/\/elfsight.com\/pl\/g2-crowd-reviews-widget\/examples\/","url":"https:\/\/elfsight.com\/pl\/g2-crowd-reviews-widget\/examples\/","name":"TOP 7 najlepszych przyk\u0142ad\u00f3w wid\u017cetu Recenzje G2 (w 2025 r.)","isPartOf":{"@id":"https:\/\/elfsight.com\/pl\/#website"},"datePublished":"2021-01-11T10:02:41+00:00","dateModified":"2021-04-08T10:16:12+00:00","description":"TOP 7 przyk\u0142ad\u00f3w widgetu Opinie G2 na stronie internetowej: Prosba o recenzje, Lista, Karuzela, Slider, Galeria lub pasek boczny.","breadcrumb":{"@id":"https:\/\/elfsight.com\/pl\/g2-crowd-reviews-widget\/examples\/#breadcrumb"},"inLanguage":"pl-PL","potentialAction":[{"@type":"ReadAction","target":["https:\/\/elfsight.com\/pl\/g2-crowd-reviews-widget\/examples\/"]}]},{"@type":"BreadcrumbList","@id":"https:\/\/elfsight.com\/pl\/g2-crowd-reviews-widget\/examples\/#breadcrumb","itemListElement":[{"@type":"ListItem","position":1,"name":"Home","item":"https:\/\/elfsight.com\/pl\/"},{"@type":"ListItem","position":2,"name":"G2 Crowd Reviews","item":"https:\/\/elfsight.com\/pl\/g2-crowd-reviews-widget\/"},{"@type":"ListItem","position":3,"name":"G2 Crowd Reviews &#8211; Examples"}]},{"@type":"WebSite","@id":"https:\/\/elfsight.com\/pl\/#website","url":"https:\/\/elfsight.com\/pl\/","name":"Elfsight PL","description":"Just another Elfsight Sites site","potentialAction":[{"@type":"SearchAction","target":{"@type":"EntryPoint","urlTemplate":"https:\/\/elfsight.com\/pl\/?s={search_term_string}"},"query-input":{"@type":"PropertyValueSpecification","valueRequired":true,"valueName":"search_term_string"}}],"inLanguage":"pl-PL"}]}},"meta_box":{"industry":"","seo_heading":"","heading":"","description":"","cta_heading":"","cta_description":"","application":"1480","h1":"","h1_caption":"","application_category":[],"applications_title":"","applications_request_title":"","applications_request_button_text":"","hero_text":"","hero_video":"","hero_video_schema_markup":"","selling_points_title":"","selling_points_caption":"","selling_points":[],"selling_points_cta_text":"","features_title":"","features":"","ed_cta_examples_text":"","ed_cta_examples_hidden":"","ed_cta_demo_text":"","ed_cta_demo_hidden":"","why_caption":"","why_editor_title":"","why_editor_text":"","why_team_title":"","why_team_text":"","why_service_title":"","why_service_text":"","template_catalog_visible":"","template_catalog_title":"","template_catalog_text":"","template_catalog_categories_visible":"","demo_title":"","demo_caption":"","default_faq_hidden":"","app_template_category":[],"platform":"","template_public_id":"","codecanyon_url":"","codecanyon_item_id":"","codecanyon_price":"","pricing_caption":"","pricing_elfsight_apps_hide_column":"","pricing_elfsight_apps_url":"","pricing_codecanyon_price_caption":"","integration_category":[],"integration_request_title":"","integration_request_cta":"","integration_platform":"","integrations":[],"platform_category":[],"video_schema_markup":"","price":"","trial":"","benefits":[],"button_url":"","button_target_blank":"","button_nofollow":"","attributes":[],"tags":[],"tags_disable_links":"","hide_more_platforms":"","video_object":"","demo_hide_cta":"","demo_hide_cloud_options":"","pricing_title":"","pricing":[],"related_apps_title":"","related_apps_hidden":"","author":"","image":[],"title":"","job":"","social_networks":[]},"_links":{"self":[{"href":"https:\/\/elfsight.com\/pl\/wp-json\/wp\/v2\/pages\/1502","targetHints":{"allow":["GET"]}}],"collection":[{"href":"https:\/\/elfsight.com\/pl\/wp-json\/wp\/v2\/pages"}],"about":[{"href":"https:\/\/elfsight.com\/pl\/wp-json\/wp\/v2\/types\/page"}],"author":[{"embeddable":true,"href":"https:\/\/elfsight.com\/pl\/wp-json\/wp\/v2\/users\/13"}],"replies":[{"embeddable":true,"href":"https:\/\/elfsight.com\/pl\/wp-json\/wp\/v2\/comments?post=1502"}],"version-history":[{"count":7,"href":"https:\/\/elfsight.com\/pl\/wp-json\/wp\/v2\/pages\/1502\/revisions"}],"predecessor-version":[{"id":2821,"href":"https:\/\/elfsight.com\/pl\/wp-json\/wp\/v2\/pages\/1502\/revisions\/2821"}],"up":[{"embeddable":true,"href":"https:\/\/elfsight.com\/pl\/wp-json\/wp\/v2\/pages\/1481"}],"wp:attachment":[{"href":"https:\/\/elfsight.com\/pl\/wp-json\/wp\/v2\/media?parent=1502"}],"curies":[{"name":"wp","href":"https:\/\/api.w.org\/{rel}","templated":true}]}}