{"id":147,"date":"2020-11-13T13:13:40","date_gmt":"2020-11-13T13:13:40","guid":{"rendered":"https:\/\/elfsight.com\/pl\/?page_id=147"},"modified":"2021-04-21T13:30:50","modified_gmt":"2021-04-21T13:30:50","slug":"3dcart-apps","status":"publish","type":"page","link":"https:\/\/elfsight.com\/pl\/3dcart-apps\/","title":{"rendered":"3dcart apps"},"content":{"rendered":"\n<h2>Najbardziej optymalne dodatki Elfsight dla unowocze\u015bnienia twojej strony www 3dcart<\/h2>\n\n<p>W ci\u0105gu wielu lat nasz zesp\u00f3\u0142 profesjonalist\u00f3w Elfsight wypuszcza Plug&amp;Play i uniwersalne wtyczki chmurowe dla Twojej firmy. Elfsight zapewnia wsparcie premium i szybko\u015b\u0107 wczytywania. Rozwi\u0105zania Elfsight wspomagaj\u0105 w\u0142a\u015bcicielom sklep\u00f3w www, non-profit i wielu innym z r\u00f3\u017cnych kraj\u00f3w \u015bwiata zaradzi\u0107 kluczowymi zadaniami efektywniej. \n<\/p>\n\n<p>A\u017ceby powi\u0119kszy\u0107 dochody, pokaza\u0107 5-gwiazdkow\u0105 ocen\u0119 na swoje produkty, zwi\u0119kszy\u0107 zaufanie do swojej marki, po prostu dodaj\u0105c aplikacje do swojej witryny. Nasze plany taryfowe s\u0105 w zakresie od bezp\u0142atnych do premium. \u0141atwo zastosowa\u0107 dowolnie wybrane wtyczki u\u017cywaj\u0105c naszej wersji Live Demo i spotkaj jak bardzo to b\u0119dzie przydatne w kwestii rozwoju serwisu www Twojego firmy. <\/p>\n\n<h2>Czemu nasze wtyczki Elfsight s\u0105 najlepszymi instrumentami dla was? <\/h2>\n\n<p> Oto spis silnych jako\u015bci naszych plugin\u00f3w, kt\u00f3re pomagaj\u0105 nam by\u0107 lepszymi, ni\u017c nasi konkurenci: <\/p>\n\n\n<ul>\n<li> Nieodp\u0142atna i natychmiastowa obs\u0142uga przy dodaniu lub customizacji widget\u00f3w; <\/li>\n<li> Zdolne do adaptacji do wszystkich rozdzielczo\u015bci stron internetowych i przyjazne dla urz\u0105dze\u0144 mobilnych; <\/li>\n<li> Nie musisz uczysz si\u0119 kodowania; <\/li>\n<li> Szeroki wyb\u00f3r opcji dostosowywania; <\/li>\n<li> Przechowywanie danych chmurze pomagaj\u0105 zwi\u0119kszy\u0107 szybko\u015b\u0107 strony; <\/li>\n<li> Wszystkie poprawki s\u0105 gratisowe i systematyczne; <\/li>\n<li> Przyst\u0119pne ceny; <\/li>\n<li> Profesjonalna pomoc w przypadku problem\u00f3w. <\/li>\n<\/ul>\n\n<p> Poznaj wolne wersje Lite naszych dodatk\u00f3w i zrozumiej jej potencja\u0142 lub kup dowolne wymagane aplikacje z 20% rabatem. <\/p>\n\n\n<h2> Jak w\u0142\u0105czy\u0107 Twoje wid\u017cety Elfsight na swojej serwisie www 3dcart <\/h2>\n\n<p> A\u017ceby zintegrowa\u0107 nasze dodatki, zobaczy\u0107 poni\u017csze kroki z oczywistej wskaz\u00f3wki: <\/p>\n\n\n<ol>\n<li> Wybierz przydatn\u0105 wtyczk\u0119; <\/li>\n<li> Skonfiguruj niekt\u00f3re wymagane ustawienia; <\/li>\n<li> Kliknij przycisk &#8222;Zapisz Zmiany&#8221;; <\/li>\n<li> Otrzymaj wygenerowany kod; <\/li>\n<li> Zainstaluj go w dost\u0119pnym miejscu Pa\u0144stwa strony lub szablonu; <\/li>\n<li> Gotowe! Uda\u0142o Ci si\u0119 zintegrowa\u0107 dodatek. <\/li>\n<\/ol>\n\n<p> Je\u015bli potrzebujesz doradztwa, nie wahaj si\u0119 poinformowa\u0107 o tym zespo\u0142u wspieraj\u0105cego Elfsight. <\/p>\n","protected":false},"excerpt":{"rendered":"Najbardziej optymalne dodatki Elfsight dla unowocze\u015bnienia twojej strony www 3dcart W ci\u0105gu wielu lat nasz zesp\u00f3\u0142 profesjonalist\u00f3w Elfsight wypuszcza Plug&amp;Play i uniwersalne wtyczki chmurowe dla Twojej firmy. Elfsight zapewnia wsparcie premium i szybko\u015b\u0107 wczytywania. Rozwi\u0105zania Elfsight wspomagaj\u0105 w\u0142a\u015bcicielom sklep\u00f3w www, non-profit i wielu innym z r\u00f3\u017cnych kraj\u00f3w \u015bwiata zaradzi\u0107 kluczowymi&#8230;","protected":false},"author":13,"featured_media":0,"parent":0,"menu_order":0,"comment_status":"closed","ping_status":"closed","template":"templates\/template-platform.php","meta":{"publish_to_discourse":"","publish_post_category":"","wpdc_auto_publish_overridden":"","wpdc_topic_tags":"","wpdc_pin_topic":"","wpdc_pin_until":"","discourse_post_id":"","discourse_permalink":"","wpdc_publishing_response":"","wpdc_publishing_error":"","footnotes":""},"class_list":["post-147","page","type-page","status-publish","hentry"],"yoast_head":"<!-- This site is optimized with the Yoast SEO plugin v25.3.1 - https:\/\/yoast.com\/wordpress\/plugins\/seo\/ -->\n<title>Ponad 80 najlepszych darmowych 3dcart apps dla strony internetowej<\/title>\n<meta name=\"description\" content=\"Katalog nieodp\u0142atnych aplikacji pierwszej klasy dla twojej witryny internetowej 3dcart. Pom\u00f3c z dostosowywaniem oraz bogata gama mo\u017cliwo\u015bci.\" \/>\n<meta name=\"robots\" content=\"index, follow, max-snippet:-1, max-image-preview:large, max-video-preview:-1\" \/>\n<link rel=\"canonical\" href=\"https:\/\/elfsight.com\/pl\/3dcart-apps\/\" \/>\n<meta property=\"og:locale\" content=\"pl_PL\" \/>\n<meta property=\"og:type\" content=\"article\" \/>\n<meta property=\"og:title\" content=\"Ponad 80 najlepszych darmowych 3dcart apps dla strony internetowej\" \/>\n<meta property=\"og:description\" content=\"Katalog nieodp\u0142atnych aplikacji pierwszej klasy dla twojej witryny internetowej 3dcart. Pom\u00f3c z dostosowywaniem oraz bogata gama mo\u017cliwo\u015bci.\" \/>\n<meta property=\"og:url\" content=\"https:\/\/elfsight.com\/pl\/3dcart-apps\/\" \/>\n<meta property=\"og:site_name\" content=\"Elfsight PL\" \/>\n<meta property=\"article:modified_time\" content=\"2021-04-21T13:30:50+00:00\" \/>\n<meta name=\"twitter:card\" content=\"summary_large_image\" \/>\n<meta name=\"twitter:label1\" content=\"Szacowany czas czytania\" \/>\n\t<meta name=\"twitter:data1\" content=\"2 minuty\" \/>\n<!-- \/ Yoast SEO plugin. -->","yoast_head_json":{"title":"Ponad 80 najlepszych darmowych 3dcart apps dla strony internetowej","description":"Katalog nieodp\u0142atnych aplikacji pierwszej klasy dla twojej witryny internetowej 3dcart. Pom\u00f3c z dostosowywaniem oraz bogata gama mo\u017cliwo\u015bci.","robots":{"index":"index","follow":"follow","max-snippet":"max-snippet:-1","max-image-preview":"max-image-preview:large","max-video-preview":"max-video-preview:-1"},"canonical":"https:\/\/elfsight.com\/pl\/3dcart-apps\/","og_locale":"pl_PL","og_type":"article","og_title":"Ponad 80 najlepszych darmowych 3dcart apps dla strony internetowej","og_description":"Katalog nieodp\u0142atnych aplikacji pierwszej klasy dla twojej witryny internetowej 3dcart. Pom\u00f3c z dostosowywaniem oraz bogata gama mo\u017cliwo\u015bci.","og_url":"https:\/\/elfsight.com\/pl\/3dcart-apps\/","og_site_name":"Elfsight PL","article_modified_time":"2021-04-21T13:30:50+00:00","twitter_card":"summary_large_image","twitter_misc":{"Szacowany czas czytania":"2 minuty"},"schema":{"@context":"https:\/\/schema.org","@graph":[{"@type":"WebPage","@id":"https:\/\/elfsight.com\/pl\/3dcart-apps\/","url":"https:\/\/elfsight.com\/pl\/3dcart-apps\/","name":"Ponad 80 najlepszych darmowych 3dcart apps dla strony internetowej","isPartOf":{"@id":"https:\/\/elfsight.com\/pl\/#website"},"datePublished":"2020-11-13T13:13:40+00:00","dateModified":"2021-04-21T13:30:50+00:00","description":"Katalog nieodp\u0142atnych aplikacji pierwszej klasy dla twojej witryny internetowej 3dcart. Pom\u00f3c z dostosowywaniem oraz bogata gama mo\u017cliwo\u015bci.","breadcrumb":{"@id":"https:\/\/elfsight.com\/pl\/3dcart-apps\/#breadcrumb"},"inLanguage":"pl-PL","potentialAction":[{"@type":"ReadAction","target":["https:\/\/elfsight.com\/pl\/3dcart-apps\/"]}]},{"@type":"BreadcrumbList","@id":"https:\/\/elfsight.com\/pl\/3dcart-apps\/#breadcrumb","itemListElement":[{"@type":"ListItem","position":1,"name":"Home","item":"https:\/\/elfsight.com\/pl\/"},{"@type":"ListItem","position":2,"name":"3dcart apps"}]},{"@type":"WebSite","@id":"https:\/\/elfsight.com\/pl\/#website","url":"https:\/\/elfsight.com\/pl\/","name":"Elfsight PL","description":"Just another Elfsight Sites site","potentialAction":[{"@type":"SearchAction","target":{"@type":"EntryPoint","urlTemplate":"https:\/\/elfsight.com\/pl\/?s={search_term_string}"},"query-input":{"@type":"PropertyValueSpecification","valueRequired":true,"valueName":"search_term_string"}}],"inLanguage":"pl-PL"}]}},"meta_box":{"industry":"","seo_heading":"","heading":"","description":"","cta_heading":"","cta_description":"","application":"","h1":"Najlepsze aplikacje 3dcart","h1_caption":"Darmowy pakiet gotowych do u\u017cycia element\u00f3w interfejsu najwy\u017cszej klasy z szerokim wachlarzem mo\u017cliwo\u015bci dla powi\u0119kszania sprzeda\u017cy oraz dokonania wszystkich kluczowych dzia\u0142a\u0144 o charakterze handlowym. Prosta instalacja, bogata oferta opcji modyfikacji oraz do\u017cywotnia obs\u0142uga klienta.","application_category":[],"applications_title":"Sprawd\u017a najlepsi aplikacji dla twojej strony internetowej w\u015br\u00f3d wszystkich wid\u017cet\u00f3w darmowych w edytorze internetowym","applications_request_title":"Nie mo\u017cesz znale\u017a\u0107 odpowiedniej aplikacji?","applications_request_button_text":"Zam\u00f3w aplikacje","hero_text":"","hero_video":"","hero_video_schema_markup":"","selling_points_title":"","selling_points_caption":"","selling_points":[],"selling_points_cta_text":"","features_title":"","features":"","ed_cta_examples_text":"","ed_cta_examples_hidden":"","ed_cta_demo_text":"","ed_cta_demo_hidden":"","why_caption":"","why_editor_title":"","why_editor_text":"","why_team_title":"","why_team_text":"","why_service_title":"","why_service_text":"","template_catalog_visible":"","template_catalog_title":"","template_catalog_text":"","template_catalog_categories_visible":"","demo_title":"","demo_caption":"","default_faq_hidden":"","app_template_category":[],"platform":"144","template_public_id":"","codecanyon_url":"","codecanyon_item_id":"","codecanyon_price":"","pricing_caption":"","pricing_elfsight_apps_hide_column":"","pricing_elfsight_apps_url":"","pricing_codecanyon_price_caption":"","integration_category":[],"integration_request_title":"","integration_request_cta":"","integration_platform":"","integrations":[],"platform_category":[],"video_schema_markup":"","price":"","trial":"","benefits":[],"button_url":"","button_target_blank":"","button_nofollow":"","attributes":[],"tags":[],"tags_disable_links":"","hide_more_platforms":"","video_object":"","demo_hide_cta":"","demo_hide_cloud_options":"","pricing_title":"","pricing":[],"related_apps_title":"","related_apps_hidden":"","author":"","image":[],"title":"","job":"","social_networks":[]},"_links":{"self":[{"href":"https:\/\/elfsight.com\/pl\/wp-json\/wp\/v2\/pages\/147","targetHints":{"allow":["GET"]}}],"collection":[{"href":"https:\/\/elfsight.com\/pl\/wp-json\/wp\/v2\/pages"}],"about":[{"href":"https:\/\/elfsight.com\/pl\/wp-json\/wp\/v2\/types\/page"}],"author":[{"embeddable":true,"href":"https:\/\/elfsight.com\/pl\/wp-json\/wp\/v2\/users\/13"}],"replies":[{"embeddable":true,"href":"https:\/\/elfsight.com\/pl\/wp-json\/wp\/v2\/comments?post=147"}],"version-history":[{"count":2,"href":"https:\/\/elfsight.com\/pl\/wp-json\/wp\/v2\/pages\/147\/revisions"}],"predecessor-version":[{"id":149,"href":"https:\/\/elfsight.com\/pl\/wp-json\/wp\/v2\/pages\/147\/revisions\/149"}],"wp:attachment":[{"href":"https:\/\/elfsight.com\/pl\/wp-json\/wp\/v2\/media?parent=147"}],"curies":[{"name":"wp","href":"https:\/\/api.w.org\/{rel}","templated":true}]}}