{"id":135,"date":"2020-11-13T12:49:43","date_gmt":"2020-11-13T12:49:43","guid":{"rendered":"https:\/\/elfsight.com\/pl\/?page_id=135"},"modified":"2021-04-21T13:30:32","modified_gmt":"2021-04-21T13:30:32","slug":"weebly-apps","status":"publish","type":"page","link":"https:\/\/elfsight.com\/pl\/weebly-apps\/","title":{"rendered":"Weebly apps"},"content":{"rendered":"\n<h2>Najskuteczniejsze aplikacji Elfsight dla udoskonalenia twojej witryny internetowej Weebly<\/h2>\n\n<p>Przez kilka lat nasza dru\u017cyna deweloper\u00f3w Elfsight tworzy \u0142atwe w obs\u0142udze i wszechstronne pluginy chmurowe dla Twojej firmy. Mo\u017cemy zagwarantowa\u0107 wsparcie premium oraz szybkie \u0142adowanie. Rozszerzenia Elfsight wspomagaj\u0105 w\u0142a\u015bcicielom stron www, edukacyjnych oraz innym na ca\u0142ym \u015bwiecie zaradzi\u0107 kluczowymi celami bardziej efektywnie. \n<\/p>\n\n<p>Mo\u017cesz podnie\u015b\u0107 sprzeda\u017c, wykaza\u0107 pozytywne referencje na Pa\u0144stwa us\u0142ugi, zwi\u0119kszy\u0107 zaufanie do swojej marki, wystarczy zainstalowa\u0107 wid\u017cet do Twojej strony Web. Nasze plany subskrypcji wahaj\u0105 si\u0119 od bezp\u0142atnych do premium. \u0141atwo zintegrowa\u0107 dowolnie odpowiednie dodatki u\u017cywaj\u0105c naszej wersji demonstracyjnej i spotkaj jak bardzo to b\u0119dzie przydatne w kwestii rozwoju strony Web Pa\u0144stwa przedsi\u0119biorstwa. <\/p>\n\n<h2>Co sprawia, \u017ce nasze widgety Elfsight s\u0105 tak wyj\u0105tkowymi narz\u0119dziami dla Twojej witryny? <\/h2>\n\n<p> Sprawd\u017a spis silnych cech naszych wid\u017cet\u00f3w, kt\u00f3re umo\u017cliwiaj\u0105 nam by\u0107 lepszymi, ni\u017c nasi konkurenci: <\/p>\n\n\n<ul>\n<li> Darmowa i sprawna wsparcie przy instalacje lub personalizacji plugin\u00f3w; <\/li>\n<li> Automatyczne dostosowanie do wszystkich rozdzielczo\u015bci stron internetowych i przyjazne dla urz\u0105dze\u0144 mobilnych; <\/li>\n<li> Nie musisz umiej\u0119tno\u015bci programowania; <\/li>\n<li> Szeroka oferta mo\u017cliwo\u015bci personalizacji; <\/li>\n<li> Przechowywanie danych chmurze pomagaj\u0105 zwi\u0119kszy\u0107 pr\u0119dko\u015b\u0107 strony; <\/li>\n<li> Wszystkie dost\u0119pne aktualizacje s\u0105 gratisowe i regularnie publikowane; <\/li>\n<li> Przyst\u0119pne ceny; <\/li>\n<li> Profesjonalna pomoc w przypadku problem\u00f3w. <\/li>\n<\/ul>\n\n<p> Zbadaj bezp\u0142atne opcje naszych aplikacji i u\u017cywaj jej potencja\u0142 lub zainstaluj dowolne wymagane rozwi\u0105zanie z 20% obni\u017ck\u0105. <\/p>\n\n\n<h2> Jak umie\u015bci\u0107 aplikacji Elfsight na stronie internetowej Weebly<\/h2>\n\n<p> A\u017ceby w\u0142\u0105czy\u0107 aplikacji, wykonaj nast\u0119pnie kroki z dok\u0142adnej wskaz\u00f3wki: <\/p>\n\n\n<ol>\n<li> Kliknij odpowiedni widget; <\/li>\n<li> Zmodyfikuj niekt\u00f3re odpowiednie konfiguracji; <\/li>\n<li> Zapisz zmiany; <\/li>\n<li> Kliknij generowany kod; <\/li>\n<li> Zainstaluj go w wymaganym miejscu swojej strony lub szablonu; <\/li>\n<li> Gotowe! Zainstalowa\u0142e\u015b wid\u017cet. <\/li>\n<\/ol>\n\n<p> Je\u015bli b\u0119dziesz potrzebowa\u0142 pomocy, zapraszamy napisa\u0107 do zespo\u0142u pomocy technicznej Elfsight. <\/p>\n","protected":false},"excerpt":{"rendered":"Najskuteczniejsze aplikacji Elfsight dla udoskonalenia twojej witryny internetowej Weebly Przez kilka lat nasza dru\u017cyna deweloper\u00f3w Elfsight tworzy \u0142atwe w obs\u0142udze i wszechstronne pluginy chmurowe dla Twojej firmy. Mo\u017cemy zagwarantowa\u0107 wsparcie premium oraz szybkie \u0142adowanie. Rozszerzenia Elfsight wspomagaj\u0105 w\u0142a\u015bcicielom stron www, edukacyjnych oraz innym na ca\u0142ym \u015bwiecie zaradzi\u0107 kluczowymi celami bardziej&#8230;","protected":false},"author":13,"featured_media":0,"parent":0,"menu_order":0,"comment_status":"closed","ping_status":"closed","template":"templates\/template-platform.php","meta":{"publish_to_discourse":"","publish_post_category":"","wpdc_auto_publish_overridden":"","wpdc_topic_tags":"","wpdc_pin_topic":"","wpdc_pin_until":"","discourse_post_id":"","discourse_permalink":"","wpdc_publishing_response":"","wpdc_publishing_error":"","footnotes":""},"class_list":["post-135","page","type-page","status-publish","hentry"],"yoast_head":"<!-- This site is optimized with the Yoast SEO plugin v25.3.1 - https:\/\/yoast.com\/wordpress\/plugins\/seo\/ -->\n<title>Ponad 80 najlepszych darmowych Weebly apps dla strony internetowej<\/title>\n<meta name=\"description\" content=\"Zestaw sprawdzonych gratisowych widget\u00f3w dla twojej witryny sieci Web Weebly. Pom\u00f3c przy dostosowanie oraz szeroka gama opcji.\" \/>\n<meta name=\"robots\" content=\"index, follow, max-snippet:-1, max-image-preview:large, max-video-preview:-1\" \/>\n<link rel=\"canonical\" href=\"https:\/\/elfsight.com\/pl\/weebly-apps\/\" \/>\n<meta property=\"og:locale\" content=\"pl_PL\" \/>\n<meta property=\"og:type\" content=\"article\" \/>\n<meta property=\"og:title\" content=\"Ponad 80 najlepszych darmowych Weebly apps dla strony internetowej\" \/>\n<meta property=\"og:description\" content=\"Zestaw sprawdzonych gratisowych widget\u00f3w dla twojej witryny sieci Web Weebly. Pom\u00f3c przy dostosowanie oraz szeroka gama opcji.\" \/>\n<meta property=\"og:url\" content=\"https:\/\/elfsight.com\/pl\/weebly-apps\/\" \/>\n<meta property=\"og:site_name\" content=\"Elfsight PL\" \/>\n<meta property=\"article:modified_time\" content=\"2021-04-21T13:30:32+00:00\" \/>\n<meta name=\"twitter:card\" content=\"summary_large_image\" \/>\n<meta name=\"twitter:label1\" content=\"Szacowany czas czytania\" \/>\n\t<meta name=\"twitter:data1\" content=\"2 minuty\" \/>\n<!-- \/ Yoast SEO plugin. -->","yoast_head_json":{"title":"Ponad 80 najlepszych darmowych Weebly apps dla strony internetowej","description":"Zestaw sprawdzonych gratisowych widget\u00f3w dla twojej witryny sieci Web Weebly. Pom\u00f3c przy dostosowanie oraz szeroka gama opcji.","robots":{"index":"index","follow":"follow","max-snippet":"max-snippet:-1","max-image-preview":"max-image-preview:large","max-video-preview":"max-video-preview:-1"},"canonical":"https:\/\/elfsight.com\/pl\/weebly-apps\/","og_locale":"pl_PL","og_type":"article","og_title":"Ponad 80 najlepszych darmowych Weebly apps dla strony internetowej","og_description":"Zestaw sprawdzonych gratisowych widget\u00f3w dla twojej witryny sieci Web Weebly. Pom\u00f3c przy dostosowanie oraz szeroka gama opcji.","og_url":"https:\/\/elfsight.com\/pl\/weebly-apps\/","og_site_name":"Elfsight PL","article_modified_time":"2021-04-21T13:30:32+00:00","twitter_card":"summary_large_image","twitter_misc":{"Szacowany czas czytania":"2 minuty"},"schema":{"@context":"https:\/\/schema.org","@graph":[{"@type":"WebPage","@id":"https:\/\/elfsight.com\/pl\/weebly-apps\/","url":"https:\/\/elfsight.com\/pl\/weebly-apps\/","name":"Ponad 80 najlepszych darmowych Weebly apps dla strony internetowej","isPartOf":{"@id":"https:\/\/elfsight.com\/pl\/#website"},"datePublished":"2020-11-13T12:49:43+00:00","dateModified":"2021-04-21T13:30:32+00:00","description":"Zestaw sprawdzonych gratisowych widget\u00f3w dla twojej witryny sieci Web Weebly. Pom\u00f3c przy dostosowanie oraz szeroka gama opcji.","breadcrumb":{"@id":"https:\/\/elfsight.com\/pl\/weebly-apps\/#breadcrumb"},"inLanguage":"pl-PL","potentialAction":[{"@type":"ReadAction","target":["https:\/\/elfsight.com\/pl\/weebly-apps\/"]}]},{"@type":"BreadcrumbList","@id":"https:\/\/elfsight.com\/pl\/weebly-apps\/#breadcrumb","itemListElement":[{"@type":"ListItem","position":1,"name":"Home","item":"https:\/\/elfsight.com\/pl\/"},{"@type":"ListItem","position":2,"name":"Weebly apps"}]},{"@type":"WebSite","@id":"https:\/\/elfsight.com\/pl\/#website","url":"https:\/\/elfsight.com\/pl\/","name":"Elfsight PL","description":"Just another Elfsight Sites site","potentialAction":[{"@type":"SearchAction","target":{"@type":"EntryPoint","urlTemplate":"https:\/\/elfsight.com\/pl\/?s={search_term_string}"},"query-input":{"@type":"PropertyValueSpecification","valueRequired":true,"valueName":"search_term_string"}}],"inLanguage":"pl-PL"}]}},"meta_box":{"industry":"","seo_heading":"","heading":"","description":"","cta_heading":"","cta_description":"","application":"","h1":"Najlepsze aplikacje Weebly","h1_caption":"Nieodp\u0142atny spis gotowych do u\u017cycia wtyczek wysokiej klasy z szerokim wachlarzem funkcji dla powi\u0119kszania aktywno\u015bci u\u017cytkownika i wykonania wszystkich kluczowych zada\u0144 biznesowych. Prosta implementacja, obszerny asortyment mo\u017cliwo\u015bci konfiguracji a tak\u017ce profesjonalna obs\u0142uga klienta.","application_category":[],"applications_title":"Spr\u00f3buj najlepsze aplikacje dla twojej witryny internetowej w\u015br\u00f3d wszystkich rozszerze\u0144 darmowych w wersji demonstracyjnej","applications_request_title":"Nie mo\u017cesz znale\u017a\u0107 odpowiedniej aplikacji?","applications_request_button_text":"Zam\u00f3w aplikacje","hero_text":"","hero_video":"","hero_video_schema_markup":"","selling_points_title":"","selling_points_caption":"","selling_points":[],"selling_points_cta_text":"","features_title":"","features":"","ed_cta_examples_text":"","ed_cta_examples_hidden":"","ed_cta_demo_text":"","ed_cta_demo_hidden":"","why_caption":"","why_editor_title":"","why_editor_text":"","why_team_title":"","why_team_text":"","why_service_title":"","why_service_text":"","template_catalog_visible":"","template_catalog_title":"","template_catalog_text":"","template_catalog_categories_visible":"","demo_title":"","demo_caption":"","default_faq_hidden":"","app_template_category":[],"platform":"132","template_public_id":"","codecanyon_url":"","codecanyon_item_id":"","codecanyon_price":"","pricing_caption":"","pricing_elfsight_apps_hide_column":"","pricing_elfsight_apps_url":"","pricing_codecanyon_price_caption":"","integration_category":[],"integration_request_title":"","integration_request_cta":"","integration_platform":"","integrations":[],"platform_category":[],"video_schema_markup":"","price":"","trial":"","benefits":[],"button_url":"","button_target_blank":"","button_nofollow":"","attributes":[],"tags":[],"tags_disable_links":"","hide_more_platforms":"","video_object":"","demo_hide_cta":"","demo_hide_cloud_options":"","pricing_title":"","pricing":[],"related_apps_title":"","related_apps_hidden":"","author":"","image":[],"title":"","job":"","social_networks":[]},"_links":{"self":[{"href":"https:\/\/elfsight.com\/pl\/wp-json\/wp\/v2\/pages\/135","targetHints":{"allow":["GET"]}}],"collection":[{"href":"https:\/\/elfsight.com\/pl\/wp-json\/wp\/v2\/pages"}],"about":[{"href":"https:\/\/elfsight.com\/pl\/wp-json\/wp\/v2\/types\/page"}],"author":[{"embeddable":true,"href":"https:\/\/elfsight.com\/pl\/wp-json\/wp\/v2\/users\/13"}],"replies":[{"embeddable":true,"href":"https:\/\/elfsight.com\/pl\/wp-json\/wp\/v2\/comments?post=135"}],"version-history":[{"count":2,"href":"https:\/\/elfsight.com\/pl\/wp-json\/wp\/v2\/pages\/135\/revisions"}],"predecessor-version":[{"id":137,"href":"https:\/\/elfsight.com\/pl\/wp-json\/wp\/v2\/pages\/135\/revisions\/137"}],"wp:attachment":[{"href":"https:\/\/elfsight.com\/pl\/wp-json\/wp\/v2\/media?parent=135"}],"curies":[{"name":"wp","href":"https:\/\/api.w.org\/{rel}","templated":true}]}}