{"id":130,"date":"2020-11-13T12:41:04","date_gmt":"2020-11-13T12:41:04","guid":{"rendered":"https:\/\/elfsight.com\/pl\/?page_id=130"},"modified":"2021-04-21T13:29:27","modified_gmt":"2021-04-21T13:29:27","slug":"webflow-integrations","status":"publish","type":"page","link":"https:\/\/elfsight.com\/pl\/webflow-integrations\/","title":{"rendered":"Webflow integrations"},"content":{"rendered":"\n<h2>Najdoskonalsze wid\u017cety Elfsight dla aktualizacji twojej witryny internetowej Webflow<\/h2>\n\n<p>Od wielu lat nasza dru\u017cyna deweloper\u00f3w Elfsight wypuszcza proste i personalizowane rozwi\u0105zania chmurowe dla Twojej dzia\u0142alno\u015bci. Nasz zesp\u00f3\u0142 gwarantuj\u0105 najwy\u017cszej klasy pomoc techniczn\u0105 i szybkie \u0142adowanie. Pluginy Elfsight pomagaj\u0105 w\u0142a\u015bcicielom sklep\u00f3w e-commerce, edukacyjnych oraz innym na \u015bwiecie sprosta\u0107 kluczowymi kwestiami bardziej efektywnie. \n<\/p>\n\n<p>Aby zwi\u0119kszy\u0107 liczb\u0119 potencjalnych klient\u00f3w, wykaza\u0107 pozytywny feedback na Pa\u0144stwa oferty, zwi\u0119kszy\u0107 zaufanie do swojej marki, poprzez osadzanie aplikacji do Twojej strony Web. Nasze plany abonamentowe s\u0105 w zakresie od bezp\u0142atnych do premium. Szybko zintegrowa\u0107 dowolnie odpowiednie wtyczki u\u017cywaj\u0105c naszej wersji demonstracyjnej i przekonaj si\u0119 jak bardzo mo\u017ce to by\u0107 korzystne w kwestii rozwoju strony Web przedsi\u0119biorstwa. <\/p>\n\n<h2>Co powoduje, \u017ce aplikacji Webflow s\u0105 jednymi z najlepszych narz\u0119dziami dla Ciebie? <\/h2>\n\n<p> Poznaj list\u0119 g\u0142\u00f3wny jako\u015bci naszych plugin\u00f3w, kt\u00f3re umo\u017cliwiaj\u0105 nam by\u0107 lepszymi, ni\u017c nasi konkurenci: <\/p>\n\n\n<ul>\n<li> Darmowa i sprawna wsparcie przy dodaniu lub customizacji widget\u00f3w; <\/li>\n<li> W pe\u0142ni responsywne do wszystkich rozdzielczo\u015bci stron internetowych i dostosowane do urz\u0105dze\u0144 mobilnych; <\/li>\n<li> Nie musicie zatrudnia\u0107 deweloper\u00f3w; <\/li>\n<li> Bogata oferta mo\u017cliwo\u015bci personalizacji; <\/li>\n<li> Przechowywanie danych chmurze pomagaj\u0105 zwi\u0119kszy\u0107 pr\u0119dko\u015b\u0107 witryny; <\/li>\n<li> Wszystkie dost\u0119pne aktualizacje s\u0105 darmowe i regularne; <\/li>\n<li> Przyst\u0119pne ceny; <\/li>\n<li> Kompetentna pomoc w przypadku problem\u00f3w. <\/li>\n<\/ul>\n\n<p> Sprawd\u017a bezp\u0142atne opcje naszych rozszerze\u0144 i u\u017cywaj jej potencja\u0142 lub kup dowolne wymagane aplikacje z 20% rabatem. <\/p>\n\n\n<h2> W jaki spos\u00f3b wstawi\u0107 Pa\u0144stwa widgety na Pa\u0144stwa serwisie www Webflow <\/h2>\n\n<p> Aby zintegrowa\u0107 nasze pluginy, wykonaj poni\u017csze etapy z nieskomplikowanej instrukcji: <\/p>\n\n\n<ol>\n<li> Wybierz potrzebn\u0105 wtyczk\u0119; <\/li>\n<li> Dostosuj wszystkie wymagane ustawienia; <\/li>\n<li> Nie zapomnijcie, aby zapisa\u0107 zmiany; <\/li>\n<li> Skopiuj generowany kod; <\/li>\n<li> Zainstaluj kod instalacji w odpowiednim miejscu swojej strony lub szablonu; <\/li>\n<li> Sko\u0144czone! Uda\u0142o Ci si\u0119 zintegrowa\u0107 dodatek. <\/li>\n<\/ol>\n\n<p> Je\u015bli potrzebujesz pomocy, nie wahaj si\u0119 napisa\u0107 do zespo\u0142u pomocy technicznej Elfsight. <\/p>\n","protected":false},"excerpt":{"rendered":"Najdoskonalsze wid\u017cety Elfsight dla aktualizacji twojej witryny internetowej Webflow Od wielu lat nasza dru\u017cyna deweloper\u00f3w Elfsight wypuszcza proste i personalizowane rozwi\u0105zania chmurowe dla Twojej dzia\u0142alno\u015bci. Nasz zesp\u00f3\u0142 gwarantuj\u0105 najwy\u017cszej klasy pomoc techniczn\u0105 i szybkie \u0142adowanie. Pluginy Elfsight pomagaj\u0105 w\u0142a\u015bcicielom sklep\u00f3w e-commerce, edukacyjnych oraz innym na \u015bwiecie sprosta\u0107 kluczowymi kwestiami bardziej&#8230;","protected":false},"author":13,"featured_media":0,"parent":0,"menu_order":0,"comment_status":"closed","ping_status":"closed","template":"templates\/template-platform.php","meta":{"publish_to_discourse":"","publish_post_category":"","wpdc_auto_publish_overridden":"","wpdc_topic_tags":"","wpdc_pin_topic":"","wpdc_pin_until":"","discourse_post_id":"","discourse_permalink":"","wpdc_publishing_response":"","wpdc_publishing_error":"","footnotes":""},"class_list":["post-130","page","type-page","status-publish","hentry"],"yoast_head":"<!-- This site is optimized with the Yoast SEO plugin v25.3.1 - https:\/\/yoast.com\/wordpress\/plugins\/seo\/ -->\n<title>Ponad 80 najlepszych Webflow integrations dla strony internetowej<\/title>\n<meta name=\"description\" content=\"Lista sprawdzonych gratisowych widget\u00f3w dla twojej witryny internetowej Webflow. Pom\u00f3c z dostosowaniem i szeroka funkcjonalno\u015b\u0107.\" \/>\n<meta name=\"robots\" content=\"index, follow, max-snippet:-1, max-image-preview:large, max-video-preview:-1\" \/>\n<link rel=\"canonical\" href=\"https:\/\/elfsight.com\/pl\/webflow-integrations\/\" \/>\n<meta property=\"og:locale\" content=\"pl_PL\" \/>\n<meta property=\"og:type\" content=\"article\" \/>\n<meta property=\"og:title\" content=\"Ponad 80 najlepszych Webflow integrations dla strony internetowej\" \/>\n<meta property=\"og:description\" content=\"Lista sprawdzonych gratisowych widget\u00f3w dla twojej witryny internetowej Webflow. Pom\u00f3c z dostosowaniem i szeroka funkcjonalno\u015b\u0107.\" \/>\n<meta property=\"og:url\" content=\"https:\/\/elfsight.com\/pl\/webflow-integrations\/\" \/>\n<meta property=\"og:site_name\" content=\"Elfsight PL\" \/>\n<meta property=\"article:modified_time\" content=\"2021-04-21T13:29:27+00:00\" \/>\n<meta name=\"twitter:card\" content=\"summary_large_image\" \/>\n<meta name=\"twitter:label1\" content=\"Szacowany czas czytania\" \/>\n\t<meta name=\"twitter:data1\" content=\"2 minuty\" \/>\n<!-- \/ Yoast SEO plugin. -->","yoast_head_json":{"title":"Ponad 80 najlepszych Webflow integrations dla strony internetowej","description":"Lista sprawdzonych gratisowych widget\u00f3w dla twojej witryny internetowej Webflow. Pom\u00f3c z dostosowaniem i szeroka funkcjonalno\u015b\u0107.","robots":{"index":"index","follow":"follow","max-snippet":"max-snippet:-1","max-image-preview":"max-image-preview:large","max-video-preview":"max-video-preview:-1"},"canonical":"https:\/\/elfsight.com\/pl\/webflow-integrations\/","og_locale":"pl_PL","og_type":"article","og_title":"Ponad 80 najlepszych Webflow integrations dla strony internetowej","og_description":"Lista sprawdzonych gratisowych widget\u00f3w dla twojej witryny internetowej Webflow. Pom\u00f3c z dostosowaniem i szeroka funkcjonalno\u015b\u0107.","og_url":"https:\/\/elfsight.com\/pl\/webflow-integrations\/","og_site_name":"Elfsight PL","article_modified_time":"2021-04-21T13:29:27+00:00","twitter_card":"summary_large_image","twitter_misc":{"Szacowany czas czytania":"2 minuty"},"schema":{"@context":"https:\/\/schema.org","@graph":[{"@type":"WebPage","@id":"https:\/\/elfsight.com\/pl\/webflow-integrations\/","url":"https:\/\/elfsight.com\/pl\/webflow-integrations\/","name":"Ponad 80 najlepszych Webflow integrations dla strony internetowej","isPartOf":{"@id":"https:\/\/elfsight.com\/pl\/#website"},"datePublished":"2020-11-13T12:41:04+00:00","dateModified":"2021-04-21T13:29:27+00:00","description":"Lista sprawdzonych gratisowych widget\u00f3w dla twojej witryny internetowej Webflow. Pom\u00f3c z dostosowaniem i szeroka funkcjonalno\u015b\u0107.","breadcrumb":{"@id":"https:\/\/elfsight.com\/pl\/webflow-integrations\/#breadcrumb"},"inLanguage":"pl-PL","potentialAction":[{"@type":"ReadAction","target":["https:\/\/elfsight.com\/pl\/webflow-integrations\/"]}]},{"@type":"BreadcrumbList","@id":"https:\/\/elfsight.com\/pl\/webflow-integrations\/#breadcrumb","itemListElement":[{"@type":"ListItem","position":1,"name":"Home","item":"https:\/\/elfsight.com\/pl\/"},{"@type":"ListItem","position":2,"name":"Webflow integrations"}]},{"@type":"WebSite","@id":"https:\/\/elfsight.com\/pl\/#website","url":"https:\/\/elfsight.com\/pl\/","name":"Elfsight PL","description":"Just another Elfsight Sites site","potentialAction":[{"@type":"SearchAction","target":{"@type":"EntryPoint","urlTemplate":"https:\/\/elfsight.com\/pl\/?s={search_term_string}"},"query-input":{"@type":"PropertyValueSpecification","valueRequired":true,"valueName":"search_term_string"}}],"inLanguage":"pl-PL"}]}},"meta_box":{"industry":"","seo_heading":"","heading":"","description":"","cta_heading":"","cta_description":"","application":"","h1":"Najlepsze integracje","h1_caption":"Nieodp\u0142atny spis rewelacyjnych wid\u017cet\u00f3w wysokiej klasy z szerokim zakresem mo\u017cliwo\u015bci dla zwi\u0119kszenia aktywno\u015bci u\u017cytkownik\u00f3w oraz dokonania wszystkich pozosta\u0142ych dzia\u0142a\u0144 promocyjnych. \u0141atwe zainstalowanie, bogata oferta opcji personalizacji oraz kompetentne wsparcie klienta.","application_category":[],"applications_title":"Zbadaj najbardziej odpowiednie integracji dla twojej witryny sieci Web w\u015br\u00f3d wszystkich element\u00f3w interfejsu nieodp\u0142atnych w demonstracje online","applications_request_title":"Nie mo\u017cesz znale\u017a\u0107 odpowiedniej integracji?","applications_request_button_text":"Zam\u00f3w integracje","hero_text":"","hero_video":"","hero_video_schema_markup":"","selling_points_title":"","selling_points_caption":"","selling_points":[],"selling_points_cta_text":"","features_title":"","features":"","ed_cta_examples_text":"","ed_cta_examples_hidden":"","ed_cta_demo_text":"","ed_cta_demo_hidden":"","why_caption":"","why_editor_title":"","why_editor_text":"","why_team_title":"","why_team_text":"","why_service_title":"","why_service_text":"","template_catalog_visible":"","template_catalog_title":"","template_catalog_text":"","template_catalog_categories_visible":"","demo_title":"","demo_caption":"","default_faq_hidden":"","app_template_category":[],"platform":"127","template_public_id":"","codecanyon_url":"","codecanyon_item_id":"","codecanyon_price":"","pricing_caption":"","pricing_elfsight_apps_hide_column":"","pricing_elfsight_apps_url":"","pricing_codecanyon_price_caption":"","integration_category":[],"integration_request_title":"","integration_request_cta":"","integration_platform":"","integrations":[],"platform_category":[],"video_schema_markup":"","price":"","trial":"","benefits":[],"button_url":"","button_target_blank":"","button_nofollow":"","attributes":[],"tags":[],"tags_disable_links":"","hide_more_platforms":"","video_object":"","demo_hide_cta":"","demo_hide_cloud_options":"","pricing_title":"","pricing":[],"related_apps_title":"","related_apps_hidden":"","author":"","image":[],"title":"","job":"","social_networks":[]},"_links":{"self":[{"href":"https:\/\/elfsight.com\/pl\/wp-json\/wp\/v2\/pages\/130","targetHints":{"allow":["GET"]}}],"collection":[{"href":"https:\/\/elfsight.com\/pl\/wp-json\/wp\/v2\/pages"}],"about":[{"href":"https:\/\/elfsight.com\/pl\/wp-json\/wp\/v2\/types\/page"}],"author":[{"embeddable":true,"href":"https:\/\/elfsight.com\/pl\/wp-json\/wp\/v2\/users\/13"}],"replies":[{"embeddable":true,"href":"https:\/\/elfsight.com\/pl\/wp-json\/wp\/v2\/comments?post=130"}],"version-history":[{"count":1,"href":"https:\/\/elfsight.com\/pl\/wp-json\/wp\/v2\/pages\/130\/revisions"}],"predecessor-version":[{"id":131,"href":"https:\/\/elfsight.com\/pl\/wp-json\/wp\/v2\/pages\/130\/revisions\/131"}],"wp:attachment":[{"href":"https:\/\/elfsight.com\/pl\/wp-json\/wp\/v2\/media?parent=130"}],"curies":[{"name":"wp","href":"https:\/\/api.w.org\/{rel}","templated":true}]}}