{"id":124,"date":"2020-11-13T10:13:30","date_gmt":"2020-11-13T10:13:30","guid":{"rendered":"https:\/\/elfsight.com\/pl\/?page_id=124"},"modified":"2021-04-21T13:29:17","modified_gmt":"2021-04-21T13:29:17","slug":"squarespace-plugins","status":"publish","type":"page","link":"https:\/\/elfsight.com\/pl\/squarespace-plugins\/","title":{"rendered":"Squarespace plugins"},"content":{"rendered":"\n<h2>Najbardziej optymalne dodatki Elfsight dla udoskonalenia twojej witryny internetowej Squarespace<\/h2>\n\n<p>Na przestrzeni szeregu lat nasz zesp\u00f3\u0142 profesjonalist\u00f3w Elfsight buduje \u0142atwe w obs\u0142udze i uniwersalne rozwi\u0105zania chmurowe dla Twojej firmy. Elfsight zapewnia najwy\u017cszej klasy pomoc techniczn\u0105 i szybko\u015b\u0107 wczytywania. Dodatki Elfsight pomagaj\u0105 w\u0142a\u015bcicielom witryn www, edukacyjnych i wielu innym z r\u00f3\u017cnych cz\u0119\u015bci \u015bwiata upora\u0107 si\u0119 z g\u0142\u00f3wnymi dzia\u0142aniami bardziej skutecznie. \n<\/p>\n\n<p>Aby podnie\u015b\u0107 dochody, pokaza\u0107 pozytywne reakcje na Twoje us\u0142ugi, zwi\u0119kszy\u0107 zaufanie do swojej marki, poprzez zainstalowanie aplikacji do Pa\u0144stwa serwisu www. Nasze plany abonamentowe wahaj\u0105 si\u0119 od bezp\u0142atnych do premium. Szybko zastosowa\u0107 dowolnie odpowiednie wtyczki za pomoc\u0105 naszej wersji Live Demo i poznaj jak bardzo mo\u017ce to by\u0107 wa\u017cne w kwestii rozwoju strony internetowej Pa\u0144stwa firmy. <\/p>\n\n<h2>Co czyni \u017ce nasze rozszerzenia Elfsight s\u0105 wyj\u0105tkowymi rozwi\u0105zaniami dla Ciebie? <\/h2>\n\n<p> Poznaj list\u0119 silnych cech naszych plugin\u00f3w, kt\u00f3re pomagaj\u0105 nam by\u0107 lepszymi, ni\u017c nasi konkurenci: <\/p>\n\n\n<ul>\n<li> Bezp\u0142atna i szybka wsparcie przy instalacje lub dostosowywanie plugin\u00f3w; <\/li>\n<li> Zdolne do adaptacji do wszystkich rozdzielczo\u015bci stron internetowych i dostosowane do urz\u0105dze\u0144 mobilnych; <\/li>\n<li> Nie trzeba zatrudnia\u0107 programist\u00f3w; <\/li>\n<li> Szeroka gama funkcji stylizacji; <\/li>\n<li> Rozwi\u0105zania w chmurze pomagaj\u0105 zwi\u0119kszy\u0107 szybko\u015b\u0107 strony; <\/li>\n<li> Wszystkie aktualizacje s\u0105 gratisowe i systematyczne; <\/li>\n<li> Sprawiedliwe ceny; <\/li>\n<li> Profesjonalna pomoc z problemami klient\u00f3w. <\/li>\n<\/ul>\n\n<p> Sprawd\u017a bezp\u0142atne opcje naszych aplikacji i wykorzystaj jej potencja\u0142 lub kup dowolne wymagane wtyczk\u0119 z 20% zni\u017ck\u0105. <\/p>\n\n\n<h2> W jaki spos\u00f3b w\u0142\u0105czy\u0107 wid\u017cety Elfsight na serwisie www Squarespace <\/h2>\n\n<p> Aby integrowa\u0107 nasze rozszerzenia, zobaczy\u0107 poni\u017csze kroki z dok\u0142adnej instrukcji: <\/p>\n\n\n<ol>\n<li> Kliknij potrzebny wid\u017cet; <\/li>\n<li> Zmodyfikuj wa\u017cne konfiguracji; <\/li>\n<li> Nie zapomnijcie, aby zapisa\u0107 zmiany; <\/li>\n<li> Skopiuj generowany kod; <\/li>\n<li> Zainstaluj ten kod w wymaganym miejscu swojej strony lub szablonu; <\/li>\n<li> Zrobione! Zainstalowa\u0142e\u015b dodatek. <\/li>\n<\/ol>\n\n<p> W przypadku jakichkolwiek pyta\u0144, zapraszamy poinformowa\u0107 o tym zespo\u0142u wspieraj\u0105cego Elfsight. <\/p>\n","protected":false},"excerpt":{"rendered":"Najbardziej optymalne dodatki Elfsight dla udoskonalenia twojej witryny internetowej Squarespace Na przestrzeni szeregu lat nasz zesp\u00f3\u0142 profesjonalist\u00f3w Elfsight buduje \u0142atwe w obs\u0142udze i uniwersalne rozwi\u0105zania chmurowe dla Twojej firmy. Elfsight zapewnia najwy\u017cszej klasy pomoc techniczn\u0105 i szybko\u015b\u0107 wczytywania. Dodatki Elfsight pomagaj\u0105 w\u0142a\u015bcicielom witryn www, edukacyjnych i wielu innym z r\u00f3\u017cnych&#8230;","protected":false},"author":13,"featured_media":0,"parent":0,"menu_order":0,"comment_status":"closed","ping_status":"closed","template":"templates\/template-platform.php","meta":{"publish_to_discourse":"","publish_post_category":"","wpdc_auto_publish_overridden":"","wpdc_topic_tags":"","wpdc_pin_topic":"","wpdc_pin_until":"","discourse_post_id":"","discourse_permalink":"","wpdc_publishing_response":"","wpdc_publishing_error":"","footnotes":""},"class_list":["post-124","page","type-page","status-publish","hentry"],"yoast_head":"<!-- This site is optimized with the Yoast SEO plugin v25.3.1 - https:\/\/yoast.com\/wordpress\/plugins\/seo\/ -->\n<title>Ponad 80 darmowych Squarespace plugin\u00f3w dla strony internetowej<\/title>\n<meta name=\"description\" content=\"Lista sprawdzonych darmowych element\u00f3w interfejsu dla twojej strony www Squarespace. Pom\u00f3c w dostosowywanie a tak\u017ce szeroka gama opcji.\" \/>\n<meta name=\"robots\" content=\"index, follow, max-snippet:-1, max-image-preview:large, max-video-preview:-1\" \/>\n<link rel=\"canonical\" href=\"https:\/\/elfsight.com\/pl\/squarespace-plugins\/\" \/>\n<meta property=\"og:locale\" content=\"pl_PL\" \/>\n<meta property=\"og:type\" content=\"article\" \/>\n<meta property=\"og:title\" content=\"Ponad 80 darmowych Squarespace plugin\u00f3w dla strony internetowej\" \/>\n<meta property=\"og:description\" content=\"Lista sprawdzonych darmowych element\u00f3w interfejsu dla twojej strony www Squarespace. Pom\u00f3c w dostosowywanie a tak\u017ce szeroka gama opcji.\" \/>\n<meta property=\"og:url\" content=\"https:\/\/elfsight.com\/pl\/squarespace-plugins\/\" \/>\n<meta property=\"og:site_name\" content=\"Elfsight PL\" \/>\n<meta property=\"article:modified_time\" content=\"2021-04-21T13:29:17+00:00\" \/>\n<meta name=\"twitter:card\" content=\"summary_large_image\" \/>\n<meta name=\"twitter:label1\" content=\"Szacowany czas czytania\" \/>\n\t<meta name=\"twitter:data1\" content=\"2 minuty\" \/>\n<!-- \/ Yoast SEO plugin. -->","yoast_head_json":{"title":"Ponad 80 darmowych Squarespace plugin\u00f3w dla strony internetowej","description":"Lista sprawdzonych darmowych element\u00f3w interfejsu dla twojej strony www Squarespace. Pom\u00f3c w dostosowywanie a tak\u017ce szeroka gama opcji.","robots":{"index":"index","follow":"follow","max-snippet":"max-snippet:-1","max-image-preview":"max-image-preview:large","max-video-preview":"max-video-preview:-1"},"canonical":"https:\/\/elfsight.com\/pl\/squarespace-plugins\/","og_locale":"pl_PL","og_type":"article","og_title":"Ponad 80 darmowych Squarespace plugin\u00f3w dla strony internetowej","og_description":"Lista sprawdzonych darmowych element\u00f3w interfejsu dla twojej strony www Squarespace. Pom\u00f3c w dostosowywanie a tak\u017ce szeroka gama opcji.","og_url":"https:\/\/elfsight.com\/pl\/squarespace-plugins\/","og_site_name":"Elfsight PL","article_modified_time":"2021-04-21T13:29:17+00:00","twitter_card":"summary_large_image","twitter_misc":{"Szacowany czas czytania":"2 minuty"},"schema":{"@context":"https:\/\/schema.org","@graph":[{"@type":"WebPage","@id":"https:\/\/elfsight.com\/pl\/squarespace-plugins\/","url":"https:\/\/elfsight.com\/pl\/squarespace-plugins\/","name":"Ponad 80 darmowych Squarespace plugin\u00f3w dla strony internetowej","isPartOf":{"@id":"https:\/\/elfsight.com\/pl\/#website"},"datePublished":"2020-11-13T10:13:30+00:00","dateModified":"2021-04-21T13:29:17+00:00","description":"Lista sprawdzonych darmowych element\u00f3w interfejsu dla twojej strony www Squarespace. Pom\u00f3c w dostosowywanie a tak\u017ce szeroka gama opcji.","breadcrumb":{"@id":"https:\/\/elfsight.com\/pl\/squarespace-plugins\/#breadcrumb"},"inLanguage":"pl-PL","potentialAction":[{"@type":"ReadAction","target":["https:\/\/elfsight.com\/pl\/squarespace-plugins\/"]}]},{"@type":"BreadcrumbList","@id":"https:\/\/elfsight.com\/pl\/squarespace-plugins\/#breadcrumb","itemListElement":[{"@type":"ListItem","position":1,"name":"Home","item":"https:\/\/elfsight.com\/pl\/"},{"@type":"ListItem","position":2,"name":"Squarespace plugins"}]},{"@type":"WebSite","@id":"https:\/\/elfsight.com\/pl\/#website","url":"https:\/\/elfsight.com\/pl\/","name":"Elfsight PL","description":"Just another Elfsight Sites site","potentialAction":[{"@type":"SearchAction","target":{"@type":"EntryPoint","urlTemplate":"https:\/\/elfsight.com\/pl\/?s={search_term_string}"},"query-input":{"@type":"PropertyValueSpecification","valueRequired":true,"valueName":"search_term_string"}}],"inLanguage":"pl-PL"}]}},"meta_box":{"industry":"","seo_heading":"","heading":"","description":"","cta_heading":"","cta_description":"","application":"","h1":"Najlepsze pluginy Squarespace","h1_caption":"Gratisowy pakiet gotowych do u\u017cycia widget\u00f3w pierwszej klasy z szerokim zakresem funkcji dla powi\u0119kszania sprzeda\u017cy oraz wype\u0142nienia wszystkich innych zada\u0144 handlowych. Proste instalowanie, szeroka oferta opcji konfiguracji oraz zawodowa obs\u0142uga klienta.","application_category":[],"applications_title":"Spr\u00f3buj najodpowiedniejsze pluginy dla twojej strony internetowej w\u015br\u00f3d wszystkich wtyczek nieodp\u0142atnych w wersji demonstracyjnej","applications_request_title":"Nie mo\u017cesz znale\u017a\u0107 odpowiedni plugin?","applications_request_button_text":"Zam\u00f3w plugin","hero_text":"","hero_video":"","hero_video_schema_markup":"","selling_points_title":"","selling_points_caption":"","selling_points":[],"selling_points_cta_text":"","features_title":"","features":"","ed_cta_examples_text":"","ed_cta_examples_hidden":"","ed_cta_demo_text":"","ed_cta_demo_hidden":"","why_caption":"","why_editor_title":"","why_editor_text":"","why_team_title":"","why_team_text":"","why_service_title":"","why_service_text":"","template_catalog_visible":"","template_catalog_title":"","template_catalog_text":"","template_catalog_categories_visible":"","demo_title":"","demo_caption":"","default_faq_hidden":"","app_template_category":[],"platform":"121","template_public_id":"","codecanyon_url":"","codecanyon_item_id":"","codecanyon_price":"","pricing_caption":"","pricing_elfsight_apps_hide_column":"","pricing_elfsight_apps_url":"","pricing_codecanyon_price_caption":"","integration_category":[],"integration_request_title":"","integration_request_cta":"","integration_platform":"","integrations":[],"platform_category":[],"video_schema_markup":"","price":"","trial":"","benefits":[],"button_url":"","button_target_blank":"","button_nofollow":"","attributes":[],"tags":[],"tags_disable_links":"","hide_more_platforms":"","video_object":"","demo_hide_cta":"","demo_hide_cloud_options":"","pricing_title":"","pricing":[],"related_apps_title":"","related_apps_hidden":"","author":"","image":[],"title":"","job":"","social_networks":[]},"_links":{"self":[{"href":"https:\/\/elfsight.com\/pl\/wp-json\/wp\/v2\/pages\/124","targetHints":{"allow":["GET"]}}],"collection":[{"href":"https:\/\/elfsight.com\/pl\/wp-json\/wp\/v2\/pages"}],"about":[{"href":"https:\/\/elfsight.com\/pl\/wp-json\/wp\/v2\/types\/page"}],"author":[{"embeddable":true,"href":"https:\/\/elfsight.com\/pl\/wp-json\/wp\/v2\/users\/13"}],"replies":[{"embeddable":true,"href":"https:\/\/elfsight.com\/pl\/wp-json\/wp\/v2\/comments?post=124"}],"version-history":[{"count":2,"href":"https:\/\/elfsight.com\/pl\/wp-json\/wp\/v2\/pages\/124\/revisions"}],"predecessor-version":[{"id":126,"href":"https:\/\/elfsight.com\/pl\/wp-json\/wp\/v2\/pages\/124\/revisions\/126"}],"wp:attachment":[{"href":"https:\/\/elfsight.com\/pl\/wp-json\/wp\/v2\/media?parent=124"}],"curies":[{"name":"wp","href":"https:\/\/api.w.org\/{rel}","templated":true}]}}