{"id":115,"date":"2020-11-13T09:59:53","date_gmt":"2020-11-13T09:59:53","guid":{"rendered":"https:\/\/elfsight.com\/pl\/?page_id=115"},"modified":"2021-04-21T13:29:06","modified_gmt":"2021-04-21T13:29:06","slug":"shopify-apps","status":"publish","type":"page","link":"https:\/\/elfsight.com\/pl\/shopify-apps\/","title":{"rendered":"Shopify apps"},"content":{"rendered":"\n<h2>Najdoskonalsze aplikacji Elfsight dla aktualizacji twojej strony www Shopify<\/h2>\n\n<p>Przez dziewi\u0119\u0107 lat nasz team profesjonalist\u00f3w Elfsight wytwarza przyjazne dla u\u017cytkownika i uniwersalne rozszerzenia chmurowe dla Twojej dzia\u0142alno\u015bci. Gwarantujemy najwy\u017cszej klasy pomoc techniczn\u0105 oraz szybko\u015b\u0107 wczytywania. Widgety Elfsight pomagaj\u0105 w\u0142a\u015bcicielom witryn www, non-profit i wielu innym z ca\u0142ego \u015bwiata upora\u0107 si\u0119 z g\u0142\u00f3wnymi dzia\u0142aniami bardziej skutecznie. \n<\/p>\n\n<p>A\u017ceby powi\u0119kszy\u0107 poziom sprzeda\u017cy, zademonstrowa\u0107 pozytywne odpowiedzi na Twoje us\u0142ugi, zwi\u0119kszy\u0107 zaufanie do swojej marki, przez zainstalowanie dodatka do swojej strony internetowej. Nasze plany taryfowe s\u0105 w zakresie od bezp\u0142atnych do premium. \u0141atwo wbudowa\u0107 wszelkie wybrane wtyczki za pomoc\u0105 naszej demonstracji i poznaj jak bardzo to b\u0119dzie wa\u017cne w kwestii rozwoju strony Web przedsi\u0119biorstwa. <\/p>\n\n<h2>Co powoduje, \u017ce widgety Shopify s\u0105 wyj\u0105tkowymi instrumentami dla Ciebie? <\/h2>\n\n<p> Poznaj list\u0119 kluczowych charakterystyk naszych plugin\u00f3w, kt\u00f3re pomagaj\u0105 nam by\u0107 lepszymi, ni\u017c nasi konkurenci: <\/p>\n\n\n<ul>\n<li> Bezp\u0142atna i szybka obs\u0142uga przy instalacje lub personalizacji plugin\u00f3w; <\/li>\n<li> W pe\u0142ni responsywne do wszystkich rozdzielczo\u015bci stron internetowych i dostosowane do urz\u0105dze\u0144 mobilnych; <\/li>\n<li> Nie ma potrzeby uczy\u0107 si\u0119 programowa\u0107; <\/li>\n<li> Bogaty wyb\u00f3r mo\u017cliwo\u015bci personalizacji; <\/li>\n<li> Rozwi\u0105zania chmurowe pomagaj\u0105 zwi\u0119kszy\u0107 pr\u0119dko\u015b\u0107 \u0142adowania strony; <\/li>\n<li> Wszystkie przysz\u0142e poprawki s\u0105 bezp\u0142atne i regularne; <\/li>\n<li> Przyst\u0119pne ceny; <\/li>\n<li> Szybka pomoc z problemami klient\u00f3w. <\/li>\n<\/ul>\n\n<p> Poznaj bezp\u0142atne opcje naszych plugin\u00f3w i osi\u0105gnij jej potencja\u0142 lub zainstaluj dowolne wymagane aplikacje z 20% obni\u017ck\u0105. <\/p>\n\n\n<h2> W jaki spos\u00f3b zamie\u015bci\u0107 dodatki Elfsight na witrynie Shopify <\/h2>\n\n<p> A\u017ceby osadzi\u0107 pluginy, wykonaj wszystkie etapy z \u0142atwej instrukcji: <\/p>\n\n\n<ol>\n<li> Kliknij przydatn\u0105 wtyczk\u0119; <\/li>\n<li> Wprowad\u017a niekt\u00f3re wa\u017cne zmiany; <\/li>\n<li> Kliknij przycisk &#8222;Zapisz Zmiany&#8221;; <\/li>\n<li> Kliknij generowany kod; <\/li>\n<li> Zainstaluj go w przydatnym miejscu Twojej strony lub szablonu; <\/li>\n<li> Gotowe! Zainstalowa\u0142e\u015b widget. <\/li>\n<\/ol>\n\n<p> W przypadku pyta\u0144, zapraszamy skontaktuj si\u0119 z zespo\u0142em obs\u0142ugi Elfsight. <\/p>\n","protected":false},"excerpt":{"rendered":"Najdoskonalsze aplikacji Elfsight dla aktualizacji twojej strony www Shopify Przez dziewi\u0119\u0107 lat nasz team profesjonalist\u00f3w Elfsight wytwarza przyjazne dla u\u017cytkownika i uniwersalne rozszerzenia chmurowe dla Twojej dzia\u0142alno\u015bci. Gwarantujemy najwy\u017cszej klasy pomoc techniczn\u0105 oraz szybko\u015b\u0107 wczytywania. Widgety Elfsight pomagaj\u0105 w\u0142a\u015bcicielom witryn www, non-profit i wielu innym z ca\u0142ego \u015bwiata upora\u0107 si\u0119&#8230;","protected":false},"author":13,"featured_media":0,"parent":0,"menu_order":0,"comment_status":"closed","ping_status":"closed","template":"templates\/template-platform.php","meta":{"publish_to_discourse":"","publish_post_category":"","wpdc_auto_publish_overridden":"","wpdc_topic_tags":"","wpdc_pin_topic":"","wpdc_pin_until":"","discourse_post_id":"","discourse_permalink":"","wpdc_publishing_response":"","wpdc_publishing_error":"","footnotes":""},"class_list":["post-115","page","type-page","status-publish","hentry"],"yoast_head":"<!-- This site is optimized with the Yoast SEO plugin v25.3.1 - https:\/\/yoast.com\/wordpress\/plugins\/seo\/ -->\n<title>Ponad 80 najlepszych darmowych Shopify apps dla strony internetowej<\/title>\n<meta name=\"description\" content=\"Pakiet nieodp\u0142atnych aplikacji najwy\u017cszej klasy dla twojej witryny Shopify. Pom\u00f3c przy dostosowywanie oraz rozbudowana gama mo\u017cliwo\u015bci.\" \/>\n<meta name=\"robots\" content=\"index, follow, max-snippet:-1, max-image-preview:large, max-video-preview:-1\" \/>\n<link rel=\"canonical\" href=\"https:\/\/elfsight.com\/pl\/shopify-apps\/\" \/>\n<meta property=\"og:locale\" content=\"pl_PL\" \/>\n<meta property=\"og:type\" content=\"article\" \/>\n<meta property=\"og:title\" content=\"Ponad 80 najlepszych darmowych Shopify apps dla strony internetowej\" \/>\n<meta property=\"og:description\" content=\"Pakiet nieodp\u0142atnych aplikacji najwy\u017cszej klasy dla twojej witryny Shopify. Pom\u00f3c przy dostosowywanie oraz rozbudowana gama mo\u017cliwo\u015bci.\" \/>\n<meta property=\"og:url\" content=\"https:\/\/elfsight.com\/pl\/shopify-apps\/\" \/>\n<meta property=\"og:site_name\" content=\"Elfsight PL\" \/>\n<meta property=\"article:modified_time\" content=\"2021-04-21T13:29:06+00:00\" \/>\n<meta name=\"twitter:card\" content=\"summary_large_image\" \/>\n<meta name=\"twitter:label1\" content=\"Szacowany czas czytania\" \/>\n\t<meta name=\"twitter:data1\" content=\"2 minuty\" \/>\n<!-- \/ Yoast SEO plugin. -->","yoast_head_json":{"title":"Ponad 80 najlepszych darmowych Shopify apps dla strony internetowej","description":"Pakiet nieodp\u0142atnych aplikacji najwy\u017cszej klasy dla twojej witryny Shopify. Pom\u00f3c przy dostosowywanie oraz rozbudowana gama mo\u017cliwo\u015bci.","robots":{"index":"index","follow":"follow","max-snippet":"max-snippet:-1","max-image-preview":"max-image-preview:large","max-video-preview":"max-video-preview:-1"},"canonical":"https:\/\/elfsight.com\/pl\/shopify-apps\/","og_locale":"pl_PL","og_type":"article","og_title":"Ponad 80 najlepszych darmowych Shopify apps dla strony internetowej","og_description":"Pakiet nieodp\u0142atnych aplikacji najwy\u017cszej klasy dla twojej witryny Shopify. Pom\u00f3c przy dostosowywanie oraz rozbudowana gama mo\u017cliwo\u015bci.","og_url":"https:\/\/elfsight.com\/pl\/shopify-apps\/","og_site_name":"Elfsight PL","article_modified_time":"2021-04-21T13:29:06+00:00","twitter_card":"summary_large_image","twitter_misc":{"Szacowany czas czytania":"2 minuty"},"schema":{"@context":"https:\/\/schema.org","@graph":[{"@type":"WebPage","@id":"https:\/\/elfsight.com\/pl\/shopify-apps\/","url":"https:\/\/elfsight.com\/pl\/shopify-apps\/","name":"Ponad 80 najlepszych darmowych Shopify apps dla strony internetowej","isPartOf":{"@id":"https:\/\/elfsight.com\/pl\/#website"},"datePublished":"2020-11-13T09:59:53+00:00","dateModified":"2021-04-21T13:29:06+00:00","description":"Pakiet nieodp\u0142atnych aplikacji najwy\u017cszej klasy dla twojej witryny Shopify. Pom\u00f3c przy dostosowywanie oraz rozbudowana gama mo\u017cliwo\u015bci.","breadcrumb":{"@id":"https:\/\/elfsight.com\/pl\/shopify-apps\/#breadcrumb"},"inLanguage":"pl-PL","potentialAction":[{"@type":"ReadAction","target":["https:\/\/elfsight.com\/pl\/shopify-apps\/"]}]},{"@type":"BreadcrumbList","@id":"https:\/\/elfsight.com\/pl\/shopify-apps\/#breadcrumb","itemListElement":[{"@type":"ListItem","position":1,"name":"Home","item":"https:\/\/elfsight.com\/pl\/"},{"@type":"ListItem","position":2,"name":"Shopify apps"}]},{"@type":"WebSite","@id":"https:\/\/elfsight.com\/pl\/#website","url":"https:\/\/elfsight.com\/pl\/","name":"Elfsight PL","description":"Just another Elfsight Sites site","potentialAction":[{"@type":"SearchAction","target":{"@type":"EntryPoint","urlTemplate":"https:\/\/elfsight.com\/pl\/?s={search_term_string}"},"query-input":{"@type":"PropertyValueSpecification","valueRequired":true,"valueName":"search_term_string"}}],"inLanguage":"pl-PL"}]}},"meta_box":{"industry":"","seo_heading":"","heading":"","description":"","cta_heading":"","cta_description":"","application":"","h1":"Najlepsze aplikacje Shopify","h1_caption":"Nieodp\u0142atny pakiet doskona\u0142ych plugin\u00f3w najwy\u017cszej klasy z szerok\u0105 gam\u0105 mo\u017cliwo\u015bci dla powi\u0119kszania aktywno\u015bci u\u017cytkownik\u00f3w i dokonania wszystkich kluczowych zada\u0144 promocyjnych. Szybka integracja, obszerny asortyment mo\u017cliwo\u015bci personalizacji a tak\u017ce do\u017cywotnia obs\u0142uga klienta.","application_category":[],"applications_title":"Zobacz najlepsze wtyczki dla twojej strony www w\u015br\u00f3d wszystkich element\u00f3w interfejsu nieodp\u0142atnych w wersji demonstracyjnej","applications_request_title":"Nie mo\u017cesz znale\u017a\u0107 odpowiedniej aplikacji?","applications_request_button_text":"Zam\u00f3w aplikacje","hero_text":"","hero_video":"","hero_video_schema_markup":"","selling_points_title":"","selling_points_caption":"","selling_points":[],"selling_points_cta_text":"","features_title":"","features":"","ed_cta_examples_text":"","ed_cta_examples_hidden":"","ed_cta_demo_text":"","ed_cta_demo_hidden":"","why_caption":"","why_editor_title":"","why_editor_text":"","why_team_title":"","why_team_text":"","why_service_title":"","why_service_text":"","template_catalog_visible":"","template_catalog_title":"","template_catalog_text":"","template_catalog_categories_visible":"","demo_title":"","demo_caption":"","default_faq_hidden":"","app_template_category":[],"platform":"112","template_public_id":"","codecanyon_url":"","codecanyon_item_id":"","codecanyon_price":"","pricing_caption":"","pricing_elfsight_apps_hide_column":"","pricing_elfsight_apps_url":"","pricing_codecanyon_price_caption":"","integration_category":[],"integration_request_title":"","integration_request_cta":"","integration_platform":"","integrations":[],"platform_category":[],"video_schema_markup":"","price":"","trial":"","benefits":[],"button_url":"","button_target_blank":"","button_nofollow":"","attributes":[],"tags":[],"tags_disable_links":"","hide_more_platforms":"","video_object":"","demo_hide_cta":"","demo_hide_cloud_options":"","pricing_title":"","pricing":[],"related_apps_title":"","related_apps_hidden":"","author":"","image":[],"title":"","job":"","social_networks":[]},"_links":{"self":[{"href":"https:\/\/elfsight.com\/pl\/wp-json\/wp\/v2\/pages\/115","targetHints":{"allow":["GET"]}}],"collection":[{"href":"https:\/\/elfsight.com\/pl\/wp-json\/wp\/v2\/pages"}],"about":[{"href":"https:\/\/elfsight.com\/pl\/wp-json\/wp\/v2\/types\/page"}],"author":[{"embeddable":true,"href":"https:\/\/elfsight.com\/pl\/wp-json\/wp\/v2\/users\/13"}],"replies":[{"embeddable":true,"href":"https:\/\/elfsight.com\/pl\/wp-json\/wp\/v2\/comments?post=115"}],"version-history":[{"count":3,"href":"https:\/\/elfsight.com\/pl\/wp-json\/wp\/v2\/pages\/115\/revisions"}],"predecessor-version":[{"id":118,"href":"https:\/\/elfsight.com\/pl\/wp-json\/wp\/v2\/pages\/115\/revisions\/118"}],"wp:attachment":[{"href":"https:\/\/elfsight.com\/pl\/wp-json\/wp\/v2\/media?parent=115"}],"curies":[{"name":"wp","href":"https:\/\/api.w.org\/{rel}","templated":true}]}}