{"id":110,"date":"2020-11-13T09:43:44","date_gmt":"2020-11-13T09:43:44","guid":{"rendered":"https:\/\/elfsight.com\/pl\/?page_id=110"},"modified":"2021-04-21T13:28:56","modified_gmt":"2021-04-21T13:28:56","slug":"opencart-extensions","status":"publish","type":"page","link":"https:\/\/elfsight.com\/pl\/opencart-extensions\/","title":{"rendered":"OpenCart extensions"},"content":{"rendered":"\n<h2>Najskuteczniejsze wid\u017cety Elfsight dla wszystkich potrzeb\u00f3w twojej strony www OpenCart<\/h2>\n\n<p>Od wielu lat nasz zesp\u00f3\u0142 ekspert\u00f3w Elfsight wynajduje przyjazne dla u\u017cytkownika i konfigurowalne wtyczki chmurowe dla Twojej dzia\u0142alno\u015bci. Posiadamy zesp\u00f3\u0142 zapewniaj\u0105cy najwy\u017cszej klasy pomoc techniczn\u0105 i du\u017c\u0105 szybko\u015b\u0107 \u0142adowania. Rozszerzenia Elfsight wspomagaj\u0105 w\u0142a\u015bcicielom witryn internetowych, edukacyjnych i wielu innym na ca\u0142ym \u015bwiecie sprosta\u0107 r\u00f3\u017cnymi celami bardziej efektywnie. \n<\/p>\n\n<p>Aby podnie\u015b\u0107 dochody, zademonstrowa\u0107 5-gwiazdkow\u0105 ocen\u0119 na Twoje oferty, zwi\u0119kszy\u0107 zaufanie do swojej marki, po prostu dodaj\u0105c plugin do swojej strony Web. Nasze plany taryfowe s\u0105 w zakresie od bezp\u0142atnych do premium. Spr\u00f3buj doda\u0107 dowolnie odpowiednie elementy interfejsu za pomoc\u0105 naszej wersji Live Demo i poznaj jak bardzo to b\u0119dzie korzystne w kwestii rozwoju witryny firmy. <\/p>\n\n<h2>Czemu nasze wtyczki OpenCart s\u0105 wyj\u0105tkowymi narz\u0119dziami dla Ciebie? <\/h2>\n\n<p> Tu jest spis wa\u017cnych charakterystyk naszych wid\u017cet\u00f3w, kt\u00f3re pomagaj\u0105 nam by\u0107 lepszymi, ni\u017c nasi konkurenci: <\/p>\n\n\n<ul>\n<li> Darmowa i szybka obs\u0142uga przy dodaniu lub customizacji aplikacji; <\/li>\n<li> Automatyczne dostosowanie do wszystkich rozdzielczo\u015bci stron internetowych i przyjazne dla urz\u0105dze\u0144 mobilnych; <\/li>\n<li> Nie trzeba prosi\u0107 o pomoc programisty; <\/li>\n<li> Bogata gama funkcji stylizacji; <\/li>\n<li> Oparte na chmurze widgety pomagaj\u0105 zwi\u0119kszy\u0107 szybko\u015b\u0107 \u0142adowania strony; <\/li>\n<li> Wszystkie przysz\u0142e aktualizacje s\u0105 bezp\u0142atne i regularnie publikowane; <\/li>\n<li> Przyst\u0119pne ceny; <\/li>\n<li> Profesjonalna pomoc z problemami klient\u00f3w. <\/li>\n<\/ul>\n\n<p> Zbadaj wolne wersje Lite naszych rozszerze\u0144 i osi\u0105gnij jej potencja\u0142 lub kup dowolne wymagane aplikacje z 20% obni\u017ck\u0105. <\/p>\n\n\n<h2> W jaki spos\u00f3b umie\u015bci\u0107 Pa\u0144stwa widgety na swojej witrynie OpenCart <\/h2>\n\n<p> Aby osadzi\u0107 nasze wtyczki, zobaczy\u0107 nast\u0119pnie czynno\u015bci z prostej wskaz\u00f3wki: <\/p>\n\n\n<ol>\n<li> Wybierz potrzebn\u0105 wtyczk\u0119; <\/li>\n<li> Zmodyfikuj konieczne zmiany; <\/li>\n<li> Zastosuj zmiany; <\/li>\n<li> Otrzymaj generowany kod; <\/li>\n<li> Zainstaluj ten kod w odpowiednim miejscu Pa\u0144stwa strony lub szablonu; <\/li>\n<li> Zrobione! Zainstalowa\u0142e\u015b wid\u017cet. <\/li>\n<\/ol>\n\n<p> Je\u015bli potrzebujesz pomocy, nie wahaj si\u0119 skontaktuj si\u0119 z zespo\u0142em wspieraj\u0105cego Elfsight. <\/p>\n","protected":false},"excerpt":{"rendered":"Najskuteczniejsze wid\u017cety Elfsight dla wszystkich potrzeb\u00f3w twojej strony www OpenCart Od wielu lat nasz zesp\u00f3\u0142 ekspert\u00f3w Elfsight wynajduje przyjazne dla u\u017cytkownika i konfigurowalne wtyczki chmurowe dla Twojej dzia\u0142alno\u015bci. Posiadamy zesp\u00f3\u0142 zapewniaj\u0105cy najwy\u017cszej klasy pomoc techniczn\u0105 i du\u017c\u0105 szybko\u015b\u0107 \u0142adowania. Rozszerzenia Elfsight wspomagaj\u0105 w\u0142a\u015bcicielom witryn internetowych, edukacyjnych i wielu innym na&#8230;","protected":false},"author":13,"featured_media":0,"parent":0,"menu_order":0,"comment_status":"closed","ping_status":"closed","template":"templates\/template-platform.php","meta":{"publish_to_discourse":"","publish_post_category":"","wpdc_auto_publish_overridden":"","wpdc_topic_tags":"","wpdc_pin_topic":"","wpdc_pin_until":"","discourse_post_id":"","discourse_permalink":"","wpdc_publishing_response":"","wpdc_publishing_error":"","footnotes":""},"class_list":["post-110","page","type-page","status-publish","hentry"],"yoast_head":"<!-- This site is optimized with the Yoast SEO plugin v25.3.1 - https:\/\/yoast.com\/wordpress\/plugins\/seo\/ -->\n<title>Ponad 80 najlepszych Opencart extensions dla strony internetowej<\/title>\n<meta name=\"description\" content=\"Kolekcja darmowych element\u00f3w interfejsu pierwszej klasy dla twojej witryny OpenCart. Pom\u00f3c przy personalizacji, szeroka funkcjonalno\u015b\u0107.\" \/>\n<meta name=\"robots\" content=\"index, follow, max-snippet:-1, max-image-preview:large, max-video-preview:-1\" \/>\n<link rel=\"canonical\" href=\"https:\/\/elfsight.com\/pl\/opencart-extensions\/\" \/>\n<meta property=\"og:locale\" content=\"pl_PL\" \/>\n<meta property=\"og:type\" content=\"article\" \/>\n<meta property=\"og:title\" content=\"Ponad 80 najlepszych Opencart extensions dla strony internetowej\" \/>\n<meta property=\"og:description\" content=\"Kolekcja darmowych element\u00f3w interfejsu pierwszej klasy dla twojej witryny OpenCart. Pom\u00f3c przy personalizacji, szeroka funkcjonalno\u015b\u0107.\" \/>\n<meta property=\"og:url\" content=\"https:\/\/elfsight.com\/pl\/opencart-extensions\/\" \/>\n<meta property=\"og:site_name\" content=\"Elfsight PL\" \/>\n<meta property=\"article:modified_time\" content=\"2021-04-21T13:28:56+00:00\" \/>\n<meta name=\"twitter:card\" content=\"summary_large_image\" \/>\n<meta name=\"twitter:label1\" content=\"Szacowany czas czytania\" \/>\n\t<meta name=\"twitter:data1\" content=\"2 minuty\" \/>\n<!-- \/ Yoast SEO plugin. -->","yoast_head_json":{"title":"Ponad 80 najlepszych Opencart extensions dla strony internetowej","description":"Kolekcja darmowych element\u00f3w interfejsu pierwszej klasy dla twojej witryny OpenCart. Pom\u00f3c przy personalizacji, szeroka funkcjonalno\u015b\u0107.","robots":{"index":"index","follow":"follow","max-snippet":"max-snippet:-1","max-image-preview":"max-image-preview:large","max-video-preview":"max-video-preview:-1"},"canonical":"https:\/\/elfsight.com\/pl\/opencart-extensions\/","og_locale":"pl_PL","og_type":"article","og_title":"Ponad 80 najlepszych Opencart extensions dla strony internetowej","og_description":"Kolekcja darmowych element\u00f3w interfejsu pierwszej klasy dla twojej witryny OpenCart. Pom\u00f3c przy personalizacji, szeroka funkcjonalno\u015b\u0107.","og_url":"https:\/\/elfsight.com\/pl\/opencart-extensions\/","og_site_name":"Elfsight PL","article_modified_time":"2021-04-21T13:28:56+00:00","twitter_card":"summary_large_image","twitter_misc":{"Szacowany czas czytania":"2 minuty"},"schema":{"@context":"https:\/\/schema.org","@graph":[{"@type":"WebPage","@id":"https:\/\/elfsight.com\/pl\/opencart-extensions\/","url":"https:\/\/elfsight.com\/pl\/opencart-extensions\/","name":"Ponad 80 najlepszych Opencart extensions dla strony internetowej","isPartOf":{"@id":"https:\/\/elfsight.com\/pl\/#website"},"datePublished":"2020-11-13T09:43:44+00:00","dateModified":"2021-04-21T13:28:56+00:00","description":"Kolekcja darmowych element\u00f3w interfejsu pierwszej klasy dla twojej witryny OpenCart. Pom\u00f3c przy personalizacji, szeroka funkcjonalno\u015b\u0107.","breadcrumb":{"@id":"https:\/\/elfsight.com\/pl\/opencart-extensions\/#breadcrumb"},"inLanguage":"pl-PL","potentialAction":[{"@type":"ReadAction","target":["https:\/\/elfsight.com\/pl\/opencart-extensions\/"]}]},{"@type":"BreadcrumbList","@id":"https:\/\/elfsight.com\/pl\/opencart-extensions\/#breadcrumb","itemListElement":[{"@type":"ListItem","position":1,"name":"Home","item":"https:\/\/elfsight.com\/pl\/"},{"@type":"ListItem","position":2,"name":"OpenCart extensions"}]},{"@type":"WebSite","@id":"https:\/\/elfsight.com\/pl\/#website","url":"https:\/\/elfsight.com\/pl\/","name":"Elfsight PL","description":"Just another Elfsight Sites site","potentialAction":[{"@type":"SearchAction","target":{"@type":"EntryPoint","urlTemplate":"https:\/\/elfsight.com\/pl\/?s={search_term_string}"},"query-input":{"@type":"PropertyValueSpecification","valueRequired":true,"valueName":"search_term_string"}}],"inLanguage":"pl-PL"}]}},"meta_box":{"industry":"","seo_heading":"","heading":"","description":"","cta_heading":"","cta_description":"","application":"","h1":"Najlepsze OpenCart extensions","h1_caption":"Nieodp\u0142atny spis gotowych do u\u017cycia element\u00f3w interfejsu pierwszej klasy z szerokim zakresem funkcjonalno\u015bci dla zwi\u0119kszenia aktywno\u015bci u\u017cytkownik\u00f3w oraz dokonania wszystkich podstawowych dzia\u0142a\u0144 biznesowych. Szybkie w\u0142\u0105czanie, bogata oferta mo\u017cliwo\u015bci konfiguracji oraz profesjonalne wsparcie klienta.","application_category":[],"applications_title":"Zbadaj najbardziej odpowiednie extensions dla twojej strony www w\u015br\u00f3d wszystkich element\u00f3w interfejsu gratisowych w demonstracje online","applications_request_title":"Nie mo\u017cesz znale\u017a\u0107 odpowiedni extension?","applications_request_button_text":"Zam\u00f3w extension","hero_text":"","hero_video":"","hero_video_schema_markup":"","selling_points_title":"","selling_points_caption":"","selling_points":[],"selling_points_cta_text":"","features_title":"","features":"","ed_cta_examples_text":"","ed_cta_examples_hidden":"","ed_cta_demo_text":"","ed_cta_demo_hidden":"","why_caption":"","why_editor_title":"","why_editor_text":"","why_team_title":"","why_team_text":"","why_service_title":"","why_service_text":"","template_catalog_visible":"","template_catalog_title":"","template_catalog_text":"","template_catalog_categories_visible":"","demo_title":"","demo_caption":"","default_faq_hidden":"","app_template_category":[],"platform":"107","template_public_id":"","codecanyon_url":"","codecanyon_item_id":"","codecanyon_price":"","pricing_caption":"","pricing_elfsight_apps_hide_column":"","pricing_elfsight_apps_url":"","pricing_codecanyon_price_caption":"","integration_category":[],"integration_request_title":"","integration_request_cta":"","integration_platform":"","integrations":[],"platform_category":[],"video_schema_markup":"","price":"","trial":"","benefits":[],"button_url":"","button_target_blank":"","button_nofollow":"","attributes":[],"tags":[],"tags_disable_links":"","hide_more_platforms":"","video_object":"","demo_hide_cta":"","demo_hide_cloud_options":"","pricing_title":"","pricing":[],"related_apps_title":"","related_apps_hidden":"","author":"","image":[],"title":"","job":"","social_networks":[]},"_links":{"self":[{"href":"https:\/\/elfsight.com\/pl\/wp-json\/wp\/v2\/pages\/110","targetHints":{"allow":["GET"]}}],"collection":[{"href":"https:\/\/elfsight.com\/pl\/wp-json\/wp\/v2\/pages"}],"about":[{"href":"https:\/\/elfsight.com\/pl\/wp-json\/wp\/v2\/types\/page"}],"author":[{"embeddable":true,"href":"https:\/\/elfsight.com\/pl\/wp-json\/wp\/v2\/users\/13"}],"replies":[{"embeddable":true,"href":"https:\/\/elfsight.com\/pl\/wp-json\/wp\/v2\/comments?post=110"}],"version-history":[{"count":1,"href":"https:\/\/elfsight.com\/pl\/wp-json\/wp\/v2\/pages\/110\/revisions"}],"predecessor-version":[{"id":111,"href":"https:\/\/elfsight.com\/pl\/wp-json\/wp\/v2\/pages\/110\/revisions\/111"}],"wp:attachment":[{"href":"https:\/\/elfsight.com\/pl\/wp-json\/wp\/v2\/media?parent=110"}],"curies":[{"name":"wp","href":"https:\/\/api.w.org\/{rel}","templated":true}]}}