{"id":10671,"date":"2025-06-17T11:15:46","date_gmt":"2025-06-17T11:15:46","guid":{"rendered":"https:\/\/elfsight.com\/pl\/?page_id=10671"},"modified":"2025-07-08T14:40:45","modified_gmt":"2025-07-08T14:40:45","slug":"bigcommerce","status":"publish","type":"page","link":"https:\/\/elfsight.com\/pl\/comments-widget\/bigcommerce\/","title":{"rendered":"Comments &#8211; BigCommerce"},"content":{"rendered":"<div class=\"application-platform-content-item-description application-platform-content-item\" id=\"description\" data-nav-section=\"description\"> <h2>Osad\u017a komentarze w BigCommerce za pomoc\u0105 aplikacji Elfsight<\/h2> <p>Aplikacja Komentarze wprowadza interakcj\u0119 w czasie rzeczywistym na Twoj\u0105 witryn\u0119, pozwalaj\u0105c u\u017cytkownikom na natychmiastowe komentowanie jako go\u015bcie lub poprzez szybkie logowanie spo\u0142eczno\u015bciowe. Jest ona skonstruowana z my\u015bl\u0105 o prostocie, a jednocze\u015bnie jest wystarczaj\u0105co pot\u0119\u017cna do dynamicznych, wielopoziomowych dyskusji, kt\u00f3re wygl\u0105daj\u0105 naturalnie na ka\u017cdym urz\u0105dzeniu. Dzi\u0119ki adaptacyjnemu uk\u0142adowi i wieloj\u0119zycznemu wsparciu, aplikacja p\u0142ynnie integruje si\u0119 z ka\u017cd\u0105 witryn\u0105, zapewniaj\u0105c jednocze\u015bnie, \u017ce ka\u017cdy mo\u017ce bez wysi\u0142ku do\u0142\u0105czy\u0107 do dyskusji.<\/p><p>Opr\u00f3cz p\u0142ynnej interakcji, oferuje ona pot\u0119\u017cne funkcje, kt\u00f3re zwi\u0119kszaj\u0105 widoczno\u015b\u0107 i wzmacniaj\u0105 zaufanie. Wbudowane narz\u0119dzia moderacji, ochrona przed spamem i udost\u0119pnianie komentarzy sprawiaj\u0105, \u017ce Twoje dyskusje s\u0105 zar\u00f3wno bezpieczne, jak i \u017cywe. Przyjazna dla SEO struktura pomaga Twoim tre\u015bciom wspina\u0107 si\u0119 w rankingach wyszukiwania, podczas gdy wgl\u0105dy administratora i opcje edycji u\u017cytkownik\u00f3w oferuj\u0105 zar\u00f3wno kontrol\u0119, jak i elastyczno\u015b\u0107. Niezale\u017cnie od tego, czy tworzysz pe\u0142noprawn\u0105 spo\u0142eczno\u015b\u0107, czy po prostu o\u017cywiasz sw\u00f3j blog, ta aplikacja zamienia ka\u017cd\u0105 rozmow\u0119 w krok naprz\u00f3d.<\/p><p><strong>Daj swoim odwiedzaj\u0105cym g\u0142os za pomoc\u0105 naszej aplikacji Komentarze na swojej stronie BigCommerce.<\/strong><\/p><\/div> <div class=\"application-platform-content-item-features application-platform-content-item\" id=\"features\" data-nav-section=\"features\"> <h2>Aplikacja posiada pot\u0119\u017cne i \u0142atwe w obs\u0142udze funkcje, oto niekt\u00f3re z nich:<\/h2><ul><li><b>Naj\u0142atwiejszy spos\u00f3b komentowania jako go\u015b\u0107.<\/b> Odwiedzaj\u0105cy mog\u0105 bra\u0107 udzia\u0142 w rozmowie bez podawania prywatnych informacji, ale w prosty spos\u00f3b mog\u0105 zalogowa\u0107 si\u0119 za pomoc\u0105 Google lub Facebook, je\u015bli wol\u0105.<\/li><li><b>Narz\u0119dzia administratora do moderacji komentarzy.<\/b> \u0141atwo moderuj i nadzoruj wszystkie dyskusje wraz z cz\u0142onkami zespo\u0142u, kt\u00f3rych zaprosisz jako moderator\u00f3w.<\/li><li><b>Klasyczne przyciski i reakcje do dyskusji.<\/b> Mo\u017cesz reagowa\u0107, oznacza\u0107 innych i udost\u0119pnia\u0107 ka\u017cdy konkretny komentarz.<\/li><li><b>Nieograniczona konwersacja dla wszystkich.<\/b> Aplikacja ro\u015bnie wraz z Tob\u0105, obs\u0142uguj\u0105c niesko\u0144czon\u0105 liczb\u0119 u\u017cytkownik\u00f3w, odpowiedzi i stron z tre\u015bci\u0105.<\/li><li><b>Przyjazna dla SEO struktura komentarzy.<\/b> Komentarze s\u0105 oznaczone danymi strukturalnymi schema.org, co u\u0142atwia wyszukiwarkom zrozumienie i indeksowanie Twoich tre\u015bci.<\/li><\/ul><p><a href=\"#demo\">Intuicyjny edytor mo\u017ce zademonstrowa\u0107, jak dzia\u0142aj\u0105 funkcje i opcje bezpo\u015brednio na tej stronie<\/a><\/p><\/div> <div class=\"application-platform-content-item-installation application-platform-content-item\" id=\"installation\" data-nav-section=\"installation\"> <h2>Jak osadzi\u0107 komentarze na mojej stronie BigCommerce?<\/h2><p>Znajdziesz tutaj prosty spos\u00f3b na dodanie aplikacji do swojej strony BigCommerce. Zajmie to tylko kilka minut i nie wymaga kodowania.<\/p><ol><li><strong>Stw\u00f3rz swoj\u0105 indywidualn\u0105 aplikacj\u0119 Komentarze<\/strong><br> Zacznij od dowolnego szablonu w edytorze, pracuj z wygodnymi elementami, a nast\u0119pnie dostosuj aplikacj\u0119 do swojego po\u017c\u0105danego stylu i opcji.<\/li><li><strong>Odbierz osobisty kod do osadzenia aplikacji<\/strong><br> Po utworzeniu aplikacji otrzymasz indywidualny kod HTML w swoim panelu. Skopiuj ten kod, kt\u00f3ry zawiera wszystkie szczeg\u00f3\u0142y dotycz\u0105ce Twoich ustawie\u0144.<\/li><li><strong>Poka\u017c aplikacj\u0119 na swojej stronie BigCommerce<\/strong><br> Zdefiniuj obszary swojej witryny, w kt\u00f3rych chcesz wy\u015bwietli\u0107 komentarze, i wklej tam kod. Zapisz zmiany.<\/li><\/ol><p>To wszystko! Teraz sprawd\u017a, jak aplikacja dzia\u0142a na Twojej stronie.<\/p><p>Je\u015bli napotkasz jakiekolwiek problemy podczas osadzania aplikacji w witrynie, po prostu skontaktuj si\u0119 z naszym dzia\u0142em obs\u0142ugi klienta. Ch\u0119tnie pomo\u017cemy Ci doda\u0107 i dostosowa\u0107 swoje pole komentarzy z w\u0105tkowaniem.<\/p><\/div>","protected":false},"excerpt":{"rendered":"","protected":false},"author":9,"featured_media":0,"parent":10640,"menu_order":0,"comment_status":"closed","ping_status":"closed","template":"templates\/template-application-platform.php","meta":{"publish_to_discourse":"","publish_post_category":"","wpdc_auto_publish_overridden":"","wpdc_topic_tags":"","wpdc_pin_topic":"","wpdc_pin_until":"","discourse_post_id":"","discourse_permalink":"","wpdc_publishing_response":"","wpdc_publishing_error":"","footnotes":""},"class_list":["post-10671","page","type-page","status-publish","hentry"],"yoast_head":"<!-- This site is optimized with the Yoast SEO plugin v25.3.1 - https:\/\/yoast.com\/wordpress\/plugins\/seo\/ -->\n<title>Aplikacja Komentarzy BigCommerce - Zwi\u0119ksz zaanga\u017cowanie na swojej stronie [ZA DARMO]<\/title>\n<meta name=\"description\" content=\"Dodaj aplikacj\u0119 Komentarze bez kodu do swojej witryny BigCommerce. Wypr\u00f3buj szybki edytor Elfsight, aby \u0142atwo stworzy\u0107 swoje unikalne rozwi\u0105zanie.\" \/>\n<meta name=\"robots\" content=\"index, follow, max-snippet:-1, max-image-preview:large, max-video-preview:-1\" \/>\n<link rel=\"canonical\" href=\"https:\/\/elfsight.com\/pl\/comments-widget\/bigcommerce\/\" \/>\n<meta property=\"og:locale\" content=\"pl_PL\" \/>\n<meta property=\"og:type\" content=\"article\" \/>\n<meta property=\"og:title\" content=\"Aplikacja Komentarzy BigCommerce - Zwi\u0119ksz zaanga\u017cowanie na swojej stronie [ZA DARMO]\" \/>\n<meta property=\"og:description\" content=\"Dodaj aplikacj\u0119 Komentarze bez kodu do swojej witryny BigCommerce. Wypr\u00f3buj szybki edytor Elfsight, aby \u0142atwo stworzy\u0107 swoje unikalne rozwi\u0105zanie.\" \/>\n<meta property=\"og:url\" content=\"https:\/\/elfsight.com\/pl\/comments-widget\/bigcommerce\/\" \/>\n<meta property=\"og:site_name\" content=\"Elfsight PL\" \/>\n<meta property=\"article:modified_time\" content=\"2025-07-08T14:40:45+00:00\" \/>\n<meta name=\"twitter:card\" content=\"summary_large_image\" \/>\n<meta name=\"twitter:label1\" content=\"Szacowany czas czytania\" \/>\n\t<meta name=\"twitter:data1\" content=\"3 minuty\" \/>\n<!-- \/ Yoast SEO plugin. -->","yoast_head_json":{"title":"Aplikacja Komentarzy BigCommerce - Zwi\u0119ksz zaanga\u017cowanie na swojej stronie [ZA DARMO]","description":"Dodaj aplikacj\u0119 Komentarze bez kodu do swojej witryny BigCommerce. Wypr\u00f3buj szybki edytor Elfsight, aby \u0142atwo stworzy\u0107 swoje unikalne rozwi\u0105zanie.","robots":{"index":"index","follow":"follow","max-snippet":"max-snippet:-1","max-image-preview":"max-image-preview:large","max-video-preview":"max-video-preview:-1"},"canonical":"https:\/\/elfsight.com\/pl\/comments-widget\/bigcommerce\/","og_locale":"pl_PL","og_type":"article","og_title":"Aplikacja Komentarzy BigCommerce - Zwi\u0119ksz zaanga\u017cowanie na swojej stronie [ZA DARMO]","og_description":"Dodaj aplikacj\u0119 Komentarze bez kodu do swojej witryny BigCommerce. Wypr\u00f3buj szybki edytor Elfsight, aby \u0142atwo stworzy\u0107 swoje unikalne rozwi\u0105zanie.","og_url":"https:\/\/elfsight.com\/pl\/comments-widget\/bigcommerce\/","og_site_name":"Elfsight PL","article_modified_time":"2025-07-08T14:40:45+00:00","twitter_card":"summary_large_image","twitter_misc":{"Szacowany czas czytania":"3 minuty"},"schema":{"@context":"https:\/\/schema.org","@graph":[{"@type":"WebPage","@id":"https:\/\/elfsight.com\/pl\/comments-widget\/bigcommerce\/","url":"https:\/\/elfsight.com\/pl\/comments-widget\/bigcommerce\/","name":"Aplikacja Komentarzy BigCommerce - Zwi\u0119ksz zaanga\u017cowanie na swojej stronie [ZA DARMO]","isPartOf":{"@id":"https:\/\/elfsight.com\/pl\/#website"},"datePublished":"2025-06-17T11:15:46+00:00","dateModified":"2025-07-08T14:40:45+00:00","description":"Dodaj aplikacj\u0119 Komentarze bez kodu do swojej witryny BigCommerce. Wypr\u00f3buj szybki edytor Elfsight, aby \u0142atwo stworzy\u0107 swoje unikalne rozwi\u0105zanie.","breadcrumb":{"@id":"https:\/\/elfsight.com\/pl\/comments-widget\/bigcommerce\/#breadcrumb"},"inLanguage":"pl-PL","potentialAction":[{"@type":"ReadAction","target":["https:\/\/elfsight.com\/pl\/comments-widget\/bigcommerce\/"]}]},{"@type":"BreadcrumbList","@id":"https:\/\/elfsight.com\/pl\/comments-widget\/bigcommerce\/#breadcrumb","itemListElement":[{"@type":"ListItem","position":1,"name":"Home","item":"https:\/\/elfsight.com\/pl\/"},{"@type":"ListItem","position":2,"name":"Comments &#8211; BigCommerce"}]},{"@type":"WebSite","@id":"https:\/\/elfsight.com\/pl\/#website","url":"https:\/\/elfsight.com\/pl\/","name":"Elfsight PL","description":"Just another Elfsight Sites site","potentialAction":[{"@type":"SearchAction","target":{"@type":"EntryPoint","urlTemplate":"https:\/\/elfsight.com\/pl\/?s={search_term_string}"},"query-input":{"@type":"PropertyValueSpecification","valueRequired":true,"valueName":"search_term_string"}}],"inLanguage":"pl-PL"}]}},"meta_box":{"industry":"","seo_heading":"","heading":"","description":"","cta_heading":"","cta_description":"","application":"9524","h1":"Aplikacja Komentarze BigCommerce","h1_caption":"Umo\u017cliwia prawdziwym u\u017cytkownikom rozmow\u0119 i pozostawianie opinii na Twojej stronie **BigCommerce** poprzez wbudowan\u0105 sekcj\u0119 komentarzy z wbudowanym logowaniem i bogatymi funkcjami interaktywnymi.","application_category":[],"applications_title":"","applications_request_title":"","applications_request_button_text":"","hero_text":"","hero_video":"","hero_video_schema_markup":"","selling_points_title":"","selling_points_caption":"","selling_points":[],"selling_points_cta_text":"","features_title":"","features":"","ed_cta_examples_text":"","ed_cta_examples_hidden":"","ed_cta_demo_text":"","ed_cta_demo_hidden":"","why_caption":"","why_editor_title":"","why_editor_text":"","why_team_title":"","why_team_text":"","why_service_title":"","why_service_text":"","template_catalog_visible":"","template_catalog_title":"","template_catalog_text":"","template_catalog_categories_visible":"","demo_title":"Stw\u00f3rz swoj\u0105 aplikacj\u0119 Komentarze","demo_caption":"Skonfiguruj swoje Komentarze i dodaj je do swojej witryny BigCommerce za darmo!","default_faq_hidden":"","app_template_category":[],"platform":"41","template_public_id":"","codecanyon_url":"","codecanyon_item_id":"","codecanyon_price":"","pricing_caption":"","pricing_elfsight_apps_hide_column":"","pricing_elfsight_apps_url":"","pricing_codecanyon_price_caption":"","integration_category":[],"integration_request_title":"","integration_request_cta":"","integration_platform":"","integrations":[],"platform_category":[],"video_schema_markup":"","price":"Od 0 USD \/ miesi\u0105c","trial":"","benefits":[],"button_url":"#demo","button_target_blank":"0","button_nofollow":"","attributes":[{"name":"Instalacje","content":"50,000 - 100,000","_state":"expanded"},{"name":"Responsywny","content":"Tak","_state":"expanded"},{"name":"Kompatybilne przegl\u0105darki","content":"Firefox, Safari, Opera, Chrome, Edge","_state":"expanded"}],"tags":[],"tags_disable_links":"","hide_more_platforms":"","video_object":"","demo_hide_cta":"","demo_hide_cloud_options":"","pricing_title":"","pricing":[{"pricing_icon":"platform","pricing_title":"Elfsight Apps","pricing_title_caption":"Wersja wieloplatformowa","":"","pricing_price":"Od 0 USD \/ miesi\u0105c","pricing_price_caption":"Zacznij od darmowego planu","pricing_benefits":"","pricing_button_text":"Dodaj do witryny","pricing_button_url":"#demo"}],"related_apps_title":"","related_apps_hidden":"","author":"","image":[],"title":"","job":"","social_networks":[]},"_links":{"self":[{"href":"https:\/\/elfsight.com\/pl\/wp-json\/wp\/v2\/pages\/10671","targetHints":{"allow":["GET"]}}],"collection":[{"href":"https:\/\/elfsight.com\/pl\/wp-json\/wp\/v2\/pages"}],"about":[{"href":"https:\/\/elfsight.com\/pl\/wp-json\/wp\/v2\/types\/page"}],"author":[{"embeddable":true,"href":"https:\/\/elfsight.com\/pl\/wp-json\/wp\/v2\/users\/9"}],"replies":[{"embeddable":true,"href":"https:\/\/elfsight.com\/pl\/wp-json\/wp\/v2\/comments?post=10671"}],"version-history":[{"count":1,"href":"https:\/\/elfsight.com\/pl\/wp-json\/wp\/v2\/pages\/10671\/revisions"}],"predecessor-version":[{"id":10675,"href":"https:\/\/elfsight.com\/pl\/wp-json\/wp\/v2\/pages\/10671\/revisions\/10675"}],"up":[{"embeddable":true,"href":"https:\/\/elfsight.com\/pl\/wp-json\/wp\/v2\/pages\/10640"}],"wp:attachment":[{"href":"https:\/\/elfsight.com\/pl\/wp-json\/wp\/v2\/media?parent=10671"}],"curies":[{"name":"wp","href":"https:\/\/api.w.org\/{rel}","templated":true}]}}