{"id":104,"date":"2020-11-13T09:20:29","date_gmt":"2020-11-13T09:20:29","guid":{"rendered":"https:\/\/elfsight.com\/pl\/?page_id=104"},"modified":"2021-04-21T13:28:01","modified_gmt":"2021-04-21T13:28:01","slug":"modx-plugins","status":"publish","type":"page","link":"https:\/\/elfsight.com\/pl\/modx-plugins\/","title":{"rendered":"ModX plugins"},"content":{"rendered":"\n<h2>Najskuteczniejsze pluginy Elfsight dla udoskonalenia twojej strony www ModX<\/h2>\n\n<p>Przez 9 lat nasz team specjalist\u00f3w Elfsight konstruuje przyjazne dla u\u017cytkownika i uniwersalne elementy interfejsu chmurowe dla Twojej strony www. Nasz zesp\u00f3\u0142 gwarantuj\u0105 wsparcie premium oraz szybkie \u0142adowanie. Narz\u0119dzia Elfsight s\u0142u\u017c\u0105 w\u0142a\u015bcicielom stron online, non-profit i innym na ca\u0142ym \u015bwiecie zaradzi\u0107 kluczowymi zadaniami bardziej efektywnie. \n<\/p>\n\n<p>Aby powi\u0119kszy\u0107 liczb\u0119 lead\u00f3w, przedstawi\u0107 pozytywne reakcje na Twoje us\u0142ugi, zwi\u0119kszy\u0107 zaufanie do swojej marki, po prostu dodaj\u0105c rozszerzenie do Pa\u0144stwa serwisu www. Nasze plany subskrypcji wahaj\u0105 si\u0119 od bezp\u0142atnych do premium. Szybko zainstalowa\u0107 wszelkie wybrane wid\u017cety u\u017cywaj\u0105c naszej demonstracji i przekonaj si\u0119 jak bardzo mo\u017ce to by\u0107 istotne w kwestii rozwoju strony Web Pa\u0144stwa przedsi\u0119biorstwa. <\/p>\n\n<h2>Co sprawia, \u017ce nasze rozszerzenia ModX s\u0105 wyj\u0105tkowymi narz\u0119dziami dla was? <\/h2>\n\n<p> Tu jest spis silnych jako\u015bci naszych wtyczek, kt\u00f3re pomagaj\u0105 nam by\u0107 lepszymi, ni\u017c nasi konkurenci: <\/p>\n\n\n<ul>\n<li> Nieodp\u0142atna i sprawna wsparcie przy instalacje lub dostosowywanie wid\u017cet\u00f3w; <\/li>\n<li> Zdolno\u015b\u0107 dostosowywania do wszystkich rozdzielczo\u015bci witryn internetowych i dostosowane do urz\u0105dze\u0144 mobilnych; <\/li>\n<li> Nie musicie zatrudnia\u0107 deweloper\u00f3w; <\/li>\n<li> Szeroka r\u00f3\u017cnorodno\u015b\u0107 mo\u017cliwo\u015bci personalizacji; <\/li>\n<li> Przechowywanie danych chmurze pomagaj\u0105 zwi\u0119kszy\u0107 pr\u0119dko\u015b\u0107 wczytywania serwisu; <\/li>\n<li> Wszystkie dost\u0119pne aktualizacje s\u0105 darmowe i systematyczne; <\/li>\n<li> Sprawiedliwe ceny; <\/li>\n<li> Szybka pomoc w przypadku problem\u00f3w. <\/li>\n<\/ul>\n\n<p> Zbadaj bezp\u0142atne opcje naszych plugin\u00f3w i zastosuj jej potencja\u0142 lub kup dowolne wymagane wtyczk\u0119 z 20% obni\u017ck\u0105. <\/p>\n\n\n<h2> Jak do\u0142\u0105czy\u0107 Twoje rozszerzenia Elfsight na swojej witrynie ModX <\/h2>\n\n<p> A\u017ceby wbudowa\u0107 wtyczki, zobaczy\u0107 poni\u017csze etapy z \u0142atwej instrukcji: <\/p>\n\n\n<ol>\n<li> Wybierz potrzebn\u0105 wtyczk\u0119; <\/li>\n<li> Dostosuj wa\u017cne zmiany; <\/li>\n<li> Zapisz zmiany; <\/li>\n<li> Kliknij wygenerowany kod; <\/li>\n<li> Zainstaluj go w wymaganym miejscu swojej witryny lub szablonu; <\/li>\n<li> Sko\u0144czone! Masz zainstalowany plugin. <\/li>\n<\/ol>\n\n<p> W razie trudno\u015bci, zapraszamy skontaktuj si\u0119 z zespo\u0142em obs\u0142ugi Elfsight. <\/p>\n","protected":false},"excerpt":{"rendered":"Najskuteczniejsze pluginy Elfsight dla udoskonalenia twojej strony www ModX Przez 9 lat nasz team specjalist\u00f3w Elfsight konstruuje przyjazne dla u\u017cytkownika i uniwersalne elementy interfejsu chmurowe dla Twojej strony www. Nasz zesp\u00f3\u0142 gwarantuj\u0105 wsparcie premium oraz szybkie \u0142adowanie. Narz\u0119dzia Elfsight s\u0142u\u017c\u0105 w\u0142a\u015bcicielom stron online, non-profit i innym na ca\u0142ym \u015bwiecie zaradzi\u0107&#8230;","protected":false},"author":13,"featured_media":0,"parent":0,"menu_order":0,"comment_status":"closed","ping_status":"closed","template":"templates\/template-platform.php","meta":{"publish_to_discourse":"","publish_post_category":"","wpdc_auto_publish_overridden":"","wpdc_topic_tags":"","wpdc_pin_topic":"","wpdc_pin_until":"","discourse_post_id":"","discourse_permalink":"","wpdc_publishing_response":"","wpdc_publishing_error":"","footnotes":""},"class_list":["post-104","page","type-page","status-publish","hentry"],"yoast_head":"<!-- This site is optimized with the Yoast SEO plugin v25.3.1 - https:\/\/yoast.com\/wordpress\/plugins\/seo\/ -->\n<title>Ponad 80 najlepszych darmowych ModX plugin\u00f3w dla strony internetowej<\/title>\n<meta name=\"description\" content=\"Pakiet sprawdzonych nieodp\u0142atnych wid\u017cet\u00f3w dla twojej witryny internetowej ModX. Pom\u00f3c w personalizacj\u0119 oraz bogata gama mo\u017cliwo\u015bci.\" \/>\n<meta name=\"robots\" content=\"index, follow, max-snippet:-1, max-image-preview:large, max-video-preview:-1\" \/>\n<link rel=\"canonical\" href=\"https:\/\/elfsight.com\/pl\/modx-plugins\/\" \/>\n<meta property=\"og:locale\" content=\"pl_PL\" \/>\n<meta property=\"og:type\" content=\"article\" \/>\n<meta property=\"og:title\" content=\"Ponad 80 najlepszych darmowych ModX plugin\u00f3w dla strony internetowej\" \/>\n<meta property=\"og:description\" content=\"Pakiet sprawdzonych nieodp\u0142atnych wid\u017cet\u00f3w dla twojej witryny internetowej ModX. Pom\u00f3c w personalizacj\u0119 oraz bogata gama mo\u017cliwo\u015bci.\" \/>\n<meta property=\"og:url\" content=\"https:\/\/elfsight.com\/pl\/modx-plugins\/\" \/>\n<meta property=\"og:site_name\" content=\"Elfsight PL\" \/>\n<meta property=\"article:modified_time\" content=\"2021-04-21T13:28:01+00:00\" \/>\n<meta name=\"twitter:card\" content=\"summary_large_image\" \/>\n<meta name=\"twitter:label1\" content=\"Szacowany czas czytania\" \/>\n\t<meta name=\"twitter:data1\" content=\"2 minuty\" \/>\n<!-- \/ Yoast SEO plugin. -->","yoast_head_json":{"title":"Ponad 80 najlepszych darmowych ModX plugin\u00f3w dla strony internetowej","description":"Pakiet sprawdzonych nieodp\u0142atnych wid\u017cet\u00f3w dla twojej witryny internetowej ModX. Pom\u00f3c w personalizacj\u0119 oraz bogata gama mo\u017cliwo\u015bci.","robots":{"index":"index","follow":"follow","max-snippet":"max-snippet:-1","max-image-preview":"max-image-preview:large","max-video-preview":"max-video-preview:-1"},"canonical":"https:\/\/elfsight.com\/pl\/modx-plugins\/","og_locale":"pl_PL","og_type":"article","og_title":"Ponad 80 najlepszych darmowych ModX plugin\u00f3w dla strony internetowej","og_description":"Pakiet sprawdzonych nieodp\u0142atnych wid\u017cet\u00f3w dla twojej witryny internetowej ModX. Pom\u00f3c w personalizacj\u0119 oraz bogata gama mo\u017cliwo\u015bci.","og_url":"https:\/\/elfsight.com\/pl\/modx-plugins\/","og_site_name":"Elfsight PL","article_modified_time":"2021-04-21T13:28:01+00:00","twitter_card":"summary_large_image","twitter_misc":{"Szacowany czas czytania":"2 minuty"},"schema":{"@context":"https:\/\/schema.org","@graph":[{"@type":"WebPage","@id":"https:\/\/elfsight.com\/pl\/modx-plugins\/","url":"https:\/\/elfsight.com\/pl\/modx-plugins\/","name":"Ponad 80 najlepszych darmowych ModX plugin\u00f3w dla strony internetowej","isPartOf":{"@id":"https:\/\/elfsight.com\/pl\/#website"},"datePublished":"2020-11-13T09:20:29+00:00","dateModified":"2021-04-21T13:28:01+00:00","description":"Pakiet sprawdzonych nieodp\u0142atnych wid\u017cet\u00f3w dla twojej witryny internetowej ModX. Pom\u00f3c w personalizacj\u0119 oraz bogata gama mo\u017cliwo\u015bci.","breadcrumb":{"@id":"https:\/\/elfsight.com\/pl\/modx-plugins\/#breadcrumb"},"inLanguage":"pl-PL","potentialAction":[{"@type":"ReadAction","target":["https:\/\/elfsight.com\/pl\/modx-plugins\/"]}]},{"@type":"BreadcrumbList","@id":"https:\/\/elfsight.com\/pl\/modx-plugins\/#breadcrumb","itemListElement":[{"@type":"ListItem","position":1,"name":"Home","item":"https:\/\/elfsight.com\/pl\/"},{"@type":"ListItem","position":2,"name":"ModX plugins"}]},{"@type":"WebSite","@id":"https:\/\/elfsight.com\/pl\/#website","url":"https:\/\/elfsight.com\/pl\/","name":"Elfsight PL","description":"Just another Elfsight Sites site","potentialAction":[{"@type":"SearchAction","target":{"@type":"EntryPoint","urlTemplate":"https:\/\/elfsight.com\/pl\/?s={search_term_string}"},"query-input":{"@type":"PropertyValueSpecification","valueRequired":true,"valueName":"search_term_string"}}],"inLanguage":"pl-PL"}]}},"meta_box":{"industry":"","seo_heading":"","heading":"","description":"","cta_heading":"","cta_description":"","application":"","h1":"Najlepsze pluginy ModX","h1_caption":"Gratisowy spis Plug&Play widget\u00f3w najwy\u017cszej klasy z szerok\u0105 gam\u0105 mo\u017cliwo\u015bci dla zwi\u0119kszenia zapotrzebowania u\u017cytkownik\u00f3w oraz wykonania wszystkich pozosta\u0142ych dzia\u0142a\u0144 w zakresie rozwoju komercyjnego. Proste integrowanie, bogata oferta mo\u017cliwo\u015bci konfiguracji a tak\u017ce profesjonalne wsparcie klienta.","application_category":[],"applications_title":"Sprawd\u017a najlepszi dopasowania dla twojej witryny sieci Web w\u015br\u00f3d wszystkich dodatk\u00f3w nieodp\u0142atnych w edytorze internetowym","applications_request_title":"Nie mo\u017cesz znale\u017a\u0107 odpowiedniego plugina?","applications_request_button_text":"Zam\u00f3w plugin","hero_text":"","hero_video":"","hero_video_schema_markup":"","selling_points_title":"","selling_points_caption":"","selling_points":[],"selling_points_cta_text":"","features_title":"","features":"","ed_cta_examples_text":"","ed_cta_examples_hidden":"","ed_cta_demo_text":"","ed_cta_demo_hidden":"","why_caption":"","why_editor_title":"","why_editor_text":"","why_team_title":"","why_team_text":"","why_service_title":"","why_service_text":"","template_catalog_visible":"","template_catalog_title":"","template_catalog_text":"","template_catalog_categories_visible":"","demo_title":"","demo_caption":"","default_faq_hidden":"","app_template_category":[],"platform":"95","template_public_id":"","codecanyon_url":"","codecanyon_item_id":"","codecanyon_price":"","pricing_caption":"","pricing_elfsight_apps_hide_column":"","pricing_elfsight_apps_url":"","pricing_codecanyon_price_caption":"","integration_category":[],"integration_request_title":"","integration_request_cta":"","integration_platform":"","integrations":[],"platform_category":[],"video_schema_markup":"","price":"","trial":"","benefits":[],"button_url":"","button_target_blank":"","button_nofollow":"","attributes":[],"tags":[],"tags_disable_links":"","hide_more_platforms":"","video_object":"","demo_hide_cta":"","demo_hide_cloud_options":"","pricing_title":"","pricing":[],"related_apps_title":"","related_apps_hidden":"","author":"","image":[],"title":"","job":"","social_networks":[]},"_links":{"self":[{"href":"https:\/\/elfsight.com\/pl\/wp-json\/wp\/v2\/pages\/104","targetHints":{"allow":["GET"]}}],"collection":[{"href":"https:\/\/elfsight.com\/pl\/wp-json\/wp\/v2\/pages"}],"about":[{"href":"https:\/\/elfsight.com\/pl\/wp-json\/wp\/v2\/types\/page"}],"author":[{"embeddable":true,"href":"https:\/\/elfsight.com\/pl\/wp-json\/wp\/v2\/users\/13"}],"replies":[{"embeddable":true,"href":"https:\/\/elfsight.com\/pl\/wp-json\/wp\/v2\/comments?post=104"}],"version-history":[{"count":2,"href":"https:\/\/elfsight.com\/pl\/wp-json\/wp\/v2\/pages\/104\/revisions"}],"predecessor-version":[{"id":106,"href":"https:\/\/elfsight.com\/pl\/wp-json\/wp\/v2\/pages\/104\/revisions\/106"}],"wp:attachment":[{"href":"https:\/\/elfsight.com\/pl\/wp-json\/wp\/v2\/media?parent=104"}],"curies":[{"name":"wp","href":"https:\/\/api.w.org\/{rel}","templated":true}]}}