{"id":1029,"date":"2020-12-18T10:21:35","date_gmt":"2020-12-18T10:21:35","guid":{"rendered":"https:\/\/elfsight.com\/pl\/?page_id=1029"},"modified":"2020-12-18T11:51:40","modified_gmt":"2020-12-18T11:51:40","slug":"examples","status":"publish","type":"page","link":"https:\/\/elfsight.com\/pl\/line-chat-widget\/examples\/","title":{"rendered":"Line Chat &#8211; Examples"},"content":{"rendered":"\n<div class=\"application-examples-item application-examples-item-loading\">\n                            <div class=\"col-row\">\n                                <div class=\"col-6 col-m-8 col-s-12\"><h3 class=\"application-examples-item-title\">Przyk\u0142ad 1. Og\u00f3lny<\/h3><div class=\"application-examples-item-description\">Nie wiesz, jaki typ wybra\u0107? Istnieje rozwi\u0105zanie! Wybierz to okno czatu i poczuj jego prostot\u0119: w pe\u0142ni pasuje do ka\u017cdego rodzaju projektu internetowego i sprawia, \u017ce Twoja us\u0142uga wsparcia jest \u017cywa. Pracuj z kolorami, motywem, b\u0105belkami i innymi wa\u017cnymi cz\u0119\u015bciami, zmieniaj\u0105c je w naprawd\u0119 wyj\u0105tkow\u0105 funkcj\u0119.<\/div><\/div>\n                <\/div>\n\n                <div class=\"application-examples-item-iframe-container browser-frame\">\n                    <div class=\"application-examples-item-iframe-wrapper\">\n                        <iframe class=\"application-examples-item-iframe application-examples-item-iframe-fixed-height\" data-src=\"https:\/\/elfsight.com\/examples?widget_id=c073984c-f199-47f2-9251-261d481b5d83&padding=28px+40px+40px\" width=\"100%\" height=\"500\" allow=\"autoplay; fullscreen\"><\/iframe>\n                    <\/div>\n\n                    <div class=\"application-examples-item-loader\"><\/div>\n                <\/div>\n            <\/div>\n\n<div class=\"application-examples-item application-examples-item-loading\">\n                            <div class=\"col-row\">\n                                <div class=\"col-6 col-m-8 col-s-12\"><h3 class=\"application-examples-item-title\">Przyk\u0142ad 2. Wsparcie<\/h3><div class=\"application-examples-item-description\">Najbardziej odpowiednia decyzja dotycz\u0105ca wsparcia technicznego w Twojej witrynie. Dzi\u0119ki zdj\u0119ciu cz\u0142onka zespo\u0142u wsparcia klient b\u0119dzie mia\u0142 pewno\u015b\u0107, \u017ce b\u0119dzie rozmawia\u0142 z prawdziw\u0105 osob\u0105. Co wi\u0119cej, Twoi odbiorcy b\u0119d\u0105 wiedzie\u0107, ile czasu potrzeba, aby cz\u0142onek zespo\u0142u wsparcia zareagowa\u0142 - podpis pokazuje czas odpowiedzi.<\/div><\/div>\n                <\/div>\n\n                <div class=\"application-examples-item-iframe-container browser-frame\">\n                    <div class=\"application-examples-item-iframe-wrapper\">\n                        <iframe class=\"application-examples-item-iframe application-examples-item-iframe-fixed-height\" data-src=\"https:\/\/elfsight.com\/examples?widget_id=bce8daa5-e456-4961-a848-2b2a07a7f5b7&padding=28px+40px+40px\" width=\"100%\" height=\"500\" allow=\"autoplay; fullscreen\"><\/iframe>\n                    <\/div>\n\n                    <div class=\"application-examples-item-loader\"><\/div>\n                <\/div>\n            <\/div>\n\n<div class=\"application-examples-item application-examples-item-loading\">\n                            <div class=\"col-row\">\n                                <div class=\"col-6 col-m-8 col-s-12\"><h3 class=\"application-examples-item-title\">Przyk\u0142ad 3. Wyprzeda\u017c<\/h3><div class=\"application-examples-item-description\">Tutaj widzimy zauwa\u017calne i atrakcyjne okno czatu: nag\u0142\u00f3wek jest czarny, a przyciski s\u0105 czerwone. Kontrastowe szczeg\u00f3\u0142y pomog\u0105 Ci podj\u0105\u0107 decyzj\u0119, co zwi\u0119kszy sprzeda\u017c. Jak zdoby\u0107 wi\u0119cej lojalnych klient\u00f3w? Wystarczy doda\u0107 zdj\u0119cie mened\u017cera, jego imi\u0119 i nazwisko oraz stanowisko w nag\u0142\u00f3wku klient nie b\u0119dzie mia\u0142 w\u0105tpliwo\u015bci, \u017ce otrzyma prawdziw\u0105 rad\u0119.<\/div><\/div>\n                <\/div>\n\n                <div class=\"application-examples-item-iframe-container browser-frame\">\n                    <div class=\"application-examples-item-iframe-wrapper\">\n                        <iframe class=\"application-examples-item-iframe application-examples-item-iframe-fixed-height\" data-src=\"https:\/\/elfsight.com\/examples?widget_id=a75232d5-b05b-48ff-9b6b-ef6cb31aa761&padding=28px+40px+40px\" width=\"100%\" height=\"500\" allow=\"autoplay; fullscreen\"><\/iframe>\n                    <\/div>\n\n                    <div class=\"application-examples-item-loader\"><\/div>\n                <\/div>\n            <\/div>\n\n<div class=\"application-examples-item application-examples-item-loading\">\n                            <div class=\"col-row\">\n                                <div class=\"col-6 col-m-8 col-s-12\"><h3 class=\"application-examples-item-title\">Przyk\u0142ad 4. Rezerwacja<\/h3><div class=\"application-examples-item-description\">Dobrze znany, schludny styl czatu rezerwacji motywuje odwiedzaj\u0105cych do zadawania tylu pyta\u0144, ile chc\u0105. Wszystkie przyciski komunikatora u\u0142atwiaj\u0105 im natychmiastowe korzystanie z us\u0142ug. Przydatny przycisk Rozpocznij czat jest naprawd\u0119 chwytliwy i mo\u017cna go dostosowa\u0107 do w\u0142asnych potrzeb.<\/div><\/div>\n                <\/div>\n\n                <div class=\"application-examples-item-iframe-container browser-frame\">\n                    <div class=\"application-examples-item-iframe-wrapper\">\n                        <iframe class=\"application-examples-item-iframe application-examples-item-iframe-fixed-height\" data-src=\"https:\/\/elfsight.com\/examples?widget_id=05e6fa7e-ddf4-499b-88fa-e71a0622fa66&padding=28px+40px+40px\" width=\"100%\" height=\"500\" allow=\"autoplay; fullscreen\"><\/iframe>\n                    <\/div>\n\n                    <div class=\"application-examples-item-loader\"><\/div>\n                <\/div>\n            <\/div>\n\n<div class=\"application-examples-item application-examples-item-loading\">\n                            <div class=\"col-row\">\n                                <div class=\"col-6 col-m-8 col-s-12\"><h3 class=\"application-examples-item-title\">Przyk\u0142ad 5. Feedback<\/h3><div class=\"application-examples-item-description\">Uzyskanie opinii klient\u00f3w na temat produkt\u00f3w lub us\u0142ug jest niezwykle wa\u017cne ka\u017cdego w\u0142a\u015bciciela firmy. U\u017cywaj\u0105c pozycje p\u0142ywaj\u0105cego b\u0105belka i jasny design nie przegapisz okazji, aby uzyska\u0107 prawdziw\u0105 ocen\u0119 swojej pracy i wykorzysta\u0107 najbardziej pozytywne recenzje do promocji.<\/div><\/div>\n                <\/div>\n\n                <div class=\"application-examples-item-iframe-container browser-frame\">\n                    <div class=\"application-examples-item-iframe-wrapper\">\n                        <iframe class=\"application-examples-item-iframe application-examples-item-iframe-fixed-height\" data-src=\"https:\/\/elfsight.com\/examples?widget_id=4ae7ff96-ff6a-4c4b-9b6f-9500354c68c4&padding=28px+40px+40px\" width=\"100%\" height=\"500\" allow=\"autoplay; fullscreen\"><\/iframe>\n                    <\/div>\n\n                    <div class=\"application-examples-item-loader\"><\/div>\n                <\/div>\n            <\/div>\n\n<div class=\"application-cta-create\">\n                    <div class=\"application-cta-create-bg\">\n                        <div class=\"application-cta-create-bg-left\"><\/div>\n\n                        <div class=\"application-cta-create-bg-right\">\n                            <img decoding=\"async\" src=\"https:\/\/elfsight.com\/pl\/wp-content\/themes\/elfsight\/frontend\/assets\/img\/application-cta-create.jpg\" alt=\"Zacznij od stworzenia swojego wid\u017cetu\">\n                        <\/div>\n                    <\/div>\n\n                    <div class=\"application-cta-create-content inner\">\n                        <div class=\"application-cta-create-content-inner\">\n                            <div class=\"application-cta-create-content-icon\">\n                                <svg viewBox=\"0 0 25 25\" width=\"100%\" height=\"100%\">\n                                    <use xlink:href=\"#icon-settings\"><\/use>\n                                <\/svg>\n                            <\/div>\n\n                            <div class=\"application-cta-create-content-title\">Zacznij od stworzenia swojego wid\u017cetu<\/div>\n\n                            <div class=\"application-cta-create-content-text\">Szybko. \u0141atwo. Bez kodowania.<\/div>\n\n                            <a class=\"application-cta-create-content-button button-48 button-has-right-icon button-black button\" href=\"\">\n                                <span class=\"button-label\">Utw\u00f3rz wid\u017cet<\/span>\n\n                                <svg class=\"button-icon\">\n                                    <use xlink:href=\"#icon-arrow-link\"><\/use>\n                                <\/svg>\n                            <\/a>\n                        <\/div>\n                    <\/div>\n                <\/div>\n\n<div class=\"application-examples-item application-examples-item-loading\">\n                            <div class=\"col-row\">\n                                <div class=\"col-6 col-m-8 col-s-12\"><h3 class=\"application-examples-item-title\">Przyk\u0142ad 6. Wprowadzanie u\u017cytkownik\u00f3w<\/h3><div class=\"application-examples-item-description\">Jak przyci\u0105gn\u0105\u0107 potencjalnych konsument\u00f3w bez irytuj\u0105cych telefon\u00f3w i pr\u00f3\u015bb? Pom\u00f3\u017c im lepiej Ciebie pozna\u0107 dzi\u0119ki czatowi! Teraz u\u017cytkownicy mog\u0105 \u0142atwo znale\u017a\u0107 potrzebne informacje o Twoich us\u0142ugach lub produktach. Atrakcyjny przycisk Start Chat jest jasnofioletowy - klientowi nie przeocz\u0105 go!<\/div><\/div>\n                <\/div>\n\n                <div class=\"application-examples-item-iframe-container browser-frame\">\n                    <div class=\"application-examples-item-iframe-wrapper\">\n                        <iframe class=\"application-examples-item-iframe application-examples-item-iframe-fixed-height\" data-src=\"https:\/\/elfsight.com\/examples?widget_id=6409c6e6-bd8c-4363-b630-983c90e3c2c1&padding=28px+40px+40px\" width=\"100%\" height=\"550\" allow=\"autoplay; fullscreen\"><\/iframe>\n                    <\/div>\n\n                    <div class=\"application-examples-item-loader\"><\/div>\n                <\/div>\n            <\/div>\n\n\n<div class=\"application-examples-item application-examples-item-loading\">\n                            <div class=\"col-row\">\n                                <div class=\"col-6 col-m-8 col-s-12\"><h3 class=\"application-examples-item-title\">Przyk\u0142ad 7. Doradztwo<\/h3><div class=\"application-examples-item-description\">Here\u2019s a good example client consultation about your offers in the most effective way. A welcome message and bright yellow messenger buttons invite to start the conversation. Grant your users with the service details in considerable and unobtrusive way.<\/div><\/div>\n                <\/div>\n\n                <div class=\"application-examples-item-iframe-container browser-frame\">\n                    <div class=\"application-examples-item-iframe-wrapper\">\n                        <iframe class=\"application-examples-item-iframe application-examples-item-iframe-fixed-height\" data-src=\"https:\/\/elfsight.com\/examples?widget_id=021bbab7-7b08-4e0e-9ec7-5a69f69c9503&padding=28px+40px+40px\" width=\"100%\" height=\"500\" allow=\"autoplay; fullscreen\"><\/iframe>\n                    <\/div>\n\n                    <div class=\"application-examples-item-loader\"><\/div>\n                <\/div>\n            <\/div>\n\n<div class=\"application-examples-item application-examples-item-loading\">\n                            <div class=\"col-row\">\n                                <div class=\"col-6 col-m-8 col-s-12\"><h3 class=\"application-examples-item-title\">Example 8. Embed Chat Button<\/h3><div class=\"application-examples-item-description\">Do you need to embed your chat into the content zone of your site? Pick the Embed Chat Button - a tiny icon will fit with any design and layout. By clicking on it, clients will see chat person\u2019s name and the welcome message.<\/div><\/div>\n                <\/div>\n\n                <div class=\"application-examples-item-iframe-container browser-frame\">\n                    <div class=\"application-examples-item-iframe-wrapper\">\n                        <iframe class=\"application-examples-item-iframe application-examples-item-iframe-fixed-height\" data-src=\"https:\/\/elfsight.com\/examples?widget_id=267c2231-86a2-422e-bb8f-8495be34440c&padding=28px+40px+40px\" width=\"100%\" height=\"500\" allow=\"autoplay; fullscreen\"><\/iframe>\n                    <\/div>\n\n                    <div class=\"application-examples-item-loader\"><\/div>\n                <\/div>\n            <\/div>\n\n<div class=\"application-examples-item application-examples-item-loading\">\n                            <div class=\"col-row\">\n                                <div class=\"col-6 col-m-8 col-s-12\"><h3 class=\"application-examples-item-title\">Example 9. Embed Chat Window<\/h3><div class=\"application-examples-item-description\">You can integrate the widget at any place of the page you've picked. It won\u2019t irritate your customers as they can scroll it. In case they need, users can easily find the chat window and ask all questions they've got.<\/div><\/div>\n                <\/div>\n\n                <div class=\"application-examples-item-iframe-container browser-frame\">\n                    <div class=\"application-examples-item-iframe-wrapper\">\n                        <iframe class=\"application-examples-item-iframe application-examples-item-iframe-fixed-height\" data-src=\"https:\/\/elfsight.com\/examples?widget_id=236a48b0-890c-4ad3-b7e9-0756a8b96f0d&padding=28px+40px+40px\" width=\"100%\" height=\"500\" allow=\"autoplay; fullscreen\"><\/iframe>\n                    <\/div>\n\n                    <div class=\"application-examples-item-loader\"><\/div>\n                <\/div>\n            <\/div>\n","protected":false},"excerpt":{"rendered":"","protected":false},"author":13,"featured_media":0,"parent":1010,"menu_order":0,"comment_status":"closed","ping_status":"closed","template":"templates\/template-application-examples.php","meta":{"publish_to_discourse":"","publish_post_category":"","wpdc_auto_publish_overridden":"","wpdc_topic_tags":"","wpdc_pin_topic":"","wpdc_pin_until":"","discourse_post_id":"","discourse_permalink":"","wpdc_publishing_response":"","wpdc_publishing_error":"","footnotes":""},"class_list":["post-1029","page","type-page","status-publish","hentry"],"yoast_head":"<!-- This site is optimized with the Yoast SEO plugin v25.3.1 - https:\/\/yoast.com\/wordpress\/plugins\/seo\/ -->\n<title>Line Czat - Top 9 przyk\u0142ad\u00f3w | Jak korzysta\u0107 z czatu na swojej stronie www<\/title>\n<meta name=\"description\" content=\"Zobacz, jak Line Chat dzia\u0142a na stronie www. Skorzystaj z naszych przydatnych szablon\u00f3w, aby w kilku klikni\u0119\u0107 doda\u0107 czat na swojej stronie!\" \/>\n<meta name=\"robots\" content=\"index, follow, max-snippet:-1, max-image-preview:large, max-video-preview:-1\" \/>\n<link rel=\"canonical\" href=\"https:\/\/elfsight.com\/pl\/line-chat-widget\/examples\/\" \/>\n<meta property=\"og:locale\" content=\"pl_PL\" \/>\n<meta property=\"og:type\" content=\"article\" \/>\n<meta property=\"og:title\" content=\"Line Czat - Top 9 przyk\u0142ad\u00f3w | Jak korzysta\u0107 z czatu na swojej stronie www\" \/>\n<meta property=\"og:description\" content=\"Zobacz, jak Line Chat dzia\u0142a na stronie www. Skorzystaj z naszych przydatnych szablon\u00f3w, aby w kilku klikni\u0119\u0107 doda\u0107 czat na swojej stronie!\" \/>\n<meta property=\"og:url\" content=\"https:\/\/elfsight.com\/pl\/line-chat-widget\/examples\/\" \/>\n<meta property=\"og:site_name\" content=\"Elfsight PL\" \/>\n<meta property=\"article:modified_time\" content=\"2020-12-18T11:51:40+00:00\" \/>\n<meta name=\"twitter:card\" content=\"summary_large_image\" \/>\n<meta name=\"twitter:label1\" content=\"Szacowany czas czytania\" \/>\n\t<meta name=\"twitter:data1\" content=\"4 minuty\" \/>\n<!-- \/ Yoast SEO plugin. -->","yoast_head_json":{"title":"Line Czat - Top 9 przyk\u0142ad\u00f3w | Jak korzysta\u0107 z czatu na swojej stronie www","description":"Zobacz, jak Line Chat dzia\u0142a na stronie www. Skorzystaj z naszych przydatnych szablon\u00f3w, aby w kilku klikni\u0119\u0107 doda\u0107 czat na swojej stronie!","robots":{"index":"index","follow":"follow","max-snippet":"max-snippet:-1","max-image-preview":"max-image-preview:large","max-video-preview":"max-video-preview:-1"},"canonical":"https:\/\/elfsight.com\/pl\/line-chat-widget\/examples\/","og_locale":"pl_PL","og_type":"article","og_title":"Line Czat - Top 9 przyk\u0142ad\u00f3w | Jak korzysta\u0107 z czatu na swojej stronie www","og_description":"Zobacz, jak Line Chat dzia\u0142a na stronie www. Skorzystaj z naszych przydatnych szablon\u00f3w, aby w kilku klikni\u0119\u0107 doda\u0107 czat na swojej stronie!","og_url":"https:\/\/elfsight.com\/pl\/line-chat-widget\/examples\/","og_site_name":"Elfsight PL","article_modified_time":"2020-12-18T11:51:40+00:00","twitter_card":"summary_large_image","twitter_misc":{"Szacowany czas czytania":"4 minuty"},"schema":{"@context":"https:\/\/schema.org","@graph":[{"@type":"WebPage","@id":"https:\/\/elfsight.com\/pl\/line-chat-widget\/examples\/","url":"https:\/\/elfsight.com\/pl\/line-chat-widget\/examples\/","name":"Line Czat - Top 9 przyk\u0142ad\u00f3w | Jak korzysta\u0107 z czatu na swojej stronie www","isPartOf":{"@id":"https:\/\/elfsight.com\/pl\/#website"},"datePublished":"2020-12-18T10:21:35+00:00","dateModified":"2020-12-18T11:51:40+00:00","description":"Zobacz, jak Line Chat dzia\u0142a na stronie www. Skorzystaj z naszych przydatnych szablon\u00f3w, aby w kilku klikni\u0119\u0107 doda\u0107 czat na swojej stronie!","breadcrumb":{"@id":"https:\/\/elfsight.com\/pl\/line-chat-widget\/examples\/#breadcrumb"},"inLanguage":"pl-PL","potentialAction":[{"@type":"ReadAction","target":["https:\/\/elfsight.com\/pl\/line-chat-widget\/examples\/"]}]},{"@type":"BreadcrumbList","@id":"https:\/\/elfsight.com\/pl\/line-chat-widget\/examples\/#breadcrumb","itemListElement":[{"@type":"ListItem","position":1,"name":"Home","item":"https:\/\/elfsight.com\/pl\/"},{"@type":"ListItem","position":2,"name":"Line Chat","item":"https:\/\/elfsight.com\/pl\/line-chat-widget\/"},{"@type":"ListItem","position":3,"name":"Line Chat &#8211; Examples"}]},{"@type":"WebSite","@id":"https:\/\/elfsight.com\/pl\/#website","url":"https:\/\/elfsight.com\/pl\/","name":"Elfsight PL","description":"Just another Elfsight Sites site","potentialAction":[{"@type":"SearchAction","target":{"@type":"EntryPoint","urlTemplate":"https:\/\/elfsight.com\/pl\/?s={search_term_string}"},"query-input":{"@type":"PropertyValueSpecification","valueRequired":true,"valueName":"search_term_string"}}],"inLanguage":"pl-PL"}]}},"meta_box":{"industry":"","seo_heading":"","heading":"","description":"","cta_heading":"","cta_description":"","application":"1007","h1":"","h1_caption":"","application_category":[],"applications_title":"","applications_request_title":"","applications_request_button_text":"","hero_text":"","hero_video":"","hero_video_schema_markup":"","selling_points_title":"","selling_points_caption":"","selling_points":[],"selling_points_cta_text":"","features_title":"","features":"","ed_cta_examples_text":"","ed_cta_examples_hidden":"","ed_cta_demo_text":"","ed_cta_demo_hidden":"","why_caption":"","why_editor_title":"","why_editor_text":"","why_team_title":"","why_team_text":"","why_service_title":"","why_service_text":"","template_catalog_visible":"","template_catalog_title":"","template_catalog_text":"","template_catalog_categories_visible":"","demo_title":"","demo_caption":"","default_faq_hidden":"","app_template_category":[],"platform":"","template_public_id":"","codecanyon_url":"","codecanyon_item_id":"","codecanyon_price":"","pricing_caption":"","pricing_elfsight_apps_hide_column":"","pricing_elfsight_apps_url":"","pricing_codecanyon_price_caption":"","integration_category":[],"integration_request_title":"","integration_request_cta":"","integration_platform":"","integrations":[],"platform_category":[],"video_schema_markup":"","price":"","trial":"","benefits":[],"button_url":"","button_target_blank":"","button_nofollow":"","attributes":[],"tags":[],"tags_disable_links":"","hide_more_platforms":"","video_object":"","demo_hide_cta":"","demo_hide_cloud_options":"","pricing_title":"","pricing":[],"related_apps_title":"","related_apps_hidden":"","author":"","image":[],"title":"","job":"","social_networks":[]},"_links":{"self":[{"href":"https:\/\/elfsight.com\/pl\/wp-json\/wp\/v2\/pages\/1029","targetHints":{"allow":["GET"]}}],"collection":[{"href":"https:\/\/elfsight.com\/pl\/wp-json\/wp\/v2\/pages"}],"about":[{"href":"https:\/\/elfsight.com\/pl\/wp-json\/wp\/v2\/types\/page"}],"author":[{"embeddable":true,"href":"https:\/\/elfsight.com\/pl\/wp-json\/wp\/v2\/users\/13"}],"replies":[{"embeddable":true,"href":"https:\/\/elfsight.com\/pl\/wp-json\/wp\/v2\/comments?post=1029"}],"version-history":[{"count":7,"href":"https:\/\/elfsight.com\/pl\/wp-json\/wp\/v2\/pages\/1029\/revisions"}],"predecessor-version":[{"id":1036,"href":"https:\/\/elfsight.com\/pl\/wp-json\/wp\/v2\/pages\/1029\/revisions\/1036"}],"up":[{"embeddable":true,"href":"https:\/\/elfsight.com\/pl\/wp-json\/wp\/v2\/pages\/1010"}],"wp:attachment":[{"href":"https:\/\/elfsight.com\/pl\/wp-json\/wp\/v2\/media?parent=1029"}],"curies":[{"name":"wp","href":"https:\/\/api.w.org\/{rel}","templated":true}]}}