{"id":10111,"date":"2025-06-18T09:31:14","date_gmt":"2025-06-18T09:31:14","guid":{"rendered":"https:\/\/elfsight.com\/pl\/?page_id=10111"},"modified":"2025-06-18T09:31:15","modified_gmt":"2025-06-18T09:31:15","slug":"opencart","status":"publish","type":"page","link":"https:\/\/elfsight.com\/pl\/timeline-widget\/opencart\/","title":{"rendered":"Timeline &#8211; OpenCart"},"content":{"rendered":"<div class=\"application-platform-content-item-description application-platform-content-item\" id=\"description\" data-nav-section=\"description\">\n\n<h2>Rozszerzenie Osi Czasu dla OpenCart<\/h2> <p>Wzboga\u0107 swoj\u0105 stron\u0119 OpenCart o wci\u0105gaj\u0105c\u0105 i konfigurowaln\u0105 interaktywn\u0105 o\u015b czasu. Niezale\u017cnie od tego, czy chcesz zaprezentowa\u0107 histori\u0119 swojej firmy, podkre\u015bli\u0107 rozw\u00f3j produktu, czy \u015bledzi\u0107 kamienie milowe projektu, wid\u017cet Osi Czasu Elfsight dla OpenCart sprawia, \u017ce stworzenie osza\u0142amiaj\u0105cej, responsywnej osi czasu jest proste. Bez konieczno\u015bci kodowania, mo\u017cesz \u0142atwo zbudowa\u0107 wizualn\u0105 map\u0119 drogow\u0105, kt\u00f3ra urzeka odwiedzaj\u0105cych i utrzymuje ich zaanga\u017cowanie.<\/p> <ul> <li><b>Tw\u00f3rz interaktywne osie czasu bez kodu<\/b><br> Zaprojektuj i dostosuj swoj\u0105 o\u015b czasu w ci\u0105gu kilku minut bez \u017cadnych umiej\u0119tno\u015bci programowania. Uruchom swoj\u0105 interaktywn\u0105 o\u015b czasu natychmiast i zaanga\u017cuj swoj\u0105 publiczno\u015b\u0107 przy minimalnym wysi\u0142ku.<\/li> <li><b>Zaawansowane opcje dostosowywania<\/b><br> Spersonalizuj uk\u0142ad, kolory, czcionki i wiele wi\u0119cej swojej osi czasu, aby dopasowa\u0107 je do stylu i brandingu Twojej witryny.<\/li> <li><b>Prosty proces osadzania<\/b><br> \u0141atwo dodaj swoj\u0105 dostosowan\u0105 o\u015b czasu do swojej witryny OpenCart za pomoc\u0105 prostego kodu HTML \u2013 nie jest wymagane \u017cadne do\u015bwiadczenie techniczne.<\/li> <li><b>Responsywne wsparcie klienta<\/b><br> Nasz dedykowany zesp\u00f3\u0142 wsparcia jest zawsze gotowy do pomocy w konfiguracji i rozwi\u0105zywaniu problem\u00f3w, zapewniaj\u0105c, \u017ce Twoja o\u015b czasu dzia\u0142a idealnie na Twojej stronie.<\/li> <\/ul> <p><b>Wypr\u00f3buj wid\u017cet Osi Czasu Elfsight, aby stworzy\u0107 interaktywne, atrakcyjne wizualnie do\u015bwiadczenie dla swoich odwiedzaj\u0105cych!<\/b><\/p> <\/div>\n<div class=\"application-platform-content-item-features application-platform-content-item\" id=\"features\" data-nav-section=\"features\">\n\n<h2>Co mo\u017cesz zrobi\u0107 z Osi\u0105 Czasu OpenCart<\/h2> <ul> <li><strong>Wizualnie zaanga\u017cuj swoich odwiedzaj\u0105cych<\/strong><br> Przedstaw swoje kamienie milowe, osi\u0105gni\u0119cia i wydarzenia w dynamicznym, wizualnym formacie. O\u015b czasu to interaktywny spos\u00f3b na urzeczenie publiczno\u015bci i zainspirowanie jej do eksplorowania wi\u0119kszej cz\u0119\u015bci Twoich tre\u015bci.<\/li> <li><strong>\u015aled\u017a post\u0119py i kluczowe wydarzenia<\/strong><br> Wy\u015bwietl post\u0119py Twojej firmy, kluczowe wydarzenia lub kamienie milowe projektu w przejrzystym, chronologicznym formacie. Ta o\u015b czasu pomaga odwiedzaj\u0105cym \u015bledzi\u0107 Twoj\u0105 podr\u00f3\u017c i by\u0107 na bie\u017c\u0105co z rozwojem Twojej firmy.<\/li> <li><strong>Podkre\u015bl wa\u017cne kamienie milowe<\/strong><br> Zaprezentuj swoje najwa\u017cniejsze osi\u0105gni\u0119cia w przejrzystym, \u0142atwym do \u015bledzenia uk\u0142adzie, kt\u00f3ry przyci\u0105ga uwag\u0119 i zach\u0119ca odwiedzaj\u0105cych do interakcji z Twoimi tre\u015bciami.<\/li> <\/ul> <p><a href=\"#demo\">Zapoznaj si\u0119 z edytorem, aby zobaczy\u0107 wszystkie funkcje wid\u017cetu Osi Czasu.<\/a><\/p> <\/div>\n<div class=\"application-platform-content-item-installation application-platform-content-item\" id=\"installation\" data-nav-section=\"installation\">\n\n<h2>Jak osadzi\u0107 o\u015b czasu w OpenCart<\/h2> <p>Dodanie rozszerzenia Osi Czasu do Twojej witryny OpenCart jest \u0142atwe i nie wymaga znajomo\u015bci kodowania. Wykonaj te proste kroki:<\/p> <ol> <li><b>Stw\u00f3rz swoj\u0105 niestandardow\u0105 O\u015b Czasu OpenCart<\/b><br> Rozpocznij od wybrania szablonu z naszego edytora. Dostosuj go, zmieniaj\u0105c uk\u0142ad, dodaj\u0105c kamienie milowe i dopasowuj\u0105c projekt do wygl\u0105du Twojej witryny.<\/li> <li><b>Uzyskaj sw\u00f3j unikalny kod osadzania<\/b><br> Po zako\u0144czeniu dostosowywania osi czasu otrzymasz unikalny kod HTML. Skopiuj ten kod do u\u017cycia na swojej stronie internetowej.<\/li> <li><b>Osad\u017a kod w swojej witrynie OpenCart<\/b><br> Wklej kod HTML w odpowiedniej sekcji swojej strony OpenCart. Zapisz zmiany, a Twoja interaktywna o\u015b czasu b\u0119dzie dost\u0119pna na Twojej stronie!<\/li> <li><b>Ciesz si\u0119 now\u0105 interaktywn\u0105 osi\u0105 czasu!<\/b><br> Odwied\u017a swoj\u0105 witryn\u0119, aby zobaczy\u0107 o\u015b czasu w akcji i zacz\u0105\u0107 anga\u017cowa\u0107 odwiedzaj\u0105cych interaktywnym i atrakcyjnym wizualnie do\u015bwiadczeniem.<\/li> <\/ol> <p>Aby uzyska\u0107 bardziej szczeg\u00f3\u0142owe instrukcje, zapoznaj si\u0119 z naszym przewodnikiem <a href=\"https:\/\/elfsight.com\/blog\/how-to-embed-timeline-to-website\/\" target=\"_blank\" rel=\"noopener\">jak doda\u0107 o\u015b czasu do swojej witryny<\/a>.<\/p> <\/div>\n<div class=\"faq\" data-component=\"FAQ\">\n<div class=\"faq-item\">\r\n\t\t\t\t\t<div class=\"faq-item-question\">\r\n\t\t\t\t\t\t<h3 class=\"faq-item-question-text\">Czy rozszerzenie Osi Czasu dla OpenCart jest darmowe?<\/h3>\r\n\r\n\t\t\t\t\t\t<div class=\"faq-item-question-icon\"><\/div>\r\n\t\t\t\t\t<\/div>\r\n\r\n\t\t\t\t\t<div class=\"faq-item-answer\">\r\n\t\t\t\t\t\t<div class=\"faq-item-answer-text\">\nTak, Elfsight oferuje model subskrypcji z darmowym planem, kt\u00f3ry obejmuje podstawowe funkcje wid\u017cetu Osi Czasu. Mo\u017cesz uaktualni\u0107 do p\u0142atnych plan\u00f3w, aby uzyska\u0107 bardziej zaawansowane opcje dostosowywania.\n<\/div>\r\n\t\t\t\t\t<\/div>\r\n\t\t\t\t<\/div>\n\n<div class=\"faq-item\">\r\n\t\t\t\t\t<div class=\"faq-item-question\">\r\n\t\t\t\t\t\t<h3 class=\"faq-item-question-text\">Czy potrzebuj\u0119 umiej\u0119tno\u015bci kodowania, aby u\u017cywa\u0107 wid\u017cetu Osi Czasu dla OpenCart?<\/h3>\r\n\r\n\t\t\t\t\t\t<div class=\"faq-item-question-icon\"><\/div>\r\n\t\t\t\t\t<\/div>\r\n\r\n\t\t\t\t\t<div class=\"faq-item-answer\">\r\n\t\t\t\t\t\t<div class=\"faq-item-answer-text\">\nNie, kreator Osi Czasu Elfsight dla OpenCart nie wymaga znajomo\u015bci kodowania. Po prostu u\u017cyj naszego intuicyjnego edytora, aby stworzy\u0107 i dostosowa\u0107 swoj\u0105 o\u015b czasu.\n<\/div>\r\n\t\t\t\t\t<\/div>\r\n\t\t\t\t<\/div>\n\n<div class=\"faq-item\">\r\n\t\t\t\t\t<div class=\"faq-item-question\">\r\n\t\t\t\t\t\t<h3 class=\"faq-item-question-text\">Jak mog\u0119 stworzy\u0107 interaktywn\u0105 o\u015b czasu dla OpenCart?<\/h3>\r\n\r\n\t\t\t\t\t\t<div class=\"faq-item-question-icon\"><\/div>\r\n\t\t\t\t\t<\/div>\r\n\r\n\t\t\t\t\t<div class=\"faq-item-answer\">\r\n\t\t\t\t\t\t<div class=\"faq-item-answer-text\">\nWybierz szablon z edytora, dostosuj go do swoich potrzeb i osad\u017a wygenerowany kod HTML w swojej witrynie OpenCart.\n<\/div>\r\n\t\t\t\t\t<\/div>\r\n\t\t\t\t<\/div>\n\n<div class=\"faq-item\">\r\n\t\t\t\t\t<div class=\"faq-item-question\">\r\n\t\t\t\t\t\t<h3 class=\"faq-item-question-text\">Jakie typy osi czasu mog\u0119 stworzy\u0107 dla OpenCart?<\/h3>\r\n\r\n\t\t\t\t\t\t<div class=\"faq-item-question-icon\"><\/div>\r\n\t\t\t\t\t<\/div>\r\n\r\n\t\t\t\t\t<div class=\"faq-item-answer\">\r\n\t\t\t\t\t\t<div class=\"faq-item-answer-text\">\nMo\u017cesz tworzy\u0107 r\u00f3\u017cne typy osi czasu, takie jak:\n\n<ul> <li><strong>Historia firmy<\/strong>: Prezentuj rozw\u00f3j i osi\u0105gni\u0119cia Twojej firmy na przestrzeni czasu.<\/li> <li><strong>Rozw\u00f3j produktu<\/strong>: \u015aled\u017a drog\u0119 Twojego produktu od koncepcji do wydania.<\/li> <li><strong>O\u015b czasu projektu<\/strong>: Wy\u015bwietlaj r\u00f3\u017cne etapy swoich projekt\u00f3w lub kampanii.<\/li> <li><strong>Harmonogramy wydarze\u0144<\/strong>: Prezentuj osie czasu dla wydarze\u0144, premier produkt\u00f3w lub konferencji.<\/li> <\/ul> <\/div>\r\n\t\t\t\t\t<\/div>\r\n\t\t\t\t<\/div> <\/div>","protected":false},"excerpt":{"rendered":"","protected":false},"author":9,"featured_media":0,"parent":9819,"menu_order":0,"comment_status":"closed","ping_status":"closed","template":"templates\/template-application-platform.php","meta":{"publish_to_discourse":"","publish_post_category":"","wpdc_auto_publish_overridden":"","wpdc_topic_tags":"","wpdc_pin_topic":"","wpdc_pin_until":"","discourse_post_id":"","discourse_permalink":"","wpdc_publishing_response":"","wpdc_publishing_error":"","footnotes":""},"class_list":["post-10111","page","type-page","status-publish","hentry"],"yoast_head":"<!-- This site is optimized with the Yoast SEO plugin v25.3.1 - https:\/\/yoast.com\/wordpress\/plugins\/seo\/ -->\n<title>O\u015b czasu OpenCart \u2013 utw\u00f3rz lini\u0119 historii dla witryny internetowej [BEZP\u0141ATNIE]<\/title>\n<meta name=\"description\" content=\"Dodaj niestandardow\u0105 o\u015b czasu do swojego sklepu OpenCart. Wy\u015bwietlaj najwa\u017cniejsze kamienie milowe produkt\u00f3w, osi\u0105gni\u0119cia firmy lub wydarzenia za pomoc\u0105 konfigurowalnego wid\u017cetu Osi czasu niewymagaj\u0105cego kodu.\" \/>\n<meta name=\"robots\" content=\"index, follow, max-snippet:-1, max-image-preview:large, max-video-preview:-1\" \/>\n<link rel=\"canonical\" href=\"https:\/\/elfsight.com\/pl\/timeline-widget\/opencart\/\" \/>\n<meta property=\"og:locale\" content=\"pl_PL\" \/>\n<meta property=\"og:type\" content=\"article\" \/>\n<meta property=\"og:title\" content=\"O\u015b czasu OpenCart \u2013 utw\u00f3rz lini\u0119 historii dla witryny internetowej [BEZP\u0141ATNIE]\" \/>\n<meta property=\"og:description\" content=\"Dodaj niestandardow\u0105 o\u015b czasu do swojego sklepu OpenCart. Wy\u015bwietlaj najwa\u017cniejsze kamienie milowe produkt\u00f3w, osi\u0105gni\u0119cia firmy lub wydarzenia za pomoc\u0105 konfigurowalnego wid\u017cetu Osi czasu niewymagaj\u0105cego kodu.\" \/>\n<meta property=\"og:url\" content=\"https:\/\/elfsight.com\/pl\/timeline-widget\/opencart\/\" \/>\n<meta property=\"og:site_name\" content=\"Elfsight PL\" \/>\n<meta property=\"article:modified_time\" content=\"2025-06-18T09:31:15+00:00\" \/>\n<meta name=\"twitter:card\" content=\"summary_large_image\" \/>\n<meta name=\"twitter:label1\" content=\"Szacowany czas czytania\" \/>\n\t<meta name=\"twitter:data1\" content=\"4 minuty\" \/>\n<!-- \/ Yoast SEO plugin. -->","yoast_head_json":{"title":"O\u015b czasu OpenCart \u2013 utw\u00f3rz lini\u0119 historii dla witryny internetowej [BEZP\u0141ATNIE]","description":"Dodaj niestandardow\u0105 o\u015b czasu do swojego sklepu OpenCart. Wy\u015bwietlaj najwa\u017cniejsze kamienie milowe produkt\u00f3w, osi\u0105gni\u0119cia firmy lub wydarzenia za pomoc\u0105 konfigurowalnego wid\u017cetu Osi czasu niewymagaj\u0105cego kodu.","robots":{"index":"index","follow":"follow","max-snippet":"max-snippet:-1","max-image-preview":"max-image-preview:large","max-video-preview":"max-video-preview:-1"},"canonical":"https:\/\/elfsight.com\/pl\/timeline-widget\/opencart\/","og_locale":"pl_PL","og_type":"article","og_title":"O\u015b czasu OpenCart \u2013 utw\u00f3rz lini\u0119 historii dla witryny internetowej [BEZP\u0141ATNIE]","og_description":"Dodaj niestandardow\u0105 o\u015b czasu do swojego sklepu OpenCart. Wy\u015bwietlaj najwa\u017cniejsze kamienie milowe produkt\u00f3w, osi\u0105gni\u0119cia firmy lub wydarzenia za pomoc\u0105 konfigurowalnego wid\u017cetu Osi czasu niewymagaj\u0105cego kodu.","og_url":"https:\/\/elfsight.com\/pl\/timeline-widget\/opencart\/","og_site_name":"Elfsight PL","article_modified_time":"2025-06-18T09:31:15+00:00","twitter_card":"summary_large_image","twitter_misc":{"Szacowany czas czytania":"4 minuty"},"schema":{"@context":"https:\/\/schema.org","@graph":[{"@type":"WebPage","@id":"https:\/\/elfsight.com\/pl\/timeline-widget\/opencart\/","url":"https:\/\/elfsight.com\/pl\/timeline-widget\/opencart\/","name":"O\u015b czasu OpenCart \u2013 utw\u00f3rz lini\u0119 historii dla witryny internetowej [BEZP\u0141ATNIE]","isPartOf":{"@id":"https:\/\/elfsight.com\/pl\/#website"},"datePublished":"2025-06-18T09:31:14+00:00","dateModified":"2025-06-18T09:31:15+00:00","description":"Dodaj niestandardow\u0105 o\u015b czasu do swojego sklepu OpenCart. Wy\u015bwietlaj najwa\u017cniejsze kamienie milowe produkt\u00f3w, osi\u0105gni\u0119cia firmy lub wydarzenia za pomoc\u0105 konfigurowalnego wid\u017cetu Osi czasu niewymagaj\u0105cego kodu.","breadcrumb":{"@id":"https:\/\/elfsight.com\/pl\/timeline-widget\/opencart\/#breadcrumb"},"inLanguage":"pl-PL","potentialAction":[{"@type":"ReadAction","target":["https:\/\/elfsight.com\/pl\/timeline-widget\/opencart\/"]}]},{"@type":"BreadcrumbList","@id":"https:\/\/elfsight.com\/pl\/timeline-widget\/opencart\/#breadcrumb","itemListElement":[{"@type":"ListItem","position":1,"name":"Home","item":"https:\/\/elfsight.com\/pl\/"},{"@type":"ListItem","position":2,"name":"Timeline","item":"https:\/\/elfsight.com\/pl\/timeline-widget\/"},{"@type":"ListItem","position":3,"name":"Timeline &#8211; OpenCart"}]},{"@type":"WebSite","@id":"https:\/\/elfsight.com\/pl\/#website","url":"https:\/\/elfsight.com\/pl\/","name":"Elfsight PL","description":"Just another Elfsight Sites site","potentialAction":[{"@type":"SearchAction","target":{"@type":"EntryPoint","urlTemplate":"https:\/\/elfsight.com\/pl\/?s={search_term_string}"},"query-input":{"@type":"PropertyValueSpecification","valueRequired":true,"valueName":"search_term_string"}}],"inLanguage":"pl-PL"}]}},"meta_box":{"industry":"","seo_heading":"","heading":"","description":"","cta_heading":"","cta_description":"","application":"9818","h1":"Dodatek osi czasu dla OpenCart","h1_caption":"Zaprezentuj wci\u0105gaj\u0105c\u0105 chronologi\u0119 osi\u0105gni\u0119\u0107, aby odkry\u0107 swoj\u0105 narracj\u0119, kamienie milowe post\u0119pu lub wydarzenia za pomoc\u0105 interaktywnej osi czasu na swojej stronie OpenCart.","application_category":[],"applications_title":"","applications_request_title":"","applications_request_button_text":"","hero_text":"","hero_video":"","hero_video_schema_markup":"","selling_points_title":"","selling_points_caption":"","selling_points":[],"selling_points_cta_text":"","features_title":"","features":"","ed_cta_examples_text":"","ed_cta_examples_hidden":"","ed_cta_demo_text":"","ed_cta_demo_hidden":"","why_caption":"","why_editor_title":"","why_editor_text":"","why_team_title":"","why_team_text":"","why_service_title":"","why_service_text":"","template_catalog_visible":"0","template_catalog_title":"","template_catalog_text":"","template_catalog_categories_visible":"","demo_title":"Utw\u00f3rz dodatek do osi czasu OpenCart","demo_caption":"Dostosuj o\u015b czasu i z \u0142atwo\u015bci\u0105 dodaj j\u0105 do swojej witryny!","default_faq_hidden":"","app_template_category":[],"platform":"107","template_public_id":"","codecanyon_url":"","codecanyon_item_id":"","codecanyon_price":"","pricing_caption":"","pricing_elfsight_apps_hide_column":"","pricing_elfsight_apps_url":"","pricing_codecanyon_price_caption":"","integration_category":[],"integration_request_title":"","integration_request_cta":"","integration_platform":"","integrations":[],"platform_category":[],"video_schema_markup":"","price":"od 0 USD \/ miesi\u0105c","trial":"","benefits":[],"button_url":"#demo","button_target_blank":"0","button_nofollow":"0","attributes":[{"name":"Instaluje","content":"50,000 - 100,000","_state":"expanded"},{"name":"Czu\u0142y","content":"Tak","_state":"expanded"},{"name":"Kompatybilne przegl\u0105darki","content":"Firefox, Safari, Opera, Chrome, Edge","_state":"expanded"}],"tags":[],"tags_disable_links":"0","hide_more_platforms":"0","video_object":"","demo_hide_cta":"0","demo_hide_cloud_options":"0","pricing_title":"","pricing":[{"pricing_icon":"platform","pricing_title":"Elfsight Apps","pricing_title_caption":"Oprogramowanie wieloplatformowe, kt\u00f3re pasuje do ka\u017cdej witryny","pricing_price":"od 0 USD \/ miesi\u0105c","pricing_price_caption":"zacznij od darmowego planu","pricing_button_text":"Dodaj do witryny","pricing_button_url":"#demo"}],"related_apps_title":"","related_apps_hidden":"0","author":"","image":[],"title":"","job":"","social_networks":[]},"_links":{"self":[{"href":"https:\/\/elfsight.com\/pl\/wp-json\/wp\/v2\/pages\/10111","targetHints":{"allow":["GET"]}}],"collection":[{"href":"https:\/\/elfsight.com\/pl\/wp-json\/wp\/v2\/pages"}],"about":[{"href":"https:\/\/elfsight.com\/pl\/wp-json\/wp\/v2\/types\/page"}],"author":[{"embeddable":true,"href":"https:\/\/elfsight.com\/pl\/wp-json\/wp\/v2\/users\/9"}],"replies":[{"embeddable":true,"href":"https:\/\/elfsight.com\/pl\/wp-json\/wp\/v2\/comments?post=10111"}],"version-history":[{"count":2,"href":"https:\/\/elfsight.com\/pl\/wp-json\/wp\/v2\/pages\/10111\/revisions"}],"predecessor-version":[{"id":10113,"href":"https:\/\/elfsight.com\/pl\/wp-json\/wp\/v2\/pages\/10111\/revisions\/10113"}],"up":[{"embeddable":true,"href":"https:\/\/elfsight.com\/pl\/wp-json\/wp\/v2\/pages\/9819"}],"wp:attachment":[{"href":"https:\/\/elfsight.com\/pl\/wp-json\/wp\/v2\/media?parent=10111"}],"curies":[{"name":"wp","href":"https:\/\/api.w.org\/{rel}","templated":true}]}}