{"id":10108,"date":"2025-06-17T15:56:50","date_gmt":"2025-06-17T15:56:50","guid":{"rendered":"https:\/\/elfsight.com\/pl\/?page_id=10108"},"modified":"2025-06-17T15:56:52","modified_gmt":"2025-06-17T15:56:52","slug":"weebly","status":"publish","type":"page","link":"https:\/\/elfsight.com\/pl\/timeline-widget\/weebly\/","title":{"rendered":"Timeline &#8211; Weebly"},"content":{"rendered":"<div class=\"application-platform-content-item-description application-platform-content-item\" id=\"description\" data-nav-section=\"description\">\n\n<h2>Aplikacja O\u015b czasu Weebly<\/h2> <p>Przekszta\u0142\u0107 swoj\u0105 stron\u0119 internetow\u0105 Weebly w dynamiczne i anga\u017cuj\u0105ce do\u015bwiadczenie dzi\u0119ki aplikacji O\u015b czasu Elfsight. To interaktywne, konfigurowalne narz\u0119dzie pozwala \u0142atwo wy\u015bwietla\u0107 kamienie milowe, wydarzenia lub post\u0119py projektu w atrakcyjny wizualnie spos\u00f3b. Bez wymaganych umiej\u0119tno\u015bci kodowania, mo\u017cesz szybko zaprojektowa\u0107 i osadzi\u0107 unikaln\u0105 o\u015b czasu, kt\u00f3ra idealnie pasuje do stylu i cel\u00f3w Twojej witryny.<\/p> <ul> <li><b>Tw\u00f3rz interaktywne osie czasu bez kodu<\/b><br> Zaprojektuj w pe\u0142ni funkcjonaln\u0105, interaktywn\u0105 o\u015b czasu w kilka minut, bez \u017cadnych umiej\u0119tno\u015bci programowania. Natychmiast zaanga\u017cuj swoich odwiedzaj\u0105cych swoj\u0105 histori\u0105 lub post\u0119pami.<\/li> <li><b>Zaawansowane opcje dostosowywania<\/b><br> Spersonalizuj swoj\u0105 o\u015b czasu za pomoc\u0105 r\u00f3\u017cnych szablon\u00f3w, kolor\u00f3w, czcionek i ustawie\u0144. Bez wysi\u0142ku dopasuj j\u0105 do brandingu i projektu swojej witryny.<\/li> <li><b>P\u0142ynny proces osadzania<\/b><br> Osad\u017a swoj\u0105 niestandardow\u0105 o\u015b czasu w witrynie Weebly za pomoc\u0105 prostego kodu HTML \u2014 bezproblemowo, bez wyzwa\u0144 technicznych.<\/li> <li><b>Responsywna obs\u0142uga klienta<\/b><br> Nasz dedykowany zesp\u00f3\u0142 wsparcia jest zawsze dost\u0119pny, aby pom\u00f3c w konfiguracji, zapewniaj\u0105c bezb\u0142\u0119dne dzia\u0142anie osi czasu na Twojej stronie.<\/li> <\/ul> <p><b>Przetestuj wid\u017cet O\u015b czasu Elfsight ju\u017c dzi\u015b, aby zaanga\u017cowa\u0107 odwiedzaj\u0105cych i zaprezentowa\u0107 swoje kamienie milowe w kreatywny, dynamiczny spos\u00f3b!<\/b><\/p> <\/div>\n<div class=\"application-platform-content-item-features application-platform-content-item\" id=\"features\" data-nav-section=\"features\">\n\n<h2>Co mo\u017cesz zrobi\u0107 z Osi\u0105 czasu Weebly<\/h2> <ul> <li><strong>Anga\u017cuj odwiedzaj\u0105cych wizualnie<\/strong><br> Prezentuj swoje kamienie milowe, wydarzenia lub etapy projektu w dynamicznym, interaktywnym formacie, kt\u00f3ry urzeka odwiedzaj\u0105cych i zach\u0119ca ich do dalszego odkrywania.<\/li> <li><strong>Prezentuj kamienie milowe i post\u0119py<\/strong><br> Wy\u015bwietlaj swoje osi\u0105gni\u0119cia lub \u015bled\u017a etapy swoich projekt\u00f3w w \u0142atwej do \u015bledzenia, chronologicznej kolejno\u015bci, utrzymuj\u0105c zaanga\u017cowanie i informowanie odwiedzaj\u0105cych.<\/li> <li><strong>Wyr\u00f3\u017cnij kluczowe momenty<\/strong><br> Podkre\u015bl wa\u017cne kamienie milowe lub kluczowe wydarzenia. Spraw, aby Twoje historie sukcesu wyr\u00f3\u017cnia\u0142y si\u0119 w atrakcyjnym wizualnie i \u0142atwym do przyswojenia formacie.<\/li> <\/ul> <p><a href=\"#demo\">Wypr\u00f3buj edytor, aby zobaczy\u0107 wszystkie funkcje aplikacji O\u015b czasu w akcji.<\/a><\/p> <\/div>\n<div class=\"application-platform-content-item-installation application-platform-content-item\" id=\"installation\" data-nav-section=\"installation\">\n\n<h2>Jak osadzi\u0107 o\u015b czasu w Weebly<\/h2> <p>Dodanie aplikacji O\u015b czasu do Twojej witryny Weebly jest szybkie i proste. Po prostu wykonaj nast\u0119puj\u0105ce kroki:<\/p> <ol> <li><b>Stw\u00f3rz swoj\u0105 niestandardow\u0105 o\u015b czasu Weebly<\/b><br> Wybierz szablon z naszego edytora i dostosuj go do swoich potrzeb. Zmodyfikuj uk\u0142ad, dodaj kamienie milowe i dostosuj projekt, aby pasowa\u0142 do stylu Twojej witryny.<\/li> <li><b>Pobierz sw\u00f3j unikalny kod do osadzenia<\/b><br> Gdy o\u015b czasu b\u0119dzie gotowa, skopiuj kod osadzania HTML dostarczony przez nasz edytor.<\/li> <li><b>Osad\u017a kod w swojej witrynie Weebly<\/b><br> Wklej kod osadzania w odpowiedni\u0105 sekcj\u0119 swojej strony Weebly i zapisz zmiany. Twoja interaktywna o\u015b czasu b\u0119dzie aktywna!<\/li> <li><b>Ciesz si\u0119 swoj\u0105 now\u0105 interaktywn\u0105 osi\u0105 czasu!<\/b><br> Odwied\u017a swoj\u0105 stron\u0119 internetow\u0105, aby zobaczy\u0107 o\u015b czasu w akcji i zaanga\u017cuj odwiedzaj\u0105cych w wizualnie atrakcyjne i interaktywne do\u015bwiadczenie.<\/li> <\/ol> <p>Aby uzyska\u0107 bardziej szczeg\u00f3\u0142owe instrukcje, zapoznaj si\u0119 z naszym przewodnikiem na temat <a href=\"https:\/\/elfsight.com\/blog\/how-to-embed-timeline-to-website\/\" target=\"_blank\" rel=\"noopener\">jak doda\u0107 o\u015b czasu do swojej witryny<\/a>.<\/p> <\/div>\n<div class=\"faq\" data-component=\"FAQ\">\n<div class=\"faq-item\">\r\n\t\t\t\t\t<div class=\"faq-item-question\">\r\n\t\t\t\t\t\t<h3 class=\"faq-item-question-text\">Czy aplikacja O\u015b czasu dla Weebly jest darmowa?<\/h3>\r\n\r\n\t\t\t\t\t\t<div class=\"faq-item-question-icon\"><\/div>\r\n\t\t\t\t\t<\/div>\r\n\r\n\t\t\t\t\t<div class=\"faq-item-answer\">\r\n\t\t\t\t\t\t<div class=\"faq-item-answer-text\">\nTak, Elfsight oferuje darmowy plan z podstawowymi funkcjami. Mo\u017cesz korzysta\u0107 z wid\u017cetu O\u015b czasu bezp\u0142atnie, a dost\u0119pne s\u0105 p\u0142atne plany z bardziej zaawansowanymi opcjami i mo\u017cliwo\u015bciami dostosowywania.\n<\/div>\r\n\t\t\t\t\t<\/div>\r\n\t\t\t\t<\/div>\n\n<div class=\"faq-item\">\r\n\t\t\t\t\t<div class=\"faq-item-question\">\r\n\t\t\t\t\t\t<h3 class=\"faq-item-question-text\">Czy potrzebuj\u0119 umiej\u0119tno\u015bci kodowania, aby korzysta\u0107 z aplikacji O\u015b czasu dla Weebly?<\/h3>\r\n\r\n\t\t\t\t\t\t<div class=\"faq-item-question-icon\"><\/div>\r\n\t\t\t\t\t<\/div>\r\n\r\n\t\t\t\t\t<div class=\"faq-item-answer\">\r\n\t\t\t\t\t\t<div class=\"faq-item-answer-text\">\nNie, wid\u017cet O\u015b czasu Elfsight dla Weebly nie wymaga \u017cadnych umiej\u0119tno\u015bci kodowania. Mo\u017cesz \u0142atwo dostosowa\u0107 i osadzi\u0107 o\u015b czasu za pomoc\u0105 naszego intuicyjnego edytora.\n<\/div>\r\n\t\t\t\t\t<\/div>\r\n\t\t\t\t<\/div>\n\n<div class=\"faq-item\">\r\n\t\t\t\t\t<div class=\"faq-item-question\">\r\n\t\t\t\t\t\t<h3 class=\"faq-item-question-text\">Jak mog\u0119 stworzy\u0107 interaktywn\u0105 o\u015b czasu dla Weebly?<\/h3>\r\n\r\n\t\t\t\t\t\t<div class=\"faq-item-question-icon\"><\/div>\r\n\t\t\t\t\t<\/div>\r\n\r\n\t\t\t\t\t<div class=\"faq-item-answer\">\r\n\t\t\t\t\t\t<div class=\"faq-item-answer-text\">\nWybierz szablon z edytora, spersonalizuj go zgodnie z potrzebami i osad\u017a kod HTML w swojej witrynie Weebly, aby doda\u0107 o\u015b czasu do swojej strony.\n<\/div>\r\n\t\t\t\t\t<\/div>\r\n\t\t\t\t<\/div>\n\n<div class=\"faq-item\">\r\n\t\t\t\t\t<div class=\"faq-item-question\">\r\n\t\t\t\t\t\t<h3 class=\"faq-item-question-text\">Jakie typy osi czasu mog\u0119 stworzy\u0107 dla Weebly?<\/h3>\r\n\r\n\t\t\t\t\t\t<div class=\"faq-item-question-icon\"><\/div>\r\n\t\t\t\t\t<\/div>\r\n\r\n\t\t\t\t\t<div class=\"faq-item-answer\">\r\n\t\t\t\t\t\t<div class=\"faq-item-answer-text\">\nZa pomoc\u0105 wid\u017cetu Elfsight mo\u017cesz tworzy\u0107 r\u00f3\u017cne typy osi czasu, takie jak:\n\n<ul> <li><strong>Historia firmy<\/strong>: Prezentuj ewolucj\u0119 swojej firmy i podkre\u015blaj kluczowe kamienie milowe.<\/li> <li><strong>Rozw\u00f3j produktu<\/strong>: \u015aled\u017a podr\u00f3\u017c swojego produktu od pomys\u0142u do premiery.<\/li> <li><strong>O\u015b czasu projektu<\/strong>: Wy\u015bwietlaj etapy i post\u0119py swoich projekt\u00f3w.<\/li> <li><strong>O\u015b czasu wydarze\u0144<\/strong>: Organizuj daty wydarze\u0144, premiery produkt\u00f3w lub nadchodz\u0105ce kamienie milowe.<\/li> <\/ul> <\/div>\r\n\t\t\t\t\t<\/div>\r\n\t\t\t\t<\/div> <\/div>","protected":false},"excerpt":{"rendered":"","protected":false},"author":9,"featured_media":0,"parent":9819,"menu_order":0,"comment_status":"closed","ping_status":"closed","template":"templates\/template-application-platform.php","meta":{"publish_to_discourse":"","publish_post_category":"","wpdc_auto_publish_overridden":"","wpdc_topic_tags":"","wpdc_pin_topic":"","wpdc_pin_until":"","discourse_post_id":"","discourse_permalink":"","wpdc_publishing_response":"","wpdc_publishing_error":"","footnotes":""},"class_list":["post-10108","page","type-page","status-publish","hentry"],"yoast_head":"<!-- This site is optimized with the Yoast SEO plugin v25.3.1 - https:\/\/yoast.com\/wordpress\/plugins\/seo\/ -->\n<title>Wid\u017cet osi czasu \u2014 osadzaj lini\u0119 historii na stronie internetowej Weebly [BEZP\u0141ATNIE]<\/title>\n<meta name=\"description\" content=\"Dodaj niestandardow\u0105 o\u015b czasu do swojego Webflow. Z \u0142atwo\u015bci\u0105 prezentuj swoj\u0105 histori\u0119, kamienie milowe i post\u0119p zada\u0144 za pomoc\u0105 interaktywnego wid\u017cetu O\u015b czasu w Weebly.\" \/>\n<meta name=\"robots\" content=\"index, follow, max-snippet:-1, max-image-preview:large, max-video-preview:-1\" \/>\n<link rel=\"canonical\" href=\"https:\/\/elfsight.com\/pl\/timeline-widget\/weebly\/\" \/>\n<meta property=\"og:locale\" content=\"pl_PL\" \/>\n<meta property=\"og:type\" content=\"article\" \/>\n<meta property=\"og:title\" content=\"Wid\u017cet osi czasu \u2014 osadzaj lini\u0119 historii na stronie internetowej Weebly [BEZP\u0141ATNIE]\" \/>\n<meta property=\"og:description\" content=\"Dodaj niestandardow\u0105 o\u015b czasu do swojego Webflow. Z \u0142atwo\u015bci\u0105 prezentuj swoj\u0105 histori\u0119, kamienie milowe i post\u0119p zada\u0144 za pomoc\u0105 interaktywnego wid\u017cetu O\u015b czasu w Weebly.\" \/>\n<meta property=\"og:url\" content=\"https:\/\/elfsight.com\/pl\/timeline-widget\/weebly\/\" \/>\n<meta property=\"og:site_name\" content=\"Elfsight PL\" \/>\n<meta property=\"article:modified_time\" content=\"2025-06-17T15:56:52+00:00\" \/>\n<meta name=\"twitter:card\" content=\"summary_large_image\" \/>\n<meta name=\"twitter:label1\" content=\"Szacowany czas czytania\" \/>\n\t<meta name=\"twitter:data1\" content=\"4 minuty\" \/>\n<!-- \/ Yoast SEO plugin. -->","yoast_head_json":{"title":"Wid\u017cet osi czasu \u2014 osadzaj lini\u0119 historii na stronie internetowej Weebly [BEZP\u0141ATNIE]","description":"Dodaj niestandardow\u0105 o\u015b czasu do swojego Webflow. Z \u0142atwo\u015bci\u0105 prezentuj swoj\u0105 histori\u0119, kamienie milowe i post\u0119p zada\u0144 za pomoc\u0105 interaktywnego wid\u017cetu O\u015b czasu w Weebly.","robots":{"index":"index","follow":"follow","max-snippet":"max-snippet:-1","max-image-preview":"max-image-preview:large","max-video-preview":"max-video-preview:-1"},"canonical":"https:\/\/elfsight.com\/pl\/timeline-widget\/weebly\/","og_locale":"pl_PL","og_type":"article","og_title":"Wid\u017cet osi czasu \u2014 osadzaj lini\u0119 historii na stronie internetowej Weebly [BEZP\u0141ATNIE]","og_description":"Dodaj niestandardow\u0105 o\u015b czasu do swojego Webflow. Z \u0142atwo\u015bci\u0105 prezentuj swoj\u0105 histori\u0119, kamienie milowe i post\u0119p zada\u0144 za pomoc\u0105 interaktywnego wid\u017cetu O\u015b czasu w Weebly.","og_url":"https:\/\/elfsight.com\/pl\/timeline-widget\/weebly\/","og_site_name":"Elfsight PL","article_modified_time":"2025-06-17T15:56:52+00:00","twitter_card":"summary_large_image","twitter_misc":{"Szacowany czas czytania":"4 minuty"},"schema":{"@context":"https:\/\/schema.org","@graph":[{"@type":"WebPage","@id":"https:\/\/elfsight.com\/pl\/timeline-widget\/weebly\/","url":"https:\/\/elfsight.com\/pl\/timeline-widget\/weebly\/","name":"Wid\u017cet osi czasu \u2014 osadzaj lini\u0119 historii na stronie internetowej Weebly [BEZP\u0141ATNIE]","isPartOf":{"@id":"https:\/\/elfsight.com\/pl\/#website"},"datePublished":"2025-06-17T15:56:50+00:00","dateModified":"2025-06-17T15:56:52+00:00","description":"Dodaj niestandardow\u0105 o\u015b czasu do swojego Webflow. Z \u0142atwo\u015bci\u0105 prezentuj swoj\u0105 histori\u0119, kamienie milowe i post\u0119p zada\u0144 za pomoc\u0105 interaktywnego wid\u017cetu O\u015b czasu w Weebly.","breadcrumb":{"@id":"https:\/\/elfsight.com\/pl\/timeline-widget\/weebly\/#breadcrumb"},"inLanguage":"pl-PL","potentialAction":[{"@type":"ReadAction","target":["https:\/\/elfsight.com\/pl\/timeline-widget\/weebly\/"]}]},{"@type":"BreadcrumbList","@id":"https:\/\/elfsight.com\/pl\/timeline-widget\/weebly\/#breadcrumb","itemListElement":[{"@type":"ListItem","position":1,"name":"Home","item":"https:\/\/elfsight.com\/pl\/"},{"@type":"ListItem","position":2,"name":"Timeline","item":"https:\/\/elfsight.com\/pl\/timeline-widget\/"},{"@type":"ListItem","position":3,"name":"Timeline &#8211; Weebly"}]},{"@type":"WebSite","@id":"https:\/\/elfsight.com\/pl\/#website","url":"https:\/\/elfsight.com\/pl\/","name":"Elfsight PL","description":"Just another Elfsight Sites site","potentialAction":[{"@type":"SearchAction","target":{"@type":"EntryPoint","urlTemplate":"https:\/\/elfsight.com\/pl\/?s={search_term_string}"},"query-input":{"@type":"PropertyValueSpecification","valueRequired":true,"valueName":"search_term_string"}}],"inLanguage":"pl-PL"}]}},"meta_box":{"industry":"","seo_heading":"","heading":"","description":"","cta_heading":"","cta_description":"","application":"9818","h1":"Wtyczka osi czasu dla Weebly","h1_caption":"Wy\u015bwietl wci\u0105gaj\u0105c\u0105 histori\u0119, aby przedstawi\u0107 swoj\u0105 histori\u0119, osi\u0105gni\u0119cia projektu lub kroki za pomoc\u0105 interaktywnej wtyczki Osi czasu w Weebly.","application_category":[],"applications_title":"","applications_request_title":"","applications_request_button_text":"","hero_text":"","hero_video":"","hero_video_schema_markup":"","selling_points_title":"","selling_points_caption":"","selling_points":[],"selling_points_cta_text":"","features_title":"","features":"","ed_cta_examples_text":"","ed_cta_examples_hidden":"","ed_cta_demo_text":"","ed_cta_demo_hidden":"","why_caption":"","why_editor_title":"","why_editor_text":"","why_team_title":"","why_team_text":"","why_service_title":"","why_service_text":"","template_catalog_visible":"0","template_catalog_title":"","template_catalog_text":"","template_catalog_categories_visible":"","demo_title":"Utw\u00f3rz wtyczk\u0119 osi czasu Weebly","demo_caption":"Dostosuj o\u015b czasu i z \u0142atwo\u015bci\u0105 dodaj j\u0105 do swojej witryny!","default_faq_hidden":"","app_template_category":[],"platform":"132","template_public_id":"","codecanyon_url":"","codecanyon_item_id":"","codecanyon_price":"","pricing_caption":"","pricing_elfsight_apps_hide_column":"","pricing_elfsight_apps_url":"","pricing_codecanyon_price_caption":"","integration_category":[],"integration_request_title":"","integration_request_cta":"","integration_platform":"","integrations":[],"platform_category":[],"video_schema_markup":"","price":"od 0 USD \/ miesi\u0105c","trial":"","benefits":[],"button_url":"#demo","button_target_blank":"0","button_nofollow":"0","attributes":[{"name":"Instaluje","content":"50,000 - 100,000","_state":"expanded"},{"name":"Czu\u0142y","content":"Tak","_state":"expanded"},{"name":"Kompatybilne przegl\u0105darki","content":"Firefox, Safari, Opera, Chrome, Edge","_state":"expanded"}],"tags":[],"tags_disable_links":"0","hide_more_platforms":"0","video_object":"","demo_hide_cta":"0","demo_hide_cloud_options":"0","pricing_title":"","pricing":[{"pricing_icon":"platform","pricing_title":"Elfsight Apps","pricing_title_caption":"Oprogramowanie wieloplatformowe, kt\u00f3re pasuje do ka\u017cdej witryny","pricing_price":"od 0 USD \/ miesi\u0105c","pricing_price_caption":"zacznij od darmowego planu","pricing_button_text":"Dodaj do witryny","pricing_button_url":"#demo"}],"related_apps_title":"","related_apps_hidden":"0","author":"","image":[],"title":"","job":"","social_networks":[]},"_links":{"self":[{"href":"https:\/\/elfsight.com\/pl\/wp-json\/wp\/v2\/pages\/10108","targetHints":{"allow":["GET"]}}],"collection":[{"href":"https:\/\/elfsight.com\/pl\/wp-json\/wp\/v2\/pages"}],"about":[{"href":"https:\/\/elfsight.com\/pl\/wp-json\/wp\/v2\/types\/page"}],"author":[{"embeddable":true,"href":"https:\/\/elfsight.com\/pl\/wp-json\/wp\/v2\/users\/9"}],"replies":[{"embeddable":true,"href":"https:\/\/elfsight.com\/pl\/wp-json\/wp\/v2\/comments?post=10108"}],"version-history":[{"count":2,"href":"https:\/\/elfsight.com\/pl\/wp-json\/wp\/v2\/pages\/10108\/revisions"}],"predecessor-version":[{"id":10110,"href":"https:\/\/elfsight.com\/pl\/wp-json\/wp\/v2\/pages\/10108\/revisions\/10110"}],"up":[{"embeddable":true,"href":"https:\/\/elfsight.com\/pl\/wp-json\/wp\/v2\/pages\/9819"}],"wp:attachment":[{"href":"https:\/\/elfsight.com\/pl\/wp-json\/wp\/v2\/media?parent=10108"}],"curies":[{"name":"wp","href":"https:\/\/api.w.org\/{rel}","templated":true}]}}