{"id":10104,"date":"2025-03-11T07:21:06","date_gmt":"2025-03-11T07:21:06","guid":{"rendered":"https:\/\/elfsight.com\/pl\/?page_id=10104"},"modified":"2025-06-17T14:08:33","modified_gmt":"2025-06-17T14:08:33","slug":"webnode","status":"publish","type":"page","link":"https:\/\/elfsight.com\/pl\/timeline-widget\/webnode\/","title":{"rendered":"Timeline &#8211; Webnode"},"content":{"rendered":"<div class=\"application-platform-content-item-description application-platform-content-item\" id=\"description\" data-nav-section=\"description\"><h2>Widget Osi Czasu dla Webnode<\/h2> <p>Wzboga\u0107 swoj\u0105 stron\u0119 Webnode interaktywn\u0105 i wizualnie urzekaj\u0105c\u0105 osi\u0105 czasu. Dzi\u0119ki widgetowi Osi Czasu od Elfsight mo\u017cesz zaprezentowa\u0107 kamienie milowe swojej firmy, \u015bledzi\u0107 rozw\u00f3j produktu lub podkre\u015bli\u0107 kluczowe wydarzenia w chronologiczny i anga\u017cuj\u0105cy spos\u00f3b. Nie jest wymagane kodowanie \u2014 wystarczy prosta personalizacja i osadzanie, kt\u00f3re pozwalaj\u0105 stworzy\u0107 osza\u0142amiaj\u0105c\u0105 i w pe\u0142ni responsywn\u0105 o\u015b czasu, kt\u00f3ra zachwyci Twoich odbiorc\u00f3w.<\/p> <ul> <li><b>Tw\u00f3rz interaktywne osie czasu bez kodowania<\/b><br> Zaprojektuj swoj\u0105 o\u015b czasu w kilka minut, bez potrzeby programowania. Zbuduj interaktywn\u0105 o\u015b czasu, kt\u00f3ra od razu zaanga\u017cuje odwiedzaj\u0105cych.<\/li> <li><b>Zaawansowane opcje personalizacji<\/b><br> Dostosuj uk\u0142ad, kolory, czcionki i wiele wi\u0119cej, aby dopasowa\u0107 je do brandingu i stylu Twojej witryny.<\/li> <li><b>Prosty proces osadzania<\/b><br> Z \u0142atwo\u015bci\u0105 osad\u017a swoj\u0105 niestandardow\u0105 o\u015b czasu na swojej stronie Webnode za pomoc\u0105 prostego kodu HTML \u2014 nie jest wymagana wiedza techniczna.<\/li> <li><b>Responsywne wsparcie klienta<\/b><br> Nasz zesp\u00f3\u0142 ekspert\u00f3w jest zawsze dost\u0119pny, aby pom\u00f3c Ci w wszelkich pytaniach dotycz\u0105cych konfiguracji, zapewniaj\u0105c p\u0142ynne dzia\u0142anie osi czasu na Twojej stronie.<\/li> <\/ul> <p><b>Wypr\u00f3buj widget Osi Czasu Elfsight, aby stworzy\u0107 interaktywne do\u015bwiadczenie dla swoich odwiedzaj\u0105cych ju\u017c dzi\u015b!<\/b><\/p> <\/div><div class=\"application-platform-content-item-features application-platform-content-item\" id=\"features\" data-nav-section=\"features\"><h2>Co mo\u017cesz zrobi\u0107 z Osi\u0105 Czasu dla Webnode<\/h2> <ul> <li><strong>Wizualnie anga\u017cuj odwiedzaj\u0105cych<\/strong><br> Prezentuj kamienie milowe, osi\u0105gni\u0119cia lub kluczowe wydarzenia w anga\u017cuj\u0105cym, wizualnym formacie. Interaktywna o\u015b czasu przedstawia Twoj\u0105 histori\u0119 w spos\u00f3b, kt\u00f3ry zach\u0119ca odbiorc\u00f3w do eksploracji i interakcji.<\/li> <li><strong>\u015aled\u017a kamienie milowe i wydarzenia<\/strong><br> Przedstaw podr\u00f3\u017c swojej firmy lub rozw\u00f3j produktu w przejrzystym, chronologicznym formacie. Pozw\u00f3l odwiedzaj\u0105cym \u015bledzi\u0107 Twoj\u0105 histori\u0119 i by\u0107 na bie\u017c\u0105co z Twoimi post\u0119pami.<\/li> <li><strong>Podkre\u015bl kluczowe momenty<\/strong><br> Podkre\u015bl wa\u017cne kamienie milowe lub osi\u0105gni\u0119cia, kt\u00f3re definiuj\u0105 Twoj\u0105 podr\u00f3\u017c. Przejrzysty i atrakcyjny format osi czasu przyci\u0105ga uwag\u0119 i zwi\u0119ksza zaanga\u017cowanie u\u017cytkownik\u00f3w.<\/li> <\/ul> <p><a href=\"#demo\">Zapoznaj si\u0119 z edytorem, aby pozna\u0107 wszystkie funkcje widgetu Osi Czasu.<\/a><\/p> <\/div><div class=\"application-platform-content-item-installation application-platform-content-item\" id=\"installation\" data-nav-section=\"installation\"><h2>Jak osadzi\u0107 O\u015b Czasu na Webnode<\/h2> <p>Dodanie widgetu Osi Czasu do Twojej strony Webnode jest szybkie i \u0142atwe. Wykonaj nast\u0119puj\u0105ce proste kroki:<\/p> <ol> <li><b>Stw\u00f3rz swoj\u0105 niestandardow\u0105 O\u015b Czasu dla Webnode<\/b><br> Zacznij od wybrania szablonu z naszego edytora. Dostosuj projekt, uk\u0142ad i kamienie milowe zgodnie z potrzebami Twojej witryny.<\/li> <li><b>Pobierz sw\u00f3j unikalny kod osadzania<\/b><br> Gdy Twoja o\u015b czasu b\u0119dzie gotowa, otrzymasz unikalny kod osadzania HTML. Skopiuj ten kod do wykorzystania w przysz\u0142o\u015bci.<\/li> <li><b>Osad\u017a kod w swojej witrynie Webnode<\/b><br> Wklej kod osadzania HTML w odpowiedni\u0105 sekcj\u0119 swojej strony Webnode, zapisz zmiany, a Twoja o\u015b czasu b\u0119dzie aktywna!<\/li> <li><b>Gotowe! Ciesz si\u0119 swoj\u0105 now\u0105, interaktywn\u0105 osi\u0105 czasu!<\/b><br> Odwied\u017a swoj\u0105 stron\u0119, aby zobaczy\u0107 o\u015b czasu w akcji i zacznij anga\u017cowa\u0107 swoich odwiedzaj\u0105cych dynamicznym i atrakcyjnym wizualnie do\u015bwiadczeniem.<\/li> <\/ol> <p>Aby uzyska\u0107 bardziej szczeg\u00f3\u0142owe instrukcje, sprawd\u017a nasz przewodnik na temat <a href=\"https:\/\/elfsight.com\/blog\/how-to-embed-timeline-to-website\/\" target=\"_blank\" rel=\"noopener\">jak doda\u0107 o\u015b czasu do swojej witryny<\/a>.<\/p> <\/div><div class=\"faq\" data-component=\"FAQ\"><div class=\"faq-item\">\r\n\t\t\t\t\t<div class=\"faq-item-question\">\r\n\t\t\t\t\t\t<h3 class=\"faq-item-question-text\">Czy widget Osi Czasu dla Webnode jest darmowy?<\/h3>\r\n\r\n\t\t\t\t\t\t<div class=\"faq-item-question-icon\"><\/div>\r\n\t\t\t\t\t<\/div>\r\n\r\n\t\t\t\t\t<div class=\"faq-item-answer\">\r\n\t\t\t\t\t\t<div class=\"faq-item-answer-text\">Tak, Elfsight oferuje darmowy plan, kt\u00f3ry zapewnia dost\u0119p do podstawowych funkcji widgetu Osi Czasu. P\u0142atne plany s\u0105 dost\u0119pne dla bardziej zaawansowanych opcji personalizacji i dodatkowych funkcji.<\/div>\r\n\t\t\t\t\t<\/div>\r\n\t\t\t\t<\/div><div class=\"faq-item\">\r\n\t\t\t\t\t<div class=\"faq-item-question\">\r\n\t\t\t\t\t\t<h3 class=\"faq-item-question-text\">Czy potrzebuj\u0119 jakichkolwiek umiej\u0119tno\u015bci kodowania, aby u\u017cy\u0107 widgetu Osi Czasu dla Webnode?<\/h3>\r\n\r\n\t\t\t\t\t\t<div class=\"faq-item-question-icon\"><\/div>\r\n\t\t\t\t\t<\/div>\r\n\r\n\t\t\t\t\t<div class=\"faq-item-answer\">\r\n\t\t\t\t\t\t<div class=\"faq-item-answer-text\">Nie, wtyczka Osi Czasu Elfsight dla Webnode nie wymaga \u017cadnych umiej\u0119tno\u015bci kodowania. Mo\u017cesz \u0142atwo dostosowa\u0107 i osadzi\u0107 swoj\u0105 o\u015b czasu za pomoc\u0105 naszego intuicyjnego edytora.<\/div>\r\n\t\t\t\t\t<\/div>\r\n\t\t\t\t<\/div><div class=\"faq-item\">\r\n\t\t\t\t\t<div class=\"faq-item-question\">\r\n\t\t\t\t\t\t<h3 class=\"faq-item-question-text\">Jak mog\u0119 stworzy\u0107 interaktywn\u0105 o\u015b czasu dla Webnode?<\/h3>\r\n\r\n\t\t\t\t\t\t<div class=\"faq-item-question-icon\"><\/div>\r\n\t\t\t\t\t<\/div>\r\n\r\n\t\t\t\t\t<div class=\"faq-item-answer\">\r\n\t\t\t\t\t\t<div class=\"faq-item-answer-text\">Po prostu wybierz szablon z edytora, dostosuj ustawienia do swoich potrzeb i osad\u017a wygenerowany kod HTML na swojej stronie Webnode.<\/div>\r\n\t\t\t\t\t<\/div>\r\n\t\t\t\t<\/div><div class=\"faq-item\">\r\n\t\t\t\t\t<div class=\"faq-item-question\">\r\n\t\t\t\t\t\t<h3 class=\"faq-item-question-text\">Jakie typy osi czasu mog\u0119 stworzy\u0107 dla Webnode?<\/h3>\r\n\r\n\t\t\t\t\t\t<div class=\"faq-item-question-icon\"><\/div>\r\n\t\t\t\t\t<\/div>\r\n\r\n\t\t\t\t\t<div class=\"faq-item-answer\">\r\n\t\t\t\t\t\t<div class=\"faq-item-answer-text\">Dzi\u0119ki widgetowi Osi Czasu Elfsight mo\u017cesz tworzy\u0107 r\u00f3\u017cnorodne osie czasu, w tym:<ul> <li><strong>Histori\u0119 firmy<\/strong>: Poka\u017c rozw\u00f3j i kluczowe kamienie milowe Twojej firmy.<\/li> <li><strong>Rozw\u00f3j produktu<\/strong>: \u015aled\u017a drog\u0119 produktu od pomys\u0142u do uruchomienia.<\/li> <li><strong>O\u015b czasu projektu<\/strong>: Przedstaw etapy projektu lub kampanii.<\/li> <li><strong>O\u015b czasu wydarze\u0144<\/strong>: Wy\u015bwietlaj nadchodz\u0105ce wydarzenia lub premiery produkt\u00f3w w przejrzystym, \u0142atwym do \u015bledzenia formacie.<\/li> <\/ul> <\/div>\r\n\t\t\t\t\t<\/div>\r\n\t\t\t\t<\/div> <\/div>&#8222;`","protected":false},"excerpt":{"rendered":"&#8222;`","protected":false},"author":9,"featured_media":0,"parent":9819,"menu_order":0,"comment_status":"closed","ping_status":"closed","template":"templates\/template-application-platform.php","meta":{"publish_to_discourse":"","publish_post_category":"","wpdc_auto_publish_overridden":"","wpdc_topic_tags":"","wpdc_pin_topic":"","wpdc_pin_until":"","discourse_post_id":"","discourse_permalink":"","wpdc_publishing_response":"","wpdc_publishing_error":"","footnotes":""},"class_list":["post-10104","page","type-page","status-publish","hentry"],"yoast_head":"<!-- This site is optimized with the Yoast SEO plugin v25.3.1 - https:\/\/yoast.com\/wordpress\/plugins\/seo\/ -->\n<title>Timeline Widget \u2013 Tw\u00f3rz Interaktywn\u0105 Map\u0119 Drogow\u0105 dla Webnode | Darmowy<\/title>\n<meta name=\"description\" content=\"Zaanga\u017cuj swoich odwiedzaj\u0105cych dzi\u0119ki konfigurowalnej osi czasu na swojej stronie. Z \u0142atwo\u015bci\u0105 wyr\u00f3\u017cnij kamienie milowe, wydarzenia, post\u0119py dzi\u0119ki widgetowi O\u015b Czasu Elfsight dla Webnode.\" \/>\n<meta name=\"robots\" content=\"index, follow, max-snippet:-1, max-image-preview:large, max-video-preview:-1\" \/>\n<link rel=\"canonical\" href=\"https:\/\/elfsight.com\/pl\/timeline-widget\/webnode\/\" \/>\n<meta property=\"og:locale\" content=\"pl_PL\" \/>\n<meta property=\"og:type\" content=\"article\" \/>\n<meta property=\"og:title\" content=\"Timeline Widget \u2013 Tw\u00f3rz Interaktywn\u0105 Map\u0119 Drogow\u0105 dla Webnode | Darmowy\" \/>\n<meta property=\"og:description\" content=\"Zaanga\u017cuj swoich odwiedzaj\u0105cych dzi\u0119ki konfigurowalnej osi czasu na swojej stronie. Z \u0142atwo\u015bci\u0105 wyr\u00f3\u017cnij kamienie milowe, wydarzenia, post\u0119py dzi\u0119ki widgetowi O\u015b Czasu Elfsight dla Webnode.\" \/>\n<meta property=\"og:url\" content=\"https:\/\/elfsight.com\/pl\/timeline-widget\/webnode\/\" \/>\n<meta property=\"og:site_name\" content=\"Elfsight PL\" \/>\n<meta property=\"article:modified_time\" content=\"2025-06-17T14:08:33+00:00\" \/>\n<meta name=\"twitter:card\" content=\"summary_large_image\" \/>\n<meta name=\"twitter:label1\" content=\"Szacowany czas czytania\" \/>\n\t<meta name=\"twitter:data1\" content=\"4 minuty\" \/>\n<!-- \/ Yoast SEO plugin. -->","yoast_head_json":{"title":"Timeline Widget \u2013 Tw\u00f3rz Interaktywn\u0105 Map\u0119 Drogow\u0105 dla Webnode | Darmowy","description":"Zaanga\u017cuj swoich odwiedzaj\u0105cych dzi\u0119ki konfigurowalnej osi czasu na swojej stronie. Z \u0142atwo\u015bci\u0105 wyr\u00f3\u017cnij kamienie milowe, wydarzenia, post\u0119py dzi\u0119ki widgetowi O\u015b Czasu Elfsight dla Webnode.","robots":{"index":"index","follow":"follow","max-snippet":"max-snippet:-1","max-image-preview":"max-image-preview:large","max-video-preview":"max-video-preview:-1"},"canonical":"https:\/\/elfsight.com\/pl\/timeline-widget\/webnode\/","og_locale":"pl_PL","og_type":"article","og_title":"Timeline Widget \u2013 Tw\u00f3rz Interaktywn\u0105 Map\u0119 Drogow\u0105 dla Webnode | Darmowy","og_description":"Zaanga\u017cuj swoich odwiedzaj\u0105cych dzi\u0119ki konfigurowalnej osi czasu na swojej stronie. Z \u0142atwo\u015bci\u0105 wyr\u00f3\u017cnij kamienie milowe, wydarzenia, post\u0119py dzi\u0119ki widgetowi O\u015b Czasu Elfsight dla Webnode.","og_url":"https:\/\/elfsight.com\/pl\/timeline-widget\/webnode\/","og_site_name":"Elfsight PL","article_modified_time":"2025-06-17T14:08:33+00:00","twitter_card":"summary_large_image","twitter_misc":{"Szacowany czas czytania":"4 minuty"},"schema":{"@context":"https:\/\/schema.org","@graph":[{"@type":"WebPage","@id":"https:\/\/elfsight.com\/pl\/timeline-widget\/webnode\/","url":"https:\/\/elfsight.com\/pl\/timeline-widget\/webnode\/","name":"Timeline Widget \u2013 Tw\u00f3rz Interaktywn\u0105 Map\u0119 Drogow\u0105 dla Webnode | Darmowy","isPartOf":{"@id":"https:\/\/elfsight.com\/pl\/#website"},"datePublished":"2025-03-11T07:21:06+00:00","dateModified":"2025-06-17T14:08:33+00:00","description":"Zaanga\u017cuj swoich odwiedzaj\u0105cych dzi\u0119ki konfigurowalnej osi czasu na swojej stronie. Z \u0142atwo\u015bci\u0105 wyr\u00f3\u017cnij kamienie milowe, wydarzenia, post\u0119py dzi\u0119ki widgetowi O\u015b Czasu Elfsight dla Webnode.","breadcrumb":{"@id":"https:\/\/elfsight.com\/pl\/timeline-widget\/webnode\/#breadcrumb"},"inLanguage":"pl-PL","potentialAction":[{"@type":"ReadAction","target":["https:\/\/elfsight.com\/pl\/timeline-widget\/webnode\/"]}]},{"@type":"BreadcrumbList","@id":"https:\/\/elfsight.com\/pl\/timeline-widget\/webnode\/#breadcrumb","itemListElement":[{"@type":"ListItem","position":1,"name":"Home","item":"https:\/\/elfsight.com\/pl\/"},{"@type":"ListItem","position":2,"name":"Timeline &#8211; Webnode"}]},{"@type":"WebSite","@id":"https:\/\/elfsight.com\/pl\/#website","url":"https:\/\/elfsight.com\/pl\/","name":"Elfsight PL","description":"Just another Elfsight Sites site","potentialAction":[{"@type":"SearchAction","target":{"@type":"EntryPoint","urlTemplate":"https:\/\/elfsight.com\/pl\/?s={search_term_string}"},"query-input":{"@type":"PropertyValueSpecification","valueRequired":true,"valueName":"search_term_string"}}],"inLanguage":"pl-PL"}]}},"meta_box":{"industry":"","seo_heading":"","heading":"","description":"","cta_heading":"","cta_description":"","application":"9818","h1":"Widget Osi Czasu dla Webnode","h1_caption":"Wy\u015bwietl anga\u017cuj\u0105c\u0105 chronologi\u0119 kamieni milowych, aby przedstawi\u0107 swoj\u0105 histori\u0119, znaczniki zada\u0144 lub wydarzenia za pomoc\u0105 interaktywnej osi czasu na stronie Webnode.","application_category":[],"applications_title":"","applications_request_title":"","applications_request_button_text":"","hero_text":"","hero_video":"","hero_video_schema_markup":"","selling_points_title":"","selling_points_caption":"","selling_points":[],"selling_points_cta_text":"","features_title":"","features":"","ed_cta_examples_text":"","ed_cta_examples_hidden":"","ed_cta_demo_text":"","ed_cta_demo_hidden":"","why_caption":"","why_editor_title":"","why_editor_text":"","why_team_title":"","why_team_text":"","why_service_title":"","why_service_text":"","template_catalog_visible":"","template_catalog_title":"","template_catalog_text":"","template_catalog_categories_visible":"","demo_title":"Utw\u00f3rz aplikacj\u0119 Webnode O\u015b czasu","demo_caption":"Dostosuj o\u015b czasu i z \u0142atwo\u015bci\u0105 dodaj j\u0105 do swojej witryny!","default_faq_hidden":"","app_template_category":[],"platform":"138","template_public_id":"","codecanyon_url":"","codecanyon_item_id":"","codecanyon_price":"","pricing_caption":"","pricing_elfsight_apps_hide_column":"","pricing_elfsight_apps_url":"","pricing_codecanyon_price_caption":"","integration_category":[],"integration_request_title":"","integration_request_cta":"","integration_platform":"","integrations":[],"platform_category":[],"video_schema_markup":"","price":"od 0 USD \/ miesi\u0105c","trial":"","benefits":[],"button_url":"#demo","button_target_blank":"0","button_nofollow":"0","attributes":[{"name":"Instaluje","content":"50,000 - 100,001","_state":"expanded"},{"name":"Czu\u0142y","content":"Tak","_state":"expanded"},{"name":"Kompatybilne przegl\u0105darki","content":"Firefox, Safari, Opera, Chrome, Edge","_state":"expanded"}],"tags":[],"tags_disable_links":"","hide_more_platforms":"","video_object":"","demo_hide_cta":"0","demo_hide_cloud_options":"","pricing_title":"","pricing":[{"pricing_icon":"platform","pricing_title":"Elfsight Apps","pricing_title_caption":"Oprogramowanie wieloplatformowe, kt\u00f3re pasuje do ka\u017cdej witryny","pricing_price":"od 0 USD \/ miesi\u0105c","pricing_price_caption":"zacznij od darmowego planu","pricing_button_text":"Dodaj do witryny","pricing_button_url":"#demo"}],"related_apps_title":"","related_apps_hidden":"","author":"","image":[],"title":"","job":"","social_networks":[]},"_links":{"self":[{"href":"https:\/\/elfsight.com\/pl\/wp-json\/wp\/v2\/pages\/10104","targetHints":{"allow":["GET"]}}],"collection":[{"href":"https:\/\/elfsight.com\/pl\/wp-json\/wp\/v2\/pages"}],"about":[{"href":"https:\/\/elfsight.com\/pl\/wp-json\/wp\/v2\/types\/page"}],"author":[{"embeddable":true,"href":"https:\/\/elfsight.com\/pl\/wp-json\/wp\/v2\/users\/9"}],"replies":[{"embeddable":true,"href":"https:\/\/elfsight.com\/pl\/wp-json\/wp\/v2\/comments?post=10104"}],"version-history":[{"count":1,"href":"https:\/\/elfsight.com\/pl\/wp-json\/wp\/v2\/pages\/10104\/revisions"}],"predecessor-version":[{"id":10105,"href":"https:\/\/elfsight.com\/pl\/wp-json\/wp\/v2\/pages\/10104\/revisions\/10105"}],"up":[{"embeddable":true,"href":"https:\/\/elfsight.com\/pl\/wp-json\/wp\/v2\/pages\/9819"}],"wp:attachment":[{"href":"https:\/\/elfsight.com\/pl\/wp-json\/wp\/v2\/media?parent=10104"}],"curies":[{"name":"wp","href":"https:\/\/api.w.org\/{rel}","templated":true}]}}