{"id":101,"date":"2020-11-13T08:51:14","date_gmt":"2020-11-13T08:51:14","guid":{"rendered":"https:\/\/elfsight.com\/pl\/?page_id=101"},"modified":"2021-04-21T13:27:49","modified_gmt":"2021-04-21T13:27:49","slug":"magento-extensions","status":"publish","type":"page","link":"https:\/\/elfsight.com\/pl\/magento-extensions\/","title":{"rendered":"Magento extensions"},"content":{"rendered":"\n<h2>Najskuteczniejsze pluginy Elfsight dla unowocze\u015bnienia twojej strony www Magento<\/h2>\n\n<p>Od lat nasz zesp\u00f3\u0142 deweloper\u00f3w Elfsight buduje proste i wszechstronne dodatki chmurowe dla Twojej strony www. Mo\u017cemy zagwarantowa\u0107 szybkie wsparcie oraz szybko\u015b\u0107 wczytywania. Aplikacji Elfsight s\u0142u\u017c\u0105 w\u0142a\u015bcicielom witryn e-commerce, edukacyjnych i innym z ca\u0142ego \u015bwiata zaradzi\u0107 kluczowymi problemami bardziej efektywnie. \n<\/p>\n\n<p>Mo\u017cesz zwi\u0119kszy\u0107 dochody, przedstawi\u0107 5-gwiazdkow\u0105 ocen\u0119 na swoje us\u0142ugi, zwi\u0119kszy\u0107 zaufanie do swojej marki, poprzez wbudowanie rozwi\u0105zania do Twojej witryny. Nasze plany taryfowe s\u0105 w zakresie od bezp\u0142atnych do premium. Szybko wbudowa\u0107 wszelkie odpowiednie dodatki przy u\u017cyciu naszej wersji Live Demo i zobacz jak bardzo to b\u0119dzie przydatne w kwestii rozwoju strony internetowej Pa\u0144stwa firmy. <\/p>\n\n<h2>Czemu widgety Elfsight s\u0105 wyj\u0105tkowymi rozwi\u0105zaniami dla was? <\/h2>\n\n<p> Tu jest spis podstawowych cech naszych rozszerze\u0144, kt\u00f3re pomagaj\u0105 nam wyprzedzi\u0107 konkurencj\u0119: <\/p>\n\n\n<ul>\n<li> Nieodp\u0142atna i sprawna obs\u0142uga przy dodaniu lub personalizacji plugin\u00f3w; <\/li>\n<li> Zdolno\u015b\u0107 dostosowywania do wszystkich rozdzielczo\u015bci stron internetowych i dostosowane do urz\u0105dze\u0144 mobilnych; <\/li>\n<li> Nie musicie programowa\u0107; <\/li>\n<li> Szeroki wyb\u00f3r ustawie\u0144 dostosowywania; <\/li>\n<li> Oparte na chmurze widgety pomagaj\u0105 zwi\u0119kszy\u0107 szybko\u015b\u0107 wczytywania serwisu; <\/li>\n<li> Wszystkie dost\u0119pne aktualizacje s\u0105 bezp\u0142atne i regularne; <\/li>\n<li> Uczciwe ceny; <\/li>\n<li> Szybka pomoc w przypadku problem\u00f3w. <\/li>\n<\/ul>\n\n<p> Sprawd\u017a bezp\u0142atne opcje naszych plugin\u00f3w i osi\u0105gnij jej potencja\u0142 lub kup dowolne wymagane aplikacje z 20% zni\u017ck\u0105. <\/p>\n\n\n<h2> W jaki spos\u00f3b doda\u0107 Twoje dodatki Elfsight na stronie internetowej Magento <\/h2>\n\n<p> A\u017ceby zintegrowa\u0107 nasze dodatki, wykonaj wszystkie czynno\u015bci z prostej instrukcji: <\/p>\n\n\n<ol>\n<li> Kliknij wymagan\u0105 wtyczk\u0119; <\/li>\n<li> Zmodyfikuj wszystkie przydatne ustawienia; <\/li>\n<li> Kliknij przycisk &#8222;Zapisz Zmiany&#8221;; <\/li>\n<li> Kliknij otrzymany kod; <\/li>\n<li> Zainstaluj ten kod w odpowiednim miejscu swojej witryny lub szablonu; <\/li>\n<li> Zrobione! Pomy\u015blnie zako\u0144czy\u0142e\u015b dodawanie wid\u017cet. <\/li>\n<\/ol>\n\n<p> W przypadku pyta\u0144, nie wahaj si\u0119 skontaktuj si\u0119 z zespo\u0142em wsparcia Elfsight. <\/p>\n","protected":false},"excerpt":{"rendered":"Najskuteczniejsze pluginy Elfsight dla unowocze\u015bnienia twojej strony www Magento Od lat nasz zesp\u00f3\u0142 deweloper\u00f3w Elfsight buduje proste i wszechstronne dodatki chmurowe dla Twojej strony www. Mo\u017cemy zagwarantowa\u0107 szybkie wsparcie oraz szybko\u015b\u0107 wczytywania. Aplikacji Elfsight s\u0142u\u017c\u0105 w\u0142a\u015bcicielom witryn e-commerce, edukacyjnych i innym z ca\u0142ego \u015bwiata zaradzi\u0107 kluczowymi problemami bardziej efektywnie. Mo\u017cesz&#8230;","protected":false},"author":13,"featured_media":0,"parent":0,"menu_order":0,"comment_status":"closed","ping_status":"closed","template":"templates\/template-platform.php","meta":{"publish_to_discourse":"","publish_post_category":"","wpdc_auto_publish_overridden":"","wpdc_topic_tags":"","wpdc_pin_topic":"","wpdc_pin_until":"","discourse_post_id":"","discourse_permalink":"","wpdc_publishing_response":"","wpdc_publishing_error":"","footnotes":""},"class_list":["post-101","page","type-page","status-publish","hentry"],"yoast_head":"<!-- This site is optimized with the Yoast SEO plugin v25.3.1 - https:\/\/yoast.com\/wordpress\/plugins\/seo\/ -->\n<title>Ponad 80 darmowych Magento extensions dla strony internetowej<\/title>\n<meta name=\"description\" content=\"Zestaw darmowych wtyczek pierwszej klasy dla twojej witryny internetowej Magento. Pom\u00f3c przy dostosowanie oraz rozbudowana gama mo\u017cliwo\u015bci.\" \/>\n<meta name=\"robots\" content=\"index, follow, max-snippet:-1, max-image-preview:large, max-video-preview:-1\" \/>\n<link rel=\"canonical\" href=\"https:\/\/elfsight.com\/pl\/magento-extensions\/\" \/>\n<meta property=\"og:locale\" content=\"pl_PL\" \/>\n<meta property=\"og:type\" content=\"article\" \/>\n<meta property=\"og:title\" content=\"Ponad 80 darmowych Magento extensions dla strony internetowej\" \/>\n<meta property=\"og:description\" content=\"Zestaw darmowych wtyczek pierwszej klasy dla twojej witryny internetowej Magento. Pom\u00f3c przy dostosowanie oraz rozbudowana gama mo\u017cliwo\u015bci.\" \/>\n<meta property=\"og:url\" content=\"https:\/\/elfsight.com\/pl\/magento-extensions\/\" \/>\n<meta property=\"og:site_name\" content=\"Elfsight PL\" \/>\n<meta property=\"article:modified_time\" content=\"2021-04-21T13:27:49+00:00\" \/>\n<meta name=\"twitter:card\" content=\"summary_large_image\" \/>\n<meta name=\"twitter:label1\" content=\"Szacowany czas czytania\" \/>\n\t<meta name=\"twitter:data1\" content=\"1 minuta\" \/>\n<!-- \/ Yoast SEO plugin. -->","yoast_head_json":{"title":"Ponad 80 darmowych Magento extensions dla strony internetowej","description":"Zestaw darmowych wtyczek pierwszej klasy dla twojej witryny internetowej Magento. Pom\u00f3c przy dostosowanie oraz rozbudowana gama mo\u017cliwo\u015bci.","robots":{"index":"index","follow":"follow","max-snippet":"max-snippet:-1","max-image-preview":"max-image-preview:large","max-video-preview":"max-video-preview:-1"},"canonical":"https:\/\/elfsight.com\/pl\/magento-extensions\/","og_locale":"pl_PL","og_type":"article","og_title":"Ponad 80 darmowych Magento extensions dla strony internetowej","og_description":"Zestaw darmowych wtyczek pierwszej klasy dla twojej witryny internetowej Magento. Pom\u00f3c przy dostosowanie oraz rozbudowana gama mo\u017cliwo\u015bci.","og_url":"https:\/\/elfsight.com\/pl\/magento-extensions\/","og_site_name":"Elfsight PL","article_modified_time":"2021-04-21T13:27:49+00:00","twitter_card":"summary_large_image","twitter_misc":{"Szacowany czas czytania":"1 minuta"},"schema":{"@context":"https:\/\/schema.org","@graph":[{"@type":"WebPage","@id":"https:\/\/elfsight.com\/pl\/magento-extensions\/","url":"https:\/\/elfsight.com\/pl\/magento-extensions\/","name":"Ponad 80 darmowych Magento extensions dla strony internetowej","isPartOf":{"@id":"https:\/\/elfsight.com\/pl\/#website"},"datePublished":"2020-11-13T08:51:14+00:00","dateModified":"2021-04-21T13:27:49+00:00","description":"Zestaw darmowych wtyczek pierwszej klasy dla twojej witryny internetowej Magento. Pom\u00f3c przy dostosowanie oraz rozbudowana gama mo\u017cliwo\u015bci.","breadcrumb":{"@id":"https:\/\/elfsight.com\/pl\/magento-extensions\/#breadcrumb"},"inLanguage":"pl-PL","potentialAction":[{"@type":"ReadAction","target":["https:\/\/elfsight.com\/pl\/magento-extensions\/"]}]},{"@type":"BreadcrumbList","@id":"https:\/\/elfsight.com\/pl\/magento-extensions\/#breadcrumb","itemListElement":[{"@type":"ListItem","position":1,"name":"Home","item":"https:\/\/elfsight.com\/pl\/"},{"@type":"ListItem","position":2,"name":"Magento extensions"}]},{"@type":"WebSite","@id":"https:\/\/elfsight.com\/pl\/#website","url":"https:\/\/elfsight.com\/pl\/","name":"Elfsight PL","description":"Just another Elfsight Sites site","potentialAction":[{"@type":"SearchAction","target":{"@type":"EntryPoint","urlTemplate":"https:\/\/elfsight.com\/pl\/?s={search_term_string}"},"query-input":{"@type":"PropertyValueSpecification","valueRequired":true,"valueName":"search_term_string"}}],"inLanguage":"pl-PL"}]}},"meta_box":{"industry":"","seo_heading":"","heading":"","description":"","cta_heading":"","cta_description":"","application":"","h1":"Najlepsze Magento extensions","h1_caption":"Gratisowy zestaw nowych wtyczek wysokiej klasy z szerokim zakresem funkcji dla zwi\u0119kszenia aktywno\u015bci u\u017cytkownik\u00f3w i dokonania wszystkich r\u00f3\u017cnych cel\u00f3w marketingowych. Proste wdro\u017cenie, szeroki asortyment opcji personalizacji i zawodowy serwis pomocy klienta.","application_category":[],"applications_title":"Wypr\u00f3buj najbardziej odpowiednie extensions dla twojej strony internetowej w\u015br\u00f3d wszystkich wtyczek gratisowych w wersji demonstracyjnej","applications_request_title":"Nie mo\u017cesz znale\u017a\u0107 odpowiedni extension?","applications_request_button_text":"Zam\u00f3w extension","hero_text":"","hero_video":"","hero_video_schema_markup":"","selling_points_title":"","selling_points_caption":"","selling_points":[],"selling_points_cta_text":"","features_title":"","features":"","ed_cta_examples_text":"","ed_cta_examples_hidden":"","ed_cta_demo_text":"","ed_cta_demo_hidden":"","why_caption":"","why_editor_title":"","why_editor_text":"","why_team_title":"","why_team_text":"","why_service_title":"","why_service_text":"","template_catalog_visible":"","template_catalog_title":"","template_catalog_text":"","template_catalog_categories_visible":"","demo_title":"","demo_caption":"","default_faq_hidden":"","app_template_category":[],"platform":"92","template_public_id":"","codecanyon_url":"","codecanyon_item_id":"","codecanyon_price":"","pricing_caption":"","pricing_elfsight_apps_hide_column":"","pricing_elfsight_apps_url":"","pricing_codecanyon_price_caption":"","integration_category":[],"integration_request_title":"","integration_request_cta":"","integration_platform":"","integrations":[],"platform_category":[],"video_schema_markup":"","price":"","trial":"","benefits":[],"button_url":"","button_target_blank":"","button_nofollow":"","attributes":[],"tags":[],"tags_disable_links":"","hide_more_platforms":"","video_object":"","demo_hide_cta":"","demo_hide_cloud_options":"","pricing_title":"","pricing":[],"related_apps_title":"","related_apps_hidden":"","author":"","image":[],"title":"","job":"","social_networks":[]},"_links":{"self":[{"href":"https:\/\/elfsight.com\/pl\/wp-json\/wp\/v2\/pages\/101","targetHints":{"allow":["GET"]}}],"collection":[{"href":"https:\/\/elfsight.com\/pl\/wp-json\/wp\/v2\/pages"}],"about":[{"href":"https:\/\/elfsight.com\/pl\/wp-json\/wp\/v2\/types\/page"}],"author":[{"embeddable":true,"href":"https:\/\/elfsight.com\/pl\/wp-json\/wp\/v2\/users\/13"}],"replies":[{"embeddable":true,"href":"https:\/\/elfsight.com\/pl\/wp-json\/wp\/v2\/comments?post=101"}],"version-history":[{"count":2,"href":"https:\/\/elfsight.com\/pl\/wp-json\/wp\/v2\/pages\/101\/revisions"}],"predecessor-version":[{"id":103,"href":"https:\/\/elfsight.com\/pl\/wp-json\/wp\/v2\/pages\/101\/revisions\/103"}],"wp:attachment":[{"href":"https:\/\/elfsight.com\/pl\/wp-json\/wp\/v2\/media?parent=101"}],"curies":[{"name":"wp","href":"https:\/\/api.w.org\/{rel}","templated":true}]}}