{"id":10048,"date":"2025-01-15T14:33:30","date_gmt":"2025-01-15T14:33:30","guid":{"rendered":"https:\/\/elfsight.com\/pl\/?page_id=10048"},"modified":"2025-07-10T06:00:36","modified_gmt":"2025-07-10T06:00:36","slug":"webflow","status":"publish","type":"page","link":"https:\/\/elfsight.com\/pl\/chatgpt-widget\/webflow\/","title":{"rendered":"ChatGPT &#8211; Webflow"},"content":{"rendered":"<div class=\"application-platform-content-item-description application-platform-content-item\" id=\"description\" data-nav-section=\"description\">\n<h2>Osad\u017a ChatGPT w Webflow za pomoc\u0105 wid\u017cetu Elfsight<\/h2>\n<p>Wid\u017cet ChatGPT usprawnia komunikacj\u0119 z klientami na Twojej stronie internetowej, automatyzuj\u0105c procesy i zapewniaj\u0105c p\u0142ynne, spersonalizowane do\u015bwiadczenia. Dzi\u0119ki nieograniczonym czatom, dostosowanym odpowiedziom i wyj\u0105tkowym funkcjom szkoleniowym gwarantuje p\u0142ynne i wydajne dzia\u0142anie, dostarczaj\u0105c jednocze\u015bnie najwy\u017cszej jako\u015bci, naturalnie brzmi\u0105ce odpowiedzi w r\u00f3\u017cnych j\u0119zykach. <\/p>\n<p>Stworzony z szablonami bran\u017cowymi, wid\u017cet koncentruje si\u0119 na celach Twojej firmy, niezale\u017cnie od tego, czy chodzi o pomoc klientom, wskaz\u00f3wki dotycz\u0105ce produkt\u00f3w czy zarz\u0105dzanie opiniami. Gromadzi szczeg\u00f3\u0142owe informacje z interakcji, oferuj\u0105c spostrze\u017cenia w celu udoskonalenia proces\u00f3w i poprawy do\u015bwiadcze\u0144 u\u017cytkownik\u00f3w. Osad\u017a integracj\u0119 ChatGPT na swojej stronie internetowej, aby uzyska\u0107 inteligentniejsz\u0105, bardziej konstruktywn\u0105 obs\u0142ug\u0119 klienta. <\/p>\n<p><b>Dodaj nasz ChatGPT do swojej strony internetowej Webflow i zapewnij inteligentniejsz\u0105, szybsz\u0105 pomoc techniczn\u0105! <\/b><\/p>\n<p><\/div> <div class=\"application-platform-content-item-features application-platform-content-item\" id=\"features\" data-nav-section=\"features\"> <\/p>\n<h2>To tylko kilka z wielu funkcji wid\u017cetu: <\/h2>\n<ul>\n<li><b>Najwy\u017cszej klasy inteligencja AI. <\/b> Wyposa\u017cona w jeden z najbardziej zaawansowanych modeli AI do tej pory, oferuj\u0105cy inteligentne, trafne odpowiedzi dla Twoich klient\u00f3w. <\/li>\n<li><b>Szkolenie z plikami i pytaniami i odpowiedziami. <\/b> Bezproblemowo szkol swojego asystenta, korzystaj\u0105c z przes\u0142anych plik\u00f3w, par pyta\u0144 i odpowiedzi oraz fragment\u00f3w tekstu w celu usprawnienia konfiguracji. <\/li>\n<li><b>Zapami\u0119tuje dane klient\u00f3w i tre\u015bci czat\u00f3w. <\/b> Asystent mo\u017ce zapami\u0119tywa\u0107 klient\u00f3w i zwraca\u0107 si\u0119 do nich po imieniu, skupiaj\u0105c si\u0119 na ich pro\u015bbie. <\/li>\n<li><b>Nieograniczona liczba czat\u00f3w i u\u017cytkownik\u00f3w. <\/b> Widget jest w stanie utrzymywa\u0107 nieograniczon\u0105 interakcj\u0119 z dowoln\u0105 liczb\u0105 u\u017cytkownik\u00f3w, aby by\u0107 r\u00f3wnie pomocnym na ka\u017cdym czacie. <\/li>\n<li><b>Czytelne formaty odpowiedzi.<\/b> Asystent poprawia czytelno\u015b\u0107, u\u017cywaj\u0105c list, pogrubionego tekstu, link\u00f3w i innych mo\u017cliwo\u015bci formatowania, aby u\u0142atwi\u0107 zrozumienie odpowiedzi. <\/li>\n<\/ul>\n<p><a href=\"#demo\">Przyjazny dla u\u017cytkownika edytor mo\u017ce pokaza\u0107 Ci, jak dzia\u0142aj\u0105 funkcje i ustawienia bezpo\u015brednio na tej stronie<\/a><\/p>\n<p><\/div> <div class=\"application-platform-content-item-installation application-platform-content-item\" id=\"installation\" data-nav-section=\"installation\"> <\/p>\n<h2>Jak osadzi\u0107 ChatGPT w mojej witrynie Webflow? <\/h2>\n<p>Oto prosty przewodnik, jak skonfigurowa\u0107 wid\u017cet w swojej witrynie Webflow. Zajmie to tylko kilka minut i nie wymaga kodowania. <\/p>\n<ol>\n<li><strong>Zbuduj w\u0142asny wid\u017cet ChatGPT<\/strong><br \/> Zacznij od dowolnego szablonu w edytorze, pracuj z przyjaznymi dla u\u017cytkownika elementami w nim zawartymi i dostosuj wid\u017cet do po\u017c\u0105danego projektu i opcji. <\/li>\n<li><strong>Otrzymaj osobisty kod do osadzenia wid\u017cetu<\/strong><br \/> Gdy tylko sko\u0144czysz tworzy\u0107 wid\u017cet, otrzymasz indywidualny kod HTML na pulpicie. Skopiuj ten kod, kt\u00f3ry zawiera wszystkie informacje o Twoich ustawieniach. <\/li>\n<li><strong>Zaprezentuj wid\u017cet na swojej stronie Webflow<\/strong><br \/> Zdefiniuj sekcje swojej strony, w kt\u00f3rych chcesz zaprezentowa\u0107 ChatGPT i wklej tam kod. Zapisz zmiany. <\/li>\n<\/ol>\n<p>Gotowe! Teraz sprawd\u017a, jak wid\u017cet dzia\u0142a na Twojej stronie. <\/p>\n<p>Je\u015bli musisz poradzi\u0107 sobie z jakimikolwiek niedogodno\u015bciami podczas osadzania wid\u017cetu na stronie, nie wahaj si\u0119 skontaktowa\u0107 z naszym centrum pomocy. Z przyjemno\u015bci\u0105 pomo\u017cemy Ci doda\u0107 i zarz\u0105dza\u0107 czatem. <\/p>\n<p><\/div><\/p>\n","protected":false},"excerpt":{"rendered":"","protected":false},"author":9,"featured_media":0,"parent":10085,"menu_order":0,"comment_status":"closed","ping_status":"closed","template":"templates\/template-application-platform.php","meta":{"publish_to_discourse":"","publish_post_category":"","wpdc_auto_publish_overridden":"","wpdc_topic_tags":"","wpdc_pin_topic":"","wpdc_pin_until":"","discourse_post_id":"","discourse_permalink":"","wpdc_publishing_response":"","wpdc_publishing_error":"","footnotes":""},"class_list":["post-10048","page","type-page","status-publish","hentry"],"yoast_head":"<!-- This site is optimized with the Yoast SEO plugin v25.3.1 - https:\/\/yoast.com\/wordpress\/plugins\/seo\/ -->\n<title>Wid\u017cet Webflow ChatGPT \u2014 dodaj czat AI do swojej witryny Webflow [ZA DARMO]<\/title>\n<meta name=\"description\" content=\"Dodaj bezkodowy widget ChatGPT na swojej stronie Webflow. Wypr\u00f3buj edytor online Elfsight, aby \u0142atwo wygenerowa\u0107 w\u0142asne rozwi\u0105zanie.\" \/>\n<meta name=\"robots\" content=\"index, follow, max-snippet:-1, max-image-preview:large, max-video-preview:-1\" \/>\n<link rel=\"canonical\" href=\"https:\/\/elfsight.com\/pl\/chatgpt-widget\/webflow\/\" \/>\n<meta property=\"og:locale\" content=\"pl_PL\" \/>\n<meta property=\"og:type\" content=\"article\" \/>\n<meta property=\"og:title\" content=\"Wid\u017cet Webflow ChatGPT \u2014 dodaj czat AI do swojej witryny Webflow [ZA DARMO]\" \/>\n<meta property=\"og:description\" content=\"Dodaj bezkodowy widget ChatGPT na swojej stronie Webflow. Wypr\u00f3buj edytor online Elfsight, aby \u0142atwo wygenerowa\u0107 w\u0142asne rozwi\u0105zanie.\" \/>\n<meta property=\"og:url\" content=\"https:\/\/elfsight.com\/pl\/chatgpt-widget\/webflow\/\" \/>\n<meta property=\"og:site_name\" content=\"Elfsight PL\" \/>\n<meta property=\"article:modified_time\" content=\"2025-07-10T06:00:36+00:00\" \/>\n<meta name=\"twitter:card\" content=\"summary_large_image\" \/>\n<meta name=\"twitter:label1\" content=\"Szacowany czas czytania\" \/>\n\t<meta name=\"twitter:data1\" content=\"2 minuty\" \/>\n<!-- \/ Yoast SEO plugin. -->","yoast_head_json":{"title":"Wid\u017cet Webflow ChatGPT \u2014 dodaj czat AI do swojej witryny Webflow [ZA DARMO]","description":"Dodaj bezkodowy widget ChatGPT na swojej stronie Webflow. Wypr\u00f3buj edytor online Elfsight, aby \u0142atwo wygenerowa\u0107 w\u0142asne rozwi\u0105zanie.","robots":{"index":"index","follow":"follow","max-snippet":"max-snippet:-1","max-image-preview":"max-image-preview:large","max-video-preview":"max-video-preview:-1"},"canonical":"https:\/\/elfsight.com\/pl\/chatgpt-widget\/webflow\/","og_locale":"pl_PL","og_type":"article","og_title":"Wid\u017cet Webflow ChatGPT \u2014 dodaj czat AI do swojej witryny Webflow [ZA DARMO]","og_description":"Dodaj bezkodowy widget ChatGPT na swojej stronie Webflow. Wypr\u00f3buj edytor online Elfsight, aby \u0142atwo wygenerowa\u0107 w\u0142asne rozwi\u0105zanie.","og_url":"https:\/\/elfsight.com\/pl\/chatgpt-widget\/webflow\/","og_site_name":"Elfsight PL","article_modified_time":"2025-07-10T06:00:36+00:00","twitter_card":"summary_large_image","twitter_misc":{"Szacowany czas czytania":"2 minuty"},"schema":{"@context":"https:\/\/schema.org","@graph":[{"@type":"WebPage","@id":"https:\/\/elfsight.com\/pl\/chatgpt-widget\/webflow\/","url":"https:\/\/elfsight.com\/pl\/chatgpt-widget\/webflow\/","name":"Wid\u017cet Webflow ChatGPT \u2014 dodaj czat AI do swojej witryny Webflow [ZA DARMO]","isPartOf":{"@id":"https:\/\/elfsight.com\/pl\/#website"},"datePublished":"2025-01-15T14:33:30+00:00","dateModified":"2025-07-10T06:00:36+00:00","description":"Dodaj bezkodowy widget ChatGPT na swojej stronie Webflow. Wypr\u00f3buj edytor online Elfsight, aby \u0142atwo wygenerowa\u0107 w\u0142asne rozwi\u0105zanie.","breadcrumb":{"@id":"https:\/\/elfsight.com\/pl\/chatgpt-widget\/webflow\/#breadcrumb"},"inLanguage":"pl-PL","potentialAction":[{"@type":"ReadAction","target":["https:\/\/elfsight.com\/pl\/chatgpt-widget\/webflow\/"]}]},{"@type":"BreadcrumbList","@id":"https:\/\/elfsight.com\/pl\/chatgpt-widget\/webflow\/#breadcrumb","itemListElement":[{"@type":"ListItem","position":1,"name":"Home","item":"https:\/\/elfsight.com\/pl\/"},{"@type":"ListItem","position":2,"name":"ChatGPT","item":"https:\/\/elfsight.com\/pl\/chatgpt-widget\/"},{"@type":"ListItem","position":3,"name":"ChatGPT &#8211; Webflow"}]},{"@type":"WebSite","@id":"https:\/\/elfsight.com\/pl\/#website","url":"https:\/\/elfsight.com\/pl\/","name":"Elfsight PL","description":"Just another Elfsight Sites site","potentialAction":[{"@type":"SearchAction","target":{"@type":"EntryPoint","urlTemplate":"https:\/\/elfsight.com\/pl\/?s={search_term_string}"},"query-input":{"@type":"PropertyValueSpecification","valueRequired":true,"valueName":"search_term_string"}}],"inLanguage":"pl-PL"}]}},"meta_box":{"industry":"","seo_heading":"","heading":"","description":"","cta_heading":"","cta_description":"","application":"9684","h1":"Wid\u017cet ChatGPT dla witryny Webflow","h1_caption":"Zintegruj wielofunkcyjny ChatGPT ze swoj\u0105 witryn\u0105 Webflow, aby uzyska\u0107 samoucz\u0105cego si\u0119 asystenta AI, kt\u00f3ry jest zawsze dost\u0119pny, aby prowadzi\u0107 i pomaga\u0107 Twoim klientom, zbiera\u0107 leady i opisywa\u0107 Twoje produkty i us\u0142ugi.","application_category":[],"applications_title":"","applications_request_title":"","applications_request_button_text":"","hero_text":"","hero_video":"","hero_video_schema_markup":"","selling_points_title":"","selling_points_caption":"","selling_points":[],"selling_points_cta_text":"","features_title":"","features":"","ed_cta_examples_text":"","ed_cta_examples_hidden":"","ed_cta_demo_text":"","ed_cta_demo_hidden":"","why_caption":"","why_editor_title":"","why_editor_text":"","why_team_title":"","why_team_text":"","why_service_title":"","why_service_text":"","template_catalog_visible":"","template_catalog_title":"","template_catalog_text":"","template_catalog_categories_visible":"","demo_title":"Utw\u00f3rz sw\u00f3j widget ChatGPT","demo_caption":"Skonfiguruj ChatGPT i dodaj go do swojej witryny Webflow zupe\u0142nie za darmo!","default_faq_hidden":"","app_template_category":[],"platform":"127","template_public_id":"","codecanyon_url":"","codecanyon_item_id":"","codecanyon_price":"","pricing_caption":"","pricing_elfsight_apps_hide_column":"","pricing_elfsight_apps_url":"","pricing_codecanyon_price_caption":"","integration_category":[],"integration_request_title":"","integration_request_cta":"","integration_platform":"","integrations":[],"platform_category":[],"video_schema_markup":"","price":"od 0 z\u0142\/miesi\u0105c","trial":"","benefits":[],"button_url":"#demo","button_target_blank":"0","button_nofollow":"","attributes":[{"name":"Instaluje","content":"50,000 - 100,000","_state":""},{"name":"Czu\u0142y","content":"Tak","_state":""},{"name":"Kompatybilne przegl\u0105darki","content":"Firefox, Safari, Opera, Chrome, Edge","_state":""}],"tags":[],"tags_disable_links":"","hide_more_platforms":"","video_object":"","demo_hide_cta":"","demo_hide_cloud_options":"","pricing_title":"","pricing":[{"pricing_icon":"platform","pricing_title":"Elfsight Apps","pricing_title_caption":"Rozwi\u0105zanie wieloplatformowe, kt\u00f3re sprawdzi si\u0119 w ka\u017cdej witrynie","pricing_price":"od 0 z\u0142\/miesi\u0105c","pricing_price_caption":"zacznij od darmowego planu","pricing_button_text":"Dodaj do witryny","pricing_button_url":"#demo"}],"related_apps_title":"","related_apps_hidden":"","author":"","image":[],"title":"","job":"","social_networks":[]},"_links":{"self":[{"href":"https:\/\/elfsight.com\/pl\/wp-json\/wp\/v2\/pages\/10048","targetHints":{"allow":["GET"]}}],"collection":[{"href":"https:\/\/elfsight.com\/pl\/wp-json\/wp\/v2\/pages"}],"about":[{"href":"https:\/\/elfsight.com\/pl\/wp-json\/wp\/v2\/types\/page"}],"author":[{"embeddable":true,"href":"https:\/\/elfsight.com\/pl\/wp-json\/wp\/v2\/users\/9"}],"replies":[{"embeddable":true,"href":"https:\/\/elfsight.com\/pl\/wp-json\/wp\/v2\/comments?post=10048"}],"version-history":[{"count":1,"href":"https:\/\/elfsight.com\/pl\/wp-json\/wp\/v2\/pages\/10048\/revisions"}],"predecessor-version":[{"id":10052,"href":"https:\/\/elfsight.com\/pl\/wp-json\/wp\/v2\/pages\/10048\/revisions\/10052"}],"up":[{"embeddable":true,"href":"https:\/\/elfsight.com\/pl\/wp-json\/wp\/v2\/pages\/10085"}],"wp:attachment":[{"href":"https:\/\/elfsight.com\/pl\/wp-json\/wp\/v2\/media?parent=10048"}],"curies":[{"name":"wp","href":"https:\/\/api.w.org\/{rel}","templated":true}]}}