{"id":10038,"date":"2025-01-15T15:03:52","date_gmt":"2025-01-15T15:03:52","guid":{"rendered":"https:\/\/elfsight.com\/pl\/?page_id=10038"},"modified":"2025-07-10T05:59:53","modified_gmt":"2025-07-10T05:59:53","slug":"joomla","status":"publish","type":"page","link":"https:\/\/elfsight.com\/pl\/chatgpt-widget\/joomla\/","title":{"rendered":"ChatGPT &#8211; Joomla"},"content":{"rendered":"<div class=\"application-platform-content-item-description application-platform-content-item\" id=\"description\" data-nav-section=\"description\">\n<h2>Osad\u017a ChatGPT w Joomla z rozszerzeniem Elfsight<\/h2>\n<p>Rozszerzenie ChatGPT usprawnia komunikacj\u0119 z klientami na Twojej stronie internetowej, automatyzuj\u0105c procesy i zapewniaj\u0105c p\u0142ynne, indywidualne do\u015bwiadczenia. Dzi\u0119ki nieograniczonym czatom, dok\u0142adnym odpowiedziom i wyj\u0105tkowym funkcjom uczenia si\u0119 gwarantuje p\u0142ynne i wydajne dzia\u0142anie, dostarczaj\u0105c jednocze\u015bnie najwy\u017cszej jako\u015bci, naturalnie brzmi\u0105ce odpowiedzi w r\u00f3\u017cnych j\u0119zykach. <\/p>\n<p>Stworzone z szablon\u00f3w bran\u017cowych rozszerzenie koncentruje si\u0119 na potrzebach Twojej firmy, niezale\u017cnie od tego, czy chodzi o obs\u0142ug\u0119 klienta, wskaz\u00f3wki dotycz\u0105ce produktu czy zarz\u0105dzanie opiniami. Gromadzi szczeg\u00f3\u0142owe dane z komunikacji, dostarczaj\u0105c spostrze\u017ce\u0144 w celu udoskonalenia Twoich proces\u00f3w i poprawy do\u015bwiadcze\u0144 klient\u00f3w. Osad\u017a integracj\u0119 ChatGPT na swojej stronie internetowej, aby zapewni\u0107 inteligentniejsz\u0105, bardziej konstruktywn\u0105 obs\u0142ug\u0119 klienta. <\/p>\n<p><b>Dodaj nasz ChatGPT do swojej strony internetowej Joomla i odblokuj przysz\u0142o\u015b\u0107 zautomatyzowanej obs\u0142ugi! <\/b><\/p>\n<p><\/div> <div class=\"application-platform-content-item-features application-platform-content-item\" id=\"features\" data-nav-section=\"features\"> <\/p>\n<h2>Oto podstawowe funkcje rozszerzenia: <\/h2>\n<ul>\n<li><b>Najwy\u017cszej klasy inteligencja AI. <\/b> Nap\u0119dzana jednym z najbardziej zaawansowanych modeli AI do dzi\u015b, zapewniaj\u0105ca inteligentne, trafne odpowiedzi dla Twoich klient\u00f3w. <\/li>\n<li><b>Szkolenie z plikami i pytaniami i odpowiedziami. <\/b> Bezproblemowe szkolenie asystenta przy u\u017cyciu przes\u0142anych plik\u00f3w, par pyta\u0144 i odpowiedzi oraz blok\u00f3w tekstowych w celu zapewnienia bezproblemowej konfiguracji. <\/li>\n<li><b>Zapami\u0119tuje dane klient\u00f3w i tre\u015bci czat\u00f3w. <\/b> Asystent mo\u017ce zapami\u0119tywa\u0107 u\u017cytkownik\u00f3w i zwraca\u0107 si\u0119 do nich po imieniu, skupiaj\u0105c si\u0119 na ich pro\u015bbie. <\/li>\n<li><b>Nieograniczona liczba czat\u00f3w i u\u017cytkownik\u00f3w. <\/b> Rozszerzenie jest w stanie utrzymywa\u0107 nieograniczon\u0105 interakcj\u0119 z dowoln\u0105 liczb\u0105 u\u017cytkownik\u00f3w, aby pozosta\u0107 r\u00f3wnie pomocnym w ka\u017cdym czacie. <\/li>\n<li><b>Czytelne formaty odpowiedzi.<\/b> Asystent zwi\u0119ksza czytelno\u015b\u0107, u\u017cywaj\u0105c list, pogrubionego tekstu, link\u00f3w i innych mo\u017cliwo\u015bci formatowania, aby u\u0142atwi\u0107 zrozumienie odpowiedzi. <\/li>\n<\/ul>\n<p><a href=\"#demo\">Przetestuj prosty edytor, aby zobaczy\u0107, jak dzia\u0142a rozszerzenie<\/a><\/p>\n<p><\/div> <div class=\"application-platform-content-item-installation application-platform-content-item\" id=\"installation\" data-nav-section=\"installation\"> <\/p>\n<h2>Jak mog\u0119 osadzi\u0107 ChatGPT w mojej witrynie Joomla? <\/h2>\n<p>Oferujemy prosty spos\u00f3b na umieszczenie rozszerzenia w Twojej witrynie Joomla. Zajmie to tylko kilka minut i nie wymaga kodowania. <\/p>\n<ol>\n<li><strong>Utw\u00f3rz w\u0142asne rozszerzenie ChatGPT<\/strong><br \/> Zacznij od dowolnego szablonu w edytorze, pracuj z wygodnymi elementami w nim zawartymi i dostosuj rozszerzenie do preferowanego projektu i ustawie\u0144. <\/li>\n<li><strong>Uzyskaj osobisty kod do osadzenia rozszerzenia<\/strong><br \/> Po utworzeniu rozszerzenia otrzymasz indywidualny kod HTML w swoim panelu. Skopiuj ten kod, kt\u00f3ry zawiera wszystkie informacje dotycz\u0105ce Twoich zmian. <\/li>\n<li><strong>Wy\u015bwietl rozszerzenie na swojej stronie internetowej Joomla<\/strong><br \/> Wybierz sekcje swojej strony internetowej, w kt\u00f3rych chcesz zaprezentowa\u0107 ChatGPT i wklej tam kod. Zapisz zmiany. <\/li>\n<\/ol>\n<p>To wszystko! Teraz sprawd\u017a, jak rozszerzenie dzia\u0142a na Twojej stronie internetowej. <\/p>\n<p>W przypadku jakichkolwiek niedogodno\u015bci podczas osadzania rozszerzenia na swojej stronie internetowej, nie wahaj si\u0119 skontaktowa\u0107 z naszym dzia\u0142em obs\u0142ugi klienta. Z przyjemno\u015bci\u0105 poka\u017cemy Ci, jak doda\u0107 i dostosowa\u0107 czat. <\/p>\n<p><\/div><\/p>\n","protected":false},"excerpt":{"rendered":"","protected":false},"author":9,"featured_media":0,"parent":10085,"menu_order":0,"comment_status":"closed","ping_status":"closed","template":"templates\/template-application-platform.php","meta":{"publish_to_discourse":"","publish_post_category":"","wpdc_auto_publish_overridden":"","wpdc_topic_tags":"","wpdc_pin_topic":"","wpdc_pin_until":"","discourse_post_id":"","discourse_permalink":"","wpdc_publishing_response":"","wpdc_publishing_error":"","footnotes":""},"class_list":["post-10038","page","type-page","status-publish","hentry"],"yoast_head":"<!-- This site is optimized with the Yoast SEO plugin v25.3.1 - https:\/\/yoast.com\/wordpress\/plugins\/seo\/ -->\n<title>Rozszerzenie Joomla ChatGPT \u2014 dodaj czat AI do swojej witryny Joomla [ZA DARMO]<\/title>\n<meta name=\"description\" content=\"Dodaj rozszerzenie ChatGPT bez kodu na swojej stronie Joomla. Sprawd\u017a edytor online Elfsight, aby bez wysi\u0142ku zbudowa\u0107 swoje osobiste rozwi\u0105zanie.\" \/>\n<meta name=\"robots\" content=\"index, follow, max-snippet:-1, max-image-preview:large, max-video-preview:-1\" \/>\n<link rel=\"canonical\" href=\"https:\/\/elfsight.com\/pl\/chatgpt-widget\/joomla\/\" \/>\n<meta property=\"og:locale\" content=\"pl_PL\" \/>\n<meta property=\"og:type\" content=\"article\" \/>\n<meta property=\"og:title\" content=\"Rozszerzenie Joomla ChatGPT \u2014 dodaj czat AI do swojej witryny Joomla [ZA DARMO]\" \/>\n<meta property=\"og:description\" content=\"Dodaj rozszerzenie ChatGPT bez kodu na swojej stronie Joomla. Sprawd\u017a edytor online Elfsight, aby bez wysi\u0142ku zbudowa\u0107 swoje osobiste rozwi\u0105zanie.\" \/>\n<meta property=\"og:url\" content=\"https:\/\/elfsight.com\/pl\/chatgpt-widget\/joomla\/\" \/>\n<meta property=\"og:site_name\" content=\"Elfsight PL\" \/>\n<meta property=\"article:modified_time\" content=\"2025-07-10T05:59:53+00:00\" \/>\n<meta name=\"twitter:card\" content=\"summary_large_image\" \/>\n<meta name=\"twitter:label1\" content=\"Szacowany czas czytania\" \/>\n\t<meta name=\"twitter:data1\" content=\"2 minuty\" \/>\n<!-- \/ Yoast SEO plugin. -->","yoast_head_json":{"title":"Rozszerzenie Joomla ChatGPT \u2014 dodaj czat AI do swojej witryny Joomla [ZA DARMO]","description":"Dodaj rozszerzenie ChatGPT bez kodu na swojej stronie Joomla. Sprawd\u017a edytor online Elfsight, aby bez wysi\u0142ku zbudowa\u0107 swoje osobiste rozwi\u0105zanie.","robots":{"index":"index","follow":"follow","max-snippet":"max-snippet:-1","max-image-preview":"max-image-preview:large","max-video-preview":"max-video-preview:-1"},"canonical":"https:\/\/elfsight.com\/pl\/chatgpt-widget\/joomla\/","og_locale":"pl_PL","og_type":"article","og_title":"Rozszerzenie Joomla ChatGPT \u2014 dodaj czat AI do swojej witryny Joomla [ZA DARMO]","og_description":"Dodaj rozszerzenie ChatGPT bez kodu na swojej stronie Joomla. Sprawd\u017a edytor online Elfsight, aby bez wysi\u0142ku zbudowa\u0107 swoje osobiste rozwi\u0105zanie.","og_url":"https:\/\/elfsight.com\/pl\/chatgpt-widget\/joomla\/","og_site_name":"Elfsight PL","article_modified_time":"2025-07-10T05:59:53+00:00","twitter_card":"summary_large_image","twitter_misc":{"Szacowany czas czytania":"2 minuty"},"schema":{"@context":"https:\/\/schema.org","@graph":[{"@type":"WebPage","@id":"https:\/\/elfsight.com\/pl\/chatgpt-widget\/joomla\/","url":"https:\/\/elfsight.com\/pl\/chatgpt-widget\/joomla\/","name":"Rozszerzenie Joomla ChatGPT \u2014 dodaj czat AI do swojej witryny Joomla [ZA DARMO]","isPartOf":{"@id":"https:\/\/elfsight.com\/pl\/#website"},"datePublished":"2025-01-15T15:03:52+00:00","dateModified":"2025-07-10T05:59:53+00:00","description":"Dodaj rozszerzenie ChatGPT bez kodu na swojej stronie Joomla. Sprawd\u017a edytor online Elfsight, aby bez wysi\u0142ku zbudowa\u0107 swoje osobiste rozwi\u0105zanie.","breadcrumb":{"@id":"https:\/\/elfsight.com\/pl\/chatgpt-widget\/joomla\/#breadcrumb"},"inLanguage":"pl-PL","potentialAction":[{"@type":"ReadAction","target":["https:\/\/elfsight.com\/pl\/chatgpt-widget\/joomla\/"]}]},{"@type":"BreadcrumbList","@id":"https:\/\/elfsight.com\/pl\/chatgpt-widget\/joomla\/#breadcrumb","itemListElement":[{"@type":"ListItem","position":1,"name":"Home","item":"https:\/\/elfsight.com\/pl\/"},{"@type":"ListItem","position":2,"name":"ChatGPT","item":"https:\/\/elfsight.com\/pl\/chatgpt-widget\/"},{"@type":"ListItem","position":3,"name":"ChatGPT &#8211; Joomla"}]},{"@type":"WebSite","@id":"https:\/\/elfsight.com\/pl\/#website","url":"https:\/\/elfsight.com\/pl\/","name":"Elfsight PL","description":"Just another Elfsight Sites site","potentialAction":[{"@type":"SearchAction","target":{"@type":"EntryPoint","urlTemplate":"https:\/\/elfsight.com\/pl\/?s={search_term_string}"},"query-input":{"@type":"PropertyValueSpecification","valueRequired":true,"valueName":"search_term_string"}}],"inLanguage":"pl-PL"}]}},"meta_box":{"industry":"","seo_heading":"","heading":"","description":"","cta_heading":"","cta_description":"","application":"9684","h1":"Rozszerzenie ChatGPT dla witryny Joomla","h1_caption":"Zintegruj wszechstronny ChatGPT ze swoj\u0105 witryn\u0105 Joomla, aby uzyska\u0107 samoucz\u0105cego si\u0119 asystenta AI, kt\u00f3ry jest zawsze dost\u0119pny, aby prowadzi\u0107 i wspiera\u0107 Twoich klient\u00f3w, pozyskiwa\u0107 potencjalnych klient\u00f3w i promowa\u0107 Twoje produkty i us\u0142ugi.","application_category":[],"applications_title":"","applications_request_title":"","applications_request_button_text":"","hero_text":"","hero_video":"","hero_video_schema_markup":"","selling_points_title":"","selling_points_caption":"","selling_points":[],"selling_points_cta_text":"","features_title":"","features":"","ed_cta_examples_text":"","ed_cta_examples_hidden":"","ed_cta_demo_text":"","ed_cta_demo_hidden":"","why_caption":"","why_editor_title":"","why_editor_text":"","why_team_title":"","why_team_text":"","why_service_title":"","why_service_text":"","template_catalog_visible":"","template_catalog_title":"","template_catalog_text":"","template_catalog_categories_visible":"","demo_title":"Utw\u00f3rz rozszerzenie ChatGPT","demo_caption":"Skonfiguruj ChatGPT i dodaj go do swojej witryny Joomla za darmo!","default_faq_hidden":"","app_template_category":[],"platform":"53","template_public_id":"","codecanyon_url":"","codecanyon_item_id":"","codecanyon_price":"","pricing_caption":"","pricing_elfsight_apps_hide_column":"","pricing_elfsight_apps_url":"","pricing_codecanyon_price_caption":"","integration_category":[],"integration_request_title":"","integration_request_cta":"","integration_platform":"","integrations":[],"platform_category":[],"video_schema_markup":"","price":"od 0 z\u0142\/miesi\u0105c","trial":"","benefits":[],"button_url":"#demo","button_target_blank":"0","button_nofollow":"","attributes":[{"name":"Instaluje","content":"50,000 - 100,000","_state":""},{"name":"Czu\u0142y","content":"Tak","_state":""},{"name":"Kompatybilne przegl\u0105darki","content":"Firefox, Safari, Opera, Chrome, Edge","_state":""}],"tags":[],"tags_disable_links":"","hide_more_platforms":"","video_object":"","demo_hide_cta":"","demo_hide_cloud_options":"","pricing_title":"","pricing":[{"pricing_icon":"platform","pricing_title":"Elfsight Apps","pricing_title_caption":"Rozwi\u0105zanie multiplatformowe, kt\u00f3re sprawdzi si\u0119 w ka\u017cdej witrynie","pricing_price":"od 0 z\u0142\/miesi\u0105c","pricing_price_caption":"zacznij od darmowego planu","pricing_button_text":"Dodaj do witryny","pricing_button_url":"#demo"}],"related_apps_title":"","related_apps_hidden":"","author":"","image":[],"title":"","job":"","social_networks":[]},"_links":{"self":[{"href":"https:\/\/elfsight.com\/pl\/wp-json\/wp\/v2\/pages\/10038","targetHints":{"allow":["GET"]}}],"collection":[{"href":"https:\/\/elfsight.com\/pl\/wp-json\/wp\/v2\/pages"}],"about":[{"href":"https:\/\/elfsight.com\/pl\/wp-json\/wp\/v2\/types\/page"}],"author":[{"embeddable":true,"href":"https:\/\/elfsight.com\/pl\/wp-json\/wp\/v2\/users\/9"}],"replies":[{"embeddable":true,"href":"https:\/\/elfsight.com\/pl\/wp-json\/wp\/v2\/comments?post=10038"}],"version-history":[{"count":1,"href":"https:\/\/elfsight.com\/pl\/wp-json\/wp\/v2\/pages\/10038\/revisions"}],"predecessor-version":[{"id":10042,"href":"https:\/\/elfsight.com\/pl\/wp-json\/wp\/v2\/pages\/10038\/revisions\/10042"}],"up":[{"embeddable":true,"href":"https:\/\/elfsight.com\/pl\/wp-json\/wp\/v2\/pages\/10085"}],"wp:attachment":[{"href":"https:\/\/elfsight.com\/pl\/wp-json\/wp\/v2\/media?parent=10038"}],"curies":[{"name":"wp","href":"https:\/\/api.w.org\/{rel}","templated":true}]}}