{"id":10014,"date":"2025-01-16T08:15:48","date_gmt":"2025-01-16T08:15:48","guid":{"rendered":"https:\/\/elfsight.com\/pl\/?page_id=10014"},"modified":"2025-07-10T05:57:59","modified_gmt":"2025-07-10T05:57:59","slug":"facebook","status":"publish","type":"page","link":"https:\/\/elfsight.com\/pl\/chatgpt-widget\/facebook\/","title":{"rendered":"ChatGPT &#8211; Facebook Page"},"content":{"rendered":"<div class=\"application-platform-content-item-description application-platform-content-item\" id=\"description\" data-nav-section=\"description\">\n<h2>Osad\u017a ChatGPT na stronie na Facebooku za pomoc\u0105 wid\u017cetu Elfsight<\/h2>\n<p>Wid\u017cet ChatGPT usprawnia komunikacj\u0119 z klientami na Twojej stronie internetowej, automatyzuj\u0105c procesy i zapewniaj\u0105c p\u0142ynne, spersonalizowane do\u015bwiadczenia. Dzi\u0119ki nieograniczonym czatom, dostosowanym odpowiedziom i wyj\u0105tkowym funkcjom uczenia si\u0119 gwarantuje p\u0142ynne i wydajne dzia\u0142anie, dostarczaj\u0105c jednocze\u015bnie najwy\u017cszej jako\u015bci, naturalnie brzmi\u0105ce odpowiedzi w wielu j\u0119zykach. <\/p>\n<p>Zaprojektowany z wykorzystaniem szablon\u00f3w bran\u017cowych, wid\u017cet dzia\u0142a w oparciu o potrzeby Twojej firmy, niezale\u017cnie od tego, czy chodzi o pomoc klientom, wyja\u015bnienie produktu czy zarz\u0105dzanie opiniami. Gromadzi szczeg\u00f3\u0142owe dane z komunikacji, dostarczaj\u0105c spostrze\u017ce\u0144 w celu udoskonalenia proces\u00f3w i ulepszenia do\u015bwiadcze\u0144 klient\u00f3w. Osad\u017a integracj\u0119 ChatGPT na swojej stronie internetowej, aby uzyska\u0107 inteligentniejsz\u0105, bardziej konstruktywn\u0105 obs\u0142ug\u0119 klienta. <\/p>\n<p><b>Dodaj nasz ChatGPT do swojej strony na Facebooku i upro\u015b\u0107 komunikacj\u0119 z klientami jak nigdy dot\u0105d! <\/b><\/p>\n<p><\/div> <div class=\"application-platform-content-item-features application-platform-content-item\" id=\"features\" data-nav-section=\"features\"> <\/p>\n<h2>Oto g\u0142\u00f3wne cechy wid\u017cetu: <\/h2>\n<ul>\n<li><b>Najwy\u017cszej klasy inteligencja AI. <\/b> Nap\u0119dzana jednym z najbardziej zaawansowanych modeli AI do dzi\u015b, zapewniaj\u0105c inteligentne, prawid\u0142owe odpowiedzi dla Twoich klient\u00f3w. <\/li>\n<li><b>Szkolenie z plikami i pytaniami i odpowiedziami. <\/b> Bezproblemowe szkolenie asystenta przy u\u017cyciu przes\u0142anych plik\u00f3w, zestaw\u00f3w pyta\u0144 i odpowiedzi oraz fragment\u00f3w tekstu w celu zapewnienia bezproblemowej konfiguracji. <\/li>\n<li><b>Zapami\u0119tuje dane klient\u00f3w i tre\u015bci czat\u00f3w. <\/b> Asystent mo\u017ce zapami\u0119tywa\u0107 klient\u00f3w i zwraca\u0107 si\u0119 do nich po imieniu, skupiaj\u0105c si\u0119 na ich zapytaniu. <\/li>\n<li><b>Nieograniczona liczba czat\u00f3w i u\u017cytkownik\u00f3w. <\/b> Wid\u017cet jest w stanie utrzymywa\u0107 nieograniczon\u0105 komunikacj\u0119 z dowoln\u0105 liczb\u0105 klient\u00f3w, dzi\u0119ki czemu jest r\u00f3wnie przydatny na ka\u017cdym czacie. <\/li>\n<li><b>Czytelne formaty odpowiedzi.<\/b> Asystent zapewnia czytelno\u015b\u0107, u\u017cywaj\u0105c list, pogrubionego tekstu, link\u00f3w i innych opcji formatowania, aby u\u0142atwi\u0107 zrozumienie odpowiedzi. <\/li>\n<\/ul>\n<p><a href=\"#demo\">Intuicyjny edytor mo\u017ce pokaza\u0107 Ci, jak funkcje i opcje dzia\u0142aj\u0105 bezpo\u015brednio na tej stronie<\/a><\/p>\n<p><\/div> <div class=\"application-platform-content-item-installation application-platform-content-item\" id=\"installation\" data-nav-section=\"installation\"> <\/p>\n<h2>Jak osadzi\u0107 ChatGPT na mojej stronie na Facebooku? <\/h2>\n<div class=\"tip-yellow tip\"><b>Ze wzgl\u0119du na ostatnie zmiany na Facebooku i przej\u015bcie na nowe \u015brodowisko strony, korzystanie z niego jest obecnie mo\u017cliwe tylko poprzez dodanie bezpo\u015bredniego \u0142\u0105cza do wid\u017cetu. Aktywnie poszukujemy rozwi\u0105zania i zaktualizujemy konfiguracj\u0119 strony na Facebooku, gdy tylko znajdziemy spos\u00f3b.<\/b><\/div>\n<p>Oto prosty spos\u00f3b na umieszczenie wid\u017cetu na stronie na Facebooku. Zajmie to tylko kilka minut i nie wymaga kodowania. <\/p>\n<ol>\n<li><strong>Zbuduj sw\u00f3j indywidualny wid\u017cet ChatGPT<\/strong><br \/> Zacznij od dowolnego szablonu w edytorze, pracuj z przyjaznymi dla u\u017cytkownika elementami w nim zawartymi i dostosuj wid\u017cet do preferowanego projektu i opcji. <\/li>\n<li><strong>Otrzymaj osobisty kod do osadzenia wid\u017cetu<\/strong><br \/> Po utworzeniu wid\u017cetu otrzymasz indywidualny kod HTML na pulpicie nawigacyjnym. Skopiuj kod, kt\u00f3ry zawiera wszystkie informacje o Twoich dostosowaniach. <\/li>\n<li><strong>Zaprezentuj wid\u017cet na swojej stronie na Facebooku<\/strong><br \/> Okre\u015bl obszary swojej strony, w kt\u00f3rych chcesz wy\u015bwietli\u0107 ChatGPT i wklej tam kod. Zapisz zmiany. <\/li>\n<\/ol>\n<p>To wszystko! Teraz sprawd\u017a, jak wid\u017cet dzia\u0142a na Twojej stronie. <\/p>\n<p>W przypadku jakichkolwiek trudno\u015bci podczas osadzania wid\u017cetu na swojej stronie internetowej, skontaktuj si\u0119 z naszym dzia\u0142em obs\u0142ugi klienta. Z przyjemno\u015bci\u0105 poprowadzimy Ci\u0119 przez proces dodawania i dostosowywania czatu. <\/p>\n<p><\/div><\/p>\n","protected":false},"excerpt":{"rendered":"","protected":false},"author":9,"featured_media":0,"parent":10085,"menu_order":0,"comment_status":"closed","ping_status":"closed","template":"templates\/template-application-platform.php","meta":{"publish_to_discourse":"","publish_post_category":"","wpdc_auto_publish_overridden":"","wpdc_topic_tags":"","wpdc_pin_topic":"","wpdc_pin_until":"","discourse_post_id":"","discourse_permalink":"","wpdc_publishing_response":"","wpdc_publishing_error":"","footnotes":""},"class_list":["post-10014","page","type-page","status-publish","hentry"],"yoast_head":"<!-- This site is optimized with the Yoast SEO plugin v25.3.1 - https:\/\/yoast.com\/wordpress\/plugins\/seo\/ -->\n<title>Wid\u017cet ChatGPT na stronie Facebooka \u2014 dodaj czat AI do swojej strony na Facebooku<\/title>\n<meta name=\"description\" content=\"Dodaj widget ChatGPT bez kodu na swojej stronie na Facebooku. Wypr\u00f3buj przyjazny dla u\u017cytkownika edytor Elfsight, aby bez wysi\u0142ku wygenerowa\u0107 swoje niestandardowe rozwi\u0105zanie.\" \/>\n<meta name=\"robots\" content=\"index, follow, max-snippet:-1, max-image-preview:large, max-video-preview:-1\" \/>\n<link rel=\"canonical\" href=\"https:\/\/elfsight.com\/pl\/chatgpt-widget\/facebook\/\" \/>\n<meta property=\"og:locale\" content=\"pl_PL\" \/>\n<meta property=\"og:type\" content=\"article\" \/>\n<meta property=\"og:title\" content=\"Wid\u017cet ChatGPT na stronie Facebooka \u2014 dodaj czat AI do swojej strony na Facebooku\" \/>\n<meta property=\"og:description\" content=\"Dodaj widget ChatGPT bez kodu na swojej stronie na Facebooku. Wypr\u00f3buj przyjazny dla u\u017cytkownika edytor Elfsight, aby bez wysi\u0142ku wygenerowa\u0107 swoje niestandardowe rozwi\u0105zanie.\" \/>\n<meta property=\"og:url\" content=\"https:\/\/elfsight.com\/pl\/chatgpt-widget\/facebook\/\" \/>\n<meta property=\"og:site_name\" content=\"Elfsight PL\" \/>\n<meta property=\"article:modified_time\" content=\"2025-07-10T05:57:59+00:00\" \/>\n<meta name=\"twitter:card\" content=\"summary_large_image\" \/>\n<meta name=\"twitter:label1\" content=\"Szacowany czas czytania\" \/>\n\t<meta name=\"twitter:data1\" content=\"3 minuty\" \/>\n<!-- \/ Yoast SEO plugin. -->","yoast_head_json":{"title":"Wid\u017cet ChatGPT na stronie Facebooka \u2014 dodaj czat AI do swojej strony na Facebooku","description":"Dodaj widget ChatGPT bez kodu na swojej stronie na Facebooku. Wypr\u00f3buj przyjazny dla u\u017cytkownika edytor Elfsight, aby bez wysi\u0142ku wygenerowa\u0107 swoje niestandardowe rozwi\u0105zanie.","robots":{"index":"index","follow":"follow","max-snippet":"max-snippet:-1","max-image-preview":"max-image-preview:large","max-video-preview":"max-video-preview:-1"},"canonical":"https:\/\/elfsight.com\/pl\/chatgpt-widget\/facebook\/","og_locale":"pl_PL","og_type":"article","og_title":"Wid\u017cet ChatGPT na stronie Facebooka \u2014 dodaj czat AI do swojej strony na Facebooku","og_description":"Dodaj widget ChatGPT bez kodu na swojej stronie na Facebooku. Wypr\u00f3buj przyjazny dla u\u017cytkownika edytor Elfsight, aby bez wysi\u0142ku wygenerowa\u0107 swoje niestandardowe rozwi\u0105zanie.","og_url":"https:\/\/elfsight.com\/pl\/chatgpt-widget\/facebook\/","og_site_name":"Elfsight PL","article_modified_time":"2025-07-10T05:57:59+00:00","twitter_card":"summary_large_image","twitter_misc":{"Szacowany czas czytania":"3 minuty"},"schema":{"@context":"https:\/\/schema.org","@graph":[{"@type":"WebPage","@id":"https:\/\/elfsight.com\/pl\/chatgpt-widget\/facebook\/","url":"https:\/\/elfsight.com\/pl\/chatgpt-widget\/facebook\/","name":"Wid\u017cet ChatGPT na stronie Facebooka \u2014 dodaj czat AI do swojej strony na Facebooku","isPartOf":{"@id":"https:\/\/elfsight.com\/pl\/#website"},"datePublished":"2025-01-16T08:15:48+00:00","dateModified":"2025-07-10T05:57:59+00:00","description":"Dodaj widget ChatGPT bez kodu na swojej stronie na Facebooku. Wypr\u00f3buj przyjazny dla u\u017cytkownika edytor Elfsight, aby bez wysi\u0142ku wygenerowa\u0107 swoje niestandardowe rozwi\u0105zanie.","breadcrumb":{"@id":"https:\/\/elfsight.com\/pl\/chatgpt-widget\/facebook\/#breadcrumb"},"inLanguage":"pl-PL","potentialAction":[{"@type":"ReadAction","target":["https:\/\/elfsight.com\/pl\/chatgpt-widget\/facebook\/"]}]},{"@type":"BreadcrumbList","@id":"https:\/\/elfsight.com\/pl\/chatgpt-widget\/facebook\/#breadcrumb","itemListElement":[{"@type":"ListItem","position":1,"name":"Home","item":"https:\/\/elfsight.com\/pl\/"},{"@type":"ListItem","position":2,"name":"ChatGPT","item":"https:\/\/elfsight.com\/pl\/chatgpt-widget\/"},{"@type":"ListItem","position":3,"name":"ChatGPT &#8211; Facebook Page"}]},{"@type":"WebSite","@id":"https:\/\/elfsight.com\/pl\/#website","url":"https:\/\/elfsight.com\/pl\/","name":"Elfsight PL","description":"Just another Elfsight Sites site","potentialAction":[{"@type":"SearchAction","target":{"@type":"EntryPoint","urlTemplate":"https:\/\/elfsight.com\/pl\/?s={search_term_string}"},"query-input":{"@type":"PropertyValueSpecification","valueRequired":true,"valueName":"search_term_string"}}],"inLanguage":"pl-PL"}]}},"meta_box":{"industry":"","seo_heading":"","heading":"","description":"","cta_heading":"","cta_description":"","application":"9684","h1":"Widget ChatGPT dla strony internetowej Facebook Page","h1_caption":"Zintegruj wszechstronny ChatGPT ze stron\u0105 swojej strony na Facebooku, aby uzyska\u0107 samoucz\u0105cego si\u0119 asystenta AI, kt\u00f3ry zawsze b\u0119dzie gotowy Ci\u0119 prowadzi\u0107 i wspiera\u0107, zbiera\u0107 leady i promowa\u0107 Twoje produkty i us\u0142ugi.","application_category":[],"applications_title":"","applications_request_title":"","applications_request_button_text":"","hero_text":"","hero_video":"","hero_video_schema_markup":"","selling_points_title":"","selling_points_caption":"","selling_points":[],"selling_points_cta_text":"","features_title":"","features":"","ed_cta_examples_text":"","ed_cta_examples_hidden":"","ed_cta_demo_text":"","ed_cta_demo_hidden":"","why_caption":"","why_editor_title":"","why_editor_text":"","why_team_title":"","why_team_text":"","why_service_title":"","why_service_text":"","template_catalog_visible":"","template_catalog_title":"","template_catalog_text":"","template_catalog_categories_visible":"","demo_title":"Utw\u00f3rz sw\u00f3j widget ChatGPT","demo_caption":"Skonfiguruj ChatGPT i dodaj go do swojej strony na Facebooku zupe\u0142nie za darmo!","default_faq_hidden":"","app_template_category":[],"platform":"319","template_public_id":"","codecanyon_url":"","codecanyon_item_id":"","codecanyon_price":"","pricing_caption":"","pricing_elfsight_apps_hide_column":"","pricing_elfsight_apps_url":"","pricing_codecanyon_price_caption":"","integration_category":[],"integration_request_title":"","integration_request_cta":"","integration_platform":"","integrations":[],"platform_category":[],"video_schema_markup":"","price":"od 0 z\u0142\/miesi\u0105c","trial":"","benefits":[],"button_url":"#demo","button_target_blank":"0","button_nofollow":"","attributes":[{"name":"Instaluje","content":"50,000 - 100,000","_state":""},{"name":"Czu\u0142y","content":"Tak","_state":""},{"name":"Kompatybilne przegl\u0105darki","content":"Firefox, Safari, Opera, Chrome, Edge","_state":""}],"tags":[],"tags_disable_links":"","hide_more_platforms":"","video_object":"","demo_hide_cta":"","demo_hide_cloud_options":"","pricing_title":"","pricing":[{"pricing_icon":"platform","pricing_title":"Elfsight Apps","pricing_title_caption":"Wieloplatformowe rozwi\u0105zanie cyfrowe dzia\u0142aj\u0105ce w ka\u017cdej witrynie","pricing_price":"od 0 z\u0142\/miesi\u0105c","pricing_price_caption":"zacznij od darmowego planu","pricing_button_text":"Dodaj do witryny","pricing_button_url":"#demo"}],"related_apps_title":"","related_apps_hidden":"","author":"","image":[],"title":"","job":"","social_networks":[]},"_links":{"self":[{"href":"https:\/\/elfsight.com\/pl\/wp-json\/wp\/v2\/pages\/10014","targetHints":{"allow":["GET"]}}],"collection":[{"href":"https:\/\/elfsight.com\/pl\/wp-json\/wp\/v2\/pages"}],"about":[{"href":"https:\/\/elfsight.com\/pl\/wp-json\/wp\/v2\/types\/page"}],"author":[{"embeddable":true,"href":"https:\/\/elfsight.com\/pl\/wp-json\/wp\/v2\/users\/9"}],"replies":[{"embeddable":true,"href":"https:\/\/elfsight.com\/pl\/wp-json\/wp\/v2\/comments?post=10014"}],"version-history":[{"count":1,"href":"https:\/\/elfsight.com\/pl\/wp-json\/wp\/v2\/pages\/10014\/revisions"}],"predecessor-version":[{"id":10018,"href":"https:\/\/elfsight.com\/pl\/wp-json\/wp\/v2\/pages\/10014\/revisions\/10018"}],"up":[{"embeddable":true,"href":"https:\/\/elfsight.com\/pl\/wp-json\/wp\/v2\/pages\/10085"}],"wp:attachment":[{"href":"https:\/\/elfsight.com\/pl\/wp-json\/wp\/v2\/media?parent=10014"}],"curies":[{"name":"wp","href":"https:\/\/api.w.org\/{rel}","templated":true}]}}