{"id":10007,"date":"2025-01-16T08:25:59","date_gmt":"2025-01-16T08:25:59","guid":{"rendered":"https:\/\/elfsight.com\/pl\/?page_id=10007"},"modified":"2025-07-10T06:00:20","modified_gmt":"2025-07-10T06:00:20","slug":"prestashop","status":"publish","type":"page","link":"https:\/\/elfsight.com\/pl\/chatgpt-widget\/prestashop\/","title":{"rendered":"ChatGPT &#8211; PrestaShop"},"content":{"rendered":"<div class=\"application-platform-content-item-description application-platform-content-item\" id=\"description\" data-nav-section=\"description\">\n<h2>Osad\u017a ChatGPT w PrestaShop za pomoc\u0105 dodatku Elfsight<\/h2>\n<p>Dodatek ChatGPT usprawnia komunikacj\u0119 z klientami na Twojej stronie internetowej, automatyzuj\u0105c procesy i zapewniaj\u0105c p\u0142ynne, spersonalizowane do\u015bwiadczenia. Dzi\u0119ki niesko\u0144czonym czatom, dok\u0142adnym odpowiedziom i wyj\u0105tkowym funkcjom szkoleniowym gwarantuje p\u0142ynne i wydajne dzia\u0142anie, dostarczaj\u0105c wysokiej jako\u015bci, naturalnie brzmi\u0105ce odpowiedzi w r\u00f3\u017cnych j\u0119zykach. <\/p>\n<p>Stworzony na podstawie szablon\u00f3w bran\u017cowych dodatek dzia\u0142a zgodnie z potrzebami Twojej firmy, niezale\u017cnie od tego, czy chodzi o pomoc klientom, opis produktu czy zarz\u0105dzanie opiniami. Gromadzi szczeg\u00f3\u0142owe dane z interakcji, dostarczaj\u0105c spostrze\u017ce\u0144 w celu udoskonalenia proces\u00f3w i poprawy do\u015bwiadcze\u0144 u\u017cytkownik\u00f3w. Osad\u017a integracj\u0119 ChatGPT na swojej stronie internetowej, aby uzyska\u0107 inteligentniejsz\u0105, bardziej konstruktywn\u0105 obs\u0142ug\u0119 klienta. <\/p>\n<p><b>Dodaj nasz ChatGPT do swojej strony internetowej PrestaShop i stw\u00f3rz niezapomniane do\u015bwiadczenia klient\u00f3w! <\/b><\/p>\n<p><\/div> <div class=\"application-platform-content-item-features application-platform-content-item\" id=\"features\" data-nav-section=\"features\"> <\/p>\n<h2>Oto kilka cennych funkcji dodatku: <\/h2>\n<ul>\n<li><b>Najwy\u017cszej klasy inteligencja AI. <\/b> Wzmocniona przez jeden z najbardziej zaawansowanych modeli AI do dzi\u015b, zapewniaj\u0105cy inteligentne, prawid\u0142owe odpowiedzi dla Twoich klient\u00f3w. <\/li>\n<li><b>Szkolenie z plikami i pytaniami i odpowiedziami. <\/b> Bezproblemowo szkol swojego asystenta, korzystaj\u0105c z dodatkowych plik\u00f3w, par pyta\u0144 i odpowiedzi oraz blok\u00f3w tekstowych, co zapewnia bezproblemow\u0105 konfiguracj\u0119. <\/li>\n<li><b>Zapami\u0119tuje dane klient\u00f3w i tre\u015bci czat\u00f3w. <\/b> Asystent mo\u017ce zapami\u0119tywa\u0107 klient\u00f3w i zwraca\u0107 si\u0119 do nich po imieniu, skupiaj\u0105c si\u0119 na ich zapytaniu. <\/li>\n<li><b>Nieograniczona liczba czat\u00f3w i u\u017cytkownik\u00f3w. <\/b> Dodatek jest w stanie utrzymywa\u0107 nieograniczon\u0105 komunikacj\u0119 z dowoln\u0105 liczb\u0105 u\u017cytkownik\u00f3w, aby by\u0107 r\u00f3wnie pomocnym na ka\u017cdym czacie. <\/li>\n<li><b>Czytelne formaty odpowiedzi.<\/b> Asystent zwi\u0119ksza czytelno\u015b\u0107, u\u017cywaj\u0105c list, pogrubionego tekstu, link\u00f3w i innych opcji formatowania, aby u\u0142atwi\u0107 zrozumienie odpowiedzi. <\/li>\n<\/ul>\n<p><a href=\"#demo\">Wypr\u00f3buj przyjazny dla u\u017cytkownika edytor, aby zobaczy\u0107, co potrafi nasz dodatek<\/a><\/p>\n<p><\/div> <div class=\"application-platform-content-item-installation application-platform-content-item\" id=\"installation\" data-nav-section=\"installation\"> <\/p>\n<h2>Jak osadzi\u0107 ChatGPT w mojej witrynie PrestaShop? <\/h2>\n<p>Znajd\u017a ten prosty spos\u00f3b na skonfigurowanie dodatku w swojej witrynie PrestaShop. Zajmie to tylko kilka minut i nie wymaga \u017cadnego kodowania. <\/p>\n<ol>\n<li><strong>Utw\u00f3rz sw\u00f3j osobisty dodatek ChatGPT<\/strong><br \/> Zacznij od dowolnego szablonu w edytorze, pracuj z przyjaznymi dla u\u017cytkownika elementami w nim zawartymi i dostosuj dodatek do po\u017c\u0105danego projektu i opcji. <\/li>\n<li><strong>Otrzymaj osobisty kod do osadzenia dodatku<\/strong><br \/> Po utworzeniu dodatku otrzymasz indywidualny kod HTML w swoim panelu. Skopiuj kod, kt\u00f3ry zawiera wszystkie informacje o Twoich dostosowaniach. <\/li>\n<li><strong>Wy\u015bwietl dodatek na swojej stronie internetowej PrestaShop<\/strong><br \/> Okre\u015bl obszary swojej strony internetowej, w kt\u00f3rych chcesz wy\u015bwietli\u0107 ChatGPT i wklej tam kod. Zapisz zmiany. <\/li>\n<\/ol>\n<p>Gotowe! Teraz sprawd\u017a, jak dodatek dzia\u0142a na Twojej stronie internetowej. <\/p>\n<p>W przypadku jakichkolwiek problem\u00f3w z osadzeniem dodatku na swojej stronie internetowej, nie wahaj si\u0119 skontaktowa\u0107 z naszym dzia\u0142em obs\u0142ugi klienta. Ch\u0119tnie skonsultujemy si\u0119 z Tob\u0105 w sprawie dodania i dostosowania czatu. <\/p>\n<p><\/div><\/p>\n","protected":false},"excerpt":{"rendered":"","protected":false},"author":9,"featured_media":0,"parent":10085,"menu_order":0,"comment_status":"closed","ping_status":"closed","template":"templates\/template-application-platform.php","meta":{"publish_to_discourse":"","publish_post_category":"","wpdc_auto_publish_overridden":"","wpdc_topic_tags":"","wpdc_pin_topic":"","wpdc_pin_until":"","discourse_post_id":"","discourse_permalink":"","wpdc_publishing_response":"","wpdc_publishing_error":"","footnotes":""},"class_list":["post-10007","page","type-page","status-publish","hentry"],"yoast_head":"<!-- This site is optimized with the Yoast SEO plugin v25.3.1 - https:\/\/yoast.com\/wordpress\/plugins\/seo\/ -->\n<title>Dodatek PrestaShop ChatGPT \u2014 dodaj czat AI do swojej witryny PrestaShop [ZA DARMO]<\/title>\n<meta name=\"description\" content=\"Dodaj dodatek ChatGPT bez kodu do swojej witryny PrestaShop. U\u017cyj edytora online Elfsight, aby \u0142atwo stworzy\u0107 swoje unikalne rozwi\u0105zanie.\" \/>\n<meta name=\"robots\" content=\"index, follow, max-snippet:-1, max-image-preview:large, max-video-preview:-1\" \/>\n<link rel=\"canonical\" href=\"https:\/\/elfsight.com\/pl\/chatgpt-widget\/prestashop\/\" \/>\n<meta property=\"og:locale\" content=\"pl_PL\" \/>\n<meta property=\"og:type\" content=\"article\" \/>\n<meta property=\"og:title\" content=\"Dodatek PrestaShop ChatGPT \u2014 dodaj czat AI do swojej witryny PrestaShop [ZA DARMO]\" \/>\n<meta property=\"og:description\" content=\"Dodaj dodatek ChatGPT bez kodu do swojej witryny PrestaShop. U\u017cyj edytora online Elfsight, aby \u0142atwo stworzy\u0107 swoje unikalne rozwi\u0105zanie.\" \/>\n<meta property=\"og:url\" content=\"https:\/\/elfsight.com\/pl\/chatgpt-widget\/prestashop\/\" \/>\n<meta property=\"og:site_name\" content=\"Elfsight PL\" \/>\n<meta property=\"article:modified_time\" content=\"2025-07-10T06:00:20+00:00\" \/>\n<meta name=\"twitter:card\" content=\"summary_large_image\" \/>\n<meta name=\"twitter:label1\" content=\"Szacowany czas czytania\" \/>\n\t<meta name=\"twitter:data1\" content=\"2 minuty\" \/>\n<!-- \/ Yoast SEO plugin. -->","yoast_head_json":{"title":"Dodatek PrestaShop ChatGPT \u2014 dodaj czat AI do swojej witryny PrestaShop [ZA DARMO]","description":"Dodaj dodatek ChatGPT bez kodu do swojej witryny PrestaShop. U\u017cyj edytora online Elfsight, aby \u0142atwo stworzy\u0107 swoje unikalne rozwi\u0105zanie.","robots":{"index":"index","follow":"follow","max-snippet":"max-snippet:-1","max-image-preview":"max-image-preview:large","max-video-preview":"max-video-preview:-1"},"canonical":"https:\/\/elfsight.com\/pl\/chatgpt-widget\/prestashop\/","og_locale":"pl_PL","og_type":"article","og_title":"Dodatek PrestaShop ChatGPT \u2014 dodaj czat AI do swojej witryny PrestaShop [ZA DARMO]","og_description":"Dodaj dodatek ChatGPT bez kodu do swojej witryny PrestaShop. U\u017cyj edytora online Elfsight, aby \u0142atwo stworzy\u0107 swoje unikalne rozwi\u0105zanie.","og_url":"https:\/\/elfsight.com\/pl\/chatgpt-widget\/prestashop\/","og_site_name":"Elfsight PL","article_modified_time":"2025-07-10T06:00:20+00:00","twitter_card":"summary_large_image","twitter_misc":{"Szacowany czas czytania":"2 minuty"},"schema":{"@context":"https:\/\/schema.org","@graph":[{"@type":"WebPage","@id":"https:\/\/elfsight.com\/pl\/chatgpt-widget\/prestashop\/","url":"https:\/\/elfsight.com\/pl\/chatgpt-widget\/prestashop\/","name":"Dodatek PrestaShop ChatGPT \u2014 dodaj czat AI do swojej witryny PrestaShop [ZA DARMO]","isPartOf":{"@id":"https:\/\/elfsight.com\/pl\/#website"},"datePublished":"2025-01-16T08:25:59+00:00","dateModified":"2025-07-10T06:00:20+00:00","description":"Dodaj dodatek ChatGPT bez kodu do swojej witryny PrestaShop. U\u017cyj edytora online Elfsight, aby \u0142atwo stworzy\u0107 swoje unikalne rozwi\u0105zanie.","breadcrumb":{"@id":"https:\/\/elfsight.com\/pl\/chatgpt-widget\/prestashop\/#breadcrumb"},"inLanguage":"pl-PL","potentialAction":[{"@type":"ReadAction","target":["https:\/\/elfsight.com\/pl\/chatgpt-widget\/prestashop\/"]}]},{"@type":"BreadcrumbList","@id":"https:\/\/elfsight.com\/pl\/chatgpt-widget\/prestashop\/#breadcrumb","itemListElement":[{"@type":"ListItem","position":1,"name":"Home","item":"https:\/\/elfsight.com\/pl\/"},{"@type":"ListItem","position":2,"name":"ChatGPT","item":"https:\/\/elfsight.com\/pl\/chatgpt-widget\/"},{"@type":"ListItem","position":3,"name":"ChatGPT &#8211; PrestaShop"}]},{"@type":"WebSite","@id":"https:\/\/elfsight.com\/pl\/#website","url":"https:\/\/elfsight.com\/pl\/","name":"Elfsight PL","description":"Just another Elfsight Sites site","potentialAction":[{"@type":"SearchAction","target":{"@type":"EntryPoint","urlTemplate":"https:\/\/elfsight.com\/pl\/?s={search_term_string}"},"query-input":{"@type":"PropertyValueSpecification","valueRequired":true,"valueName":"search_term_string"}}],"inLanguage":"pl-PL"}]}},"meta_box":{"industry":"","seo_heading":"","heading":"","description":"","cta_heading":"","cta_description":"","application":"9684","h1":"Dodatek ChatGPT dla witryny PrestaShop","h1_caption":"Zintegruj adaptowalny ChatGPT ze swoj\u0105 witryn\u0105 PrestaShop, aby uzyska\u0107 samoucz\u0105cego si\u0119 asystenta AI, kt\u00f3ry jest zawsze dost\u0119pny, aby prowadzi\u0107 i pomaga\u0107 Twoim klientom, pozyskiwa\u0107 potencjalnych klient\u00f3w i promowa\u0107 Twoje produkty i us\u0142ugi.","application_category":[],"applications_title":"","applications_request_title":"","applications_request_button_text":"","hero_text":"","hero_video":"","hero_video_schema_markup":"","selling_points_title":"","selling_points_caption":"","selling_points":[],"selling_points_cta_text":"","features_title":"","features":"","ed_cta_examples_text":"","ed_cta_examples_hidden":"","ed_cta_demo_text":"","ed_cta_demo_hidden":"","why_caption":"","why_editor_title":"","why_editor_text":"","why_team_title":"","why_team_text":"","why_service_title":"","why_service_text":"","template_catalog_visible":"","template_catalog_title":"","template_catalog_text":"","template_catalog_categories_visible":"","demo_title":"Utw\u00f3rz sw\u00f3j dodatek ChatGPT","demo_caption":"Skonfiguruj ChatGPT i dodaj go do swojej witryny PrestaShop zupe\u0142nie za darmo!","default_faq_hidden":"","app_template_category":[],"platform":"586","template_public_id":"","codecanyon_url":"","codecanyon_item_id":"","codecanyon_price":"","pricing_caption":"","pricing_elfsight_apps_hide_column":"","pricing_elfsight_apps_url":"","pricing_codecanyon_price_caption":"","integration_category":[],"integration_request_title":"","integration_request_cta":"","integration_platform":"","integrations":[],"platform_category":[],"video_schema_markup":"","price":"od 0 z\u0142\/miesi\u0105c","trial":"","benefits":[],"button_url":"#demo","button_target_blank":"0","button_nofollow":"","attributes":[{"name":"Instaluje","content":"50,000 - 100,000","_state":""},{"name":"Czu\u0142y","content":"Tak","_state":""},{"name":"Kompatybilne przegl\u0105darki","content":"Firefox, Safari, Opera, Chrome, Edge","_state":""}],"tags":[],"tags_disable_links":"","hide_more_platforms":"","video_object":"","demo_hide_cta":"","demo_hide_cloud_options":"","pricing_title":"","pricing":[{"pricing_icon":"platform","pricing_title":"Elfsight Apps","pricing_title_caption":"Rozwi\u0105zanie cyfrowe multiplatformowe","pricing_price":"od 0 z\u0142\/miesi\u0105c","pricing_price_caption":"zacznij od darmowego planu","pricing_button_text":"Dodaj do witryny","pricing_button_url":"#demo"}],"related_apps_title":"","related_apps_hidden":"","author":"","image":[],"title":"","job":"","social_networks":[]},"_links":{"self":[{"href":"https:\/\/elfsight.com\/pl\/wp-json\/wp\/v2\/pages\/10007","targetHints":{"allow":["GET"]}}],"collection":[{"href":"https:\/\/elfsight.com\/pl\/wp-json\/wp\/v2\/pages"}],"about":[{"href":"https:\/\/elfsight.com\/pl\/wp-json\/wp\/v2\/types\/page"}],"author":[{"embeddable":true,"href":"https:\/\/elfsight.com\/pl\/wp-json\/wp\/v2\/users\/9"}],"replies":[{"embeddable":true,"href":"https:\/\/elfsight.com\/pl\/wp-json\/wp\/v2\/comments?post=10007"}],"version-history":[{"count":1,"href":"https:\/\/elfsight.com\/pl\/wp-json\/wp\/v2\/pages\/10007\/revisions"}],"predecessor-version":[{"id":10011,"href":"https:\/\/elfsight.com\/pl\/wp-json\/wp\/v2\/pages\/10007\/revisions\/10011"}],"up":[{"embeddable":true,"href":"https:\/\/elfsight.com\/pl\/wp-json\/wp\/v2\/pages\/10085"}],"wp:attachment":[{"href":"https:\/\/elfsight.com\/pl\/wp-json\/wp\/v2\/media?parent=10007"}],"curies":[{"name":"wp","href":"https:\/\/api.w.org\/{rel}","templated":true}]}}