{"id":10,"date":"2020-10-20T12:39:27","date_gmt":"2020-10-20T12:39:27","guid":{"rendered":"https:\/\/elfsight.com\/pl\/?page_id=10"},"modified":"2021-08-31T08:06:41","modified_gmt":"2021-08-31T08:06:41","slug":"widgets","status":"publish","type":"page","link":"https:\/\/elfsight.com\/pl\/widgets\/","title":{"rendered":"Applications"},"content":{"rendered":"\n<h2>Wid\u017cety Elfsight<\/h2>\n<p>Oferujemy najlepsze wtyczki bezp\u0142atne i premium, kt\u00f3re pomagaj\u0105 zwi\u0119kszy\u0107 zaanga\u017cowanie u\u017cytkownik\u00f3w, zebra\u0107 wi\u0119cej lead\u00f3w i zwi\u0119kszy\u0107 sprzeda\u017c:<\/p>\n<div class=\"col-row\">\n<div class=\"col-m-12 col-4\">\n<ul>\n<li>wid\u017cety spo\u0142eczno\u015bciowe<\/li>\n<li>ecommerce wid\u017cety<\/li>\n<li>wtyczki, aby uzyska\u0107 zwolennik\u00f3w<\/li>\n<\/ul>\n<\/div>\n<div class=\"col-m-12 col-4\">\n<ul>\n<li>wid\u017cety formularza<\/li>\n<li>wid\u017cety dla wsparcia<\/li>\n<li>wtyczki zwi\u0119kszaj\u0105ce sprzeda\u017c<\/li>\n<\/ul>\n<\/div>\n<div class=\"col-m-12 col-4\">\n<ul>\n<li>wid\u017cety biznesowe<\/li>\n<li>wtyczki medi\u00f3w spo\u0142eczno\u015bciowych<\/li>\n<li>wid\u017cety tre\u015bci<\/li>\n<\/ul>\n<\/div>\n<\/div>\n<p>Wypr\u00f3buj najlepsze wtyczki, aby wzmocni\u0107 swoj\u0105 stron\u0119. Tw\u00f3rz w\u0142asne narz\u0119dzia, aby aktualizowa\u0107 swoj\u0105 stron\u0119 internetow\u0105 bez kodowania.<\/p>\n\n<div class=\"faq\" data-component=\"FAQ\">\n<div class=\"faq-item\">\r\n\t\t\t\t\t<div class=\"faq-item-question\">\r\n\t\t\t\t\t\t<h3 class=\"faq-item-question-text\">Na jakich platformach (CMS i kreatory stron) dzia\u0142aj\u0105 wid\u017cety Elfsight?<\/h3>\r\n\r\n\t\t\t\t\t\t<div class=\"faq-item-question-icon\"><\/div>\r\n\t\t\t\t\t<\/div>\r\n\r\n\t\t\t\t\t<div class=\"faq-item-answer\">\r\n\t\t\t\t\t\t<div class=\"faq-item-answer-text\">\n<p>Nasze wid\u017cety dzia\u0142aj\u0105 na wszystkich g\u0142\u00f3wnych platformach: \n<a href=\"https:\/\/elfsight.com\/adobe-muse-widgets\/\" target=\"_blank\" rel=\"noopener noreferrer\">Adobe Muse<\/a>, \n<a href=\"https:\/\/elfsight.com\/bigcommerce-apps\/\" target=\"_blank\" rel=\"noopener noreferrer\">BigCommerce<\/a>, \n<a href=\"https:\/\/elfsight.com\/blogger-widgets\/\" target=\"_blank\" rel=\"noopener noreferrer\">Blogger<\/a>, \n<a href=\"https:\/\/elfsight.com\/drupal-modules\/\" target=\"_blank\" rel=\"noopener noreferrer\">Drupal<\/a>, \n<a href=\"https:\/\/elfsight.com\/joomla-extensions\/\" target=\"_blank\" rel=\"noopener noreferrer\">Joomla<\/a>, \n<a href=\"https:\/\/elfsight.com\/jquery-plugins\/\" target=\"_blank\" rel=\"noopener noreferrer\">jQuery<\/a>, \n<a href=\"https:\/\/elfsight.com\/magento-extensions\/\" target=\"_blank\" rel=\"noopener noreferrer\">Magento<\/a>, \n<a href=\"https:\/\/elfsight.com\/modx-plugins\/\" target=\"_blank\" rel=\"noopener noreferrer\">ModX<\/a>, \n<a href=\"https:\/\/elfsight.com\/html-widgets\/\" target=\"_blank\" rel=\"noopener noreferrer\">HTML<\/a>, \n<a href=\"https:\/\/elfsight.com\/opencart-extensions\/\" target=\"_blank\" rel=\"noopener noreferrer\">OpenCart<\/a>, \n<a href=\"https:\/\/elfsight.com\/shopify-apps\/\" target=\"_blank\" rel=\"noopener noreferrer\">Shopify<\/a>, \n<a href=\"https:\/\/elfsight.com\/squarespace-plugins\/\" target=\"_blank\" rel=\"noopener noreferrer\">Squarespace<\/a>, \n<a href=\"https:\/\/elfsight.com\/webflow-integrations\/\" target=\"_blank\" rel=\"noopener noreferrer\">Webflow<\/a>, \n<a href=\"https:\/\/elfsight.com\/webnode-plugins\/\" target=\"_blank\" rel=\"noopener noreferrer\">Webnode<\/a>, \n<a href=\"https:\/\/elfsight.com\/weebly-apps\/\" target=\"_blank\" rel=\"noopener noreferrer\">Weebly<\/a>, \n<a href=\"https:\/\/elfsight.com\/wix-apps\/\" target=\"_blank\" rel=\"noopener noreferrer\">Wix<\/a>, \n<a href=\"https:\/\/elfsight.com\/wordpress-plugins\/\" target=\"_blank\" rel=\"noopener noreferrer\">WordPress<\/a>, \n<a href=\"https:\/\/elfsight.com\/3dcart-apps\/\" target=\"_blank\" rel=\"noopener noreferrer\">3dCart<\/a>, \n<a href=\"https:\/\/elfsight.com\/blogspot-widgets\/\" target=\"_blank\" rel=\"noopener noreferrer\">Blogspot<\/a>,  \n<a href=\"https:\/\/elfsight.com\/lightspeed-plugins\/\" target=\"_blank\" rel=\"noopener noreferrer\">Lightspeed<\/a>, \n<a href=\"https:\/\/elfsight.com\/jimdo-widgets\/\" target=\"_blank\" rel=\"noopener noreferrer\">Jimdo<\/a>, \n<a href=\"https:\/\/elfsight.com\/iframe-widgets\/\" target=\"_blank\" rel=\"noopener noreferrer\">iFrame<\/a>, \n<a href=\"https:\/\/elfsight.com\/godaddy-plugins\/\" target=\"_blank\" rel=\"noopener noreferrer\">GoDaddy<\/a>, \n<a href=\"https:\/\/elfsight.com\/ecwid-widgets\/\" target=\"_blank\" rel=\"noopener noreferrer\">Ecwid<\/a>, \n<a href=\"https:\/\/elfsight.com\/duda-widgets\/\" target=\"_blank\" rel=\"noopener noreferrer\">Duda<\/a>, \n<a href=\"https:\/\/elfsight.com\/bigcartel-plugins\/\" target=\"_blank\" rel=\"noopener noreferrer\">BigCartel<\/a>, \n<a href=\"https:\/\/elfsight.com\/tumblr-widgets\/\" target=\"_blank\" rel=\"noopener noreferrer\">Tumblr<\/a>, \n<a href=\"https:\/\/elfsight.com\/elementor-widgets\/\" target=\"_blank\" rel=\"noopener noreferrer\">Elementor<\/a>, \n<a href=\"https:\/\/elfsight.com\/macaw-plugins\/\" target=\"_blank\" rel=\"noopener noreferrer\">Macaw<\/a>, \n<a href=\"https:\/\/elfsight.com\/cratejoy-apps\/\" target=\"_blank\" rel=\"noopener noreferrer\">CrateJoy<\/a>, \n<a href=\"https:\/\/elfsight.com\/lightcms-plugins\/\" target=\"_blank\" rel=\"noopener noreferrer\">LightCMS<\/a>, \n<a href=\"https:\/\/elfsight.com\/mobirise-extensions\/\" target=\"_blank\" rel=\"noopener noreferrer\">Mobrise<\/a>, \n<a href=\"https:\/\/elfsight.com\/dle-modules\/\" target=\"_blank\" rel=\"noopener noreferrer\">DLE<\/a>, \n<a href=\"https:\/\/elfsight.com\/cs-cart-addons\/\" target=\"_blank\" rel=\"noopener noreferrer\">CS Cart<\/a>, \n<a href=\"https:\/\/elfsight.com\/expressionengine-plugins\/\" target=\"_blank\" rel=\"noopener noreferrer\">Expression Engine<\/a>, \n<a href=\"https:\/\/elfsight.com\/bootstrap-plugins\/\" target=\"_blank\" rel=\"noopener noreferrer\">Bootstrap<\/a>, \n<a href=\"https:\/\/elfsight.com\/bitrix-apps\/\" target=\"_blank\" rel=\"noopener noreferrer\">Bitrix<\/a>, \n<a href=\"https:\/\/elfsight.com\/volusion-apps\/\" target=\"_blank\" rel=\"noopener noreferrer\">Volusion<\/a>, \n<a href=\"https:\/\/elfsight.com\/visual-composer-widgets\/\" target=\"_blank\" rel=\"noopener noreferrer\">Visual Composer<\/a>, \n<a href=\"https:\/\/elfsight.com\/strikingly-apps\/\" target=\"_blank\" rel=\"noopener noreferrer\">Strikingly<\/a>, \n<a href=\"https:\/\/elfsight.com\/ucoz-widgets\/\" target=\"_blank\" rel=\"noopener noreferrer\">Ucoz<\/a>, \n<a href=\"https:\/\/elfsight.com\/sitebuilder-modules\/\" target=\"_blank\" rel=\"noopener noreferrer\">Sitebuilder<\/a>, \n<a href=\"https:\/\/elfsight.com\/splash-extensions\/\" target=\"_blank\" rel=\"noopener noreferrer\">Splash<\/a>, \n<a href=\"https:\/\/elfsight.com\/pivot-plugins\/\" target=\"_blank\" rel=\"noopener noreferrer\">Pivot<\/a>, \n<a href=\"https:\/\/elfsight.com\/pinegrow-plugins\/\" target=\"_blank\" rel=\"noopener noreferrer\">Pinegrow<\/a>, \n<a href=\"https:\/\/elfsight.com\/optimizepress-plugins\/\" target=\"_blank\" rel=\"noopener noreferrer\">Optimizepress<\/a>, \n<a href=\"https:\/\/elfsight.com\/tilda-widgets\/\" target=\"_blank\" rel=\"noopener noreferrer\">Tilda<\/a>, <a href=\"https:\/\/elfsight.com\/facebook-page-widgets\/\" target=\"_blank\" rel=\"noopener noreferrer\">Facebook page<\/a>, <a href=\"https:\/\/elfsight.com\/woocommerce-plugins\/\" target=\"_blank\" rel=\"noopener noreferrer\">WooCommerce<\/a>, <a href=\"https:\/\/elfsight.com\/epages-apps\/\" target=\"_blank\" rel=\"noopener noreferrer\">ePages<\/a>, \n<a href=\"https:\/\/elfsight.com\/yola-apps\/\" target=\"_blank\" rel=\"noopener noreferrer\">Yola<\/a>, \n<a href=\"https:\/\/elfsight.com\/clickfunnels-integrations\/\" target=\"_blank\" rel=\"noopener noreferrer\">ClickFunnels<\/a>, \n<a href=\"https:\/\/elfsight.com\/weblium-widgets\/\" target=\"_blank\" rel=\"noopener noreferrer\">Weblium<\/a>,\n <a href=\"https:\/\/elfsight.com\/rocketspark-widgets\/\" target=\"_blank\" rel=\"noopener noreferrer\">Rocketspark<\/a>, \n<a href=\"https:\/\/elfsight.com\/zyro-widgets\/\" target=\"_blank\" rel=\"noopener noreferrer\">Zyro<\/a>,\n <a href=\"https:\/\/elfsight.com\/pinnaclecart-widgets\/\" target=\"_blank\" rel=\"noopener noreferrer\">PinnacleCart<\/a>, \n<a href=\"https:\/\/elfsight.com\/wpbakery-plugins\/\" target=\"_blank\" rel=\"noopener noreferrer\">WPBakery<\/a>,\n <a href=\"https:\/\/elfsight.com\/siteorigin-widgets\/\" target=\"_blank\" rel=\"noopener noreferrer\">SiteOrigin<\/a>,\n <a href=\"https:\/\/elfsight.com\/divi-plugins\/\" target=\"_blank\" rel=\"noopener noreferrer\">Divi<\/a>,\n <a href=\"https:\/\/elfsight.com\/beaver-builder-plugins\/\" target=\"_blank\" rel=\"noopener noreferrer\">Beaver Builder<\/a>,\n <a href=\"https:\/\/elfsight.com\/fusion-plugins\/\" target=\"_blank\" rel=\"noopener noreferrer\">Fusion<\/a>, \n<a href=\"https:\/\/elfsight.com\/cornerstone-plugins\/\" target=\"_blank\" rel=\"noopener noreferrer\">Cornerstone<\/a>,\n <a href=\"https:\/\/elfsight.com\/thrive-architect-widgets\/\" target=\"_blank\" rel=\"noopener noreferrer\">Thrive Architect<\/a>,\n <a href=\"https:\/\/elfsight.com\/wordpress-page-builder-plugins\/\" target=\"_blank\" rel=\"noopener noreferrer\">WordPress Page Builder<\/a>,\n <a href=\"https:\/\/elfsight.com\/oxygen-builder-plugins\/\" target=\"_blank\" rel=\"noopener noreferrer\">Oxygen Builder<\/a>,\n <a href=\"https:\/\/elfsight.com\/gutenberg-plugins\/\" target=\"_blank\" rel=\"noopener noreferrer\">Gutenberg<\/a>,\n <a href=\"https:\/\/elfsight.com\/sp-page-builder-addons\/\" target=\"_blank\" rel=\"noopener noreferrer\">SP Page Builder<\/a>, \n<a href=\"https:\/\/elfsight.com\/google-sites-plugins\/\" target=\"_blank\" rel=\"noopener noreferrer\">Google Sites<\/a>,\n <a href=\"https:\/\/elfsight.com\/hubspot-plugins\/\" target=\"_blank\" rel=\"noopener noreferrer\">HubSpot<\/a>,\n <a href=\"https:\/\/elfsight.com\/instapage-widgets\/\" target=\"_blank\" rel=\"noopener noreferrer\">Instapage<\/a>,\n <a href=\"https:\/\/elfsight.com\/unbounce-integrations\/\" target=\"_blank\" rel=\"noopener noreferrer\">Unbounce<\/a>,\n <a href=\"https:\/\/elfsight.com\/wishpond-integrations\/\" target=\"_blank\" rel=\"noopener noreferrer\">Wishpond<\/a>,\n <a href=\"https:\/\/elfsight.com\/mailchimp-plugins\/\" target=\"_blank\" rel=\"noopener noreferrer\">Mailchimp<\/a>,\n <a href=\"https:\/\/elfsight.com\/getresponse-integrations\/\" target=\"_blank\" rel=\"noopener noreferrer\">GetResponse<\/a>,\n <a href=\"https:\/\/elfsight.com\/landingi-integrations\/\" target=\"_blank\" rel=\"noopener noreferrer\">Landingi<\/a>,\n <a href=\"https:\/\/elfsight.com\/sendinblue-integrations\/\" target=\"_blank\" rel=\"noopener noreferrer\">Sendinblue<\/a>,\n <a href=\"https:\/\/elfsight.com\/carrd-integrations\/\" target=\"_blank\" rel=\"noopener noreferrer\">Carrd<\/a>,\n <a href=\"https:\/\/elfsight.com\/templatetoaster-widgets\/\" target=\"_blank\" rel=\"noopener noreferrer\">TemplateToaster<\/a>,\n <a href=\"https:\/\/elfsight.com\/webself-widgets\/\" target=\"_blank\" rel=\"noopener noreferrer\">Webself<\/a>,\n <a href=\"https:\/\/elfsight.com\/americommerce-apps\/\" target=\"_blank\" rel=\"noopener noreferrer\">AmeriCommerce<\/a>,\n <a href=\"https:\/\/elfsight.com\/wp-engine-plugins\/\" target=\"_blank\" rel=\"noopener noreferrer\">WP Engine<\/a>,\n <a href=\"https:\/\/elfsight.com\/leadpages-integrations\/\" target=\"_blank\" rel=\"noopener noreferrer\">Leadpages<\/a>,\n<a href=\"https:\/\/elfsight.com\/pagecloud-apps\/\" target=\"_blank\" rel=\"noopener noreferrer\">Pagecloud<\/a>,\n<a href=\"https:\/\/elfsight.com\/jumpseller-apps\/\" target=\"_blank\" rel=\"noopener noreferrer\">Jumpseller<\/a>,\n<a href=\"https:\/\/elfsight.com\/zoho-apps\/\" target=\"_blank\" rel=\"noopener noreferrer\">Zoho<\/a>,\n<a href=\"https:\/\/elfsight.com\/ghost-cms-plugins\/\" target=\"_blank\" rel=\"noopener noreferrer\">Ghost<\/a>,\n<a href=\"https:\/\/elfsight.com\/netlify-widgets\/\" target=\"_blank\" rel=\"noopener noreferrer\">Netlify<\/a> i innych.<\/p>\n<\/div>\r\n\t\t\t\t\t<\/div>\r\n\t\t\t\t<\/div>\n\n<div class=\"faq-item\">\r\n\t\t\t\t\t<div class=\"faq-item-question\">\r\n\t\t\t\t\t\t<h3 class=\"faq-item-question-text\">Jak uzyska\u0107 wid\u017cet dla mojej strony internetowej?<\/h3>\r\n\r\n\t\t\t\t\t\t<div class=\"faq-item-question-icon\"><\/div>\r\n\t\t\t\t\t<\/div>\r\n\r\n\t\t\t\t\t<div class=\"faq-item-answer\">\r\n\t\t\t\t\t\t<div class=\"faq-item-answer-text\">\n<p>Szukasz widgetu do swojej strony internetowej? Elfsight oferuje zbi\u00f3r wid\u017cet\u00f3w, kt\u00f3re pomog\u0105 Ci osi\u0105gn\u0105\u0107 dowolny cel. Aby otrzyma\u0107 kod wid\u017cetu trzeba tylko utworzy\u0107 w\u0142asny wid\u017cet i zarejestrowa\u0107 si\u0119 w naszym serwisie.<\/p><\/div>\r\n\t\t\t\t\t<\/div>\r\n\t\t\t\t<\/div>\n\n<div class=\"faq-item\">\r\n\t\t\t\t\t<div class=\"faq-item-question\">\r\n\t\t\t\t\t\t<h3 class=\"faq-item-question-text\">Jak doda\u0107 wid\u017cety do strony internetowej?<\/h3>\r\n\r\n\t\t\t\t\t\t<div class=\"faq-item-question-icon\"><\/div>\r\n\t\t\t\t\t<\/div>\r\n\r\n\t\t\t\t\t<div class=\"faq-item-answer\">\r\n\t\t\t\t\t\t<div class=\"faq-item-answer-text\">\n<p>Dodanie wid\u017cetu Elfsight do Twojej strony nie jest skomplikowanym zadaniem. Poni\u017cej rozpatrzymy dwa najpopularniejsze typy instalacji, kt\u00f3re stanowi\u0105 99% przypadk\u00f3w u\u017cycia.<\/p>\n\n<h4>Dodawanie wid\u017cetu do szablon\u00f3w stron internetowych (Nag\u0142\u00f3wek, Stopka, sidebar itp.)<\/h4>\n\n<p>Osadzenie widgetu w elemencie szablonu odbywa si\u0119 w edytorze szablon\u00f3w, kt\u00f3ry umo\u017cliwia wy\u015bwietlanie wid\u017cetu w dowolnym miejscu strony.<\/p>\n<ol>\n<li>Wejd\u017a do panelu administracyjnego swojej strony internetowej;<\/li>\n<li>Przejd\u017a do edycji tematu lub szablonu;<\/li>\n<li>Znajd\u017a potrzebny element (header, footer, sidebar, itp.) i wklej tam kod swojego wid\u017cetu;<\/li>\n<li>Zapisz zmiany.<\/li>\n<\/ol>\n<h4>Dodawanie wid\u017cetu do strony (strona g\u0142\u00f3wna, pierwsza strona, blog, itp.)<\/h4>\n<p>Osad\u017a wid\u017cet na okre\u015blonej stronie swojej witryny internetowej, po prostu wklej kod wid\u017cetu w \u017c\u0105danym obszarze za pomoc\u0105 edytora stron.<\/p>\n<ol>\n<li>Wejd\u017a do panelu administracyjnego swojej strony internetowej;<\/li>\n<li>Przejd\u017a do strony, na kt\u00f3rej chcesz umie\u015bci\u0107 wid\u017cet;<\/li>\n<li>Zmie\u0144 tryb strony na HTML (je\u017celi jest to wymagane) i wstaw kod wid\u017cetu;<\/li>\n<li>Potwierd\u017a swoje zmiany.<\/li>\n<\/ol>\n<p>Nie wiesz, od czego zacz\u0105\u0107? Masz problem z wyborem? Wszyscy nasi klienci korzystaj\u0105 z bezp\u0142atnego wsparcia w zakresie instalacji i dostosowania. Po prostu skontaktuj si\u0119 z nami.<\/p>\n<\/div>\r\n\t\t\t\t\t<\/div>\r\n\t\t\t\t<\/div>\n\n<div class=\"faq-item\">\r\n\t\t\t\t\t<div class=\"faq-item-question\">\r\n\t\t\t\t\t\t<h3 class=\"faq-item-question-text\">Jak usun\u0105\u0107 widget z mojej witryny lub strony internetowej?<\/h3>\r\n\r\n\t\t\t\t\t\t<div class=\"faq-item-question-icon\"><\/div>\r\n\t\t\t\t\t<\/div>\r\n\r\n\t\t\t\t\t<div class=\"faq-item-answer\">\r\n\t\t\t\t\t\t<div class=\"faq-item-answer-text\">\n<p>Je\u015bli chcesz usun\u0105\u0107 sw\u00f3j widget lub przenie\u015b\u0107 go w inne miejsce serwisu, post\u0119puj zgodnie z instrukcj\u0105, w zale\u017cno\u015bci od aktualnego miejsca wid\u017cetu:<\/p>\n\n<ol>\n<li>Otw\u00f3rz wymagan\u0105 stron\u0119 lub szablon w swoim edytorze;<\/li>\n<li>Znajd\u017a skrypt widgetu w kodzie i usu\u0144 go;<\/li>\n<li>Zapisz zmiany.<\/li>\n<\/ol>\n<p>Wid\u017cet zosta\u0142 ca\u0142kowicie usuni\u0119ty ze strony.<\/p>\n<\/div>\r\n\t\t\t\t\t<\/div>\r\n\t\t\t\t<\/div>\n\n<div class=\"faq-item\">\r\n\t\t\t\t\t<div class=\"faq-item-question\">\r\n\t\t\t\t\t\t<h3 class=\"faq-item-question-text\">Darmowe i premium wid\u017cety<\/h3>\r\n\r\n\t\t\t\t\t\t<div class=\"faq-item-question-icon\"><\/div>\r\n\t\t\t\t\t<\/div>\r\n\r\n\t\t\t\t\t<div class=\"faq-item-answer\">\r\n\t\t\t\t\t\t<div class=\"faq-item-answer-text\">\n<p>Oferujemy szerok\u0105 gam\u0119 taryf, od bezp\u0142atnych po najbogatszych w korzy\u015bci. Darmowe plany mog\u0105 mie\u0107 pewne limity ilo\u015bci wy\u015bwietle\u0144. Mo\u017cesz zwi\u0119kszy\u0107 ograniczenia, przechodz\u0105c na plan premium.<\/p><\/div>\r\n\t\t\t\t\t<\/div>\r\n\t\t\t\t<\/div>\n\n<div class=\"faq-item\">\r\n\t\t\t\t\t<div class=\"faq-item-question\">\r\n\t\t\t\t\t\t<h3 class=\"faq-item-question-text\">Kto jest nasz\u0105 grup\u0105 docelow\u0105?<\/h3>\r\n\r\n\t\t\t\t\t\t<div class=\"faq-item-question-icon\"><\/div>\r\n\t\t\t\t\t<\/div>\r\n\r\n\t\t\t\t\t<div class=\"faq-item-answer\">\r\n\t\t\t\t\t\t<div class=\"faq-item-answer-text\">\n<p>Do naszych g\u0142\u00f3wnych klient\u00f3w nale\u017c\u0105 strony internetowe e-commerce, muzycy, sportowcy i trenerzy, arty\u015bci, projektanci, deweloperzy, sprzedawcy wyrob\u00f3w r\u0119kodzie\u0142a i inni. Oferujemy im mo\u017cliwo\u015b\u0107 korzystania z najlepszych wtyczek e-commerce, tre\u015bci, formularzy i spo\u0142eczno\u015bciowych, kt\u00f3re pomagaj\u0105 ulepsza\u0107 ich strony internetowe i biznes.<\/p><\/div>\r\n\t\t\t\t\t<\/div>\r\n\t\t\t\t<\/div>\n\n<div class=\"faq-item\">\r\n\t\t\t\t\t<div class=\"faq-item-question\">\r\n\t\t\t\t\t\t<h3 class=\"faq-item-question-text\">Czym s\u0105 wtyczki do stron internetowych firmy Elfsight?<\/h3>\r\n\r\n\t\t\t\t\t\t<div class=\"faq-item-question-icon\"><\/div>\r\n\t\t\t\t\t<\/div>\r\n\r\n\t\t\t\t\t<div class=\"faq-item-answer\">\r\n\t\t\t\t\t\t<div class=\"faq-item-answer-text\">\n<p>Elfsight oferuje rozwi\u0105zania chmurowe umo\u017cliwiaj\u0105ce aktualizacj\u0119 strony internetowej bez kodowania. Mo\u017cesz wypr\u00f3bowa\u0107 najlepsze wid\u017cety i wtyczki, aby zwi\u0119kszy\u0107 konwersj\u0119, wzmocni\u0107 zaanga\u017cowanie i podnie\u015b\u0107 sprzeda\u017c. Wystarczy si\u0119 zarejestrowa\u0107, wybra\u0107 wid\u017cet i otrzyma\u0107 kod do jego dodania.<\/p><\/div>\r\n\t\t\t\t\t<\/div>\r\n\t\t\t\t<\/div>\n\n<div class=\"faq-item\">\r\n\t\t\t\t\t<div class=\"faq-item-question\">\r\n\t\t\t\t\t\t<h3 class=\"faq-item-question-text\">Jakie wid\u017cety pojawi\u0105 si\u0119 p\u00f3\u017aniej?<\/h3>\r\n\r\n\t\t\t\t\t\t<div class=\"faq-item-question-icon\"><\/div>\r\n\t\t\t\t\t<\/div>\r\n\r\n\t\t\t\t\t<div class=\"faq-item-answer\">\r\n\t\t\t\t\t\t<div class=\"faq-item-answer-text\">\n<p>Je\u015bli chcesz dowiedzie\u0107 si\u0119 wi\u0119cej o kolejnych wid\u017cetach Elfsight, <a href=\"https:\/\/elfsight.com\/coming-soon-widgets\/\" target=\"_blank\" rel=\"noopener noreferrer\">tu jest lista<\/a> naszych przysz\u0142ych produkt\u00f3w. Poznaj te, kt\u00f3re najbardziej Ci\u0119 interesuj\u0105, dowiedz si\u0119 wi\u0119cej o ich przysz\u0142ej funkcjonalno\u015bci i wygl\u0105dzie.<\/p><\/div>\r\n\t\t\t\t\t<\/div>\r\n\t\t\t\t<\/div>\n<\/div>\n\n<p>Nie uda\u0142o Ci si\u0119 znale\u017a\u0107 \u017cadnych informacji o dodawaniu lub dostosowywaniu wid\u017cetu? Nie wahaj si\u0119 z nami skontaktowa\u0107.<\/p>\n","protected":false},"excerpt":{"rendered":"Wid\u017cety Elfsight Oferujemy najlepsze wtyczki bezp\u0142atne i premium, kt\u00f3re pomagaj\u0105 zwi\u0119kszy\u0107 zaanga\u017cowanie u\u017cytkownik\u00f3w, zebra\u0107 wi\u0119cej lead\u00f3w i zwi\u0119kszy\u0107 sprzeda\u017c: wid\u017cety spo\u0142eczno\u015bciowe ecommerce wid\u017cety wtyczki, aby uzyska\u0107 zwolennik\u00f3w wid\u017cety formularza wid\u017cety dla wsparcia wtyczki zwi\u0119kszaj\u0105ce sprzeda\u017c wid\u017cety biznesowe wtyczki medi\u00f3w spo\u0142eczno\u015bciowych wid\u017cety tre\u015bci Wypr\u00f3buj najlepsze wtyczki, aby wzmocni\u0107 swoj\u0105 stron\u0119. Tw\u00f3rz&#8230;","protected":false},"author":13,"featured_media":0,"parent":0,"menu_order":0,"comment_status":"closed","ping_status":"closed","template":"templates\/template-applications.php","meta":{"publish_to_discourse":"","publish_post_category":"","wpdc_auto_publish_overridden":"","wpdc_topic_tags":"","wpdc_pin_topic":"","wpdc_pin_until":"","discourse_post_id":"","discourse_permalink":"","wpdc_publishing_response":"","wpdc_publishing_error":"","footnotes":""},"class_list":["post-10","page","type-page","status-publish","hentry"],"yoast_head":"<!-- This site is optimized with the Yoast SEO plugin v25.3.1 - https:\/\/yoast.com\/wordpress\/plugins\/seo\/ -->\n<title>Najlepsze darmowe wid\u017cety i wtyczki do Twojej strony internetowej (2025)<\/title>\n<meta name=\"description\" content=\"Najlepsze wid\u017cety premium dla strony www. Do\u017cywotnia pomoc i bezp\u0142atna pomoc w instalacji. Dodaj przydatne wtyczki do swojej witryny.\" \/>\n<meta name=\"robots\" content=\"index, follow, max-snippet:-1, max-image-preview:large, max-video-preview:-1\" \/>\n<link rel=\"canonical\" href=\"https:\/\/elfsight.com\/pl\/widgets\/\" \/>\n<meta property=\"og:locale\" content=\"pl_PL\" \/>\n<meta property=\"og:type\" content=\"article\" \/>\n<meta property=\"og:title\" content=\"Najlepsze darmowe wid\u017cety i wtyczki do Twojej strony internetowej (2025)\" \/>\n<meta property=\"og:description\" content=\"Najlepsze wid\u017cety premium dla strony www. Do\u017cywotnia pomoc i bezp\u0142atna pomoc w instalacji. Dodaj przydatne wtyczki do swojej witryny.\" \/>\n<meta property=\"og:url\" content=\"https:\/\/elfsight.com\/pl\/widgets\/\" \/>\n<meta property=\"og:site_name\" content=\"Elfsight PL\" \/>\n<meta property=\"article:modified_time\" content=\"2021-08-31T08:06:41+00:00\" \/>\n<meta name=\"twitter:card\" content=\"summary_large_image\" \/>\n<meta name=\"twitter:label1\" content=\"Szacowany czas czytania\" \/>\n\t<meta name=\"twitter:data1\" content=\"3 minuty\" \/>\n<!-- \/ Yoast SEO plugin. -->","yoast_head_json":{"title":"Najlepsze darmowe wid\u017cety i wtyczki do Twojej strony internetowej (2025)","description":"Najlepsze wid\u017cety premium dla strony www. Do\u017cywotnia pomoc i bezp\u0142atna pomoc w instalacji. Dodaj przydatne wtyczki do swojej witryny.","robots":{"index":"index","follow":"follow","max-snippet":"max-snippet:-1","max-image-preview":"max-image-preview:large","max-video-preview":"max-video-preview:-1"},"canonical":"https:\/\/elfsight.com\/pl\/widgets\/","og_locale":"pl_PL","og_type":"article","og_title":"Najlepsze darmowe wid\u017cety i wtyczki do Twojej strony internetowej (2025)","og_description":"Najlepsze wid\u017cety premium dla strony www. Do\u017cywotnia pomoc i bezp\u0142atna pomoc w instalacji. Dodaj przydatne wtyczki do swojej witryny.","og_url":"https:\/\/elfsight.com\/pl\/widgets\/","og_site_name":"Elfsight PL","article_modified_time":"2021-08-31T08:06:41+00:00","twitter_card":"summary_large_image","twitter_misc":{"Szacowany czas czytania":"3 minuty"},"schema":{"@context":"https:\/\/schema.org","@graph":[{"@type":"WebPage","@id":"https:\/\/elfsight.com\/pl\/widgets\/","url":"https:\/\/elfsight.com\/pl\/widgets\/","name":"Najlepsze darmowe wid\u017cety i wtyczki do Twojej strony internetowej (2025)","isPartOf":{"@id":"https:\/\/elfsight.com\/pl\/#website"},"datePublished":"2020-10-20T12:39:27+00:00","dateModified":"2021-08-31T08:06:41+00:00","description":"Najlepsze wid\u017cety premium dla strony www. Do\u017cywotnia pomoc i bezp\u0142atna pomoc w instalacji. Dodaj przydatne wtyczki do swojej witryny.","breadcrumb":{"@id":"https:\/\/elfsight.com\/pl\/widgets\/#breadcrumb"},"inLanguage":"pl-PL","potentialAction":[{"@type":"ReadAction","target":["https:\/\/elfsight.com\/pl\/widgets\/"]}]},{"@type":"BreadcrumbList","@id":"https:\/\/elfsight.com\/pl\/widgets\/#breadcrumb","itemListElement":[{"@type":"ListItem","position":1,"name":"Home","item":"https:\/\/elfsight.com\/pl\/"},{"@type":"ListItem","position":2,"name":"Applications"}]},{"@type":"WebSite","@id":"https:\/\/elfsight.com\/pl\/#website","url":"https:\/\/elfsight.com\/pl\/","name":"Elfsight PL","description":"Just another Elfsight Sites site","potentialAction":[{"@type":"SearchAction","target":{"@type":"EntryPoint","urlTemplate":"https:\/\/elfsight.com\/pl\/?s={search_term_string}"},"query-input":{"@type":"PropertyValueSpecification","valueRequired":true,"valueName":"search_term_string"}}],"inLanguage":"pl-PL"}]}},"meta_box":{"industry":"","seo_heading":"","heading":"","description":"","cta_heading":"","cta_description":"","application":"","h1":"Najlepsze wid\u017cety dla stron internetowych","h1_caption":"Darmowe i Premium: e-commerce, form, tre\u015bci i wtyczki spo\u0142eczno\u015bciowe do Twojej witryny.","application_category":[],"applications_title":"Poznaj nasze wid\u017cety","applications_request_title":"Nie mo\u017cesz znale\u017a\u0107 odpowiedniego wid\u017cetu?","applications_request_button_text":"Zam\u00f3w wid\u017cet","hero_text":"","hero_video":"","hero_video_schema_markup":"","selling_points_title":"","selling_points_caption":"","selling_points":[],"selling_points_cta_text":"","features_title":"","features":"","ed_cta_examples_text":"","ed_cta_examples_hidden":"","ed_cta_demo_text":"","ed_cta_demo_hidden":"","why_caption":"","why_editor_title":"","why_editor_text":"","why_team_title":"","why_team_text":"","why_service_title":"","why_service_text":"","template_catalog_visible":"","template_catalog_title":"","template_catalog_text":"","template_catalog_categories_visible":"","demo_title":"","demo_caption":"","default_faq_hidden":"","app_template_category":[],"platform":"","template_public_id":"","codecanyon_url":"","codecanyon_item_id":"","codecanyon_price":"","pricing_caption":"","pricing_elfsight_apps_hide_column":"","pricing_elfsight_apps_url":"","pricing_codecanyon_price_caption":"","integration_category":[],"integration_request_title":"","integration_request_cta":"","integration_platform":"","integrations":[],"platform_category":[],"video_schema_markup":"","price":"","trial":"","benefits":[],"button_url":"","button_target_blank":"","button_nofollow":"","attributes":[],"tags":[],"tags_disable_links":"","hide_more_platforms":"","video_object":"","demo_hide_cta":"","demo_hide_cloud_options":"","pricing_title":"","pricing":[],"related_apps_title":"","related_apps_hidden":"","author":"","image":[],"title":"","job":"","social_networks":[]},"_links":{"self":[{"href":"https:\/\/elfsight.com\/pl\/wp-json\/wp\/v2\/pages\/10","targetHints":{"allow":["GET"]}}],"collection":[{"href":"https:\/\/elfsight.com\/pl\/wp-json\/wp\/v2\/pages"}],"about":[{"href":"https:\/\/elfsight.com\/pl\/wp-json\/wp\/v2\/types\/page"}],"author":[{"embeddable":true,"href":"https:\/\/elfsight.com\/pl\/wp-json\/wp\/v2\/users\/13"}],"replies":[{"embeddable":true,"href":"https:\/\/elfsight.com\/pl\/wp-json\/wp\/v2\/comments?post=10"}],"version-history":[{"count":17,"href":"https:\/\/elfsight.com\/pl\/wp-json\/wp\/v2\/pages\/10\/revisions"}],"predecessor-version":[{"id":27,"href":"https:\/\/elfsight.com\/pl\/wp-json\/wp\/v2\/pages\/10\/revisions\/27"}],"wp:attachment":[{"href":"https:\/\/elfsight.com\/pl\/wp-json\/wp\/v2\/media?parent=10"}],"curies":[{"name":"wp","href":"https:\/\/api.w.org\/{rel}","templated":true}]}}