{"id":999,"date":"2020-12-08T07:36:12","date_gmt":"2020-12-08T07:36:12","guid":{"rendered":"https:\/\/elfsight.com\/it\/?page_id=999"},"modified":"2020-12-08T07:37:16","modified_gmt":"2020-12-08T07:37:16","slug":"oxygen-builder-plugins","status":"publish","type":"page","link":"https:\/\/elfsight.com\/it\/oxygen-builder-plugins\/","title":{"rendered":"Oxygen Builder plugins"},"content":{"rendered":"\n<h2>La soluzione pi\u00f9 ottimale per il tuo sito Oxygen Builder<\/h2>\n<figure class=\"browser-frame\"><img decoding=\"async\" alt=\"I migliori plugin per il tuo sito web oxygen builder\" src=\"https:\/\/elfsight.com\/wp-content\/uploads\/2020\/08\/platform-image-oxygen.jpg\"><\/figure>\n<p>Da 10 anni, un team di progettisti di Elfsight crea strumenti funzionali ed adattabili. Assistono i siti business in tutto il mondo ed eseguono le seguenti attivit\u00e0 nel modo pi\u00f9 efficiente: aumentano le vendite, attirano buoni feedback sui tuoi servizi, incrementano la fedelt\u00e0 alla tua azienda. I nostri widget sono molto semplici da incorporare nel tuo sito e anche sulla scheda Facebook. I piani tariffari variano da gratuito a VIP. Prova subito qualsiasi plugin adatto; determina quanto potrebbe essere applicabile in termini di ottimizzazione della tua azienda.<\/p>\n<h2>Perch\u00e9 i plugin di Elfsight sono migliori di altri?<\/h2>\n<p>Vedi un elenco dei vantaggi principali dei nostri plugin, ci consentono di essere migliori dei nostri concorrenti:<\/p>\n<ul>\n<li>Supporto gratuito nell&#8217;implementazione di ogni widget;<\/li>\n<li>Adattamento automatico a qualsiasi dimensione dello schermo;<\/li>\n<li>Nessuna conoscenza di programmazione richiesta;<\/li>\n<li>Impostazioni diverse di stile;<\/li>\n<li>Le soluzioni cloud aumentano la velocit\u00e0;<\/li>\n<li>Aggiornamenti costanti e gratuiti;<\/li>\n<li>Supporto di qualit\u00e0 per i clienti.<\/li>\n<\/ul>\n<p>Prova l&#8217;opzione gratuita dei nostri plugin e valuta le potenzialit\u00e0 oppure installa il widget selezionato con uno sconto del 20%.<\/p>\n<div class=\"faq\" data-component=\"FAQ\">\n<div class=\"faq-item\">\r\n\t\t\t\t\t<div class=\"faq-item-question\">\r\n\t\t\t\t\t\t<h3 class=\"faq-item-question-text\">Come posso aggiungere il plugin nel mio tema Oxygen Builder?<\/h3>\r\n\r\n\t\t\t\t\t\t<div class=\"faq-item-question-icon\"><\/div>\r\n\t\t\t\t\t<\/div>\r\n\r\n\t\t\t\t\t<div class=\"faq-item-answer\">\r\n\t\t\t\t\t\t<div class=\"faq-item-answer-text\"><p>\nPuoi inserire il plugin nel layout del tuo sito web. Apri semplicemente il pannello dell&#8217;amministratore ed esegui le seguenti azioni:<\/p>\n<ol>\n<li>Fai clic su impostazioni del tema;<\/li>\n<li>Trova il blocco in cui vuoi inserire il plugin;<\/li>\n<li>Aggiungi il codice dal servizio Elfsight Apps e salva le modifiche.&lt;\/li\n<p>Tutto \u00e8 fatto.<\/p>\n<\/ol>\n<\/div>\r\n\t\t\t\t\t<\/div>\r\n\t\t\t\t<\/div>\n<div class=\"faq-item\">\r\n\t\t\t\t\t<div class=\"faq-item-question\">\r\n\t\t\t\t\t\t<h3 class=\"faq-item-question-text\">Quali delle versioni e template di Oxygen Builder sono compatibili con il plugin?<\/h3>\r\n\r\n\t\t\t\t\t\t<div class=\"faq-item-question-icon\"><\/div>\r\n\t\t\t\t\t<\/div>\r\n\r\n\t\t\t\t\t<div class=\"faq-item-answer\">\r\n\t\t\t\t\t\t<div class=\"faq-item-answer-text\">\nIl nostro plugin \u00e8 compatibile con tutte le opzioni dei temi del sito Oxygen Builder. Garantiamo sempre un funzionamento affidabile di tutte le soluzioni.\n<\/div>\r\n\t\t\t\t\t<\/div>\r\n\t\t\t\t<\/div>\n<div class=\"faq-item\">\r\n\t\t\t\t\t<div class=\"faq-item-question\">\r\n\t\t\t\t\t\t<h3 class=\"faq-item-question-text\">Dove posso gestire il plugin Elfsight?<\/h3>\r\n\r\n\t\t\t\t\t\t<div class=\"faq-item-question-icon\"><\/div>\r\n\t\t\t\t\t<\/div>\r\n\r\n\t\t\t\t\t<div class=\"faq-item-answer\">\r\n\t\t\t\t\t\t<div class=\"faq-item-answer-text\">\nTutti i nostri clienti possono fare le modifiche necessarie nelle impostazioni nel configuratore di facile utilizzo di Elfsight.\n<\/div>\r\n\t\t\t\t\t<\/div>\r\n\t\t\t\t<\/div>\n<div class=\"faq-item\">\r\n\t\t\t\t\t<div class=\"faq-item-question\">\r\n\t\t\t\t\t\t<h3 class=\"faq-item-question-text\">Posso contattare il team di supporto di Elfsight se ho bisogno di ottenere maggiori informazioni sul servizio?<\/h3>\r\n\r\n\t\t\t\t\t\t<div class=\"faq-item-question-icon\"><\/div>\r\n\t\t\t\t\t<\/div>\r\n\r\n\t\t\t\t\t<div class=\"faq-item-answer\">\r\n\t\t\t\t\t\t<div class=\"faq-item-answer-text\"><p>\nTutti i clienti possono di inviare un messaggio ai nostri esperti specialisti di Elfsight per porre una domanda sull&#8217;utilizzo delle soluzioni di Elfsight.<\/p>\n<\/div>\r\n\t\t\t\t\t<\/div>\r\n\t\t\t\t<\/div>\n<\/div>\n<h2>Come posso aggiungere il tuo plugin sul sito web Oxygen Builder<\/h2>\n<p>Per aggiungere il nostro widget, leggi le istruzioni dettagliate.<\/p>\n<ol>\n<li>Seleziona il tuo widget e effettua le impostazioni appropriate. Salva.<\/li>\n<li>Aggiungi il codice alla tua pagina web.<\/li>\n<li>L&#8217;integrazione del widget \u00e8 completata.<\/li>\n<\/ol>\n<p>Se hai bisogno di consigli per aggiungere il plugin, puoi sempre contattare il nostro team di supporto.<\/p>\n","protected":false},"excerpt":{"rendered":"La soluzione pi\u00f9 ottimale per il tuo sito Oxygen Builder Da 10 anni, un team di progettisti di Elfsight crea strumenti funzionali ed adattabili. Assistono i siti business in tutto il mondo ed eseguono le seguenti attivit\u00e0 nel modo pi\u00f9 efficiente: aumentano le vendite, attirano buoni feedback sui tuoi servizi,&#8230;","protected":false},"author":11,"featured_media":0,"parent":0,"menu_order":0,"comment_status":"closed","ping_status":"closed","template":"templates\/template-platform.php","meta":{"publish_to_discourse":"","publish_post_category":"","wpdc_auto_publish_overridden":"","wpdc_topic_tags":"","wpdc_pin_topic":"","wpdc_pin_until":"","discourse_post_id":"","discourse_permalink":"","wpdc_publishing_response":"","wpdc_publishing_error":"","footnotes":""},"class_list":["post-999","page","type-page","status-publish","hentry"],"yoast_head":"<!-- This site is optimized with the Yoast SEO plugin v25.3.1 - https:\/\/yoast.com\/wordpress\/plugins\/seo\/ -->\n<title>70+ migliori plugin gratuiti per il sito web Oxygen Builder (nel 2025)<\/title>\n<meta name=\"description\" content=\"Una libreria di widget e plugin gratuiti esclusivamente per Oxygen Builder. Aiuto con personalizzazione e funzionalit\u00e0 impressionante.\" \/>\n<meta name=\"robots\" content=\"index, follow, max-snippet:-1, max-image-preview:large, max-video-preview:-1\" \/>\n<link rel=\"canonical\" href=\"https:\/\/elfsight.com\/it\/oxygen-builder-plugins\/\" \/>\n<meta property=\"og:locale\" content=\"it_IT\" \/>\n<meta property=\"og:type\" content=\"article\" \/>\n<meta property=\"og:title\" content=\"70+ migliori plugin gratuiti per il sito web Oxygen Builder (nel 2025)\" \/>\n<meta property=\"og:description\" content=\"Una libreria di widget e plugin gratuiti esclusivamente per Oxygen Builder. Aiuto con personalizzazione e funzionalit\u00e0 impressionante.\" \/>\n<meta property=\"og:url\" content=\"https:\/\/elfsight.com\/it\/oxygen-builder-plugins\/\" \/>\n<meta property=\"og:site_name\" content=\"Elfsight IT\" \/>\n<meta property=\"article:modified_time\" content=\"2020-12-08T07:37:16+00:00\" \/>\n<meta property=\"og:image\" content=\"https:\/\/elfsight.com\/wp-content\/uploads\/2020\/08\/platform-image-oxygen.jpg\" \/>\n<meta name=\"twitter:card\" content=\"summary_large_image\" \/>\n<meta name=\"twitter:label1\" content=\"Tempo di lettura stimato\" \/>\n\t<meta name=\"twitter:data1\" content=\"2 minuti\" \/>\n<!-- \/ Yoast SEO plugin. -->","yoast_head_json":{"title":"70+ migliori plugin gratuiti per il sito web Oxygen Builder (nel 2025)","description":"Una libreria di widget e plugin gratuiti esclusivamente per Oxygen Builder. Aiuto con personalizzazione e funzionalit\u00e0 impressionante.","robots":{"index":"index","follow":"follow","max-snippet":"max-snippet:-1","max-image-preview":"max-image-preview:large","max-video-preview":"max-video-preview:-1"},"canonical":"https:\/\/elfsight.com\/it\/oxygen-builder-plugins\/","og_locale":"it_IT","og_type":"article","og_title":"70+ migliori plugin gratuiti per il sito web Oxygen Builder (nel 2025)","og_description":"Una libreria di widget e plugin gratuiti esclusivamente per Oxygen Builder. Aiuto con personalizzazione e funzionalit\u00e0 impressionante.","og_url":"https:\/\/elfsight.com\/it\/oxygen-builder-plugins\/","og_site_name":"Elfsight IT","article_modified_time":"2020-12-08T07:37:16+00:00","og_image":[{"url":"https:\/\/elfsight.com\/wp-content\/uploads\/2020\/08\/platform-image-oxygen.jpg","type":"","width":"","height":""}],"twitter_card":"summary_large_image","twitter_misc":{"Tempo di lettura stimato":"2 minuti"},"schema":{"@context":"https:\/\/schema.org","@graph":[{"@type":"WebPage","@id":"https:\/\/elfsight.com\/it\/oxygen-builder-plugins\/","url":"https:\/\/elfsight.com\/it\/oxygen-builder-plugins\/","name":"70+ migliori plugin gratuiti per il sito web Oxygen Builder (nel 2025)","isPartOf":{"@id":"https:\/\/elfsight.com\/it\/#website"},"primaryImageOfPage":{"@id":"https:\/\/elfsight.com\/it\/oxygen-builder-plugins\/#primaryimage"},"image":{"@id":"https:\/\/elfsight.com\/it\/oxygen-builder-plugins\/#primaryimage"},"thumbnailUrl":"https:\/\/elfsight.com\/wp-content\/uploads\/2020\/08\/platform-image-oxygen.jpg","datePublished":"2020-12-08T07:36:12+00:00","dateModified":"2020-12-08T07:37:16+00:00","description":"Una libreria di widget e plugin gratuiti esclusivamente per Oxygen Builder. Aiuto con personalizzazione e funzionalit\u00e0 impressionante.","breadcrumb":{"@id":"https:\/\/elfsight.com\/it\/oxygen-builder-plugins\/#breadcrumb"},"inLanguage":"it-IT","potentialAction":[{"@type":"ReadAction","target":["https:\/\/elfsight.com\/it\/oxygen-builder-plugins\/"]}]},{"@type":"ImageObject","inLanguage":"it-IT","@id":"https:\/\/elfsight.com\/it\/oxygen-builder-plugins\/#primaryimage","url":"https:\/\/elfsight.com\/wp-content\/uploads\/2020\/08\/platform-image-oxygen.jpg","contentUrl":"https:\/\/elfsight.com\/wp-content\/uploads\/2020\/08\/platform-image-oxygen.jpg"},{"@type":"BreadcrumbList","@id":"https:\/\/elfsight.com\/it\/oxygen-builder-plugins\/#breadcrumb","itemListElement":[{"@type":"ListItem","position":1,"name":"Home","item":"https:\/\/elfsight.com\/it\/"},{"@type":"ListItem","position":2,"name":"Oxygen Builder plugins"}]},{"@type":"WebSite","@id":"https:\/\/elfsight.com\/it\/#website","url":"https:\/\/elfsight.com\/it\/","name":"Elfsight IT","description":"Just another Elfsight Sites site","potentialAction":[{"@type":"SearchAction","target":{"@type":"EntryPoint","urlTemplate":"https:\/\/elfsight.com\/it\/?s={search_term_string}"},"query-input":{"@type":"PropertyValueSpecification","valueRequired":true,"valueName":"search_term_string"}}],"inLanguage":"it-IT"}]}},"meta_box":{"industry":"","seo_heading":"","heading":"","description":"","cta_heading":"","cta_description":"","application":"","h1":"I migliori plugin per Oxygen Builder","h1_caption":"Una libreria di plugin gratuiti con un'ampia funzionalit\u00e0 per aumentare le vendite e l'attivit\u00e0 degli utenti. Implementazione rapida, ampia gamma di impostazioni, supporto dei clienti illimitato a lungo termine.","application_category":[],"applications_title":"Sfoglia la lista completa dei plugin per Oxygen Builder","applications_request_title":"Non riesci a trovare il plugin giusto?","applications_request_button_text":"Richiedi un plugin","hero_text":"","hero_video":"","hero_video_schema_markup":"","selling_points_title":"","selling_points_caption":"","selling_points":[],"selling_points_cta_text":"","features_title":"","features":"","ed_cta_examples_text":"","ed_cta_examples_hidden":"","ed_cta_demo_text":"","ed_cta_demo_hidden":"","why_caption":"","why_editor_title":"","why_editor_text":"","why_team_title":"","why_team_text":"","why_service_title":"","why_service_text":"","template_catalog_visible":"","template_catalog_title":"","template_catalog_text":"","template_catalog_categories_visible":"","demo_title":"","demo_caption":"","default_faq_hidden":"","app_template_category":[],"platform":"102","template_public_id":"","codecanyon_url":"","codecanyon_item_id":"","codecanyon_price":"","pricing_caption":"","pricing_elfsight_apps_hide_column":"","pricing_elfsight_apps_url":"","pricing_codecanyon_price_caption":"","integration_category":[],"integration_request_title":"","integration_request_cta":"","integration_platform":"","integrations":[],"platform_category":[],"video_schema_markup":"","price":"","trial":"","benefits":[],"button_url":"","button_target_blank":"","button_nofollow":"","attributes":[],"tags":[],"tags_disable_links":"","hide_more_platforms":"","video_object":"","demo_hide_cta":"","demo_hide_cloud_options":"","pricing_title":"","pricing":[],"related_apps_title":"","related_apps_hidden":"","author":"","image":[],"title":"","job":"","social_networks":[]},"_links":{"self":[{"href":"https:\/\/elfsight.com\/it\/wp-json\/wp\/v2\/pages\/999","targetHints":{"allow":["GET"]}}],"collection":[{"href":"https:\/\/elfsight.com\/it\/wp-json\/wp\/v2\/pages"}],"about":[{"href":"https:\/\/elfsight.com\/it\/wp-json\/wp\/v2\/types\/page"}],"author":[{"embeddable":true,"href":"https:\/\/elfsight.com\/it\/wp-json\/wp\/v2\/users\/11"}],"replies":[{"embeddable":true,"href":"https:\/\/elfsight.com\/it\/wp-json\/wp\/v2\/comments?post=999"}],"version-history":[{"count":4,"href":"https:\/\/elfsight.com\/it\/wp-json\/wp\/v2\/pages\/999\/revisions"}],"predecessor-version":[{"id":1003,"href":"https:\/\/elfsight.com\/it\/wp-json\/wp\/v2\/pages\/999\/revisions\/1003"}],"wp:attachment":[{"href":"https:\/\/elfsight.com\/it\/wp-json\/wp\/v2\/media?parent=999"}],"curies":[{"name":"wp","href":"https:\/\/api.w.org\/{rel}","templated":true}]}}