{"id":9983,"date":"2025-03-11T05:17:03","date_gmt":"2025-03-11T05:17:03","guid":{"rendered":"https:\/\/elfsight.com\/it\/?page_id=9983"},"modified":"2025-06-17T14:00:46","modified_gmt":"2025-06-17T14:00:46","slug":"godaddy","status":"publish","type":"page","link":"https:\/\/elfsight.com\/it\/timeline-widget\/godaddy\/","title":{"rendered":"Timeline &#8211; GoDaddy"},"content":{"rendered":"<div class=\"application-platform-content-item-description application-platform-content-item\" id=\"description\" data-nav-section=\"description\"><h2>Plugin timeline di GoDaddy<\/h2> <p>Migliora il tuo sito web GoDaddy con una timeline interattiva e visivamente accattivante. Con il plug-in Timeline di Elfsight, puoi visualizzare facilmente le tappe fondamentali, le fasi del progetto o i risultati senza alcuna codifica. Che tu stia condividendo la storia della tua azienda, mostrando lo sviluppo del prodotto o mappando lo stato di avanzamento del progetto, questo plug-in ti aiuta a creare una sequenza temporale perfettamente in linea con gli obiettivi del tuo sito web.<\/p> <ul> <li><b>Crea sequenze temporali interattive senza codifica<\/b><br> Progetta e distribuisci una sequenza temporale completamente funzionale in pochi minuti, senza competenze tecniche richieste. Coinvolgi subito i tuoi visitatori con un&#8217;esperienza dinamica.<\/li> <li><b>Opzioni di personalizzazione avanzate<\/b><br> Personalizza l&#8217;aspetto della tua sequenza temporale modificando modelli, colori, caratteri e altro ancora per creare un&#8217;esperienza visiva unica su misura per il design del tuo sito.<\/li> <li><b>Processo di incorporamento semplice<\/b><br> Incorpora facilmente la sequenza temporale nel tuo sito GoDaddy con un semplice codice HTML: non \u00e8 richiesta alcuna esperienza di codifica!<\/li> <li><b>Assistenza clienti reattiva<\/b><br> Il nostro team di supporto dedicato \u00e8 disponibile per guidarti attraverso la configurazione, assicurando che la cronologia funzioni perfettamente sul tuo sito.<\/li> <\/ul> <p><b>Inizia a utilizzare il widget Timeline GoDaddy di Elfsight oggi per coinvolgere i tuoi visitatori ed evidenziare i tuoi traguardi importanti in un modo visivamente accattivante!<\/b><\/p> <\/div><div class=\"application-platform-content-item-features application-platform-content-item\" id=\"features\" data-nav-section=\"features\"><h2>Cosa puoi fare con la cronologia di GoDaddy<\/h2> <ul> <li><strong>Coinvolgi visivamente i visitatori<\/strong><br> Attira e mantieni l&#8217;attenzione del tuo pubblico presentando eventi chiave e traguardi in un formato interattivo e visivamente accattivante.<\/li> <li><strong>Mostra progressi ed eventi<\/strong><br> Visualizza i tuoi progressi in un semplice ordine cronologico. Che tu stia mostrando i traguardi o monitorando le fasi del progetto, i tuoi visitatori rimarranno informati e coinvolti dai tuoi contenuti.<\/li> <li><strong>Evidenzia i risultati chiave<\/strong><br> Presta particolare attenzione ai risultati e ai traguardi pi\u00f9 significativi, presentandoli in un formato accattivante, facile da seguire che attira l&#8217;attenzione.<\/li> <\/ul> <p><a href=\"#demo\">Prova l&#8217;editor per sperimentare tutte le funzionalit\u00e0 della sequenza temporale widget.<\/a><\/p> <\/div><div class=\"application-platform-content-item-installation application-platform-content-item\" id=\"installation\" data-nav-section=\"installation\"><h2>Come incorporare una sequenza temporale su GoDaddy<\/h2> <p>Aggiungere una sequenza temporale al tuo sito GoDaddy \u00e8 semplice e non richiede competenze di programmazione. Segui questi semplici passaggi:<\/p> <ol> <li><b>Crea la tua sequenza temporale personalizzata<\/b><br> Scegli un modello dall&#8217;editor, personalizzalo per adattarlo al tuo stile e regola il layout e i colori per adattarli al tuo marchio.<\/li> <li><b>Ottieni il tuo codice di incorporamento univoco<\/b><br> Una volta che la sequenza temporale sar\u00e0 pronta, riceverai un codice di incorporamento HTML univoco. Copia questo codice per utilizzarlo in seguito.<\/li> <li><b>Incorpora il codice nel tuo sito GoDaddy<\/b><br> Incolla il codice HTML da incorporare nella sezione del codice del tuo sito web GoDaddy, salva le modifiche e la tua sequenza temporale interattiva sar\u00e0 attiva!<\/li> <li><b>Goditi la tua nuova sequenza temporale interattiva!<\/b><br> Visita il tuo sito e guarda la sequenza temporale in azione: affascina e coinvolge i tuoi visitatori in modo visivamente dinamico!<\/li> <\/ol> <p>Per indicazioni pi\u00f9 dettagliate, visita la nostra guida passo passo su <a href=\"https:\/\/elfsight.com\/blog\/how-to-embed-timeline-to-website\/\" target=\"_blank\" rel=\"noopener\">come aggiungere una sequenza temporale al tuo sito web<\/a>.<\/p> <\/div><div class=\"faq\" data-component=\"FAQ\"> <div class=\"faq-item\">\r\n\t\t\t\t\t<div class=\"faq-item-question\">\r\n\t\t\t\t\t\t<h3 class=\"faq-item-question-text\">Il widget Timeline per GoDaddy \u00e8 gratuito?<\/h3>\r\n\r\n\t\t\t\t\t\t<div class=\"faq-item-question-icon\"><\/div>\r\n\t\t\t\t\t<\/div>\r\n\r\n\t\t\t\t\t<div class=\"faq-item-answer\">\r\n\t\t\t\t\t\t<div class=\"faq-item-answer-text\"> S\u00ec, Elfsight offre un modello basato su abbonamento con un piano gratuito. Puoi accedere alle funzionalit\u00e0 principali del widget Timeline di GoDaddy senza alcun costo e passare a funzionalit\u00e0 pi\u00f9 avanzate con piani a pagamento. <\/div>\r\n\t\t\t\t\t<\/div>\r\n\t\t\t\t<\/div><div class=\"faq-item\">\r\n\t\t\t\t\t<div class=\"faq-item-question\">\r\n\t\t\t\t\t\t<h3 class=\"faq-item-question-text\">Ho bisogno di competenze di codifica per utilizzare il widget Timeline?<\/h3>\r\n\r\n\t\t\t\t\t\t<div class=\"faq-item-question-icon\"><\/div>\r\n\t\t\t\t\t<\/div>\r\n\r\n\t\t\t\t\t<div class=\"faq-item-answer\">\r\n\t\t\t\t\t\t<div class=\"faq-item-answer-text\"> No, il plug-in Timeline di Elfsight per GoDaddy \u00e8 progettato per un facile utilizzo. Puoi personalizzare e incorporare completamente la tua sequenza temporale senza alcuna competenza tecnica. <\/div>\r\n\t\t\t\t\t<\/div>\r\n\t\t\t\t<\/div><div class=\"faq-item\">\r\n\t\t\t\t\t<div class=\"faq-item-question\">\r\n\t\t\t\t\t\t<h3 class=\"faq-item-question-text\">Come posso creare una sequenza temporale interattiva per GoDaddy?<\/h3>\r\n\r\n\t\t\t\t\t\t<div class=\"faq-item-question-icon\"><\/div>\r\n\t\t\t\t\t<\/div>\r\n\r\n\t\t\t\t\t<div class=\"faq-item-answer\">\r\n\t\t\t\t\t\t<div class=\"faq-item-answer-text\"> Seleziona un modello dal nostro editor, personalizzalo in base alle tue esigenze e incorpora semplicemente il codice HTML fornito nel tuo sito web GoDaddy. <\/div>\r\n\t\t\t\t\t<\/div>\r\n\t\t\t\t<\/div><div class=\"faq-item\">\r\n\t\t\t\t\t<div class=\"faq-item-question\">\r\n\t\t\t\t\t\t<h3 class=\"faq-item-question-text\">Che tipi di sequenze temporali posso creare?<\/h3>\r\n\r\n\t\t\t\t\t\t<div class=\"faq-item-question-icon\"><\/div>\r\n\t\t\t\t\t<\/div>\r\n\r\n\t\t\t\t\t<div class=\"faq-item-answer\">\r\n\t\t\t\t\t\t<div class=\"faq-item-answer-text\"> Puoi creare vari tipi di sequenze temporali per il tuo sito GoDaddy, ad esempio:<ul> <li><strong>Cronologia aziendale<\/strong>: mostra le tappe fondamentali e l&#8217;evoluzione della tua azienda nel tempo.<\/li> <li><strong>Sviluppo del prodotto<\/strong>: mostra le fasi dello sviluppo del tuo prodotto, dall&#8217;ideazione al lancio.<\/li> <li><strong>Avanzamento del progetto<\/strong>: Tieni traccia e visualizza le diverse fasi dei progetti in corso o completati.<\/li> <li><strong>Programma degli eventi<\/strong>: presenta eventi importanti, conferenze o lanci di prodotti in un formato di facile comprensione.<\/li> <\/ul> <\/div>\r\n\t\t\t\t\t<\/div>\r\n\t\t\t\t<\/div> <\/div>","protected":false},"excerpt":{"rendered":"","protected":false},"author":9,"featured_media":0,"parent":8639,"menu_order":0,"comment_status":"closed","ping_status":"closed","template":"templates\/template-application-platform.php","meta":{"publish_to_discourse":"","publish_post_category":"","wpdc_auto_publish_overridden":"","wpdc_topic_tags":"","wpdc_pin_topic":"","wpdc_pin_until":"","discourse_post_id":"","discourse_permalink":"","wpdc_publishing_response":"","wpdc_publishing_error":"","footnotes":""},"class_list":["post-9983","page","type-page","status-publish","hentry"],"yoast_head":"<!-- This site is optimized with the Yoast SEO plugin v25.3.1 - https:\/\/yoast.com\/wordpress\/plugins\/seo\/ -->\n<title>Widget sequenza temporale: aggiungi una sequenza temporale interattiva al sito Web di GoDaddy|Gratuito<\/title>\n<meta name=\"description\" content=\"Migliora il tuo sito web GoDaddy con il widget timeline personalizzabile di Elfsight. Visualizza traguardi, risultati o fasi del progetto per attirare i tuoi visitatori.\" \/>\n<meta name=\"robots\" content=\"index, follow, max-snippet:-1, max-image-preview:large, max-video-preview:-1\" \/>\n<link rel=\"canonical\" href=\"https:\/\/elfsight.com\/it\/timeline-widget\/godaddy\/\" \/>\n<meta property=\"og:locale\" content=\"it_IT\" \/>\n<meta property=\"og:type\" content=\"article\" \/>\n<meta property=\"og:title\" content=\"Widget sequenza temporale: aggiungi una sequenza temporale interattiva al sito Web di GoDaddy|Gratuito\" \/>\n<meta property=\"og:description\" content=\"Migliora il tuo sito web GoDaddy con il widget timeline personalizzabile di Elfsight. Visualizza traguardi, risultati o fasi del progetto per attirare i tuoi visitatori.\" \/>\n<meta property=\"og:url\" content=\"https:\/\/elfsight.com\/it\/timeline-widget\/godaddy\/\" \/>\n<meta property=\"og:site_name\" content=\"Elfsight IT\" \/>\n<meta property=\"article:modified_time\" content=\"2025-06-17T14:00:46+00:00\" \/>\n<meta name=\"twitter:card\" content=\"summary_large_image\" \/>\n<meta name=\"twitter:label1\" content=\"Tempo di lettura stimato\" \/>\n\t<meta name=\"twitter:data1\" content=\"4 minuti\" \/>\n<!-- \/ Yoast SEO plugin. -->","yoast_head_json":{"title":"Widget sequenza temporale: aggiungi una sequenza temporale interattiva al sito Web di GoDaddy|Gratuito","description":"Migliora il tuo sito web GoDaddy con il widget timeline personalizzabile di Elfsight. Visualizza traguardi, risultati o fasi del progetto per attirare i tuoi visitatori.","robots":{"index":"index","follow":"follow","max-snippet":"max-snippet:-1","max-image-preview":"max-image-preview:large","max-video-preview":"max-video-preview:-1"},"canonical":"https:\/\/elfsight.com\/it\/timeline-widget\/godaddy\/","og_locale":"it_IT","og_type":"article","og_title":"Widget sequenza temporale: aggiungi una sequenza temporale interattiva al sito Web di GoDaddy|Gratuito","og_description":"Migliora il tuo sito web GoDaddy con il widget timeline personalizzabile di Elfsight. Visualizza traguardi, risultati o fasi del progetto per attirare i tuoi visitatori.","og_url":"https:\/\/elfsight.com\/it\/timeline-widget\/godaddy\/","og_site_name":"Elfsight IT","article_modified_time":"2025-06-17T14:00:46+00:00","twitter_card":"summary_large_image","twitter_misc":{"Tempo di lettura stimato":"4 minuti"},"schema":{"@context":"https:\/\/schema.org","@graph":[{"@type":"WebPage","@id":"https:\/\/elfsight.com\/it\/timeline-widget\/godaddy\/","url":"https:\/\/elfsight.com\/it\/timeline-widget\/godaddy\/","name":"Widget sequenza temporale: aggiungi una sequenza temporale interattiva al sito Web di GoDaddy|Gratuito","isPartOf":{"@id":"https:\/\/elfsight.com\/it\/#website"},"datePublished":"2025-03-11T05:17:03+00:00","dateModified":"2025-06-17T14:00:46+00:00","description":"Migliora il tuo sito web GoDaddy con il widget timeline personalizzabile di Elfsight. Visualizza traguardi, risultati o fasi del progetto per attirare i tuoi visitatori.","breadcrumb":{"@id":"https:\/\/elfsight.com\/it\/timeline-widget\/godaddy\/#breadcrumb"},"inLanguage":"it-IT","potentialAction":[{"@type":"ReadAction","target":["https:\/\/elfsight.com\/it\/timeline-widget\/godaddy\/"]}]},{"@type":"BreadcrumbList","@id":"https:\/\/elfsight.com\/it\/timeline-widget\/godaddy\/#breadcrumb","itemListElement":[{"@type":"ListItem","position":1,"name":"Home","item":"https:\/\/elfsight.com\/it\/"},{"@type":"ListItem","position":2,"name":"Timeline","item":"https:\/\/elfsight.com\/it\/timeline-widget\/"},{"@type":"ListItem","position":3,"name":"Timeline &#8211; GoDaddy"}]},{"@type":"WebSite","@id":"https:\/\/elfsight.com\/it\/#website","url":"https:\/\/elfsight.com\/it\/","name":"Elfsight IT","description":"Just another Elfsight Sites site","potentialAction":[{"@type":"SearchAction","target":{"@type":"EntryPoint","urlTemplate":"https:\/\/elfsight.com\/it\/?s={search_term_string}"},"query-input":{"@type":"PropertyValueSpecification","valueRequired":true,"valueName":"search_term_string"}}],"inLanguage":"it-IT"}]}},"meta_box":{"industry":"","seo_heading":"","heading":"","description":"","cta_heading":"","cta_description":"","application":"8638","h1":"Plug-in cronologia per GoDaddy","h1_caption":"Visualizza una sequenza temporale interattiva degli eventi sul tuo sito Web GoDaddy per mostrare traguardi e risultati significativi","application_category":[],"applications_title":"","applications_request_title":"","applications_request_button_text":"","hero_text":"","hero_video":"","hero_video_schema_markup":"","selling_points_title":"","selling_points_caption":"","selling_points":[],"selling_points_cta_text":"","features_title":"","features":"","ed_cta_examples_text":"","ed_cta_examples_hidden":"","ed_cta_demo_text":"","ed_cta_demo_hidden":"","why_caption":"","why_editor_title":"","why_editor_text":"","why_team_title":"","why_team_text":"","why_service_title":"","why_service_text":"","template_catalog_visible":"","template_catalog_title":"","template_catalog_text":"","template_catalog_categories_visible":"","demo_title":"Crea il tuo plug-in Timeline di GoDaddy","demo_caption":"Personalizza la tua timeline e aggiungila al tuo sito web con facilit\u00e0!","default_faq_hidden":"","app_template_category":[],"platform":"53","template_public_id":"","codecanyon_url":"","codecanyon_item_id":"","codecanyon_price":"","pricing_caption":"","pricing_elfsight_apps_hide_column":"","pricing_elfsight_apps_url":"","pricing_codecanyon_price_caption":"","integration_category":[],"integration_request_title":"","integration_request_cta":"","integration_platform":"","integrations":[],"platform_category":[],"video_schema_markup":"","price":"da $ 0 \/ mese","trial":"","benefits":[],"button_url":"#demo","button_target_blank":"0","button_nofollow":"0","attributes":[{"name":"Installa","content":"50,000 - 100,000","_state":"expanded"},{"name":"Reattivo","content":"S\u00cc","_state":"expanded"},{"name":"Browser compatibili","content":"Firefox, Safari, Opera, Chrome, Edge","_state":"expanded"}],"tags":[],"tags_disable_links":"","hide_more_platforms":"","video_object":"","demo_hide_cta":"0","demo_hide_cloud_options":"","pricing_title":"","pricing":[{"pricing_icon":"platform","pricing_title":"Elfsight Apps","pricing_title_caption":"Software multipiattaforma adatto a qualsiasi sito","pricing_price":"da $ 0 \/ mese","pricing_price_caption":"inizia con un piano gratuito","pricing_benefits":"[object Object],[object Object],[object Object],[object Object]","pricing_button_text":"Aggiungi al sito web","pricing_button_url":"#demo"}],"related_apps_title":"","related_apps_hidden":"","author":"","image":[],"title":"","job":"","social_networks":[]},"_links":{"self":[{"href":"https:\/\/elfsight.com\/it\/wp-json\/wp\/v2\/pages\/9983","targetHints":{"allow":["GET"]}}],"collection":[{"href":"https:\/\/elfsight.com\/it\/wp-json\/wp\/v2\/pages"}],"about":[{"href":"https:\/\/elfsight.com\/it\/wp-json\/wp\/v2\/types\/page"}],"author":[{"embeddable":true,"href":"https:\/\/elfsight.com\/it\/wp-json\/wp\/v2\/users\/9"}],"replies":[{"embeddable":true,"href":"https:\/\/elfsight.com\/it\/wp-json\/wp\/v2\/comments?post=9983"}],"version-history":[{"count":1,"href":"https:\/\/elfsight.com\/it\/wp-json\/wp\/v2\/pages\/9983\/revisions"}],"predecessor-version":[{"id":9987,"href":"https:\/\/elfsight.com\/it\/wp-json\/wp\/v2\/pages\/9983\/revisions\/9987"}],"up":[{"embeddable":true,"href":"https:\/\/elfsight.com\/it\/wp-json\/wp\/v2\/pages\/8639"}],"wp:attachment":[{"href":"https:\/\/elfsight.com\/it\/wp-json\/wp\/v2\/media?parent=9983"}],"curies":[{"name":"wp","href":"https:\/\/api.w.org\/{rel}","templated":true}]}}