{"id":9982,"date":"2025-03-11T05:32:09","date_gmt":"2025-03-11T05:32:09","guid":{"rendered":"https:\/\/elfsight.com\/it\/?page_id=9982"},"modified":"2025-06-17T14:00:46","modified_gmt":"2025-06-17T14:00:46","slug":"jimdo","status":"publish","type":"page","link":"https:\/\/elfsight.com\/it\/timeline-widget\/jimdo\/","title":{"rendered":"Timeline &#8211; Jimdo"},"content":{"rendered":"<div class=\"application-platform-content-item-description application-platform-content-item\" id=\"description\" data-nav-section=\"description\"><h2>Jimdo Timeline Plugin<\/h2> <p>Trasforma il tuo sito web Jimdo con una timeline interattiva e visivamente accattivante che mostra i tuoi traguardi, eventi chiave o fasi del progetto. Con il widget Timeline di Elfsight, puoi creare facilmente una timeline dinamica e completamente personalizzabile che non richiede competenze di codifica. Che tu stia mostrando la storia della tua attivit\u00e0, monitorando le fasi di un progetto o evidenziando lo sviluppo di un prodotto, questo plug-in ti consente di creare una sequenza temporale unica che si adatta alle tue esigenze e aiuta ad affascinare i tuoi visitatori.<\/p> <ul> <li><b>Crea sequenze temporali interattive senza codice<\/b><br> Progetta e lancia una sequenza temporale completamente funzionale in pochi minuti, senza che siano richieste competenze di programmazione. Inizia a coinvolgere immediatamente i tuoi visitatori con un&#8217;esperienza interattiva e dinamica.<\/li> <li><b>Opzioni di personalizzazione avanzate<\/b><br> Personalizza ogni aspetto della tua timeline, inclusi layout, colori, caratteri e impostazioni, per assicurarti che corrisponda all&#8217;aspetto del tuo sito web.<\/li> <li><b>Processo di incorporamento semplice<\/b><br> Incorpora la tua timeline personalizzata nel tuo sito web Jimdo utilizzando un semplice codice di incorporamento HTML, senza problemi tecnici.<\/li> <li><b>Assistenza clienti reattiva<\/b><br> Il nostro team di supporto dedicato \u00e8 disponibile per assisterti con la configurazione, assicurando che la tua cronologia funzioni senza intoppi sul tuo sito.<\/li> <\/ul> <p><b>Inizia a utilizzare il widget Timeline di Elfsight per coinvolgere i tuoi visitatori e mostrare i tuoi traguardi importanti in un modo visivamente accattivante!<\/b><\/p> <\/div><div class=\"application-platform-content-item-features application-platform-content-item\" id=\"features\" data-nav-section=\"features\"><h2>Cosa sei Si pu\u00f2 fare con Jimdo Timeline<\/h2> <ul> <li><strong>Coinvolgi visivamente il tuo pubblico<\/strong><br> Cattura l&#8217;attenzione dei tuoi visitatori presentando la tua sequenza temporale e i traguardi in un formato dinamico e interattivo che incoraggia l&#8217;esplorazione e il coinvolgimento.<\/li> <li><strong>Mostra progressi ed eventi<\/strong><br> Mostra i traguardi principali o le fasi del progetto in ordine cronologico, consentendo ai tuoi visitatori di seguire pi\u00f9 facilmente il tuo viaggio e rimanere informati sui tuoi progressi.<\/li> <li><strong>Evidenzia chiave risultati<\/strong><br> Dai un&#8217;enfasi speciale ai tuoi risultati o traguardi pi\u00f9 significativi, visualizzandoli in un formato chiaro e visivamente accattivante che attiri l&#8217;attenzione.<\/li> <\/ul> <p><a href=\"#demo\">Prova l&#8217;editor per sperimentare tutte le funzionalit\u00e0 del widget Timeline.<\/a><\/p> <\/div><div class=\"application-platform-content-item-installation application-platform-content-item\" id=\"installation\" data-nav-section=\"installation\"><h2>Come incorporare una timeline su Jimdo<\/h2> <p>Aggiungere una timeline al tuo sito Jimdo \u00e8 semplice e veloce e non richiede competenze di programmazione. Segui semplicemente questi passaggi:<\/p> <ol> <li><b>Crea la tua timeline personalizzata<\/b><br> Scegli un design dall&#8217;editor e personalizzalo per adattarlo al tema del tuo sito. Puoi regolare il layout, i colori e i caratteri per adattarli al tuo marchio.<\/li> <li><b>Ottieni il tuo codice di incorporamento univoco<\/b><br> Una volta personalizzata la sequenza temporale, riceverai un codice HTML univoco. Copia questo codice per utilizzarlo in seguito.<\/li> <li><b>Incorpora il codice nel tuo sito Jimdo<\/b><br> Incolla il codice di incorporamento nella sezione appropriata del tuo sito Jimdo e salva le modifiche. La tua sequenza temporale interattiva sar\u00e0 attiva!<\/li> <li><b>Goditi la tua sequenza temporale interattiva!<\/b><br> Vai al tuo sito web e guarda la tua sequenza temporale in azione, affascinando i tuoi visitatori in modo visivamente dinamico.<\/li> <\/ol> <p>Per istruzioni pi\u00f9 dettagliate, consulta la nostra guida su <a href=\"https:\/\/elfsight.com\/blog\/how-to-embed-timeline-to-website\/\" target=\"_blank\" rel=\"noopener\">come aggiungere una timeline al tuo sito web<\/a>.<\/p> <\/div><div class=\"faq\" data-component=\"FAQ\"><div class=\"faq-item\">\r\n\t\t\t\t\t<div class=\"faq-item-question\">\r\n\t\t\t\t\t\t<h3 class=\"faq-item-question-text\">Il widget Timeline per Jimdo \u00e8 gratuito?<\/h3>\r\n\r\n\t\t\t\t\t\t<div class=\"faq-item-question-icon\"><\/div>\r\n\t\t\t\t\t<\/div>\r\n\r\n\t\t\t\t\t<div class=\"faq-item-answer\">\r\n\t\t\t\t\t\t<div class=\"faq-item-answer-text\">S\u00ec, Elfsight offre un piano gratuito per il widget Timeline, che ti d\u00e0 accesso alle funzionalit\u00e0 di base. Per ulteriori personalizzazioni e opzioni avanzate, puoi passare a un piano a pagamento.<\/div>\r\n\t\t\t\t\t<\/div>\r\n\t\t\t\t<\/div><div class=\"faq-item\">\r\n\t\t\t\t\t<div class=\"faq-item-question\">\r\n\t\t\t\t\t\t<h3 class=\"faq-item-question-text\">Ho bisogno di competenze di codifica per utilizzare il widget Timeline?<\/h3>\r\n\r\n\t\t\t\t\t\t<div class=\"faq-item-question-icon\"><\/div>\r\n\t\t\t\t\t<\/div>\r\n\r\n\t\t\t\t\t<div class=\"faq-item-answer\">\r\n\t\t\t\t\t\t<div class=\"faq-item-answer-text\">No, il plug-in Timeline di Elfsight per Jimdo non richiede conoscenze di codifica. Puoi personalizzare e incorporare facilmente la tua timeline utilizzando il nostro editor intuitivo.<\/div>\r\n\t\t\t\t\t<\/div>\r\n\t\t\t\t<\/div><div class=\"faq-item\">\r\n\t\t\t\t\t<div class=\"faq-item-question\">\r\n\t\t\t\t\t\t<h3 class=\"faq-item-question-text\">Come posso creare una timeline interattiva per Jimdo?<\/h3>\r\n\r\n\t\t\t\t\t\t<div class=\"faq-item-question-icon\"><\/div>\r\n\t\t\t\t\t<\/div>\r\n\r\n\t\t\t\t\t<div class=\"faq-item-answer\">\r\n\t\t\t\t\t\t<div class=\"faq-item-answer-text\">Scegli un modello dall&#8217;editor, personalizzalo in base alle tue esigenze, quindi incorpora il codice HTML fornito nel tuo sito web Jimdo.<\/div>\r\n\t\t\t\t\t<\/div>\r\n\t\t\t\t<\/div><div class=\"faq-item\">\r\n\t\t\t\t\t<div class=\"faq-item-question\">\r\n\t\t\t\t\t\t<h3 class=\"faq-item-question-text\">Che tipi di timeline posso creare?<\/h3>\r\n\r\n\t\t\t\t\t\t<div class=\"faq-item-question-icon\"><\/div>\r\n\t\t\t\t\t<\/div>\r\n\r\n\t\t\t\t\t<div class=\"faq-item-answer\">\r\n\t\t\t\t\t\t<div class=\"faq-item-answer-text\">Puoi creare diversi tipi di timeline per il tuo sito Jimdo, ad esempio come:<ul> <li><strong>Cronologia aziendale<\/strong>: mostra l&#8217;evoluzione della tua attivit\u00e0 e i traguardi chiave.<\/li> <li><strong>Cronologia del progetto<\/strong>: mostra le fasi e lo stato di avanzamento dei tuoi progetti in corso o completati.<\/li> <li><strong>Sviluppo del prodotto<\/strong>: illustra il percorso del tuo prodotto dall&#8217;ideazione al lancio.<\/li> <li><strong>Programma degli eventi<\/strong>: presenta i programmi di eventi, conferenze o lanci di prodotti in un formato di facile comprensione.<\/li> <\/ul> <\/div>\r\n\t\t\t\t\t<\/div>\r\n\t\t\t\t<\/div> <\/div>","protected":false},"excerpt":{"rendered":"","protected":false},"author":9,"featured_media":0,"parent":8639,"menu_order":0,"comment_status":"closed","ping_status":"closed","template":"templates\/template-application-platform.php","meta":{"publish_to_discourse":"","publish_post_category":"","wpdc_auto_publish_overridden":"","wpdc_topic_tags":"","wpdc_pin_topic":"","wpdc_pin_until":"","discourse_post_id":"","discourse_permalink":"","wpdc_publishing_response":"","wpdc_publishing_error":"","footnotes":""},"class_list":["post-9982","page","type-page","status-publish","hentry"],"yoast_head":"<!-- This site is optimized with the Yoast SEO plugin v25.3.1 - https:\/\/yoast.com\/wordpress\/plugins\/seo\/ -->\n<title>Widget Timeline \u2013 Aggiungi una linea cronologica interattiva a Jimdo (gratuito)<\/title>\n<meta name=\"description\" content=\"Migliora il tuo sito web Jimdo con una timeline personalizzabile. Mostra traguardi, eventi e progressi con il widget timeline di facile utilizzo di Elfsight.\" \/>\n<meta name=\"robots\" content=\"index, follow, max-snippet:-1, max-image-preview:large, max-video-preview:-1\" \/>\n<link rel=\"canonical\" href=\"https:\/\/elfsight.com\/it\/timeline-widget\/jimdo\/\" \/>\n<meta property=\"og:locale\" content=\"it_IT\" \/>\n<meta property=\"og:type\" content=\"article\" \/>\n<meta property=\"og:title\" content=\"Widget Timeline \u2013 Aggiungi una linea cronologica interattiva a Jimdo (gratuito)\" \/>\n<meta property=\"og:description\" content=\"Migliora il tuo sito web Jimdo con una timeline personalizzabile. Mostra traguardi, eventi e progressi con il widget timeline di facile utilizzo di Elfsight.\" \/>\n<meta property=\"og:url\" content=\"https:\/\/elfsight.com\/it\/timeline-widget\/jimdo\/\" \/>\n<meta property=\"og:site_name\" content=\"Elfsight IT\" \/>\n<meta property=\"article:modified_time\" content=\"2025-06-17T14:00:46+00:00\" \/>\n<meta name=\"twitter:card\" content=\"summary_large_image\" \/>\n<meta name=\"twitter:label1\" content=\"Tempo di lettura stimato\" \/>\n\t<meta name=\"twitter:data1\" content=\"4 minuti\" \/>\n<!-- \/ Yoast SEO plugin. -->","yoast_head_json":{"title":"Widget Timeline \u2013 Aggiungi una linea cronologica interattiva a Jimdo (gratuito)","description":"Migliora il tuo sito web Jimdo con una timeline personalizzabile. Mostra traguardi, eventi e progressi con il widget timeline di facile utilizzo di Elfsight.","robots":{"index":"index","follow":"follow","max-snippet":"max-snippet:-1","max-image-preview":"max-image-preview:large","max-video-preview":"max-video-preview:-1"},"canonical":"https:\/\/elfsight.com\/it\/timeline-widget\/jimdo\/","og_locale":"it_IT","og_type":"article","og_title":"Widget Timeline \u2013 Aggiungi una linea cronologica interattiva a Jimdo (gratuito)","og_description":"Migliora il tuo sito web Jimdo con una timeline personalizzabile. Mostra traguardi, eventi e progressi con il widget timeline di facile utilizzo di Elfsight.","og_url":"https:\/\/elfsight.com\/it\/timeline-widget\/jimdo\/","og_site_name":"Elfsight IT","article_modified_time":"2025-06-17T14:00:46+00:00","twitter_card":"summary_large_image","twitter_misc":{"Tempo di lettura stimato":"4 minuti"},"schema":{"@context":"https:\/\/schema.org","@graph":[{"@type":"WebPage","@id":"https:\/\/elfsight.com\/it\/timeline-widget\/jimdo\/","url":"https:\/\/elfsight.com\/it\/timeline-widget\/jimdo\/","name":"Widget Timeline \u2013 Aggiungi una linea cronologica interattiva a Jimdo (gratuito)","isPartOf":{"@id":"https:\/\/elfsight.com\/it\/#website"},"datePublished":"2025-03-11T05:32:09+00:00","dateModified":"2025-06-17T14:00:46+00:00","description":"Migliora il tuo sito web Jimdo con una timeline personalizzabile. Mostra traguardi, eventi e progressi con il widget timeline di facile utilizzo di Elfsight.","breadcrumb":{"@id":"https:\/\/elfsight.com\/it\/timeline-widget\/jimdo\/#breadcrumb"},"inLanguage":"it-IT","potentialAction":[{"@type":"ReadAction","target":["https:\/\/elfsight.com\/it\/timeline-widget\/jimdo\/"]}]},{"@type":"BreadcrumbList","@id":"https:\/\/elfsight.com\/it\/timeline-widget\/jimdo\/#breadcrumb","itemListElement":[{"@type":"ListItem","position":1,"name":"Home","item":"https:\/\/elfsight.com\/it\/"},{"@type":"ListItem","position":2,"name":"Timeline","item":"https:\/\/elfsight.com\/it\/timeline-widget\/"},{"@type":"ListItem","position":3,"name":"Timeline &#8211; Jimdo"}]},{"@type":"WebSite","@id":"https:\/\/elfsight.com\/it\/#website","url":"https:\/\/elfsight.com\/it\/","name":"Elfsight IT","description":"Just another Elfsight Sites site","potentialAction":[{"@type":"SearchAction","target":{"@type":"EntryPoint","urlTemplate":"https:\/\/elfsight.com\/it\/?s={search_term_string}"},"query-input":{"@type":"PropertyValueSpecification","valueRequired":true,"valueName":"search_term_string"}}],"inLanguage":"it-IT"}]}},"meta_box":{"industry":"","seo_heading":"","heading":"","description":"","cta_heading":"","cta_description":"","application":"8638","h1":"Widget cronologia per Jimdo","h1_caption":"Visualizza una sequenza temporale di eventi per raccontare la tua storia, mostrare i progressi del progetto o le tappe principali in un modo visivamente accattivante","application_category":[],"applications_title":"","applications_request_title":"","applications_request_button_text":"","hero_text":"","hero_video":"","hero_video_schema_markup":"","selling_points_title":"","selling_points_caption":"","selling_points":[],"selling_points_cta_text":"","features_title":"","features":"","ed_cta_examples_text":"","ed_cta_examples_hidden":"","ed_cta_demo_text":"","ed_cta_demo_hidden":"","why_caption":"","why_editor_title":"","why_editor_text":"","why_team_title":"","why_team_text":"","why_service_title":"","why_service_text":"","template_catalog_visible":"","template_catalog_title":"","template_catalog_text":"","template_catalog_categories_visible":"","demo_title":"Crea il tuo widget Timeline Jimdo","demo_caption":"Personalizza la tua timeline e aggiungila al tuo sito web con facilit\u00e0!","default_faq_hidden":"","app_template_category":[],"platform":"55","template_public_id":"","codecanyon_url":"","codecanyon_item_id":"","codecanyon_price":"","pricing_caption":"","pricing_elfsight_apps_hide_column":"","pricing_elfsight_apps_url":"","pricing_codecanyon_price_caption":"","integration_category":[],"integration_request_title":"","integration_request_cta":"","integration_platform":"","integrations":[],"platform_category":[],"video_schema_markup":"","price":"da $ 0 \/ mese","trial":"","benefits":[],"button_url":"#demo","button_target_blank":"0","button_nofollow":"0","attributes":[{"name":"Installa","content":"50,000 - 100,000","_state":"expanded"},{"name":"Reattivo","content":"S\u00cc","_state":"expanded"},{"name":"Browser compatibili","content":"Firefox, Safari, Opera, Chrome, Edge","_state":"expanded"}],"tags":[],"tags_disable_links":"","hide_more_platforms":"","video_object":"","demo_hide_cta":"0","demo_hide_cloud_options":"","pricing_title":"","pricing":[{"pricing_icon":"platform","pricing_title":"Elfsight Apps","pricing_title_caption":"Software multipiattaforma adatto a qualsiasi sito","pricing_price":"da $ 0 \/ mese","pricing_price_caption":"inizia con un piano gratuito","pricing_benefits":"[object Object],[object Object],[object Object],[object Object]","pricing_button_text":"Aggiungi al sito web","pricing_button_url":"#demo"}],"related_apps_title":"","related_apps_hidden":"","author":"","image":[],"title":"","job":"","social_networks":[]},"_links":{"self":[{"href":"https:\/\/elfsight.com\/it\/wp-json\/wp\/v2\/pages\/9982","targetHints":{"allow":["GET"]}}],"collection":[{"href":"https:\/\/elfsight.com\/it\/wp-json\/wp\/v2\/pages"}],"about":[{"href":"https:\/\/elfsight.com\/it\/wp-json\/wp\/v2\/types\/page"}],"author":[{"embeddable":true,"href":"https:\/\/elfsight.com\/it\/wp-json\/wp\/v2\/users\/9"}],"replies":[{"embeddable":true,"href":"https:\/\/elfsight.com\/it\/wp-json\/wp\/v2\/comments?post=9982"}],"version-history":[{"count":1,"href":"https:\/\/elfsight.com\/it\/wp-json\/wp\/v2\/pages\/9982\/revisions"}],"predecessor-version":[{"id":9986,"href":"https:\/\/elfsight.com\/it\/wp-json\/wp\/v2\/pages\/9982\/revisions\/9986"}],"up":[{"embeddable":true,"href":"https:\/\/elfsight.com\/it\/wp-json\/wp\/v2\/pages\/8639"}],"wp:attachment":[{"href":"https:\/\/elfsight.com\/it\/wp-json\/wp\/v2\/media?parent=9982"}],"curies":[{"name":"wp","href":"https:\/\/api.w.org\/{rel}","templated":true}]}}