{"id":9981,"date":"2025-03-11T05:57:13","date_gmt":"2025-03-11T05:57:13","guid":{"rendered":"https:\/\/elfsight.com\/it\/?page_id=9981"},"modified":"2025-06-17T14:00:46","modified_gmt":"2025-06-17T14:00:46","slug":"jquery","status":"publish","type":"page","link":"https:\/\/elfsight.com\/it\/timeline-widget\/jquery\/","title":{"rendered":"Timeline &#8211; jQuery"},"content":{"rendered":"<div class=\"application-platform-content-item-description application-platform-content-item\" id=\"description\" data-nav-section=\"description\"><h2>jQuery Timeline Plugin<\/h2> <p>Eleva il tuo sito web con una straordinaria sequenza temporale interattiva che mostra i traguardi chiave, i progressi o le fasi del progetto. Con il widget jQuery Timeline di Elfsight, puoi creare rapidamente una timeline reattiva e personalizzabile che si allinea perfettamente con l&#8217;aspetto del tuo sito web, senza bisogno di competenze di codifica. Che tu stia mostrando la storia della tua azienda, descrivendo in dettaglio il percorso di sviluppo di un prodotto o monitorando le fasi di un progetto, questo plug-in ti consente di creare un&#8217;esperienza su misura e visivamente coinvolgente per i tuoi visitatori.<\/p> <ul> <li><b>Crea linee temporali interattive senza codifica<\/b><br> Crea una sequenza temporale completamente interattiva in pochi minuti, utilizzando il nostro editor facile da usare, senza competenze tecniche richieste. Inizia a coinvolgere immediatamente i tuoi visitatori con un&#8217;esperienza dinamica.<\/li> <li><b>Opzioni di personalizzazione flessibili<\/b><br> Personalizza il layout, i colori, i caratteri e altro ancora per garantire che la tua timeline si integri con il design e il brand del tuo sito web.<\/li> <li><b>Facile processo di incorporamento<\/b><br> Incorpora perfettamente la tua timeline personalizzata nel tuo sito web jQuery utilizzando un semplice codice di incorporamento HTML, senza problemi di codifica.<\/li> <li><b>Cliente reattivo supporto<\/b><br> Il nostro team di esperti \u00e8 sempre disponibile per assisterti, assicurando che il widget della cronologia funzioni perfettamente sul tuo sito.<\/li> <\/ul> <p><b>Prova oggi stesso il widget Timeline di Elfsight per presentare visivamente i tuoi eventi chiave e i tuoi traguardi in modo dinamico e coinvolgente!<\/b><\/p> <\/div><div class=\"application-platform-content-item-features application-platform-content-item\" id=\"features\" data-nav-section=\"features\"><h2>Cosa puoi fare con jQuery Cronologia<\/h2> <ul> <li><strong>Coinvolgi visivamente i tuoi visitatori<\/strong><br> Attira il tuo pubblico visualizzando la tua sequenza temporale in un formato accattivante e interattivo. Una sequenza temporale visiva incoraggia gli utenti a esplorare e scoprire di pi\u00f9 sui tuoi traguardi e traguardi.<\/li> <li><strong>Mostra i tuoi progressi e traguardi<\/strong><br> Presenta i traguardi, i risultati e gli eventi chiave in un ordine cronologico chiaro che aiuta i visitatori a seguire il tuo viaggio e a rimanere aggiornato sui tuoi progressi.<\/li> <li><strong>Evidenzia i momenti importanti<\/strong><br> Metti in risalto i tuoi traguardi o eventi pi\u00f9 significativi con un layout della sequenza temporale elegante e facile da seguire che cattura l&#8217;attenzione. attenzione e invita a un ulteriore coinvolgimento.<\/li> <\/ul> <p><a href=\"#demo\">Prova subito l&#8217;editor per esplorare tutte le funzionalit\u00e0 del widget Timeline.<\/a><\/p> <\/div><div class=\"application-platform-content-item-installation application-platform-content-item\" id=\"installation\" data-nav-section=\"installation\"><h2>Come incorporare una timeline su jQuery<\/h2> <p>Aggiungere il widget Timeline al tuo sito web jQuery \u00e8 semplice e veloce. Segui questi semplici passaggi:<\/p> <ol> <li><b>Crea la tua sequenza temporale jQuery personalizzata<\/b><br> Inizia selezionando un modello dal nostro editor e personalizzalo in base al tema e alle preferenze di progettazione del tuo sito web.<\/li> <li><b>Ottieni il tuo codice di incorporamento univoco<\/b><br> Dopo aver progettato la sequenza temporale, riceverai un codice di incorporamento HTML univoco. Copia questo codice per utilizzarlo in seguito.<\/li> <li><b>Incorpora il codice nel tuo sito jQuery<\/b><br> Incolla il codice di incorporamento copiato nella sezione appropriata della tua pagina web. Salva le modifiche e la tua sequenza temporale interattiva sar\u00e0 attiva!<\/li> <li><b>Goditi la tua nuova sequenza temporale interattiva!<\/b><br> Vai al tuo sito web e guarda la tua sequenza temporale in azione. Coinvolgi i tuoi visitatori con una sequenza temporale visivamente accattivante.<\/li> <\/ol> <p>Per istruzioni pi\u00f9 dettagliate, consulta la nostra guida completa su <a href=\"https:\/\/elfsight.com\/blog\/how-to-embed-timeline-to-website\/\" target=\"_blank\" rel=\"noopener\">come aggiungere una sequenza temporale al tuo sito web<\/a>.<\/p> <\/div><div class=\"faq\" data-component=\"FAQ\"><div class=\"faq-item\">\r\n\t\t\t\t\t<div class=\"faq-item-question\">\r\n\t\t\t\t\t\t<h3 class=\"faq-item-question-text\">Il widget Timeline per jQuery \u00e8 gratuito?<\/h3>\r\n\r\n\t\t\t\t\t\t<div class=\"faq-item-question-icon\"><\/div>\r\n\t\t\t\t\t<\/div>\r\n\r\n\t\t\t\t\t<div class=\"faq-item-answer\">\r\n\t\t\t\t\t\t<div class=\"faq-item-answer-text\">S\u00ec, Elfsight offre un piano gratuito per il widget Timeline, fornendo l&#8217;accesso alle funzionalit\u00e0 di base. I piani a pagamento sbloccano opzioni di personalizzazione pi\u00f9 avanzate.<\/div>\r\n\t\t\t\t\t<\/div>\r\n\t\t\t\t<\/div><div class=\"faq-item\">\r\n\t\t\t\t\t<div class=\"faq-item-question\">\r\n\t\t\t\t\t\t<h3 class=\"faq-item-question-text\">Ho bisogno di competenze di codifica per utilizzare il widget Timeline?<\/h3>\r\n\r\n\t\t\t\t\t\t<div class=\"faq-item-question-icon\"><\/div>\r\n\t\t\t\t\t<\/div>\r\n\r\n\t\t\t\t\t<div class=\"faq-item-answer\">\r\n\t\t\t\t\t\t<div class=\"faq-item-answer-text\">No, il plug-in jQuery Timeline di Elfsight non richiede alcuna conoscenza di codifica. Puoi creare, personalizzare e incorporare facilmente la tua timeline utilizzando l&#8217;editor intuitivo.<\/div>\r\n\t\t\t\t\t<\/div>\r\n\t\t\t\t<\/div><div class=\"faq-item\">\r\n\t\t\t\t\t<div class=\"faq-item-question\">\r\n\t\t\t\t\t\t<h3 class=\"faq-item-question-text\">Come posso creare una timeline interattiva per jQuery?<\/h3>\r\n\r\n\t\t\t\t\t\t<div class=\"faq-item-question-icon\"><\/div>\r\n\t\t\t\t\t<\/div>\r\n\r\n\t\t\t\t\t<div class=\"faq-item-answer\">\r\n\t\t\t\t\t\t<div class=\"faq-item-answer-text\">Scegli semplicemente un modello di design dall&#8217;editor, personalizzalo a tuo piacimento e quindi incorpora il codice HTML fornito nel tuo sito web jQuery.<\/div>\r\n\t\t\t\t\t<\/div>\r\n\t\t\t\t<\/div><div class=\"faq-item\">\r\n\t\t\t\t\t<div class=\"faq-item-question\">\r\n\t\t\t\t\t\t<h3 class=\"faq-item-question-text\">Che tipi di timeline posso creare?<\/h3>\r\n\r\n\t\t\t\t\t\t<div class=\"faq-item-question-icon\"><\/div>\r\n\t\t\t\t\t<\/div>\r\n\r\n\t\t\t\t\t<div class=\"faq-item-answer\">\r\n\t\t\t\t\t\t<div class=\"faq-item-answer-text\">Con il widget jQuery Timeline, puoi creare diversi tipi di sequenze temporali, tra cui:<ul> <li><strong>Cronologia aziendale<\/strong>: mostra la crescita e i traguardi raggiunti dalla tua azienda nel corso del tempo.<\/li> <li><strong>Sviluppo del prodotto<\/strong>: mostra il percorso del tuo prodotto dal concepimento al rilascio.<\/li> <li><strong>Cronologia del progetto<\/strong>: tieni traccia delle diverse fasi dei tuoi progetti in corso o completati.<\/li> <li><strong>Programma degli eventi<\/strong>: visualizza i programmi di conferenze, lanci di prodotti o eventi altri eventi chiave.<\/li> <\/ul> <\/div>\r\n\t\t\t\t\t<\/div>\r\n\t\t\t\t<\/div> <\/div>","protected":false},"excerpt":{"rendered":"","protected":false},"author":9,"featured_media":0,"parent":8639,"menu_order":0,"comment_status":"closed","ping_status":"closed","template":"templates\/template-application-platform.php","meta":{"publish_to_discourse":"","publish_post_category":"","wpdc_auto_publish_overridden":"","wpdc_topic_tags":"","wpdc_pin_topic":"","wpdc_pin_until":"","discourse_post_id":"","discourse_permalink":"","wpdc_publishing_response":"","wpdc_publishing_error":"","footnotes":""},"class_list":["post-9981","page","type-page","status-publish","hentry"],"yoast_head":"<!-- This site is optimized with the Yoast SEO plugin v25.3.1 - https:\/\/yoast.com\/wordpress\/plugins\/seo\/ -->\n<title>Widget Timeline \u2013 Aggiungi una linea di cronologia dinamica al sito web jQuery|Gratuito<\/title>\n<meta name=\"description\" content=\"Crea una timeline personalizzabile con il plugin jQuery Timeline di Elfsight. Visualizza traguardi, risultati ed eventi con facilit\u00e0 e senza competenze di codifica richieste.\" \/>\n<meta name=\"robots\" content=\"index, follow, max-snippet:-1, max-image-preview:large, max-video-preview:-1\" \/>\n<link rel=\"canonical\" href=\"https:\/\/elfsight.com\/it\/timeline-widget\/jquery\/\" \/>\n<meta property=\"og:locale\" content=\"it_IT\" \/>\n<meta property=\"og:type\" content=\"article\" \/>\n<meta property=\"og:title\" content=\"Widget Timeline \u2013 Aggiungi una linea di cronologia dinamica al sito web jQuery|Gratuito\" \/>\n<meta property=\"og:description\" content=\"Crea una timeline personalizzabile con il plugin jQuery Timeline di Elfsight. Visualizza traguardi, risultati ed eventi con facilit\u00e0 e senza competenze di codifica richieste.\" \/>\n<meta property=\"og:url\" content=\"https:\/\/elfsight.com\/it\/timeline-widget\/jquery\/\" \/>\n<meta property=\"og:site_name\" content=\"Elfsight IT\" \/>\n<meta property=\"article:modified_time\" content=\"2025-06-17T14:00:46+00:00\" \/>\n<meta name=\"twitter:card\" content=\"summary_large_image\" \/>\n<meta name=\"twitter:label1\" content=\"Tempo di lettura stimato\" \/>\n\t<meta name=\"twitter:data1\" content=\"4 minuti\" \/>\n<!-- \/ Yoast SEO plugin. -->","yoast_head_json":{"title":"Widget Timeline \u2013 Aggiungi una linea di cronologia dinamica al sito web jQuery|Gratuito","description":"Crea una timeline personalizzabile con il plugin jQuery Timeline di Elfsight. Visualizza traguardi, risultati ed eventi con facilit\u00e0 e senza competenze di codifica richieste.","robots":{"index":"index","follow":"follow","max-snippet":"max-snippet:-1","max-image-preview":"max-image-preview:large","max-video-preview":"max-video-preview:-1"},"canonical":"https:\/\/elfsight.com\/it\/timeline-widget\/jquery\/","og_locale":"it_IT","og_type":"article","og_title":"Widget Timeline \u2013 Aggiungi una linea di cronologia dinamica al sito web jQuery|Gratuito","og_description":"Crea una timeline personalizzabile con il plugin jQuery Timeline di Elfsight. Visualizza traguardi, risultati ed eventi con facilit\u00e0 e senza competenze di codifica richieste.","og_url":"https:\/\/elfsight.com\/it\/timeline-widget\/jquery\/","og_site_name":"Elfsight IT","article_modified_time":"2025-06-17T14:00:46+00:00","twitter_card":"summary_large_image","twitter_misc":{"Tempo di lettura stimato":"4 minuti"},"schema":{"@context":"https:\/\/schema.org","@graph":[{"@type":"WebPage","@id":"https:\/\/elfsight.com\/it\/timeline-widget\/jquery\/","url":"https:\/\/elfsight.com\/it\/timeline-widget\/jquery\/","name":"Widget Timeline \u2013 Aggiungi una linea di cronologia dinamica al sito web jQuery|Gratuito","isPartOf":{"@id":"https:\/\/elfsight.com\/it\/#website"},"datePublished":"2025-03-11T05:57:13+00:00","dateModified":"2025-06-17T14:00:46+00:00","description":"Crea una timeline personalizzabile con il plugin jQuery Timeline di Elfsight. Visualizza traguardi, risultati ed eventi con facilit\u00e0 e senza competenze di codifica richieste.","breadcrumb":{"@id":"https:\/\/elfsight.com\/it\/timeline-widget\/jquery\/#breadcrumb"},"inLanguage":"it-IT","potentialAction":[{"@type":"ReadAction","target":["https:\/\/elfsight.com\/it\/timeline-widget\/jquery\/"]}]},{"@type":"BreadcrumbList","@id":"https:\/\/elfsight.com\/it\/timeline-widget\/jquery\/#breadcrumb","itemListElement":[{"@type":"ListItem","position":1,"name":"Home","item":"https:\/\/elfsight.com\/it\/"},{"@type":"ListItem","position":2,"name":"Timeline","item":"https:\/\/elfsight.com\/it\/timeline-widget\/"},{"@type":"ListItem","position":3,"name":"Timeline &#8211; jQuery"}]},{"@type":"WebSite","@id":"https:\/\/elfsight.com\/it\/#website","url":"https:\/\/elfsight.com\/it\/","name":"Elfsight IT","description":"Just another Elfsight Sites site","potentialAction":[{"@type":"SearchAction","target":{"@type":"EntryPoint","urlTemplate":"https:\/\/elfsight.com\/it\/?s={search_term_string}"},"query-input":{"@type":"PropertyValueSpecification","valueRequired":true,"valueName":"search_term_string"}}],"inLanguage":"it-IT"}]}},"meta_box":{"industry":"","seo_heading":"","heading":"","description":"","cta_heading":"","cta_description":"","application":"8638","h1":"Plug-in della sequenza temporale per jQuery","h1_caption":"Visualizza una tabella di marcia coinvolgente delle fasi per rivelare la tua narrativa, le tappe fondamentali o gli eventi con una sequenza temporale interattiva su jQuery","application_category":[],"applications_title":"","applications_request_title":"","applications_request_button_text":"","hero_text":"","hero_video":"","hero_video_schema_markup":"","selling_points_title":"","selling_points_caption":"","selling_points":[],"selling_points_cta_text":"","features_title":"","features":"","ed_cta_examples_text":"","ed_cta_examples_hidden":"","ed_cta_demo_text":"","ed_cta_demo_hidden":"","why_caption":"","why_editor_title":"","why_editor_text":"","why_team_title":"","why_team_text":"","why_service_title":"","why_service_text":"","template_catalog_visible":"","template_catalog_title":"","template_catalog_text":"","template_catalog_categories_visible":"","demo_title":"Crea il tuo plugin jQuery Timeline","demo_caption":"Personalizza la tua timeline e aggiungila al tuo sito web con facilit\u00e0!","default_faq_hidden":"","app_template_category":[],"platform":"37","template_public_id":"","codecanyon_url":"","codecanyon_item_id":"","codecanyon_price":"","pricing_caption":"","pricing_elfsight_apps_hide_column":"","pricing_elfsight_apps_url":"","pricing_codecanyon_price_caption":"","integration_category":[],"integration_request_title":"","integration_request_cta":"","integration_platform":"","integrations":[],"platform_category":[],"video_schema_markup":"","price":"da $ 0 \/ mese","trial":"","benefits":[],"button_url":"#demo","button_target_blank":"0","button_nofollow":"0","attributes":[{"name":"Installa","content":"50,000 - 100,000","_state":"expanded"},{"name":"Reattivo","content":"S\u00cc","_state":"expanded"},{"name":"Browser compatibili","content":"Firefox, Safari, Opera, Chrome, Edge","_state":"expanded"}],"tags":[],"tags_disable_links":"","hide_more_platforms":"","video_object":"","demo_hide_cta":"0","demo_hide_cloud_options":"","pricing_title":"","pricing":[{"pricing_icon":"platform","pricing_title":"Elfsight Apps","pricing_title_caption":"Software multipiattaforma adatto a qualsiasi sito","pricing_price":"da $ 0 \/ mese","pricing_price_caption":"inizia con un piano gratuito","pricing_benefits":"[object Object],[object Object],[object Object],[object Object]","pricing_button_text":"Aggiungi al sito web","pricing_button_url":"#demo"}],"related_apps_title":"","related_apps_hidden":"","author":"","image":[],"title":"","job":"","social_networks":[]},"_links":{"self":[{"href":"https:\/\/elfsight.com\/it\/wp-json\/wp\/v2\/pages\/9981","targetHints":{"allow":["GET"]}}],"collection":[{"href":"https:\/\/elfsight.com\/it\/wp-json\/wp\/v2\/pages"}],"about":[{"href":"https:\/\/elfsight.com\/it\/wp-json\/wp\/v2\/types\/page"}],"author":[{"embeddable":true,"href":"https:\/\/elfsight.com\/it\/wp-json\/wp\/v2\/users\/9"}],"replies":[{"embeddable":true,"href":"https:\/\/elfsight.com\/it\/wp-json\/wp\/v2\/comments?post=9981"}],"version-history":[{"count":1,"href":"https:\/\/elfsight.com\/it\/wp-json\/wp\/v2\/pages\/9981\/revisions"}],"predecessor-version":[{"id":9985,"href":"https:\/\/elfsight.com\/it\/wp-json\/wp\/v2\/pages\/9981\/revisions\/9985"}],"up":[{"embeddable":true,"href":"https:\/\/elfsight.com\/it\/wp-json\/wp\/v2\/pages\/8639"}],"wp:attachment":[{"href":"https:\/\/elfsight.com\/it\/wp-json\/wp\/v2\/media?parent=9981"}],"curies":[{"name":"wp","href":"https:\/\/api.w.org\/{rel}","templated":true}]}}