{"id":9973,"date":"2025-03-12T08:34:08","date_gmt":"2025-03-12T08:34:08","guid":{"rendered":"https:\/\/elfsight.com\/it\/?page_id=9973"},"modified":"2025-06-17T14:00:37","modified_gmt":"2025-06-17T14:00:37","slug":"facebook","status":"publish","type":"page","link":"https:\/\/elfsight.com\/it\/timeline-widget\/facebook\/","title":{"rendered":"Timeline &#8211; Facebook"},"content":{"rendered":"<div class=\"application-platform-content-item-description application-platform-content-item\" id=\"description\" data-nav-section=\"description\"><h2>Creatore di timeline per pagine Facebook<\/h2><p>Aggiungi una timeline interattiva alle tue pagine Facebook per evidenziare traguardi, eventi o fasi di attivit\u00e0, senza necessit\u00e0 di codifica. Il widget Timeline di Elfsight ti consente di incorporare punti personalizzabili che coinvolgono il tuo pubblico. Che tu stia condividendo la storia del tuo marchio, monitorando le fasi del progetto o evidenziando le tappe fondamentali del prodotto, questo widget semplifica la progettazione di una sequenza temporale su misura per i tuoi obiettivi.<\/p><ul><li><b>Crea sequenze temporali interattive senza codice<\/b><br>Costruisci una sequenza temporale completamente funzionale in pochi minuti, senza competenze tecniche richieste, e inizia subito ad affascinare i tuoi visitatori.<\/li><li><b>Opzioni di personalizzazione avanzate<\/b><br>Regola il design e il layout della tua sequenza temporale con vari modelli personalizzabili, colori, caratteri e impostazioni per un&#8217;esperienza unica e coinvolgente.<\/li><li><b>Processo di incorporamento semplice<\/b><br>Incorpora facilmente la tua timeline nelle tue pagine Facebook utilizzando un semplice codice HTML, senza problemi tecnici.<\/li><li><b>Assistenza clienti reattiva<\/b><br>Il nostro team di supporto dedicato \u00e8 disponibile per assisterti con la configurazione, assicurando che la tua timeline funzioni perfettamente sulla tua pagina.<\/li><\/ul><p><b>Prova la timeline Elfsight per coinvolgere il tuo pubblico e mostrare i tuoi traguardi in modo visivamente accattivante!<\/b><\/p><\/div><div class=\"application-platform-content-item-features application-platform-content-item\" id=\"features\" data-nav-section=\"features\"><h2>Cosa puoi fare con la cronologia delle pagine Facebook<\/h2><ul><li><strong>Coinvolgi visivamente i visitatori<\/strong><br>Cattura l&#8217;attenzione del tuo pubblico con una sequenza temporale dinamica e interattiva che presenta i traguardi in un formato di facile comprensione. Una sequenza temporale visiva mantiene coinvolti i visitatori e li incoraggia a esplorare ulteriormente la tua storia.<\/li><li><strong>Mostra progressi ed eventi<\/strong><br>Utilizza la sequenza temporale per presentare gli eventi in ordine cronologico, aiutando i visitatori a seguire il tuo viaggio. Ci\u00f2 mantiene il tuo pubblico coinvolto e informato sui tuoi ultimi sviluppi.<\/li><li><strong>Evidenzia i risultati chiave<\/strong><br>Concentrati sui traguardi pi\u00f9 importanti. Mostra i tuoi principali risultati in un formato chiaro e accattivante che sia in sintonia con il tuo pubblico.<\/li><\/ul><p><a href=\"#demo\">Dai un&#8217;occhiata all&#8217;editor per vedere tutto il potenziale.<\/a><\/p><\/div><div class=\"application-platform-content-item-installation application-platform-content-item\" id=\"installation\" data-nav-section=\"installation\"> <h2>Come incorporare una sequenza temporale nelle pagine Facebook<\/h2><p>Aggiungere la sequenza temporale alle tue pagine Facebook \u00e8 semplice e non richiede alcuna codifica. Segui questi semplici passaggi per iniziare:<\/p><ol><li><b>Crea la tua sequenza temporale personalizzata<\/b><br>Inizia selezionando un modello dal nostro editor e personalizzalo in base alle tue esigenze.<\/li><li><b>Ottieni il tuo codice di incorporamento univoco<\/b><br>Una volta personalizzata la sequenza temporale, riceverai un codice HTML personalizzato. Copia questo codice per un uso successivo.<\/li><li><b>Incorpora il codice nella tua pagina<\/b><br>Inserisci il codice HTML nella sezione appropriata della tua pagina e salva le modifiche. La tua sequenza temporale sar\u00e0 attiva!<\/li><li><b>Goditi la tua nuova sequenza temporale interattiva!<\/b><br>Visita la tua pagina per vedere la sequenza temporale in azione e coinvolgere il tuo pubblico con la tua storia!<\/li><\/ol><p>Per istruzioni pi\u00f9 dettagliate, consulta la nostra guida su <a href=\"https:\/\/elfsight.com\/blog\/how-to-embed-timeline-to-website\/\">come aggiungere una sequenza temporale alla tua sequenza temporale page.<\/a><\/p><\/div><div class=\"faq\" data-component=\"FAQ\"><div class=\"faq-item\">\r\n\t\t\t\t\t<div class=\"faq-item-question\">\r\n\t\t\t\t\t\t<h3 class=\"faq-item-question-text\">Il widget Timeline per le pagine Facebook \u00e8 gratuito? <\/h3>\r\n\r\n\t\t\t\t\t\t<div class=\"faq-item-question-icon\"><\/div>\r\n\t\t\t\t\t<\/div>\r\n\r\n\t\t\t\t\t<div class=\"faq-item-answer\">\r\n\t\t\t\t\t\t<div class=\"faq-item-answer-text\">S\u00ec, Elfsight offre un modello di abbonamento con un piano gratuito disponibile. Puoi utilizzare il widget Timeline per le Pagine Facebook senza costi, ottenendo l&#8217;accesso a tutte le funzionalit\u00e0 essenziali. Per sbloccare funzionalit\u00e0 pi\u00f9 avanzate, sono disponibili piani premium. <\/div>\r\n\t\t\t\t\t<\/div>\r\n\t\t\t\t<\/div><div class=\"faq-item\">\r\n\t\t\t\t\t<div class=\"faq-item-question\">\r\n\t\t\t\t\t\t<h3 class=\"faq-item-question-text\">Ho bisogno di competenze di codifica per utilizzare il widget Timeline? <\/h3>\r\n\r\n\t\t\t\t\t\t<div class=\"faq-item-question-icon\"><\/div>\r\n\t\t\t\t\t<\/div>\r\n\r\n\t\t\t\t\t<div class=\"faq-item-answer\">\r\n\t\t\t\t\t\t<div class=\"faq-item-answer-text\">Non sono richieste competenze di codifica. Il widget Timeline di Elfsight ti consente di creare, personalizzare e incorporare una timeline con un editor facile da usare.<\/div>\r\n\t\t\t\t\t<\/div>\r\n\t\t\t\t<\/div><div class=\"faq-item\">\r\n\t\t\t\t\t<div class=\"faq-item-question\">\r\n\t\t\t\t\t\t<h3 class=\"faq-item-question-text\">Come posso creare una timeline interattiva per le pagine Facebook? <\/h3>\r\n\r\n\t\t\t\t\t\t<div class=\"faq-item-question-icon\"><\/div>\r\n\t\t\t\t\t<\/div>\r\n\r\n\t\t\t\t\t<div class=\"faq-item-answer\">\r\n\t\t\t\t\t\t<div class=\"faq-item-answer-text\">Scegli semplicemente un modello dall&#8217;editor, personalizzalo con i tuoi contenuti e incorporalo nella tua pagina Facebook utilizzando il codice HTML univoco fornito. <\/div>\r\n\t\t\t\t\t<\/div>\r\n\t\t\t\t<\/div><div class=\"faq-item\">\r\n\t\t\t\t\t<div class=\"faq-item-question\">\r\n\t\t\t\t\t\t<h3 class=\"faq-item-question-text\">Che tipi di sequenze temporali posso creare? <\/h3>\r\n\r\n\t\t\t\t\t\t<div class=\"faq-item-question-icon\"><\/div>\r\n\t\t\t\t\t<\/div>\r\n\r\n\t\t\t\t\t<div class=\"faq-item-answer\">\r\n\t\t\t\t\t\t<div class=\"faq-item-answer-text\">Puoi creare un&#8217;ampia gamma di sequenze temporali: storia dell&#8217;azienda, sviluppo del prodotto, avanzamento del progetto, pianificazione degli eventi e altro ancora. Il widget Elfsight Timeline \u00e8 versatile e pu\u00f2 essere personalizzato in base alle tue esigenze specifiche. <\/div>\r\n\t\t\t\t\t<\/div>\r\n\t\t\t\t<\/div><\/div><p><\/p>","protected":false},"excerpt":{"rendered":"","protected":false},"author":9,"featured_media":0,"parent":8639,"menu_order":0,"comment_status":"closed","ping_status":"closed","template":"templates\/template-application-platform.php","meta":{"publish_to_discourse":"","publish_post_category":"","wpdc_auto_publish_overridden":"","wpdc_topic_tags":"","wpdc_pin_topic":"","wpdc_pin_until":"","discourse_post_id":"","discourse_permalink":"","wpdc_publishing_response":"","wpdc_publishing_error":"","footnotes":""},"class_list":["post-9973","page","type-page","status-publish","hentry"],"yoast_head":"<!-- This site is optimized with the Yoast SEO plugin v25.3.1 - https:\/\/yoast.com\/wordpress\/plugins\/seo\/ -->\n<title>Widget Timeline: aggiungi una timeline interattiva alle pagine Facebook<\/title>\n<meta name=\"description\" content=\"Crea una timeline personalizzata sulle pagine Facebook con il widget Timeline di Efsight. Mostra eventi chiave, traguardi e risultati, senza bisogno di codifica.\" \/>\n<meta name=\"robots\" content=\"index, follow, max-snippet:-1, max-image-preview:large, max-video-preview:-1\" \/>\n<link rel=\"canonical\" href=\"https:\/\/elfsight.com\/it\/timeline-widget\/facebook\/\" \/>\n<meta property=\"og:locale\" content=\"it_IT\" \/>\n<meta property=\"og:type\" content=\"article\" \/>\n<meta property=\"og:title\" content=\"Widget Timeline: aggiungi una timeline interattiva alle pagine Facebook\" \/>\n<meta property=\"og:description\" content=\"Crea una timeline personalizzata sulle pagine Facebook con il widget Timeline di Efsight. Mostra eventi chiave, traguardi e risultati, senza bisogno di codifica.\" \/>\n<meta property=\"og:url\" content=\"https:\/\/elfsight.com\/it\/timeline-widget\/facebook\/\" \/>\n<meta property=\"og:site_name\" content=\"Elfsight IT\" \/>\n<meta property=\"article:modified_time\" content=\"2025-06-17T14:00:37+00:00\" \/>\n<meta name=\"twitter:card\" content=\"summary_large_image\" \/>\n<meta name=\"twitter:label1\" content=\"Tempo di lettura stimato\" \/>\n\t<meta name=\"twitter:data1\" content=\"3 minuti\" \/>\n<!-- \/ Yoast SEO plugin. -->","yoast_head_json":{"title":"Widget Timeline: aggiungi una timeline interattiva alle pagine Facebook","description":"Crea una timeline personalizzata sulle pagine Facebook con il widget Timeline di Efsight. Mostra eventi chiave, traguardi e risultati, senza bisogno di codifica.","robots":{"index":"index","follow":"follow","max-snippet":"max-snippet:-1","max-image-preview":"max-image-preview:large","max-video-preview":"max-video-preview:-1"},"canonical":"https:\/\/elfsight.com\/it\/timeline-widget\/facebook\/","og_locale":"it_IT","og_type":"article","og_title":"Widget Timeline: aggiungi una timeline interattiva alle pagine Facebook","og_description":"Crea una timeline personalizzata sulle pagine Facebook con il widget Timeline di Efsight. Mostra eventi chiave, traguardi e risultati, senza bisogno di codifica.","og_url":"https:\/\/elfsight.com\/it\/timeline-widget\/facebook\/","og_site_name":"Elfsight IT","article_modified_time":"2025-06-17T14:00:37+00:00","twitter_card":"summary_large_image","twitter_misc":{"Tempo di lettura stimato":"3 minuti"},"schema":{"@context":"https:\/\/schema.org","@graph":[{"@type":"WebPage","@id":"https:\/\/elfsight.com\/it\/timeline-widget\/facebook\/","url":"https:\/\/elfsight.com\/it\/timeline-widget\/facebook\/","name":"Widget Timeline: aggiungi una timeline interattiva alle pagine Facebook","isPartOf":{"@id":"https:\/\/elfsight.com\/it\/#website"},"datePublished":"2025-03-12T08:34:08+00:00","dateModified":"2025-06-17T14:00:37+00:00","description":"Crea una timeline personalizzata sulle pagine Facebook con il widget Timeline di Efsight. Mostra eventi chiave, traguardi e risultati, senza bisogno di codifica.","breadcrumb":{"@id":"https:\/\/elfsight.com\/it\/timeline-widget\/facebook\/#breadcrumb"},"inLanguage":"it-IT","potentialAction":[{"@type":"ReadAction","target":["https:\/\/elfsight.com\/it\/timeline-widget\/facebook\/"]}]},{"@type":"BreadcrumbList","@id":"https:\/\/elfsight.com\/it\/timeline-widget\/facebook\/#breadcrumb","itemListElement":[{"@type":"ListItem","position":1,"name":"Home","item":"https:\/\/elfsight.com\/it\/"},{"@type":"ListItem","position":2,"name":"Timeline","item":"https:\/\/elfsight.com\/it\/timeline-widget\/"},{"@type":"ListItem","position":3,"name":"Timeline &#8211; Facebook"}]},{"@type":"WebSite","@id":"https:\/\/elfsight.com\/it\/#website","url":"https:\/\/elfsight.com\/it\/","name":"Elfsight IT","description":"Just another Elfsight Sites site","potentialAction":[{"@type":"SearchAction","target":{"@type":"EntryPoint","urlTemplate":"https:\/\/elfsight.com\/it\/?s={search_term_string}"},"query-input":{"@type":"PropertyValueSpecification","valueRequired":true,"valueName":"search_term_string"}}],"inLanguage":"it-IT"}]}},"meta_box":{"industry":"","seo_heading":"","heading":"","description":"","cta_heading":"","cta_description":"","application":"8638","h1":"Widget Timeline per le pagine Facebook","h1_caption":"Visualizza una cronologia avvincente di traguardi per raccontare la tua storia, mostrare i tuoi progressi o eventi con una sequenza temporale interattiva sulle pagine Facebook.","application_category":[],"applications_title":"","applications_request_title":"","applications_request_button_text":"","hero_text":"","hero_video":"","hero_video_schema_markup":"","selling_points_title":"","selling_points_caption":"","selling_points":[],"selling_points_cta_text":"","features_title":"","features":"","ed_cta_examples_text":"","ed_cta_examples_hidden":"","ed_cta_demo_text":"","ed_cta_demo_hidden":"","why_caption":"","why_editor_title":"","why_editor_text":"","why_team_title":"","why_team_text":"","why_service_title":"","why_service_text":"","template_catalog_visible":"","template_catalog_title":"","template_catalog_text":"","template_catalog_categories_visible":"","demo_title":"Crea il widget Timeline delle tue pagine Facebook","demo_caption":"Personalizza la tua timeline e aggiungila al tuo sito web con facilit\u00e0!","default_faq_hidden":"","app_template_category":[],"platform":"77","template_public_id":"","codecanyon_url":"","codecanyon_item_id":"","codecanyon_price":"","pricing_caption":"","pricing_elfsight_apps_hide_column":"","pricing_elfsight_apps_url":"","pricing_codecanyon_price_caption":"","integration_category":[],"integration_request_title":"","integration_request_cta":"","integration_platform":"","integrations":[],"platform_category":[],"video_schema_markup":"","price":"da $ 0 \/ mese","trial":"","benefits":[],"button_url":"#demo","button_target_blank":"0","button_nofollow":"0","attributes":[{"name":"Installa","content":"50,000 - 100,000","_state":"expanded"},{"name":"Reattivo","content":"S\u00cc","_state":"expanded"},{"name":"Browser compatibili","content":"Firefox, Safari, Opera, Chrome, Edge","_state":"expanded"}],"tags":[],"tags_disable_links":"","hide_more_platforms":"","video_object":"","demo_hide_cta":"0","demo_hide_cloud_options":"","pricing_title":"","pricing":[{"pricing_icon":"platform","pricing_title":"Elfsight Apps","pricing_title_caption":"Software multipiattaforma adatto a qualsiasi sito","pricing_price":"da $ 0 \/ mese","pricing_price_caption":"inizia con un piano gratuito","pricing_benefits":"[object Object],[object Object],[object Object],[object Object]","pricing_button_text":"Aggiungi al sito web","pricing_button_url":"#demo"}],"related_apps_title":"","related_apps_hidden":"","author":"","image":[],"title":"","job":"","social_networks":[]},"_links":{"self":[{"href":"https:\/\/elfsight.com\/it\/wp-json\/wp\/v2\/pages\/9973","targetHints":{"allow":["GET"]}}],"collection":[{"href":"https:\/\/elfsight.com\/it\/wp-json\/wp\/v2\/pages"}],"about":[{"href":"https:\/\/elfsight.com\/it\/wp-json\/wp\/v2\/types\/page"}],"author":[{"embeddable":true,"href":"https:\/\/elfsight.com\/it\/wp-json\/wp\/v2\/users\/9"}],"replies":[{"embeddable":true,"href":"https:\/\/elfsight.com\/it\/wp-json\/wp\/v2\/comments?post=9973"}],"version-history":[{"count":1,"href":"https:\/\/elfsight.com\/it\/wp-json\/wp\/v2\/pages\/9973\/revisions"}],"predecessor-version":[{"id":9977,"href":"https:\/\/elfsight.com\/it\/wp-json\/wp\/v2\/pages\/9973\/revisions\/9977"}],"up":[{"embeddable":true,"href":"https:\/\/elfsight.com\/it\/wp-json\/wp\/v2\/pages\/8639"}],"wp:attachment":[{"href":"https:\/\/elfsight.com\/it\/wp-json\/wp\/v2\/media?parent=9973"}],"curies":[{"name":"wp","href":"https:\/\/api.w.org\/{rel}","templated":true}]}}