{"id":969,"date":"2020-12-07T17:18:02","date_gmt":"2020-12-07T17:18:02","guid":{"rendered":"https:\/\/elfsight.com\/it\/?page_id=969"},"modified":"2020-12-07T17:26:10","modified_gmt":"2020-12-07T17:26:10","slug":"examples","status":"publish","type":"page","link":"https:\/\/elfsight.com\/it\/whatsapp-chat-widget\/examples\/","title":{"rendered":"WhatsApp Chat &#8211; Examples"},"content":{"rendered":"\n<div class=\"application-examples-item application-examples-item-loading\">\n                            <div class=\"col-row\">\n                                <div class=\"col-6 col-m-8 col-s-12\"><h3 class=\"application-examples-item-title\">General Live Chat<\/h3><div class=\"application-examples-item-description\">Questo \u00e8 l'esempio pi\u00f9 comune di un messenger WhatsApp su un sito web. Viene scelta un'opzione di icona mobile e la chat rimane discreta ma sempre visibile agli utenti. Un'icona di chat riconoscibile viene utilizzata nel fumetto della chat e la finestra della chat ha colori WhatsApp personalizzati.<\/div><\/div>\n                <\/div>\n\n                <div class=\"application-examples-item-iframe-container browser-frame\">\n                    <div class=\"application-examples-item-iframe-wrapper\">\n                        <iframe class=\"application-examples-item-iframe application-examples-item-iframe-fixed-height\" data-src=\"https:\/\/elfsight.com\/examples?widget_id=6c2beadb-7bc4-495b-b941-8a6ae9e952d4&padding=28px+40px+40px\" width=\"100%\" height=\"500\" allow=\"autoplay; fullscreen\"><\/iframe>\n                    <\/div>\n\n                    <div class=\"application-examples-item-loader\"><\/div>\n                <\/div>\n            <\/div>\n<div class=\"application-examples-item application-examples-item-loading\">\n                            <div class=\"col-row\">\n                                <div class=\"col-6 col-m-8 col-s-12\"><h3 class=\"application-examples-item-title\">Support Chat<\/h3><div class=\"application-examples-item-description\">In questo esempio l'immagine dell'intestazione mostra una foto di uno specialista dell'assistenza clienti e la didascalia viene utilizzata per specificare il tempo di risposta. Pertanto, gli utenti sono sicuri di chattare con una persona reale. Questo tipo di widget \u00e8 una buona variante dell'organizzazione del supporto tecnico.<\/div><\/div>\n                <\/div>\n\n                <div class=\"application-examples-item-iframe-container browser-frame\">\n                    <div class=\"application-examples-item-iframe-wrapper\">\n                        <iframe class=\"application-examples-item-iframe application-examples-item-iframe-fixed-height\" data-src=\"https:\/\/elfsight.com\/examples?widget_id=d552e1e4-18ec-42b3-a2d7-f1356ae5c6b9&padding=28px+40px+40px\" width=\"100%\" height=\"500px\" allow=\"autoplay; fullscreen\"><\/iframe>\n                    <\/div>\n\n                    <div class=\"application-examples-item-loader\"><\/div>\n                <\/div>\n            <\/div>\n<div class=\"application-examples-item application-examples-item-loading\">\n                            <div class=\"col-row\">\n                                <div class=\"col-6 col-m-8 col-s-12\"><h3 class=\"application-examples-item-title\">Sale Chat<\/h3><div class=\"application-examples-item-description\">Diverse personalizzazioni dell'interfaccia hanno reso questa finestra di chat unica e luminosa. Puoi vedere l'intestazione ora di colore nero e il pulsante Start Chat (Avvia chat) rosso e l'etichetta personalizzata. C'\u00e8 una foto di un manager, il suo nome e titolo nell'intestazione. \u00c8 cos\u00ec che puoi utilizzare la chat di WhatsApp per attirare nuove vendite.<\/div><\/div>\n                <\/div>\n\n                <div class=\"application-examples-item-iframe-container browser-frame\">\n                    <div class=\"application-examples-item-iframe-wrapper\">\n                        <iframe class=\"application-examples-item-iframe application-examples-item-iframe-fixed-height\" data-src=\"https:\/\/elfsight.com\/examples?widget_id=dc969a39-c0ce-409e-bb7e-c07bcb6daba8&padding=28px+40px+40px\" width=\"100%\" height=\"500px\" allow=\"autoplay; fullscreen\"><\/iframe>\n                    <\/div>\n\n                    <div class=\"application-examples-item-loader\"><\/div>\n                <\/div>\n            <\/div>\n<div class=\"application-examples-item application-examples-item-loading\">\n                            <div class=\"col-row\">\n                                <div class=\"col-6 col-m-8 col-s-12\"><h3 class=\"application-examples-item-title\">Booking Chat<\/h3><div class=\"application-examples-item-description\">Questa chat viene utilizzata per aiutare i clienti con la prenotazione; il messaggio di benvenuto offre assistenza nella ricerca di opzioni attirando cos\u00ec i clienti ad avviare una chat. L'intestazione e il fumetto della chat sono dipinti di blu scuro per ricordare un popolare servizio di prenotazione. I pulsanti Start Chat (Avvia chat) sono o di colore verde originale e mostrano l'icona di WhatsApp.<\/div><\/div>\n                <\/div>\n\n                <div class=\"application-examples-item-iframe-container browser-frame\">\n                    <div class=\"application-examples-item-iframe-wrapper\">\n                        <iframe class=\"application-examples-item-iframe application-examples-item-iframe-fixed-height\" data-src=\"https:\/\/elfsight.com\/examples?widget_id=85b497fa-f91f-4389-8c49-12b4af248ea2&padding=28px+40px+40px\" width=\"100%\" height=\"500px\" allow=\"autoplay; fullscreen\"><\/iframe>\n                    <\/div>\n\n                    <div class=\"application-examples-item-loader\"><\/div>\n                <\/div>\n            <\/div>\n<div class=\"application-examples-item application-examples-item-loading\">\n                            <div class=\"col-row\">\n                                <div class=\"col-6 col-m-8 col-s-12\"><h3 class=\"application-examples-item-title\">Feedback Chat<\/h3><div class=\"application-examples-item-description\">Qui puoi vedere un feedback form come un fumetto fluttuante. \u00c8 sempre a portata di mano per condividere i pensieri dei clienti. Il fumetto ha un testo personalizzato e mostra un badge che notifica un nuovo messaggio. Un clic sull'icona aprir\u00e0 la finestra della chat con una foto del manager e il suo nome. La foto pu\u00f2 essere scelta dalla nostra galleria, se non ne trovi una.<\/div><\/div>\n                <\/div>\n\n                <div class=\"application-examples-item-iframe-container browser-frame\">\n                    <div class=\"application-examples-item-iframe-wrapper\">\n                        <iframe class=\"application-examples-item-iframe application-examples-item-iframe-fixed-height\" data-src=\"https:\/\/elfsight.com\/examples?widget_id=5bb95932-3fe8-4562-8773-ec5a510657b2&padding=28px+40px+40px\" width=\"100%\" height=\"500px\" allow=\"autoplay; fullscreen\"><\/iframe>\n                    <\/div>\n\n                    <div class=\"application-examples-item-loader\"><\/div>\n                <\/div>\n            <\/div>\n<div class=\"application-examples-item application-examples-item-loading\">\n                            <div class=\"col-row\">\n                                <div class=\"col-6 col-m-8 col-s-12\"><h3 class=\"application-examples-item-title\">Onboarding Chat<\/h3><div class=\"application-examples-item-description\">Per dire ai tuoi clienti di pi\u00f9 sui tuoi prodotti o servizi puoi utilizzare una chat discreta sul tuo sito. Un fumetto di chat mostra solo un'icona, senza testo, e presenta un nuovo badge di notifica dei messaggi. Per la chat \u00e8 stata scelta una nuova serie di colori: l'intestazione \u00e8 viola chiaro e il pulsante Start Chat (Avvia chat) insieme al fumetto della chat sono viola acceso.<\/div><\/div>\n                <\/div>\n\n                <div class=\"application-examples-item-iframe-container browser-frame\">\n                    <div class=\"application-examples-item-iframe-wrapper\">\n                        <iframe class=\"application-examples-item-iframe application-examples-item-iframe-fixed-height\" data-src=\"https:\/\/elfsight.com\/examples?widget_id=c742f8c4-8e05-4aab-a298-782401a7e5a5&padding=28px+40px+40px\" width=\"100%\" height=\"500px\" allow=\"autoplay; fullscreen\"><\/iframe>\n                    <\/div>\n\n                    <div class=\"application-examples-item-loader\"><\/div>\n                <\/div>\n            <\/div>\n<div class=\"application-examples-item application-examples-item-loading\">\n                            <div class=\"col-row\">\n                                <div class=\"col-6 col-m-8 col-s-12\"><h3 class=\"application-examples-item-title\">Consultation Chat<\/h3><div class=\"application-examples-item-description\">Ecco un buon modo per consultare i clienti sulle tue offerte. Un'icona mobile pu\u00f2 essere allineata a sinistra, a destra o al centro. L'intestazione della finestra di chat e il fumetto della chat sono dello stesso colore. L'intestazione mostra un'immagine e il nome della persona di chat e il messaggio di benvenuto aiuta i visitatori a iniziare la chat.<\/div><\/div>\n                <\/div>\n\n                <div class=\"application-examples-item-iframe-container browser-frame\">\n                    <div class=\"application-examples-item-iframe-wrapper\">\n                        <iframe class=\"application-examples-item-iframe application-examples-item-iframe-fixed-height\" data-src=\"https:\/\/elfsight.com\/examples?widget_id=dbdbfcb2-b059-461b-8843-0ebd1ac7ee76&padding=28px+40px+40px\" width=\"100%\" height=\"500px\" allow=\"autoplay; fullscreen\"><\/iframe>\n                    <\/div>\n\n                    <div class=\"application-examples-item-loader\"><\/div>\n                <\/div>\n            <\/div>\n","protected":false},"excerpt":{"rendered":"","protected":false},"author":11,"featured_media":0,"parent":967,"menu_order":0,"comment_status":"closed","ping_status":"closed","template":"templates\/template-application-examples.php","meta":{"publish_to_discourse":"","publish_post_category":"","wpdc_auto_publish_overridden":"","wpdc_topic_tags":"","wpdc_pin_topic":"","wpdc_pin_until":"","discourse_post_id":"","discourse_permalink":"","wpdc_publishing_response":"","wpdc_publishing_error":"","footnotes":""},"class_list":["post-969","page","type-page","status-publish","hentry"],"yoast_head":"<!-- This site is optimized with the Yoast SEO plugin v25.3.1 - https:\/\/yoast.com\/wordpress\/plugins\/seo\/ -->\n<title>I migliori esempi di Whatsapp Live Chat per il sito web (Vetrina)<\/title>\n<meta name=\"description\" content=\"TOP 7 esempi di Whatsapp Live Chat per siti web: General, Booking, Support, Chat Button\/Window ecc. Whatsapp messenger Semplice per il tuo sito web.\" \/>\n<meta name=\"robots\" content=\"index, follow, max-snippet:-1, max-image-preview:large, max-video-preview:-1\" \/>\n<link rel=\"canonical\" href=\"https:\/\/elfsight.com\/it\/whatsapp-chat-widget\/examples\/\" \/>\n<meta property=\"og:locale\" content=\"it_IT\" \/>\n<meta property=\"og:type\" content=\"article\" \/>\n<meta property=\"og:title\" content=\"I migliori esempi di Whatsapp Live Chat per il sito web (Vetrina)\" \/>\n<meta property=\"og:description\" content=\"TOP 7 esempi di Whatsapp Live Chat per siti web: General, Booking, Support, Chat Button\/Window ecc. Whatsapp messenger Semplice per il tuo sito web.\" \/>\n<meta property=\"og:url\" content=\"https:\/\/elfsight.com\/it\/whatsapp-chat-widget\/examples\/\" \/>\n<meta property=\"og:site_name\" content=\"Elfsight IT\" \/>\n<meta property=\"article:modified_time\" content=\"2020-12-07T17:26:10+00:00\" \/>\n<meta name=\"twitter:card\" content=\"summary_large_image\" \/>\n<meta name=\"twitter:label1\" content=\"Tempo di lettura stimato\" \/>\n\t<meta name=\"twitter:data1\" content=\"3 minuti\" \/>\n<!-- \/ Yoast SEO plugin. -->","yoast_head_json":{"title":"I migliori esempi di Whatsapp Live Chat per il sito web (Vetrina)","description":"TOP 7 esempi di Whatsapp Live Chat per siti web: General, Booking, Support, Chat Button\/Window ecc. Whatsapp messenger Semplice per il tuo sito web.","robots":{"index":"index","follow":"follow","max-snippet":"max-snippet:-1","max-image-preview":"max-image-preview:large","max-video-preview":"max-video-preview:-1"},"canonical":"https:\/\/elfsight.com\/it\/whatsapp-chat-widget\/examples\/","og_locale":"it_IT","og_type":"article","og_title":"I migliori esempi di Whatsapp Live Chat per il sito web (Vetrina)","og_description":"TOP 7 esempi di Whatsapp Live Chat per siti web: General, Booking, Support, Chat Button\/Window ecc. Whatsapp messenger Semplice per il tuo sito web.","og_url":"https:\/\/elfsight.com\/it\/whatsapp-chat-widget\/examples\/","og_site_name":"Elfsight IT","article_modified_time":"2020-12-07T17:26:10+00:00","twitter_card":"summary_large_image","twitter_misc":{"Tempo di lettura stimato":"3 minuti"},"schema":{"@context":"https:\/\/schema.org","@graph":[{"@type":"WebPage","@id":"https:\/\/elfsight.com\/it\/whatsapp-chat-widget\/examples\/","url":"https:\/\/elfsight.com\/it\/whatsapp-chat-widget\/examples\/","name":"I migliori esempi di Whatsapp Live Chat per il sito web (Vetrina)","isPartOf":{"@id":"https:\/\/elfsight.com\/it\/#website"},"datePublished":"2020-12-07T17:18:02+00:00","dateModified":"2020-12-07T17:26:10+00:00","description":"TOP 7 esempi di Whatsapp Live Chat per siti web: General, Booking, Support, Chat Button\/Window ecc. Whatsapp messenger Semplice per il tuo sito web.","breadcrumb":{"@id":"https:\/\/elfsight.com\/it\/whatsapp-chat-widget\/examples\/#breadcrumb"},"inLanguage":"it-IT","potentialAction":[{"@type":"ReadAction","target":["https:\/\/elfsight.com\/it\/whatsapp-chat-widget\/examples\/"]}]},{"@type":"BreadcrumbList","@id":"https:\/\/elfsight.com\/it\/whatsapp-chat-widget\/examples\/#breadcrumb","itemListElement":[{"@type":"ListItem","position":1,"name":"Home","item":"https:\/\/elfsight.com\/it\/"},{"@type":"ListItem","position":2,"name":"WhatsApp Chat","item":"https:\/\/elfsight.com\/it\/whatsapp-chat-widget\/"},{"@type":"ListItem","position":3,"name":"WhatsApp Chat &#8211; Examples"}]},{"@type":"WebSite","@id":"https:\/\/elfsight.com\/it\/#website","url":"https:\/\/elfsight.com\/it\/","name":"Elfsight IT","description":"Just another Elfsight Sites site","potentialAction":[{"@type":"SearchAction","target":{"@type":"EntryPoint","urlTemplate":"https:\/\/elfsight.com\/it\/?s={search_term_string}"},"query-input":{"@type":"PropertyValueSpecification","valueRequired":true,"valueName":"search_term_string"}}],"inLanguage":"it-IT"}]}},"meta_box":{"industry":"","seo_heading":"","heading":"","description":"","cta_heading":"","cta_description":"","application":"960","h1":"Esempi di WhatsApp Chat","h1_caption":"Controlla i migliori esempi di Live Chat per scoprire tutto il potenziale del widget di WhatsApp. Assicurati che si adatti ai tuoi obiettivi.","application_category":[],"applications_title":"","applications_request_title":"","applications_request_button_text":"","hero_text":"","hero_video":"","hero_video_schema_markup":"","selling_points_title":"","selling_points_caption":"","selling_points":[],"selling_points_cta_text":"","features_title":"","features":"","ed_cta_examples_text":"","ed_cta_examples_hidden":"","ed_cta_demo_text":"","ed_cta_demo_hidden":"","why_caption":"","why_editor_title":"","why_editor_text":"","why_team_title":"","why_team_text":"","why_service_title":"","why_service_text":"","template_catalog_visible":"","template_catalog_title":"","template_catalog_text":"","template_catalog_categories_visible":"","demo_title":"","demo_caption":"","default_faq_hidden":"","app_template_category":[],"platform":"","template_public_id":"","codecanyon_url":"","codecanyon_item_id":"","codecanyon_price":"","pricing_caption":"","pricing_elfsight_apps_hide_column":"","pricing_elfsight_apps_url":"","pricing_codecanyon_price_caption":"","integration_category":[],"integration_request_title":"","integration_request_cta":"","integration_platform":"","integrations":[],"platform_category":[],"video_schema_markup":"","price":"","trial":"","benefits":[],"button_url":"","button_target_blank":"","button_nofollow":"","attributes":[],"tags":[],"tags_disable_links":"","hide_more_platforms":"","video_object":"","demo_hide_cta":"","demo_hide_cloud_options":"","pricing_title":"","pricing":[],"related_apps_title":"","related_apps_hidden":"","author":"","image":[],"title":"","job":"","social_networks":[]},"_links":{"self":[{"href":"https:\/\/elfsight.com\/it\/wp-json\/wp\/v2\/pages\/969","targetHints":{"allow":["GET"]}}],"collection":[{"href":"https:\/\/elfsight.com\/it\/wp-json\/wp\/v2\/pages"}],"about":[{"href":"https:\/\/elfsight.com\/it\/wp-json\/wp\/v2\/types\/page"}],"author":[{"embeddable":true,"href":"https:\/\/elfsight.com\/it\/wp-json\/wp\/v2\/users\/11"}],"replies":[{"embeddable":true,"href":"https:\/\/elfsight.com\/it\/wp-json\/wp\/v2\/comments?post=969"}],"version-history":[{"count":2,"href":"https:\/\/elfsight.com\/it\/wp-json\/wp\/v2\/pages\/969\/revisions"}],"predecessor-version":[{"id":982,"href":"https:\/\/elfsight.com\/it\/wp-json\/wp\/v2\/pages\/969\/revisions\/982"}],"up":[{"embeddable":true,"href":"https:\/\/elfsight.com\/it\/wp-json\/wp\/v2\/pages\/967"}],"wp:attachment":[{"href":"https:\/\/elfsight.com\/it\/wp-json\/wp\/v2\/media?parent=969"}],"curies":[{"name":"wp","href":"https:\/\/api.w.org\/{rel}","templated":true}]}}