{"id":933,"date":"2020-12-07T16:35:58","date_gmt":"2020-12-07T16:35:58","guid":{"rendered":"https:\/\/elfsight.com\/it\/?page_id=933"},"modified":"2020-12-07T16:48:37","modified_gmt":"2020-12-07T16:48:37","slug":"examples","status":"publish","type":"page","link":"https:\/\/elfsight.com\/it\/google-reviews-widget\/examples\/","title":{"rendered":"Google Reviews &#8211; Examples"},"content":{"rendered":"\n<div class=\"application-examples-item application-examples-item-loading\">\n                            <div class=\"col-row\">\n                                <div class=\"col-6 col-m-8 col-s-12\"><h3 class=\"application-examples-item-title\">Esempio 1: richiesta di recensione<\/h3><div class=\"application-examples-item-description\">Qui le recensioni sono integrate in un ampio widget con colori di Google originali con un'intestazione informativa. L'intestazione mostra la valutazione complessiva della pagina e un conteggio delle recensioni insieme alle foto cliccabili di quelle pi\u00f9 recenti. Il pulsante di richiesta di feddback (review-request) offre la possibilit\u00e0 di lasciare una nuova recensione, con la parte S\u00ec evidenziata in blu per attirare i clic.<\/div><\/div>\n                <\/div>\n\n                <div class=\"application-examples-item-iframe-container browser-frame\">\n                    <div class=\"application-examples-item-iframe-wrapper\">\n                        <iframe class=\"application-examples-item-iframe application-examples-item-iframe-fixed-height\" data-src=\"https:\/\/elfsight.com\/examples?widget_id=d0db87f8-16cf-40b1-a610-e9d47894089d&padding=28px+40px+40px\" width=\"100%\" height=\"700\" allow=\"autoplay; fullscreen\"><\/iframe>\n                    <\/div>\n\n                    <div class=\"application-examples-item-loader\"><\/div>\n                <\/div>\n            <\/div>\n<div class=\"application-examples-item application-examples-item-loading\">\n                            <div class=\"col-row\">\n                                <div class=\"col-6 col-m-8 col-s-12\"><h3 class=\"application-examples-item-title\">Esempio 2: List<\/h3><div class=\"application-examples-item-description\">Il nostro widget ti aiuta ad incorporare le recensioni sotto forma di elenco  in una pagina. Se disattivi l'intestazione e applichi le dimensioni di larghezza e altezza automatiche, come in questo esempio, il widget si adatter\u00e0 automaticamente allo spazio disponibile sulla pagina e sembrer\u00e0 nativo. Puoi anche utilizzare i filtri per correggere il numero di recensioni, visualizzare solo quelle con valutazione positiva o nascondere determinate recensioni tramite parole chiave.<\/div><\/div>\n                <\/div>\n\n                <div class=\"application-examples-item-iframe-container browser-frame\">\n                    <div class=\"application-examples-item-iframe-wrapper\">\n                        <iframe class=\"application-examples-item-iframe application-examples-item-iframe-fixed-height\" data-src=\"https:\/\/elfsight.com\/examples?widget_id=17b9969d-36c0-4942-89a8-867cfbb09e76&padding=28px+40px+40px\" width=\"100%\" height=\"700\" allow=\"autoplay; fullscreen\"><\/iframe>\n                    <\/div>\n\n                    <div class=\"application-examples-item-loader\"><\/div>\n                <\/div>\n            <\/div>\n<div class=\"application-examples-item application-examples-item-loading\">\n                            <div class=\"col-row\">\n                                <div class=\"col-6 col-m-8 col-s-12\"><h3 class=\"application-examples-item-title\">Esempio 3: Masonry<\/h3><div class=\"application-examples-item-description\">Come puoi vedere qui, una griglia di recensioni viene visualizzata come struttura a blocchi che posiziona le recensioni nel miglior ordine possibile sulla base del loro valore di altezza. La scelta personalizzata dei colori rende il widget assolutamente unico. La valutazione a stelle delle recensioni mostra un elevato gradimento da parte dei clienti.<\/div><\/div>\n                <\/div>\n\n                <div class=\"application-examples-item-iframe-container browser-frame\">\n                    <div class=\"application-examples-item-iframe-wrapper\">\n                        <iframe class=\"application-examples-item-iframe application-examples-item-iframe-fixed-height\" data-src=\"https:\/\/elfsight.com\/examples?widget_id=bacb6f6d-220d-4ac0-a8f2-fc0281fd13c6&padding=28px+40px+40px\" width=\"100%\" height=\"700\" allow=\"autoplay; fullscreen\"><\/iframe>\n                    <\/div>\n\n                    <div class=\"application-examples-item-loader\"><\/div>\n                <\/div>\n            <\/div>\n<div class=\"application-examples-item application-examples-item-loading\">\n                            <div class=\"col-row\">\n                                <div class=\"col-6 col-m-8 col-s-12\"><h3 class=\"application-examples-item-title\">Esempio 4: Grid<\/h3><div class=\"application-examples-item-description\">La combinazione del layout Grid e del modello di revisione Spotlight dona al widget un aspetto chiaro e raffinato. Linee rette e testi allineati al centro attirano l'attenzione degli spettatori. La geometria pulita del layout Grid pu\u00f2 funzionare anche con tutti gli altri template: gli elementi dell'interfaccia sono stati progettati per essere completamente adattivi.<\/div><\/div>\n                <\/div>\n\n                <div class=\"application-examples-item-iframe-container browser-frame\">\n                    <div class=\"application-examples-item-iframe-wrapper\">\n                        <iframe class=\"application-examples-item-iframe application-examples-item-iframe-fixed-height\" data-src=\"https:\/\/elfsight.com\/examples?widget_id=9571cb08-ed59-466a-8ceb-ad740f92deb1&padding=28px+40px+40px\" width=\"100%\" height=\"700\" allow=\"autoplay; fullscreen\"><\/iframe>\n                    <\/div>\n\n                    <div class=\"application-examples-item-loader\"><\/div>\n                <\/div>\n            <\/div>\n<div class=\"application-examples-item application-examples-item-loading\">\n                            <div class=\"col-row\">\n                                <div class=\"col-6 col-m-8 col-s-12\"><h3 class=\"application-examples-item-title\">Esempio 5: Carousel<\/h3><div class=\"application-examples-item-description\">Questo widget nel layout Slider mostra le recensioni in un carosello dinamico con riproduzione automatica. Questa \u00e8 una variante ottimale, ad esempio, per la pagina principale di un sito. Il layout del dispositivo di scorrimento offre controlli di navigazione: freccia, trascinamento o impaginazione. Puoi scegliere quante recensioni appariranno su ciascuna diapositiva.<\/div><\/div>\n                <\/div>\n\n                <div class=\"application-examples-item-iframe-container browser-frame\">\n                    <div class=\"application-examples-item-iframe-wrapper\">\n                        <iframe class=\"application-examples-item-iframe application-examples-item-iframe-fixed-height\" data-src=\"https:\/\/elfsight.com\/examples?widget_id=5a34be40-2b67-4b1e-944f-6fd63a8dafbb&padding=28px+40px+40px\" width=\"100%\" height=\"700\" allow=\"autoplay; fullscreen\"><\/iframe>\n                    <\/div>\n\n                    <div class=\"application-examples-item-loader\"><\/div>\n                <\/div>\n            <\/div>\n<div class=\"application-examples-item application-examples-item-loading\">\n                            <div class=\"col-row\">\n                                <div class=\"col-6 col-m-8 col-s-12\"><h3 class=\"application-examples-item-title\">Esempio 6: Slider<\/h3><div class=\"application-examples-item-description\">Le tue recensioni visualizzate singolarmente accentueranno l'attenzione degli utenti. In questo caso d'uso, il template Spotlight determina la disposizione degli elementi: l'immagine e la valutazione dell'autore si trovano sopra il testo della recensione con tutti gli elementi allineati al centro. Altre recensioni possono essere visualizzate trascinando o facendo clic sulle frecce.<\/div><\/div>\n                <\/div>\n\n                <div class=\"application-examples-item-iframe-container browser-frame\">\n                    <div class=\"application-examples-item-iframe-wrapper\">\n                        <iframe class=\"application-examples-item-iframe application-examples-item-iframe-fixed-height\" data-src=\"https:\/\/elfsight.com\/examples?widget_id=2213b80a-ff94-4a7b-9e71-d4fafe46dbea&padding=28px+40px+40px\" width=\"100%\" height=\"700\" allow=\"autoplay; fullscreen\"><\/iframe>\n                    <\/div>\n\n                    <div class=\"application-examples-item-loader\"><\/div>\n                <\/div>\n            <\/div>\n<div class=\"application-examples-item application-examples-item-loading\">\n                            <div class=\"col-row\">\n                                <div class=\"col-6 col-m-8 col-s-12\"><h3 class=\"application-examples-item-title\">Esempio 7: Sidebar<\/h3><div class=\"application-examples-item-description\">Dai un'occhiata a questo esempio che mostra come aggiungere un widget per le recensioni in un sito web con uno spazio molto ristretto. Nel layout Sidebar il widget non ha elementi aggiuntivi, solo le parti essenziali e, grazie ai parametri responsive, \u00e8 di dimensioni moderate ma conserva tutte le funzionalit\u00e0.<\/div><\/div>\n                <\/div>\n\n                <div class=\"application-examples-item-iframe-container browser-frame\">\n                    <div class=\"application-examples-item-iframe-wrapper\">\n                        <iframe class=\"application-examples-item-iframe application-examples-item-iframe-fixed-height\" data-src=\"https:\/\/elfsight.com\/examples?widget_id=2928e648-d2ef-411e-9720-4ee635a6ce27&padding=28px+40px+40px\" width=\"100%\" height=\"700\" allow=\"autoplay; fullscreen\"><\/iframe>\n                    <\/div>\n\n                    <div class=\"application-examples-item-loader\"><\/div>\n                <\/div>\n            <\/div>\n","protected":false},"excerpt":{"rendered":"","protected":false},"author":11,"featured_media":0,"parent":931,"menu_order":0,"comment_status":"closed","ping_status":"closed","template":"templates\/template-application-examples.php","meta":{"publish_to_discourse":"","publish_post_category":"","wpdc_auto_publish_overridden":"","wpdc_topic_tags":"","wpdc_pin_topic":"","wpdc_pin_until":"","discourse_post_id":"","discourse_permalink":"","wpdc_publishing_response":"","wpdc_publishing_error":"","footnotes":""},"class_list":["post-933","page","type-page","status-publish","hentry"],"yoast_head":"<!-- This site is optimized with the Yoast SEO plugin v25.3.1 - https:\/\/yoast.com\/wordpress\/plugins\/seo\/ -->\n<title>I migliori esempi di Google Reviews widget su un sito web (TOP 7)<\/title>\n<meta name=\"description\" content=\"TOP 7 esempi di Google Reviews per siti web: Widget, List, Masonry, Grid e altri template. Esempio di reviews widget per il tuo sito web.\" \/>\n<meta name=\"robots\" content=\"index, follow, max-snippet:-1, max-image-preview:large, max-video-preview:-1\" \/>\n<link rel=\"canonical\" href=\"https:\/\/elfsight.com\/it\/google-reviews-widget\/examples\/\" \/>\n<meta property=\"og:locale\" content=\"it_IT\" \/>\n<meta property=\"og:type\" content=\"article\" \/>\n<meta property=\"og:title\" content=\"I migliori esempi di Google Reviews widget su un sito web (TOP 7)\" \/>\n<meta property=\"og:description\" content=\"TOP 7 esempi di Google Reviews per siti web: Widget, List, Masonry, Grid e altri template. Esempio di reviews widget per il tuo sito web.\" \/>\n<meta property=\"og:url\" content=\"https:\/\/elfsight.com\/it\/google-reviews-widget\/examples\/\" \/>\n<meta property=\"og:site_name\" content=\"Elfsight IT\" \/>\n<meta property=\"article:modified_time\" content=\"2020-12-07T16:48:37+00:00\" \/>\n<meta name=\"twitter:card\" content=\"summary_large_image\" \/>\n<meta name=\"twitter:label1\" content=\"Tempo di lettura stimato\" \/>\n\t<meta name=\"twitter:data1\" content=\"3 minuti\" \/>\n<!-- \/ Yoast SEO plugin. -->","yoast_head_json":{"title":"I migliori esempi di Google Reviews widget su un sito web (TOP 7)","description":"TOP 7 esempi di Google Reviews per siti web: Widget, List, Masonry, Grid e altri template. Esempio di reviews widget per il tuo sito web.","robots":{"index":"index","follow":"follow","max-snippet":"max-snippet:-1","max-image-preview":"max-image-preview:large","max-video-preview":"max-video-preview:-1"},"canonical":"https:\/\/elfsight.com\/it\/google-reviews-widget\/examples\/","og_locale":"it_IT","og_type":"article","og_title":"I migliori esempi di Google Reviews widget su un sito web (TOP 7)","og_description":"TOP 7 esempi di Google Reviews per siti web: Widget, List, Masonry, Grid e altri template. Esempio di reviews widget per il tuo sito web.","og_url":"https:\/\/elfsight.com\/it\/google-reviews-widget\/examples\/","og_site_name":"Elfsight IT","article_modified_time":"2020-12-07T16:48:37+00:00","twitter_card":"summary_large_image","twitter_misc":{"Tempo di lettura stimato":"3 minuti"},"schema":{"@context":"https:\/\/schema.org","@graph":[{"@type":"WebPage","@id":"https:\/\/elfsight.com\/it\/google-reviews-widget\/examples\/","url":"https:\/\/elfsight.com\/it\/google-reviews-widget\/examples\/","name":"I migliori esempi di Google Reviews widget su un sito web (TOP 7)","isPartOf":{"@id":"https:\/\/elfsight.com\/it\/#website"},"datePublished":"2020-12-07T16:35:58+00:00","dateModified":"2020-12-07T16:48:37+00:00","description":"TOP 7 esempi di Google Reviews per siti web: Widget, List, Masonry, Grid e altri template. Esempio di reviews widget per il tuo sito web.","breadcrumb":{"@id":"https:\/\/elfsight.com\/it\/google-reviews-widget\/examples\/#breadcrumb"},"inLanguage":"it-IT","potentialAction":[{"@type":"ReadAction","target":["https:\/\/elfsight.com\/it\/google-reviews-widget\/examples\/"]}]},{"@type":"BreadcrumbList","@id":"https:\/\/elfsight.com\/it\/google-reviews-widget\/examples\/#breadcrumb","itemListElement":[{"@type":"ListItem","position":1,"name":"Home","item":"https:\/\/elfsight.com\/it\/"},{"@type":"ListItem","position":2,"name":"Google Reviews","item":"https:\/\/elfsight.com\/it\/google-reviews-widget\/"},{"@type":"ListItem","position":3,"name":"Google Reviews &#8211; Examples"}]},{"@type":"WebSite","@id":"https:\/\/elfsight.com\/it\/#website","url":"https:\/\/elfsight.com\/it\/","name":"Elfsight IT","description":"Just another Elfsight Sites site","potentialAction":[{"@type":"SearchAction","target":{"@type":"EntryPoint","urlTemplate":"https:\/\/elfsight.com\/it\/?s={search_term_string}"},"query-input":{"@type":"PropertyValueSpecification","valueRequired":true,"valueName":"search_term_string"}}],"inLanguage":"it-IT"}]}},"meta_box":{"industry":"","seo_heading":"","heading":"","description":"","cta_heading":"","cta_description":"","application":"930","h1":"Esempi di Google Reviews","h1_caption":"Guarda gli esempi di reviews widget su sito web per scoprire il pieno potenziale del plugin. Assicurati che si adatti ai tuoi obiettivi.","application_category":[],"applications_title":"","applications_request_title":"","applications_request_button_text":"","hero_text":"","hero_video":"","hero_video_schema_markup":"","selling_points_title":"","selling_points_caption":"","selling_points":[],"selling_points_cta_text":"","features_title":"","features":"","ed_cta_examples_text":"","ed_cta_examples_hidden":"","ed_cta_demo_text":"","ed_cta_demo_hidden":"","why_caption":"","why_editor_title":"","why_editor_text":"","why_team_title":"","why_team_text":"","why_service_title":"","why_service_text":"","template_catalog_visible":"","template_catalog_title":"","template_catalog_text":"","template_catalog_categories_visible":"","demo_title":"","demo_caption":"","default_faq_hidden":"","app_template_category":[],"platform":"","template_public_id":"","codecanyon_url":"","codecanyon_item_id":"","codecanyon_price":"","pricing_caption":"","pricing_elfsight_apps_hide_column":"","pricing_elfsight_apps_url":"","pricing_codecanyon_price_caption":"","integration_category":[],"integration_request_title":"","integration_request_cta":"","integration_platform":"","integrations":[],"platform_category":[],"video_schema_markup":"","price":"","trial":"","benefits":[],"button_url":"","button_target_blank":"","button_nofollow":"","attributes":[],"tags":[],"tags_disable_links":"","hide_more_platforms":"","video_object":"","demo_hide_cta":"","demo_hide_cloud_options":"","pricing_title":"","pricing":[],"related_apps_title":"","related_apps_hidden":"","author":"","image":[],"title":"","job":"","social_networks":[]},"_links":{"self":[{"href":"https:\/\/elfsight.com\/it\/wp-json\/wp\/v2\/pages\/933","targetHints":{"allow":["GET"]}}],"collection":[{"href":"https:\/\/elfsight.com\/it\/wp-json\/wp\/v2\/pages"}],"about":[{"href":"https:\/\/elfsight.com\/it\/wp-json\/wp\/v2\/types\/page"}],"author":[{"embeddable":true,"href":"https:\/\/elfsight.com\/it\/wp-json\/wp\/v2\/users\/11"}],"replies":[{"embeddable":true,"href":"https:\/\/elfsight.com\/it\/wp-json\/wp\/v2\/comments?post=933"}],"version-history":[{"count":3,"href":"https:\/\/elfsight.com\/it\/wp-json\/wp\/v2\/pages\/933\/revisions"}],"predecessor-version":[{"id":955,"href":"https:\/\/elfsight.com\/it\/wp-json\/wp\/v2\/pages\/933\/revisions\/955"}],"up":[{"embeddable":true,"href":"https:\/\/elfsight.com\/it\/wp-json\/wp\/v2\/pages\/931"}],"wp:attachment":[{"href":"https:\/\/elfsight.com\/it\/wp-json\/wp\/v2\/media?parent=933"}],"curies":[{"name":"wp","href":"https:\/\/api.w.org\/{rel}","templated":true}]}}