{"id":932,"date":"2020-12-07T16:35:38","date_gmt":"2020-12-07T16:35:38","guid":{"rendered":"https:\/\/elfsight.com\/it\/?page_id=932"},"modified":"2020-12-07T16:48:36","modified_gmt":"2020-12-07T16:48:36","slug":"features","status":"publish","type":"page","link":"https:\/\/elfsight.com\/it\/google-reviews-widget\/features\/","title":{"rendered":"Google Reviews &#8211; Features"},"content":{"rendered":"\n<section class=\"application-features-group section\" id=\"reviews\">\n                    <div class=\"inner\">\n                        <div class=\"col-row\">\n                            <div class=\"col-6 col-offset-3 col-m-12 col-m-offset-0\">\n<h3>Integra le recensioni di Google in 1-2-3<\/h3>\n<p>Se hai un profilo Google in cui gli utenti lasciano i loro commenti e recensioni, \u00e8 fondamentale integrare questi feedback nel tuo sito web. Con Elfsight Google Reviews tutto ci\u00f2 che devi fare \u00e8 ottenere l&#8217;autorizzazione su Google come amministratore della pagina. Il widget trover\u00e0 automaticamente le recensioni e le pubblicher\u00e0 sul tuo sito. Inoltre si aggiorna automaticamente, quindi una nuova recensione verr\u00e0 visualizzata anche sul tuo sito subito dopo la sua pubblicazione su Google.<\/p>\n<h3>Gestisci i tuoi contenuti direttamente con i nostri filtri<\/h3>\n<p>Elfsight Google Reviews ti aiuter\u00e0 a rivelare solo le recensioni positive o pi\u00f9 significative dei clienti sulla tua attivit\u00e0 o sugli articoli che vendi. Per questo, ci sono tre filtri nel widget. Puoi scegliere di mostrare tutte le recensioni o solo quelle positive; Il filtro Exclude By (Escludi per) rimuove le recensioni comprese le parole chiave impostate; e con l&#8217;aiuto del filtro quantity (quantit\u00e0) puoi scegliere il numero di recensioni da mostrare.<\/p>\n<h3>Valutazioni e dettagli dell&#8217;autore per una maggiore fiducia<\/h3>\n<p>Le recensioni sono uno dei modi migliori per dimostrare ai clienti che la tua azienda \u00e8 quella di cui fidarsi, ecco perch\u00e9 devono anche apparire affidabili. Con il widget di Elfsigh i visitatori del sito web vedranno non solo il testo della raccomandazione, ma anche le informazioni pi\u00f9 convincenti: nome dell&#8217;autore, immagine, data di pubblicazione, icone di Google e dei consigli e una valutazione a stelle. E sono tutte intercambiabili. Grazie al familiare aspetto delle funzioni Google, le tue recensioni saranno perfettamente affidabili!<\/p>\n<\/div>\n                        <\/div>\n                    <\/div>\n\n                    <div class=\"application-features-group-title\">reviews<\/div>\n                <\/section>\n<section class=\"application-features-group section\" id=\"Header\">\n                    <div class=\"inner\">\n                        <div class=\"col-row\">\n                            <div class=\"col-6 col-offset-3 col-m-12 col-m-offset-0\">\n<h3>L&#8217;intestazione del widget ti aiuter\u00e0 a mostrare dettagli importanti<\/h3>\n<p>Con il nostro widget puoi sfruttare il fattore social per diffondere un&#8217;immagine positiva della tua attivit\u00e0 tra i visitatori del sito web. L&#8217;intestazione di Elfsight Google Reviews widget mostra il numero di stelle che le persone ti hanno assegnato, il numero totale di clienti che ti hanno consigliato e le foto recenti. Cliccando sulle immagini e sul nome del tuo luogo i visitatori saranno reindirizzati alla tua pagina Google dove potranno lasciare la propria recensione.<\/p>\n<h3>Configura l&#8217;intestazione da solo: \u00e8 flessibile<\/h3>\n<p>L&#8217;intestazione di Elfsight Google Reviews \u00e8 assolutamente flessibile e puoi progettarla a modo tuo. \u00c8 possibile mostrare o nascondere le valutazioni e le immagini degli ultimi utenti e impostare il colore del rating. Il titolo del widget \u00e8 modificabile quindi puoi pensare al tuo nome e personalizzare il carattere. Se non hai bisogno dell&#8217;intestazione puoi disattivarla facilmente.<\/p>\n<\/div>\n                        <\/div>\n                    <\/div>\n\n                    <div class=\"application-features-group-title\">Header<\/div>\n                <\/section>\n<section class=\"application-features-group section\" id=\"feedback\">\n                    <div class=\"inner\">\n                        <div class=\"col-row\">\n                            <div class=\"col-6 col-offset-3 col-m-12 col-m-offset-0\">\n<h3>Pulsante Review request per le nuove recensioni<\/h3>\n<p>Il nostro widget aiuta non solo a mostrare le recensioni, ma anche a ottenerne di nuove. Il pulsante call-to-action invita i visitatori a scrivere la propria recensione e ha due opzioni, S\u00ec e No. Se un visitatore \u00e8 pronto ad aggiungere una recensione il pulsante S\u00ec lo reindirizzer\u00e0 alla tua pagina Google. Il pulsante No nasconder\u00e0 la richiesta o mostrer\u00e0 un messaggio personalizzato. Nel messaggio, puoi inserire qualsiasi testo e link, ad esempio la tua email e chiedere a un visitatore di inviarti i suoi suggerimenti. Ottieni pi\u00f9 spunti dei clienti utilizzando un review widget.<\/p>\n<\/div>\n                        <\/div>\n                    <\/div>\n\n                    <div class=\"application-features-group-title\">feedback<\/div>\n                <\/section>\n<section class=\"application-features-group section\" id=\"Design\">\n                    <div class=\"inner\">\n                        <div class=\"col-row\">\n                            <div class=\"col-6 col-offset-3 col-m-12 col-m-offset-0\">\n<h3>Template di revisione multipli progettati per diversi casi<\/h3>\n<p>Con lo strumento di Elfsight le tue recensioni di Google possono avere un aspetto elegante. Offriamo tre template che presenteranno le tue recensioni ciascuno a modo suo. Mentre il template classico conserva l&#8217;aspetto originale di Google, Bubble imposta le informazioni sull&#8217;autore sotto il testo della recensione e Spotlight posiziona tutti gli elementi al centro e mette in evidenza il testo. \u00c8 facile visualizzare le recensioni da un nuovo punto di vista!<\/p>\n<h3>Cambia il layout del widget<\/h3>\n<p>Il widget Elfsight ha 4 tipi di layout per posizionare in modo ottimale le recensioni sulla pagina. Possono essere mostrate una ad una con l&#8217;opzione List; scegli Grid per creare una griglia di recensioni; Slider mostrer\u00e0 un carosello di recensioni dinamico; e Masonry metter\u00e0 le recensioni in posizione ottimale in base allo spazio verticale disponibile. Tutti i layout hanno impostazioni aggiuntive: con Slider, puoi impostare frecce o scorrimento per la navigazione, scegliere la velocit\u00e0 con cui scorre e il tipo di impaginazione. Con ogni layout sei libero di impostare il numero di recensioni da mostrare per pagina.<\/p>\n<h3>Imposta la lunghezza e la larghezza personalizzate<\/h3>\n<p>Per adattare in modo ideale le tue recensioni alla pagina e a qualsiasi esigenza di spaziatura, abbiamo progettato questo widget rendendolo completamente adattabile. Scegli altezza e larghezza in pixel o percentuale. Prova tutte le combinazioni e trova quella pi\u00f9 adatta. Inoltre, con qualsiasi parametro tu scelga, le tue recensioni di Google saranno perfette su tablet e smartphone perch\u00e9 il widget ha l&#8217;ottimizzazione mobile incorporata.<\/p>\n<\/div>\n                        <\/div>\n                    <\/div>\n\n                    <div class=\"application-features-group-title\">Design<\/div>\n                <\/section>\n<section class=\"application-features-group section\" id=\"Style\">\n                    <div class=\"inner\">\n                        <div class=\"col-row\">\n                            <div class=\"col-6 col-offset-3 col-m-12 col-m-offset-0\">\n<h3>Parametri di carattere e spessore<\/h3>\n<p>Il testo \u00e8 una delle parti pi\u00f9 importanti del widget e puoi scegliere tu stesso la dimensione del carattere. L&#8217;opzione \u00e8 supportata per il testo del titolo del widget e per il testo delle recensioni, quindi puoi impostarle in modo indipendente. Per il testo del titolo, puoi anche scegliere varianti normali o in grassetto del carattere.<\/p>\n<h3>Elementi dell&#8217;interfaccia che puoi colorare<\/h3>\n<p>Con il widget di Elfsight le tue recensioni di Google non possono sembrare noiose. Ci sono cinque elementi che puoi colorare individualmente: testo della recensione, sfondo del feedback, i link, pulsante di richiesta di recensione e una valutazione a stelle. Prova diverse combinazioni o mantieni i familiari colori di Google; tocca a te!<\/p>\n<\/div>\n                        <\/div>\n                    <\/div>\n\n                    <div class=\"application-features-group-title\">Style<\/div>\n                <\/section>\n","protected":false},"excerpt":{"rendered":"","protected":false},"author":11,"featured_media":0,"parent":931,"menu_order":0,"comment_status":"closed","ping_status":"closed","template":"templates\/template-application-features.php","meta":{"publish_to_discourse":"","publish_post_category":"","wpdc_auto_publish_overridden":"","wpdc_topic_tags":"","wpdc_pin_topic":"","wpdc_pin_until":"","discourse_post_id":"","discourse_permalink":"","wpdc_publishing_response":"","wpdc_publishing_error":"","footnotes":""},"class_list":["post-932","page","type-page","status-publish","hentry"],"yoast_head":"<!-- This site is optimized with the Yoast SEO plugin v25.3.1 - https:\/\/yoast.com\/wordpress\/plugins\/seo\/ -->\n<title>Responsive Google Reviews - 15 impostazioni personalizzate<\/title>\n<meta name=\"description\" content=\"Prova tutte le funzionalit\u00e0 di Google Reviews in una demo live. Impostazioni personalizzate e layout del widget completamente responsive per qualsiasi dispositivo.\" \/>\n<meta name=\"robots\" content=\"index, follow, max-snippet:-1, max-image-preview:large, max-video-preview:-1\" \/>\n<link rel=\"canonical\" href=\"https:\/\/elfsight.com\/it\/google-reviews-widget\/features\/\" \/>\n<meta property=\"og:locale\" content=\"it_IT\" \/>\n<meta property=\"og:type\" content=\"article\" \/>\n<meta property=\"og:title\" content=\"Responsive Google Reviews - 15 impostazioni personalizzate\" \/>\n<meta property=\"og:description\" content=\"Prova tutte le funzionalit\u00e0 di Google Reviews in una demo live. Impostazioni personalizzate e layout del widget completamente responsive per qualsiasi dispositivo.\" \/>\n<meta property=\"og:url\" content=\"https:\/\/elfsight.com\/it\/google-reviews-widget\/features\/\" \/>\n<meta property=\"og:site_name\" content=\"Elfsight IT\" \/>\n<meta property=\"article:modified_time\" content=\"2020-12-07T16:48:36+00:00\" \/>\n<meta name=\"twitter:card\" content=\"summary_large_image\" \/>\n<meta name=\"twitter:label1\" content=\"Tempo di lettura stimato\" \/>\n\t<meta name=\"twitter:data1\" content=\"5 minuti\" \/>\n<!-- \/ Yoast SEO plugin. -->","yoast_head_json":{"title":"Responsive Google Reviews - 15 impostazioni personalizzate","description":"Prova tutte le funzionalit\u00e0 di Google Reviews in una demo live. Impostazioni personalizzate e layout del widget completamente responsive per qualsiasi dispositivo.","robots":{"index":"index","follow":"follow","max-snippet":"max-snippet:-1","max-image-preview":"max-image-preview:large","max-video-preview":"max-video-preview:-1"},"canonical":"https:\/\/elfsight.com\/it\/google-reviews-widget\/features\/","og_locale":"it_IT","og_type":"article","og_title":"Responsive Google Reviews - 15 impostazioni personalizzate","og_description":"Prova tutte le funzionalit\u00e0 di Google Reviews in una demo live. Impostazioni personalizzate e layout del widget completamente responsive per qualsiasi dispositivo.","og_url":"https:\/\/elfsight.com\/it\/google-reviews-widget\/features\/","og_site_name":"Elfsight IT","article_modified_time":"2020-12-07T16:48:36+00:00","twitter_card":"summary_large_image","twitter_misc":{"Tempo di lettura stimato":"5 minuti"},"schema":{"@context":"https:\/\/schema.org","@graph":[{"@type":"WebPage","@id":"https:\/\/elfsight.com\/it\/google-reviews-widget\/features\/","url":"https:\/\/elfsight.com\/it\/google-reviews-widget\/features\/","name":"Responsive Google Reviews - 15 impostazioni personalizzate","isPartOf":{"@id":"https:\/\/elfsight.com\/it\/#website"},"datePublished":"2020-12-07T16:35:38+00:00","dateModified":"2020-12-07T16:48:36+00:00","description":"Prova tutte le funzionalit\u00e0 di Google Reviews in una demo live. Impostazioni personalizzate e layout del widget completamente responsive per qualsiasi dispositivo.","breadcrumb":{"@id":"https:\/\/elfsight.com\/it\/google-reviews-widget\/features\/#breadcrumb"},"inLanguage":"it-IT","potentialAction":[{"@type":"ReadAction","target":["https:\/\/elfsight.com\/it\/google-reviews-widget\/features\/"]}]},{"@type":"BreadcrumbList","@id":"https:\/\/elfsight.com\/it\/google-reviews-widget\/features\/#breadcrumb","itemListElement":[{"@type":"ListItem","position":1,"name":"Home","item":"https:\/\/elfsight.com\/it\/"},{"@type":"ListItem","position":2,"name":"Google Reviews","item":"https:\/\/elfsight.com\/it\/google-reviews-widget\/"},{"@type":"ListItem","position":3,"name":"Google Reviews &#8211; Features"}]},{"@type":"WebSite","@id":"https:\/\/elfsight.com\/it\/#website","url":"https:\/\/elfsight.com\/it\/","name":"Elfsight IT","description":"Just another Elfsight Sites site","potentialAction":[{"@type":"SearchAction","target":{"@type":"EntryPoint","urlTemplate":"https:\/\/elfsight.com\/it\/?s={search_term_string}"},"query-input":{"@type":"PropertyValueSpecification","valueRequired":true,"valueName":"search_term_string"}}],"inLanguage":"it-IT"}]}},"meta_box":{"industry":"","seo_heading":"","heading":"","description":"","cta_heading":"","cta_description":"","application":"930","h1":"Funzionalit\u00e0 di Google Reviews","h1_caption":"Esplora tutte le funzioni di Google business reviews e scopri come possono aiutarti a creare il widget pi\u00f9 efficace.","application_category":[],"applications_title":"","applications_request_title":"","applications_request_button_text":"","hero_text":"","hero_video":"","hero_video_schema_markup":"","selling_points_title":"","selling_points_caption":"","selling_points":[],"selling_points_cta_text":"","features_title":"","features":"","ed_cta_examples_text":"","ed_cta_examples_hidden":"","ed_cta_demo_text":"","ed_cta_demo_hidden":"","why_caption":"","why_editor_title":"","why_editor_text":"","why_team_title":"","why_team_text":"","why_service_title":"","why_service_text":"","template_catalog_visible":"","template_catalog_title":"","template_catalog_text":"","template_catalog_categories_visible":"","demo_title":"","demo_caption":"","default_faq_hidden":"","app_template_category":[],"platform":"","template_public_id":"","codecanyon_url":"","codecanyon_item_id":"","codecanyon_price":"","pricing_caption":"","pricing_elfsight_apps_hide_column":"","pricing_elfsight_apps_url":"","pricing_codecanyon_price_caption":"","integration_category":[],"integration_request_title":"","integration_request_cta":"","integration_platform":"","integrations":[],"platform_category":[],"video_schema_markup":"","price":"","trial":"","benefits":[],"button_url":"","button_target_blank":"","button_nofollow":"","attributes":[],"tags":[],"tags_disable_links":"","hide_more_platforms":"","video_object":"","demo_hide_cta":"","demo_hide_cloud_options":"","pricing_title":"","pricing":[],"related_apps_title":"","related_apps_hidden":"","author":"","image":[],"title":"","job":"","social_networks":[]},"_links":{"self":[{"href":"https:\/\/elfsight.com\/it\/wp-json\/wp\/v2\/pages\/932","targetHints":{"allow":["GET"]}}],"collection":[{"href":"https:\/\/elfsight.com\/it\/wp-json\/wp\/v2\/pages"}],"about":[{"href":"https:\/\/elfsight.com\/it\/wp-json\/wp\/v2\/types\/page"}],"author":[{"embeddable":true,"href":"https:\/\/elfsight.com\/it\/wp-json\/wp\/v2\/users\/11"}],"replies":[{"embeddable":true,"href":"https:\/\/elfsight.com\/it\/wp-json\/wp\/v2\/comments?post=932"}],"version-history":[{"count":2,"href":"https:\/\/elfsight.com\/it\/wp-json\/wp\/v2\/pages\/932\/revisions"}],"predecessor-version":[{"id":953,"href":"https:\/\/elfsight.com\/it\/wp-json\/wp\/v2\/pages\/932\/revisions\/953"}],"up":[{"embeddable":true,"href":"https:\/\/elfsight.com\/it\/wp-json\/wp\/v2\/pages\/931"}],"wp:attachment":[{"href":"https:\/\/elfsight.com\/it\/wp-json\/wp\/v2\/media?parent=932"}],"curies":[{"name":"wp","href":"https:\/\/api.w.org\/{rel}","templated":true}]}}