{"id":907,"date":"2020-12-07T15:29:29","date_gmt":"2020-12-07T15:29:29","guid":{"rendered":"https:\/\/elfsight.com\/it\/?page_id=907"},"modified":"2020-12-07T15:43:24","modified_gmt":"2020-12-07T15:43:24","slug":"examples","status":"publish","type":"page","link":"https:\/\/elfsight.com\/it\/youtube-channel-plugin-yottie\/examples\/","title":{"rendered":"YouTube Gallery &#8211; Examples"},"content":{"rendered":"\n<div class=\"application-examples-item application-examples-item-loading\">\n                            <div class=\"col-row\">\n                                <div class=\"col-6 col-m-8 col-s-12\"><h3 class=\"application-examples-item-title\">Esempio 1: Canale YouTube<\/h3><div class=\"application-examples-item-description\">Qui il widget viene utilizzato per visualizzare l'intero canale video da YouTube. \u00c8 sufficiente copiare e incollare il nome del canale da visualizzare sul sito. Disponi di tutti gli attributi originali di YouTube: intestazione con logo, immagine e nome del canale, vari conteggi e casella di ricerca. Questo \u00e8 un buon esempio di come puoi promuovere il tuo canale YouTube attraverso il sito con pulsanti call-to-action per la condivisione diretta e l'iscrizione.<\/div><\/div>\n                <\/div>\n\n                <div class=\"application-examples-item-iframe-container browser-frame\">\n                    <div class=\"application-examples-item-iframe-wrapper\">\n                        <iframe class=\"application-examples-item-iframe application-examples-item-iframe-fixed-height\" data-src=\"https:\/\/elfsight.com\/examples?widget_id=4a2b793e-6aff-4692-9fbb-53c348b2ebc0&padding=20px\" width=\"100%\" height=\"500\" allow=\"autoplay; fullscreen\"><\/iframe>\n                    <\/div>\n\n                    <div class=\"application-examples-item-loader\"><\/div>\n                <\/div>\n            <\/div>\n<div class=\"application-examples-item application-examples-item-loading\">\n                            <div class=\"col-row\">\n                                <div class=\"col-6 col-m-8 col-s-12\"><h3 class=\"application-examples-item-title\">Esempio 2: Galleria video di YouTube<\/h3><div class=\"application-examples-item-description\">Con l'intestazione disattivata, hai pi\u00f9 spazio per mostrare i contenuti. In questo esempio, il widget mostra solo una griglia di video, senza il nome del canale o l'immagine. Il layout classico mostra la descrizione e il conteggio dei video. Il contenuto \u00e8 suddiviso in tre colonne e due righe con paginazione. Un modo semplice per focalizzare l'attenzione sui video senza attributi aggiuntivi.<\/div><\/div>\n                <\/div>\n\n                <div class=\"application-examples-item-iframe-container browser-frame\">\n                    <div class=\"application-examples-item-iframe-wrapper\">\n                        <iframe class=\"application-examples-item-iframe\" data-src=\"https:\/\/elfsight.com\/examples?widget_id=09957b13-6cac-4ddd-ae23-97504360120d\" width=\"100%\" allow=\"autoplay; fullscreen\"><\/iframe>\n                    <\/div>\n\n                    <div class=\"application-examples-item-loader\"><\/div>\n                <\/div>\n            <\/div>\n<div class=\"application-examples-item application-examples-item-loading\">\n                            <div class=\"col-row\">\n                                <div class=\"col-6 col-m-8 col-s-12\"><h3 class=\"application-examples-item-title\">Esempio 3: Playlist con navigazione chiara<\/h3><div class=\"application-examples-item-description\">Organizzare i contenuti in pi\u00f9 playlist per il tuo sito non \u00e8 difficile. Puoi copiare e incollare URL di playlist gi\u00e0 esistenti o creare gruppi direttamente nel widget. Il menu facilita la navigazione tra i gruppi al tuo visitatore. L'intestazione con il logo del canale e tutti i conteggi offre agli spettatori un'autentica esperienza di YouTube sul tuo sito.<\/div><\/div>\n                <\/div>\n\n                <div class=\"application-examples-item-iframe-container browser-frame\">\n                    <div class=\"application-examples-item-iframe-wrapper\">\n                        <iframe class=\"application-examples-item-iframe application-examples-item-iframe-fixed-height\" data-src=\"https:\/\/elfsight.com\/examples?widget_id=898fe8dd-0bd6-4be1-a3ec-a8f6d99b8240&padding=20px\" width=\"100%\" height=\"700\" allow=\"autoplay; fullscreen\"><\/iframe>\n                    <\/div>\n\n                    <div class=\"application-examples-item-loader\"><\/div>\n                <\/div>\n            <\/div>\n<div class=\"application-examples-item application-examples-item-loading\">\n                            <div class=\"col-row\">\n                                <div class=\"col-6 col-m-8 col-s-12\"><h3 class=\"application-examples-item-title\">Esempio 4: Video list<\/h3><div class=\"application-examples-item-description\">In questo caso il layout Horizontal (orizzontale) consente di disporre i video in un elenco con molto spazio a disposizione per descrizione e altri dettagli. I video vanno partono nelle anteprime e occupano una parte considerevole dello spazio che aiuta a focalizzare l'attenzione su di loro. Questo tipo di organizzazione \u00e8 utile se non si desidera solo mostrare video, ma anche far leggere ai visitatori e percepire meglio il contenuto del testo.<\/div><\/div>\n                <\/div>\n\n                <div class=\"application-examples-item-iframe-container browser-frame\">\n                    <div class=\"application-examples-item-iframe-wrapper\">\n                        <iframe class=\"application-examples-item-iframe application-examples-item-iframe-fixed-height\" data-src=\"https:\/\/elfsight.com\/examples?widget_id=db95a51d-5555-4486-be1e-ab1b840643a9&padding=20px\" width=\"100%\" height=\"700\" allow=\"autoplay; fullscreen\"><\/iframe>\n                    <\/div>\n\n                    <div class=\"application-examples-item-loader\"><\/div>\n                <\/div>\n            <\/div>\n<div class=\"application-examples-item application-examples-item-loading\">\n                            <div class=\"col-row\">\n                                <div class=\"col-6 col-m-8 col-s-12\"><h3 class=\"application-examples-item-title\">Esempio 5: Una griglia video minimalista<\/h3><div class=\"application-examples-item-description\">Questo caso mostra come creare una galleria di video selezionati e presentarla sul tuo sito web in un formato pulito. La griglia mostra solo l'anteprima di ogni video, senza dettagli e pulsanti call-to-action, anche l'intestazione \u00e8 disattivata. In questo modo focalizzi l'attenzione dello spettatore sul contenuto stesso. Il numero di colonne e righe pu\u00f2 essere modificato e puoi trovare le giuste proporzioni per la tua pagina.<\/div><\/div>\n                <\/div>\n\n                <div class=\"application-examples-item-iframe-container browser-frame\">\n                    <div class=\"application-examples-item-iframe-wrapper\">\n                        <iframe class=\"application-examples-item-iframe application-examples-item-iframe-fixed-height\" data-src=\"https:\/\/elfsight.com\/examples?widget_id=19f545ad-06f4-4307-96ee-939b64b96833\" width=\"100%\" height=\"700\" allow=\"autoplay; fullscreen\"><\/iframe>\n                    <\/div>\n\n                    <div class=\"application-examples-item-loader\"><\/div>\n                <\/div>\n            <\/div>\n<div class=\"application-examples-item application-examples-item-loading\">\n                            <div class=\"col-row\">\n                                <div class=\"col-6 col-m-8 col-s-12\"><h3 class=\"application-examples-item-title\">Esempio 6: Un singolo video<\/h3><div class=\"application-examples-item-description\">Se \u00e8 necessario inserire un singolo video nel sito, questo esempio mostra come apparir\u00e0. Solo un'immagine di anteprima, senza ulteriori informazioni. Pu\u00f2 essere ben inserito in un'area del contenuto, ad esempio per illustrare il testo. Puoi inserire pi\u00f9 video singoli in tutto il sito dove ritieni necessario.<\/div><\/div>\n                <\/div>\n\n                <div class=\"application-examples-item-iframe-container browser-frame\">\n                    <div class=\"application-examples-item-iframe-wrapper\">\n                        <iframe class=\"application-examples-item-iframe application-examples-item-iframe-fixed-height\" data-src=\"https:\/\/elfsight.com\/examples?widget_id=b9b6d095-c278-43a2-be38-b886f428fc33\" width=\"100%\" height=\"500\" allow=\"autoplay; fullscreen\"><\/iframe>\n                    <\/div>\n\n                    <div class=\"application-examples-item-loader\"><\/div>\n                <\/div>\n            <\/div>\n","protected":false},"excerpt":{"rendered":"","protected":false},"author":11,"featured_media":0,"parent":905,"menu_order":0,"comment_status":"closed","ping_status":"closed","template":"templates\/template-application-examples.php","meta":{"publish_to_discourse":"","publish_post_category":"","wpdc_auto_publish_overridden":"","wpdc_topic_tags":"","wpdc_pin_topic":"","wpdc_pin_until":"","discourse_post_id":"","discourse_permalink":"","wpdc_publishing_response":"","wpdc_publishing_error":"","footnotes":""},"class_list":["post-907","page","type-page","status-publish","hentry"],"yoast_head":"<!-- This site is optimized with the Yoast SEO plugin v25.3.1 - https:\/\/yoast.com\/wordpress\/plugins\/seo\/ -->\n<title>I migliori esempi di YouTube Video Gallery per qualsiasi sito web<\/title>\n<meta name=\"description\" content=\"I 5 migliori esempi di YouTube Video Gallery: channel, video gallery, playlist, video list, video grid e altri template di YouTube per il tuo sito web\" \/>\n<meta name=\"robots\" content=\"index, follow, max-snippet:-1, max-image-preview:large, max-video-preview:-1\" \/>\n<link rel=\"canonical\" href=\"https:\/\/elfsight.com\/it\/youtube-channel-plugin-yottie\/examples\/\" \/>\n<meta property=\"og:locale\" content=\"it_IT\" \/>\n<meta property=\"og:type\" content=\"article\" \/>\n<meta property=\"og:title\" content=\"I migliori esempi di YouTube Video Gallery per qualsiasi sito web\" \/>\n<meta property=\"og:description\" content=\"I 5 migliori esempi di YouTube Video Gallery: channel, video gallery, playlist, video list, video grid e altri template di YouTube per il tuo sito web\" \/>\n<meta property=\"og:url\" content=\"https:\/\/elfsight.com\/it\/youtube-channel-plugin-yottie\/examples\/\" \/>\n<meta property=\"og:site_name\" content=\"Elfsight IT\" \/>\n<meta property=\"article:modified_time\" content=\"2020-12-07T15:43:24+00:00\" \/>\n<meta name=\"twitter:card\" content=\"summary_large_image\" \/>\n<meta name=\"twitter:label1\" content=\"Tempo di lettura stimato\" \/>\n\t<meta name=\"twitter:data1\" content=\"3 minuti\" \/>\n<!-- \/ Yoast SEO plugin. -->","yoast_head_json":{"title":"I migliori esempi di YouTube Video Gallery per qualsiasi sito web","description":"I 5 migliori esempi di YouTube Video Gallery: channel, video gallery, playlist, video list, video grid e altri template di YouTube per il tuo sito web","robots":{"index":"index","follow":"follow","max-snippet":"max-snippet:-1","max-image-preview":"max-image-preview:large","max-video-preview":"max-video-preview:-1"},"canonical":"https:\/\/elfsight.com\/it\/youtube-channel-plugin-yottie\/examples\/","og_locale":"it_IT","og_type":"article","og_title":"I migliori esempi di YouTube Video Gallery per qualsiasi sito web","og_description":"I 5 migliori esempi di YouTube Video Gallery: channel, video gallery, playlist, video list, video grid e altri template di YouTube per il tuo sito web","og_url":"https:\/\/elfsight.com\/it\/youtube-channel-plugin-yottie\/examples\/","og_site_name":"Elfsight IT","article_modified_time":"2020-12-07T15:43:24+00:00","twitter_card":"summary_large_image","twitter_misc":{"Tempo di lettura stimato":"3 minuti"},"schema":{"@context":"https:\/\/schema.org","@graph":[{"@type":"WebPage","@id":"https:\/\/elfsight.com\/it\/youtube-channel-plugin-yottie\/examples\/","url":"https:\/\/elfsight.com\/it\/youtube-channel-plugin-yottie\/examples\/","name":"I migliori esempi di YouTube Video Gallery per qualsiasi sito web","isPartOf":{"@id":"https:\/\/elfsight.com\/it\/#website"},"datePublished":"2020-12-07T15:29:29+00:00","dateModified":"2020-12-07T15:43:24+00:00","description":"I 5 migliori esempi di YouTube Video Gallery: channel, video gallery, playlist, video list, video grid e altri template di YouTube per il tuo sito web","breadcrumb":{"@id":"https:\/\/elfsight.com\/it\/youtube-channel-plugin-yottie\/examples\/#breadcrumb"},"inLanguage":"it-IT","potentialAction":[{"@type":"ReadAction","target":["https:\/\/elfsight.com\/it\/youtube-channel-plugin-yottie\/examples\/"]}]},{"@type":"BreadcrumbList","@id":"https:\/\/elfsight.com\/it\/youtube-channel-plugin-yottie\/examples\/#breadcrumb","itemListElement":[{"@type":"ListItem","position":1,"name":"Home","item":"https:\/\/elfsight.com\/it\/"},{"@type":"ListItem","position":2,"name":"YouTube Gallery","item":"https:\/\/elfsight.com\/it\/youtube-channel-plugin-yottie\/"},{"@type":"ListItem","position":3,"name":"YouTube Gallery &#8211; Examples"}]},{"@type":"WebSite","@id":"https:\/\/elfsight.com\/it\/#website","url":"https:\/\/elfsight.com\/it\/","name":"Elfsight IT","description":"Just another Elfsight Sites site","potentialAction":[{"@type":"SearchAction","target":{"@type":"EntryPoint","urlTemplate":"https:\/\/elfsight.com\/it\/?s={search_term_string}"},"query-input":{"@type":"PropertyValueSpecification","valueRequired":true,"valueName":"search_term_string"}}],"inLanguage":"it-IT"}]}},"meta_box":{"industry":"","seo_heading":"","heading":"","description":"","cta_heading":"","cta_description":"","application":"898","h1":"Esempi di YouTube Gallery","h1_caption":"Controlla gli esempi di gallerie video del sito web per scoprire il pieno potenziale del widget. Assicurati che si adatti ai tuoi obiettivi.","application_category":[],"applications_title":"","applications_request_title":"","applications_request_button_text":"","hero_text":"","hero_video":"","hero_video_schema_markup":"","selling_points_title":"","selling_points_caption":"","selling_points":[],"selling_points_cta_text":"","features_title":"","features":"","ed_cta_examples_text":"","ed_cta_examples_hidden":"","ed_cta_demo_text":"","ed_cta_demo_hidden":"","why_caption":"","why_editor_title":"","why_editor_text":"","why_team_title":"","why_team_text":"","why_service_title":"","why_service_text":"","template_catalog_visible":"","template_catalog_title":"","template_catalog_text":"","template_catalog_categories_visible":"","demo_title":"","demo_caption":"","default_faq_hidden":"","app_template_category":[],"platform":"","template_public_id":"","codecanyon_url":"","codecanyon_item_id":"","codecanyon_price":"","pricing_caption":"","pricing_elfsight_apps_hide_column":"","pricing_elfsight_apps_url":"","pricing_codecanyon_price_caption":"","integration_category":[],"integration_request_title":"","integration_request_cta":"","integration_platform":"","integrations":[],"platform_category":[],"video_schema_markup":"","price":"","trial":"","benefits":[],"button_url":"","button_target_blank":"","button_nofollow":"","attributes":[],"tags":[],"tags_disable_links":"","hide_more_platforms":"","video_object":"","demo_hide_cta":"","demo_hide_cloud_options":"","pricing_title":"","pricing":[],"related_apps_title":"","related_apps_hidden":"","author":"","image":[],"title":"","job":"","social_networks":[]},"_links":{"self":[{"href":"https:\/\/elfsight.com\/it\/wp-json\/wp\/v2\/pages\/907","targetHints":{"allow":["GET"]}}],"collection":[{"href":"https:\/\/elfsight.com\/it\/wp-json\/wp\/v2\/pages"}],"about":[{"href":"https:\/\/elfsight.com\/it\/wp-json\/wp\/v2\/types\/page"}],"author":[{"embeddable":true,"href":"https:\/\/elfsight.com\/it\/wp-json\/wp\/v2\/users\/11"}],"replies":[{"embeddable":true,"href":"https:\/\/elfsight.com\/it\/wp-json\/wp\/v2\/comments?post=907"}],"version-history":[{"count":5,"href":"https:\/\/elfsight.com\/it\/wp-json\/wp\/v2\/pages\/907\/revisions"}],"predecessor-version":[{"id":925,"href":"https:\/\/elfsight.com\/it\/wp-json\/wp\/v2\/pages\/907\/revisions\/925"}],"up":[{"embeddable":true,"href":"https:\/\/elfsight.com\/it\/wp-json\/wp\/v2\/pages\/905"}],"wp:attachment":[{"href":"https:\/\/elfsight.com\/it\/wp-json\/wp\/v2\/media?parent=907"}],"curies":[{"name":"wp","href":"https:\/\/api.w.org\/{rel}","templated":true}]}}