{"id":906,"date":"2020-12-07T15:29:28","date_gmt":"2020-12-07T15:29:28","guid":{"rendered":"https:\/\/elfsight.com\/it\/?page_id=906"},"modified":"2020-12-07T15:43:22","modified_gmt":"2020-12-07T15:43:22","slug":"features","status":"publish","type":"page","link":"https:\/\/elfsight.com\/it\/youtube-channel-plugin-yottie\/features\/","title":{"rendered":"YouTube Gallery &#8211;  Features"},"content":{"rendered":"\n<section class=\"application-features-group section\" id=\"Content\">\n                    <div class=\"inner\">\n                        <div class=\"col-row\">\n                            <div class=\"col-6 col-offset-3 col-m-12 col-m-offset-0\">\n<h3>3 tipi di sorgenti YouTube supportati<\/h3>\nVisualizza qualsiasi canale, condividi qualsiasi video di YouTube e sceglilo da qualsiasi canale o playlist per costruire un flusso video originale per il tuo sito web. Basta incollare l&#8217;URL richiesto e il video apparir\u00e0 sul sito web. Non ci sono restrizioni riguardo alla quantit\u00e0 e al tipo di fonti. Aggiungi contemporaneamente in un widget canali, gruppi e video separati.\n<h3>Raggruppa i video per una playlist pi\u00f9 strutturata<\/h3>\nDividi i video in gruppi per creare una playlist ordinata e di facile navigazione. Crea tutti i gruppi che desideri. Sei libero di assegnare a ciascun gruppo il proprio titolo, in modo che chiunque possa accedere rapidamente al contenuto richiesto. In una parola, fai uscire l&#8217;ordine dal caos di YouTube.\n<\/div>\n                        <\/div>\n                    <\/div>\n\n                    <div class=\"application-features-group-title\">content<\/div>\n                <\/section>\n<section class=\"application-features-group section\" id=\"Design\">\n                    <div class=\"inner\">\n                        <div class=\"col-row\">\n                            <div class=\"col-6 col-offset-3 col-m-12 col-m-offset-0\">\n<h3>3 Layout di anteprima video<\/h3>\nIl nostro widget del canale YouTube ha 3 fantastici layout per le anteprime dei video:Classic, Cinema e Horizontal. Visualizza i video nel modo che preferisci. Puoi anche controllare la riproduzione del video dopo il clic. Dopo aver premuto su un&#8217;anteprima, questo video verr\u00e0 visualizzato in un lettore popup, in una nuova finestra di YouTube o nell&#8217;anteprima esistente.\n<h3>Popup d&#8217;impatto<\/h3>\nSei libero di mostrare i tuoi video nella visualizzazione di anteprima, lanciarli in primo piano o aprirli direttamente su YouTube: scegli la tua modalit\u00e0 di riproduzione. La sorprendente modalit\u00e0 popup ti consente di nascondere tutti i 12 elementi intercambiabili per mostrare esclusivamente il video, o accenderli e includere il massimo delle informazioni con commenti, contatore dei Mi piace e molto altro.\n<h3>Intestazione flessibile con le massime opzioni di design<\/h3>\n Utilizzando la Galleria di YouTube ottieni 3 layout di intestazione: Classic, Accent e Minimal. Decidi quali informazioni devono essere presentate nell&#8217;intestazione. Personalizza le informazioni come desideri creando un nome, una descrizione, un banner e un logo del canale personalizzati. Ovviamente, se non hai bisogno di un&#8217;intestazione sulla pagina web, nascondila.\n<\/div>\n                        <\/div>\n                    <\/div>\n\n                    <div class=\"application-features-group-title\">design<\/div>\n                <\/section>\n<section class=\"application-features-group section\" id=\"Layout\">\n                    <div class=\"inner\">\n                        <div class=\"col-row\">\n                            <div class=\"col-6 col-offset-3 col-m-12 col-m-offset-0\">\n<h3>Organizza i tuoi contenuti in una griglia flessibile<\/h3>\n La Galleria YouTube di Elfsight ti aiuta a organizzare i tuoi contenuti come  preferisci. \u00c8 possibile impostare i parametri della griglia dei contenuti scegliendo il numero di colonne e righe e modificando lo spazio di separazione. Ci\u00f2 contribuir\u00e0 ad adattare il widget a qualsiasi dimensione tu scelga.\n<h3>Modifica le dimensioni per un look perfetto<\/h3>\n Abbiamo fatto di tutto per far s\u00ec che la Galleria di YouTube rimanga efficace qualunque sia lo spazio a tua disposizione. Sei libero di adattare la larghezza del widget alle esigenze del tuo sito web semplicemente inserendo il valore nella casella. E non preoccuparti per i dispositivi mobili; il nostro widget \u00e8 ottimizzato per dispositivi mobili e sar\u00e0 perfetto su qualsiasi device.\n<h3>Diverse opzioni di navigazione<\/h3>\nLa Galleria YouTube di Elfsight ha 4 controlli di navigazione: frecce, trascinamento, impaginazione e scorrimento, che puoi utilizzare separatamente o insieme. Inoltre, ottieni la modalit\u00e0 gratuita per lo scorrimento fluido, lo scorrimento orizzontale \/ verticale, la rotazione automatica per lo scorrimento automatico del video e una serie di effetti di animazione. Puoi disabilitare o abilitare una qualsiasi di queste opzioni con un clic. Puoi anche mostrare o nascondere una casella di ricerca.\n<h3>10+ lingue incluse<\/h3>\n\n Abbiamo tradotto il nostro widget nelle 18 lingue pi\u00f9 diffuse e i nostri utenti in tutto il mondo danno il loro contributo aggiungendo pi\u00f9 lingue a questo elenco. Puoi applicare facilmente la tua lingua e assicurarti che i tuoi visitatori abbiano l&#8217;esperienza pi\u00f9 confortevole sul tuo sito web.\n<\/div>\n                        <\/div>\n                    <\/div>\n\n                    <div class=\"application-features-group-title\">layout<\/div>\n                <\/section>\n<section class=\"application-features-group section\" id=\"Style\">\n                    <div class=\"inner\">\n                        <div class=\"col-row\">\n                            <div class=\"col-6 col-offset-3 col-m-12 col-m-offset-0\">\n<h3>5 skin predefinite<\/h3>\n Scegli tra cinque combinazioni di colore pronte all&#8217;uso e cambia lo stile del widget di YouTube Gallery. Dark (Scuro), Red (Rosso), Deep Blue (blu profondo) e altri; \u00e8 facile installarli con un clic e trovare quello che si adatter\u00e0 al concept del tuo sito web e far\u00e0 in modo che il widget si fonda con esso.\n<h3>Una variet\u00e0 di elementi modificabili per un look elegante<\/h3>\nSe vuoi rendere il tuo widget personalizzato al massimo, sei libero di colorare gli elementi di intestazione, gruppi, contenuti, video e popup: \u00e8 solo la tua immaginazione che pu\u00f2 fermarti! Trova la combinazione di colori pi\u00f9 elegante per rendere la galleria di YouTube ancora pi\u00f9 attraente.\n<\/div>\n                        <\/div>\n                    <\/div>\n\n                    <div class=\"application-features-group-title\">style<\/div>\n                <\/section>\n","protected":false},"excerpt":{"rendered":"","protected":false},"author":11,"featured_media":0,"parent":905,"menu_order":0,"comment_status":"closed","ping_status":"closed","template":"templates\/template-application-features.php","meta":{"publish_to_discourse":"","publish_post_category":"","wpdc_auto_publish_overridden":"","wpdc_topic_tags":"","wpdc_pin_topic":"","wpdc_pin_until":"","discourse_post_id":"","discourse_permalink":"","wpdc_publishing_response":"","wpdc_publishing_error":"","footnotes":""},"class_list":["post-906","page","type-page","status-publish","hentry"],"yoast_head":"<!-- This site is optimized with the Yoast SEO plugin v25.3.1 - https:\/\/yoast.com\/wordpress\/plugins\/seo\/ -->\n<title>Widget Galleria video di YouTube - (oltre 25 impostazioni personalizzate)<\/title>\n<meta name=\"description\" content=\"Prova tutte le funzionalit\u00e0 della Galleria video di YouTube in una demo live. Impostazioni personalizzate e un layout completamente responsive per qualsiasi dispositivo.\" \/>\n<meta name=\"robots\" content=\"index, follow, max-snippet:-1, max-image-preview:large, max-video-preview:-1\" \/>\n<link rel=\"canonical\" href=\"https:\/\/elfsight.com\/it\/youtube-channel-plugin-yottie\/features\/\" \/>\n<meta property=\"og:locale\" content=\"it_IT\" \/>\n<meta property=\"og:type\" content=\"article\" \/>\n<meta property=\"og:title\" content=\"Widget Galleria video di YouTube - (oltre 25 impostazioni personalizzate)\" \/>\n<meta property=\"og:description\" content=\"Prova tutte le funzionalit\u00e0 della Galleria video di YouTube in una demo live. Impostazioni personalizzate e un layout completamente responsive per qualsiasi dispositivo.\" \/>\n<meta property=\"og:url\" content=\"https:\/\/elfsight.com\/it\/youtube-channel-plugin-yottie\/features\/\" \/>\n<meta property=\"og:site_name\" content=\"Elfsight IT\" \/>\n<meta property=\"article:modified_time\" content=\"2020-12-07T15:43:22+00:00\" \/>\n<meta name=\"twitter:card\" content=\"summary_large_image\" \/>\n<meta name=\"twitter:label1\" content=\"Tempo di lettura stimato\" \/>\n\t<meta name=\"twitter:data1\" content=\"4 minuti\" \/>\n<!-- \/ Yoast SEO plugin. -->","yoast_head_json":{"title":"Widget Galleria video di YouTube - (oltre 25 impostazioni personalizzate)","description":"Prova tutte le funzionalit\u00e0 della Galleria video di YouTube in una demo live. Impostazioni personalizzate e un layout completamente responsive per qualsiasi dispositivo.","robots":{"index":"index","follow":"follow","max-snippet":"max-snippet:-1","max-image-preview":"max-image-preview:large","max-video-preview":"max-video-preview:-1"},"canonical":"https:\/\/elfsight.com\/it\/youtube-channel-plugin-yottie\/features\/","og_locale":"it_IT","og_type":"article","og_title":"Widget Galleria video di YouTube - (oltre 25 impostazioni personalizzate)","og_description":"Prova tutte le funzionalit\u00e0 della Galleria video di YouTube in una demo live. Impostazioni personalizzate e un layout completamente responsive per qualsiasi dispositivo.","og_url":"https:\/\/elfsight.com\/it\/youtube-channel-plugin-yottie\/features\/","og_site_name":"Elfsight IT","article_modified_time":"2020-12-07T15:43:22+00:00","twitter_card":"summary_large_image","twitter_misc":{"Tempo di lettura stimato":"4 minuti"},"schema":{"@context":"https:\/\/schema.org","@graph":[{"@type":"WebPage","@id":"https:\/\/elfsight.com\/it\/youtube-channel-plugin-yottie\/features\/","url":"https:\/\/elfsight.com\/it\/youtube-channel-plugin-yottie\/features\/","name":"Widget Galleria video di YouTube - (oltre 25 impostazioni personalizzate)","isPartOf":{"@id":"https:\/\/elfsight.com\/it\/#website"},"datePublished":"2020-12-07T15:29:28+00:00","dateModified":"2020-12-07T15:43:22+00:00","description":"Prova tutte le funzionalit\u00e0 della Galleria video di YouTube in una demo live. Impostazioni personalizzate e un layout completamente responsive per qualsiasi dispositivo.","breadcrumb":{"@id":"https:\/\/elfsight.com\/it\/youtube-channel-plugin-yottie\/features\/#breadcrumb"},"inLanguage":"it-IT","potentialAction":[{"@type":"ReadAction","target":["https:\/\/elfsight.com\/it\/youtube-channel-plugin-yottie\/features\/"]}]},{"@type":"BreadcrumbList","@id":"https:\/\/elfsight.com\/it\/youtube-channel-plugin-yottie\/features\/#breadcrumb","itemListElement":[{"@type":"ListItem","position":1,"name":"Home","item":"https:\/\/elfsight.com\/it\/"},{"@type":"ListItem","position":2,"name":"YouTube Gallery","item":"https:\/\/elfsight.com\/it\/youtube-channel-plugin-yottie\/"},{"@type":"ListItem","position":3,"name":"YouTube Gallery &#8211; Features"}]},{"@type":"WebSite","@id":"https:\/\/elfsight.com\/it\/#website","url":"https:\/\/elfsight.com\/it\/","name":"Elfsight IT","description":"Just another Elfsight Sites site","potentialAction":[{"@type":"SearchAction","target":{"@type":"EntryPoint","urlTemplate":"https:\/\/elfsight.com\/it\/?s={search_term_string}"},"query-input":{"@type":"PropertyValueSpecification","valueRequired":true,"valueName":"search_term_string"}}],"inLanguage":"it-IT"}]}},"meta_box":{"industry":"","seo_heading":"","heading":"","description":"","cta_heading":"","cta_description":"","application":"898","h1":"Caratteristiche di YouTube Gallery","h1_caption":"Esplora tutte le caratteristiche della Galleria YouTube di Elfsight e scopri come possono aiutarti a creare il widget pi\u00f9 efficace.","application_category":[],"applications_title":"","applications_request_title":"","applications_request_button_text":"","hero_text":"","hero_video":"","hero_video_schema_markup":"","selling_points_title":"","selling_points_caption":"","selling_points":[],"selling_points_cta_text":"","features_title":"","features":"","ed_cta_examples_text":"","ed_cta_examples_hidden":"","ed_cta_demo_text":"","ed_cta_demo_hidden":"","why_caption":"","why_editor_title":"","why_editor_text":"","why_team_title":"","why_team_text":"","why_service_title":"","why_service_text":"","template_catalog_visible":"","template_catalog_title":"","template_catalog_text":"","template_catalog_categories_visible":"","demo_title":"","demo_caption":"","default_faq_hidden":"","app_template_category":[],"platform":"","template_public_id":"","codecanyon_url":"","codecanyon_item_id":"","codecanyon_price":"","pricing_caption":"","pricing_elfsight_apps_hide_column":"","pricing_elfsight_apps_url":"","pricing_codecanyon_price_caption":"","integration_category":[],"integration_request_title":"","integration_request_cta":"","integration_platform":"","integrations":[],"platform_category":[],"video_schema_markup":"","price":"","trial":"","benefits":[],"button_url":"","button_target_blank":"","button_nofollow":"","attributes":[],"tags":[],"tags_disable_links":"","hide_more_platforms":"","video_object":"","demo_hide_cta":"","demo_hide_cloud_options":"","pricing_title":"","pricing":[],"related_apps_title":"","related_apps_hidden":"","author":"","image":[],"title":"","job":"","social_networks":[]},"_links":{"self":[{"href":"https:\/\/elfsight.com\/it\/wp-json\/wp\/v2\/pages\/906","targetHints":{"allow":["GET"]}}],"collection":[{"href":"https:\/\/elfsight.com\/it\/wp-json\/wp\/v2\/pages"}],"about":[{"href":"https:\/\/elfsight.com\/it\/wp-json\/wp\/v2\/types\/page"}],"author":[{"embeddable":true,"href":"https:\/\/elfsight.com\/it\/wp-json\/wp\/v2\/users\/11"}],"replies":[{"embeddable":true,"href":"https:\/\/elfsight.com\/it\/wp-json\/wp\/v2\/comments?post=906"}],"version-history":[{"count":2,"href":"https:\/\/elfsight.com\/it\/wp-json\/wp\/v2\/pages\/906\/revisions"}],"predecessor-version":[{"id":921,"href":"https:\/\/elfsight.com\/it\/wp-json\/wp\/v2\/pages\/906\/revisions\/921"}],"up":[{"embeddable":true,"href":"https:\/\/elfsight.com\/it\/wp-json\/wp\/v2\/pages\/905"}],"wp:attachment":[{"href":"https:\/\/elfsight.com\/it\/wp-json\/wp\/v2\/media?parent=906"}],"curies":[{"name":"wp","href":"https:\/\/api.w.org\/{rel}","templated":true}]}}