{"id":8541,"date":"2024-12-20T08:05:42","date_gmt":"2024-12-20T08:05:42","guid":{"rendered":"https:\/\/elfsight.com\/it\/?page_id=8541"},"modified":"2025-09-19T11:01:09","modified_gmt":"2025-09-19T11:01:09","slug":"squarespace","status":"publish","type":"page","link":"https:\/\/elfsight.com\/it\/announcement-bar-widget\/squarespace\/","title":{"rendered":"Announcement Bar &#8211; Squarespace"},"content":{"rendered":"\n<div class=\"application-platform-content-item-description application-platform-content-item\" id=\"description\" data-nav-section=\"description\"> <p>Il plug-in Barra degli annunci aiuta le aziende a visualizzare messaggi importanti ai visitatori in modo evidente e accattivante. \u00c8 perfetto per informare i clienti su offerte esclusive, offerte speciali imminenti o dettagli urgenti come aggiornamenti sulla spedizione. <p>Migliora il coinvolgimento incoraggiando i visitatori a compiere un&#8217;azione, sia che si tratti di effettuare un acquisto o di iscriversi a una promozione. Con la configurazione senza codice, il plug-in si integra perfettamente nel tuo sito web. \u00c8 completamente personalizzabile, quindi puoi scegliere facilmente lo stile pi\u00f9 adatto al tuo marchio.<\/p><p><b>Migliora la visibilit\u00e0 dei tuoi messaggi chiave per aumentare la fiducia dei clienti con la barra degli annunci.<\/b><\/p><\/div> <div class=\"application-platform-content-item-features application-platform-content-item\" id=\"features\" data-nav-section=\"features\"> <h2>Funzioni del plug-in della barra degli annunci<\/h2> <p>Questo Il plug-in Barra degli annunci di Elfsight \u00e8 progettato per aumentare l&#8217;efficacia della pubblicit\u00e0 presentando notifiche dinamiche di aggiornamenti importanti. Di seguito \u00e8 riportato un elenco dettagliato delle funzionalit\u00e0 principali del plug-in:<\/p><ul><li><b>Configurazione semplice e veloce.<\/b> Configurazione semplice e integrazione semplice, che ti consentono di distribuire l&#8217;app sul tuo sito web senza alcuna competenza tecnica.<\/li><li><b>Accattivante ma non invadente.<\/b> Le opzioni di design personalizzabili ti consentono di creare annunci di grande impatto mantenendo un&#8217;esperienza user-friendly.<\/li><li><b>Aumenta le vendite dei prodotti chiave.<\/b> Vantaggi Utilizza la barra degli annunci per mostrare offerte e promozioni esclusive, attirando in modo efficace l&#8217;attenzione su articoli specifici.<\/li><li><b>Evidenzia notizie e aggiornamenti.<\/b> Mostra nuovi lanci, aggiunte o aggiornamenti ai prodotti esistenti e mantieni i tuoi visitatori coinvolti con contenuti nuovi e pertinenti.<\/li><li><b>Coerenza del marchio.<\/b> Completamente personalizzabile per adattarsi all&#8217;aspetto del tuo sito web, creando un&#8217;esperienza fluida e coesa per il tuo pubblico <\/li><li><b>Design personalizzabile.<\/b> Personalizza facilmente modelli, colori e contenuti per adattarli all&#8217;identit\u00e0 del tuo marchio e mantenere un aspetto professionale.<\/li><\/ul><p><a href=\"#demo\">Prova l&#8217;editor online per vedere come funziona il plug-in<\/a><\/p><\/div> <div class=\"application-platform-content-item-installation application-platform-content-item\" id=\"installation\" data-nav-section=\"installation\"> <h2>Come aggiungere una barra degli annunci su Squarespace?<\/h2><div class=\"video-container\">\n<iframe width=\"720\" height=\"405\" src=\"https:\/\/www.youtube.com\/embed\/Y3tGoL_JO9U?si=4dTRB5A2RSdYtupt\" frameborder=\"0\" allowfullscreen=\"\"><\/iframe>\n<\/div><p>Per posizionare il plug-in della barra degli annunci sul tuo sito web, segui questi semplici passaggi:<\/p> <ol><li>Avvia l&#8217;editor del plug-in e seleziona un modello che corrisponda allo stile del tuo sito.<\/li><li>Personalizza il plug-in aggiornandone il messaggio, l&#8217;azione e gli elementi visivi, il pulsante, la posizione sulla pagina, ecc.<\/li><li>Mantieni il tuo Apporta modifiche e copia il codice HTML fornito. Inserisci il codice nell&#8217;editor del tuo sito web e applica le modifiche.<\/li><\/ol><p>Giusto! Il plug-in della barra degli annunci di Squarespace \u00e8 ora attivo!<\/p><p>Per istruzioni dettagliate, consulta il nostro articolo su <a href=\"https:\/\/elfsight.com\/blog\/how-to-add-announcement-bar-on-squarespace\/\" target=\"_blank\" rel=\"noopener\">come aggiungere il plug-in della barra degli annunci a Squarespace<\/a>.<\/p><p>Se riscontri problemi durante l&#8217;incorporamento del plug-in nel tuo sito web, Contatta semplicemente il nostro team di assistenza clienti. Siamo felici di aiutarti ad aggiungere e personalizzare il tuo plug-in della barra degli annunci.<\/p><\/div><h2>FAQ<\/h2><div class=\"faq\" data-component=\"FAQ\"><div class=\"faq-item\">\r\n\t\t\t\t\t<div class=\"faq-item-question\">\r\n\t\t\t\t\t\t<h3 class=\"faq-item-question-text\">Il plug-in della barra degli annunci di Squarespace \u00e8 gratuito?<\/h3>\r\n\r\n\t\t\t\t\t\t<div class=\"faq-item-question-icon\"><\/div>\r\n\t\t\t\t\t<\/div>\r\n\r\n\t\t\t\t\t<div class=\"faq-item-answer\">\r\n\t\t\t\t\t\t<div class=\"faq-item-answer-text\">S\u00ec, esiste un piano gratuito che offre funzionalit\u00e0 di base, ideale per siti Web pi\u00f9 piccoli o a scopo di test. I piani a pagamento partono da $ 5 al mese e sbloccano funzionalit\u00e0 aggiuntive.<\/div>\r\n\t\t\t\t\t<\/div>\r\n\t\t\t\t<\/div><div class=\"faq-item\">\r\n\t\t\t\t\t<div class=\"faq-item-question\">\r\n\t\t\t\t\t\t<h3 class=\"faq-item-question-text\">Che tipi di plugin per la barra degli annunci posso aggiungere al mio sito web?<\/h3>\r\n\r\n\t\t\t\t\t\t<div class=\"faq-item-question-icon\"><\/div>\r\n\t\t\t\t\t<\/div>\r\n\r\n\t\t\t\t\t<div class=\"faq-item-answer\">\r\n\t\t\t\t\t\t<div class=\"faq-item-answer-text\">Puoi aggiungere diversi tipi di barre degli annunci, come: Ad esempio, quelli che annunciano la spedizione gratuita, mostrano aggiornamenti importanti o promuovono le vendite attuali. Le barre possono essere statiche per garantire una visibilit\u00e0 costante o mobili per rimanere sempre a fuoco.<\/div>\r\n\t\t\t\t\t<\/div>\r\n\t\t\t\t<\/div><div class=\"faq-item\">\r\n\t\t\t\t\t<div class=\"faq-item-question\">\r\n\t\t\t\t\t\t<h3 class=\"faq-item-question-text\">Come faccio a modificare la barra degli annunci in Squarespace?<\/h3>\r\n\r\n\t\t\t\t\t\t<div class=\"faq-item-question-icon\"><\/div>\r\n\t\t\t\t\t<\/div>\r\n\r\n\t\t\t\t\t<div class=\"faq-item-answer\">\r\n\t\t\t\t\t\t<div class=\"faq-item-answer-text\">Il plug-in Barra degli annunci pu\u00f2 essere facilmente modificato utilizzando l&#8217;editor intuitivo di Elfsight. Puoi personalizzare testo, design e posizionamento per adattarli all&#8217;aspetto del tuo sito web. Utilizzando funzionalit\u00e0 come la pianificazione, puoi programmare la visualizzazione della barra per ottenere il massimo impatto.<\/div>\r\n\t\t\t\t\t<\/div>\r\n\t\t\t\t<\/div><div class=\"faq-item\">\r\n\t\t\t\t\t<div class=\"faq-item-question\">\r\n\t\t\t\t\t\t<h3 class=\"faq-item-question-text\">Quali altri plugin posso utilizzare per migliorare il coinvolgimento del pubblico?<\/h3>\r\n\r\n\t\t\t\t\t\t<div class=\"faq-item-question-icon\"><\/div>\r\n\t\t\t\t\t<\/div>\r\n\r\n\t\t\t\t\t<div class=\"faq-item-answer\">\r\n\t\t\t\t\t\t<div class=\"faq-item-answer-text\">Puoi utilizzare un <a href=\"https:\/\/elfsight.com\/sales-notification-widget\/squarespace\/\" rel=\"noopener\">Aggiungi widget di notifica delle vendite<\/a> per mostrare le promozioni dei clienti e aumentare la fiducia. Il <a href=\"https:\/\/elfsight.com\/popup-widget\/squarespace\/\" rel=\"noopener\">Popup Widget<\/a> \u00e8 un ottimo strumento per raccogliere lead e incoraggiare gli utenti a esplorare le tue offerte. Il <a href=\"https:\/\/elfsight.com\/banner-widget\/squarespace\/\" rel=\"noopener\">Banner Widget<\/a> ti aiuta a evidenziare informazioni importanti e a garantire che vengano notate dal tuo pubblico.<\/div>\r\n\t\t\t\t\t<\/div>\r\n\t\t\t\t<\/div><\/div>\n","protected":false},"excerpt":{"rendered":"FAQ","protected":false},"author":9,"featured_media":0,"parent":3121,"menu_order":0,"comment_status":"closed","ping_status":"closed","template":"templates\/template-application-platform.php","meta":{"publish_to_discourse":"","publish_post_category":"","wpdc_auto_publish_overridden":"","wpdc_topic_tags":"","wpdc_pin_topic":"","wpdc_pin_until":"","discourse_post_id":"","discourse_permalink":"","wpdc_publishing_response":"","wpdc_publishing_error":"","footnotes":""},"class_list":["post-8541","page","type-page","status-publish","hentry"],"yoast_head":"<!-- This site is optimized with the Yoast SEO plugin v25.3.1 - https:\/\/yoast.com\/wordpress\/plugins\/seo\/ -->\n<title>Plug-in per la barra degli annunci di Squarespace \u2013 Aggiungi al sito<\/title>\n<meta name=\"description\" content=\"Migliora il coinvolgimento con il plug-in Elfsight Announcement Bar senza codice. Presenta messaggi chiave per catturare l&#039;attenzione dei visitatori e incoraggiarli ad agire.\" \/>\n<meta name=\"robots\" content=\"index, follow, max-snippet:-1, max-image-preview:large, max-video-preview:-1\" \/>\n<link rel=\"canonical\" href=\"https:\/\/elfsight.com\/it\/announcement-bar-widget\/squarespace\/\" \/>\n<meta property=\"og:locale\" content=\"it_IT\" \/>\n<meta property=\"og:type\" content=\"article\" \/>\n<meta property=\"og:title\" content=\"Plug-in per la barra degli annunci di Squarespace \u2013 Aggiungi al sito\" \/>\n<meta property=\"og:description\" content=\"Migliora il coinvolgimento con il plug-in Elfsight Announcement Bar senza codice. Presenta messaggi chiave per catturare l&#039;attenzione dei visitatori e incoraggiarli ad agire.\" \/>\n<meta property=\"og:url\" content=\"https:\/\/elfsight.com\/it\/announcement-bar-widget\/squarespace\/\" \/>\n<meta property=\"og:site_name\" content=\"Elfsight IT\" \/>\n<meta property=\"article:modified_time\" content=\"2025-09-19T11:01:09+00:00\" \/>\n<meta name=\"twitter:card\" content=\"summary_large_image\" \/>\n<meta name=\"twitter:label1\" content=\"Tempo di lettura stimato\" \/>\n\t<meta name=\"twitter:data1\" content=\"4 minuti\" \/>\n<!-- \/ Yoast SEO plugin. -->","yoast_head_json":{"title":"Plug-in per la barra degli annunci di Squarespace \u2013 Aggiungi al sito","description":"Migliora il coinvolgimento con il plug-in Elfsight Announcement Bar senza codice. Presenta messaggi chiave per catturare l'attenzione dei visitatori e incoraggiarli ad agire.","robots":{"index":"index","follow":"follow","max-snippet":"max-snippet:-1","max-image-preview":"max-image-preview:large","max-video-preview":"max-video-preview:-1"},"canonical":"https:\/\/elfsight.com\/it\/announcement-bar-widget\/squarespace\/","og_locale":"it_IT","og_type":"article","og_title":"Plug-in per la barra degli annunci di Squarespace \u2013 Aggiungi al sito","og_description":"Migliora il coinvolgimento con il plug-in Elfsight Announcement Bar senza codice. Presenta messaggi chiave per catturare l'attenzione dei visitatori e incoraggiarli ad agire.","og_url":"https:\/\/elfsight.com\/it\/announcement-bar-widget\/squarespace\/","og_site_name":"Elfsight IT","article_modified_time":"2025-09-19T11:01:09+00:00","twitter_card":"summary_large_image","twitter_misc":{"Tempo di lettura stimato":"4 minuti"},"schema":{"@context":"https:\/\/schema.org","@graph":[{"@type":"WebPage","@id":"https:\/\/elfsight.com\/it\/announcement-bar-widget\/squarespace\/","url":"https:\/\/elfsight.com\/it\/announcement-bar-widget\/squarespace\/","name":"Plug-in per la barra degli annunci di Squarespace \u2013 Aggiungi al sito","isPartOf":{"@id":"https:\/\/elfsight.com\/it\/#website"},"datePublished":"2024-12-20T08:05:42+00:00","dateModified":"2025-09-19T11:01:09+00:00","description":"Migliora il coinvolgimento con il plug-in Elfsight Announcement Bar senza codice. Presenta messaggi chiave per catturare l'attenzione dei visitatori e incoraggiarli ad agire.","breadcrumb":{"@id":"https:\/\/elfsight.com\/it\/announcement-bar-widget\/squarespace\/#breadcrumb"},"inLanguage":"it-IT","potentialAction":[{"@type":"ReadAction","target":["https:\/\/elfsight.com\/it\/announcement-bar-widget\/squarespace\/"]}]},{"@type":"BreadcrumbList","@id":"https:\/\/elfsight.com\/it\/announcement-bar-widget\/squarespace\/#breadcrumb","itemListElement":[{"@type":"ListItem","position":1,"name":"Home","item":"https:\/\/elfsight.com\/it\/"},{"@type":"ListItem","position":2,"name":"Announcement Bar","item":"https:\/\/elfsight.com\/it\/announcement-bar-widget\/"},{"@type":"ListItem","position":3,"name":"Announcement Bar &#8211; Squarespace"}]},{"@type":"WebSite","@id":"https:\/\/elfsight.com\/it\/#website","url":"https:\/\/elfsight.com\/it\/","name":"Elfsight IT","description":"Just another Elfsight Sites site","potentialAction":[{"@type":"SearchAction","target":{"@type":"EntryPoint","urlTemplate":"https:\/\/elfsight.com\/it\/?s={search_term_string}"},"query-input":{"@type":"PropertyValueSpecification","valueRequired":true,"valueName":"search_term_string"}}],"inLanguage":"it-IT"}]}},"meta_box":{"industry":"","seo_heading":"","heading":"","description":"","cta_heading":"","cta_description":"","application":"3107","h1":"Plug-in per la barra degli annunci di Squarespace","h1_caption":"Aggiungi il plug-in Barra degli annunci al tuo sito web Squarespace per evidenziare importanti aggiornamenti in tempo reale e aumentare la fiducia e il coinvolgimento dei clienti.","application_category":[],"applications_title":"","applications_request_title":"","applications_request_button_text":"","hero_text":"","hero_video":"","hero_video_schema_markup":"","selling_points_title":"","selling_points_caption":"","selling_points":[],"selling_points_cta_text":"","features_title":"","features":"","ed_cta_examples_text":"","ed_cta_examples_hidden":"","ed_cta_demo_text":"","ed_cta_demo_hidden":"","why_caption":"","why_editor_title":"","why_editor_text":"","why_team_title":"","why_team_text":"","why_service_title":"","why_service_text":"","template_catalog_visible":"0","template_catalog_title":"","template_catalog_text":"","template_catalog_categories_visible":"","demo_title":"Crea un plug-in per la barra degli annunci di Squarespace","demo_caption":"Crea gratuitamente il plug-in per la barra degli annunci del tuo sito web Squarespace.","default_faq_hidden":"","app_template_category":[],"platform":"43","template_public_id":"","codecanyon_url":"","codecanyon_item_id":"","codecanyon_price":"","pricing_caption":"","pricing_elfsight_apps_hide_column":"","pricing_elfsight_apps_url":"","pricing_codecanyon_price_caption":"","integration_category":[],"integration_request_title":"","integration_request_cta":"","integration_platform":"","integrations":[],"platform_category":[],"video_schema_markup":"","price":"","trial":"","benefits":[{"text":"Servizio di installazione gratuito"},{"text":"Assistenza clienti con esperienza"},{"text":"Garanzia di rimborso di 14 giorni"},{"text":"Miglioramenti gratuiti continui"}],"button_url":"#demo","button_target_blank":"0","button_nofollow":"0","attributes":[{"name":"Installato","content":"1,000 - 5,000","_state":"expanded"},{"name":"Reattivo","content":"S\u00cc","_state":"expanded"},{"name":"Browser compatibili","content":"Firefox, Safari, Opera, Chrome, Edge","_state":"expanded"}],"tags":[],"tags_disable_links":"0","hide_more_platforms":"0","video_object":"","demo_hide_cta":"0","demo_hide_cloud_options":"0","pricing_title":"","pricing":[{"pricing_icon":"platform","pricing_title":"Elfsight Apps","pricing_title_caption":"Versione indipendente dalla piattaforma ","pricing_price":"A partire da $ 0 al mese","pricing_price_caption":"Inizia con un piano gratuito","pricing_button_text":"Aggiungi al sito web"},{"pricing_icon":"platform","pricing_button_url":"#demo"}],"related_apps_title":"","related_apps_hidden":"0","author":"","image":[],"title":"","job":"","social_networks":[]},"_links":{"self":[{"href":"https:\/\/elfsight.com\/it\/wp-json\/wp\/v2\/pages\/8541","targetHints":{"allow":["GET"]}}],"collection":[{"href":"https:\/\/elfsight.com\/it\/wp-json\/wp\/v2\/pages"}],"about":[{"href":"https:\/\/elfsight.com\/it\/wp-json\/wp\/v2\/types\/page"}],"author":[{"embeddable":true,"href":"https:\/\/elfsight.com\/it\/wp-json\/wp\/v2\/users\/9"}],"replies":[{"embeddable":true,"href":"https:\/\/elfsight.com\/it\/wp-json\/wp\/v2\/comments?post=8541"}],"version-history":[{"count":3,"href":"https:\/\/elfsight.com\/it\/wp-json\/wp\/v2\/pages\/8541\/revisions"}],"predecessor-version":[{"id":10500,"href":"https:\/\/elfsight.com\/it\/wp-json\/wp\/v2\/pages\/8541\/revisions\/10500"}],"up":[{"embeddable":true,"href":"https:\/\/elfsight.com\/it\/wp-json\/wp\/v2\/pages\/3121"}],"wp:attachment":[{"href":"https:\/\/elfsight.com\/it\/wp-json\/wp\/v2\/media?parent=8541"}],"curies":[{"name":"wp","href":"https:\/\/api.w.org\/{rel}","templated":true}]}}