{"id":8540,"date":"2024-12-20T08:22:48","date_gmt":"2024-12-20T08:22:48","guid":{"rendered":"https:\/\/elfsight.com\/it\/?page_id=8540"},"modified":"2025-09-23T09:02:37","modified_gmt":"2025-09-23T09:02:37","slug":"wix","status":"publish","type":"page","link":"https:\/\/elfsight.com\/it\/announcement-bar-widget\/wix\/","title":{"rendered":"Announcement Bar &#8211; Wix"},"content":{"rendered":"\n<div class=\"application-platform-content-item-description application-platform-content-item\" id=\"description\" data-nav-section=\"description\"> <p>L&#8217;app Barra degli annunci aiuta le aziende a condividere notifiche importanti con i visitatori in modo evidente e accattivante. \u00c8 ottimo per informare i clienti su nuove offerte, vendite imminenti o dettagli urgenti come lo stato della spedizione. <\/p><p>Aumenta il coinvolgimento incoraggiando i visitatori ad agire, sia che si tratti di effettuare un acquisto o leggere un aggiornamento. Con la configurazione senza codice, l&#8217;app si integra perfettamente nel tuo sito web. \u00c8 completamente personalizzabile, quindi puoi scegliere facilmente lo stile che si adatta al tuo marchio.<\/p><p><b>Crea una barra degli annunci Wix personalizzata per evidenziare meglio le notifiche importanti della tua azienda.<\/b><\/p><\/div> <div class=\"application-platform-content-item-features application-platform-content-item\" id=\"features\" data-nav-section=\"features\"> <h2>Funzionalit\u00e0 dell&#8217;app Barra degli annunci<\/h2> <p>La L&#8217;app Barra degli annunci di Elfsight \u00e8 progettata per aumentare il coinvolgimento degli utenti visualizzando notifiche dinamiche di notizie importanti. Questo strumento versatile non solo crea fiducia mostrando informazioni importanti, ma incoraggia anche i visitatori ad agire con avvisi mirati. Di seguito \u00e8 riportato un elenco completo delle funzionalit\u00e0 principali dell&#8217;app:<\/p><ul><li><b>Configurazione semplice e veloce.<\/b> Configurazione semplice e non tecnica che consente una rapida implementazione sul tuo sito web.<\/li><li><b>Accattivante ma non invadente.<\/b> Le opzioni di visibilit\u00e0 personalizzabili ti consentono di creare annunci di grande impatto garantendo al contempo un&#8217;esperienza fluida.<\/li><li><b>Aumenta le vendite dei prodotti chiave.<\/b> Promuovi offerte esclusive direttamente dal Barra degli annunci per aumentare le conversioni in categorie di prodotti specifiche.<\/li><li><b>Evidenzia notizie e aggiornamenti.<\/b> Annuncia nuove versioni o aggiornamenti ai prodotti esistenti e mantieni i visitatori informati con contenuti nuovi e pertinenti.<\/li><li><b>Coerenza del marchio.<\/b> Opzioni di personalizzazione complete per adattarsi perfettamente all&#8217;aspetto del tuo sito web e garantire un&#8217;esperienza utente coerente e fluida assicurati.<\/li><li><b>Design personalizzabile.<\/b> Modelli, caratteri e layout completamente personalizzabili che si adattano all&#8217;identit\u00e0 unica del tuo marchio.<\/li><\/ul><p><a href=\"#demo\">Dai un&#8217;occhiata al semplice editor per vedere come funziona l&#8217;app<\/a><\/p><\/div> <div class=\"application-platform-content-item-installation application-platform-content-item\" id=\"installation\" data-nav-section=\"installation\"> <h2>Come aggiungere Come faccio ad aggiungere una barra degli annunci in Wix?<\/h2><div class=\"video-container\">\n<iframe width=\"720\" height=\"405\" src=\"https:\/\/www.youtube.com\/embed\/BolIySu9bo4?si=BiBE5_ztnDgBHMIi\" frameborder=\"0\" allowfullscreen=\"\"><\/iframe>\n<\/div><p>Per posizionare l&#8217;app della barra degli annunci sul tuo sito web, segui questi rapidi passaggi:<\/p> <ol><li>Avvia l&#8217;editor delle app e seleziona un modello che corrisponda allo stile del tuo sito.<\/li><li>Personalizza l&#8217;app modificandone il messaggio, l&#8217;azione e gli elementi visivi, il pulsante, la posizione sulla pagina, ecc.<\/li><li>Salva le modifiche e copia lo snippet HTML generato. Incolla il codice nell&#8217;editor del tuo sito web e applica le modifiche.<\/li><\/ol><p>Giusto! La tua app Wix Announcement Bar \u00e8 ora attiva!<\/p><p>Per istruzioni dettagliate, consulta il nostro articolo su <a href=\"https:\/\/elfsight.com\/blog\/how-to-add-announcement-bar-in-wix\/\" target=\"_blank\" rel=\"noopener\">come aggiungere l&#8217;app Announcement Bar a Wix<\/a>.<\/p><p>Se hai problemi a incorporare l&#8217;app in un sito web, assicurati di farlo Contatta il nostro team di assistenza clienti. Siamo felici di aiutarti ad aggiungere e personalizzare la tua barra degli annunci.<\/p><\/div> <h2>FAQ<\/h2><div class=\"faq\" data-component=\"FAQ\"><div class=\"faq-item\">\r\n\t\t\t\t\t<div class=\"faq-item-question\">\r\n\t\t\t\t\t\t<h3 class=\"faq-item-question-text\">L'app Wix Announcement Bar \u00e8 gratuita?<\/h3>\r\n\r\n\t\t\t\t\t\t<div class=\"faq-item-question-icon\"><\/div>\r\n\t\t\t\t\t<\/div>\r\n\r\n\t\t\t\t\t<div class=\"faq-item-answer\">\r\n\t\t\t\t\t\t<div class=\"faq-item-answer-text\">S\u00ec, \u00e8 disponibile un piano gratuito che offre funzionalit\u00e0 di base perfette per siti Web compatti o test. I piani a pagamento partono da $ 5 al mese e offrono funzionalit\u00e0 aggiuntive.<\/div>\r\n\t\t\t\t\t<\/div>\r\n\t\t\t\t<\/div><div class=\"faq-item\">\r\n\t\t\t\t\t<div class=\"faq-item-question\">\r\n\t\t\t\t\t\t<h3 class=\"faq-item-question-text\">Che tipi di app per la barra degli annunci posso aggiungere al mio sito web?<\/h3>\r\n\r\n\t\t\t\t\t\t<div class=\"faq-item-question-icon\"><\/div>\r\n\t\t\t\t\t<\/div>\r\n\r\n\t\t\t\t\t<div class=\"faq-item-answer\">\r\n\t\t\t\t\t\t<div class=\"faq-item-answer-text\">Puoi creare diverse barre degli annunci, come: B. coloro che informano sulle offerte di spedizione gratuita, annunciano novit\u00e0 o evidenziano una vendita in corso. Queste barre possono essere statiche per una visualizzazione ininterrotta o avere funzionalit\u00e0 di scorrimento per essere visibili in ogni momento.<\/div>\r\n\t\t\t\t\t<\/div>\r\n\t\t\t\t<\/div><div class=\"faq-item\">\r\n\t\t\t\t\t<div class=\"faq-item-question\">\r\n\t\t\t\t\t\t<h3 class=\"faq-item-question-text\">Come posso modificare l'app Barra degli annunci sul sito web Wix?<\/h3>\r\n\r\n\t\t\t\t\t\t<div class=\"faq-item-question-icon\"><\/div>\r\n\t\t\t\t\t<\/div>\r\n\r\n\t\t\t\t\t<div class=\"faq-item-answer\">\r\n\t\t\t\t\t\t<div class=\"faq-item-answer-text\">La modifica dell&#8217;app Barra degli annunci \u00e8 intuitiva con l&#8217;editor accessibile. Puoi personalizzare il contenuto, i colori e il posizionamento per adattarli al tema generale. Funzionalit\u00e0 aggiuntive come le opzioni di visibilit\u00e0 ti consentono di personalizzare la barra per raggiungere il tuo pubblico.<\/div>\r\n\t\t\t\t\t<\/div>\r\n\t\t\t\t<\/div><div class=\"faq-item\">\r\n\t\t\t\t\t<div class=\"faq-item-question\">\r\n\t\t\t\t\t\t<h3 class=\"faq-item-question-text\">Quali altre app posso utilizzare per migliorare il coinvolgimento del pubblico?<\/h3>\r\n\r\n\t\t\t\t\t\t<div class=\"faq-item-question-icon\"><\/div>\r\n\t\t\t\t\t<\/div>\r\n\r\n\t\t\t\t\t<div class=\"faq-item-answer\">\r\n\t\t\t\t\t\t<div class=\"faq-item-answer-text\">Puoi aggiungere un <a href=\"https:\/\/elfsight.com\/sales-notification-widget\/wix\/\">widget di notifica delle vendite<\/a> per visualizzare gli acquisti in tempo reale e quindi aumentare la credibilit\u00e0. Il <a href=\"https:\/\/elfsight.com\/popup-widget\/wix\/\" rel=\"noopener\">Popup Widget<\/a> \u00e8 perfetto per acquisire contatti e incoraggiare i visitatori a esplorare le tue offerte. Il <a href=\"https:\/\/elfsight.com\/banner-widget\/wix\/\">widget banner<\/a> evidenzia gli aggiornamenti importanti, garantendo che le informazioni importanti siano evidenziate.<\/div>\r\n\t\t\t\t\t<\/div>\r\n\t\t\t\t<\/div><\/div>\n","protected":false},"excerpt":{"rendered":"FAQ","protected":false},"author":9,"featured_media":0,"parent":3121,"menu_order":0,"comment_status":"closed","ping_status":"closed","template":"templates\/template-application-platform.php","meta":{"publish_to_discourse":"","publish_post_category":"","wpdc_auto_publish_overridden":"","wpdc_topic_tags":"","wpdc_pin_topic":"","wpdc_pin_until":"","discourse_post_id":"","discourse_permalink":"","wpdc_publishing_response":"","wpdc_publishing_error":"","footnotes":""},"class_list":["post-8540","page","type-page","status-publish","hentry"],"yoast_head":"<!-- This site is optimized with the Yoast SEO plugin v25.3.1 - https:\/\/yoast.com\/wordpress\/plugins\/seo\/ -->\n<title>App Wix Announcement Bar: aggiungi notifiche al tuo sito web<\/title>\n<meta name=\"description\" content=\"Aumenta il coinvolgimento con l&#039;app Elfsight Announcement Bar senza codice. Mostra aggiornamenti importanti per attirare l&#039;attenzione dei visitatori e spingerli ad agire.\" \/>\n<meta name=\"robots\" content=\"index, follow, max-snippet:-1, max-image-preview:large, max-video-preview:-1\" \/>\n<link rel=\"canonical\" href=\"https:\/\/elfsight.com\/it\/announcement-bar-widget\/wix\/\" \/>\n<meta property=\"og:locale\" content=\"it_IT\" \/>\n<meta property=\"og:type\" content=\"article\" \/>\n<meta property=\"og:title\" content=\"App Wix Announcement Bar: aggiungi notifiche al tuo sito web\" \/>\n<meta property=\"og:description\" content=\"Aumenta il coinvolgimento con l&#039;app Elfsight Announcement Bar senza codice. Mostra aggiornamenti importanti per attirare l&#039;attenzione dei visitatori e spingerli ad agire.\" \/>\n<meta property=\"og:url\" content=\"https:\/\/elfsight.com\/it\/announcement-bar-widget\/wix\/\" \/>\n<meta property=\"og:site_name\" content=\"Elfsight IT\" \/>\n<meta property=\"article:modified_time\" content=\"2025-09-23T09:02:37+00:00\" \/>\n<meta name=\"twitter:card\" content=\"summary_large_image\" \/>\n<meta name=\"twitter:label1\" content=\"Tempo di lettura stimato\" \/>\n\t<meta name=\"twitter:data1\" content=\"4 minuti\" \/>\n<!-- \/ Yoast SEO plugin. -->","yoast_head_json":{"title":"App Wix Announcement Bar: aggiungi notifiche al tuo sito web","description":"Aumenta il coinvolgimento con l'app Elfsight Announcement Bar senza codice. Mostra aggiornamenti importanti per attirare l'attenzione dei visitatori e spingerli ad agire.","robots":{"index":"index","follow":"follow","max-snippet":"max-snippet:-1","max-image-preview":"max-image-preview:large","max-video-preview":"max-video-preview:-1"},"canonical":"https:\/\/elfsight.com\/it\/announcement-bar-widget\/wix\/","og_locale":"it_IT","og_type":"article","og_title":"App Wix Announcement Bar: aggiungi notifiche al tuo sito web","og_description":"Aumenta il coinvolgimento con l'app Elfsight Announcement Bar senza codice. Mostra aggiornamenti importanti per attirare l'attenzione dei visitatori e spingerli ad agire.","og_url":"https:\/\/elfsight.com\/it\/announcement-bar-widget\/wix\/","og_site_name":"Elfsight IT","article_modified_time":"2025-09-23T09:02:37+00:00","twitter_card":"summary_large_image","twitter_misc":{"Tempo di lettura stimato":"4 minuti"},"schema":{"@context":"https:\/\/schema.org","@graph":[{"@type":"WebPage","@id":"https:\/\/elfsight.com\/it\/announcement-bar-widget\/wix\/","url":"https:\/\/elfsight.com\/it\/announcement-bar-widget\/wix\/","name":"App Wix Announcement Bar: aggiungi notifiche al tuo sito web","isPartOf":{"@id":"https:\/\/elfsight.com\/it\/#website"},"datePublished":"2024-12-20T08:22:48+00:00","dateModified":"2025-09-23T09:02:37+00:00","description":"Aumenta il coinvolgimento con l'app Elfsight Announcement Bar senza codice. Mostra aggiornamenti importanti per attirare l'attenzione dei visitatori e spingerli ad agire.","breadcrumb":{"@id":"https:\/\/elfsight.com\/it\/announcement-bar-widget\/wix\/#breadcrumb"},"inLanguage":"it-IT","potentialAction":[{"@type":"ReadAction","target":["https:\/\/elfsight.com\/it\/announcement-bar-widget\/wix\/"]}]},{"@type":"BreadcrumbList","@id":"https:\/\/elfsight.com\/it\/announcement-bar-widget\/wix\/#breadcrumb","itemListElement":[{"@type":"ListItem","position":1,"name":"Home","item":"https:\/\/elfsight.com\/it\/"},{"@type":"ListItem","position":2,"name":"Announcement Bar","item":"https:\/\/elfsight.com\/it\/announcement-bar-widget\/"},{"@type":"ListItem","position":3,"name":"Announcement Bar &#8211; Wix"}]},{"@type":"WebSite","@id":"https:\/\/elfsight.com\/it\/#website","url":"https:\/\/elfsight.com\/it\/","name":"Elfsight IT","description":"Just another Elfsight Sites site","potentialAction":[{"@type":"SearchAction","target":{"@type":"EntryPoint","urlTemplate":"https:\/\/elfsight.com\/it\/?s={search_term_string}"},"query-input":{"@type":"PropertyValueSpecification","valueRequired":true,"valueName":"search_term_string"}}],"inLanguage":"it-IT"}]}},"meta_box":{"industry":"","seo_heading":"","heading":"","description":"","cta_heading":"","cta_description":"","application":"3107","h1":"App della barra degli annunci di Wix","h1_caption":"Aggiungi l'app Barra degli annunci al tuo sito web Wix per evidenziare aggiornamenti importanti in tempo reale e aumentare la fiducia e il coinvolgimento dei clienti.","application_category":[],"applications_title":"","applications_request_title":"","applications_request_button_text":"","hero_text":"","hero_video":"","hero_video_schema_markup":"","selling_points_title":"","selling_points_caption":"","selling_points":[],"selling_points_cta_text":"","features_title":"","features":"","ed_cta_examples_text":"","ed_cta_examples_hidden":"","ed_cta_demo_text":"","ed_cta_demo_hidden":"","why_caption":"","why_editor_title":"","why_editor_text":"","why_team_title":"","why_team_text":"","why_service_title":"","why_service_text":"","template_catalog_visible":"0","template_catalog_title":"","template_catalog_text":"","template_catalog_categories_visible":"","demo_title":"Crea un'app per la barra degli annunci Wix","demo_caption":"Progetta gratuitamente la tua app Barra degli annunci per il tuo sito web Wix.","default_faq_hidden":"","app_template_category":[],"platform":"29","template_public_id":"","codecanyon_url":"","codecanyon_item_id":"","codecanyon_price":"","pricing_caption":"","pricing_elfsight_apps_hide_column":"","pricing_elfsight_apps_url":"","pricing_codecanyon_price_caption":"","integration_category":[],"integration_request_title":"","integration_request_cta":"","integration_platform":"","integrations":[],"platform_category":[],"video_schema_markup":"","price":"","trial":"","benefits":[{"text":"Supporto gratuito per l'installazione"},{"text":"Servizio clienti competente"},{"text":"Garanzia di rimborso di 14 giorni"},{"text":"Miglioramenti gratuiti a vita"}],"button_url":"#demo","button_target_blank":"0","button_nofollow":"0","attributes":[{"name":"Installato","content":"1,000 - 5,000","_state":"expanded"},{"name":"Reattivo","content":"S\u00cc","_state":"expanded"},{"name":"Browser compatibili","content":"Firefox, Safari, Opera, Chrome, Edge","_state":"expanded"}],"tags":[],"tags_disable_links":"0","hide_more_platforms":"0","video_object":"","demo_hide_cta":"0","demo_hide_cloud_options":"0","pricing_title":"","pricing":[{"pricing_icon":"platform","pricing_title":"Elfsight Apps","pricing_title_caption":"Versione multipiattaforma","pricing_price":"A partire da $ 0 al mese","pricing_price_caption":"Inizia con un piano gratuito","pricing_button_text":"Aggiungi al sito web"},{"pricing_icon":"platform","pricing_button_url":"#demo"}],"related_apps_title":"","related_apps_hidden":"0","author":"","image":[],"title":"","job":"","social_networks":[]},"_links":{"self":[{"href":"https:\/\/elfsight.com\/it\/wp-json\/wp\/v2\/pages\/8540","targetHints":{"allow":["GET"]}}],"collection":[{"href":"https:\/\/elfsight.com\/it\/wp-json\/wp\/v2\/pages"}],"about":[{"href":"https:\/\/elfsight.com\/it\/wp-json\/wp\/v2\/types\/page"}],"author":[{"embeddable":true,"href":"https:\/\/elfsight.com\/it\/wp-json\/wp\/v2\/users\/9"}],"replies":[{"embeddable":true,"href":"https:\/\/elfsight.com\/it\/wp-json\/wp\/v2\/comments?post=8540"}],"version-history":[{"count":3,"href":"https:\/\/elfsight.com\/it\/wp-json\/wp\/v2\/pages\/8540\/revisions"}],"predecessor-version":[{"id":10502,"href":"https:\/\/elfsight.com\/it\/wp-json\/wp\/v2\/pages\/8540\/revisions\/10502"}],"up":[{"embeddable":true,"href":"https:\/\/elfsight.com\/it\/wp-json\/wp\/v2\/pages\/3121"}],"wp:attachment":[{"href":"https:\/\/elfsight.com\/it\/wp-json\/wp\/v2\/media?parent=8540"}],"curies":[{"name":"wp","href":"https:\/\/api.w.org\/{rel}","templated":true}]}}