{"id":8535,"date":"2024-12-20T08:50:53","date_gmt":"2024-12-20T08:50:53","guid":{"rendered":"https:\/\/elfsight.com\/it\/?page_id=8535"},"modified":"2025-03-21T06:07:13","modified_gmt":"2025-03-21T06:07:13","slug":"webflow","status":"publish","type":"page","link":"https:\/\/elfsight.com\/it\/announcement-bar-widget\/webflow\/","title":{"rendered":"Announcement Bar &#8211; Webflow"},"content":{"rendered":"\n<div class=\"application-platform-content-item-description application-platform-content-item\" id=\"description\" data-nav-section=\"description\"> <p>Il widget Barra degli annunci aiuta le aziende a condividere aggiornamenti importanti con i visitatori in modo evidente ed evidente. \u00c8 ottimo per informare i clienti su nuove offerte, lanci di prodotti o informazioni importanti come i dettagli di spedizione. <\/p><p>Aumenta il coinvolgimento incoraggiando i visitatori ad agire, sia che si tratti di effettuare un ordine o di iscriversi a una promozione. Con la configurazione senza codice, il widget si integra perfettamente nel tuo sito web. \u00c8 completamente personalizzabile, quindi puoi scegliere facilmente lo stile pi\u00f9 adatto al tuo marchio.<\/p><p><b>Aumenta la visibilit\u00e0 dei tuoi messaggi importanti per aumentare l&#8217;affidabilit\u00e0 con la barra degli annunci.<\/b><\/p><\/div> <div class=\"application-platform-content-item-features application-platform-content-item\" id=\"features\" data-nav-section=\"features\"> <h2>Funzioni del widget della barra degli annunci<\/h2> <p>La Il widget della barra degli annunci di Elfsight \u00e8 progettato per aumentare il coinvolgimento dei clienti visualizzando notifiche dinamiche di modifiche importanti. Questo strumento versatile non solo aumenta la fiducia evidenziando informazioni importanti, ma incoraggia anche i visitatori ad agire con avvisi mirati. Di seguito \u00e8 riportato un elenco dettagliato delle funzionalit\u00e0 principali del widget:<\/p><ul><li><b>Configurazione semplice e veloce.<\/b> La configurazione senza problemi senza alcuna conoscenza tecnica consente un&#8217;implementazione semplice e veloce sul tuo sito web.<\/li><li><b>Accattivante ma discreto.<\/b> Le opzioni di design personalizzabili ti consentono di creare annunci di grande impatto fornendo al contempo un&#8217;esperienza user-friendly.<\/li><li><b>Aumenta le vendite dei prodotti chiave.<\/b> Incentiva direttamente vendite e promozioni. tramite la barra degli annunci per aumentare le conversioni per categorie di prodotti specifiche.<\/li><li><b>Evidenzia notizie e aggiornamenti.<\/b> Mostra nuove offerte o miglioramenti ai prodotti esistenti e mantieni i tuoi visitatori coinvolti con contenuti attuali e nuovi.<\/li><li><b>Coerenza del marchio.<\/b> Opzioni di personalizzazione complete per completare l&#8217;aspetto del tuo sito web e garantire un&#8217;esperienza utente fluida e impeccabile.<\/li><li><b>Personalizzabile Design.<\/b> Modelli e contenuti completamente personalizzabili che riflettono perfettamente l&#8217;identit\u00e0 unica del tuo marchio.<\/li><\/ul><p><a href=\"#demo\">Utilizza l&#8217;editor online per vedere come funziona il widget<\/a><\/p><\/div> <div class=\"application-platform-content-item-installation application-platform-content-item\" id=\"installation\" data-nav-section=\"installation\"> <h2>Come aggiungere un banner di annuncio in Webflow Aggiungere?<\/h2><p>Per incorporare il widget Barra degli annunci sul tuo sito web, segui questi semplici passaggi:<\/p> <ol><li>Apri l&#8217;editor del widget e seleziona un modello che corrisponda allo stile del tuo sito web.<\/li><li>Personalizza il widget modificandone il messaggio, l&#8217;azione e gli elementi visivi, il pulsante, la posizione sulla pagina, ecc.<\/li><li>Conserva le modifiche e copia il codice HTML fornito. Incolla il codice nel CMS del tuo sito web e applica le modifiche.<\/li><\/ol>Fatto! Il tuo widget della barra degli annunci di Webflow \u00e8 ora attivo!<p>Se riscontri problemi durante l&#8217;incorporamento del widget nel tuo sito web, contatta semplicemente il nostro team di assistenza clienti. Siamo felici di aiutarti ad aggiungere e modificare la barra degli annunci.<\/p><\/div> <h2>FAQ<\/h2><div class=\"faq\" data-component=\"FAQ\"><div class=\"faq-item\">\r\n\t\t\t\t\t<div class=\"faq-item-question\">\r\n\t\t\t\t\t\t<h3 class=\"faq-item-question-text\">Il widget della barra degli annunci Webflow \u00e8 gratuito?<\/h3>\r\n\r\n\t\t\t\t\t\t<div class=\"faq-item-question-icon\"><\/div>\r\n\t\t\t\t\t<\/div>\r\n\r\n\t\t\t\t\t<div class=\"faq-item-answer\">\r\n\t\t\t\t\t\t<div class=\"faq-item-answer-text\">S\u00ec, \u00e8 disponibile un&#8217;opzione gratuita che fornisce funzionalit\u00e0 di base, ideale per siti Web pi\u00f9 piccoli o test. I piani a pagamento partono da $ 5 al mese e includono funzionalit\u00e0 avanzate.<\/div>\r\n\t\t\t\t\t<\/div>\r\n\t\t\t\t<\/div><div class=\"faq-item\">\r\n\t\t\t\t\t<div class=\"faq-item-question\">\r\n\t\t\t\t\t\t<h3 class=\"faq-item-question-text\">Che tipi di widget della barra degli annunci posso aggiungere al mio sito web?<\/h3>\r\n\r\n\t\t\t\t\t\t<div class=\"faq-item-question-icon\"><\/div>\r\n\t\t\t\t\t<\/div>\r\n\r\n\t\t\t\t\t<div class=\"faq-item-answer\">\r\n\t\t\t\t\t\t<div class=\"faq-item-answer-text\">Puoi creare diverse barre degli annunci, come: Ad esempio, quelli che ti informano sulle offerte di spedizione gratuita, mostrano aggiornamenti o evidenziano una vendita imminente. Queste barre possono essere statiche per garantire una visibilit\u00e0 coerente o mobili per essere sempre visibili e garantire risalto.<\/div>\r\n\t\t\t\t\t<\/div>\r\n\t\t\t\t<\/div><div class=\"faq-item\">\r\n\t\t\t\t\t<div class=\"faq-item-question\">\r\n\t\t\t\t\t\t<h3 class=\"faq-item-question-text\">Come posso modificare il widget della barra degli annunci su un sito Webflow?<\/h3>\r\n\r\n\t\t\t\t\t\t<div class=\"faq-item-question-icon\"><\/div>\r\n\t\t\t\t\t<\/div>\r\n\r\n\t\t\t\t\t<div class=\"faq-item-answer\">\r\n\t\t\t\t\t\t<div class=\"faq-item-answer-text\">Modificare il widget della barra degli annunci \u00e8 facile con l&#8217;editor accessibile di Elfsight. Puoi modificare il contenuto, lo stile e l&#8217;allineamento per adattarli al design del tuo sito web. Funzionalit\u00e0 aggiuntive come gli strumenti di targeting ti consentono di personalizzare la barra per inviare notifiche al tuo pubblico.<\/div>\r\n\t\t\t\t\t<\/div>\r\n\t\t\t\t<\/div><div class=\"faq-item\">\r\n\t\t\t\t\t<div class=\"faq-item-question\">\r\n\t\t\t\t\t\t<h3 class=\"faq-item-question-text\">Quali altri widget posso utilizzare per migliorare il coinvolgimento del pubblico?<\/h3>\r\n\r\n\t\t\t\t\t\t<div class=\"faq-item-question-icon\"><\/div>\r\n\t\t\t\t\t<\/div>\r\n\r\n\t\t\t\t\t<div class=\"faq-item-answer\">\r\n\t\t\t\t\t\t<div class=\"faq-item-answer-text\">Puoi utilizzare un <a href=\"https:\/\/elfsight.com\/sales-notification-widget\/webflow\/\" rel=\"noopener\">Aggiungi widget di notifica delle vendite<\/a> per evidenziare le azioni dei clienti per creare fiducia. Il <a href=\"https:\/\/elfsight.com\/popup-widget\/webflow\/\" rel=\"noopener\">Popup Widget<\/a> \u00e8 ideale per condividere sconti e incoraggiare i visitatori a interagire con i tuoi contenuti. Il <a href=\"https:\/\/elfsight.com\/banner-widget\/webflow\/\" rel=\"noopener\">Banner Widget<\/a> mostra i messaggi chiave, garantendo la visibilit\u00e0 delle informazioni importanti.<\/div>\r\n\t\t\t\t\t<\/div>\r\n\t\t\t\t<\/div><\/div>\n","protected":false},"excerpt":{"rendered":"FAQ","protected":false},"author":9,"featured_media":0,"parent":3121,"menu_order":0,"comment_status":"closed","ping_status":"closed","template":"templates\/template-application-platform.php","meta":{"publish_to_discourse":"","publish_post_category":"","wpdc_auto_publish_overridden":"","wpdc_topic_tags":"","wpdc_pin_topic":"","wpdc_pin_until":"","discourse_post_id":"","discourse_permalink":"","wpdc_publishing_response":"","wpdc_publishing_error":"","footnotes":""},"class_list":["post-8535","page","type-page","status-publish","hentry"],"yoast_head":"<!-- This site is optimized with the Yoast SEO plugin v25.3.1 - https:\/\/yoast.com\/wordpress\/plugins\/seo\/ -->\n<title>Widget della barra degli annunci del flusso Web: aggiungi notifiche a un sito Web<\/title>\n<meta name=\"description\" content=\"Aumenta il coinvolgimento con il widget della barra degli annunci Elfsight di facile utilizzo. Presenta avvisi urgenti e incoraggia i visitatori ad agire.\" \/>\n<meta name=\"robots\" content=\"index, follow, max-snippet:-1, max-image-preview:large, max-video-preview:-1\" \/>\n<link rel=\"canonical\" href=\"https:\/\/elfsight.com\/it\/announcement-bar-widget\/webflow\/\" \/>\n<meta property=\"og:locale\" content=\"it_IT\" \/>\n<meta property=\"og:type\" content=\"article\" \/>\n<meta property=\"og:title\" content=\"Widget della barra degli annunci del flusso Web: aggiungi notifiche a un sito Web\" \/>\n<meta property=\"og:description\" content=\"Aumenta il coinvolgimento con il widget della barra degli annunci Elfsight di facile utilizzo. Presenta avvisi urgenti e incoraggia i visitatori ad agire.\" \/>\n<meta property=\"og:url\" content=\"https:\/\/elfsight.com\/it\/announcement-bar-widget\/webflow\/\" \/>\n<meta property=\"og:site_name\" content=\"Elfsight IT\" \/>\n<meta property=\"article:modified_time\" content=\"2025-03-21T06:07:13+00:00\" \/>\n<meta name=\"twitter:card\" content=\"summary_large_image\" \/>\n<meta name=\"twitter:label1\" content=\"Tempo di lettura stimato\" \/>\n\t<meta name=\"twitter:data1\" content=\"4 minuti\" \/>\n<!-- \/ Yoast SEO plugin. -->","yoast_head_json":{"title":"Widget della barra degli annunci del flusso Web: aggiungi notifiche a un sito Web","description":"Aumenta il coinvolgimento con il widget della barra degli annunci Elfsight di facile utilizzo. Presenta avvisi urgenti e incoraggia i visitatori ad agire.","robots":{"index":"index","follow":"follow","max-snippet":"max-snippet:-1","max-image-preview":"max-image-preview:large","max-video-preview":"max-video-preview:-1"},"canonical":"https:\/\/elfsight.com\/it\/announcement-bar-widget\/webflow\/","og_locale":"it_IT","og_type":"article","og_title":"Widget della barra degli annunci del flusso Web: aggiungi notifiche a un sito Web","og_description":"Aumenta il coinvolgimento con il widget della barra degli annunci Elfsight di facile utilizzo. Presenta avvisi urgenti e incoraggia i visitatori ad agire.","og_url":"https:\/\/elfsight.com\/it\/announcement-bar-widget\/webflow\/","og_site_name":"Elfsight IT","article_modified_time":"2025-03-21T06:07:13+00:00","twitter_card":"summary_large_image","twitter_misc":{"Tempo di lettura stimato":"4 minuti"},"schema":{"@context":"https:\/\/schema.org","@graph":[{"@type":"WebPage","@id":"https:\/\/elfsight.com\/it\/announcement-bar-widget\/webflow\/","url":"https:\/\/elfsight.com\/it\/announcement-bar-widget\/webflow\/","name":"Widget della barra degli annunci del flusso Web: aggiungi notifiche a un sito Web","isPartOf":{"@id":"https:\/\/elfsight.com\/it\/#website"},"datePublished":"2024-12-20T08:50:53+00:00","dateModified":"2025-03-21T06:07:13+00:00","description":"Aumenta il coinvolgimento con il widget della barra degli annunci Elfsight di facile utilizzo. Presenta avvisi urgenti e incoraggia i visitatori ad agire.","breadcrumb":{"@id":"https:\/\/elfsight.com\/it\/announcement-bar-widget\/webflow\/#breadcrumb"},"inLanguage":"it-IT","potentialAction":[{"@type":"ReadAction","target":["https:\/\/elfsight.com\/it\/announcement-bar-widget\/webflow\/"]}]},{"@type":"BreadcrumbList","@id":"https:\/\/elfsight.com\/it\/announcement-bar-widget\/webflow\/#breadcrumb","itemListElement":[{"@type":"ListItem","position":1,"name":"Home","item":"https:\/\/elfsight.com\/it\/"},{"@type":"ListItem","position":2,"name":"Announcement Bar","item":"https:\/\/elfsight.com\/it\/announcement-bar-widget\/"},{"@type":"ListItem","position":3,"name":"Announcement Bar &#8211; Webflow"}]},{"@type":"WebSite","@id":"https:\/\/elfsight.com\/it\/#website","url":"https:\/\/elfsight.com\/it\/","name":"Elfsight IT","description":"Just another Elfsight Sites site","potentialAction":[{"@type":"SearchAction","target":{"@type":"EntryPoint","urlTemplate":"https:\/\/elfsight.com\/it\/?s={search_term_string}"},"query-input":{"@type":"PropertyValueSpecification","valueRequired":true,"valueName":"search_term_string"}}],"inLanguage":"it-IT"}]}},"meta_box":{"industry":"","seo_heading":"","heading":"","description":"","cta_heading":"","cta_description":"","application":"3107","h1":"Widget della barra degli annunci del flusso web","h1_caption":"Aggiungi il widget Barra degli annunci al tuo sito Webflow per evidenziare importanti aggiornamenti in tempo reale e aumentare la fiducia e il coinvolgimento dei clienti.","application_category":[],"applications_title":"","applications_request_title":"","applications_request_button_text":"","hero_text":"","hero_video":"","hero_video_schema_markup":"","selling_points_title":"","selling_points_caption":"","selling_points":[],"selling_points_cta_text":"","features_title":"","features":"","ed_cta_examples_text":"","ed_cta_examples_hidden":"","ed_cta_demo_text":"","ed_cta_demo_hidden":"","why_caption":"","why_editor_title":"","why_editor_text":"","why_team_title":"","why_team_text":"","why_service_title":"","why_service_text":"","template_catalog_visible":"0","template_catalog_title":"","template_catalog_text":"","template_catalog_categories_visible":"","demo_title":"Creare un widget della barra degli annunci del flusso Web","demo_caption":"Progetta gratuitamente il tuo widget della barra degli annunci per il sito Web Webflow.","default_faq_hidden":"","app_template_category":[],"platform":"44","template_public_id":"","codecanyon_url":"","codecanyon_item_id":"","codecanyon_price":"","pricing_caption":"","pricing_elfsight_apps_hide_column":"","pricing_elfsight_apps_url":"","pricing_codecanyon_price_caption":"","integration_category":[],"integration_request_title":"","integration_request_cta":"","integration_platform":"","integrations":[],"platform_category":[],"video_schema_markup":"","price":"","trial":"","benefits":[{"text":"Supporto gratuito per l'installazione"},{"text":"Servizio clienti efficace"},{"text":"Garanzia di rimborso di 14 giorni"},{"text":"Aggiornamento costante"}],"button_url":"#demo","button_target_blank":"0","button_nofollow":"0","attributes":[{"name":"Installato","content":"1,000 - 5,0000","_state":"expanded"},{"name":"Reattivo","content":"S\u00cc","_state":"expanded"},{"name":"Browser compatibili","content":"Firefox, Safari, Opera, Chrome, Edge","_state":"expanded"}],"tags":[],"tags_disable_links":"0","hide_more_platforms":"0","video_object":"","demo_hide_cta":"0","demo_hide_cloud_options":"0","pricing_title":"","pricing":[{"pricing_icon":"platform","pricing_title":"Elfsight Apps","pricing_title_caption":"Soluzione digitale multipiattaforma","pricing_price":"A partire da $ 0 al mese","pricing_price_caption":"Inizia con un piano gratuito","pricing_button_text":"Aggiungi al sito web"},{"pricing_icon":"platform","pricing_button_url":"#demo"}],"related_apps_title":"","related_apps_hidden":"0","author":"","image":[],"title":"","job":"","social_networks":[]},"_links":{"self":[{"href":"https:\/\/elfsight.com\/it\/wp-json\/wp\/v2\/pages\/8535","targetHints":{"allow":["GET"]}}],"collection":[{"href":"https:\/\/elfsight.com\/it\/wp-json\/wp\/v2\/pages"}],"about":[{"href":"https:\/\/elfsight.com\/it\/wp-json\/wp\/v2\/types\/page"}],"author":[{"embeddable":true,"href":"https:\/\/elfsight.com\/it\/wp-json\/wp\/v2\/users\/9"}],"replies":[{"embeddable":true,"href":"https:\/\/elfsight.com\/it\/wp-json\/wp\/v2\/comments?post=8535"}],"version-history":[{"count":2,"href":"https:\/\/elfsight.com\/it\/wp-json\/wp\/v2\/pages\/8535\/revisions"}],"predecessor-version":[{"id":9486,"href":"https:\/\/elfsight.com\/it\/wp-json\/wp\/v2\/pages\/8535\/revisions\/9486"}],"up":[{"embeddable":true,"href":"https:\/\/elfsight.com\/it\/wp-json\/wp\/v2\/pages\/3121"}],"wp:attachment":[{"href":"https:\/\/elfsight.com\/it\/wp-json\/wp\/v2\/media?parent=8535"}],"curies":[{"name":"wp","href":"https:\/\/api.w.org\/{rel}","templated":true}]}}