{"id":8533,"date":"2024-12-20T11:29:21","date_gmt":"2024-12-20T11:29:21","guid":{"rendered":"https:\/\/elfsight.com\/it\/?page_id=8533"},"modified":"2025-10-23T14:16:02","modified_gmt":"2025-10-23T14:16:02","slug":"wordpress","status":"publish","type":"page","link":"https:\/\/elfsight.com\/it\/announcement-bar-widget\/wordpress\/","title":{"rendered":"Announcement Bar &#8211; WordPress"},"content":{"rendered":"\n<div class=\"application-platform-content-item-description application-platform-content-item\" id=\"description\" data-nav-section=\"description\"> <p>Il plugin Barra degli annunci aiuta le aziende a condividere informazioni importanti con i visitatori in modo chiaro. \u00c8 ottimo per informare i clienti su nuove offerte, eventi aziendali o dettagli importanti come gli aggiornamenti sulla spedizione.<\/p><p>Aumenta il coinvolgimento incoraggiando i visitatori ad agire, sia che si tratti di effettuare un acquisto o di iscriversi a una promozione. Con la configurazione senza codice, il plug-in si adatta perfettamente al tuo sito web. \u00c8 completamente personalizzabile, quindi puoi scegliere facilmente lo stile pi\u00f9 adatto al tuo marchio.<\/p><p><b>Aumenta la visibilit\u00e0 dei tuoi aggiornamenti e promozioni pi\u00f9 importanti per fidelizzare il marchio con la barra degli annunci.<\/b><\/p><\/div> <div class=\"application-platform-content-item-features application-platform-content-item\" id=\"features\" data-nav-section=\"features\"> <h2>Funzioni del plug-in della barra degli annunci<\/h2> <p>Questo Il plugin WordPress Announcement Bar di Elfsight \u00e8 progettato per migliorare l&#8217;interazione con il cliente visualizzando notifiche dinamiche su aggiornamenti importanti. Questo strumento flessibile non solo crea fiducia trasmettendo informazioni importanti, ma incoraggia anche i visitatori ad agire con avvisi mirati. Di seguito \u00e8 riportato un elenco dettagliato delle funzionalit\u00e0 principali del plug-in:<\/p><ul><li><b>Configurazione semplice e veloce.<\/b> Configurazione semplice senza conoscenze tecniche richieste, che consente un&#8217;implementazione semplice e rapida sul tuo sito web.<\/li><li><b>Accattivante ma non invadente.<\/b> Le opzioni di design personalizzabili ti consentono di creare annunci di grande impatto garantendo al contempo un&#8217;esperienza fluida.<\/li><li><b>Aumenta le vendite dei prodotti chiave.<\/b> Presenta direttamente le offerte speciali. tramite la barra degli annunci per attirare l&#8217;attenzione e aumentare le conversioni per prodotti specifici.<\/li><li><b>Evidenzia notizie e aggiornamenti.<\/b> Mostra il lancio di nuovi prodotti o le aggiunte alle offerte esistenti per mantenere i visitatori coinvolti con contenuti nuovi e tempestivi.<\/li><li><b>Coerenza del marchio.<\/b> Opzioni di personalizzazione complete per personalizzare l&#8217;aspetto del tuo sito web e offrire un&#8217;esperienza impeccabile e coerente assicurati.<\/li><li><b>Design personalizzabile.<\/b> Layout e stili completamente personalizzabili in modo da poter riflettere perfettamente l&#8217;identit\u00e0 del tuo marchio.<\/li><\/ul><p><a href=\"#demo\">Prova l&#8217;editor facile da usare per vedere come funziona il plug-in<\/a><\/p><\/div> <div class=\"application-platform-content-item-installation application-platform-content-item\" id=\"installation\" data-nav-section=\"installation\"> <h2>Come aggiungere Come aggiungo una barra degli annunci in WordPress?<\/h2><div class=\"video-container\">\n<iframe width=\"720\" height=\"405\" src=\"https:\/\/www.youtube.com\/embed\/pGqhUWVLpNM?si=r8fQYbUck2N6mAJQ\" frameborder=\"0\" allowfullscreen=\"\"><\/iframe>\n<\/div><p>Per incorporare il plugin della barra degli annunci nel tuo sito web, segui questi semplici passaggi:<\/p> <ol><li>Avvia l&#8217;editor del plugin e seleziona un modello che corrisponda allo stile del tuo sito web.<\/li><li>Cambia il plugin aggiornandone il messaggio, l&#8217;azione e gli elementi visivi, il pulsante, la posizione sulla pagina, ecc.<\/li><li>Conserva le modifiche e copia il snippet HTML fornito. Incolla il codice nel CMS del tuo sito web e apporta le modifiche.<\/li><\/ol><p>Giusto! Il tuo plug-in della barra degli annunci per WordPress \u00e8 ora attivo!<\/p><p>Se riscontri difficolt\u00e0 nell&#8217;incorporamento del plug-in in un sito Web, contatta semplicemente la nostra assistenza clienti. Siamo felici di aiutarti ad aggiungere e gestire la tua barra degli annunci.<\/p><\/div> <h2>FAQ<\/h2><div class=\"faq\" data-component=\"FAQ\"><div class=\"faq-item\">\r\n\t\t\t\t\t<div class=\"faq-item-question\">\r\n\t\t\t\t\t\t<h3 class=\"faq-item-question-text\">Il plugin della barra degli annunci di WordPress \u00e8 gratuito?<\/h3>\r\n\r\n\t\t\t\t\t\t<div class=\"faq-item-question-icon\"><\/div>\r\n\t\t\t\t\t<\/div>\r\n\r\n\t\t\t\t\t<div class=\"faq-item-answer\">\r\n\t\t\t\t\t\t<div class=\"faq-item-answer-text\">S\u00ec, \u00e8 disponibile un&#8217;opzione gratuita che fornisce funzionalit\u00e0 di base perfette per piccoli siti Web o test. I piani a pagamento sono disponibili per soli $ 5 al mese e includono funzionalit\u00e0 aggiuntive.<\/div>\r\n\t\t\t\t\t<\/div>\r\n\t\t\t\t<\/div><div class=\"faq-item\">\r\n\t\t\t\t\t<div class=\"faq-item-question\">\r\n\t\t\t\t\t\t<h3 class=\"faq-item-question-text\">Che tipi di plugin per la barra degli annunci posso aggiungere al mio sito web?<\/h3>\r\n\r\n\t\t\t\t\t\t<div class=\"faq-item-question-icon\"><\/div>\r\n\t\t\t\t\t<\/div>\r\n\r\n\t\t\t\t\t<div class=\"faq-item-answer\">\r\n\t\t\t\t\t\t<div class=\"faq-item-answer-text\">Puoi aggiungere diverse barre degli annunci a WordPress, come: B. quelli che informano sulle offerte di spedizione gratuita, mostrano novit\u00e0 o evidenziano una vendita in corso. Queste barre possono essere statiche per consentire una visualizzazione ininterrotta o spostate per garantire una visibilit\u00e0 costante.<\/div>\r\n\t\t\t\t\t<\/div>\r\n\t\t\t\t<\/div><div class=\"faq-item\">\r\n\t\t\t\t\t<div class=\"faq-item-question\">\r\n\t\t\t\t\t\t<h3 class=\"faq-item-question-text\">Come posso modificare il plug-in della barra degli annunci su un sito Web WordPress?<\/h3>\r\n\r\n\t\t\t\t\t\t<div class=\"faq-item-question-icon\"><\/div>\r\n\t\t\t\t\t<\/div>\r\n\r\n\t\t\t\t\t<div class=\"faq-item-answer\">\r\n\t\t\t\t\t\t<div class=\"faq-item-answer-text\">La modifica del plug-in della barra degli annunci \u00e8 intuitiva con l&#8217;editor accessibile di Elfsight. Puoi modificare il messaggio, lo stile e il posizionamento per adattarli al tema generale. Con funzionalit\u00e0 aggiuntive come le impostazioni di pianificazione, puoi ottimizzare la barra per informare il tuo pubblico.<\/div>\r\n\t\t\t\t\t<\/div>\r\n\t\t\t\t<\/div><div class=\"faq-item\">\r\n\t\t\t\t\t<div class=\"faq-item-question\">\r\n\t\t\t\t\t\t<h3 class=\"faq-item-question-text\">Quali altri plugin posso utilizzare per migliorare il coinvolgimento del pubblico?<\/h3>\r\n\r\n\t\t\t\t\t\t<div class=\"faq-item-question-icon\"><\/div>\r\n\t\t\t\t\t<\/div>\r\n\r\n\t\t\t\t\t<div class=\"faq-item-answer\">\r\n\t\t\t\t\t\t<div class=\"faq-item-answer-text\">Puoi creare un <a href=\"https:\/\/elfsight.com\/sales-notification-widget\/wordpress\/\" rel=\"noopener\">Widget di notifica delle vendite<\/a> Aggiungi per evidenziare le azioni dei clienti per creare fiducia. Il <a href=\"https:\/\/elfsight.com\/popup-widget\/wordpress\/\" rel=\"noopener\">Popup Widget<\/a> \u00e8 ideale per acquisire contatti e incoraggiare i visitatori a esplorare le tue offerte. Il <a href=\"https:\/\/elfsight.com\/banner-widget\/wordpress\" rel=\"noopener\">widget banner<\/a> mostra aggiornamenti importanti, garantendo la visibilit\u00e0 delle informazioni importanti.<\/div>\r\n\t\t\t\t\t<\/div>\r\n\t\t\t\t<\/div><\/div>\n","protected":false},"excerpt":{"rendered":"FAQ","protected":false},"author":9,"featured_media":0,"parent":3121,"menu_order":0,"comment_status":"closed","ping_status":"closed","template":"templates\/template-application-platform.php","meta":{"publish_to_discourse":"","publish_post_category":"","wpdc_auto_publish_overridden":"","wpdc_topic_tags":"","wpdc_pin_topic":"","wpdc_pin_until":"","discourse_post_id":"","discourse_permalink":"","wpdc_publishing_response":"","wpdc_publishing_error":"","footnotes":""},"class_list":["post-8533","page","type-page","status-publish","hentry"],"yoast_head":"<!-- This site is optimized with the Yoast SEO plugin v25.3.1 - https:\/\/yoast.com\/wordpress\/plugins\/seo\/ -->\n<title>Barra degli annunci del plugin WordPress per il sito web<\/title>\n<meta name=\"description\" content=\"Migliora il coinvolgimento con il plug-in Elfsight Announcement Bar senza codice. Evidenzia gli avvisi urgenti per attirare l&#039;attenzione dei visitatori e spingerli ad agire.\" \/>\n<meta name=\"robots\" content=\"index, follow, max-snippet:-1, max-image-preview:large, max-video-preview:-1\" \/>\n<link rel=\"canonical\" href=\"https:\/\/elfsight.com\/it\/announcement-bar-widget\/wordpress\/\" \/>\n<meta property=\"og:locale\" content=\"it_IT\" \/>\n<meta property=\"og:type\" content=\"article\" \/>\n<meta property=\"og:title\" content=\"Barra degli annunci del plugin WordPress per il sito web\" \/>\n<meta property=\"og:description\" content=\"Migliora il coinvolgimento con il plug-in Elfsight Announcement Bar senza codice. Evidenzia gli avvisi urgenti per attirare l&#039;attenzione dei visitatori e spingerli ad agire.\" \/>\n<meta property=\"og:url\" content=\"https:\/\/elfsight.com\/it\/announcement-bar-widget\/wordpress\/\" \/>\n<meta property=\"og:site_name\" content=\"Elfsight IT\" \/>\n<meta property=\"article:modified_time\" content=\"2025-10-23T14:16:02+00:00\" \/>\n<meta name=\"twitter:card\" content=\"summary_large_image\" \/>\n<meta name=\"twitter:label1\" content=\"Tempo di lettura stimato\" \/>\n\t<meta name=\"twitter:data1\" content=\"4 minuti\" \/>\n<!-- \/ Yoast SEO plugin. -->","yoast_head_json":{"title":"Barra degli annunci del plugin WordPress per il sito web","description":"Migliora il coinvolgimento con il plug-in Elfsight Announcement Bar senza codice. Evidenzia gli avvisi urgenti per attirare l'attenzione dei visitatori e spingerli ad agire.","robots":{"index":"index","follow":"follow","max-snippet":"max-snippet:-1","max-image-preview":"max-image-preview:large","max-video-preview":"max-video-preview:-1"},"canonical":"https:\/\/elfsight.com\/it\/announcement-bar-widget\/wordpress\/","og_locale":"it_IT","og_type":"article","og_title":"Barra degli annunci del plugin WordPress per il sito web","og_description":"Migliora il coinvolgimento con il plug-in Elfsight Announcement Bar senza codice. Evidenzia gli avvisi urgenti per attirare l'attenzione dei visitatori e spingerli ad agire.","og_url":"https:\/\/elfsight.com\/it\/announcement-bar-widget\/wordpress\/","og_site_name":"Elfsight IT","article_modified_time":"2025-10-23T14:16:02+00:00","twitter_card":"summary_large_image","twitter_misc":{"Tempo di lettura stimato":"4 minuti"},"schema":{"@context":"https:\/\/schema.org","@graph":[{"@type":"WebPage","@id":"https:\/\/elfsight.com\/it\/announcement-bar-widget\/wordpress\/","url":"https:\/\/elfsight.com\/it\/announcement-bar-widget\/wordpress\/","name":"Barra degli annunci del plugin WordPress per il sito web","isPartOf":{"@id":"https:\/\/elfsight.com\/it\/#website"},"datePublished":"2024-12-20T11:29:21+00:00","dateModified":"2025-10-23T14:16:02+00:00","description":"Migliora il coinvolgimento con il plug-in Elfsight Announcement Bar senza codice. Evidenzia gli avvisi urgenti per attirare l'attenzione dei visitatori e spingerli ad agire.","breadcrumb":{"@id":"https:\/\/elfsight.com\/it\/announcement-bar-widget\/wordpress\/#breadcrumb"},"inLanguage":"it-IT","potentialAction":[{"@type":"ReadAction","target":["https:\/\/elfsight.com\/it\/announcement-bar-widget\/wordpress\/"]}]},{"@type":"BreadcrumbList","@id":"https:\/\/elfsight.com\/it\/announcement-bar-widget\/wordpress\/#breadcrumb","itemListElement":[{"@type":"ListItem","position":1,"name":"Home","item":"https:\/\/elfsight.com\/it\/"},{"@type":"ListItem","position":2,"name":"Announcement Bar","item":"https:\/\/elfsight.com\/it\/announcement-bar-widget\/"},{"@type":"ListItem","position":3,"name":"Announcement Bar &#8211; WordPress"}]},{"@type":"WebSite","@id":"https:\/\/elfsight.com\/it\/#website","url":"https:\/\/elfsight.com\/it\/","name":"Elfsight IT","description":"Just another Elfsight Sites site","potentialAction":[{"@type":"SearchAction","target":{"@type":"EntryPoint","urlTemplate":"https:\/\/elfsight.com\/it\/?s={search_term_string}"},"query-input":{"@type":"PropertyValueSpecification","valueRequired":true,"valueName":"search_term_string"}}],"inLanguage":"it-IT"}]}},"meta_box":{"industry":"","seo_heading":"","heading":"","description":"","cta_heading":"","cta_description":"","application":"3107","h1":"Plugin per la barra degli annunci di WordPress","h1_caption":"Aggiungi il plug-in Barra degli annunci al tuo sito WordPress per evidenziare importanti aggiornamenti in tempo reale, aumentando la fiducia e il coinvolgimento dei clienti.","application_category":[],"applications_title":"","applications_request_title":"","applications_request_button_text":"","hero_text":"","hero_video":"","hero_video_schema_markup":"","selling_points_title":"","selling_points_caption":"","selling_points":[],"selling_points_cta_text":"","features_title":"","features":"","ed_cta_examples_text":"","ed_cta_examples_hidden":"","ed_cta_demo_text":"","ed_cta_demo_hidden":"","why_caption":"","why_editor_title":"","why_editor_text":"","why_team_title":"","why_team_text":"","why_service_title":"","why_service_text":"","template_catalog_visible":"0","template_catalog_title":"","template_catalog_text":"","template_catalog_categories_visible":"","demo_title":"Crea un plugin per la barra degli annunci di WordPress","demo_caption":"Progetta gratuitamente un plug-in per la barra degli annunci per il tuo sito Web WordPress.","default_faq_hidden":"","app_template_category":[],"platform":"28","template_public_id":"","codecanyon_url":"","codecanyon_item_id":"","codecanyon_price":"","pricing_caption":"","pricing_elfsight_apps_hide_column":"","pricing_elfsight_apps_url":"","pricing_codecanyon_price_caption":"","integration_category":[],"integration_request_title":"","integration_request_cta":"","integration_platform":"","integrations":[],"platform_category":[],"video_schema_markup":"","price":"","trial":"","benefits":[{"text":"Servizio di installazione gratuito"},{"text":"Supporto eccezionale"},{"text":"Garanzia di rimborso di 14 giorni"},{"text":"Aggiornamento costante"}],"button_url":"#demo","button_target_blank":"0","button_nofollow":"0","attributes":[{"name":"Installato","content":"1,000 - 5,000","_state":"expanded"},{"name":"Reattivo","content":"S\u00cc","_state":"expanded"},{"name":"Browser compatibili","content":"Firefox, Safari, Opera, Chrome, Edge","_state":"expanded"}],"tags":[],"tags_disable_links":"0","hide_more_platforms":"0","video_object":"","demo_hide_cta":"0","demo_hide_cloud_options":"0","pricing_title":"","pricing":[{"pricing_icon":"platform","pricing_title":"Elfsight Apps","pricing_title_caption":"Software indipendente dalla piattaforma","pricing_price":"A partire da $ 0 al mese","pricing_price_caption":"Inizia con un piano gratuito","pricing_button_text":"Aggiungi al sito web"},{"pricing_icon":"platform","pricing_button_url":"#demo"}],"related_apps_title":"","related_apps_hidden":"0","author":"","image":[],"title":"","job":"","social_networks":[]},"_links":{"self":[{"href":"https:\/\/elfsight.com\/it\/wp-json\/wp\/v2\/pages\/8533","targetHints":{"allow":["GET"]}}],"collection":[{"href":"https:\/\/elfsight.com\/it\/wp-json\/wp\/v2\/pages"}],"about":[{"href":"https:\/\/elfsight.com\/it\/wp-json\/wp\/v2\/types\/page"}],"author":[{"embeddable":true,"href":"https:\/\/elfsight.com\/it\/wp-json\/wp\/v2\/users\/9"}],"replies":[{"embeddable":true,"href":"https:\/\/elfsight.com\/it\/wp-json\/wp\/v2\/comments?post=8533"}],"version-history":[{"count":3,"href":"https:\/\/elfsight.com\/it\/wp-json\/wp\/v2\/pages\/8533\/revisions"}],"predecessor-version":[{"id":10526,"href":"https:\/\/elfsight.com\/it\/wp-json\/wp\/v2\/pages\/8533\/revisions\/10526"}],"up":[{"embeddable":true,"href":"https:\/\/elfsight.com\/it\/wp-json\/wp\/v2\/pages\/3121"}],"wp:attachment":[{"href":"https:\/\/elfsight.com\/it\/wp-json\/wp\/v2\/media?parent=8533"}],"curies":[{"name":"wp","href":"https:\/\/api.w.org\/{rel}","templated":true}]}}