{"id":8532,"date":"2024-12-20T11:42:55","date_gmt":"2024-12-20T11:42:55","guid":{"rendered":"https:\/\/elfsight.com\/it\/?page_id=8532"},"modified":"2025-03-21T05:55:12","modified_gmt":"2025-03-21T05:55:12","slug":"elementor","status":"publish","type":"page","link":"https:\/\/elfsight.com\/it\/announcement-bar-widget\/elementor\/","title":{"rendered":"Announcement Bar &#8211; Elementor"},"content":{"rendered":"\n<div class=\"application-platform-content-item-features application-platform-content-item\" id=\"features\" data-nav-section=\"features\"> <h2>Funzioni del widget della barra degli annunci<\/h2> <p>Il widget della barra degli annunci di Elfsight \u00e8 progettato per aumentare il coinvolgimento del cliente visualizzando notifiche dinamiche di aggiornamenti importanti. Questo strumento flessibile non solo crea fiducia mostrando informazioni importanti, ma motiva anche i visitatori ad agire con notifiche personalizzate. Di seguito \u00e8 riportato un elenco completo delle funzionalit\u00e0 principali del widget:<\/p><ul><li><b>Configurazione semplice e veloce.<\/b> Distribuzione senza problemi senza alcuna conoscenza di codifica, che consente un&#8217;installazione rapida ed efficiente sul tuo sito web.<\/li><li><b>Accattivante ma non invadente.<\/b> Opzioni di design personalizzabili per creare annunci di grande impatto garantendo al contempo un&#8217;esperienza utente fluida.<\/li><li><b>Aumenta le vendite dei prodotti chiave.<\/b> Mostra offerte esclusive. direttamente dalla barra degli annunci Cattura l&#8217;attenzione e aumenta le conversioni per articoli specifici.<\/li><li><b>Evidenzia notizie e aggiornamenti.<\/b> Mostra nuove versioni o aggiornamenti ai prodotti esistenti per garantire che i visitatori rimangano coinvolti con contenuti nuovi e pertinenti.<\/li><li><b>Coerenza del marchio.<\/b> Opzioni di personalizzazione complete per completare l&#8217;aspetto del tuo sito web e fornire un&#8217;esperienza utente impeccabile e coerente assicurati.<\/li><li><b>Design personalizzabile.<\/b> Temi e colori facilmente personalizzabili che si adattano perfettamente all&#8217;identit\u00e0 del tuo marchio.<\/li><\/ul><p><a href=\"#demo\">Prova l&#8217;editor intuitivo per scoprire come funziona il widget<\/a><\/p><\/div> <div class=\"application-platform-content-item-installation application-platform-content-item\" id=\"installation\" data-nav-section=\"installation\"> <h2>Come inserisco Aggiungere il widget Barra degli annunci a un sito Elementor?<\/h2><p>Per incorporare il widget Barra degli annunci nel tuo sito web, segui questi semplici passaggi:<\/p> <ol><li>Apri Apri l&#8217;editor del widget e seleziona un modello che corrisponda allo stile del tuo sito.<\/li><li>Personalizza il widget aggiornando il messaggio, l&#8217;azione e gli elementi visivi, il pulsante, la posizione sulla pagina, ecc.<\/li><li>Salva le modifiche. e copia il codice HTML fornito. Incolla il codice nel sistema di gestione dei contenuti del tuo sito web e apporta le modifiche.<\/li><\/ol><p>Ecco fatto! Il tuo widget della barra degli annunci di Elementor \u00e8 ora attivo!<\/p><p>Se riscontri inconvenienti durante l&#8217;incorporamento del widget nel tuo sito web, contatta semplicemente il nostro team di assistenza clienti. Siamo felici di aiutarti ad aggiungere e personalizzare la barra degli annunci.<\/p><\/div> <h2>FAQ<\/h2><div class=\"faq\" data-component=\"FAQ\"><div class=\"faq-item\">\r\n\t\t\t\t\t<div class=\"faq-item-question\">\r\n\t\t\t\t\t\t<h3 class=\"faq-item-question-text\">Il widget della barra degli annunci di Elementor \u00e8 gratuito?<\/h3>\r\n\r\n\t\t\t\t\t\t<div class=\"faq-item-question-icon\"><\/div>\r\n\t\t\t\t\t<\/div>\r\n\r\n\t\t\t\t\t<div class=\"faq-item-answer\">\r\n\t\t\t\t\t\t<div class=\"faq-item-answer-text\">S\u00ec, \u00e8 disponibile una versione gratuita che fornisce funzionalit\u00e0 chiave adatte per siti Web di piccole dimensioni o a scopo di test. Gli abbonamenti a pagamento partono da soli $ 5 al mese e includono funzionalit\u00e0 aggiuntive.<\/div>\r\n\t\t\t\t\t<\/div>\r\n\t\t\t\t<\/div><div class=\"faq-item\">\r\n\t\t\t\t\t<div class=\"faq-item-question\">\r\n\t\t\t\t\t\t<h3 class=\"faq-item-question-text\">Che tipi di widget della barra degli annunci posso aggiungere al mio sito web?<\/h3>\r\n\r\n\t\t\t\t\t\t<div class=\"faq-item-question-icon\"><\/div>\r\n\t\t\t\t\t<\/div>\r\n\r\n\t\t\t\t\t<div class=\"faq-item-answer\">\r\n\t\t\t\t\t\t<div class=\"faq-item-answer-text\">Puoi integrare diverse barre degli annunci, come: B. quelli che promuovono la spedizione gratuita, condividono aggiornamenti o annunciano vendite. Le opzioni includono barre statiche nella parte superiore della pagina e widget mobili per una migliore visibilit\u00e0.<\/div>\r\n\t\t\t\t\t<\/div>\r\n\t\t\t\t<\/div><div class=\"faq-item\">\r\n\t\t\t\t\t<div class=\"faq-item-question\">\r\n\t\t\t\t\t\t<h3 class=\"faq-item-question-text\">Come posso modificare il widget della barra degli annunci sul sito Web di Elementor?<\/h3>\r\n\r\n\t\t\t\t\t\t<div class=\"faq-item-question-icon\"><\/div>\r\n\t\t\t\t\t<\/div>\r\n\r\n\t\t\t\t\t<div class=\"faq-item-answer\">\r\n\t\t\t\t\t\t<div class=\"faq-item-answer-text\">Modificare il widget della barra degli annunci \u00e8 facile con l&#8217;editor facile da usare di Elfsight. Puoi personalizzare testo, design e posizionamento per adattarli allo stile del tuo sito web. Funzionalit\u00e0 come la pianificazione ti consentono di massimizzare l&#8217;efficacia della barra nel fornire informazioni.<\/div>\r\n\t\t\t\t\t<\/div>\r\n\t\t\t\t<\/div><div class=\"faq-item\">\r\n\t\t\t\t\t<div class=\"faq-item-question\">\r\n\t\t\t\t\t\t<h3 class=\"faq-item-question-text\">Quali altri widget posso utilizzare per migliorare il coinvolgimento del pubblico?<\/h3>\r\n\r\n\t\t\t\t\t\t<div class=\"faq-item-question-icon\"><\/div>\r\n\t\t\t\t\t<\/div>\r\n\r\n\t\t\t\t\t<div class=\"faq-item-answer\">\r\n\t\t\t\t\t\t<div class=\"faq-item-answer-text\">Puoi utilizzare un <a href=\"https:\/\/elfsight.com\/sales-notification-widget\/elementor\/\" rel=\"noopener\">Widget di notifica delle vendite<\/a> Da utilizzare per mostrare le attivit\u00e0 dei clienti e creare credibilit\u00e0. Il <a href=\"https:\/\/elfsight.com\/popup-widget\/elementor\/\" rel=\"noopener\">Widget popup<\/a> \u00e8 ottimo per acquisire lead e incoraggiare i visitatori a esplorare le tue offerte. Il <a href=\"https:\/\/elfsight.com\/banner-widget\/elementor\/\" rel=\"noopener\">Banner Widget<\/a> ti aiuta a comunicare aggiornamenti importanti e a garantire che le informazioni importanti vengano notate.<\/div>\r\n\t\t\t\t\t<\/div>\r\n\t\t\t\t<\/div><\/div>\n","protected":false},"excerpt":{"rendered":"FAQ","protected":false},"author":9,"featured_media":0,"parent":3121,"menu_order":0,"comment_status":"closed","ping_status":"closed","template":"templates\/template-application-platform.php","meta":{"publish_to_discourse":"","publish_post_category":"","wpdc_auto_publish_overridden":"","wpdc_topic_tags":"","wpdc_pin_topic":"","wpdc_pin_until":"","discourse_post_id":"","discourse_permalink":"","wpdc_publishing_response":"","wpdc_publishing_error":"","footnotes":""},"class_list":["post-8532","page","type-page","status-publish","hentry"],"yoast_head":"<!-- This site is optimized with the Yoast SEO plugin v25.3.1 - https:\/\/yoast.com\/wordpress\/plugins\/seo\/ -->\n<title>Widget della barra degli annunci di Elementor: aggiungi a un sito Web<\/title>\n<meta name=\"description\" content=\"Aumenta la notoriet\u00e0 con il widget della barra degli annunci Elfsight senza codice. Presenta aggiornamenti importanti e incoraggia i visitatori ad agire.\" \/>\n<meta name=\"robots\" content=\"index, follow, max-snippet:-1, max-image-preview:large, max-video-preview:-1\" \/>\n<link rel=\"canonical\" href=\"https:\/\/elfsight.com\/it\/announcement-bar-widget\/elementor\/\" \/>\n<meta property=\"og:locale\" content=\"it_IT\" \/>\n<meta property=\"og:type\" content=\"article\" \/>\n<meta property=\"og:title\" content=\"Widget della barra degli annunci di Elementor: aggiungi a un sito Web\" \/>\n<meta property=\"og:description\" content=\"Aumenta la notoriet\u00e0 con il widget della barra degli annunci Elfsight senza codice. Presenta aggiornamenti importanti e incoraggia i visitatori ad agire.\" \/>\n<meta property=\"og:url\" content=\"https:\/\/elfsight.com\/it\/announcement-bar-widget\/elementor\/\" \/>\n<meta property=\"og:site_name\" content=\"Elfsight IT\" \/>\n<meta property=\"article:modified_time\" content=\"2025-03-21T05:55:12+00:00\" \/>\n<meta name=\"twitter:card\" content=\"summary_large_image\" \/>\n<meta name=\"twitter:label1\" content=\"Tempo di lettura stimato\" \/>\n\t<meta name=\"twitter:data1\" content=\"3 minuti\" \/>\n<!-- \/ Yoast SEO plugin. -->","yoast_head_json":{"title":"Widget della barra degli annunci di Elementor: aggiungi a un sito Web","description":"Aumenta la notoriet\u00e0 con il widget della barra degli annunci Elfsight senza codice. Presenta aggiornamenti importanti e incoraggia i visitatori ad agire.","robots":{"index":"index","follow":"follow","max-snippet":"max-snippet:-1","max-image-preview":"max-image-preview:large","max-video-preview":"max-video-preview:-1"},"canonical":"https:\/\/elfsight.com\/it\/announcement-bar-widget\/elementor\/","og_locale":"it_IT","og_type":"article","og_title":"Widget della barra degli annunci di Elementor: aggiungi a un sito Web","og_description":"Aumenta la notoriet\u00e0 con il widget della barra degli annunci Elfsight senza codice. Presenta aggiornamenti importanti e incoraggia i visitatori ad agire.","og_url":"https:\/\/elfsight.com\/it\/announcement-bar-widget\/elementor\/","og_site_name":"Elfsight IT","article_modified_time":"2025-03-21T05:55:12+00:00","twitter_card":"summary_large_image","twitter_misc":{"Tempo di lettura stimato":"3 minuti"},"schema":{"@context":"https:\/\/schema.org","@graph":[{"@type":"WebPage","@id":"https:\/\/elfsight.com\/it\/announcement-bar-widget\/elementor\/","url":"https:\/\/elfsight.com\/it\/announcement-bar-widget\/elementor\/","name":"Widget della barra degli annunci di Elementor: aggiungi a un sito Web","isPartOf":{"@id":"https:\/\/elfsight.com\/it\/#website"},"datePublished":"2024-12-20T11:42:55+00:00","dateModified":"2025-03-21T05:55:12+00:00","description":"Aumenta la notoriet\u00e0 con il widget della barra degli annunci Elfsight senza codice. Presenta aggiornamenti importanti e incoraggia i visitatori ad agire.","breadcrumb":{"@id":"https:\/\/elfsight.com\/it\/announcement-bar-widget\/elementor\/#breadcrumb"},"inLanguage":"it-IT","potentialAction":[{"@type":"ReadAction","target":["https:\/\/elfsight.com\/it\/announcement-bar-widget\/elementor\/"]}]},{"@type":"BreadcrumbList","@id":"https:\/\/elfsight.com\/it\/announcement-bar-widget\/elementor\/#breadcrumb","itemListElement":[{"@type":"ListItem","position":1,"name":"Home","item":"https:\/\/elfsight.com\/it\/"},{"@type":"ListItem","position":2,"name":"Announcement Bar","item":"https:\/\/elfsight.com\/it\/announcement-bar-widget\/"},{"@type":"ListItem","position":3,"name":"Announcement Bar &#8211; Elementor"}]},{"@type":"WebSite","@id":"https:\/\/elfsight.com\/it\/#website","url":"https:\/\/elfsight.com\/it\/","name":"Elfsight IT","description":"Just another Elfsight Sites site","potentialAction":[{"@type":"SearchAction","target":{"@type":"EntryPoint","urlTemplate":"https:\/\/elfsight.com\/it\/?s={search_term_string}"},"query-input":{"@type":"PropertyValueSpecification","valueRequired":true,"valueName":"search_term_string"}}],"inLanguage":"it-IT"}]}},"meta_box":{"industry":"","seo_heading":"","heading":"","description":"","cta_heading":"","cta_description":"","application":"3107","h1":"Widget della barra degli annunci di Elementor","h1_caption":"Aggiungi il widget Barra degli annunci al tuo sito Elementor per evidenziare importanti aggiornamenti in tempo reale e aumentare la fiducia e il coinvolgimento dei clienti.","application_category":[],"applications_title":"","applications_request_title":"","applications_request_button_text":"","hero_text":"","hero_video":"","hero_video_schema_markup":"","selling_points_title":"","selling_points_caption":"","selling_points":[],"selling_points_cta_text":"","features_title":"","features":"","ed_cta_examples_text":"","ed_cta_examples_hidden":"","ed_cta_demo_text":"","ed_cta_demo_hidden":"","why_caption":"","why_editor_title":"","why_editor_text":"","why_team_title":"","why_team_text":"","why_service_title":"","why_service_text":"","template_catalog_visible":"0","template_catalog_title":"","template_catalog_text":"","template_catalog_categories_visible":"","demo_title":"Crea un widget della barra degli annunci di Elementor","demo_caption":"Sviluppa il tuo widget della barra degli annunci e integralo gratuitamente nel tuo sito Web Elementor.","default_faq_hidden":"","app_template_category":[],"platform":"68","template_public_id":"","codecanyon_url":"","codecanyon_item_id":"","codecanyon_price":"","pricing_caption":"","pricing_elfsight_apps_hide_column":"","pricing_elfsight_apps_url":"","pricing_codecanyon_price_caption":"","integration_category":[],"integration_request_title":"","integration_request_cta":"","integration_platform":"","integrations":[],"platform_category":[],"video_schema_markup":"","price":"","trial":"","benefits":[{"text":"Servizio di installazione gratuito"},{"text":"Servizio clienti efficace"},{"text":"Garanzia di rimborso di 14 giorni"},{"text":"Aggiornamenti futuri"}],"button_url":"#demo","button_target_blank":"0","button_nofollow":"0","attributes":[{"name":"Installato","content":"1,000 - 5,000","_state":"expanded"},{"name":"Reattivo","content":"S\u00cc","_state":"expanded"},{"name":"Browser compatibili","content":"Firefox, Safari, Opera, Chrome, Edge","_state":"expanded"}],"tags":[],"tags_disable_links":"0","hide_more_platforms":"0","video_object":"","demo_hide_cta":"0","demo_hide_cloud_options":"0","pricing_title":"","pricing":[{"pricing_icon":"platform","pricing_title":"Elfsight Apps","pricing_title_caption":"Soluzione indipendente dalla piattaforma ","pricing_price":"A partire da $ 0 al mese","pricing_price_caption":"Inizia con un piano gratuito","pricing_button_text":"Aggiungi al sito web"},{"pricing_icon":"platform","pricing_button_url":"#demo"}],"related_apps_title":"","related_apps_hidden":"0","author":"","image":[],"title":"","job":"","social_networks":[]},"_links":{"self":[{"href":"https:\/\/elfsight.com\/it\/wp-json\/wp\/v2\/pages\/8532","targetHints":{"allow":["GET"]}}],"collection":[{"href":"https:\/\/elfsight.com\/it\/wp-json\/wp\/v2\/pages"}],"about":[{"href":"https:\/\/elfsight.com\/it\/wp-json\/wp\/v2\/types\/page"}],"author":[{"embeddable":true,"href":"https:\/\/elfsight.com\/it\/wp-json\/wp\/v2\/users\/9"}],"replies":[{"embeddable":true,"href":"https:\/\/elfsight.com\/it\/wp-json\/wp\/v2\/comments?post=8532"}],"version-history":[{"count":3,"href":"https:\/\/elfsight.com\/it\/wp-json\/wp\/v2\/pages\/8532\/revisions"}],"predecessor-version":[{"id":9481,"href":"https:\/\/elfsight.com\/it\/wp-json\/wp\/v2\/pages\/8532\/revisions\/9481"}],"up":[{"embeddable":true,"href":"https:\/\/elfsight.com\/it\/wp-json\/wp\/v2\/pages\/3121"}],"wp:attachment":[{"href":"https:\/\/elfsight.com\/it\/wp-json\/wp\/v2\/media?parent=8532"}],"curies":[{"name":"wp","href":"https:\/\/api.w.org\/{rel}","templated":true}]}}