{"id":841,"date":"2020-12-04T09:39:14","date_gmt":"2020-12-04T09:39:14","guid":{"rendered":"https:\/\/elfsight.com\/it\/?page_id=841"},"modified":"2024-07-16T12:45:52","modified_gmt":"2024-07-16T12:45:52","slug":"examples","status":"publish","type":"page","link":"https:\/\/elfsight.com\/it\/instagram-feed-instashow\/examples\/","title":{"rendered":"Instagram Feed &#8211; Examples"},"content":{"rendered":"\n<div class=\"application-examples-item application-examples-item-loading\">\n                            <div class=\"col-row\">\n                                <div class=\"col-6 col-m-8 col-s-12\"><h3 class=\"application-examples-item-title\">Esempio 1: Slider template<\/h3><\/div>\n                <\/div>\n\n                <div class=\"application-examples-item-iframe-container browser-frame\">\n                    <div class=\"application-examples-item-iframe-wrapper\">\n                        <iframe class=\"application-examples-item-iframe application-examples-item-iframe-fixed-height\" data-src=\"https:\/\/elfsight.com\/examples?widget_id=accdb7a2-fd4c-42ae-911f-b8620721f115\" width=\"100%\" height=\"500\" allow=\"autoplay; fullscreen\"><\/iframe>\n                    <\/div>\n\n                    <div class=\"application-examples-item-loader\"><\/div>\n                <\/div>\n            <\/div>\n<div class=\"application-examples-item application-examples-item-loading\">\n                            <div class=\"col-row\">\n                                <div class=\"col-6 col-m-8 col-s-12\"><h3 class=\"application-examples-item-title\">Esempio 2: Grid template<\/h3><\/div>\n                <\/div>\n\n                <div class=\"application-examples-item-iframe-container browser-frame\">\n                    <div class=\"application-examples-item-iframe-wrapper\">\n                        <iframe class=\"application-examples-item-iframe\" data-src=\"https:\/\/elfsight.com\/examples?widget_id=75b438b5-5f6e-42fa-97f7-929f1cbec464\" width=\"100%\" allow=\"autoplay; fullscreen\"><\/iframe>\n                    <\/div>\n\n                    <div class=\"application-examples-item-loader\"><\/div>\n                <\/div>\n            <\/div>\n<div class=\"application-examples-item application-examples-item-loading\">\n                            <div class=\"col-row\">\n                                <div class=\"col-6 col-m-8 col-s-12\"><h3 class=\"application-examples-item-title\">Esempio 3: Hashtag show template<\/h3><div class=\"application-examples-item-description\">Ecco una variante perfetta per chi ha bisogno di creare una selezione di foto con un hashtag specifico. I post vengono visualizzati come dispositivo di scorrimento, ciascuno con informazioni dettagliate, nome utente, tag e pulsante Condividi. L'hashtag \u00e8 solo uno dei tipi di sorgenti disponibili: visualizza i post anche per nome utente e URL e applica filtri per escludere o limitare.<\/div><\/div>\n                <\/div>\n\n                <div class=\"application-examples-item-iframe-container browser-frame\">\n                    <div class=\"application-examples-item-iframe-wrapper\">\n                        <iframe class=\"application-examples-item-iframe application-examples-item-iframe-fixed-height\" data-src=\"https:\/\/elfsight.com\/examples?widget_id=d99f3045-6e26-456e-8856-dafa8687c6e9\" width=\"100%\" height=\"700\" allow=\"autoplay; fullscreen\"><\/iframe>\n                    <\/div>\n\n                    <div class=\"application-examples-item-loader\"><\/div>\n                <\/div>\n            <\/div>;\n<div class=\"application-examples-item application-examples-item-loading\">\n                            <div class=\"col-row\">\n                                <div class=\"col-6 col-m-8 col-s-12\"><h3 class=\"application-examples-item-title\">Esempio 4: Collage template<\/h3><div class=\"application-examples-item-description\">Rimani creativo e rendi il tuo feed davvero stupendo trasformando le tue foto in un collage affascinante! Attira l'attenzione con i tuoi contenuti unici! Puoi anche scegliere una delle nostre 12 combinazioni di colori o colorare 11 elementi con colori personalizzati.<\/div><\/div>\n                <\/div>\n\n                <div class=\"application-examples-item-iframe-container browser-frame\">\n                    <div class=\"application-examples-item-iframe-wrapper\">\n                        <iframe class=\"application-examples-item-iframe application-examples-item-iframe-fixed-height\" data-src=\"https:\/\/elfsight.com\/examples?widget_id=403d92dc-9ca2-4b3c-aefc-18f615a7f043&padding=28px+0+28px+0\" width=\"100%\" height=\"700\" allow=\"autoplay; fullscreen\"><\/iframe>\n                    <\/div>\n\n                    <div class=\"application-examples-item-loader\"><\/div>\n                <\/div>\n            <\/div>\n<div class=\"application-examples-item application-examples-item-loading\">\n                            <div class=\"col-row\">\n                                <div class=\"col-6 col-m-8 col-s-12\"><h3 class=\"application-examples-item-title\">Esempio 5: Post slider template<\/h3><div class=\"application-examples-item-description\">Hai la possibilit\u00e0 di creare un cursore che mostrer\u00e0 una foto alla volta. Progettato specialmente per mostrare le immagini una ad una, questo template catturer\u00e0 l'attenzione dello spettatore sulla foto. Pu\u00f2 anche essere molto utile se desideri risparmiare spazio e creare un widget compatto, si adatter\u00e0 perfettamente a qualsiasi punto della pagina.<\/div><\/div>\n                <\/div>\n\n                <div class=\"application-examples-item-iframe-container browser-frame\">\n                    <div class=\"application-examples-item-iframe-wrapper\">\n                        <iframe class=\"application-examples-item-iframe application-examples-item-iframe-fixed-height\" data-src=\"https:\/\/elfsight.com\/examples?widget_id=7816d855-a1f8-4f68-a0a9-ba7f6ab77edd&padding=28px+0+28px+0\" width=\"100%\" height=\"700\" allow=\"autoplay; fullscreen\"><\/iframe>\n                    <\/div>\n\n                    <div class=\"application-examples-item-loader\"><\/div>\n                <\/div>\n            <\/div>\n<div class=\"application-examples-item application-examples-item-loading\">\n                            <div class=\"col-row\">\n                                <div class=\"col-6 col-m-8 col-s-12\"><h3 class=\"application-examples-item-title\">Esempio 6: Single post template<\/h3><div class=\"application-examples-item-description\">Quando \u00e8 necessario mostrare un solo post su una pagina, il layout del post singolo \u00e8 una cosa giusta. Puoi posizionarlo in qualsiasi unit\u00e0 di contenuto della pagina, ad esempio, per accompagnare un articolo o la tua offerta. Mostra il post in tutti i dettagli e con il pulsante Condividi e conta. Il popup riveler\u00e0 un invito all'azione, che puoi utilizzare per indirizzare gli spettatori alla pagina di acquisto.<\/div><\/div>\n                <\/div>\n\n                <div class=\"application-examples-item-iframe-container browser-frame\">\n                    <div class=\"application-examples-item-iframe-wrapper\">\n                        <iframe class=\"application-examples-item-iframe application-examples-item-iframe-fixed-height\" data-src=\"https:\/\/widget.elfsig.ht\/f5ed94fd-e0fe-4e75-8d36-bb64e228af3b?padding=28px+0+28px+0\" width=\"100%\" height=\"800\" allow=\"autoplay; fullscreen\"><\/iframe>\n                    <\/div>\n\n                    <div class=\"application-examples-item-loader\"><\/div>\n                <\/div>\n            <\/div>\n","protected":false},"excerpt":{"rendered":";","protected":false},"author":11,"featured_media":0,"parent":839,"menu_order":0,"comment_status":"closed","ping_status":"closed","template":"templates\/template-application-examples.php","meta":{"publish_to_discourse":"","publish_post_category":"","wpdc_auto_publish_overridden":"","wpdc_topic_tags":"","wpdc_pin_topic":"","wpdc_pin_until":"","discourse_post_id":"","discourse_permalink":"","wpdc_publishing_response":"","wpdc_publishing_error":"","footnotes":""},"class_list":["post-841","page","type-page","status-publish","hentry"],"yoast_head":"<!-- This site is optimized with the Yoast SEO plugin v25.3.1 - https:\/\/yoast.com\/wordpress\/plugins\/seo\/ -->\n<title>Esempi di Instagram Feed: incorpora il Widget di Instagram nel sito web<\/title>\n<meta name=\"description\" content=\"I 6 migliori esempi di Instagram Feed per siti web: slider, grid, hashtag, post slider e single post. Esempio di Instagram plugin per il tuo sito web.\" \/>\n<meta name=\"robots\" content=\"index, follow, max-snippet:-1, max-image-preview:large, max-video-preview:-1\" \/>\n<link rel=\"canonical\" href=\"https:\/\/elfsight.com\/it\/instagram-feed-instashow\/examples\/\" \/>\n<meta property=\"og:locale\" content=\"it_IT\" \/>\n<meta property=\"og:type\" content=\"article\" \/>\n<meta property=\"og:title\" content=\"Esempi di Instagram Feed: incorpora il Widget di Instagram nel sito web\" \/>\n<meta property=\"og:description\" content=\"I 6 migliori esempi di Instagram Feed per siti web: slider, grid, hashtag, post slider e single post. Esempio di Instagram plugin per il tuo sito web.\" \/>\n<meta property=\"og:url\" content=\"https:\/\/elfsight.com\/it\/instagram-feed-instashow\/examples\/\" \/>\n<meta property=\"og:site_name\" content=\"Elfsight IT\" \/>\n<meta property=\"article:modified_time\" content=\"2024-07-16T12:45:52+00:00\" \/>\n<meta name=\"twitter:card\" content=\"summary_large_image\" \/>\n<meta name=\"twitter:label1\" content=\"Tempo di lettura stimato\" \/>\n\t<meta name=\"twitter:data1\" content=\"3 minuti\" \/>\n<!-- \/ Yoast SEO plugin. -->","yoast_head_json":{"title":"Esempi di Instagram Feed: incorpora il Widget di Instagram nel sito web","description":"I 6 migliori esempi di Instagram Feed per siti web: slider, grid, hashtag, post slider e single post. Esempio di Instagram plugin per il tuo sito web.","robots":{"index":"index","follow":"follow","max-snippet":"max-snippet:-1","max-image-preview":"max-image-preview:large","max-video-preview":"max-video-preview:-1"},"canonical":"https:\/\/elfsight.com\/it\/instagram-feed-instashow\/examples\/","og_locale":"it_IT","og_type":"article","og_title":"Esempi di Instagram Feed: incorpora il Widget di Instagram nel sito web","og_description":"I 6 migliori esempi di Instagram Feed per siti web: slider, grid, hashtag, post slider e single post. Esempio di Instagram plugin per il tuo sito web.","og_url":"https:\/\/elfsight.com\/it\/instagram-feed-instashow\/examples\/","og_site_name":"Elfsight IT","article_modified_time":"2024-07-16T12:45:52+00:00","twitter_card":"summary_large_image","twitter_misc":{"Tempo di lettura stimato":"3 minuti"},"schema":{"@context":"https:\/\/schema.org","@graph":[{"@type":"WebPage","@id":"https:\/\/elfsight.com\/it\/instagram-feed-instashow\/examples\/","url":"https:\/\/elfsight.com\/it\/instagram-feed-instashow\/examples\/","name":"Esempi di Instagram Feed: incorpora il Widget di Instagram nel sito web","isPartOf":{"@id":"https:\/\/elfsight.com\/it\/#website"},"datePublished":"2020-12-04T09:39:14+00:00","dateModified":"2024-07-16T12:45:52+00:00","description":"I 6 migliori esempi di Instagram Feed per siti web: slider, grid, hashtag, post slider e single post. Esempio di Instagram plugin per il tuo sito web.","breadcrumb":{"@id":"https:\/\/elfsight.com\/it\/instagram-feed-instashow\/examples\/#breadcrumb"},"inLanguage":"it-IT","potentialAction":[{"@type":"ReadAction","target":["https:\/\/elfsight.com\/it\/instagram-feed-instashow\/examples\/"]}]},{"@type":"BreadcrumbList","@id":"https:\/\/elfsight.com\/it\/instagram-feed-instashow\/examples\/#breadcrumb","itemListElement":[{"@type":"ListItem","position":1,"name":"Home","item":"https:\/\/elfsight.com\/it\/"},{"@type":"ListItem","position":2,"name":"Instagram Feed","item":"https:\/\/elfsight.com\/it\/instagram-feed-instashow\/"},{"@type":"ListItem","position":3,"name":"Instagram Feed &#8211; Examples"}]},{"@type":"WebSite","@id":"https:\/\/elfsight.com\/it\/#website","url":"https:\/\/elfsight.com\/it\/","name":"Elfsight IT","description":"Just another Elfsight Sites site","potentialAction":[{"@type":"SearchAction","target":{"@type":"EntryPoint","urlTemplate":"https:\/\/elfsight.com\/it\/?s={search_term_string}"},"query-input":{"@type":"PropertyValueSpecification","valueRequired":true,"valueName":"search_term_string"}}],"inLanguage":"it-IT"}]}},"meta_box":{"industry":"","seo_heading":"","heading":"","description":"","cta_heading":"","cta_description":"","application":"832","h1":"Esempi di Instagram Feed","h1_caption":"Controlla gli esempi di feed di Instagram per il tuo sito web per scoprire il pieno potenziale del widget. Assicurati che si adatti ai tuoi obiettivi.","application_category":[],"applications_title":"","applications_request_title":"","applications_request_button_text":"","hero_text":"","hero_video":"","hero_video_schema_markup":"","selling_points_title":"","selling_points_caption":"","selling_points":[],"selling_points_cta_text":"","features_title":"","features":"","ed_cta_examples_text":"","ed_cta_examples_hidden":"","ed_cta_demo_text":"","ed_cta_demo_hidden":"","why_caption":"","why_editor_title":"","why_editor_text":"","why_team_title":"","why_team_text":"","why_service_title":"","why_service_text":"","template_catalog_visible":"","template_catalog_title":"","template_catalog_text":"","template_catalog_categories_visible":"","demo_title":"","demo_caption":"","default_faq_hidden":"","app_template_category":[],"platform":"","template_public_id":"","codecanyon_url":"","codecanyon_item_id":"","codecanyon_price":"","pricing_caption":"","pricing_elfsight_apps_hide_column":"","pricing_elfsight_apps_url":"","pricing_codecanyon_price_caption":"","integration_category":[],"integration_request_title":"","integration_request_cta":"","integration_platform":"","integrations":[],"platform_category":[],"video_schema_markup":"","price":"","trial":"","benefits":[],"button_url":"","button_target_blank":"","button_nofollow":"","attributes":[],"tags":[],"tags_disable_links":"","hide_more_platforms":"","video_object":"","demo_hide_cta":"","demo_hide_cloud_options":"","pricing_title":"","pricing":[],"related_apps_title":"","related_apps_hidden":"","author":"","image":[],"title":"","job":"","social_networks":[]},"_links":{"self":[{"href":"https:\/\/elfsight.com\/it\/wp-json\/wp\/v2\/pages\/841","targetHints":{"allow":["GET"]}}],"collection":[{"href":"https:\/\/elfsight.com\/it\/wp-json\/wp\/v2\/pages"}],"about":[{"href":"https:\/\/elfsight.com\/it\/wp-json\/wp\/v2\/types\/page"}],"author":[{"embeddable":true,"href":"https:\/\/elfsight.com\/it\/wp-json\/wp\/v2\/users\/11"}],"replies":[{"embeddable":true,"href":"https:\/\/elfsight.com\/it\/wp-json\/wp\/v2\/comments?post=841"}],"version-history":[{"count":8,"href":"https:\/\/elfsight.com\/it\/wp-json\/wp\/v2\/pages\/841\/revisions"}],"predecessor-version":[{"id":7447,"href":"https:\/\/elfsight.com\/it\/wp-json\/wp\/v2\/pages\/841\/revisions\/7447"}],"up":[{"embeddable":true,"href":"https:\/\/elfsight.com\/it\/wp-json\/wp\/v2\/pages\/839"}],"wp:attachment":[{"href":"https:\/\/elfsight.com\/it\/wp-json\/wp\/v2\/media?parent=841"}],"curies":[{"name":"wp","href":"https:\/\/api.w.org\/{rel}","templated":true}]}}