{"id":840,"date":"2020-12-04T09:36:26","date_gmt":"2020-12-04T09:36:26","guid":{"rendered":"https:\/\/elfsight.com\/it\/?page_id=840"},"modified":"2020-12-04T10:19:15","modified_gmt":"2020-12-04T10:19:15","slug":"features","status":"publish","type":"page","link":"https:\/\/elfsight.com\/it\/instagram-feed-instashow\/features\/","title":{"rendered":"Instagram Feed &#8211; Features"},"content":{"rendered":"\n<section class=\"application-features-group section\" id=\"Instagram posts\">\n                    <div class=\"inner\">\n                        <div class=\"col-row\">\n                            <div class=\"col-6 col-offset-3 col-m-12 col-m-offset-0\">\n<h3>Qualsiasi foto pubblica di Instagram<\/h3>\n<p>Incorporare i post di Instagram sul tuo sito web non potrebbe essere pi\u00f9 facile. Puoi visualizzare le foto di qualsiasi account Instagram pubblico o tramite hashtag, posizione o URL e non preoccuparti di mescolarle tutte insieme: tutte le combinazioni sono supportate.<\/p>\n<div class=\"post-row col-row\"><br><div class=\"col-12 col-offset-0 col-m-12 col-m-offset-0\"><\/p>\n<figure><img decoding=\"async\" src=\"https:\/\/elfsight.com\/wp-content\/uploads\/2018\/11\/instagram-feed-features-content-1.jpg\" alt=\"Flexible Instagram Gallery\"><\/figure>\n<p><\/div><br><\/div>\n<h3>Opzioni di moderazione flessibili<\/h3>\n<p>Sii esigente per ci\u00f2 che riguarda il contenuto del tuo feed. Con due filtri disponibili, puoi scegliere quali foto saranno mostrate al tuo pubblico. Nascondi le foto dai profili o dagli hashtag selezionati utilizzando il filtro Exclude (Escludi). Mentre il filtro Only (Solo) ti aiuta a visualizzare solo da account pubblici specificati o da URL o con tag delle foto richiesti.<\/p>\n<div class=\"post-row col-row\"><br><div class=\"col-12 col-offset-0 col-m-12 col-m-offset-0\"><\/p>\n<figure><img decoding=\"async\" src=\"https:\/\/elfsight.com\/wp-content\/uploads\/2018\/11\/instagram-feed-features-content-2.jpg\" alt=\"Moderate your feed\"><\/figure>\n<p><\/div><br><\/div>\n<p><\/div>\n                        <\/div>\n                    <\/div>\n\n                    <div class=\"application-features-group-title\">instagram-posts<\/div>\n                <\/section><\/p>\n<section class=\"application-cta-ed\">\n                    <div class=\"inner\">\n                        <div class=\"col-row\">\n                            <div class=\"col-6 col-m-12\">\n                                <div class=\"application-cta-ed-item-examples application-cta-ed-item\">\n                                    <div class=\"application-cta-ed-item-icon\">\n                                        <svg viewBox=\"0 0 25 25\" width=\"100%\" height=\"100%\">\n                                            <use xlink:href=\"#icon-desktop\"><\/use>\n                                        <\/svg>\n                                    <\/div>\n\n                                    <div class=\"application-cta-ed-item-content\">\n                                        <div class=\"application-cta-ed-item-content-title\">Esempi d'uso<\/div>\n\n                                        <div class=\"application-cta-ed-item-content-text\">Visualizza una selezione di esempi reali per scoprire il massimo potenziale di  per il tuo sito web.\n                                        <\/div>\n\n                                        <a class=\"button-48 button-purple button\" href=\"\">Vedere in azione<\/a>\n                                    <\/div>\n                                <\/div>\n                            <\/div>\n                            <div class=\"col-6 col-m-12\">\n                                <div class=\"application-cta-ed-item-demo application-cta-ed-item\">\n                                    <div class=\"application-cta-ed-item-icon\">\n                                        <svg viewBox=\"0 0 25 25\" width=\"100%\" height=\"100%\">\n                                            <use xlink:href=\"#icon-settings\"><\/use>\n                                        <\/svg>\n                                    <\/div>\n\n                                    <div class=\"application-cta-ed-item-content\">\n                                        <div class=\"application-cta-ed-item-content-title\">Live demo<\/div>\n\n                                        <div class=\"application-cta-ed-item-content-text\">Prova subito tutte le funzionalit\u00e0 di  nella live demo. Gratis. Non richiede scrittura di codice.\n                                        <\/div>\n\n                                        <a class=\"button-48 button-magenta button\" href=\"#demo\" data-nav-scroll-to=\"demo\">Prova subito<\/a>\n                                    <\/div>\n                                <\/div>\n                            <\/div>\n                        <\/div>\n                    <\/div>\n                <\/section>\n<section class=\"application-features-group section\" style=\"background-color:#fafafa;\" id=\"options\">\n                    <div class=\"inner\">\n                        <div class=\"col-row\">\n                            <div class=\"col-6 col-offset-3 col-m-12 col-m-offset-0\"><\/p>\n<h3>2 layout: Slider o Grid<\/h3>\n<p>Trova il modo migliore per mostrare le tue meravigliose foto sul sito web. Per aiutarti in questo, Elfsight Instagram Feed offre due opzioni di layout: Slider e Grid. Lascia che i tuoi visitatori scorrano le foto usando le frecce o la paginazione; oppure disponi le foto in una griglia che caricher\u00e0 ulteriori contenuti al clic e consentir\u00e0 lo scorrimento.<\/p>\n<figure><img decoding=\"async\" src=\"https:\/\/elfsight.com\/wp-content\/uploads\/2018\/11\/instagram-feed-features-layout-1.jpg\" alt=\"Slider and Grid layouts\"><\/figure>\n<p>[\/post_col]<br>[\/post_col_row]<\/p>\n<h3>2 template predefiniti<\/h3>\n<p>Scegli come appariranno i tuoi post selezionando uno dei modelli di post predefiniti. Nascondi i dettagli e mostra solo le tue splendide foto con un template Tile. Oppure conserva il design autentico del post di Instagram con il template classico che riveler\u00e0 il nome dell&#8217;utente, il testo, la data, i commenti, i like e altre informazioni.<\/p>\n<p><div class=\"post-row col-row\"><br><div class=\"col-12 col-offset-0 col-m-12 col-m-offset-0\"><\/p>\n<figure><img decoding=\"async\" src=\"https:\/\/elfsight.com\/wp-content\/uploads\/2018\/11\/instagram-feed-features-layout-2.jpg\" alt=\"Predefined templates\"><\/figure>\n<p><\/div><br><\/div><\/p>\n<h3>Griglia di contenuti flessibile<\/h3>\n<p>Sei libero di impostare la griglia dei contenuti in base alle tue esigenze. Cambia il numero di colonne e righe di foto e guarda come le loro dimensioni verranno regolate automaticamente. In questo modo puoi anche impostare il numero di post visualizzati nella pagina. Varia la distanza per avvicinare le foto o aumentare lo spazio tra di loro. Prova diverse combinazioni e trova la migliore!<\/p>\n<p><div class=\"post-row col-row\"><br><div class=\"col-12 col-offset-0 col-m-12 col-m-offset-0\"><\/p>\n<figure><img decoding=\"async\" src=\"https:\/\/elfsight.com\/wp-content\/uploads\/2018\/11\/instagram-feed-features-layout-3.jpg\" alt=\"Flexible content grid\"><\/figure>\n<p><\/div><br><\/div><\/p>\n<h3>Dimensione personalizzabile<\/h3>\n <p>Qualunque siano i requisiti di spazio che devi soddisfare, puoi farlo al volo. Imposta la dimensione del widget desiderata in pixel nella casella specifica e l&#8217;altezza si adatter\u00e0 automaticamente per ottenere le proporzioni ottimali. Il widget \u00e8 inoltre dotato di ottimizzazione mobile e puoi essere certo che i tuoi contenuti saranno fantastici su qualsiasi dispositivo.<\/p>\n<p><div class=\"post-row col-row\"><br><div class=\"col-12 col-offset-0 col-m-12 col-m-offset-0\"><\/p>\n<figure><img decoding=\"async\" src=\"https:\/\/elfsight.com\/wp-content\/uploads\/2018\/11\/instagram-feed-features-layout-4-1.jpg\" alt=\"Custom Instagram Feed\"><\/figure>\n<p><\/div><br><\/div><\/p>\n<h3>Titolo modificabile<\/h3>\n<p>Crea liberamente un titolo personalizzato per il tuo feed Instagram. Che si tratti di un nome per la galleria fotografica che rifletta il suo concept o una frase motivante che attiri l&#8217;attenzione; devi solo digitarlo nella casella nell&#8217;editor live e il tuo widget avr\u00e0 il nome che preferisci!<\/p>\n<p><div class=\"post-row col-row\"><br><div class=\"col-12 col-offset-0 col-m-12 col-m-offset-0\"><\/p>\n<figure><img decoding=\"async\" src=\"https:\/\/elfsight.com\/wp-content\/uploads\/2018\/11\/instagram-feed-features-layout-4.jpg\" alt=\"Editable title\"><\/figure>\n<p><\/div><br><\/div><\/p>\n<p><\/div>\n                        <\/div>\n                    <\/div>\n\n                    <div class=\"application-features-group-title\">50+ options<\/div>\n                <\/section>\n<section class=\"application-cta-ed\">\n                    <div class=\"inner\">\n                        <div class=\"col-row\">\n                            <div class=\"col-6 col-m-12\">\n                                <div class=\"application-cta-ed-item-examples application-cta-ed-item\">\n                                    <div class=\"application-cta-ed-item-icon\">\n                                        <svg viewBox=\"0 0 25 25\" width=\"100%\" height=\"100%\">\n                                            <use xlink:href=\"#icon-desktop\"><\/use>\n                                        <\/svg>\n                                    <\/div>\n\n                                    <div class=\"application-cta-ed-item-content\">\n                                        <div class=\"application-cta-ed-item-content-title\">Esempi d'uso<\/div>\n\n                                        <div class=\"application-cta-ed-item-content-text\">Visualizza una selezione di esempi reali per scoprire il massimo potenziale di  per il tuo sito web.\n                                        <\/div>\n\n                                        <a class=\"button-48 button-purple button\" href=\"\">Vedere in azione<\/a>\n                                    <\/div>\n                                <\/div>\n                            <\/div>\n                            <div class=\"col-6 col-m-12\">\n                                <div class=\"application-cta-ed-item-demo application-cta-ed-item\">\n                                    <div class=\"application-cta-ed-item-icon\">\n                                        <svg viewBox=\"0 0 25 25\" width=\"100%\" height=\"100%\">\n                                            <use xlink:href=\"#icon-settings\"><\/use>\n                                        <\/svg>\n                                    <\/div>\n\n                                    <div class=\"application-cta-ed-item-content\">\n                                        <div class=\"application-cta-ed-item-content-title\">Live demo<\/div>\n\n                                        <div class=\"application-cta-ed-item-content-text\">Prova subito tutte le funzionalit\u00e0 di  nella live demo. Gratis. Non richiede scrittura di codice.\n                                        <\/div>\n\n                                        <a class=\"button-48 button-magenta button\" href=\"#demo\" data-nav-scroll-to=\"demo\">Prova subito<\/a>\n                                    <\/div>\n                                <\/div>\n                            <\/div>\n                        <\/div>\n                    <\/div>\n                <\/section>\n<section class=\"application-features-group section\" id=\"elements\">\n                    <div class=\"inner\">\n                        <div class=\"col-row\">\n                            <div class=\"col-6 col-offset-3 col-m-12 col-m-offset-0\"><\/p>\n<h3>Popup<\/h3>\n<p>Con Elfsight Instagram Feed, i tuoi contenuti saranno spettacolari! La modalit\u00e0 Popup aprir\u00e0 le foto a grandezza naturale e riprodurr\u00e0 i video direttamente nel feed con un carosello attivo. Scegli gli elementi del post che desideri mostrare in Popup: data, posizione, utente, testo, commenti, call-to-action, pulsante Segui e altro. Una volta aperto, lo vorrai guardare per sempre!<\/p>\n<p><div class=\"post-row col-row\"><br><div class=\"col-12 col-offset-0 col-m-12 col-m-offset-0\"><\/p>\n<figure><img decoding=\"async\" src=\"https:\/\/elfsight.com\/wp-content\/uploads\/2018\/11\/instagram-feed-features-demonstration-1-1.jpg\" alt=\"Instagram plugin with Popup\"><\/figure>\n<p><\/div><br><\/div><\/p>\n<h3>Shoppable Instagram Feed<\/h3>\n<p>Non aspettare che i tuoi utenti diventino attivi; invitali ad agire! \u00c8 facile rendere il tuo feed Instagram Shoppable utilizzando pulsanti call-to-action incorporati che collegheranno i tuoi post ai prodotti corrispondenti. Indirizza gli utenti a qualsiasi pagina con un semplice clic.<\/p>\n<p><div class=\"post-row col-row\"><br><div class=\"col-12 col-offset-0 col-m-12 col-m-offset-0\"><\/p>\n<figure><img decoding=\"async\" src=\"https:\/\/elfsight.com\/wp-content\/uploads\/2018\/11\/instagram-feed-features-demonstration-2.jpg\" alt=\"Shoppable Instagram Feed\"><\/figure>\n<p><\/div><br><\/div><\/p>\n<h3>Elementi del post<\/h3>\n<p>Ogni post ha elementi che contribuiscono al coinvolgimento dei visitatori: utente, data, collegamento Instagram, conteggio di like e commenti, icona di condivisione e testo del post. E ci sono ancora pi\u00f9 elementi nel popup; pu\u00f2 mostrare commenti, posizione e pulsante Segui. Tutti questi possono essere attivati o disattivati semplicemente spuntando la casella nell&#8217;editor. <\/p>\n<p><div class=\"post-row col-row\"><br><div class=\"col-12 col-offset-0 col-m-12 col-m-offset-0\"><\/p>\n<figure><img decoding=\"async\" src=\"https:\/\/elfsight.com\/wp-content\/uploads\/2018\/11\/instagram-feed-features-demonstration-3-1.jpg\" alt=\"Post elements\"><\/figure>\n<p><\/div><br><\/div><\/p>\n<p><\/div>\n                        <\/div>\n                    <\/div>\n\n                    <div class=\"application-features-group-title\">Feed elements<\/div>\n                <\/section>\n<section class=\"application-cta-ed\">\n                    <div class=\"inner\">\n                        <div class=\"col-row\">\n                            <div class=\"col-6 col-m-12\">\n                                <div class=\"application-cta-ed-item-examples application-cta-ed-item\">\n                                    <div class=\"application-cta-ed-item-icon\">\n                                        <svg viewBox=\"0 0 25 25\" width=\"100%\" height=\"100%\">\n                                            <use xlink:href=\"#icon-desktop\"><\/use>\n                                        <\/svg>\n                                    <\/div>\n\n                                    <div class=\"application-cta-ed-item-content\">\n                                        <div class=\"application-cta-ed-item-content-title\">Esempi d'uso<\/div>\n\n                                        <div class=\"application-cta-ed-item-content-text\">Visualizza una selezione di esempi reali per scoprire il massimo potenziale di  per il tuo sito web.\n                                        <\/div>\n\n                                        <a class=\"button-48 button-purple button\" href=\"\">Vedere in azione<\/a>\n                                    <\/div>\n                                <\/div>\n                            <\/div>\n                            <div class=\"col-6 col-m-12\">\n                                <div class=\"application-cta-ed-item-demo application-cta-ed-item\">\n                                    <div class=\"application-cta-ed-item-icon\">\n                                        <svg viewBox=\"0 0 25 25\" width=\"100%\" height=\"100%\">\n                                            <use xlink:href=\"#icon-settings\"><\/use>\n                                        <\/svg>\n                                    <\/div>\n\n                                    <div class=\"application-cta-ed-item-content\">\n                                        <div class=\"application-cta-ed-item-content-title\">Live demo<\/div>\n\n                                        <div class=\"application-cta-ed-item-content-text\">Prova subito tutte le funzionalit\u00e0 di  nella live demo. Gratis. Non richiede scrittura di codice.\n                                        <\/div>\n\n                                        <a class=\"button-48 button-magenta button\" href=\"#demo\" data-nav-scroll-to=\"demo\">Prova subito<\/a>\n                                    <\/div>\n                                <\/div>\n                            <\/div>\n                        <\/div>\n                    <\/div>\n                <\/section>\n<section class=\"application-features-group section\" style=\"background-color:#fafafa;\" id=\"colors\">\n                    <div class=\"inner\">\n                        <div class=\"col-row\">\n                            <div class=\"col-6 col-offset-3 col-m-12 col-m-offset-0\"><\/p>\n<h3>12 combinazioni di colori<\/h3>\n<p>Aggiungi alcuni colori al tuo widget Feed di Instagram con l&#8217;aiuto delle nostre combinazioni di colori. Sky, Dark, Jeans, Nightlife; questi sono solo quattro dei 12 schemi di combinazioni colore meglio bilanciate e create per adattarsi a qualsiasi stile e concept di sito web per aiutarti a integrare perfettamente il widget.<\/p>\n<p><div class=\"post-row col-row\"><br><div class=\"col-12 col-offset-0 col-m-12 col-m-offset-0\"><\/p>\n<figure><img decoding=\"async\" src=\"https:\/\/elfsight.com\/wp-content\/uploads\/2018\/11\/instagram-feed-features-style-1.jpg\" alt=\"12 color schemes\"><\/figure>\n<p><\/div><br><\/div><\/p>\n<h3>Custom painting<\/h3>\n<p>Se una dozzina di soluzioni colore gi\u00e0 pronte non \u00e8 sufficiente e desideri creare un widget davvero unico, \u00e8 a tua disposizione la colorazione degli elementi con colori personalizzati! Porta il colore ovunque su Post, Slider, Grid e Popup: in tutto ci sono 12 componenti che puoi colorare!<\/p>\n<p><div class=\"post-row col-row\"><br><div class=\"col-12 col-offset-0 col-m-12 col-m-offset-0\"><\/p>\n<figure><img decoding=\"async\" src=\"https:\/\/elfsight.com\/wp-content\/uploads\/2018\/11\/instagram-feed-features-style-2.jpg\" alt=\"Custom painting\"><\/figure>\n<p><\/div><br><\/div><\/p>\n<p><\/div>\n                        <\/div>\n                    <\/div>\n\n                    <div class=\"application-features-group-title\">Custom colors<\/div>\n                <\/section>\n","protected":false},"excerpt":{"rendered":"","protected":false},"author":11,"featured_media":0,"parent":839,"menu_order":0,"comment_status":"closed","ping_status":"closed","template":"templates\/template-application-features.php","meta":{"publish_to_discourse":"","publish_post_category":"","wpdc_auto_publish_overridden":"","wpdc_topic_tags":"","wpdc_pin_topic":"","wpdc_pin_until":"","discourse_post_id":"","discourse_permalink":"","wpdc_publishing_response":"","wpdc_publishing_error":"","footnotes":""},"class_list":["post-840","page","type-page","status-publish","hentry"],"yoast_head":"<!-- This site is optimized with the Yoast SEO plugin v25.3.1 - https:\/\/yoast.com\/wordpress\/plugins\/seo\/ -->\n<title>Widget Instagram Feed di Elfsight (25+ impostazioni personalizzate)<\/title>\n<meta name=\"description\" content=\"Prova tutte le funzionalit\u00e0 del feed di Instagram in una live demo. Impostazioni personalizzate e un Instagram widget layout completamente responsive per qualsiasi dispositivo.\" \/>\n<meta name=\"robots\" content=\"index, follow, max-snippet:-1, max-image-preview:large, max-video-preview:-1\" \/>\n<link rel=\"canonical\" href=\"https:\/\/elfsight.com\/it\/instagram-feed-instashow\/features\/\" \/>\n<meta property=\"og:locale\" content=\"it_IT\" \/>\n<meta property=\"og:type\" content=\"article\" \/>\n<meta property=\"og:title\" content=\"Widget Instagram Feed di Elfsight (25+ impostazioni personalizzate)\" \/>\n<meta property=\"og:description\" content=\"Prova tutte le funzionalit\u00e0 del feed di Instagram in una live demo. Impostazioni personalizzate e un Instagram widget layout completamente responsive per qualsiasi dispositivo.\" \/>\n<meta property=\"og:url\" content=\"https:\/\/elfsight.com\/it\/instagram-feed-instashow\/features\/\" \/>\n<meta property=\"og:site_name\" content=\"Elfsight IT\" \/>\n<meta property=\"article:modified_time\" content=\"2020-12-04T10:19:15+00:00\" \/>\n<meta property=\"og:image\" content=\"https:\/\/elfsight.com\/wp-content\/uploads\/2018\/11\/instagram-feed-features-content-1.jpg\" \/>\n<meta name=\"twitter:card\" content=\"summary_large_image\" \/>\n<meta name=\"twitter:label1\" content=\"Tempo di lettura stimato\" \/>\n\t<meta name=\"twitter:data1\" content=\"4 minuti\" \/>\n<!-- \/ Yoast SEO plugin. -->","yoast_head_json":{"title":"Widget Instagram Feed di Elfsight (25+ impostazioni personalizzate)","description":"Prova tutte le funzionalit\u00e0 del feed di Instagram in una live demo. Impostazioni personalizzate e un Instagram widget layout completamente responsive per qualsiasi dispositivo.","robots":{"index":"index","follow":"follow","max-snippet":"max-snippet:-1","max-image-preview":"max-image-preview:large","max-video-preview":"max-video-preview:-1"},"canonical":"https:\/\/elfsight.com\/it\/instagram-feed-instashow\/features\/","og_locale":"it_IT","og_type":"article","og_title":"Widget Instagram Feed di Elfsight (25+ impostazioni personalizzate)","og_description":"Prova tutte le funzionalit\u00e0 del feed di Instagram in una live demo. Impostazioni personalizzate e un Instagram widget layout completamente responsive per qualsiasi dispositivo.","og_url":"https:\/\/elfsight.com\/it\/instagram-feed-instashow\/features\/","og_site_name":"Elfsight IT","article_modified_time":"2020-12-04T10:19:15+00:00","og_image":[{"url":"https:\/\/elfsight.com\/wp-content\/uploads\/2018\/11\/instagram-feed-features-content-1.jpg","type":"","width":"","height":""}],"twitter_card":"summary_large_image","twitter_misc":{"Tempo di lettura stimato":"4 minuti"},"schema":{"@context":"https:\/\/schema.org","@graph":[{"@type":"WebPage","@id":"https:\/\/elfsight.com\/it\/instagram-feed-instashow\/features\/","url":"https:\/\/elfsight.com\/it\/instagram-feed-instashow\/features\/","name":"Widget Instagram Feed di Elfsight (25+ impostazioni personalizzate)","isPartOf":{"@id":"https:\/\/elfsight.com\/it\/#website"},"primaryImageOfPage":{"@id":"https:\/\/elfsight.com\/it\/instagram-feed-instashow\/features\/#primaryimage"},"image":{"@id":"https:\/\/elfsight.com\/it\/instagram-feed-instashow\/features\/#primaryimage"},"thumbnailUrl":"https:\/\/elfsight.com\/wp-content\/uploads\/2018\/11\/instagram-feed-features-content-1.jpg","datePublished":"2020-12-04T09:36:26+00:00","dateModified":"2020-12-04T10:19:15+00:00","description":"Prova tutte le funzionalit\u00e0 del feed di Instagram in una live demo. Impostazioni personalizzate e un Instagram widget layout completamente responsive per qualsiasi dispositivo.","breadcrumb":{"@id":"https:\/\/elfsight.com\/it\/instagram-feed-instashow\/features\/#breadcrumb"},"inLanguage":"it-IT","potentialAction":[{"@type":"ReadAction","target":["https:\/\/elfsight.com\/it\/instagram-feed-instashow\/features\/"]}]},{"@type":"ImageObject","inLanguage":"it-IT","@id":"https:\/\/elfsight.com\/it\/instagram-feed-instashow\/features\/#primaryimage","url":"https:\/\/elfsight.com\/wp-content\/uploads\/2018\/11\/instagram-feed-features-content-1.jpg","contentUrl":"https:\/\/elfsight.com\/wp-content\/uploads\/2018\/11\/instagram-feed-features-content-1.jpg"},{"@type":"BreadcrumbList","@id":"https:\/\/elfsight.com\/it\/instagram-feed-instashow\/features\/#breadcrumb","itemListElement":[{"@type":"ListItem","position":1,"name":"Home","item":"https:\/\/elfsight.com\/it\/"},{"@type":"ListItem","position":2,"name":"Instagram Feed","item":"https:\/\/elfsight.com\/it\/instagram-feed-instashow\/"},{"@type":"ListItem","position":3,"name":"Instagram Feed &#8211; Features"}]},{"@type":"WebSite","@id":"https:\/\/elfsight.com\/it\/#website","url":"https:\/\/elfsight.com\/it\/","name":"Elfsight IT","description":"Just another Elfsight Sites site","potentialAction":[{"@type":"SearchAction","target":{"@type":"EntryPoint","urlTemplate":"https:\/\/elfsight.com\/it\/?s={search_term_string}"},"query-input":{"@type":"PropertyValueSpecification","valueRequired":true,"valueName":"search_term_string"}}],"inLanguage":"it-IT"}]}},"meta_box":{"industry":"","seo_heading":"","heading":"","description":"","cta_heading":"","cta_description":"","application":"832","h1":"Caratteristiche del feed di Instagram","h1_caption":"Esplora tutte le caratteristiche di Instagram Feed di Elfsight e scopri come possono aiutarti a creare il widget pi\u00f9 efficace.","application_category":[],"applications_title":"","applications_request_title":"","applications_request_button_text":"","hero_text":"","hero_video":"","hero_video_schema_markup":"","selling_points_title":"","selling_points_caption":"","selling_points":[],"selling_points_cta_text":"","features_title":"","features":"","ed_cta_examples_text":"","ed_cta_examples_hidden":"","ed_cta_demo_text":"","ed_cta_demo_hidden":"","why_caption":"","why_editor_title":"","why_editor_text":"","why_team_title":"","why_team_text":"","why_service_title":"","why_service_text":"","template_catalog_visible":"","template_catalog_title":"","template_catalog_text":"","template_catalog_categories_visible":"","demo_title":"","demo_caption":"","default_faq_hidden":"","app_template_category":[],"platform":"","template_public_id":"","codecanyon_url":"","codecanyon_item_id":"","codecanyon_price":"","pricing_caption":"","pricing_elfsight_apps_hide_column":"","pricing_elfsight_apps_url":"","pricing_codecanyon_price_caption":"","integration_category":[],"integration_request_title":"","integration_request_cta":"","integration_platform":"","integrations":[],"platform_category":[],"video_schema_markup":"","price":"","trial":"","benefits":[],"button_url":"","button_target_blank":"","button_nofollow":"","attributes":[],"tags":[],"tags_disable_links":"","hide_more_platforms":"","video_object":"","demo_hide_cta":"","demo_hide_cloud_options":"","pricing_title":"","pricing":[],"related_apps_title":"","related_apps_hidden":"","author":"","image":[],"title":"","job":"","social_networks":[]},"_links":{"self":[{"href":"https:\/\/elfsight.com\/it\/wp-json\/wp\/v2\/pages\/840","targetHints":{"allow":["GET"]}}],"collection":[{"href":"https:\/\/elfsight.com\/it\/wp-json\/wp\/v2\/pages"}],"about":[{"href":"https:\/\/elfsight.com\/it\/wp-json\/wp\/v2\/types\/page"}],"author":[{"embeddable":true,"href":"https:\/\/elfsight.com\/it\/wp-json\/wp\/v2\/users\/11"}],"replies":[{"embeddable":true,"href":"https:\/\/elfsight.com\/it\/wp-json\/wp\/v2\/comments?post=840"}],"version-history":[{"count":8,"href":"https:\/\/elfsight.com\/it\/wp-json\/wp\/v2\/pages\/840\/revisions"}],"predecessor-version":[{"id":864,"href":"https:\/\/elfsight.com\/it\/wp-json\/wp\/v2\/pages\/840\/revisions\/864"}],"up":[{"embeddable":true,"href":"https:\/\/elfsight.com\/it\/wp-json\/wp\/v2\/pages\/839"}],"wp:attachment":[{"href":"https:\/\/elfsight.com\/it\/wp-json\/wp\/v2\/media?parent=840"}],"curies":[{"name":"wp","href":"https:\/\/api.w.org\/{rel}","templated":true}]}}